{"id":4463,"date":"2025-09-24T07:53:38","date_gmt":"2025-09-24T06:53:38","guid":{"rendered":"https:\/\/medicaltravel.ch\/hasta-raporlari\/yasli-hastalarin-raporlari\/istanbuldaki-lasik-ameliyatimiz-6-mart-2008-persembe-guenue-raporu\/"},"modified":"2026-01-12T21:52:39","modified_gmt":"2026-01-12T20:52:39","slug":"istanbuldaki-lasik-ameliyatimiz-6-mart-2008-persembe-guenue-raporu","status":"publish","type":"page","link":"https:\/\/medicaltravel.ch\/tr\/hasta-raporlari\/yasli-hastalarin-raporlari\/istanbuldaki-lasik-ameliyatimiz-6-mart-2008-persembe-guenue-raporu\/","title":{"rendered":"\u0130stanbul&#8217;daki Lasik ameliyat\u0131m\u0131z \u2013 6 Mart 2008 Per\u015fembe g\u00fcn\u00fc raporu"},"content":{"rendered":"\n<h3 class=\"wp-block-heading\">\u0130stanbul&#8217;daki Lasik ameliyat\u0131m\u0131z \u2013 6 Mart 2008 Per\u015fembe g\u00fcn\u00fc raporu<\/h3>\n\n<p>E\u015fim, kay\u0131nbiraderim ve ben uzun s\u00fcredir Lasik hakk\u0131nda ara\u015ft\u0131rmalar yap\u0131yorduk. \u0130nterneti ba\u015ftan sona tarayarak uygun fiyatl\u0131 bir sa\u011flay\u0131c\u0131 arad\u0131k, ancak maalesef ba\u015far\u0131l\u0131 olamad\u0131k. Eski optik\u00e7im \u0130stanbul&#8217;da bir operasyon \u00f6nerdi\u011finde, ba\u015flang\u0131\u00e7ta \u015f\u00fcpheciydim ama sonra merak\u0131m artt\u0131 ve ara\u015ft\u0131rmaya ba\u015flad\u0131m. H\u0131zla, \u0130stanbul&#8217;da Lasik olmu\u015f ki\u015fileri bulduk ve herkes tamamen memnundu. Bu da bizi \u0130stanbul&#8217;a gitmeye ikna etti. \u0130nternet \u00fczerinden h\u0131zl\u0131ca swisslasik.ch&#8217;ye ula\u015ft\u0131k. Klinik ile de do\u011frudan birka\u00e7 soru sorduk ve her zaman h\u0131zl\u0131 bir \u015fekilde yetkin cevaplar ald\u0131k. 29.02.08&#8217;de \u0130stanbul&#8217;a u\u00e7tuk ve ayn\u0131 g\u00fcn operasyonumuzu ger\u00e7ekle\u015ftirdik. Her \u015fey m\u00fckemmel gitti, \u00e7ok memnun kald\u0131k. \u00d6ncesinde \u00e7ok sinirliydik ama klinikteki arkada\u015flar, insan\u0131n sinirini almay\u0131 ger\u00e7ekten ba\u015far\u0131yorlard\u0131. Sonu\u00e7ta, bizi en \u00e7ok etkileyen \u015fey klinikteki dostluk ve insaniyet oldu. Buras\u0131, bir toplu i\u015flem yeri gibi de\u011fildi.          <\/p>\n\n<p>Operasyon kendisi yakla\u015f\u0131k 3 dakika s\u00fcr\u00fcyor, haz\u0131rl\u0131kla birlikte toplamda yakla\u015f\u0131k 15 dakika. Her \u015fey tamamen a\u011fr\u0131s\u0131z. Operasyon sonras\u0131nda sadece g\u00f6zlerde biraz yanma oluyor ve g\u00f6zleri 3-4 saat boyunca kapal\u0131 tutmak gerekiyor. Sonras\u0131nda: Vay be!\u2026 G\u00fcl\u00fcmse.<\/p>\n\n<p>\u015eirketteki ilgilenenlere swisslasik&#8217;in linkini \u015fimdiden bir d\u00fczine kez da\u011f\u0131tt\u0131m\u2026 ve ben daha sadece \u00fc\u00e7 g\u00fcnd\u00fcr geri d\u00f6nd\u00fcm.<\/p>\n\n<div class=\"wp-block-group is-layout-grid wp-container-core-group-is-layout-baef362d wp-block-group-is-layout-grid\">\n<p><a href=\"https:\/\/medicaltravel.at\/home\/agb\/\" data-type=\"page\" data-id=\"2191\" rel=\"nofollow noopener\" target=\"_blank\"><\/a><a href=\"https:\/\/medicaltravel.ch\/tr\/hasta-raporlari\/yasli-hastalarin-raporlari\/yaptim-17-mart-2008-pazartesi-guenue-raporu\/\" data-type=\"link\" data-id=\"https:\/\/medicaltravel.ch\/berichte-von-patienten-istanbul-turkei\/altere-patientenberichte\/ich-habs-getan-bericht-vom-montag-17-marz-2008\/\">\u00d6nceki rapor<\/a><\/p>\n\n\n\n<p class=\"has-text-align-right wp-container-content-5e2576f9\"><a href=\"https:\/\/medicaltravel.at\/home\/impressum\/\" data-type=\"page\" data-id=\"2193\" rel=\"nofollow noopener\" target=\"_blank\"><\/a><a href=\"https:\/\/medicaltravel.at\/home\/berichte-von-patienten\/erfahrungsberichte\/erfahrungsbericht-zahnbehandlung-in-istanbul\/\" data-type=\"page\" data-id=\"981\" rel=\"nofollow noopener\" target=\"_blank\"><\/a><a href=\"https:\/\/medicaltravel.ch\/tr\/hasta-raporlari\/yasli-hastalarin-raporlari\/lasik-ameliyatimla-ilgili-deneyim-raporu-5-ocak-2008-cumartesi-tarihli-rapor\/\" data-type=\"link\" data-id=\"https:\/\/medicaltravel.ch\/berichte-von-patienten-istanbul-turkei\/altere-patientenberichte\/erfahrungsbericht-zu-meiner-lasik-op-bericht-vom-samstag-05-januar-2008\/\">Bir sonraki rapor<\/a><\/p>\n<\/div>\n","protected":false},"excerpt":{"rendered":"<p>\u0130stanbul&#8217;daki Lasik ameliyat\u0131m\u0131z \u2013 6 Mart 2008 Per\u015fembe g\u00fcn\u00fc raporu E\u015fim, kay\u0131nbiraderim ve ben uzun s\u00fcredir Lasik hakk\u0131nda ara\u015ft\u0131rmalar yap\u0131yorduk. \u0130nterneti ba\u015ftan sona tarayarak uygun fiyatl\u0131 bir sa\u011flay\u0131c\u0131 arad\u0131k, ancak maalesef ba\u015far\u0131l\u0131 olamad\u0131k. Eski optik\u00e7im \u0130stanbul&#8217;da bir operasyon \u00f6nerdi\u011finde, ba\u015flang\u0131\u00e7ta \u015f\u00fcpheciydim ama sonra merak\u0131m artt\u0131 ve ara\u015ft\u0131rmaya ba\u015flad\u0131m. H\u0131zla, \u0130stanbul&#8217;da Lasik olmu\u015f ki\u015fileri bulduk ve herkes tamamen memnundu. Bu da bizi \u0130stanbul&#8217;a gitmeye ikna etti. \u0130nternet \u00fczerinden h\u0131zl\u0131ca swisslasik.ch&#8217;ye ula\u015ft\u0131k. Klinik ile de do\u011frudan birka\u00e7 soru sorduk ve her zaman h\u0131zl\u0131 bir \u015fekilde yetkin cevaplar ald\u0131k. 29.02.08&#8217;de \u0130stanbul&#8217;a u\u00e7tuk ve ayn\u0131 g\u00fcn operasyonumuzu ger\u00e7ekle\u015ftirdik. Her \u015fey m\u00fckemmel gitti, \u00e7ok memnun kald\u0131k. \u00d6ncesinde \u00e7ok sinirliydik ama klinikteki arkada\u015flar, insan\u0131n sinirini almay\u0131 ger\u00e7ekten ba\u015far\u0131yorlard\u0131. Sonu\u00e7ta, bizi en \u00e7ok etkileyen \u015fey klinikteki dostluk ve insaniyet oldu. Buras\u0131, bir toplu i\u015flem yeri gibi de\u011fildi. Operasyon kendisi yakla\u015f\u0131k 3 dakika s\u00fcr\u00fcyor, haz\u0131rl\u0131kla birlikte toplamda yakla\u015f\u0131k 15 dakika. Her \u015fey tamamen a\u011fr\u0131s\u0131z. Operasyon sonras\u0131nda sadece g\u00f6zlerde biraz yanma oluyor ve g\u00f6zleri 3-4 saat boyunca kapal\u0131 tutmak gerekiyor. Sonras\u0131nda: Vay be!\u2026 G\u00fcl\u00fcmse. \u015eirketteki ilgilenenlere swisslasik&#8217;in linkini \u015fimdiden bir d\u00fczine kez da\u011f\u0131tt\u0131m\u2026 ve ben daha sadece \u00fc\u00e7 g\u00fcnd\u00fcr geri d\u00f6nd\u00fcm. \u00d6nceki rapor Bir sonraki rapor<\/p>\n","protected":false},"author":4,"featured_media":0,"parent":3223,"menu_order":0,"comment_status":"closed","ping_status":"closed","template":"","meta":{"_joinchat":[],"footnotes":""},"class_list":["post-4463","page","type-page","status-publish","hentry"],"acf":[],"_links":{"self":[{"href":"https:\/\/medicaltravel.ch\/tr\/wp-json\/wp\/v2\/pages\/4463","targetHints":{"allow":["GET"]}}],"collection":[{"href":"https:\/\/medicaltravel.ch\/tr\/wp-json\/wp\/v2\/pages"}],"about":[{"href":"https:\/\/medicaltravel.ch\/tr\/wp-json\/wp\/v2\/types\/page"}],"author":[{"embeddable":true,"href":"https:\/\/medicaltravel.ch\/tr\/wp-json\/wp\/v2\/users\/4"}],"replies":[{"embeddable":true,"href":"https:\/\/medicaltravel.ch\/tr\/wp-json\/wp\/v2\/comments?post=4463"}],"version-history":[{"count":0,"href":"https:\/\/medicaltravel.ch\/tr\/wp-json\/wp\/v2\/pages\/4463\/revisions"}],"up":[{"embeddable":true,"href":"https:\/\/medicaltravel.ch\/tr\/wp-json\/wp\/v2\/pages\/3223"}],"wp:attachment":[{"href":"https:\/\/medicaltravel.ch\/tr\/wp-json\/wp\/v2\/media?parent=4463"}],"curies":[{"name":"wp","href":"https:\/\/api.w.org\/{rel}","templated":true}]}}