{"id":4469,"date":"2025-09-24T07:38:37","date_gmt":"2025-09-24T06:38:37","guid":{"rendered":"https:\/\/medicaltravel.ch\/hasta-raporlari\/yasli-hastalarin-raporlari\/sevincten-agladim-28-ekim-2008-sali-guenue-tarihli-haber\/"},"modified":"2026-01-12T21:37:16","modified_gmt":"2026-01-12T20:37:16","slug":"sevincten-agladim-28-ekim-2008-sali-guenue-tarihli-haber","status":"publish","type":"page","link":"https:\/\/medicaltravel.ch\/tr\/hasta-raporlari\/yasli-hastalarin-raporlari\/sevincten-agladim-28-ekim-2008-sali-guenue-tarihli-haber\/","title":{"rendered":"Sevin\u00e7ten a\u011flad\u0131m!\u2026 \u2013 28 Ekim 2008 Sal\u0131 g\u00fcn\u00fc tarihli haber"},"content":{"rendered":"\n<h3 class=\"wp-block-heading\">Sevin\u00e7ten a\u011flad\u0131m!\u2026 \u2013 28 Ekim 2008 Sal\u0131 g\u00fcn\u00fc tarihli haber<\/h3>\n\n<p>Sevin\u00e7ten a\u011flad\u0131m!<\/p>\n\n<p>Karar<\/p>\n\n<p>G\u00f6zlerimi yurt d\u0131\u015f\u0131nda lazerle tedavi ettirmeli miyim sorusuyla, son 2 y\u0131l boyunca kapsaml\u0131 bir \u015fekilde ilgilendim. Swisslasik\/Eyestar\u2019da karar k\u0131lmam\u0131 sa\u011flayan en \u00f6nemli etken, \u0130svi\u00e7re televizyonunda yay\u0131nlanan Puls sa\u011fl\u0131k magazinindeki bir haberdi. Oradan sonra Swisslasik&#8217;in web sitesine ula\u015ft\u0131m ve ger\u00e7ekten bir\u00e7ok soruma neredeyse t\u00fcm yan\u0131tlar\u0131 orada buldum, ya da kesinlikle t\u00fcm sorular\u0131ma cevap verebilece\u011fim Bay Karaageacli-Leoni&#8217;nin ileti\u015fim bilgilerini edindim.   <\/p>\n\n<p>Z\u00fcrih&#8217;teki bir \u00f6n muayeneden sonra, g\u00f6zlerimin b\u00f6yle bir i\u015fleme uygun olup olmad\u0131\u011f\u0131 kontrol edildi ve sonunda hem \u00f6zel hem de i\u015f hayat\u0131mdan kopabilece\u011fim bir tarih buldum.<\/p>\n\n<p>U\u00e7u\u015fu ve oteli kendim ayarlad\u0131m ve bunun kar\u015f\u0131l\u0131\u011f\u0131nda Swisslasik&#8217;ten daha uygun bir fiyat ald\u0131m.<\/p>\n\n<p>\u0130stanbul&#8217;a yaln\u0131z gitmeye karar verdim. Havaalan\u0131nda, Almanya&#8217;da b\u00fcy\u00fcm\u00fc\u015f bir T\u00fcrk olan Birol beni i\u00e7tenlikle kar\u015f\u0131lad\u0131 ve \u0130stanbul trafi\u011finde g\u00fcvenli bir \u015fekilde otelime g\u00f6t\u00fcrd\u00fc \u2013 bu ger\u00e7ekten \u00f6nemli bir \u015fey! <\/p>\n\n<p>\u00d6l\u00fcm Operasyonu<\/p>\n\n<p>Operasyon g\u00fcn\u00fcmde, Birol yine beni ald\u0131 (y\u00fcr\u00fcyerek, \u00e7\u00fcnk\u00fc otel klinik ile k\u00f6\u015fe ba\u015f\u0131ndayd\u0131) ve beni Fred ile tan\u0131\u015ft\u0131rd\u0131, Fred benim Bern Almancas\u0131 konu\u015fan T\u00fcrk\u00e7e konu\u015fan dan\u0131\u015fman\u0131m oldu, ayr\u0131ca 4&#8217;\u00fc \u0130svi\u00e7re&#8217;den gelen 5 di\u011fer hasta ile tan\u0131\u015ft\u0131m.<\/p>\n\n<p>Sabah, g\u00f6zlerimin do\u011fru dioptri de\u011ferlerini belirlemek amac\u0131yla, farkl\u0131 teknik cihazlarla yap\u0131lan \u00f6n muayenelerle ge\u00e7ti. Burada belirtmek gerekir ki, sadece subjektif g\u00f6rme hissini \u00f6l\u00e7mek i\u00e7in her sat\u0131rdaki \u00fcnl\u00fc, giderek k\u00fc\u00e7\u00fclen harfleri okumam gerekmiyordu; ayn\u0131 zamanda ger\u00e7ekten geli\u015fmi\u015f teknolojiyle g\u00f6z verilerim \u00f6l\u00e7\u00fcld\u00fc, b\u00f6ylece hi\u00e7bir \u015feyin yanl\u0131\u015f gitmemesi, fazla ya da az lazer uygulanmamas\u0131 sa\u011fland\u0131. \u0130stanbul\u2019a, optik\u00e7imin -1.75\/-1.5 dioptri verileriyle geldim, ancak Eyestar\u2019da yap\u0131lan \u00f6l\u00e7\u00fcmde -2.5\/-1.75 dioptriler belirlendi. \u015ea\u015f\u0131rd\u0131m do\u011frusu. Yap\u0131lan incelemelerin bu kadar detayl\u0131 yap\u0131lmas\u0131na memnun oldum, ama 6 ki\u015fi oldu\u011fumuz i\u00e7in, bu s\u00fcre\u00e7 bir ki\u015fi i\u00e7in biraz uzun s\u00fcrd\u00fc. Herkese, bekleme s\u00fcrelerini ge\u00e7irebilmek i\u00e7in mutlaka okuma veya bulmaca gibi bir \u015fey getirmelerini tavsiye ederim.    <\/p>\n\n<p>Ak\u015fam\u00fcst\u00fc, hep birlikte k\u00fc\u00e7\u00fck bir \u015feyler yiyebildik, \u00e7\u00fcnk\u00fc operasyon sonras\u0131 art\u0131k f\u0131rsat olmad\u0131.<\/p>\n\n<p>Saat 17:00\u2019de s\u00fcre\u00e7 ba\u015flad\u0131. Bize tekrar i\u015flem s\u0131ras\u0131 hakk\u0131nda bilgi verildi, damlalar, ila\u00e7lar verildi ve bunlar\u0131n nas\u0131l kullan\u0131laca\u011f\u0131na dair a\u00e7\u0131klamalar yap\u0131ld\u0131, ayr\u0131ca isteyenlere bir sakinle\u015ftirici tablet verildi (benim \u00fczerimde hi\u00e7bir etkisi olmad\u0131). Sonras\u0131nda her birimiz s\u0131rayla haz\u0131rlanmaya ba\u015fland\u0131; ilk olarak gerekli ye\u015fil ameliyat \u00f6nl\u00fc\u011f\u00fc ve ba\u015fl\u0131k giydirildi, sonra rahatlamam\u0131z i\u00e7in masaj sandalyesine y\u00f6nlendirildik ve o s\u0131rada a\u011fr\u0131 kesici damlalar g\u00f6zlere damlat\u0131ld\u0131. Ard\u0131ndan, ameliyat masas\u0131na yatmaya y\u00f6nlendirildik, ilk g\u00f6z lazerle tedavi edilmek \u00fczere yerle\u015ftirildi ve o s\u0131rada neler yap\u0131ld\u0131\u011f\u0131 s\u00fcrekli olarak bize bildirildi. Ne yaz\u0131k ki, ben bu anda panik oldum \u2013 bir t\u00fcr klostrofobi\/kapal\u0131 alan korkusu ya\u015fad\u0131m. Durumu hemen fark eden Fred, elimi hemen tuttu ve s\u0131k\u0131ca s\u0131karak beni teselli eden s\u00f6zlerle sakinle\u015ftirmeye \u00e7al\u0131\u015ft\u0131. Zavall\u0131 Fred, ona neredeyse elini ezdim. \u0130kinci g\u00f6zde ise \u00e7ok daha iyi oldu. Hala \u00e7ok rahats\u0131z ediciydi \u2013 panik fakt\u00f6r\u00fc nedeniyle \u2013 ama hi\u00e7bir zaman a\u011fr\u0131 hissetmedim. 10 dakika i\u00e7inde her \u015fey bitti ve \u00f6nce bir yata\u011fa y\u00f6nlendirildim, sonra dinlenme ve karanl\u0131k odaya ge\u00e7tim.        <\/p>\n\n<p>G\u00f6zlerim biraz yan\u0131yordu ve hafif a\u011fr\u0131yordu. Ama hemen Fred geldi ve a\u011fr\u0131 kesici damlalar verdi, bu da saniyeler i\u00e7inde rahatlama sa\u011flad\u0131. K\u0131sa bir \u015fekilde sonraki saatler ve ertesi g\u00fcn yap\u0131lacak ilk kontrol hakk\u0131nda bilgilendirildik ve sonra taburcu edildik. G\u00f6r\u00fc\u015f hemen geri geldi, ancak biraz sululu bir perde vard\u0131.   <\/p>\n\n<p>Otelime gitti\u011fimde, \u00f6nerildi\u011fi gibi hemen yatmaya ba\u015flad\u0131m ve Swisslasik\/Eyestar&#8217;\u0131n her zaman s\u00f6yledi\u011fi gibi, a\u011fr\u0131 \u2013 yava\u015f\u00e7a geri gelmeye ba\u015flam\u0131\u015ft\u0131 \u2013 4 saat i\u00e7inde tamamen ge\u00e7ti. Ayr\u0131ca neredeyse hi\u00e7 kumlu bir hisse sahip de\u011fildim. Ama hala biraz bulan\u0131k bir g\u00f6r\u00fc\u015f\u00fcm vard\u0131.  <\/p>\n\n<p>Sevin\u00e7 g\u00f6zya\u015flar\u0131<\/p>\n\n<p>Ertesi sabah\u0131 heyecanla bekliyordum. \u0130yi bir uyku ile huzurlu bir gece ge\u00e7irdikten sonra, sabah g\u00f6zlerimi a\u00e7t\u0131m ve \u2026\u2026\u2026\u2026\u2026<br\/>..\u015fok! Her \u015fey net! Kartal gibi net! Sadece yatak kenar\u0131nda oturup hem g\u00fcld\u00fcm hem de a\u011flad\u0131m. Sevin\u00e7ten ve rahatlamadan a\u011flad\u0131m. G\u00f6zlerimle her \u015feyi hedefledim \u2013 yak\u0131n ve uzak her \u015feyin net oldu\u011funu g\u00f6rmek beni \u00e7ok mutlu etti. <\/p>\n\n<p>Ge\u00e7en sabah saatlerinde ilk kontrol\u00fcm yap\u0131ld\u0131 ve g\u00f6rme keskinli\u011fim %120 olarak tespit edildi. Daha ne istenebilir ki! <\/p>\n\n<p>Eve d\u00f6n\u00fc\u015f<\/p>\n\n<p>Ayn\u0131 ak\u015fam, tamamen yeni bir ya\u015fam enerjisiyle \u0130svi\u00e7re&#8217;ye geri d\u00f6nd\u00fcm. Yeni g\u00f6zlerimden hala b\u00fcy\u00fck bir heyecan duyuyorum. Sadece bilgisayara bakmak veya uzun bir metin okumak benim i\u00e7in biraz zorlay\u0131c\u0131 oluyor. G\u00f6zlerim, farkl\u0131 bir g\u00f6r\u00fc\u015f a\u00e7\u0131s\u0131na al\u0131\u015f\u0131p g\u00f6z kaslar\u0131n\u0131 e\u011fitmesi gerekiyor. I\u015f\u0131\u011fa kar\u015f\u0131 hassasiyet de hissetmedim. Hafif tonlu g\u00fcne\u015f g\u00f6zl\u00fc\u011f\u00fcm\u00fc, parlakl\u0131k nedeniyle de\u011fil, koruma amac\u0131yla takt\u0131m, b\u00f6ylece g\u00f6zlerime hi\u00e7bir \u015fey \u00e7arpmaz veya ka\u00e7ar. Ayr\u0131ca, evde yatarken hala bir uyku maskesi tak\u0131yorum \u2013 tamamen kendimi korumak i\u00e7in, yar\u0131 uykuda g\u00f6zlerimi ovu\u015fturmazsam diye. Art\u0131k odamdaki sivrisinekleri sadece duymakla kalmay\u0131p, g\u00f6rebildi\u011fim i\u00e7in \u00e7ok mutluyum!       <\/p>\n\n<p>S\u00f6ylemek istedi\u011fim bir di\u011fer \u015fey de \u015fuydu:<\/p>\n\n<p>G\u00f6zlerimi Swisslasik\/Eyestar&#8217;a emanet etmeye karar vermemde beni ikna eden \u015fey, \u0130svi\u00e7reli g\u00f6z doktorlar\u0131yla yap\u0131lan i\u015fbirli\u011fiydi. \u00d6n muayene ve 4 takip muayenesi \u0130svi\u00e7re&#8217;de yap\u0131l\u0131yor \u2013 bu y\u00fczden tekrar T\u00fcrkiye&#8217;ye gitmem gerekmiyor. Ayr\u0131ca, yerinde yaz\u0131l\u0131 olarak verilen 5 y\u0131ll\u0131k garanti ile daha huzurlu bir uyku \u00e7ekmek m\u00fcmk\u00fcn.  <\/p>\n\n<p>\u0130stanbul&#8217;da g\u00f6z lazeri yapan yakla\u015f\u0131k 10 klinik oldu\u011fu s\u00f6ylendi. Ancak bunlardan sadece 2&#8217;si ger\u00e7ekten g\u00fcvenilir \u2013 bunlardan biri de Eyestar Klinik. <\/p>\n\n<p>Hala \u015f\u00fcpheleri olan herkesi sadece rahatlatmak isterim \u2013 bunu tekrar yapar\u0131m ve tek bir dakika bile terkedilmi\u015f hissetmedim. Oradaki insanlar o kadar s\u0131cak ve dikkatli ki, \u0130svi\u00e7re&#8217;de al\u0131\u015f\u0131k oldu\u011fumuz bir \u015fey de\u011fil. <\/p>\n\n<p>Bericht von:<br\/>A. Kobi, 28.10.2008<\/p>\n\n<div class=\"wp-block-group is-layout-grid wp-container-core-group-is-layout-baef362d wp-block-group-is-layout-grid\">\n<p><a href=\"https:\/\/medicaltravel.at\/home\/agb\/\" data-type=\"page\" data-id=\"2191\" rel=\"nofollow noopener\" target=\"_blank\"><\/a><a href=\"https:\/\/medicaltravel.ch\/tr\/hasta-raporlari\/yasli-hastalarin-raporlari\/bir-rueya-gercek-oldu-16-kasim-2008-pazar-guenue-raporu\/\" data-type=\"link\" data-id=\"https:\/\/medicaltravel.ch\/berichte-von-patienten-istanbul-turkei\/altere-patientenberichte\/ein-traum-wurde-wahr-bericht-vom-sonntag-16-november-2008\/\">\u00d6nceki rapor<\/a><\/p>\n\n\n\n<p class=\"has-text-align-right wp-container-content-5e2576f9\"><a href=\"https:\/\/medicaltravel.at\/home\/impressum\/\" data-type=\"page\" data-id=\"2193\" rel=\"nofollow noopener\" target=\"_blank\"><\/a><a href=\"https:\/\/medicaltravel.at\/home\/berichte-von-patienten\/erfahrungsberichte\/erfahrungsbericht-zahnbehandlung-in-istanbul\/\" data-type=\"page\" data-id=\"981\" rel=\"nofollow noopener\" target=\"_blank\"><\/a><a href=\"https:\/\/medicaltravel.ch\/tr\/hasta-raporlari\/yasli-hastalarin-raporlari\/goez-lazer-ameliyati-yolculugumla-ilgili-notlarim-19-ekim-2008-pazar-guenue-raporu\/\" data-type=\"link\" data-id=\"https:\/\/medicaltravel.ch\/berichte-von-patienten-istanbul-turkei\/altere-patientenberichte\/meine-notizen-uber-meine-augenlaserreise-bericht-vom-sonntag-19-oktober-2008\/\">Bir sonraki rapor<\/a><\/p>\n<\/div>\n","protected":false},"excerpt":{"rendered":"<p>Sevin\u00e7ten a\u011flad\u0131m!\u2026 \u2013 28 Ekim 2008 Sal\u0131 g\u00fcn\u00fc tarihli haber Sevin\u00e7ten a\u011flad\u0131m! Karar G\u00f6zlerimi yurt d\u0131\u015f\u0131nda lazerle tedavi ettirmeli miyim sorusuyla, son 2 y\u0131l boyunca kapsaml\u0131 bir \u015fekilde ilgilendim. Swisslasik\/Eyestar\u2019da karar k\u0131lmam\u0131 sa\u011flayan en \u00f6nemli etken, \u0130svi\u00e7re televizyonunda yay\u0131nlanan Puls sa\u011fl\u0131k magazinindeki bir haberdi. Oradan sonra Swisslasik&#8217;in web sitesine ula\u015ft\u0131m ve ger\u00e7ekten bir\u00e7ok soruma neredeyse t\u00fcm yan\u0131tlar\u0131 orada buldum, ya da kesinlikle t\u00fcm sorular\u0131ma cevap verebilece\u011fim Bay Karaageacli-Leoni&#8217;nin ileti\u015fim bilgilerini edindim. Z\u00fcrih&#8217;teki bir \u00f6n muayeneden sonra, g\u00f6zlerimin b\u00f6yle bir i\u015fleme uygun olup olmad\u0131\u011f\u0131 kontrol edildi ve sonunda hem \u00f6zel hem de i\u015f hayat\u0131mdan kopabilece\u011fim bir tarih buldum. U\u00e7u\u015fu ve oteli kendim ayarlad\u0131m ve bunun kar\u015f\u0131l\u0131\u011f\u0131nda Swisslasik&#8217;ten daha uygun bir fiyat ald\u0131m. \u0130stanbul&#8217;a yaln\u0131z gitmeye karar verdim. Havaalan\u0131nda, Almanya&#8217;da b\u00fcy\u00fcm\u00fc\u015f bir T\u00fcrk olan Birol beni i\u00e7tenlikle kar\u015f\u0131lad\u0131 ve \u0130stanbul trafi\u011finde g\u00fcvenli bir \u015fekilde otelime g\u00f6t\u00fcrd\u00fc \u2013 bu ger\u00e7ekten \u00f6nemli bir \u015fey! \u00d6l\u00fcm Operasyonu Operasyon g\u00fcn\u00fcmde, Birol yine beni ald\u0131 (y\u00fcr\u00fcyerek, \u00e7\u00fcnk\u00fc otel klinik ile k\u00f6\u015fe ba\u015f\u0131ndayd\u0131) ve beni Fred ile tan\u0131\u015ft\u0131rd\u0131, Fred benim Bern Almancas\u0131 konu\u015fan T\u00fcrk\u00e7e konu\u015fan dan\u0131\u015fman\u0131m oldu, ayr\u0131ca 4&#8217;\u00fc \u0130svi\u00e7re&#8217;den gelen 5 di\u011fer hasta ile tan\u0131\u015ft\u0131m. Sabah, g\u00f6zlerimin do\u011fru dioptri de\u011ferlerini belirlemek amac\u0131yla, farkl\u0131 teknik cihazlarla yap\u0131lan \u00f6n muayenelerle ge\u00e7ti. Burada belirtmek gerekir ki, sadece subjektif g\u00f6rme hissini \u00f6l\u00e7mek i\u00e7in her sat\u0131rdaki \u00fcnl\u00fc, giderek k\u00fc\u00e7\u00fclen harfleri okumam gerekmiyordu; ayn\u0131 zamanda ger\u00e7ekten geli\u015fmi\u015f teknolojiyle g\u00f6z verilerim \u00f6l\u00e7\u00fcld\u00fc, b\u00f6ylece hi\u00e7bir \u015feyin yanl\u0131\u015f gitmemesi, fazla ya da az lazer uygulanmamas\u0131 sa\u011fland\u0131. \u0130stanbul\u2019a, optik\u00e7imin -1.75\/-1.5 dioptri verileriyle geldim, ancak Eyestar\u2019da yap\u0131lan \u00f6l\u00e7\u00fcmde -2.5\/-1.75 dioptriler belirlendi. \u015ea\u015f\u0131rd\u0131m do\u011frusu. Yap\u0131lan incelemelerin bu kadar detayl\u0131 yap\u0131lmas\u0131na memnun oldum, ama 6 ki\u015fi oldu\u011fumuz i\u00e7in, bu s\u00fcre\u00e7 bir ki\u015fi i\u00e7in biraz uzun s\u00fcrd\u00fc. Herkese, bekleme s\u00fcrelerini ge\u00e7irebilmek i\u00e7in mutlaka okuma veya bulmaca gibi bir \u015fey getirmelerini tavsiye ederim. Ak\u015fam\u00fcst\u00fc, hep birlikte k\u00fc\u00e7\u00fck bir \u015feyler yiyebildik, \u00e7\u00fcnk\u00fc operasyon sonras\u0131 art\u0131k f\u0131rsat olmad\u0131. Saat 17:00\u2019de s\u00fcre\u00e7 ba\u015flad\u0131. Bize tekrar i\u015flem s\u0131ras\u0131 hakk\u0131nda bilgi verildi, damlalar, ila\u00e7lar verildi ve bunlar\u0131n nas\u0131l kullan\u0131laca\u011f\u0131na dair a\u00e7\u0131klamalar yap\u0131ld\u0131, ayr\u0131ca isteyenlere bir sakinle\u015ftirici tablet verildi (benim \u00fczerimde hi\u00e7bir etkisi olmad\u0131). Sonras\u0131nda her birimiz s\u0131rayla haz\u0131rlanmaya ba\u015fland\u0131; ilk olarak gerekli ye\u015fil ameliyat \u00f6nl\u00fc\u011f\u00fc ve ba\u015fl\u0131k giydirildi, sonra rahatlamam\u0131z i\u00e7in masaj sandalyesine y\u00f6nlendirildik ve o s\u0131rada a\u011fr\u0131 kesici damlalar g\u00f6zlere damlat\u0131ld\u0131. Ard\u0131ndan, ameliyat masas\u0131na yatmaya y\u00f6nlendirildik, ilk g\u00f6z lazerle tedavi edilmek \u00fczere yerle\u015ftirildi ve o s\u0131rada neler yap\u0131ld\u0131\u011f\u0131 s\u00fcrekli olarak bize bildirildi. Ne yaz\u0131k ki, ben bu anda panik oldum \u2013 bir t\u00fcr klostrofobi\/kapal\u0131 alan korkusu ya\u015fad\u0131m. Durumu hemen fark eden Fred, elimi hemen tuttu ve s\u0131k\u0131ca s\u0131karak beni teselli eden s\u00f6zlerle sakinle\u015ftirmeye \u00e7al\u0131\u015ft\u0131. Zavall\u0131 Fred, ona neredeyse elini ezdim. \u0130kinci g\u00f6zde ise \u00e7ok daha iyi oldu. Hala \u00e7ok rahats\u0131z ediciydi \u2013 panik fakt\u00f6r\u00fc nedeniyle \u2013 ama hi\u00e7bir zaman a\u011fr\u0131 hissetmedim. 10 dakika i\u00e7inde her \u015fey bitti ve \u00f6nce bir yata\u011fa y\u00f6nlendirildim, sonra dinlenme ve karanl\u0131k odaya ge\u00e7tim. G\u00f6zlerim biraz yan\u0131yordu ve hafif a\u011fr\u0131yordu. Ama hemen Fred geldi ve a\u011fr\u0131 kesici damlalar verdi, bu da saniyeler i\u00e7inde rahatlama sa\u011flad\u0131. K\u0131sa bir \u015fekilde sonraki saatler ve ertesi g\u00fcn yap\u0131lacak ilk kontrol hakk\u0131nda bilgilendirildik ve sonra taburcu edildik. G\u00f6r\u00fc\u015f hemen geri geldi, ancak biraz sululu bir perde vard\u0131. Otelime gitti\u011fimde, \u00f6nerildi\u011fi gibi hemen yatmaya ba\u015flad\u0131m ve Swisslasik\/Eyestar&#8217;\u0131n her zaman s\u00f6yledi\u011fi gibi, a\u011fr\u0131 \u2013 yava\u015f\u00e7a geri gelmeye ba\u015flam\u0131\u015ft\u0131 \u2013 4 saat i\u00e7inde tamamen ge\u00e7ti. Ayr\u0131ca neredeyse hi\u00e7 kumlu bir hisse sahip de\u011fildim. Ama hala biraz bulan\u0131k bir g\u00f6r\u00fc\u015f\u00fcm vard\u0131. Sevin\u00e7 g\u00f6zya\u015flar\u0131 Ertesi sabah\u0131 heyecanla bekliyordum. \u0130yi bir uyku ile huzurlu bir gece ge\u00e7irdikten sonra, sabah g\u00f6zlerimi a\u00e7t\u0131m ve \u2026\u2026\u2026\u2026\u2026..\u015fok! Her \u015fey net! Kartal gibi net! Sadece yatak kenar\u0131nda oturup hem g\u00fcld\u00fcm hem de a\u011flad\u0131m. Sevin\u00e7ten ve rahatlamadan a\u011flad\u0131m. G\u00f6zlerimle her \u015feyi hedefledim \u2013 yak\u0131n ve uzak her \u015feyin net oldu\u011funu g\u00f6rmek beni \u00e7ok mutlu etti. Ge\u00e7en sabah saatlerinde ilk kontrol\u00fcm yap\u0131ld\u0131 ve g\u00f6rme keskinli\u011fim %120 olarak tespit edildi. Daha ne istenebilir ki! Eve d\u00f6n\u00fc\u015f Ayn\u0131 ak\u015fam, tamamen yeni bir ya\u015fam enerjisiyle \u0130svi\u00e7re&#8217;ye geri d\u00f6nd\u00fcm. Yeni g\u00f6zlerimden hala b\u00fcy\u00fck bir heyecan duyuyorum. Sadece bilgisayara bakmak veya uzun bir metin okumak benim i\u00e7in biraz zorlay\u0131c\u0131 oluyor. G\u00f6zlerim, farkl\u0131 bir g\u00f6r\u00fc\u015f a\u00e7\u0131s\u0131na al\u0131\u015f\u0131p g\u00f6z kaslar\u0131n\u0131 e\u011fitmesi gerekiyor. I\u015f\u0131\u011fa kar\u015f\u0131 hassasiyet de hissetmedim. Hafif tonlu g\u00fcne\u015f g\u00f6zl\u00fc\u011f\u00fcm\u00fc, parlakl\u0131k nedeniyle de\u011fil, koruma amac\u0131yla takt\u0131m, b\u00f6ylece g\u00f6zlerime hi\u00e7bir \u015fey \u00e7arpmaz veya ka\u00e7ar. Ayr\u0131ca, evde yatarken hala bir uyku maskesi tak\u0131yorum \u2013 tamamen kendimi korumak i\u00e7in, yar\u0131 uykuda g\u00f6zlerimi ovu\u015fturmazsam diye. Art\u0131k odamdaki sivrisinekleri sadece duymakla kalmay\u0131p, g\u00f6rebildi\u011fim i\u00e7in \u00e7ok mutluyum! S\u00f6ylemek istedi\u011fim bir di\u011fer \u015fey de \u015fuydu: G\u00f6zlerimi Swisslasik\/Eyestar&#8217;a emanet etmeye karar vermemde beni ikna eden \u015fey, \u0130svi\u00e7reli g\u00f6z doktorlar\u0131yla yap\u0131lan i\u015fbirli\u011fiydi. \u00d6n muayene ve 4 takip muayenesi \u0130svi\u00e7re&#8217;de yap\u0131l\u0131yor \u2013 bu y\u00fczden tekrar T\u00fcrkiye&#8217;ye gitmem gerekmiyor. Ayr\u0131ca, yerinde yaz\u0131l\u0131 olarak verilen 5 y\u0131ll\u0131k garanti ile daha huzurlu bir uyku \u00e7ekmek m\u00fcmk\u00fcn. \u0130stanbul&#8217;da g\u00f6z lazeri yapan yakla\u015f\u0131k 10 klinik oldu\u011fu s\u00f6ylendi. Ancak bunlardan sadece 2&#8217;si ger\u00e7ekten g\u00fcvenilir \u2013 bunlardan biri de Eyestar Klinik. Hala \u015f\u00fcpheleri olan herkesi sadece rahatlatmak isterim \u2013 bunu tekrar yapar\u0131m ve tek bir dakika bile terkedilmi\u015f hissetmedim. Oradaki insanlar o kadar s\u0131cak ve dikkatli ki, \u0130svi\u00e7re&#8217;de al\u0131\u015f\u0131k oldu\u011fumuz bir \u015fey de\u011fil. Bericht von:A. Kobi, 28.10.2008 \u00d6nceki rapor Bir sonraki rapor<\/p>\n","protected":false},"author":4,"featured_media":0,"parent":3223,"menu_order":0,"comment_status":"closed","ping_status":"closed","template":"","meta":{"_joinchat":[],"footnotes":""},"class_list":["post-4469","page","type-page","status-publish","hentry"],"acf":[],"_links":{"self":[{"href":"https:\/\/medicaltravel.ch\/tr\/wp-json\/wp\/v2\/pages\/4469","targetHints":{"allow":["GET"]}}],"collection":[{"href":"https:\/\/medicaltravel.ch\/tr\/wp-json\/wp\/v2\/pages"}],"about":[{"href":"https:\/\/medicaltravel.ch\/tr\/wp-json\/wp\/v2\/types\/page"}],"author":[{"embeddable":true,"href":"https:\/\/medicaltravel.ch\/tr\/wp-json\/wp\/v2\/users\/4"}],"replies":[{"embeddable":true,"href":"https:\/\/medicaltravel.ch\/tr\/wp-json\/wp\/v2\/comments?post=4469"}],"version-history":[{"count":1,"href":"https:\/\/medicaltravel.ch\/tr\/wp-json\/wp\/v2\/pages\/4469\/revisions"}],"predecessor-version":[{"id":4470,"href":"https:\/\/medicaltravel.ch\/tr\/wp-json\/wp\/v2\/pages\/4469\/revisions\/4470"}],"up":[{"embeddable":true,"href":"https:\/\/medicaltravel.ch\/tr\/wp-json\/wp\/v2\/pages\/3223"}],"wp:attachment":[{"href":"https:\/\/medicaltravel.ch\/tr\/wp-json\/wp\/v2\/media?parent=4469"}],"curies":[{"name":"wp","href":"https:\/\/api.w.org\/{rel}","templated":true}]}}