{"id":4473,"date":"2025-09-24T06:32:35","date_gmt":"2025-09-24T05:32:35","guid":{"rendered":"https:\/\/medicaltravel.ch\/hasta-raporlari\/erfahrungsberichte-behandlungen-tuerkei\/yurtdisinda-lazer-goez-ameliyati-istanbul-9-12-agustos-2012-9-agustos-2012-persembe-tarihli-rapor\/"},"modified":"2026-01-12T19:46:00","modified_gmt":"2026-01-12T18:46:00","slug":"yurtdisinda-lazer-goez-ameliyati-istanbul-9-12-agustos-2012-9-agustos-2012-persembe-tarihli-rapor","status":"publish","type":"page","link":"https:\/\/medicaltravel.ch\/tr\/hasta-raporlari\/turkiye-de-tedavi-deneyimleri\/yurtdisinda-lazer-goez-ameliyati-istanbul-9-12-agustos-2012-9-agustos-2012-persembe-tarihli-rapor\/","title":{"rendered":"Yurtd\u0131\u015f\u0131nda Lazer G\u00f6z Ameliyat\u0131 &#8211; \u0130stanbul \/ 9-12 A\u011fustos 2012 \u2013 9 A\u011fustos 2012 Per\u015fembe tarihli rapor"},"content":{"rendered":"\n<p>Yurtd\u0131\u015f\u0131nda Lazer G\u00f6z Ameliyat\u0131 &#8211; \u0130stanbul \/ 9-12 A\u011fustos 2012 \u2013 9 A\u011fustos 2012 Per\u015fembe tarihli rapor<\/p>\n\n\n\n<p><\/p>\n\n\n\n<p>On y\u0131l boyunca g\u00f6zl\u00fck ya da lens kullanmak zorunda kald\u0131m, \u00e7evremi rahat\u00e7a g\u00f6rebilmek i\u00e7in her zaman bir g\u00f6zl\u00fck ya da lens takmam gerekiyordu. Lensi uzun s\u00fcre kulland\u0131ktan sonra g\u00f6zlerimde k\u0131zar\u0131kl\u0131k ve a\u011fr\u0131 gibi sorunlar ya\u015famaya ba\u015flad\u0131m. Y\u0131lda birka\u00e7 kez optik\u00e7iye gitmek zorunda kal\u0131yordum. Ayl\u0131k lenslerden, 2 haftal\u0131k lenslere ge\u00e7mem gerekti, bak\u0131m \u00fcr\u00fcnlerini de\u011fi\u015ftirdim ve daha s\u0131k kontrol yap\u0131lmas\u0131 gerekiyordu. G\u00f6zl\u00fc\u011f\u00fc hi\u00e7 bir zaman tam olarak al\u0131\u015famad\u0131m ve spor yaparken lens takmak bana daha rahat geliyordu.<br>Birka\u00e7 arkada\u015f\u0131m \u0130stanbul\u2019da g\u00f6z lazeri yapt\u0131rd\u0131klar\u0131n\u0131 s\u00f6ylediler. Sonu\u00e7lardan \u00e7ok memnun kald\u0131lar, hatta \u00e7ok \u00f6vd\u00fcler ve bana www.swisslasik.ch adresini verdiler. Bu olay bir y\u0131l kadar \u00f6nce oldu. S\u00fcrekli bu konuda d\u00fc\u015f\u00fcnd\u00fcm ve acaba cesaret edebilir miyim diye kafamda soru i\u015faretleri olu\u015ftu. D\u0131\u015far\u0131dan \u00e7o\u011funlukla negatif yorumlar ald\u0131m, pek \u00e7ok ki\u015fi yurt d\u0131\u015f\u0131nda, \u00f6zellikle T\u00fcrkiye\u2019de lazer tedavisinin tehlikeli oldu\u011funu d\u00fc\u015f\u00fcn\u00fcyorlard\u0131. Ancak ben, Z\u00fcrih\u2019te bir \u00f6n muayene yapma karar\u0131 ald\u0131m. Ayr\u0131ca, bir arkada\u015f\u0131m da ayn\u0131 \u015fekilde g\u00f6zlerini lazerle tedavi ettirmek istiyordu. \u0130lk ba\u015fta g\u00f6zlerimin uygun olup olmad\u0131\u011f\u0131n\u0131 bile bilmiyordum. \u00d6n muayene \u00e7ok iyi ge\u00e7ti, her \u015fey temizdi ve s\u00fcre\u00e7 \u00e7ok profesyonel bir \u015fekilde ilerledi. Bu noktada kesinlikle T\u00fcrkiye&#8217;ye gitmeye karar verdim.<br>Swisslasik sayesinde u\u00e7u\u015f, otel, randevular ve di\u011fer t\u00fcm d\u00fczenlemelerimi organize ettim. Bu, ger\u00e7ekten b\u00fcy\u00fck bir kolayl\u0131k oldu. B\u00f6ylece, Per\u015fembe sabah\u0131 Z\u00fcrih\u2019ten u\u00e7a\u011fa binebildim ve hi\u00e7 bir \u015feyle ilgilenmek zorunda kalmad\u0131m. Havaalan\u0131nda kar\u015f\u0131land\u0131k ve otele g\u00f6t\u00fcr\u00fcld\u00fck. Ard\u0131ndan, \u0130stanbul&#8217;u ilk kez gezmek i\u00e7in serbest zaman\u0131m\u0131z oldu. Cuma sabah\u0131, otelden al\u0131nd\u0131k ve Ac\u0131badem Klinik\u2019ine g\u00f6t\u00fcr\u00fcld\u00fck. Orada g\u00f6zlerimiz tekrar detayl\u0131ca incelendi ve operasyon hakk\u0131nda bilgilendirildik. Muayeneler uzun s\u00fcrmedi ve \u00f6\u011fleye do\u011fru tekrar \u015fehri gezmemize izin verildi. Operasyonumuz ise ak\u015fam\u00fcst\u00fc yap\u0131ld\u0131. Hastaneye geri d\u00f6nd\u00fck ve ameliyat i\u00e7in gerekli k\u0131yafetleri giydik, y\u00fcz\u00fcm\u00fcz dezenfekte edildi. Operasyon s\u0131ras\u0131nda, bir g\u00f6zle bir \u0131\u015f\u0131k noktas\u0131na odaklanmam\u0131z gerekti ve operasyon s\u0131ras\u0131nda hi\u00e7 bir \u015fey hissetmedim, i\u015flem h\u0131zl\u0131 ve sorunsuz bir \u015fekilde tamamland\u0131. Operasyondan yakla\u015f\u0131k 30 dakika sonra ilk kontrol yap\u0131ld\u0131. Sonras\u0131nda otele geri g\u00f6t\u00fcr\u00fcld\u00fck. Yakla\u015f\u0131k 4 saat boyunca a\u011fr\u0131m oldu, g\u00f6zlerim suland\u0131 ve biraz ac\u0131 verdi. Bu s\u00fcre boyunca karanl\u0131k odaya uzand\u0131k, m\u00fczik dinledik ve uyuklad\u0131k. Bu 4 saat sonunda g\u00f6zlerimi ilk kez biraz a\u00e7abildim ve g\u00f6r\u00fc\u015f\u00fcm m\u00fckemmel bir \u015fekilde d\u00fczelmi\u015fti. G\u00f6z damlalar\u0131n\u0131 da hi\u00e7bir sorun olmadan kullanabildik. Ertesi sabah, uyanmak ve d\u00fcnyay\u0131 hemen net bir \u015fekilde g\u00f6rmek inan\u0131lmaz g\u00fczel bir duygu oldu.                                 Geli\u015ftirilmesi gereken tek alan, alma saatlerine daha g\u00fcvenilir bir \u015fekilde uyulmas\u0131d\u0131r. Bir keresinde \u015fof\u00f6r\u00fc bir saat bekledik. Manuela B\u00e4nziger  <\/p>\n\n\n\n<div class=\"wp-block-group is-layout-grid wp-container-core-group-is-layout-baef362d wp-block-group-is-layout-grid\">\n<p><a href=\"https:\/\/medicaltravel.at\/home\/agb\/\" data-type=\"page\" data-id=\"2191\" rel=\"nofollow noopener\" target=\"_blank\"><\/a><a href=\"https:\/\/medicaltravel.ch\/tr\/hasta-raporlari\/turkiye-de-tedavi-deneyimleri\/istanbulda-21-temmuz-2012-tarihinde-gerceklestirilen-lasik-goez-ameliyatina-iliskin-deneyim-raporu-7-eyluel-2012-cuma-tarihli-rapor\/\" data-type=\"link\" data-id=\"https:\/\/medicaltravel.ch\/tr\/hasta-raporlari\/turkiye-de-tedavi-deneyimleri\/istanbulda-21-temmuz-2012-tarihinde-gerceklestirilen-lasik-goez-ameliyatina-iliskin-deneyim-raporu-7-eyluel-2012-cuma-tarihli-rapor\/\">\u00d6nceki rapor<\/a><\/p>\n\n\n\n<p class=\"has-text-align-right wp-container-content-5e2576f9\"><a href=\"https:\/\/medicaltravel.at\/home\/impressum\/\" data-type=\"page\" data-id=\"2193\" rel=\"nofollow noopener\" target=\"_blank\"><\/a><a href=\"https:\/\/medicaltravel.at\/home\/berichte-von-patienten\/erfahrungsberichte\/erfahrungsbericht-zahnbehandlung-in-istanbul\/\" data-type=\"page\" data-id=\"981\" rel=\"nofollow noopener\" target=\"_blank\"><\/a><a href=\"https:\/\/medicaltravel.ch\/tr\/hasta-raporlari\/turkiye-de-tedavi-deneyimleri\/antalya-tuerkiyede-medicaltravel-araciligiyla-yaptirdigim-lasik-ameliyatim-2-agustos-2012-persembe-tarihli-rapor\/\" data-type=\"link\" data-id=\"https:\/\/medicaltravel.ch\/tr\/hasta-raporlari\/turkiye-de-tedavi-deneyimleri\/antalya-tuerkiyede-medicaltravel-araciligiyla-yaptirdigim-lasik-ameliyatim-2-agustos-2012-persembe-tarihli-rapor\/\">Bir sonraki rapor<\/a><\/p>\n<\/div>\n","protected":false},"excerpt":{"rendered":"<p>Yurtd\u0131\u015f\u0131nda Lazer G\u00f6z Ameliyat\u0131 &#8211; \u0130stanbul \/ 9-12 A\u011fustos 2012 \u2013 9 A\u011fustos 2012 Per\u015fembe tarihli rapor On y\u0131l boyunca g\u00f6zl\u00fck ya da lens kullanmak zorunda kald\u0131m, \u00e7evremi rahat\u00e7a g\u00f6rebilmek i\u00e7in her zaman bir g\u00f6zl\u00fck ya da lens takmam gerekiyordu. Lensi uzun s\u00fcre kulland\u0131ktan sonra g\u00f6zlerimde k\u0131zar\u0131kl\u0131k ve a\u011fr\u0131 gibi sorunlar ya\u015famaya ba\u015flad\u0131m. Y\u0131lda birka\u00e7 kez optik\u00e7iye gitmek zorunda kal\u0131yordum. Ayl\u0131k lenslerden, 2 haftal\u0131k lenslere ge\u00e7mem gerekti, bak\u0131m \u00fcr\u00fcnlerini de\u011fi\u015ftirdim ve daha s\u0131k kontrol yap\u0131lmas\u0131 gerekiyordu. G\u00f6zl\u00fc\u011f\u00fc hi\u00e7 bir zaman tam olarak al\u0131\u015famad\u0131m ve spor yaparken lens takmak bana daha rahat geliyordu.Birka\u00e7 arkada\u015f\u0131m \u0130stanbul\u2019da g\u00f6z lazeri yapt\u0131rd\u0131klar\u0131n\u0131 s\u00f6ylediler. Sonu\u00e7lardan \u00e7ok memnun kald\u0131lar, hatta \u00e7ok \u00f6vd\u00fcler ve bana www.swisslasik.ch adresini verdiler. Bu olay bir y\u0131l kadar \u00f6nce oldu. S\u00fcrekli bu konuda d\u00fc\u015f\u00fcnd\u00fcm ve acaba cesaret edebilir miyim diye kafamda soru i\u015faretleri olu\u015ftu. D\u0131\u015far\u0131dan \u00e7o\u011funlukla negatif yorumlar ald\u0131m, pek \u00e7ok ki\u015fi yurt d\u0131\u015f\u0131nda, \u00f6zellikle T\u00fcrkiye\u2019de lazer tedavisinin tehlikeli oldu\u011funu d\u00fc\u015f\u00fcn\u00fcyorlard\u0131. Ancak ben, Z\u00fcrih\u2019te bir \u00f6n muayene yapma karar\u0131 ald\u0131m. Ayr\u0131ca, bir arkada\u015f\u0131m da ayn\u0131 \u015fekilde g\u00f6zlerini lazerle tedavi ettirmek istiyordu. \u0130lk ba\u015fta g\u00f6zlerimin uygun olup olmad\u0131\u011f\u0131n\u0131 bile bilmiyordum. \u00d6n muayene \u00e7ok iyi ge\u00e7ti, her \u015fey temizdi ve s\u00fcre\u00e7 \u00e7ok profesyonel bir \u015fekilde ilerledi. Bu noktada kesinlikle T\u00fcrkiye&#8217;ye gitmeye karar verdim.Swisslasik sayesinde u\u00e7u\u015f, otel, randevular ve di\u011fer t\u00fcm d\u00fczenlemelerimi organize ettim. Bu, ger\u00e7ekten b\u00fcy\u00fck bir kolayl\u0131k oldu. B\u00f6ylece, Per\u015fembe sabah\u0131 Z\u00fcrih\u2019ten u\u00e7a\u011fa binebildim ve hi\u00e7 bir \u015feyle ilgilenmek zorunda kalmad\u0131m. Havaalan\u0131nda kar\u015f\u0131land\u0131k ve otele g\u00f6t\u00fcr\u00fcld\u00fck. Ard\u0131ndan, \u0130stanbul&#8217;u ilk kez gezmek i\u00e7in serbest zaman\u0131m\u0131z oldu. Cuma sabah\u0131, otelden al\u0131nd\u0131k ve Ac\u0131badem Klinik\u2019ine g\u00f6t\u00fcr\u00fcld\u00fck. Orada g\u00f6zlerimiz tekrar detayl\u0131ca incelendi ve operasyon hakk\u0131nda bilgilendirildik. Muayeneler uzun s\u00fcrmedi ve \u00f6\u011fleye do\u011fru tekrar \u015fehri gezmemize izin verildi. Operasyonumuz ise ak\u015fam\u00fcst\u00fc yap\u0131ld\u0131. Hastaneye geri d\u00f6nd\u00fck ve ameliyat i\u00e7in gerekli k\u0131yafetleri giydik, y\u00fcz\u00fcm\u00fcz dezenfekte edildi. Operasyon s\u0131ras\u0131nda, bir g\u00f6zle bir \u0131\u015f\u0131k noktas\u0131na odaklanmam\u0131z gerekti ve operasyon s\u0131ras\u0131nda hi\u00e7 bir \u015fey hissetmedim, i\u015flem h\u0131zl\u0131 ve sorunsuz bir \u015fekilde tamamland\u0131. Operasyondan yakla\u015f\u0131k 30 dakika sonra ilk kontrol yap\u0131ld\u0131. Sonras\u0131nda otele geri g\u00f6t\u00fcr\u00fcld\u00fck. Yakla\u015f\u0131k 4 saat boyunca a\u011fr\u0131m oldu, g\u00f6zlerim suland\u0131 ve biraz ac\u0131 verdi. Bu s\u00fcre boyunca karanl\u0131k odaya uzand\u0131k, m\u00fczik dinledik ve uyuklad\u0131k. Bu 4 saat sonunda g\u00f6zlerimi ilk kez biraz a\u00e7abildim ve g\u00f6r\u00fc\u015f\u00fcm m\u00fckemmel bir \u015fekilde d\u00fczelmi\u015fti. G\u00f6z damlalar\u0131n\u0131 da hi\u00e7bir sorun olmadan kullanabildik. Ertesi sabah, uyanmak ve d\u00fcnyay\u0131 hemen net bir \u015fekilde g\u00f6rmek inan\u0131lmaz g\u00fczel bir duygu oldu. Geli\u015ftirilmesi gereken tek alan, alma saatlerine daha g\u00fcvenilir bir \u015fekilde uyulmas\u0131d\u0131r. Bir keresinde \u015fof\u00f6r\u00fc bir saat bekledik. Manuela B\u00e4nziger \u00d6nceki rapor Bir sonraki rapor<\/p>\n","protected":false},"author":4,"featured_media":0,"parent":4471,"menu_order":0,"comment_status":"closed","ping_status":"closed","template":"","meta":{"_joinchat":[],"footnotes":""},"class_list":["post-4473","page","type-page","status-publish","hentry"],"acf":[],"_links":{"self":[{"href":"https:\/\/medicaltravel.ch\/tr\/wp-json\/wp\/v2\/pages\/4473","targetHints":{"allow":["GET"]}}],"collection":[{"href":"https:\/\/medicaltravel.ch\/tr\/wp-json\/wp\/v2\/pages"}],"about":[{"href":"https:\/\/medicaltravel.ch\/tr\/wp-json\/wp\/v2\/types\/page"}],"author":[{"embeddable":true,"href":"https:\/\/medicaltravel.ch\/tr\/wp-json\/wp\/v2\/users\/4"}],"replies":[{"embeddable":true,"href":"https:\/\/medicaltravel.ch\/tr\/wp-json\/wp\/v2\/comments?post=4473"}],"version-history":[{"count":0,"href":"https:\/\/medicaltravel.ch\/tr\/wp-json\/wp\/v2\/pages\/4473\/revisions"}],"up":[{"embeddable":true,"href":"https:\/\/medicaltravel.ch\/tr\/wp-json\/wp\/v2\/pages\/4471"}],"wp:attachment":[{"href":"https:\/\/medicaltravel.ch\/tr\/wp-json\/wp\/v2\/media?parent=4473"}],"curies":[{"name":"wp","href":"https:\/\/api.w.org\/{rel}","templated":true}]}}