{"id":4477,"date":"2025-09-24T06:26:53","date_gmt":"2025-09-24T05:26:53","guid":{"rendered":"https:\/\/medicaltravel.ch\/hasta-raporlari\/erfahrungsberichte-behandlungen-tuerkei\/yurtdisinda-lazer-goez-ameliyati-istanbul-26-eyluel-2012-carsamba-tarihli-rapor\/"},"modified":"2026-01-12T19:43:31","modified_gmt":"2026-01-12T18:43:31","slug":"yurtdisinda-lazer-goez-ameliyati-istanbul-26-eyluel-2012-carsamba-tarihli-rapor","status":"publish","type":"page","link":"https:\/\/medicaltravel.ch\/tr\/hasta-raporlari\/turkiye-de-tedavi-deneyimleri\/yurtdisinda-lazer-goez-ameliyati-istanbul-26-eyluel-2012-carsamba-tarihli-rapor\/","title":{"rendered":"Yurtd\u0131\u015f\u0131nda Lazer G\u00f6z Ameliyat\u0131 \u2013 \u0130stanbul \u2013 26 Eyl\u00fcl 2012 \u00c7ar\u015famba tarihli rapor"},"content":{"rendered":"\n<p>Yurtd\u0131\u015f\u0131nda Lazer G\u00f6z Ameliyat\u0131 \u2013 \u0130stanbul \u2013 26 Eyl\u00fcl 2012 \u00c7ar\u015famba tarihli rapor<\/p>\n\n\n\n<p>Raporun PDF versiyonuna buradan ula\u015fabilirsiniz.<\/p>\n\n\n\n<div class=\"wp-block-group is-layout-grid wp-container-core-group-is-layout-baef362d wp-block-group-is-layout-grid\">\n<p><a href=\"https:\/\/medicaltravel.at\/home\/agb\/\" data-type=\"page\" data-id=\"2191\" rel=\"nofollow noopener\" target=\"_blank\"><\/a><a href=\"https:\/\/medicaltravel.ch\/tr\/hasta-raporlari\/turkiye-de-tedavi-deneyimleri\/istanbul-acibadem-kliniginde-gecirdigim-ameliyat-26-eyluel-2012-carsamba-tarihli-rapor\/\" data-type=\"link\" data-id=\"https:\/\/medicaltravel.ch\/tr\/hasta-raporlari\/turkiye-de-tedavi-deneyimleri\/istanbul-acibadem-kliniginde-gecirdigim-ameliyat-26-eyluel-2012-carsamba-tarihli-rapor\/\">\u00d6nceki rapor<\/a><\/p>\n\n\n\n<p class=\"has-text-align-right wp-container-content-5e2576f9\"><a href=\"https:\/\/medicaltravel.at\/home\/impressum\/\" data-type=\"page\" data-id=\"2193\" rel=\"nofollow noopener\" target=\"_blank\"><\/a><a href=\"https:\/\/medicaltravel.at\/home\/berichte-von-patienten\/erfahrungsberichte\/erfahrungsbericht-zahnbehandlung-in-istanbul\/\" data-type=\"page\" data-id=\"981\" rel=\"nofollow noopener\" target=\"_blank\"><\/a><a href=\"https:\/\/medicaltravel.ch\/tr\/hasta-raporlari\/turkiye-de-tedavi-deneyimleri\/deneyim-raporu-yurtdisinda-lasik-tuerkiye-21-eyluel-2012-cuma-tarihli-rapor\/\" data-type=\"link\" data-id=\"https:\/\/medicaltravel.ch\/tr\/hasta-raporlari\/turkiye-de-tedavi-deneyimleri\/deneyim-raporu-yurtdisinda-lasik-tuerkiye-21-eyluel-2012-cuma-tarihli-rapor\/\">Bir sonraki rapor<\/a><\/p>\n<\/div>\n","protected":false},"excerpt":{"rendered":"<p>Yurtd\u0131\u015f\u0131nda Lazer G\u00f6z Ameliyat\u0131 \u2013 \u0130stanbul \u2013 26 Eyl\u00fcl 2012 \u00c7ar\u015famba tarihli rapor Raporun PDF versiyonuna buradan ula\u015fabilirsiniz. \u00d6nceki rapor Bir sonraki rapor<\/p>\n","protected":false},"author":4,"featured_media":0,"parent":4471,"menu_order":0,"comment_status":"closed","ping_status":"closed","template":"","meta":{"_joinchat":[],"footnotes":""},"class_list":["post-4477","page","type-page","status-publish","hentry"],"acf":[],"_links":{"self":[{"href":"https:\/\/medicaltravel.ch\/tr\/wp-json\/wp\/v2\/pages\/4477","targetHints":{"allow":["GET"]}}],"collection":[{"href":"https:\/\/medicaltravel.ch\/tr\/wp-json\/wp\/v2\/pages"}],"about":[{"href":"https:\/\/medicaltravel.ch\/tr\/wp-json\/wp\/v2\/types\/page"}],"author":[{"embeddable":true,"href":"https:\/\/medicaltravel.ch\/tr\/wp-json\/wp\/v2\/users\/4"}],"replies":[{"embeddable":true,"href":"https:\/\/medicaltravel.ch\/tr\/wp-json\/wp\/v2\/comments?post=4477"}],"version-history":[{"count":2,"href":"https:\/\/medicaltravel.ch\/tr\/wp-json\/wp\/v2\/pages\/4477\/revisions"}],"predecessor-version":[{"id":6465,"href":"https:\/\/medicaltravel.ch\/tr\/wp-json\/wp\/v2\/pages\/4477\/revisions\/6465"}],"up":[{"embeddable":true,"href":"https:\/\/medicaltravel.ch\/tr\/wp-json\/wp\/v2\/pages\/4471"}],"wp:attachment":[{"href":"https:\/\/medicaltravel.ch\/tr\/wp-json\/wp\/v2\/media?parent=4477"}],"curies":[{"name":"wp","href":"https:\/\/api.w.org\/{rel}","templated":true}]}}