{"id":4479,"date":"2025-09-24T06:21:26","date_gmt":"2025-09-24T05:21:26","guid":{"rendered":"https:\/\/medicaltravel.ch\/hasta-raporlari\/erfahrungsberichte-behandlungen-tuerkei\/muekemmel-bakim-organizasyon-harika-bir-hastane-ve-tabii-ki-fiyati-6-kasim-2012-sali-tarihli-rapor\/"},"modified":"2026-01-12T19:39:50","modified_gmt":"2026-01-12T18:39:50","slug":"muekemmel-bakim-organizasyon-harika-bir-hastane-ve-tabii-ki-fiyati-6-kasim-2012-sali-tarihli-rapor","status":"publish","type":"page","link":"https:\/\/medicaltravel.ch\/tr\/hasta-raporlari\/turkiye-de-tedavi-deneyimleri\/muekemmel-bakim-organizasyon-harika-bir-hastane-ve-tabii-ki-fiyati-6-kasim-2012-sali-tarihli-rapor\/","title":{"rendered":"M\u00fckemmel bak\u0131m, organizasyon, harika bir hastane ve tabii ki fiyat\u0131!!! \u2013 6 Kas\u0131m 2012 Sal\u0131 tarihli rapor"},"content":{"rendered":"\n<p>M\u00fckemmel bak\u0131m, organizasyon, harika bir hastane ve tabii ki fiyat\u0131!!! \u2013 6 Kas\u0131m 2012 Sal\u0131 tarihli rapor<\/p>\n\n\n\n<p>Bir y\u0131l \u00f6nce bir e\u011fitimde, \u0130stanbul&#8217;da SwissLasik ile g\u00f6z lazeri yapt\u0131rm\u0131\u015f biriyle tan\u0131\u015ft\u0131m. O kadar \u00e7ok \u015fey anlatt\u0131 ki, k\u0131sa bir s\u00fcre sonra s\u0131n\u0131f\u0131m\u0131zdan ba\u015fka biri arkada\u015flar\u0131yla \u0130stanbul\u2019a gitmeye karar verdi ve herkes \u00e7ok memnundu, hepsi sadece \u00f6vg\u00fclerde bulundu. Ben 46 ya\u015f\u0131nda oldu\u011fum i\u00e7in bir Varilux g\u00f6zl\u00fck yapt\u0131rmam gerekirdi ve bu da yakla\u015f\u0131k 1000 CHF&#8217;ye mal olacakt\u0131. Bildi\u011finiz gibi, her 4-5 y\u0131lda bir yeni bir g\u00f6zl\u00fc\u011fe ihtiya\u00e7 duyuluyor, bu y\u00fczden benim i\u00e7in karar netti, g\u00f6zlerimi lazerle tedavi ettirecektim. SwissLasik&#8217;ten sadece olumlu yorumlar duydu\u011fum i\u00e7in, nereye gidece\u011fime karar vermek kolay oldu. Z\u00fcrih&#8217;e gittik ve bilgi ak\u015fam\u0131nda ara\u015ft\u0131rmalar\u0131m\u0131z\u0131 yapt\u0131k. \u00c7ok iyi bir \u015fekilde bilgilendirildik, t\u00fcm sorular\u0131m\u0131z uzman bir \u015fekilde cevapland\u0131 ve evimize iyi bir hisle d\u00f6nd\u00fck. Bir hafta sonra, Bay Karaagacli ile ileti\u015fime ge\u00e7tim ve bize teklifleri g\u00f6nderdi. K\u0131sa bir s\u00fcre sonra 3 ki\u015fi i\u00e7in \u201crezervasyon\u201d yapt\u0131m. K\u0131z\u0131m, o\u011flum ve ben. 13 Ekim&#8217;de \u0130stanbul&#8217;a gitmeye karar verdik ve ger\u00e7ekten heyecanl\u0131yd\u0131k. U\u00e7u\u015f sorunsuz ge\u00e7ti ve \u0130stanbul\u2019da havaalan\u0131nda bizi \u00e7ok nazik bir adam kar\u015f\u0131lad\u0131. \u015eehir merkezinde, temiz, sessiz ve dostane bir otelde kald\u0131k. 3 g\u00fcn boyunca \u015fehri ke\u015ffettik ve Sal\u0131 g\u00fcn\u00fc \u201ci\u015f ciddiye binmeye\u201d ba\u015flad\u0131. Sabah otelden hastane taksisiyle al\u0131nd\u0131k ve klini\u011fe g\u00f6t\u00fcr\u00fcld\u00fck. Oraya vard\u0131\u011f\u0131m\u0131zda, b\u00fct\u00fcn g\u00fcn bizim yan\u0131m\u0131zda kalan Almanca konu\u015fan bir adam taraf\u0131ndan kar\u015f\u0131land\u0131k. Sorular sorabildik ve ne olursa olsun kendimizi rahat hissettik! Tabii ki heyecanl\u0131yd\u0131k, ama iyiydi. Bir dizi test ve muayene sonras\u0131, cerrah ile son g\u00f6r\u00fc\u015fmemizi yapt\u0131k. \u00c7ok \u00e7ekici bir adam, sakin bir sesi vard\u0131 ve kendimi g\u00fcvende hissettim. Sonras\u0131nda yakla\u015f\u0131k 8 dakika s\u00fcren bir operasyon oldu. Heyecan, sinirlilik, g\u00f6zlerdeki renk patlamalar\u0131 ve i\u015fte bitti. \u00d6nceden bize, operasyon sonras\u0131 yakla\u015f\u0131k 4 saat g\u00f6zlerin sulanaca\u011f\u0131, \u0131\u015f\u0131\u011f\u0131n \u00e7ok parlak olaca\u011f\u0131, g\u00f6zlerde batma hissi olaca\u011f\u0131 ve sonras\u0131nda g\u00f6zlerin \u00e7ok daha net g\u00f6rece\u011fi s\u00f6ylenmi\u015fti. Ve tam olarak b\u00f6yle oldu. Operasyon hi\u00e7 ac\u0131tmad\u0131 ve sonras\u0131ndaki 4 saat pek ho\u015f de\u011fildi ama dayan\u0131labilir d\u00fczeydeydi. Bizi otele geri g\u00f6t\u00fcrd\u00fcler, bir s\u00fcre yatakta dinlendik ve 2 saat uyuduk. Sonras\u0131nda d\u00fcnya tamamen farkl\u0131 bir \u015fekilde g\u00f6r\u00fcn\u00fcyordu!!! Ertesi g\u00fcn \u00e7ok iyi hissettik. Al\u0131\u015fveri\u015fe gittik, tabii ki g\u00fcne\u015f g\u00f6zl\u00fc\u011f\u00fcyle. Harikayd\u0131. \u00c7ocuklar\u0131m g\u00f6zl\u00fcks\u00fcz olmay\u0131 hat\u0131rlamakta zorlan\u0131yorlard\u0131, ve \u015fimdi!!!! Operasyondan bir g\u00fcn sonra, g\u00f6zl\u00fck takmadan g\u00f6rmek, inanmas\u0131 zor ama i\u015fte b\u00f6yle oldu. Herkese SwissLasik\u2019i kesinlikle tavsiye ederim. Her \u015fey m\u00fckemmel: ilgi, organizasyon, harika hastane ve tabii ki fiyat!!!<br>Martina W\u00e4lle<\/p>\n\n\n\n<div class=\"wp-block-group is-layout-grid wp-container-core-group-is-layout-baef362d wp-block-group-is-layout-grid\">\n<p><a href=\"https:\/\/medicaltravel.at\/home\/agb\/\" data-type=\"page\" data-id=\"2191\" rel=\"nofollow noopener\" target=\"_blank\"><\/a><a href=\"https:\/\/medicaltravel.ch\/tr\/hasta-raporlari\/turkiye-de-tedavi-deneyimleri\/istanbulda-femto-lasik-tedavisi-deneyimim-14-kasim-2012-carsamba-tarihli-rapor\/\" data-type=\"link\" data-id=\"https:\/\/medicaltravel.ch\/tr\/hasta-raporlari\/turkiye-de-tedavi-deneyimleri\/istanbulda-femto-lasik-tedavisi-deneyimim-14-kasim-2012-carsamba-tarihli-rapor\/\">\u00d6nceki rapor<\/a><\/p>\n\n\n\n<p class=\"has-text-align-right wp-container-content-5e2576f9\"><a href=\"https:\/\/medicaltravel.at\/home\/impressum\/\" data-type=\"page\" data-id=\"2193\" rel=\"nofollow noopener\" target=\"_blank\"><\/a><a href=\"https:\/\/medicaltravel.at\/home\/berichte-von-patienten\/erfahrungsberichte\/erfahrungsbericht-zahnbehandlung-in-istanbul\/\" data-type=\"page\" data-id=\"981\" rel=\"nofollow noopener\" target=\"_blank\"><\/a><a href=\"https:\/\/medicaltravel.ch\/tr\/hasta-raporlari\/turkiye-de-tedavi-deneyimleri\/dita-cecchinin-11-eyluel-2012de-istanbulda-goez-ameliyati-geciren-goeruesue-26-ekim-2012-cuma-tarihli-rapor\/\" data-type=\"link\" data-id=\"https:\/\/medicaltravel.ch\/tr\/hasta-raporlari\/turkiye-de-tedavi-deneyimleri\/dita-cecchinin-11-eyluel-2012de-istanbulda-goez-ameliyati-geciren-goeruesue-26-ekim-2012-cuma-tarihli-rapor\/\">Bir sonraki rapor<\/a><\/p>\n<\/div>\n","protected":false},"excerpt":{"rendered":"<p>M\u00fckemmel bak\u0131m, organizasyon, harika bir hastane ve tabii ki fiyat\u0131!!! \u2013 6 Kas\u0131m 2012 Sal\u0131 tarihli rapor Bir y\u0131l \u00f6nce bir e\u011fitimde, \u0130stanbul&#8217;da SwissLasik ile g\u00f6z lazeri yapt\u0131rm\u0131\u015f biriyle tan\u0131\u015ft\u0131m. O kadar \u00e7ok \u015fey anlatt\u0131 ki, k\u0131sa bir s\u00fcre sonra s\u0131n\u0131f\u0131m\u0131zdan ba\u015fka biri arkada\u015flar\u0131yla \u0130stanbul\u2019a gitmeye karar verdi ve herkes \u00e7ok memnundu, hepsi sadece \u00f6vg\u00fclerde bulundu. Ben 46 ya\u015f\u0131nda oldu\u011fum i\u00e7in bir Varilux g\u00f6zl\u00fck yapt\u0131rmam gerekirdi ve bu da yakla\u015f\u0131k 1000 CHF&#8217;ye mal olacakt\u0131. Bildi\u011finiz gibi, her 4-5 y\u0131lda bir yeni bir g\u00f6zl\u00fc\u011fe ihtiya\u00e7 duyuluyor, bu y\u00fczden benim i\u00e7in karar netti, g\u00f6zlerimi lazerle tedavi ettirecektim. SwissLasik&#8217;ten sadece olumlu yorumlar duydu\u011fum i\u00e7in, nereye gidece\u011fime karar vermek kolay oldu. Z\u00fcrih&#8217;e gittik ve bilgi ak\u015fam\u0131nda ara\u015ft\u0131rmalar\u0131m\u0131z\u0131 yapt\u0131k. \u00c7ok iyi bir \u015fekilde bilgilendirildik, t\u00fcm sorular\u0131m\u0131z uzman bir \u015fekilde cevapland\u0131 ve evimize iyi bir hisle d\u00f6nd\u00fck. Bir hafta sonra, Bay Karaagacli ile ileti\u015fime ge\u00e7tim ve bize teklifleri g\u00f6nderdi. K\u0131sa bir s\u00fcre sonra 3 ki\u015fi i\u00e7in \u201crezervasyon\u201d yapt\u0131m. K\u0131z\u0131m, o\u011flum ve ben. 13 Ekim&#8217;de \u0130stanbul&#8217;a gitmeye karar verdik ve ger\u00e7ekten heyecanl\u0131yd\u0131k. U\u00e7u\u015f sorunsuz ge\u00e7ti ve \u0130stanbul\u2019da havaalan\u0131nda bizi \u00e7ok nazik bir adam kar\u015f\u0131lad\u0131. \u015eehir merkezinde, temiz, sessiz ve dostane bir otelde kald\u0131k. 3 g\u00fcn boyunca \u015fehri ke\u015ffettik ve Sal\u0131 g\u00fcn\u00fc \u201ci\u015f ciddiye binmeye\u201d ba\u015flad\u0131. Sabah otelden hastane taksisiyle al\u0131nd\u0131k ve klini\u011fe g\u00f6t\u00fcr\u00fcld\u00fck. Oraya vard\u0131\u011f\u0131m\u0131zda, b\u00fct\u00fcn g\u00fcn bizim yan\u0131m\u0131zda kalan Almanca konu\u015fan bir adam taraf\u0131ndan kar\u015f\u0131land\u0131k. Sorular sorabildik ve ne olursa olsun kendimizi rahat hissettik! Tabii ki heyecanl\u0131yd\u0131k, ama iyiydi. Bir dizi test ve muayene sonras\u0131, cerrah ile son g\u00f6r\u00fc\u015fmemizi yapt\u0131k. \u00c7ok \u00e7ekici bir adam, sakin bir sesi vard\u0131 ve kendimi g\u00fcvende hissettim. Sonras\u0131nda yakla\u015f\u0131k 8 dakika s\u00fcren bir operasyon oldu. Heyecan, sinirlilik, g\u00f6zlerdeki renk patlamalar\u0131 ve i\u015fte bitti. \u00d6nceden bize, operasyon sonras\u0131 yakla\u015f\u0131k 4 saat g\u00f6zlerin sulanaca\u011f\u0131, \u0131\u015f\u0131\u011f\u0131n \u00e7ok parlak olaca\u011f\u0131, g\u00f6zlerde batma hissi olaca\u011f\u0131 ve sonras\u0131nda g\u00f6zlerin \u00e7ok daha net g\u00f6rece\u011fi s\u00f6ylenmi\u015fti. Ve tam olarak b\u00f6yle oldu. Operasyon hi\u00e7 ac\u0131tmad\u0131 ve sonras\u0131ndaki 4 saat pek ho\u015f de\u011fildi ama dayan\u0131labilir d\u00fczeydeydi. Bizi otele geri g\u00f6t\u00fcrd\u00fcler, bir s\u00fcre yatakta dinlendik ve 2 saat uyuduk. Sonras\u0131nda d\u00fcnya tamamen farkl\u0131 bir \u015fekilde g\u00f6r\u00fcn\u00fcyordu!!! Ertesi g\u00fcn \u00e7ok iyi hissettik. Al\u0131\u015fveri\u015fe gittik, tabii ki g\u00fcne\u015f g\u00f6zl\u00fc\u011f\u00fcyle. Harikayd\u0131. \u00c7ocuklar\u0131m g\u00f6zl\u00fcks\u00fcz olmay\u0131 hat\u0131rlamakta zorlan\u0131yorlard\u0131, ve \u015fimdi!!!! Operasyondan bir g\u00fcn sonra, g\u00f6zl\u00fck takmadan g\u00f6rmek, inanmas\u0131 zor ama i\u015fte b\u00f6yle oldu. Herkese SwissLasik\u2019i kesinlikle tavsiye ederim. Her \u015fey m\u00fckemmel: ilgi, organizasyon, harika hastane ve tabii ki fiyat!!!Martina W\u00e4lle \u00d6nceki rapor Bir sonraki rapor<\/p>\n","protected":false},"author":4,"featured_media":0,"parent":4471,"menu_order":0,"comment_status":"closed","ping_status":"closed","template":"","meta":{"_joinchat":[],"footnotes":""},"class_list":["post-4479","page","type-page","status-publish","hentry"],"acf":[],"_links":{"self":[{"href":"https:\/\/medicaltravel.ch\/tr\/wp-json\/wp\/v2\/pages\/4479","targetHints":{"allow":["GET"]}}],"collection":[{"href":"https:\/\/medicaltravel.ch\/tr\/wp-json\/wp\/v2\/pages"}],"about":[{"href":"https:\/\/medicaltravel.ch\/tr\/wp-json\/wp\/v2\/types\/page"}],"author":[{"embeddable":true,"href":"https:\/\/medicaltravel.ch\/tr\/wp-json\/wp\/v2\/users\/4"}],"replies":[{"embeddable":true,"href":"https:\/\/medicaltravel.ch\/tr\/wp-json\/wp\/v2\/comments?post=4479"}],"version-history":[{"count":0,"href":"https:\/\/medicaltravel.ch\/tr\/wp-json\/wp\/v2\/pages\/4479\/revisions"}],"up":[{"embeddable":true,"href":"https:\/\/medicaltravel.ch\/tr\/wp-json\/wp\/v2\/pages\/4471"}],"wp:attachment":[{"href":"https:\/\/medicaltravel.ch\/tr\/wp-json\/wp\/v2\/media?parent=4479"}],"curies":[{"name":"wp","href":"https:\/\/api.w.org\/{rel}","templated":true}]}}