{"id":4481,"date":"2025-09-24T06:41:44","date_gmt":"2025-09-24T05:41:44","guid":{"rendered":"https:\/\/medicaltravel.ch\/hasta-raporlari\/erfahrungsberichte-behandlungen-tuerkei\/engelsiz-goezlerle-yasamanin-verdigi-yeni-his-paha-bicilmez-6-mayis-2012-pazar-tarihli-rapor\/"},"modified":"2026-01-12T19:51:08","modified_gmt":"2026-01-12T18:51:08","slug":"engelsiz-goezlerle-yasamanin-verdigi-yeni-his-paha-bicilmez-6-mayis-2012-pazar-tarihli-rapor","status":"publish","type":"page","link":"https:\/\/medicaltravel.ch\/tr\/hasta-raporlari\/turkiye-de-tedavi-deneyimleri\/engelsiz-goezlerle-yasamanin-verdigi-yeni-his-paha-bicilmez-6-mayis-2012-pazar-tarihli-rapor\/","title":{"rendered":"&#8220;Engelsiz&#8221; g\u00f6zlerle ya\u015faman\u0131n verdi\u011fi yeni his paha bi\u00e7ilmez! \u2013 6 May\u0131s 2012 Pazar tarihli rapor"},"content":{"rendered":"\n<p>&#8220;Engelsiz&#8221; g\u00f6zlerle ya\u015faman\u0131n verdi\u011fi yeni his paha bi\u00e7ilmez! \u2013 6 May\u0131s 2012 Pazar tarihli rapor<\/p>\n\n\n\n<p>Y\u0131llarca g\u00f6zlerimi lazerle tedavi ettirme konusunda d\u00fc\u015f\u00fcnd\u00fckten sonra, tan\u0131d\u0131klar\u0131mdan ald\u0131\u011f\u0131m olumlu geri bildirimler \u00fczerine bu y\u0131l ameliyat\u0131 ger\u00e7ekle\u015ftirmeye karar verdim. \u0130nternette uzun s\u00fcre ara\u015ft\u0131rma yapt\u0131ktan sonra SwissLasik&#8217;e rastlad\u0131m. Ayr\u0131ca bu firman\u0131n St. Gallen Tatil Fuar\u0131&#8217;na kat\u0131ld\u0131\u011f\u0131n\u0131 \u00f6\u011frendim. Bu y\u00fczden, \u0130stanbul\u2019a yap\u0131lacak yolculukta benimle birlikte olan arkada\u015f\u0131m ve ben fuara gittik, orada Bay Karaagacli ile tan\u0131\u015ft\u0131k ve bize operasyon ve klinik hakk\u0131nda ilk detayl\u0131 bilgileri verdi, ileti\u015fim bilgilerimizi payla\u015ft\u0131k. Bu etkinlik, verilen bilgiler ve Bay Karaagacli&#8217;nin samimiyeti, g\u00f6z ameliyat\u0131 karar\u0131m\u0131 peki\u015ftirdi. K\u0131sa bir s\u00fcre sonra, Bay Karaagacli\u2019den e-posta ile operasyon seyahati hakk\u0131nda detayl\u0131 bilgiler ald\u0131m ve istedi\u011fimiz tarihleri ilettim (toplamda 4 ki\u015fiydik \u2013 2 hasta ve 2 refakat\u00e7i). \u0130steklerimiz al\u0131nd\u0131, seyahat \u00e7ok h\u0131zl\u0131 bir \u015fekilde organize edildi ve onay e-postas\u0131 g\u00f6nderildi. Her \u015fey sorunsuz ve \u00e7ok h\u0131zl\u0131 bir \u015fekilde ilerledi. \u0130svi\u00e7re&#8217;de \u00f6n muayene yapmad\u0131m, \u00e7\u00fcnk\u00fc bildi\u011fim kadar\u0131yla komplikasyonlu bir g\u00f6z rahats\u0131zl\u0131\u011f\u0131m yoktu (astigmat veya benzeri bir durumum yoktu). Operasyon seyahati \u00fccretini \u00f6dedikten sonra, u\u00e7u\u015f tarihimizden 10 g\u00fcn \u00f6nce biletlerimizi ve \u00e7ok faydal\u0131 bilgiler i\u00e7eren bir SwissLasik kart\u0131 ald\u0131k. Kartta, operasyon \u00f6ncesi ve sonras\u0131 dikkat edilmesi gerekenler ve \u0130stanbul\u2019daki turistik yerler hakk\u0131nda \u00f6neriler yer al\u0131yordu, bunlar bizim i\u00e7in \u00e7ok faydal\u0131 oldu.<br>23 Nisan 2012&#8217;de Z\u00fcrih Havaalan\u0131&#8217;ndan \u0130stanbul&#8217;a do\u011fru yola \u00e7\u0131kt\u0131k. G\u00f6z ameliyat\u0131 nedeniyle biraz tedirgin olsam da, \u0130stanbul\u2019a hi\u00e7 gitmemi\u015f olmam nedeniyle olduk\u00e7a heyecanl\u0131yd\u0131m. \u0130stanbul Havaalan\u0131&#8217;nda, Ac\u0131badem Klinik&#8217;in transfer hizmetiyle kar\u015f\u0131lama tabelas\u0131 olan \u00e7ok nazik bir adam taraf\u0131ndan kar\u015f\u0131land\u0131k ve otele g\u00f6t\u00fcr\u00fcld\u00fck. Otelde de ayn\u0131 \u015fekilde nazik bir \u015fekilde kar\u015f\u0131land\u0131k ve odalar\u0131m\u0131za kadar e\u015flik edildik, odalar temizdi ve \u00e7ok rahat bir \u015fekilde d\u00f6\u015fenmi\u015fti. Ertesi sabah, saat 8&#8217;de otelden zaman\u0131nda al\u0131nd\u0131k. Ancak bizim refakat\u00e7ilerimiz, al\u0131nacak takside yer olmad\u0131\u011f\u0131 i\u00e7in kendi ba\u015flar\u0131na taksiyle kliniklere gitmek zorunda kald\u0131lar. Kliniklere vard\u0131\u011f\u0131m\u0131zda, hemen Almanca konu\u015fan personel taraf\u0131ndan kar\u015f\u0131land\u0131k ve bizi gerekli odalara y\u00f6nlendirdiler. Klinik beni \u015fahsen \u00e7ok olumlu bir \u015fekilde \u015fa\u015f\u0131rtt\u0131. Temizlik ve modernlik, cesaretimi art\u0131rd\u0131 ve sinirlerim biraz yat\u0131\u015ft\u0131. Muayeneler \u00e7ok profesyonel ve ayr\u0131nt\u0131l\u0131yd\u0131. Yakla\u015f\u0131k 2 saat sonra, ki\u015fisel olarak doktora y\u00f6nlendirildik ve g\u00f6zlerimizin yayg\u0131n Lasik y\u00f6ntemlerine uygun oldu\u011fu kesinle\u015fti. Bize, \u00f6\u011fleden sonra saat 14:00\u2019te operasyonun yap\u0131laca\u011f\u0131 s\u00f6ylendi ve o zamana kadar \u00fcst kattaki kafeteryada vakit ge\u00e7irebilece\u011fimiz belirtildi. Saat 14:00&#8217;te, personel taraf\u0131ndan zaman\u0131nda al\u0131nd\u0131k ve bekleme odas\u0131na y\u00f6nlendirildik. Sinirlerimiz tabii ki artt\u0131. Bekleme odas\u0131nda, operasyon sonras\u0131 damla tedavisiyle ilgili bilgi belgeleri da\u011f\u0131t\u0131ld\u0131 ve bizden operasyonla ilgili bir onay formu imzalat\u0131ld\u0131.                          Sonras\u0131nda i\u015flem ba\u015flad\u0131. Bizimle birlikte operasyona al\u0131nd\u0131k, koruyucu giysiler giydirildi (ba\u015fl\u0131k, \u00f6nl\u00fck ve ayakkab\u0131lar) ve g\u00f6zlerimize damlalar damlat\u0131ld\u0131. Yakla\u015f\u0131k 10 dakika sonra, kay\u0131nbiraderim operasyona al\u0131nd\u0131 ve yakla\u015f\u0131k 15 dakika sonra g\u00fclerek g\u00f6zleri tedavi edilmi\u015f bir \u015fekilde operasyon salonundan \u00e7\u0131kt\u0131. Ard\u0131ndan s\u0131ra bana geldi. Operasyon odas\u0131 \u00e7ok temiz ve iyi donan\u0131ml\u0131yd\u0131. Benim operasyonum da \u00e7ok h\u0131zl\u0131 ge\u00e7ti, yakla\u015f\u0131k 15 dakika s\u00fcrd\u00fc ve bitmi\u015fti. Sonras\u0131nda hemen bekleme odas\u0131na g\u00f6t\u00fcr\u00fcld\u00fcm ve koruyucu g\u00f6zl\u00fck tak\u0131ld\u0131. Bir s\u00fcre bekledik, sonra tekrar otele gitmek \u00fczere transfer servisimizle otele d\u00f6nd\u00fck. Yakla\u015f\u0131k 4 saat sonra g\u00f6zlerimi biraz a\u00e7abildim ve ayn\u0131 ak\u015fam koruyucu g\u00f6zl\u00fckle \u0130stanbul&#8217;da y\u00fcr\u00fcy\u00fc\u015fe \u00e7\u0131kabildim. En g\u00fczel k\u0131s\u0131m ise ertesi sabah oldu. Uyan\u0131nca kendimi bile s\u0131kt\u0131m, r\u00fcya g\u00f6rmedi\u011fimi kontrol etmek i\u00e7in: Kesinlikle hi\u00e7 a\u011fr\u0131 yoktu, g\u00f6zlerimi normal \u015fekilde a\u00e7abiliyordum ve en \u00f6nemlisi: G\u00d6ZL\u00dcKS\u00dcZ NET G\u00d6R\u00dcYORDUM! Ertesi sabah klinikte doktor taraf\u0131ndan yap\u0131lan k\u0131sa bir kontrol sonras\u0131, operasyonun tam anlam\u0131yla ba\u015far\u0131l\u0131 oldu\u011funu ve g\u00f6rme g\u00fcc\u00fcm\u00fcn %100&#8217;e tekrar geri d\u00f6nd\u00fc\u011f\u00fcn\u00fc \u00f6\u011frendim. K\u0131sa tatilimiz ve \u0130stanbul turumuz i\u00e7in \u00f6n\u00fcm\u00fczde hi\u00e7bir engel kalmam\u0131\u015ft\u0131 ve bu g\u00fczel \u015fehri yeni g\u00f6zlerimle ve yeni bir ya\u015fam enerjisiyle ke\u015ffettim. SwissLasik\u2019i herkese kesinlikle tavsiye ederim. Operasyon seyahatinin organizasyonu ve bak\u0131m\u0131 m\u00fckemmel ve &#8220;\u00f6zg\u00fcr&#8221; g\u00f6zlerle ya\u015famak paha bi\u00e7ilemez bir his!<br>Lilli Deis               <\/p>\n\n\n\n<div class=\"wp-block-group is-layout-grid wp-container-core-group-is-layout-baef362d wp-block-group-is-layout-grid\">\n<p><a href=\"https:\/\/medicaltravel.at\/home\/agb\/\" data-type=\"page\" data-id=\"2191\" rel=\"nofollow noopener\" target=\"_blank\"><\/a><a href=\"https:\/\/medicaltravel.ch\/tr\/hasta-raporlari\/turkiye-de-tedavi-deneyimleri\/28-31-mart-2012-tarihleri-arasinda-istanbula-seyahat-29-martta-ameliyat-16-mayis-2012-carsamba-tarihli-rapor\/\" data-type=\"link\" data-id=\"https:\/\/medicaltravel.ch\/tr\/hasta-raporlari\/turkiye-de-tedavi-deneyimleri\/28-31-mart-2012-tarihleri-arasinda-istanbula-seyahat-29-martta-ameliyat-16-mayis-2012-carsamba-tarihli-rapor\/\">\u00d6nceki rapor<\/a><\/p>\n\n\n\n<p class=\"has-text-align-right wp-container-content-5e2576f9\"><a href=\"https:\/\/medicaltravel.at\/home\/impressum\/\" data-type=\"page\" data-id=\"2193\" rel=\"nofollow noopener\" target=\"_blank\"><\/a><a href=\"https:\/\/medicaltravel.at\/home\/berichte-von-patienten\/erfahrungsberichte\/erfahrungsbericht-zahnbehandlung-in-istanbul\/\" data-type=\"page\" data-id=\"981\" rel=\"nofollow noopener\" target=\"_blank\"><\/a><a href=\"https:\/\/medicaltravel.ch\/tr\/hasta-raporlari\/turkiye-de-tedavi-deneyimleri\/istanbulda-swisslasikte-yaptirdigim-dis-tedavisiyle-ilgili-rapor-3-mayis-2012-persembe\/\" data-type=\"link\" data-id=\"https:\/\/medicaltravel.ch\/tr\/hasta-raporlari\/turkiye-de-tedavi-deneyimleri\/istanbulda-swisslasikte-yaptirdigim-dis-tedavisiyle-ilgili-rapor-3-mayis-2012-persembe\/\">Bir sonraki rapor<\/a><\/p>\n<\/div>\n","protected":false},"excerpt":{"rendered":"<p>&#8220;Engelsiz&#8221; g\u00f6zlerle ya\u015faman\u0131n verdi\u011fi yeni his paha bi\u00e7ilmez! \u2013 6 May\u0131s 2012 Pazar tarihli rapor Y\u0131llarca g\u00f6zlerimi lazerle tedavi ettirme konusunda d\u00fc\u015f\u00fcnd\u00fckten sonra, tan\u0131d\u0131klar\u0131mdan ald\u0131\u011f\u0131m olumlu geri bildirimler \u00fczerine bu y\u0131l ameliyat\u0131 ger\u00e7ekle\u015ftirmeye karar verdim. \u0130nternette uzun s\u00fcre ara\u015ft\u0131rma yapt\u0131ktan sonra SwissLasik&#8217;e rastlad\u0131m. Ayr\u0131ca bu firman\u0131n St. Gallen Tatil Fuar\u0131&#8217;na kat\u0131ld\u0131\u011f\u0131n\u0131 \u00f6\u011frendim. Bu y\u00fczden, \u0130stanbul\u2019a yap\u0131lacak yolculukta benimle birlikte olan arkada\u015f\u0131m ve ben fuara gittik, orada Bay Karaagacli ile tan\u0131\u015ft\u0131k ve bize operasyon ve klinik hakk\u0131nda ilk detayl\u0131 bilgileri verdi, ileti\u015fim bilgilerimizi payla\u015ft\u0131k. Bu etkinlik, verilen bilgiler ve Bay Karaagacli&#8217;nin samimiyeti, g\u00f6z ameliyat\u0131 karar\u0131m\u0131 peki\u015ftirdi. K\u0131sa bir s\u00fcre sonra, Bay Karaagacli\u2019den e-posta ile operasyon seyahati hakk\u0131nda detayl\u0131 bilgiler ald\u0131m ve istedi\u011fimiz tarihleri ilettim (toplamda 4 ki\u015fiydik \u2013 2 hasta ve 2 refakat\u00e7i). \u0130steklerimiz al\u0131nd\u0131, seyahat \u00e7ok h\u0131zl\u0131 bir \u015fekilde organize edildi ve onay e-postas\u0131 g\u00f6nderildi. Her \u015fey sorunsuz ve \u00e7ok h\u0131zl\u0131 bir \u015fekilde ilerledi. \u0130svi\u00e7re&#8217;de \u00f6n muayene yapmad\u0131m, \u00e7\u00fcnk\u00fc bildi\u011fim kadar\u0131yla komplikasyonlu bir g\u00f6z rahats\u0131zl\u0131\u011f\u0131m yoktu (astigmat veya benzeri bir durumum yoktu). Operasyon seyahati \u00fccretini \u00f6dedikten sonra, u\u00e7u\u015f tarihimizden 10 g\u00fcn \u00f6nce biletlerimizi ve \u00e7ok faydal\u0131 bilgiler i\u00e7eren bir SwissLasik kart\u0131 ald\u0131k. Kartta, operasyon \u00f6ncesi ve sonras\u0131 dikkat edilmesi gerekenler ve \u0130stanbul\u2019daki turistik yerler hakk\u0131nda \u00f6neriler yer al\u0131yordu, bunlar bizim i\u00e7in \u00e7ok faydal\u0131 oldu.23 Nisan 2012&#8217;de Z\u00fcrih Havaalan\u0131&#8217;ndan \u0130stanbul&#8217;a do\u011fru yola \u00e7\u0131kt\u0131k. G\u00f6z ameliyat\u0131 nedeniyle biraz tedirgin olsam da, \u0130stanbul\u2019a hi\u00e7 gitmemi\u015f olmam nedeniyle olduk\u00e7a heyecanl\u0131yd\u0131m. \u0130stanbul Havaalan\u0131&#8217;nda, Ac\u0131badem Klinik&#8217;in transfer hizmetiyle kar\u015f\u0131lama tabelas\u0131 olan \u00e7ok nazik bir adam taraf\u0131ndan kar\u015f\u0131land\u0131k ve otele g\u00f6t\u00fcr\u00fcld\u00fck. Otelde de ayn\u0131 \u015fekilde nazik bir \u015fekilde kar\u015f\u0131land\u0131k ve odalar\u0131m\u0131za kadar e\u015flik edildik, odalar temizdi ve \u00e7ok rahat bir \u015fekilde d\u00f6\u015fenmi\u015fti. Ertesi sabah, saat 8&#8217;de otelden zaman\u0131nda al\u0131nd\u0131k. Ancak bizim refakat\u00e7ilerimiz, al\u0131nacak takside yer olmad\u0131\u011f\u0131 i\u00e7in kendi ba\u015flar\u0131na taksiyle kliniklere gitmek zorunda kald\u0131lar. Kliniklere vard\u0131\u011f\u0131m\u0131zda, hemen Almanca konu\u015fan personel taraf\u0131ndan kar\u015f\u0131land\u0131k ve bizi gerekli odalara y\u00f6nlendirdiler. Klinik beni \u015fahsen \u00e7ok olumlu bir \u015fekilde \u015fa\u015f\u0131rtt\u0131. Temizlik ve modernlik, cesaretimi art\u0131rd\u0131 ve sinirlerim biraz yat\u0131\u015ft\u0131. Muayeneler \u00e7ok profesyonel ve ayr\u0131nt\u0131l\u0131yd\u0131. Yakla\u015f\u0131k 2 saat sonra, ki\u015fisel olarak doktora y\u00f6nlendirildik ve g\u00f6zlerimizin yayg\u0131n Lasik y\u00f6ntemlerine uygun oldu\u011fu kesinle\u015fti. Bize, \u00f6\u011fleden sonra saat 14:00\u2019te operasyonun yap\u0131laca\u011f\u0131 s\u00f6ylendi ve o zamana kadar \u00fcst kattaki kafeteryada vakit ge\u00e7irebilece\u011fimiz belirtildi. Saat 14:00&#8217;te, personel taraf\u0131ndan zaman\u0131nda al\u0131nd\u0131k ve bekleme odas\u0131na y\u00f6nlendirildik. Sinirlerimiz tabii ki artt\u0131. Bekleme odas\u0131nda, operasyon sonras\u0131 damla tedavisiyle ilgili bilgi belgeleri da\u011f\u0131t\u0131ld\u0131 ve bizden operasyonla ilgili bir onay formu imzalat\u0131ld\u0131. Sonras\u0131nda i\u015flem ba\u015flad\u0131. Bizimle birlikte operasyona al\u0131nd\u0131k, koruyucu giysiler giydirildi (ba\u015fl\u0131k, \u00f6nl\u00fck ve ayakkab\u0131lar) ve g\u00f6zlerimize damlalar damlat\u0131ld\u0131. Yakla\u015f\u0131k 10 dakika sonra, kay\u0131nbiraderim operasyona al\u0131nd\u0131 ve yakla\u015f\u0131k 15 dakika sonra g\u00fclerek g\u00f6zleri tedavi edilmi\u015f bir \u015fekilde operasyon salonundan \u00e7\u0131kt\u0131. Ard\u0131ndan s\u0131ra bana geldi. Operasyon odas\u0131 \u00e7ok temiz ve iyi donan\u0131ml\u0131yd\u0131. Benim operasyonum da \u00e7ok h\u0131zl\u0131 ge\u00e7ti, yakla\u015f\u0131k 15 dakika s\u00fcrd\u00fc ve bitmi\u015fti. Sonras\u0131nda hemen bekleme odas\u0131na g\u00f6t\u00fcr\u00fcld\u00fcm ve koruyucu g\u00f6zl\u00fck tak\u0131ld\u0131. Bir s\u00fcre bekledik, sonra tekrar otele gitmek \u00fczere transfer servisimizle otele d\u00f6nd\u00fck. Yakla\u015f\u0131k 4 saat sonra g\u00f6zlerimi biraz a\u00e7abildim ve ayn\u0131 ak\u015fam koruyucu g\u00f6zl\u00fckle \u0130stanbul&#8217;da y\u00fcr\u00fcy\u00fc\u015fe \u00e7\u0131kabildim. En g\u00fczel k\u0131s\u0131m ise ertesi sabah oldu. Uyan\u0131nca kendimi bile s\u0131kt\u0131m, r\u00fcya g\u00f6rmedi\u011fimi kontrol etmek i\u00e7in: Kesinlikle hi\u00e7 a\u011fr\u0131 yoktu, g\u00f6zlerimi normal \u015fekilde a\u00e7abiliyordum ve en \u00f6nemlisi: G\u00d6ZL\u00dcKS\u00dcZ NET G\u00d6R\u00dcYORDUM! Ertesi sabah klinikte doktor taraf\u0131ndan yap\u0131lan k\u0131sa bir kontrol sonras\u0131, operasyonun tam anlam\u0131yla ba\u015far\u0131l\u0131 oldu\u011funu ve g\u00f6rme g\u00fcc\u00fcm\u00fcn %100&#8217;e tekrar geri d\u00f6nd\u00fc\u011f\u00fcn\u00fc \u00f6\u011frendim. K\u0131sa tatilimiz ve \u0130stanbul turumuz i\u00e7in \u00f6n\u00fcm\u00fczde hi\u00e7bir engel kalmam\u0131\u015ft\u0131 ve bu g\u00fczel \u015fehri yeni g\u00f6zlerimle ve yeni bir ya\u015fam enerjisiyle ke\u015ffettim. SwissLasik\u2019i herkese kesinlikle tavsiye ederim. Operasyon seyahatinin organizasyonu ve bak\u0131m\u0131 m\u00fckemmel ve &#8220;\u00f6zg\u00fcr&#8221; g\u00f6zlerle ya\u015famak paha bi\u00e7ilemez bir his!Lilli Deis \u00d6nceki rapor Bir sonraki rapor<\/p>\n","protected":false},"author":4,"featured_media":0,"parent":4471,"menu_order":0,"comment_status":"closed","ping_status":"closed","template":"","meta":{"_joinchat":[],"footnotes":""},"class_list":["post-4481","page","type-page","status-publish","hentry"],"acf":[],"_links":{"self":[{"href":"https:\/\/medicaltravel.ch\/tr\/wp-json\/wp\/v2\/pages\/4481","targetHints":{"allow":["GET"]}}],"collection":[{"href":"https:\/\/medicaltravel.ch\/tr\/wp-json\/wp\/v2\/pages"}],"about":[{"href":"https:\/\/medicaltravel.ch\/tr\/wp-json\/wp\/v2\/types\/page"}],"author":[{"embeddable":true,"href":"https:\/\/medicaltravel.ch\/tr\/wp-json\/wp\/v2\/users\/4"}],"replies":[{"embeddable":true,"href":"https:\/\/medicaltravel.ch\/tr\/wp-json\/wp\/v2\/comments?post=4481"}],"version-history":[{"count":2,"href":"https:\/\/medicaltravel.ch\/tr\/wp-json\/wp\/v2\/pages\/4481\/revisions"}],"predecessor-version":[{"id":6478,"href":"https:\/\/medicaltravel.ch\/tr\/wp-json\/wp\/v2\/pages\/4481\/revisions\/6478"}],"up":[{"embeddable":true,"href":"https:\/\/medicaltravel.ch\/tr\/wp-json\/wp\/v2\/pages\/4471"}],"wp:attachment":[{"href":"https:\/\/medicaltravel.ch\/tr\/wp-json\/wp\/v2\/media?parent=4481"}],"curies":[{"name":"wp","href":"https:\/\/api.w.org\/{rel}","templated":true}]}}