{"id":4486,"date":"2025-09-24T06:38:23","date_gmt":"2025-09-24T05:38:23","guid":{"rendered":"https:\/\/medicaltravel.ch\/hasta-raporlari\/erfahrungsberichte-behandlungen-tuerkei\/goezlueksuez-goerme-hayali-istanbulda-gercek-oldu-18-mayis-2012-cuma-tarihli-haber\/"},"modified":"2026-01-12T19:49:51","modified_gmt":"2026-01-12T18:49:51","slug":"goezlueksuez-goerme-hayali-istanbulda-gercek-oldu-18-mayis-2012-cuma-tarihli-haber","status":"publish","type":"page","link":"https:\/\/medicaltravel.ch\/tr\/hasta-raporlari\/turkiye-de-tedavi-deneyimleri\/goezlueksuez-goerme-hayali-istanbulda-gercek-oldu-18-mayis-2012-cuma-tarihli-haber\/","title":{"rendered":"G\u00f6zl\u00fcks\u00fcz g\u00f6rme hayali \u0130stanbul&#8217;da ger\u00e7ek oldu\u2026 \u2013 18 May\u0131s 2012 Cuma tarihli haber"},"content":{"rendered":"\n<p>G\u00f6zl\u00fcks\u00fcz g\u00f6rme hayali \u0130stanbul&#8217;da ger\u00e7ek oldu\u2026 \u2013 18 May\u0131s 2012 Cuma tarihli haber<\/p>\n\n\n\n<p>Asl\u0131nda bu tamamen bir Y\u0131lba\u015f\u0131 fikriydi. Arkada\u015f\u0131m\u0131n k\u0131z karde\u015finin ba\u015far\u0131 hikayesi buna ilham kayna\u011f\u0131 olmu\u015ftu. Bu k\u0131z karde\u015fi, g\u00fc\u00e7l\u00fc miyopluk nedeniyle g\u00f6zlerini lazerle tedavi ettirmi\u015fti \u2013 \u0130stanbul\u2019da! \u0130stanbul\u2019da m\u0131? Evet, tamamen harika ve profesyonel bir \u015fekilde yap\u0131lm\u0131\u015f. Bu ger\u00e7ekten do\u011fru olabilir mi? Kay\u0131nvalidem olduk\u00e7a hevesliydi, hatta benden daha fazla. Okuma g\u00f6zl\u00fc\u011f\u00fcyle dertle\u015fiyordu. Bunun \u00fczerine internette ara\u015ft\u0131rmaya ba\u015flad\u0131m ve bir \u015feyler buldum: SwissLasik Thun beni hemen ikna etti. Telefonla \u00e7ok nazik ve ikna edici bir \u015fekilde beni bilgilendiren ki\u015fi Bay Karagaacli oldu. Dioptri derecelerim lazerle tedavi edilebilir gibi g\u00f6r\u00fcn\u00fcyordu. 2 gece uyuduktan ve e\u015fimle de g\u00f6r\u00fc\u015ft\u00fckten sonra bu maceraya at\u0131lmaya karar verdim. Kay\u0131nvalidem Gaby de beni takip etmek istedi ve Ac\u0131badem Klinik&#8217;te g\u00f6z muayenesi yapt\u0131racakt\u0131. Ya\u015fl\u0131l\u0131k nedeniyle g\u00f6rme zorlu\u011fu olmas\u0131na ra\u011fmen, belki bir \u00e7\u00f6z\u00fcm bulunur diye d\u00fc\u015f\u00fcnd\u00fck. Lazer umudu son olarak \u00f6l\u00fcrm\u00fc\u015f ya\u2026 Ne yaz\u0131k ki, onun umudu ger\u00e7ekle\u015fmedi; lazer tedavisine uygun de\u011fildi\u2026 Ancak e\u015fim ve k\u0131z\u0131m da bu olay\u0131 deneyimlemek istediler, bu y\u00fczden hemen ailece k\u0131sa bir \u0130stanbul gezisi planlad\u0131k. Her \u015fey, Bay Karagaacli taraf\u0131ndan d\u00fczenlendi (u\u00e7u\u015f, otel, \u00f6n muayene, operasyon ve son muayene). Ne zaman bir \u015f\u00fcphem olsa, telefonla veya e-posta ile kendisine ula\u015ft\u0131m ve birka\u00e7 ama rahatlat\u0131c\u0131 kelimeyle t\u00fcm endi\u015felerimi giderdi. Seyahatten birka\u00e7 g\u00fcn \u00f6nce bir LASERPASS ald\u0131m. Bu kitap\u00e7\u0131kta her \u015fey \u00e7ok a\u00e7\u0131k ve faydal\u0131 bir \u015fekilde yaz\u0131l\u0131yd\u0131. Havaalan\u0131nda bizi ACIBADEM Klinik tabelas\u0131yla kar\u015f\u0131layacaklard\u0131. Heyecanl\u0131 ve neyle kar\u015f\u0131la\u015faca\u011f\u0131m\u0131z\u0131 merak ederek, keyifli bir SWISS u\u00e7u\u015funun ard\u0131ndan \u0130stanbul\u2019a vard\u0131k ve y\u00fczlerce pankartla kar\u015f\u0131land\u0131k \u2013 \u015fof\u00f6r\u00fcm\u00fcz\u00fc arad\u0131k. Ancak ne yaz\u0131k ki bo\u015funa. Klinikle telefonda ileti\u015fime ge\u00e7mek yeterli oldu, taksi almam\u0131z s\u00f6ylendi. Tabii ki bu masraflar geri \u00f6denecekti. Bir SMS ve mideyi buland\u0131ran bir &#8220;\u0130yi ba\u015flamad\u0131&#8221; hissiyat\u0131yla, T\u00fcrk melekten yard\u0131m\u0131 ald\u0131m. Hemen geri arad\u0131 ve \u00f6z\u00fcr diledi. Bunun neden oldu\u011funu a\u00e7\u0131klayam\u0131yordu. Neyse ki, T\u00fcrkiye\u2019deydik\u2026 Fakat sonra her \u015fey gayet iyi gitti. Bizi otelden klini\u011fe ve geri getiren \u015fof\u00f6rlerimiz, 30 dakika erken gelmi\u015flerdi. Neyse ki&#8230; \u00d6\u011fleden sonras\u0131nda ve \u00c7ar\u015famba g\u00fcn\u00fc boyunca \u0130stanbul\u2019un tad\u0131n\u0131 kulinarik ve k\u00fclt\u00fcrel a\u00e7\u0131dan \u00e7\u0131kard\u0131k. Harikayd\u0131. Kaotik, g\u00fcr\u00fclt\u00fcl\u00fc, renkli ama samimi. Per\u015fembe sabah\u0131 erkenden al\u0131nd\u0131k (7:00, aman tanr\u0131m). Klinik, adeta bir kongre merkezi gibi, Bay Tolga taraf\u0131ndan kar\u015f\u0131land\u0131k ve burada benimle ilgilenecekti (ne kadar gerekli oldu\u011funu o an bilmiyordum). \u00d6n muayeneler sorunsuz ge\u00e7ti, ama zaman ald\u0131. Daha \u00f6nce uyar\u0131ld\u0131m, fakat saatlerce s\u00fcren bekleme sonras\u0131nda operasyon yap\u0131laca\u011f\u0131 s\u00f6ylendi. \u0130lgin\u00e7tir ki, zaman ge\u00e7irmek i\u00e7in kitap veya dergi getirmenizi tavsiye ederim. Ama bu s\u0131rada g\u00fczel bir arkada\u015fl\u0131k kurduk: Bir \u0130svi\u00e7reli ve T\u00fcrk arkada\u015f\u0131. Onlar\u0131n bilgi birikimiyle klinikten &#8220;ka\u00e7t\u0131k&#8221; ve yak\u0131n bir al\u0131\u015fveri\u015f merkezine gittik. Bu \u00e7ok e\u011flenceliydi ve \u00e7ok faydal\u0131 oldu. Ne yaz\u0131k ki, benim i\u00e7in Femto-Laser teknolojisi \u00f6zel bir cihazla uygulanmas\u0131 gerekti. Bu olduk\u00e7a hassast\u0131 ve bu y\u00fczden ek 500 Euro daha eklenmi\u015fti. Kornea \u00e7ok ince ve \u00e7ok elastikti, bu nedenle \u00f6zel olarak lazer uygulanmas\u0131 gerekiyordu (bu durum 10 hastan\u0131n 3&#8217;\u00fcnde g\u00f6r\u00fcl\u00fcr). Bunu cesurca kabul ettim. Koruyucu ba\u015fl\u0131k, ayakkab\u0131 ve koruyucu giysilerle OP alan\u0131na al\u0131nd\u0131m ve g\u00f6z damlalar\u0131 verildi. Ancak, \u00f6n lazer uygulamas\u0131 sorunsuz ge\u00e7mesine ra\u011fmen, Femto-Laser tekni\u011fi ayn\u0131 g\u00fcn yap\u0131lmayacakt\u0131. Sa\u011fl\u0131k sebepleri nedeniyle. Bu beni biraz strese soktu, ama yapacak bir \u015fey yoktu. Gaby, beni hi\u00e7 yaln\u0131z b\u0131rakmad\u0131 ve bana \u00e7ok fazla huzur ve cesaret verdi. O an ger\u00e7ekten buna ihtiyac\u0131m vard\u0131. Yar\u0131 lazerlenmi\u015f ve olduk\u00e7a yorgun bir \u015fekilde \u015fof\u00f6rle otelimize d\u00f6nd\u00fck. Yaln\u0131zca bir \u015fey istedim: Uyumak, uyumak, uyumak. O s\u0131rada ne yaz\u0131k ki g\u00fczel bir T\u00fcrk ak\u015fam yeme\u011fini ka\u00e7\u0131rd\u0131m. Cuma sabah\u0131 tekrar erken saatte klinikteydim; ba\u015fka 2 bu\u00e7uk saat bekledikten sonra Bay Tolga taraf\u0131ndan operasyon salonuna al\u0131nd\u0131m. Sonras\u0131ndaki deneyim pek ho\u015f de\u011fildi. Kornea \u00f6zel durumum komplikasyonlara neden oldu, sa\u011f g\u00f6zde i\u015fler fena gitmedi. Ama sol g\u00f6zde sorunlar ya\u015fand\u0131; benim i\u00e7in ve muhtemelen doktor i\u00e7in de zorlay\u0131c\u0131yd\u0131. Kornea s\u00fcrekli a\u015fa\u011f\u0131 kay\u0131yordu. Bay Tolga, beni sakinle\u015ftirmekte zorlan\u0131yordu. (Maalesef, \u00f6nceden bir yat\u0131\u015ft\u0131r\u0131c\u0131 almad\u0131m.) &#8220;L\u00fctfen Han\u0131m Regina, merkeze bak\u0131n, bize \u00e7ok zorla\u015ft\u0131r\u0131yorsunuz!&#8221; Tanr\u0131m, ne merkezine bakaca\u011f\u0131m? I\u015f\u0131klar\u0131, k\u0131rm\u0131z\u0131 \u0131\u015f\u0131klar\u0131, ye\u015fil \u0131\u015f\u0131klar\u0131 g\u00f6r\u00fcyordum ve g\u00f6z\u00fcmdeki her hareketi hissediyordum. Ayr\u0131ca, 2011\/12 Y\u0131lba\u015f\u0131&#8217;n\u0131 lanet ettim, t\u00fcm v\u00fccudum titriyordu ve korkudan donakalm\u0131\u015ft\u0131m. 2 kez \u00fcst \u00fcste bu i\u015flemi sol g\u00f6z\u00fcmde ge\u00e7irmem gerekti. Nihayet \u2013 sanki 10 saat ge\u00e7mi\u015f gibi \u2013 rahatlad\u0131m. &#8220;\u0130yi i\u015f, her \u015fey yolunda!&#8221; Doktorun nazik elleri y\u00fcz\u00fcmdeydi; elleri buz gibiydi. San\u0131r\u0131m o da olduk\u00e7a zorlanm\u0131\u015ft\u0131. E\u015fim, 1 saat sonra beni al\u0131p, yerine 10 dakika bekledikten sonra geldi ve bana yat\u0131\u015ft\u0131r\u0131c\u0131 bir ila\u00e7 ve a\u011fr\u0131 kesici talep etti. \u00c7ok bitkin haldeydim ve yan\u0131mda oldu\u011fu i\u00e7in \u00e7ok minnettard\u0131m. Kendi iste\u011fimizle otelimize d\u00f6nerken metro ile gitmeyi tercih ettik. Klinikten hemen a\u015fa\u011f\u0131ya inip metroya bindik ve \u00e7ok daha h\u0131zl\u0131 bir \u015fekilde Taksim Meydan\u0131\u2019na ula\u015ft\u0131k. \u00d6nceki g\u00fcn taksiyle gitmek bana b\u00fcy\u00fck mide bulant\u0131s\u0131 yapm\u0131\u015ft\u0131, bunu \u00f6nlemek istemi\u015ftim. Dev bir siyah koruyucu g\u00f6zl\u00fckle, biraz canavara benziyor olsam da, kimse buna ald\u0131r\u0131\u015f etmedi. Otelde bir uyku hap\u0131 al\u0131p, e\u015fimi Bosphorus tekne turuna gitmesi i\u00e7in g\u00f6nderdim ve hemen derin bir uykuya dald\u0131m. Sonra, 4 saat sonra: 17:00 &#8211; G\u00f6zlerimi a\u00e7t\u0131m \u2013 net g\u00f6r\u00fc\u015f \u2013 harika! Art\u0131k ben de, lazer hastalar\u0131n\u0131n raporlar\u0131nda tarif ettikleri o mutlulu\u011fu ya\u015fad\u0131m. G\u00f6zl\u00fck takmadan g\u00f6rebiliyorum. Hatta otel odam\u0131n kar\u015f\u0131s\u0131ndaki harabe gibi olan binay\u0131 g\u00fczellik olarak g\u00f6rd\u00fcm! Yeniden do\u011fmu\u015f gibi hissettim, hemen d\u0131\u015far\u0131 \u00e7\u0131kmak istedim, ama siyah normal g\u00fcne\u015f g\u00f6zl\u00fc\u011f\u00fcyle gizlenmi\u015f \u015fekilde. Tarifsiz, net g\u00f6rebiliyorum. Hatta SMS bile g\u00f6zl\u00fcks\u00fcz yazabiliyorum! B\u00fcy\u00fc ger\u00e7ekle\u015fti. Ayr\u0131ca, lazer tedavisinin ard\u0131ndan kesinlikle bir okuma g\u00f6zl\u00fc\u011f\u00fc kullanmam gerekece\u011fi s\u00f6ylenmi\u015fti, ama ben hi\u00e7bir \u015fey kullanm\u0131yorum!<\/p>\n\n\n\n<p>G\u00f6zlerim, a\u011fr\u0131l\u0131 s\u00fcre\u00e7 sonras\u0131 k\u0131zarm\u0131\u015f durumda. Sol g\u00f6z\u00fcm, zombi gibi bana bak\u0131yor. Kan k\u0131rm\u0131z\u0131, korkun\u00e7. Ama ge\u00e7ece\u011fi s\u00f6ylendi. En \u00f6nemli \u015fey, g\u00f6z damlalar\u0131yla d\u00fczenli ve talimatlara uygun tedavi uygulamakt\u0131. Doktor, evime d\u00f6nmeden \u00f6nce son bir kontrol yapmak istedi. Bu beni olduk\u00e7a rahatlatt\u0131. Yine her \u015fey m\u00fckemmel bir \u015fekilde organize edildi. Otelden al\u0131nd\u0131m, valizlerle birlikte klinikte durduk ve ard\u0131ndan havaalan\u0131na gitmek \u00fczere yola \u00e7\u0131kt\u0131k. Doktor memnundu ve bana Z\u00fcrich&#8217;te 4 hafta sonra bir kontrol \u00f6nerdi. Cumartesi ak\u015fam\u0131, bu lazer maceras\u0131n\u0131n ard\u0131ndan mutlulukla ve memnuniyetle evimize d\u00f6nd\u00fck. Zombie bak\u0131\u015f\u0131m\u0131, ertesi hafta hafif tonlu bir g\u00fcne\u015f g\u00f6zl\u00fc\u011f\u00fcyle gizledim, bunu i\u015fte de takt\u0131m, \u00e7\u00fcnk\u00fc herkesi korkutmak istemedim \ud83d\ude42 Bir hafta sonra durum art\u0131k o kadar k\u00f6t\u00fc de\u011fildi, bak\u0131\u015f\u0131m normale d\u00f6nd\u00fc, beyazlad\u0131 ve daha dost\u00e7a oldu. Z\u00fcrich\u2019teki kontrol (yine en y\u00fcksek seviyede) 4 hafta sonra, sol g\u00f6z\u00fcmde hala bir film tabakas\u0131 oldu\u011funu g\u00f6sterdi; bu nedenle soldan sa\u011fa g\u00f6re daha net g\u00f6remiyorum. Burada g\u00f6z doktoru sa\u011f g\u00f6zde %98 g\u00f6rme g\u00fcc\u00fc, sol g\u00f6zde ise %75 \u00f6l\u00e7t\u00fc. Ancak bu, g\u00f6z tamamen iyile\u015ftik\u00e7e artacak. Bir miktar astigmatizm de kald\u0131; bu da g\u00f6zl\u00fcks\u00fcz okumam\u0131 kolayla\u015ft\u0131r\u0131yor. Haziran ortas\u0131nda yap\u0131lacak bir ba\u015fka muayene, nihai g\u00f6rme sonucunu g\u00f6sterecek. Her \u015fekilde: Yine yapar\u0131m, \u00e7\u00fcnk\u00fc hayat\u0131m g\u00f6rsel olarak ger\u00e7ekten \u00e7ok daha iyi bir hale geldi. Yine \u0130stanbul\u2019da lazer tedavisi yapt\u0131r\u0131r\u0131m. \u00c7\u00fcnk\u00fc orada, kesinlikle s\u0131rad\u0131\u015f\u0131 bir durumla nas\u0131l ba\u015fa \u00e7\u0131k\u0131ld\u0131\u011f\u0131n\u0131 g\u00f6rmek, son derece yetkin ve iyi e\u011fitimli bir ekibin oldu\u011funu g\u00f6steriyor. Hepinize te\u015fekk\u00fcrler! Bu klini\u011fi kesinlikle tavsiye ediyorum. Ger\u00e7ekten \u201ccesur\u201d olmak \u00e7ok de\u011ferli; asl\u0131nda bu hi\u00e7 de gerekli de\u011fil, \u00e7\u00fcnk\u00fc eminim ki bu hastane, her \u0130svi\u00e7re hastanesine ta\u015f \u00e7\u0131karabilir. Swiss-Lasik A&#8217;dan Z&#8217;ye m\u00fckemmel bir i\u015f \u00e7\u0131kar\u0131yor. \u00c7oooook te\u015fekk\u00fcrler! K\u00fclt\u00fcr\u00fcn ta kendisi!                           <\/p>\n\n\n\n<p><br>Otelimiz\u2026<\/p>\n\n\n\n<figure class=\"wp-block-image size-full\"><img fetchpriority=\"high\" decoding=\"async\" width=\"300\" height=\"225\" src=\"https:\/\/medicaltravel.ch\/wp-content\/uploads\/2025\/09\/1-7-300x225-1.jpg\" alt=\"\" class=\"wp-image-904\"\/><\/figure>\n\n\n\n<p><br>Hay\u0131r, hay\u0131r, daha \u00e7ok \u015funa benziyor \ud83d\ude00<\/p>\n\n\n\n<figure class=\"wp-block-image size-full\"><img decoding=\"async\" width=\"300\" height=\"282\" src=\"https:\/\/medicaltravel.ch\/wp-content\/uploads\/2025\/09\/2-5-300x282-1.jpg\" alt=\"\" class=\"wp-image-905\"\/><\/figure>\n\n\n\n<p>M\u00fckemmel merkezi konumda. Taksim Meydan\u0131 ve bir\u00e7ok g\u00fczel restoran\u0131n bulundu\u011fu Taksim al\u0131\u015fveri\u015f caddesi sadece 5 dakikal\u0131k y\u00fcr\u00fcme mesafesinde. Lezzetli yemekler \u2013 hi\u00e7 sorun de\u011fil, \u00fcstelik \u00e7ok uygun fiyatl\u0131.  <\/p>\n\n\n\n<figure class=\"wp-block-image size-full\"><img decoding=\"async\" width=\"300\" height=\"232\" src=\"https:\/\/medicaltravel.ch\/wp-content\/uploads\/2025\/09\/3-4-300x232-1.jpg\" alt=\"\" class=\"wp-image-906\"\/><\/figure>\n\n\n\n<p>Krali\u00e7e Renggli<\/p>\n\n\n\n<div class=\"wp-block-group is-layout-grid wp-container-core-group-is-layout-baef362d wp-block-group-is-layout-grid\">\n<p><a href=\"https:\/\/medicaltravel.at\/home\/agb\/\" data-type=\"page\" data-id=\"2191\" rel=\"nofollow noopener\" target=\"_blank\"><\/a><a href=\"https:\/\/medicaltravel.ch\/tr\/hasta-raporlari\/turkiye-de-tedavi-deneyimleri\/acibadem-istanbulda-lazer-goez-ameliyati-deneyimim-30-mayis-2012-carsamba-tarihli-rapor\/\" data-type=\"link\" data-id=\"https:\/\/medicaltravel.ch\/tr\/hasta-raporlari\/turkiye-de-tedavi-deneyimleri\/acibadem-istanbulda-lazer-goez-ameliyati-deneyimim-30-mayis-2012-carsamba-tarihli-rapor\/\">\u00d6nceki rapor<\/a><\/p>\n\n\n\n<p class=\"has-text-align-right wp-container-content-5e2576f9\"><a href=\"https:\/\/medicaltravel.at\/home\/impressum\/\" data-type=\"page\" data-id=\"2193\" rel=\"nofollow noopener\" target=\"_blank\"><\/a><a href=\"https:\/\/medicaltravel.at\/home\/berichte-von-patienten\/erfahrungsberichte\/erfahrungsbericht-zahnbehandlung-in-istanbul\/\" data-type=\"page\" data-id=\"981\" rel=\"nofollow noopener\" target=\"_blank\"><\/a><a href=\"https:\/\/medicaltravel.ch\/tr\/hasta-raporlari\/turkiye-de-tedavi-deneyimleri\/28-31-mart-2012-tarihleri-arasinda-istanbula-seyahat-29-martta-ameliyat-16-mayis-2012-carsamba-tarihli-rapor\/\" data-type=\"link\" data-id=\"https:\/\/medicaltravel.ch\/tr\/hasta-raporlari\/turkiye-de-tedavi-deneyimleri\/28-31-mart-2012-tarihleri-arasinda-istanbula-seyahat-29-martta-ameliyat-16-mayis-2012-carsamba-tarihli-rapor\/\">Bir sonraki rapor<\/a><\/p>\n<\/div>\n","protected":false},"excerpt":{"rendered":"<p>G\u00f6zl\u00fcks\u00fcz g\u00f6rme hayali \u0130stanbul&#8217;da ger\u00e7ek oldu\u2026 \u2013 18 May\u0131s 2012 Cuma tarihli haber Asl\u0131nda bu tamamen bir Y\u0131lba\u015f\u0131 fikriydi. Arkada\u015f\u0131m\u0131n k\u0131z karde\u015finin ba\u015far\u0131 hikayesi buna ilham kayna\u011f\u0131 olmu\u015ftu. Bu k\u0131z karde\u015fi, g\u00fc\u00e7l\u00fc miyopluk nedeniyle g\u00f6zlerini lazerle tedavi ettirmi\u015fti \u2013 \u0130stanbul\u2019da! \u0130stanbul\u2019da m\u0131? Evet, tamamen harika ve profesyonel bir \u015fekilde yap\u0131lm\u0131\u015f. Bu ger\u00e7ekten do\u011fru olabilir mi? Kay\u0131nvalidem olduk\u00e7a hevesliydi, hatta benden daha fazla. Okuma g\u00f6zl\u00fc\u011f\u00fcyle dertle\u015fiyordu. Bunun \u00fczerine internette ara\u015ft\u0131rmaya ba\u015flad\u0131m ve bir \u015feyler buldum: SwissLasik Thun beni hemen ikna etti. Telefonla \u00e7ok nazik ve ikna edici bir \u015fekilde beni bilgilendiren ki\u015fi Bay Karagaacli oldu. Dioptri derecelerim lazerle tedavi edilebilir gibi g\u00f6r\u00fcn\u00fcyordu. 2 gece uyuduktan ve e\u015fimle de g\u00f6r\u00fc\u015ft\u00fckten sonra bu maceraya at\u0131lmaya karar verdim. Kay\u0131nvalidem Gaby de beni takip etmek istedi ve Ac\u0131badem Klinik&#8217;te g\u00f6z muayenesi yapt\u0131racakt\u0131. Ya\u015fl\u0131l\u0131k nedeniyle g\u00f6rme zorlu\u011fu olmas\u0131na ra\u011fmen, belki bir \u00e7\u00f6z\u00fcm bulunur diye d\u00fc\u015f\u00fcnd\u00fck. Lazer umudu son olarak \u00f6l\u00fcrm\u00fc\u015f ya\u2026 Ne yaz\u0131k ki, onun umudu ger\u00e7ekle\u015fmedi; lazer tedavisine uygun de\u011fildi\u2026 Ancak e\u015fim ve k\u0131z\u0131m da bu olay\u0131 deneyimlemek istediler, bu y\u00fczden hemen ailece k\u0131sa bir \u0130stanbul gezisi planlad\u0131k. Her \u015fey, Bay Karagaacli taraf\u0131ndan d\u00fczenlendi (u\u00e7u\u015f, otel, \u00f6n muayene, operasyon ve son muayene). Ne zaman bir \u015f\u00fcphem olsa, telefonla veya e-posta ile kendisine ula\u015ft\u0131m ve birka\u00e7 ama rahatlat\u0131c\u0131 kelimeyle t\u00fcm endi\u015felerimi giderdi. Seyahatten birka\u00e7 g\u00fcn \u00f6nce bir LASERPASS ald\u0131m. Bu kitap\u00e7\u0131kta her \u015fey \u00e7ok a\u00e7\u0131k ve faydal\u0131 bir \u015fekilde yaz\u0131l\u0131yd\u0131. Havaalan\u0131nda bizi ACIBADEM Klinik tabelas\u0131yla kar\u015f\u0131layacaklard\u0131. Heyecanl\u0131 ve neyle kar\u015f\u0131la\u015faca\u011f\u0131m\u0131z\u0131 merak ederek, keyifli bir SWISS u\u00e7u\u015funun ard\u0131ndan \u0130stanbul\u2019a vard\u0131k ve y\u00fczlerce pankartla kar\u015f\u0131land\u0131k \u2013 \u015fof\u00f6r\u00fcm\u00fcz\u00fc arad\u0131k. Ancak ne yaz\u0131k ki bo\u015funa. Klinikle telefonda ileti\u015fime ge\u00e7mek yeterli oldu, taksi almam\u0131z s\u00f6ylendi. Tabii ki bu masraflar geri \u00f6denecekti. Bir SMS ve mideyi buland\u0131ran bir &#8220;\u0130yi ba\u015flamad\u0131&#8221; hissiyat\u0131yla, T\u00fcrk melekten yard\u0131m\u0131 ald\u0131m. Hemen geri arad\u0131 ve \u00f6z\u00fcr diledi. Bunun neden oldu\u011funu a\u00e7\u0131klayam\u0131yordu. Neyse ki, T\u00fcrkiye\u2019deydik\u2026 Fakat sonra her \u015fey gayet iyi gitti. Bizi otelden klini\u011fe ve geri getiren \u015fof\u00f6rlerimiz, 30 dakika erken gelmi\u015flerdi. Neyse ki&#8230; \u00d6\u011fleden sonras\u0131nda ve \u00c7ar\u015famba g\u00fcn\u00fc boyunca \u0130stanbul\u2019un tad\u0131n\u0131 kulinarik ve k\u00fclt\u00fcrel a\u00e7\u0131dan \u00e7\u0131kard\u0131k. Harikayd\u0131. Kaotik, g\u00fcr\u00fclt\u00fcl\u00fc, renkli ama samimi. Per\u015fembe sabah\u0131 erkenden al\u0131nd\u0131k (7:00, aman tanr\u0131m). Klinik, adeta bir kongre merkezi gibi, Bay Tolga taraf\u0131ndan kar\u015f\u0131land\u0131k ve burada benimle ilgilenecekti (ne kadar gerekli oldu\u011funu o an bilmiyordum). \u00d6n muayeneler sorunsuz ge\u00e7ti, ama zaman ald\u0131. Daha \u00f6nce uyar\u0131ld\u0131m, fakat saatlerce s\u00fcren bekleme sonras\u0131nda operasyon yap\u0131laca\u011f\u0131 s\u00f6ylendi. \u0130lgin\u00e7tir ki, zaman ge\u00e7irmek i\u00e7in kitap veya dergi getirmenizi tavsiye ederim. Ama bu s\u0131rada g\u00fczel bir arkada\u015fl\u0131k kurduk: Bir \u0130svi\u00e7reli ve T\u00fcrk arkada\u015f\u0131. Onlar\u0131n bilgi birikimiyle klinikten &#8220;ka\u00e7t\u0131k&#8221; ve yak\u0131n bir al\u0131\u015fveri\u015f merkezine gittik. Bu \u00e7ok e\u011flenceliydi ve \u00e7ok faydal\u0131 oldu. Ne yaz\u0131k ki, benim i\u00e7in Femto-Laser teknolojisi \u00f6zel bir cihazla uygulanmas\u0131 gerekti. Bu olduk\u00e7a hassast\u0131 ve bu y\u00fczden ek 500 Euro daha eklenmi\u015fti. Kornea \u00e7ok ince ve \u00e7ok elastikti, bu nedenle \u00f6zel olarak lazer uygulanmas\u0131 gerekiyordu (bu durum 10 hastan\u0131n 3&#8217;\u00fcnde g\u00f6r\u00fcl\u00fcr). Bunu cesurca kabul ettim. Koruyucu ba\u015fl\u0131k, ayakkab\u0131 ve koruyucu giysilerle OP alan\u0131na al\u0131nd\u0131m ve g\u00f6z damlalar\u0131 verildi. Ancak, \u00f6n lazer uygulamas\u0131 sorunsuz ge\u00e7mesine ra\u011fmen, Femto-Laser tekni\u011fi ayn\u0131 g\u00fcn yap\u0131lmayacakt\u0131. Sa\u011fl\u0131k sebepleri nedeniyle. Bu beni biraz strese soktu, ama yapacak bir \u015fey yoktu. Gaby, beni hi\u00e7 yaln\u0131z b\u0131rakmad\u0131 ve bana \u00e7ok fazla huzur ve cesaret verdi. O an ger\u00e7ekten buna ihtiyac\u0131m vard\u0131. Yar\u0131 lazerlenmi\u015f ve olduk\u00e7a yorgun bir \u015fekilde \u015fof\u00f6rle otelimize d\u00f6nd\u00fck. Yaln\u0131zca bir \u015fey istedim: Uyumak, uyumak, uyumak. O s\u0131rada ne yaz\u0131k ki g\u00fczel bir T\u00fcrk ak\u015fam yeme\u011fini ka\u00e7\u0131rd\u0131m. Cuma sabah\u0131 tekrar erken saatte klinikteydim; ba\u015fka 2 bu\u00e7uk saat bekledikten sonra Bay Tolga taraf\u0131ndan operasyon salonuna al\u0131nd\u0131m. Sonras\u0131ndaki deneyim pek ho\u015f de\u011fildi. Kornea \u00f6zel durumum komplikasyonlara neden oldu, sa\u011f g\u00f6zde i\u015fler fena gitmedi. Ama sol g\u00f6zde sorunlar ya\u015fand\u0131; benim i\u00e7in ve muhtemelen doktor i\u00e7in de zorlay\u0131c\u0131yd\u0131. Kornea s\u00fcrekli a\u015fa\u011f\u0131 kay\u0131yordu. Bay Tolga, beni sakinle\u015ftirmekte zorlan\u0131yordu. (Maalesef, \u00f6nceden bir yat\u0131\u015ft\u0131r\u0131c\u0131 almad\u0131m.) &#8220;L\u00fctfen Han\u0131m Regina, merkeze bak\u0131n, bize \u00e7ok zorla\u015ft\u0131r\u0131yorsunuz!&#8221; Tanr\u0131m, ne merkezine bakaca\u011f\u0131m? I\u015f\u0131klar\u0131, k\u0131rm\u0131z\u0131 \u0131\u015f\u0131klar\u0131, ye\u015fil \u0131\u015f\u0131klar\u0131 g\u00f6r\u00fcyordum ve g\u00f6z\u00fcmdeki her hareketi hissediyordum. Ayr\u0131ca, 2011\/12 Y\u0131lba\u015f\u0131&#8217;n\u0131 lanet ettim, t\u00fcm v\u00fccudum titriyordu ve korkudan donakalm\u0131\u015ft\u0131m. 2 kez \u00fcst \u00fcste bu i\u015flemi sol g\u00f6z\u00fcmde ge\u00e7irmem gerekti. Nihayet \u2013 sanki 10 saat ge\u00e7mi\u015f gibi \u2013 rahatlad\u0131m. &#8220;\u0130yi i\u015f, her \u015fey yolunda!&#8221; Doktorun nazik elleri y\u00fcz\u00fcmdeydi; elleri buz gibiydi. San\u0131r\u0131m o da olduk\u00e7a zorlanm\u0131\u015ft\u0131. E\u015fim, 1 saat sonra beni al\u0131p, yerine 10 dakika bekledikten sonra geldi ve bana yat\u0131\u015ft\u0131r\u0131c\u0131 bir ila\u00e7 ve a\u011fr\u0131 kesici talep etti. \u00c7ok bitkin haldeydim ve yan\u0131mda oldu\u011fu i\u00e7in \u00e7ok minnettard\u0131m. Kendi iste\u011fimizle otelimize d\u00f6nerken metro ile gitmeyi tercih ettik. Klinikten hemen a\u015fa\u011f\u0131ya inip metroya bindik ve \u00e7ok daha h\u0131zl\u0131 bir \u015fekilde Taksim Meydan\u0131\u2019na ula\u015ft\u0131k. \u00d6nceki g\u00fcn taksiyle gitmek bana b\u00fcy\u00fck mide bulant\u0131s\u0131 yapm\u0131\u015ft\u0131, bunu \u00f6nlemek istemi\u015ftim. Dev bir siyah koruyucu g\u00f6zl\u00fckle, biraz canavara benziyor olsam da, kimse buna ald\u0131r\u0131\u015f etmedi. Otelde bir uyku hap\u0131 al\u0131p, e\u015fimi Bosphorus tekne turuna gitmesi i\u00e7in g\u00f6nderdim ve hemen derin bir uykuya dald\u0131m. Sonra, 4 saat sonra: 17:00 &#8211; G\u00f6zlerimi a\u00e7t\u0131m \u2013 net g\u00f6r\u00fc\u015f \u2013 harika! Art\u0131k ben de, lazer hastalar\u0131n\u0131n raporlar\u0131nda tarif ettikleri o mutlulu\u011fu ya\u015fad\u0131m. G\u00f6zl\u00fck takmadan g\u00f6rebiliyorum. Hatta otel odam\u0131n kar\u015f\u0131s\u0131ndaki harabe gibi olan binay\u0131 g\u00fczellik olarak g\u00f6rd\u00fcm! Yeniden do\u011fmu\u015f gibi hissettim, hemen d\u0131\u015far\u0131 \u00e7\u0131kmak istedim, ama siyah normal g\u00fcne\u015f g\u00f6zl\u00fc\u011f\u00fcyle gizlenmi\u015f \u015fekilde. Tarifsiz, net g\u00f6rebiliyorum. Hatta SMS bile g\u00f6zl\u00fcks\u00fcz yazabiliyorum! B\u00fcy\u00fc ger\u00e7ekle\u015fti. Ayr\u0131ca, lazer tedavisinin ard\u0131ndan kesinlikle bir okuma g\u00f6zl\u00fc\u011f\u00fc kullanmam gerekece\u011fi s\u00f6ylenmi\u015fti, ama ben hi\u00e7bir \u015fey kullanm\u0131yorum! G\u00f6zlerim, a\u011fr\u0131l\u0131 s\u00fcre\u00e7 sonras\u0131 k\u0131zarm\u0131\u015f durumda. Sol g\u00f6z\u00fcm, zombi gibi bana bak\u0131yor. Kan k\u0131rm\u0131z\u0131, korkun\u00e7. Ama ge\u00e7ece\u011fi s\u00f6ylendi. En \u00f6nemli \u015fey, g\u00f6z damlalar\u0131yla d\u00fczenli ve talimatlara uygun tedavi uygulamakt\u0131. Doktor, evime d\u00f6nmeden \u00f6nce son bir kontrol yapmak istedi. Bu beni olduk\u00e7a rahatlatt\u0131. Yine her \u015fey m\u00fckemmel bir \u015fekilde organize edildi. Otelden al\u0131nd\u0131m, valizlerle birlikte klinikte durduk ve ard\u0131ndan havaalan\u0131na gitmek \u00fczere yola \u00e7\u0131kt\u0131k. Doktor memnundu ve bana Z\u00fcrich&#8217;te 4 hafta sonra bir kontrol \u00f6nerdi. Cumartesi ak\u015fam\u0131, bu lazer maceras\u0131n\u0131n ard\u0131ndan mutlulukla ve memnuniyetle evimize d\u00f6nd\u00fck. Zombie bak\u0131\u015f\u0131m\u0131, ertesi hafta hafif tonlu bir g\u00fcne\u015f g\u00f6zl\u00fc\u011f\u00fcyle gizledim, bunu i\u015fte de takt\u0131m, \u00e7\u00fcnk\u00fc herkesi korkutmak istemedim \ud83d\ude42 Bir hafta sonra durum art\u0131k o kadar k\u00f6t\u00fc de\u011fildi, bak\u0131\u015f\u0131m normale d\u00f6nd\u00fc, beyazlad\u0131 ve daha dost\u00e7a oldu. Z\u00fcrich\u2019teki kontrol (yine en y\u00fcksek seviyede) 4 hafta sonra, sol g\u00f6z\u00fcmde hala bir film tabakas\u0131 oldu\u011funu<\/p>\n","protected":false},"author":4,"featured_media":0,"parent":4471,"menu_order":0,"comment_status":"closed","ping_status":"closed","template":"","meta":{"_joinchat":[],"footnotes":""},"class_list":["post-4486","page","type-page","status-publish","hentry"],"acf":[],"_links":{"self":[{"href":"https:\/\/medicaltravel.ch\/tr\/wp-json\/wp\/v2\/pages\/4486","targetHints":{"allow":["GET"]}}],"collection":[{"href":"https:\/\/medicaltravel.ch\/tr\/wp-json\/wp\/v2\/pages"}],"about":[{"href":"https:\/\/medicaltravel.ch\/tr\/wp-json\/wp\/v2\/types\/page"}],"author":[{"embeddable":true,"href":"https:\/\/medicaltravel.ch\/tr\/wp-json\/wp\/v2\/users\/4"}],"replies":[{"embeddable":true,"href":"https:\/\/medicaltravel.ch\/tr\/wp-json\/wp\/v2\/comments?post=4486"}],"version-history":[{"count":0,"href":"https:\/\/medicaltravel.ch\/tr\/wp-json\/wp\/v2\/pages\/4486\/revisions"}],"up":[{"embeddable":true,"href":"https:\/\/medicaltravel.ch\/tr\/wp-json\/wp\/v2\/pages\/4471"}],"wp:attachment":[{"href":"https:\/\/medicaltravel.ch\/tr\/wp-json\/wp\/v2\/media?parent=4486"}],"curies":[{"name":"wp","href":"https:\/\/api.w.org\/{rel}","templated":true}]}}