{"id":4489,"date":"2025-09-24T06:42:56","date_gmt":"2025-09-24T05:42:56","guid":{"rendered":"https:\/\/medicaltravel.ch\/hasta-raporlari\/erfahrungsberichte-behandlungen-tuerkei\/10-sentlik-madeni-parayi-20-sentlik-madeni-paradan-ayirt-etme-25-nisan-2012-carsamba-tarihli-rapor\/"},"modified":"2026-01-12T19:52:35","modified_gmt":"2026-01-12T18:52:35","slug":"10-sentlik-madeni-parayi-20-sentlik-madeni-paradan-ayirt-etme-25-nisan-2012-carsamba-tarihli-rapor","status":"publish","type":"page","link":"https:\/\/medicaltravel.ch\/tr\/hasta-raporlari\/turkiye-de-tedavi-deneyimleri\/10-sentlik-madeni-parayi-20-sentlik-madeni-paradan-ayirt-etme-25-nisan-2012-carsamba-tarihli-rapor\/","title":{"rendered":"10 sentlik madeni paray\u0131 20 sentlik madeni paradan ay\u0131rt etme \u2013 25 Nisan 2012 \u00c7ar\u015famba tarihli rapor"},"content":{"rendered":"\n<p>10 sentlik madeni paray\u0131 20 sentlik madeni paradan ay\u0131rt etme \u2013 25 Nisan 2012 \u00c7ar\u015famba tarihli rapor<\/p>\n\n\n\n<p>G\u00f6rme konusunda dile\u011fim \u00e7ok b\u00fcy\u00fckt\u00fc. Hen\u00fcz g\u00f6zl\u00fck kullanm\u0131yordum ama s\u00fcrekli SMS mesajlar\u0131, fiyat etiketleri, gazete okumak gibi \u015feyler i\u00e7in okuma g\u00f6zl\u00fc\u011f\u00fc kullanmam ya\u015fam kalitemi \u00e7ok s\u0131n\u0131rl\u0131yordu. \u0130stanbul&#8217;da lazer tedavisi yapt\u0131rmaya karar verdim. \u0130stanbul&#8217;da ya\u015fayan ve beni cesaretlendiren arkada\u015f\u0131m \u00e7ok yard\u0131mc\u0131 oldu. Onun k\u0131z\u0131, annesi ve hatta k\u00fc\u00e7\u00fck ye\u011feni (o zamanlar 2 ayl\u0131kt\u0131) ayn\u0131 klinikte b\u00fcy\u00fck ba\u015far\u0131yla lazer tedavisi oldu. B\u00f6ylece T\u00fcrkiye&#8217;yi tercih ettim. Sonra Swisslasik ile kar\u015f\u0131la\u015ft\u0131m. Bu organizasyonu kesinlikle tavsiye ediyorum. Say\u0131n Karaagacli bana harika bilgiler verdi ve randevu ayarlamam\u0131 sa\u011flad\u0131. Hastaneye \u00e7ok zaman\u0131nda vard\u0131k. Klinik, bir cami manzaras\u0131na sahip g\u00fczel bir yerdeydi. Hastane m\u00fckemmel bir izlenim b\u0131rakt\u0131. \u00c7ok temiz ve Ac\u0131badem hastanesi profesyonelce y\u00f6netiliyordu. \u00d6n kontroller hemen ba\u015flad\u0131. Ama bu s\u00fcre\u00e7 zaman al\u0131yor. Buna kesinlikle zaman ay\u0131rmak gerek. Saat 8&#8217;de hastaneye girdik ve ancak saat 18&#8217;de \u00e7\u0131kt\u0131k. Ama buna zaman ay\u0131rmak gerekiyor. Sab\u0131rl\u0131 olun ve hi\u00e7bir \u015fekilde sinirlenmeyin. Bu \u00e7ok de\u011ferli bir s\u00fcre\u00e7. Bug\u00fcn, okuma yazmay\u0131 ke\u015ffeden bir ilkokul \u00f6\u011frencisi gibi hissediyorum. 10 raplerin 20 raplerden nas\u0131l ay\u0131rt edilece\u011fine dair do\u011fru bir \u015fekilde okuyabilmek \u00e7ok keyifli. En k\u00fc\u00e7\u00fck yaz\u0131lar\u0131 okuyabilmek harika. Yeniden %100 g\u00f6rme yetene\u011fine sahip oldu\u011fum i\u00e7in inan\u0131lmaz derecede minnettar\u0131m. Evet, hatta en k\u00fc\u00e7\u00fck toz tanesini bile g\u00f6rebiliyorum. Operasyon \u00e7ok ba\u015far\u0131l\u0131 oldu. Ameliyat s\u0131ras\u0131nda biraz huzursuz oldum. Merkezini g\u00f6remedim ya da ne demek istediklerini anlamad\u0131m. Ancak bu durum di\u011fer hastalar i\u00e7in de aynen ge\u00e7erliydi. E\u011fer sizin de ba\u015f\u0131n\u0131za gelirse, ye\u015fil noktaya dikkat edin. Operasyondan sonra g\u00f6zlerimi yakla\u015f\u0131k bir saat a\u00e7amad\u0131m. \u015eiddetli bir g\u00f6zya\u015f\u0131 ak\u0131\u015f\u0131 vard\u0131. Ba\u015fka hi\u00e7bir a\u011fr\u0131 veya yanma hissetmedim. G\u00f6zlerimi a\u00e7t\u0131\u011f\u0131mda \u00e7ok rahatlam\u0131\u015ft\u0131m. Te\u015fekk\u00fcr ederim, te\u015fekk\u00fcr ederim, te\u015fekk\u00fcr ederim. Kesinlikle tavsiye ediyorum. Say\u0131n Karaagacli&#8217;ye te\u015fekk\u00fcrler, bu organizasyonu bizim i\u00e7in yapt\u0131\u011f\u0131n\u0131z i\u00e7in. Burada ger\u00e7ekten harika bir i\u015f yap\u0131yorsunuz. \u00c7ok te\u015fekk\u00fcr ederim ve gelece\u011finizde her \u015feyin en iyisini dilerim. Monika Scarpellini B\u00e4retswil<\/p>\n\n\n\n<div class=\"wp-block-group is-layout-grid wp-container-core-group-is-layout-baef362d wp-block-group-is-layout-grid\">\n<p><a href=\"https:\/\/medicaltravel.at\/home\/agb\/\" data-type=\"page\" data-id=\"2191\" rel=\"nofollow noopener\" target=\"_blank\"><\/a><a href=\"https:\/\/medicaltravel.ch\/tr\/hasta-raporlari\/turkiye-de-tedavi-deneyimleri\/istanbulda-swisslasikte-yaptirdigim-dis-tedavisiyle-ilgili-rapor-3-mayis-2012-persembe\/\" data-type=\"link\" data-id=\"https:\/\/medicaltravel.ch\/tr\/hasta-raporlari\/turkiye-de-tedavi-deneyimleri\/istanbulda-swisslasikte-yaptirdigim-dis-tedavisiyle-ilgili-rapor-3-mayis-2012-persembe\/\">\u00d6nceki rapor<\/a><\/p>\n\n\n\n<p class=\"has-text-align-right wp-container-content-5e2576f9\"><a href=\"https:\/\/medicaltravel.at\/home\/impressum\/\" data-type=\"page\" data-id=\"2193\" rel=\"nofollow noopener\" target=\"_blank\"><\/a><a href=\"https:\/\/medicaltravel.at\/home\/berichte-von-patienten\/erfahrungsberichte\/erfahrungsbericht-zahnbehandlung-in-istanbul\/\" data-type=\"page\" data-id=\"981\" rel=\"nofollow noopener\" target=\"_blank\"><\/a><a href=\"https:\/\/medicaltravel.ch\/tr\/hasta-raporlari\/turkiye-de-tedavi-deneyimleri\/istanbulda-lazer-goez-ameliyati-icin-gecirdigim-suereye-dair-rapor-25-nisan-2012-carsamba\/\" data-type=\"link\" data-id=\"https:\/\/medicaltravel.ch\/tr\/hasta-raporlari\/turkiye-de-tedavi-deneyimleri\/istanbulda-lazer-goez-ameliyati-icin-gecirdigim-suereye-dair-rapor-25-nisan-2012-carsamba\/\">Bir sonraki rapor<\/a><\/p>\n<\/div>\n\n\n\n<p><\/p>\n","protected":false},"excerpt":{"rendered":"<p>10 sentlik madeni paray\u0131 20 sentlik madeni paradan ay\u0131rt etme \u2013 25 Nisan 2012 \u00c7ar\u015famba tarihli rapor G\u00f6rme konusunda dile\u011fim \u00e7ok b\u00fcy\u00fckt\u00fc. Hen\u00fcz g\u00f6zl\u00fck kullanm\u0131yordum ama s\u00fcrekli SMS mesajlar\u0131, fiyat etiketleri, gazete okumak gibi \u015feyler i\u00e7in okuma g\u00f6zl\u00fc\u011f\u00fc kullanmam ya\u015fam kalitemi \u00e7ok s\u0131n\u0131rl\u0131yordu. \u0130stanbul&#8217;da lazer tedavisi yapt\u0131rmaya karar verdim. \u0130stanbul&#8217;da ya\u015fayan ve beni cesaretlendiren arkada\u015f\u0131m \u00e7ok yard\u0131mc\u0131 oldu. Onun k\u0131z\u0131, annesi ve hatta k\u00fc\u00e7\u00fck ye\u011feni (o zamanlar 2 ayl\u0131kt\u0131) ayn\u0131 klinikte b\u00fcy\u00fck ba\u015far\u0131yla lazer tedavisi oldu. B\u00f6ylece T\u00fcrkiye&#8217;yi tercih ettim. Sonra Swisslasik ile kar\u015f\u0131la\u015ft\u0131m. Bu organizasyonu kesinlikle tavsiye ediyorum. Say\u0131n Karaagacli bana harika bilgiler verdi ve randevu ayarlamam\u0131 sa\u011flad\u0131. Hastaneye \u00e7ok zaman\u0131nda vard\u0131k. Klinik, bir cami manzaras\u0131na sahip g\u00fczel bir yerdeydi. Hastane m\u00fckemmel bir izlenim b\u0131rakt\u0131. \u00c7ok temiz ve Ac\u0131badem hastanesi profesyonelce y\u00f6netiliyordu. \u00d6n kontroller hemen ba\u015flad\u0131. Ama bu s\u00fcre\u00e7 zaman al\u0131yor. Buna kesinlikle zaman ay\u0131rmak gerek. Saat 8&#8217;de hastaneye girdik ve ancak saat 18&#8217;de \u00e7\u0131kt\u0131k. Ama buna zaman ay\u0131rmak gerekiyor. Sab\u0131rl\u0131 olun ve hi\u00e7bir \u015fekilde sinirlenmeyin. Bu \u00e7ok de\u011ferli bir s\u00fcre\u00e7. Bug\u00fcn, okuma yazmay\u0131 ke\u015ffeden bir ilkokul \u00f6\u011frencisi gibi hissediyorum. 10 raplerin 20 raplerden nas\u0131l ay\u0131rt edilece\u011fine dair do\u011fru bir \u015fekilde okuyabilmek \u00e7ok keyifli. En k\u00fc\u00e7\u00fck yaz\u0131lar\u0131 okuyabilmek harika. Yeniden %100 g\u00f6rme yetene\u011fine sahip oldu\u011fum i\u00e7in inan\u0131lmaz derecede minnettar\u0131m. Evet, hatta en k\u00fc\u00e7\u00fck toz tanesini bile g\u00f6rebiliyorum. Operasyon \u00e7ok ba\u015far\u0131l\u0131 oldu. Ameliyat s\u0131ras\u0131nda biraz huzursuz oldum. Merkezini g\u00f6remedim ya da ne demek istediklerini anlamad\u0131m. Ancak bu durum di\u011fer hastalar i\u00e7in de aynen ge\u00e7erliydi. E\u011fer sizin de ba\u015f\u0131n\u0131za gelirse, ye\u015fil noktaya dikkat edin. Operasyondan sonra g\u00f6zlerimi yakla\u015f\u0131k bir saat a\u00e7amad\u0131m. \u015eiddetli bir g\u00f6zya\u015f\u0131 ak\u0131\u015f\u0131 vard\u0131. Ba\u015fka hi\u00e7bir a\u011fr\u0131 veya yanma hissetmedim. G\u00f6zlerimi a\u00e7t\u0131\u011f\u0131mda \u00e7ok rahatlam\u0131\u015ft\u0131m. Te\u015fekk\u00fcr ederim, te\u015fekk\u00fcr ederim, te\u015fekk\u00fcr ederim. Kesinlikle tavsiye ediyorum. Say\u0131n Karaagacli&#8217;ye te\u015fekk\u00fcrler, bu organizasyonu bizim i\u00e7in yapt\u0131\u011f\u0131n\u0131z i\u00e7in. Burada ger\u00e7ekten harika bir i\u015f yap\u0131yorsunuz. \u00c7ok te\u015fekk\u00fcr ederim ve gelece\u011finizde her \u015feyin en iyisini dilerim. Monika Scarpellini B\u00e4retswil \u00d6nceki rapor Bir sonraki rapor<\/p>\n","protected":false},"author":4,"featured_media":0,"parent":4471,"menu_order":0,"comment_status":"closed","ping_status":"closed","template":"","meta":{"_joinchat":[],"footnotes":""},"class_list":["post-4489","page","type-page","status-publish","hentry"],"acf":[],"_links":{"self":[{"href":"https:\/\/medicaltravel.ch\/tr\/wp-json\/wp\/v2\/pages\/4489","targetHints":{"allow":["GET"]}}],"collection":[{"href":"https:\/\/medicaltravel.ch\/tr\/wp-json\/wp\/v2\/pages"}],"about":[{"href":"https:\/\/medicaltravel.ch\/tr\/wp-json\/wp\/v2\/types\/page"}],"author":[{"embeddable":true,"href":"https:\/\/medicaltravel.ch\/tr\/wp-json\/wp\/v2\/users\/4"}],"replies":[{"embeddable":true,"href":"https:\/\/medicaltravel.ch\/tr\/wp-json\/wp\/v2\/comments?post=4489"}],"version-history":[{"count":0,"href":"https:\/\/medicaltravel.ch\/tr\/wp-json\/wp\/v2\/pages\/4489\/revisions"}],"up":[{"embeddable":true,"href":"https:\/\/medicaltravel.ch\/tr\/wp-json\/wp\/v2\/pages\/4471"}],"wp:attachment":[{"href":"https:\/\/medicaltravel.ch\/tr\/wp-json\/wp\/v2\/media?parent=4489"}],"curies":[{"name":"wp","href":"https:\/\/api.w.org\/{rel}","templated":true}]}}