{"id":4491,"date":"2025-09-24T06:24:24","date_gmt":"2025-09-24T05:24:24","guid":{"rendered":"https:\/\/medicaltravel.ch\/hasta-raporlari\/erfahrungsberichte-behandlungen-tuerkei\/agustos-2012de-istanbulda-goezlerime-lazer-tedavisi-yaptirdigimda-harika-bir-deneyim-yasadim-1-ekim-2012-pazartesi-tarihli-rapor\/"},"modified":"2026-01-12T19:42:36","modified_gmt":"2026-01-12T18:42:36","slug":"agustos-2012de-istanbulda-goezlerime-lazer-tedavisi-yaptirdigimda-harika-bir-deneyim-yasadim-1-ekim-2012-pazartesi-tarihli-rapor","status":"publish","type":"page","link":"https:\/\/medicaltravel.ch\/tr\/hasta-raporlari\/turkiye-de-tedavi-deneyimleri\/agustos-2012de-istanbulda-goezlerime-lazer-tedavisi-yaptirdigimda-harika-bir-deneyim-yasadim-1-ekim-2012-pazartesi-tarihli-rapor\/","title":{"rendered":"A\u011fustos 2012&#8217;de \u0130stanbul&#8217;da g\u00f6zlerime lazer tedavisi yapt\u0131rd\u0131\u011f\u0131mda harika bir deneyim ya\u015fad\u0131m \u2013 1 Ekim 2012 Pazartesi tarihli rapor."},"content":{"rendered":"\n<p>A\u011fustos 2012&#8217;de \u0130stanbul&#8217;da g\u00f6zlerime lazer tedavisi yapt\u0131rd\u0131\u011f\u0131mda harika bir deneyim ya\u015fad\u0131m \u2013 1 Ekim 2012 Pazartesi tarihli rapor.<\/p>\n\n\n\n<p>Evet, 2012 A\u011fustos&#8217;unda \u0130stanbul&#8217;da g\u00f6zlerimi lazerle tedavi ettirmem ger\u00e7ekten harika bir deneyimdi. Ama hepsini s\u0131rayla anlatay\u0131m: Ben bir anneyim, \u00fc\u00e7 \u00e7ocuk annesi, yak\u0131nda d\u00f6rt torunum olacak ve ayn\u0131 zamanda part-time olarak \u00e7ocuk oyun grubu y\u00f6neticisi olarak \u00e7al\u0131\u015f\u0131yorum. Bu y\u00fczden her g\u00fcn bir\u00e7ok \u00e7ocukla vakit ge\u00e7iriyorum ve yo\u011fun i\u015fin yan\u0131nda her zaman \u00e7ok e\u011flenceli anlar da ya\u015fan\u0131yor. Fakat g\u00f6zl\u00fck takmak, s\u00fcrekli optisyene g\u00f6t\u00fcrmem gereken ve burnumda s\u00fcrekli kay\u0131p duracak olan bir y\u00fck oluyordu. Ger\u00e7ekten, bu beni \u00e7ok rahats\u0131z ediyordu. Birka\u00e7 y\u0131l \u00f6nce lens kullanmaya ba\u015flad\u0131m, bu da bana bir\u00e7ok avantaj sa\u011flad\u0131. Ama yakla\u015f\u0131k 20 y\u0131ld\u0131r her zaman g\u00f6zl\u00fck veya lens kullanmadan, tamamen do\u011fal bir \u015fekilde hayat\u0131m\u0131 s\u00fcrd\u00fcrebilme hayalim vard\u0131. Birka\u00e7 y\u0131l \u00f6nce bir arkada\u015f\u0131m, \u0130stanbul\u2019da g\u00f6zlerini b\u00fcy\u00fck bir ba\u015far\u0131yla lazerle tedavi ettirdi. Bu yeni kazan\u0131lan ya\u015fam kalitesinden s\u00fcrekli bahsediyordu. B\u00f6ylece bu d\u00fc\u015f\u00fcnce bende de giderek daha fazla yer etmeye ba\u015flad\u0131, g\u00f6zlerimi &#8220;sa\u011fl\u0131kl\u0131 bir \u015fekilde ameliyat ettirmek&#8221; iste\u011fi artt\u0131. Her ay biraz para biriktirmeye ba\u015flad\u0131m ve bir s\u00fcre sonra g\u00f6z ameliyat\u0131 i\u00e7in yeterli paraya sahip oldu\u011fumu fark ettim. Arkada\u015f\u0131ma, nereye gitti\u011fini tekrar sordum. Evet, internet \u00fczerinden bulmu\u015ftu, dedi. Evime d\u00f6ner d\u00f6nmez internette ara\u015ft\u0131rmalara ba\u015flad\u0131m. Swisslasik\u2019le kar\u015f\u0131la\u015ft\u0131m ve orada g\u00f6zlerini ameliyat ettiren ki\u015filerin deneyimlerini okudum. Ard\u0131ndan Thun\u2019daki ofise e-posta g\u00f6ndererek, hi\u00e7bir ba\u011flay\u0131c\u0131l\u0131\u011f\u0131 olmayan bir \u015fekilde ileti\u015fime ge\u00e7tim. O andan itibaren her \u015fey h\u0131zl\u0131 ve profesyonel bir \u015fekilde ilerledi. Swisslasik\u2019te t\u00fcm seyahat ve konaklama taleplerimi belirttim; gidi\u015f-d\u00f6n\u00fc\u015f u\u00e7u\u015fu, otel konaklamas\u0131, transferler ve hastanede ge\u00e7irece\u011fim s\u00fcre boyunca bir terc\u00fcman \u2013 her \u015fey d\u00fczenlendi. \u015eans eseri, k\u0131z\u0131m\u0131n da bo\u015fta bir tatil haftas\u0131 vard\u0131 ve birlikte \u0130stanbul&#8217;da ge\u00e7irebilece\u011fimiz bir f\u0131rsat oldu. Ayn\u0131 zamanda onun i\u00e7in de Swisslasik \u00fczerinden randevu al\u0131nd\u0131 ve planlar yap\u0131ld\u0131. Birlikte ge\u00e7irece\u011fimiz zaman i\u00e7in \u00e7ok heyecanl\u0131yd\u0131k ve neler ya\u015fayaca\u011f\u0131m\u0131z\u0131 merak ediyorduk. Her \u015fey yolunda gitti ve on g\u00fcn \u00f6nce Swisslasik Pass\u2019\u0131m\u0131 elime ald\u0131m. \u0130\u00e7inde bizim i\u00e7in bilmemiz gereken t\u00fcm bilgiler d\u00fczenli bir \u015fekilde yaz\u0131l\u0131yd\u0131. O sabah saat alt\u0131 bu\u00e7ukta havaliman\u0131ndayd\u0131k, \u00e7\u00fcnk\u00fc u\u00e7a\u011f\u0131m\u0131z sekizde kalkacakt\u0131. Ne kadar erken olursa o kadar keyifliydi ve rahat\u00e7a kahve i\u00e7ip zaman ge\u00e7irdik. Sonras\u0131nda duty free ma\u011fazas\u0131na g\u00f6z att\u0131k ve parf\u00fcmleri koklayarak vakit ge\u00e7irdik. Neredeyse u\u00e7ak kalkarken son dakikada kald\u0131k! Ve sonra u\u00e7u\u015f ba\u015flad\u0131&#8230; U\u00e7u\u015f \u00e7ok rahat ge\u00e7ti ve ger\u00e7ekten dinlenebildik. Tabii ki u\u00e7u\u015f s\u0131ras\u0131nda ilk T\u00fcrk yeme\u011fimizi yedik. Mmmm, \u00e7ok lezzetliydi ve kesinlikle tavsiye ederim. U\u00e7u\u015f olduk\u00e7a h\u0131zl\u0131 ge\u00e7ti ve sonunda \u0130stanbul\u2019a indik. Ne b\u00fcy\u00fck bir deneyim! Ancak transfer bizi almam\u0131\u015ft\u0131 ve bir s\u00fcre havaliman\u0131nda beklemek zorunda kald\u0131k. Swisslasik bu &#8220;ar\u0131zam\u0131z\u0131&#8221; telefonda duydu\u011funda hemen bizimle ileti\u015fime ge\u00e7ti. Bir taksi \u00e7a\u011f\u0131rmam\u0131za izin verdiler ve otelimize (temiz ve \u00e7ok nazik personeli olan) gitmek i\u00e7in \u00f6dedi\u011fimiz tutar\u0131n tamam\u0131n\u0131 ertesi g\u00fcn klinikte geri \u00f6dediler. Swisslasik&#8217;e \u00e7ok te\u015fekk\u00fcr ederiz, bu ger\u00e7ekten \u00e7ok ho\u015fumuza gitti. \u015eimdi gelelim o b\u00fcy\u00fck operasyon g\u00fcn\u00fcne. Klinik i\u00e7in erken kalkmam\u0131z gerekti\u011fi i\u00e7in otelde kahvalt\u0131y\u0131 (asl\u0131nda haz\u0131r olmas\u0131na ra\u011fmen) atlad\u0131k, \u00e7\u00fcnk\u00fc kesinlikle transferi ka\u00e7\u0131rmak istemedik. Klinik, \u0130svi\u00e7re&#8217;deki gibi hissettirdi ve orada g\u00fczel bir terasta kahvalt\u0131 yapmak \u00e7ok keyifliydi. Sabah g\u00f6zlerim detayl\u0131 bir \u015fekilde incelendi ve operasyon \u00f6\u011fleden sonrayd\u0131. Arada, terc\u00fcman\u0131m\u0131z bize modern bir al\u0131\u015fveri\u015f merkezini gezmemizi \u00f6nerdi. Vay, harikayd\u0131! Sonra tekrar klinikteydik ve operasyona haz\u0131rd\u0131k. Masada uzan\u0131rken biraz huzursuz oldum, ama yine de i\u00e7imdeki belirsizli\u011fe ra\u011fmen Tanr\u0131&#8217;ya g\u00fcveniyordum ve onun huzurunu hissediyordum. Ameliyat \u00f6ncesi gerekli steril k\u0131yafetleri giydim. Operasyon s\u0131ras\u0131nda her zaman k\u0131rm\u0131z\u0131 noktaya odaklanmam ve g\u00f6zlerimi sabit tutmam gerekiyordu, ba\u015flang\u0131\u00e7ta biraz zor oldu \u00e7\u00fcnk\u00fc \u00e7ok enerjik bir kad\u0131n\u0131m. Onlar bana sakin olmam\u0131 ve noktaya odaklanmam\u0131 s\u00f6ylediler. Sa\u011f g\u00f6zle ba\u015flad\u0131lar ve aniden her \u015fey karard\u0131. Aman Tanr\u0131m, korktum ve &#8220;Bitti mi?&#8221; diye d\u00fc\u015f\u00fcnd\u00fcm. Ama birka\u00e7 saniye sonra tekrar \u0131\u015f\u0131klar\u0131 g\u00f6rd\u00fcm ve rahatlad\u0131m. Ger\u00e7ekten bir marangoz at\u00f6lyesine benziyordu (bunu babamdan hat\u0131rl\u0131yorum) \u00e7\u00fcnk\u00fc ses, z\u0131mpara makinesine benziyordu ve k\u00fc\u00e7\u00fck k\u0131v\u0131lc\u0131mlar vard\u0131. Ve hop, ilk g\u00f6z\u00fcm bitmi\u015fti. Sol g\u00f6zle i\u015flem devam etti, sa\u011fla ayn\u0131 \u015fekilde. Operasyonun ba\u015flang\u0131c\u0131ndan 20 dakika sonra, k\u0131z\u0131m \u00e7ok \u015fa\u015f\u0131rd\u0131 \u00e7\u00fcnk\u00fc ben zaten ameliyat odas\u0131ndan \u00e7\u0131km\u0131\u015ft\u0131m. \u0130nanmas\u0131 zor, ama ger\u00e7ek! Terc\u00fcman\u0131m bana &#8220;Beni g\u00f6r\u00fcyor musun?&#8221; diye sordu ve &#8220;Evet&#8221; dedi\u011fimde \u00e7ok mutlu oldu. Hemen g\u00f6zlerim tekrar kontrol edildi ve her \u015fey m\u00fckemmeldi. G\u00f6zl\u00fck (g\u00fcne\u015f) verildi ve k\u0131sa s\u00fcre sonra transferle otele d\u00f6nebildik. Otele vard\u0131\u011f\u0131m\u0131zda sadece dinlenip uyuma ihtiyac\u0131 hissettim. K\u0131z\u0131m, gece boyunca g\u00f6zlerime damlalar\u0131 zaman\u0131nda damlatabilmemiz i\u00e7in alarm\u0131 kurdu. Ertesi sabah, tavandaki lambay\u0131 ne kadar net g\u00f6rd\u00fc\u011f\u00fcm kar\u015f\u0131s\u0131nda \u00e7ok \u015fa\u015f\u0131rd\u0131m. Hi\u00e7 g\u00f6zl\u00fck kullanmadan, sadece b\u00f6yle. Bu her g\u00fcn benim i\u00e7in bir mucize gibi! Bir kez daha, klinikte kontrol ama\u00e7l\u0131 geri gittik. \u00c7ok \u015f\u00fck\u00fcr, yaln\u0131zca y\u00fcksek \u0131\u015f\u0131\u011fa kar\u015f\u0131 duyarl\u0131l\u0131\u011f\u0131m devam etti ve g\u00fcne\u015f g\u00f6zl\u00fc\u011f\u00fc takmak zorundayd\u0131m, ama bu da bir s\u00fcre sonra ge\u00e7ecekti. Terc\u00fcman\u0131m\u0131z, bu ikinci ziyaret boyunca da bize rehberlik etti ve klinikten \u00e7\u0131k\u0131\u015f\u0131m\u0131za kadar \u00e7ok nazik bir \u015fekilde yan\u0131m\u0131zda oldu. Her \u015fey i\u00e7in \u00e7ok te\u015fekk\u00fcr ederiz! Art\u0131k g\u00f6zl\u00fcks\u00fcz hayat\u0131m\u0131 her g\u00fcn daha \u00e7ok seviyorum ve herkese \u00f6neriyorum: G\u00f6zlerinizi mutlaka kontrol ettirin, belki lazer tedavisi olabilirsiniz. Ve \u0130stanbul da kesinlikle \u00e7ok \u00f6neriliyor, birka\u00e7 g\u00fcn tatil yapmak harika olur. Operasyona karar vermek, ba\u015far\u0131lar ve harika g\u00f6rme dile\u011fiyle. Sayg\u0131lar\u0131mla, E. Keller-Schellenberg.<\/p>\n\n\n\n<div class=\"wp-block-group is-layout-grid wp-container-core-group-is-layout-baef362d wp-block-group-is-layout-grid\">\n<p><a href=\"https:\/\/medicaltravel.at\/home\/agb\/\" data-type=\"page\" data-id=\"2191\" rel=\"nofollow noopener\" target=\"_blank\"><\/a><a href=\"https:\/\/medicaltravel.ch\/tr\/hasta-raporlari\/turkiye-de-tedavi-deneyimleri\/acibadem-hastanesi-istanbulda-gecirdigim-lazer-goez-ameliyatina-dair-deneyim-raporu-corinne-stoll-tarafindan-14-eyluel-2012-tarihinde-yazilmistir-rapor-10-ekim-2012-carsamba-tarihlidir\/\" data-type=\"link\" data-id=\"https:\/\/medicaltravel.ch\/tr\/hasta-raporlari\/turkiye-de-tedavi-deneyimleri\/acibadem-hastanesi-istanbulda-gecirdigim-lazer-goez-ameliyatina-dair-deneyim-raporu-corinne-stoll-tarafindan-14-eyluel-2012-tarihinde-yazilmistir-rapor-10-ekim-2012-carsamba-tarihlidir\/\">\u00d6nceki rapor<\/a><\/p>\n\n\n\n<p class=\"has-text-align-right wp-container-content-5e2576f9\"><a href=\"https:\/\/medicaltravel.at\/home\/impressum\/\" data-type=\"page\" data-id=\"2193\" rel=\"nofollow noopener\" target=\"_blank\"><\/a><a href=\"https:\/\/medicaltravel.at\/home\/berichte-von-patienten\/erfahrungsberichte\/erfahrungsbericht-zahnbehandlung-in-istanbul\/\" data-type=\"page\" data-id=\"981\" rel=\"nofollow noopener\" target=\"_blank\"><\/a><a href=\"https:\/\/medicaltravel.ch\/tr\/hasta-raporlari\/turkiye-de-tedavi-deneyimleri\/istanbul-acibadem-kliniginde-gecirdigim-ameliyat-26-eyluel-2012-carsamba-tarihli-rapor\/\" data-type=\"link\" data-id=\"https:\/\/medicaltravel.ch\/tr\/hasta-raporlari\/turkiye-de-tedavi-deneyimleri\/istanbul-acibadem-kliniginde-gecirdigim-ameliyat-26-eyluel-2012-carsamba-tarihli-rapor\/\">Bir sonraki rapor<\/a><\/p>\n<\/div>\n","protected":false},"excerpt":{"rendered":"<p>A\u011fustos 2012&#8217;de \u0130stanbul&#8217;da g\u00f6zlerime lazer tedavisi yapt\u0131rd\u0131\u011f\u0131mda harika bir deneyim ya\u015fad\u0131m \u2013 1 Ekim 2012 Pazartesi tarihli rapor. Evet, 2012 A\u011fustos&#8217;unda \u0130stanbul&#8217;da g\u00f6zlerimi lazerle tedavi ettirmem ger\u00e7ekten harika bir deneyimdi. Ama hepsini s\u0131rayla anlatay\u0131m: Ben bir anneyim, \u00fc\u00e7 \u00e7ocuk annesi, yak\u0131nda d\u00f6rt torunum olacak ve ayn\u0131 zamanda part-time olarak \u00e7ocuk oyun grubu y\u00f6neticisi olarak \u00e7al\u0131\u015f\u0131yorum. Bu y\u00fczden her g\u00fcn bir\u00e7ok \u00e7ocukla vakit ge\u00e7iriyorum ve yo\u011fun i\u015fin yan\u0131nda her zaman \u00e7ok e\u011flenceli anlar da ya\u015fan\u0131yor. Fakat g\u00f6zl\u00fck takmak, s\u00fcrekli optisyene g\u00f6t\u00fcrmem gereken ve burnumda s\u00fcrekli kay\u0131p duracak olan bir y\u00fck oluyordu. Ger\u00e7ekten, bu beni \u00e7ok rahats\u0131z ediyordu. Birka\u00e7 y\u0131l \u00f6nce lens kullanmaya ba\u015flad\u0131m, bu da bana bir\u00e7ok avantaj sa\u011flad\u0131. Ama yakla\u015f\u0131k 20 y\u0131ld\u0131r her zaman g\u00f6zl\u00fck veya lens kullanmadan, tamamen do\u011fal bir \u015fekilde hayat\u0131m\u0131 s\u00fcrd\u00fcrebilme hayalim vard\u0131. Birka\u00e7 y\u0131l \u00f6nce bir arkada\u015f\u0131m, \u0130stanbul\u2019da g\u00f6zlerini b\u00fcy\u00fck bir ba\u015far\u0131yla lazerle tedavi ettirdi. Bu yeni kazan\u0131lan ya\u015fam kalitesinden s\u00fcrekli bahsediyordu. B\u00f6ylece bu d\u00fc\u015f\u00fcnce bende de giderek daha fazla yer etmeye ba\u015flad\u0131, g\u00f6zlerimi &#8220;sa\u011fl\u0131kl\u0131 bir \u015fekilde ameliyat ettirmek&#8221; iste\u011fi artt\u0131. Her ay biraz para biriktirmeye ba\u015flad\u0131m ve bir s\u00fcre sonra g\u00f6z ameliyat\u0131 i\u00e7in yeterli paraya sahip oldu\u011fumu fark ettim. Arkada\u015f\u0131ma, nereye gitti\u011fini tekrar sordum. Evet, internet \u00fczerinden bulmu\u015ftu, dedi. Evime d\u00f6ner d\u00f6nmez internette ara\u015ft\u0131rmalara ba\u015flad\u0131m. Swisslasik\u2019le kar\u015f\u0131la\u015ft\u0131m ve orada g\u00f6zlerini ameliyat ettiren ki\u015filerin deneyimlerini okudum. Ard\u0131ndan Thun\u2019daki ofise e-posta g\u00f6ndererek, hi\u00e7bir ba\u011flay\u0131c\u0131l\u0131\u011f\u0131 olmayan bir \u015fekilde ileti\u015fime ge\u00e7tim. O andan itibaren her \u015fey h\u0131zl\u0131 ve profesyonel bir \u015fekilde ilerledi. Swisslasik\u2019te t\u00fcm seyahat ve konaklama taleplerimi belirttim; gidi\u015f-d\u00f6n\u00fc\u015f u\u00e7u\u015fu, otel konaklamas\u0131, transferler ve hastanede ge\u00e7irece\u011fim s\u00fcre boyunca bir terc\u00fcman \u2013 her \u015fey d\u00fczenlendi. \u015eans eseri, k\u0131z\u0131m\u0131n da bo\u015fta bir tatil haftas\u0131 vard\u0131 ve birlikte \u0130stanbul&#8217;da ge\u00e7irebilece\u011fimiz bir f\u0131rsat oldu. Ayn\u0131 zamanda onun i\u00e7in de Swisslasik \u00fczerinden randevu al\u0131nd\u0131 ve planlar yap\u0131ld\u0131. Birlikte ge\u00e7irece\u011fimiz zaman i\u00e7in \u00e7ok heyecanl\u0131yd\u0131k ve neler ya\u015fayaca\u011f\u0131m\u0131z\u0131 merak ediyorduk. Her \u015fey yolunda gitti ve on g\u00fcn \u00f6nce Swisslasik Pass\u2019\u0131m\u0131 elime ald\u0131m. \u0130\u00e7inde bizim i\u00e7in bilmemiz gereken t\u00fcm bilgiler d\u00fczenli bir \u015fekilde yaz\u0131l\u0131yd\u0131. O sabah saat alt\u0131 bu\u00e7ukta havaliman\u0131ndayd\u0131k, \u00e7\u00fcnk\u00fc u\u00e7a\u011f\u0131m\u0131z sekizde kalkacakt\u0131. Ne kadar erken olursa o kadar keyifliydi ve rahat\u00e7a kahve i\u00e7ip zaman ge\u00e7irdik. Sonras\u0131nda duty free ma\u011fazas\u0131na g\u00f6z att\u0131k ve parf\u00fcmleri koklayarak vakit ge\u00e7irdik. Neredeyse u\u00e7ak kalkarken son dakikada kald\u0131k! Ve sonra u\u00e7u\u015f ba\u015flad\u0131&#8230; U\u00e7u\u015f \u00e7ok rahat ge\u00e7ti ve ger\u00e7ekten dinlenebildik. Tabii ki u\u00e7u\u015f s\u0131ras\u0131nda ilk T\u00fcrk yeme\u011fimizi yedik. Mmmm, \u00e7ok lezzetliydi ve kesinlikle tavsiye ederim. U\u00e7u\u015f olduk\u00e7a h\u0131zl\u0131 ge\u00e7ti ve sonunda \u0130stanbul\u2019a indik. Ne b\u00fcy\u00fck bir deneyim! Ancak transfer bizi almam\u0131\u015ft\u0131 ve bir s\u00fcre havaliman\u0131nda beklemek zorunda kald\u0131k. Swisslasik bu &#8220;ar\u0131zam\u0131z\u0131&#8221; telefonda duydu\u011funda hemen bizimle ileti\u015fime ge\u00e7ti. Bir taksi \u00e7a\u011f\u0131rmam\u0131za izin verdiler ve otelimize (temiz ve \u00e7ok nazik personeli olan) gitmek i\u00e7in \u00f6dedi\u011fimiz tutar\u0131n tamam\u0131n\u0131 ertesi g\u00fcn klinikte geri \u00f6dediler. Swisslasik&#8217;e \u00e7ok te\u015fekk\u00fcr ederiz, bu ger\u00e7ekten \u00e7ok ho\u015fumuza gitti. \u015eimdi gelelim o b\u00fcy\u00fck operasyon g\u00fcn\u00fcne. Klinik i\u00e7in erken kalkmam\u0131z gerekti\u011fi i\u00e7in otelde kahvalt\u0131y\u0131 (asl\u0131nda haz\u0131r olmas\u0131na ra\u011fmen) atlad\u0131k, \u00e7\u00fcnk\u00fc kesinlikle transferi ka\u00e7\u0131rmak istemedik. Klinik, \u0130svi\u00e7re&#8217;deki gibi hissettirdi ve orada g\u00fczel bir terasta kahvalt\u0131 yapmak \u00e7ok keyifliydi. Sabah g\u00f6zlerim detayl\u0131 bir \u015fekilde incelendi ve operasyon \u00f6\u011fleden sonrayd\u0131. Arada, terc\u00fcman\u0131m\u0131z bize modern bir al\u0131\u015fveri\u015f merkezini gezmemizi \u00f6nerdi. Vay, harikayd\u0131! Sonra tekrar klinikteydik ve operasyona haz\u0131rd\u0131k. Masada uzan\u0131rken biraz huzursuz oldum, ama yine de i\u00e7imdeki belirsizli\u011fe ra\u011fmen Tanr\u0131&#8217;ya g\u00fcveniyordum ve onun huzurunu hissediyordum. Ameliyat \u00f6ncesi gerekli steril k\u0131yafetleri giydim. Operasyon s\u0131ras\u0131nda her zaman k\u0131rm\u0131z\u0131 noktaya odaklanmam ve g\u00f6zlerimi sabit tutmam gerekiyordu, ba\u015flang\u0131\u00e7ta biraz zor oldu \u00e7\u00fcnk\u00fc \u00e7ok enerjik bir kad\u0131n\u0131m. Onlar bana sakin olmam\u0131 ve noktaya odaklanmam\u0131 s\u00f6ylediler. Sa\u011f g\u00f6zle ba\u015flad\u0131lar ve aniden her \u015fey karard\u0131. Aman Tanr\u0131m, korktum ve &#8220;Bitti mi?&#8221; diye d\u00fc\u015f\u00fcnd\u00fcm. Ama birka\u00e7 saniye sonra tekrar \u0131\u015f\u0131klar\u0131 g\u00f6rd\u00fcm ve rahatlad\u0131m. Ger\u00e7ekten bir marangoz at\u00f6lyesine benziyordu (bunu babamdan hat\u0131rl\u0131yorum) \u00e7\u00fcnk\u00fc ses, z\u0131mpara makinesine benziyordu ve k\u00fc\u00e7\u00fck k\u0131v\u0131lc\u0131mlar vard\u0131. Ve hop, ilk g\u00f6z\u00fcm bitmi\u015fti. Sol g\u00f6zle i\u015flem devam etti, sa\u011fla ayn\u0131 \u015fekilde. Operasyonun ba\u015flang\u0131c\u0131ndan 20 dakika sonra, k\u0131z\u0131m \u00e7ok \u015fa\u015f\u0131rd\u0131 \u00e7\u00fcnk\u00fc ben zaten ameliyat odas\u0131ndan \u00e7\u0131km\u0131\u015ft\u0131m. \u0130nanmas\u0131 zor, ama ger\u00e7ek! Terc\u00fcman\u0131m bana &#8220;Beni g\u00f6r\u00fcyor musun?&#8221; diye sordu ve &#8220;Evet&#8221; dedi\u011fimde \u00e7ok mutlu oldu. Hemen g\u00f6zlerim tekrar kontrol edildi ve her \u015fey m\u00fckemmeldi. G\u00f6zl\u00fck (g\u00fcne\u015f) verildi ve k\u0131sa s\u00fcre sonra transferle otele d\u00f6nebildik. Otele vard\u0131\u011f\u0131m\u0131zda sadece dinlenip uyuma ihtiyac\u0131 hissettim. K\u0131z\u0131m, gece boyunca g\u00f6zlerime damlalar\u0131 zaman\u0131nda damlatabilmemiz i\u00e7in alarm\u0131 kurdu. Ertesi sabah, tavandaki lambay\u0131 ne kadar net g\u00f6rd\u00fc\u011f\u00fcm kar\u015f\u0131s\u0131nda \u00e7ok \u015fa\u015f\u0131rd\u0131m. Hi\u00e7 g\u00f6zl\u00fck kullanmadan, sadece b\u00f6yle. Bu her g\u00fcn benim i\u00e7in bir mucize gibi! Bir kez daha, klinikte kontrol ama\u00e7l\u0131 geri gittik. \u00c7ok \u015f\u00fck\u00fcr, yaln\u0131zca y\u00fcksek \u0131\u015f\u0131\u011fa kar\u015f\u0131 duyarl\u0131l\u0131\u011f\u0131m devam etti ve g\u00fcne\u015f g\u00f6zl\u00fc\u011f\u00fc takmak zorundayd\u0131m, ama bu da bir s\u00fcre sonra ge\u00e7ecekti. Terc\u00fcman\u0131m\u0131z, bu ikinci ziyaret boyunca da bize rehberlik etti ve klinikten \u00e7\u0131k\u0131\u015f\u0131m\u0131za kadar \u00e7ok nazik bir \u015fekilde yan\u0131m\u0131zda oldu. Her \u015fey i\u00e7in \u00e7ok te\u015fekk\u00fcr ederiz! Art\u0131k g\u00f6zl\u00fcks\u00fcz hayat\u0131m\u0131 her g\u00fcn daha \u00e7ok seviyorum ve herkese \u00f6neriyorum: G\u00f6zlerinizi mutlaka kontrol ettirin, belki lazer tedavisi olabilirsiniz. Ve \u0130stanbul da kesinlikle \u00e7ok \u00f6neriliyor, birka\u00e7 g\u00fcn tatil yapmak harika olur. Operasyona karar vermek, ba\u015far\u0131lar ve harika g\u00f6rme dile\u011fiyle. Sayg\u0131lar\u0131mla, E. Keller-Schellenberg. \u00d6nceki rapor Bir sonraki rapor<\/p>\n","protected":false},"author":4,"featured_media":0,"parent":4471,"menu_order":0,"comment_status":"closed","ping_status":"closed","template":"","meta":{"_joinchat":[],"footnotes":""},"class_list":["post-4491","page","type-page","status-publish","hentry"],"acf":[],"_links":{"self":[{"href":"https:\/\/medicaltravel.ch\/tr\/wp-json\/wp\/v2\/pages\/4491","targetHints":{"allow":["GET"]}}],"collection":[{"href":"https:\/\/medicaltravel.ch\/tr\/wp-json\/wp\/v2\/pages"}],"about":[{"href":"https:\/\/medicaltravel.ch\/tr\/wp-json\/wp\/v2\/types\/page"}],"author":[{"embeddable":true,"href":"https:\/\/medicaltravel.ch\/tr\/wp-json\/wp\/v2\/users\/4"}],"replies":[{"embeddable":true,"href":"https:\/\/medicaltravel.ch\/tr\/wp-json\/wp\/v2\/comments?post=4491"}],"version-history":[{"count":0,"href":"https:\/\/medicaltravel.ch\/tr\/wp-json\/wp\/v2\/pages\/4491\/revisions"}],"up":[{"embeddable":true,"href":"https:\/\/medicaltravel.ch\/tr\/wp-json\/wp\/v2\/pages\/4471"}],"wp:attachment":[{"href":"https:\/\/medicaltravel.ch\/tr\/wp-json\/wp\/v2\/media?parent=4491"}],"curies":[{"name":"wp","href":"https:\/\/api.w.org\/{rel}","templated":true}]}}