{"id":4493,"date":"2025-09-24T06:35:04","date_gmt":"2025-09-24T05:35:04","guid":{"rendered":"https:\/\/medicaltravel.ch\/hasta-raporlari\/erfahrungsberichte-behandlungen-tuerkei\/sonunda-goezluek-yok-istanbulda-lazer-goez-ameliyati-hakkindaki-hasta-raporum-28-haziran-2012-persembe-tarihli-rapor\/"},"modified":"2026-01-12T19:48:00","modified_gmt":"2026-01-12T18:48:00","slug":"sonunda-goezluek-yok-istanbulda-lazer-goez-ameliyati-hakkindaki-hasta-raporum-28-haziran-2012-persembe-tarihli-rapor","status":"publish","type":"page","link":"https:\/\/medicaltravel.ch\/tr\/hasta-raporlari\/turkiye-de-tedavi-deneyimleri\/sonunda-goezluek-yok-istanbulda-lazer-goez-ameliyati-hakkindaki-hasta-raporum-28-haziran-2012-persembe-tarihli-rapor\/","title":{"rendered":"Sonunda g\u00f6zl\u00fck yok! \u0130stanbul&#8217;da lazer g\u00f6z ameliyat\u0131 hakk\u0131ndaki hasta raporum \u2013 28 Haziran 2012 Per\u015fembe tarihli rapor."},"content":{"rendered":"\n<p>Sonunda g\u00f6zl\u00fck yok! \u0130stanbul&#8217;da lazer g\u00f6z ameliyat\u0131 hakk\u0131ndaki hasta raporum \u2013 28 Haziran 2012 Per\u015fembe tarihli rapor.<\/p>\n\n\n\n<p>\u0130stanbul 28.04.2012 \u2013 05.05.2012<br>Uzun zamand\u0131r g\u00f6zlerimi lazerle tedavi ettirmeyi d\u00fc\u015f\u00fcn\u00fcyordum. \u0130lkokuldan beri g\u00f6zl\u00fck kullan\u0131yordum. Ne yaz\u0131k ki, kontakt lensleri giderek daha az tolerans g\u00f6steriyordum ve spor yapmay\u0131 \u00e7ok sevdi\u011fim i\u00e7in g\u00f6zl\u00fck benim i\u00e7in giderek daha fazla rahats\u0131zl\u0131k vermeye ba\u015flam\u0131\u015ft\u0131. Bir tan\u0131d\u0131\u011f\u0131m 5 y\u0131l \u00f6nce g\u00f6zlerini lazerle tedavi ettirmi\u015fti ve bana Swisslasik\u2019i tavsiye etti. Bunun \u00fczerine 2012 y\u0131l\u0131n\u0131n ba\u015flar\u0131nda nihayet bu ad\u0131m\u0131 atmaya karar verdim. Swisslasik\u2019in web sitesini ayr\u0131nt\u0131l\u0131 olarak inceledikten sonra, Say\u0131n Karaagacli\u2019den bir teklif istedim. Ocak ay\u0131 ortas\u0131nda Z\u00fcrich\u2019de \u00f6n muayene yap\u0131ld\u0131 ve kesin olarak lazer tedavisinin m\u00fcmk\u00fcn oldu\u011fu a\u00e7\u0131kland\u0131! Bu olumlu haberin hemen ard\u0131ndan \u201cHer \u015fey dahil\u201d paketini sat\u0131n ald\u0131m. \u0130stanbul\u2019a daha \u00f6nce birka\u00e7 kez gitmi\u015ftim ve bu \u015fehri \u00e7ok sevdi\u011fim i\u00e7in, lazer tedavisini bir hafta tatille birle\u015ftirmeye karar verdim; annem ve halamla birlikte. 28 Nisan 2012&#8217;de macera ba\u015flad\u0131. \u00d6nce birka\u00e7 g\u00fcn \u015fehri ke\u015ffettik, ard\u0131ndan 3 May\u0131s\u2019ta b\u00fcy\u00fck g\u00fcn geldi. Ancak her \u015fey biraz talihsiz bir \u015fekilde ba\u015flad\u0131. Swisslasik Pass\u2019\u0131na g\u00f6re, al\u0131m saati 08:00\u2019di. Ama saat 07:00\u2019de telefonla sert bir \u015fekilde uyand\u0131r\u0131ld\u0131k. \u015eof\u00f6r zaten oradaym\u0131\u015f, aman Tanr\u0131m! \u015eof\u00f6r daha sonra Ac\u0131badem Hastanesi&#8217;nden bir \u00e7al\u0131\u015fanla ileti\u015fime ge\u00e7ti ve bu \u00e7al\u0131\u015fan bana \u00f6z\u00fcr dileyerek, bir yanl\u0131\u015f anla\u015f\u0131lma olmu\u015f olabilece\u011fini s\u00f6yledi. Bizim biraz haz\u0131rlan\u0131p hastaneye gelmemizi, orada kahvalt\u0131 yapabilece\u011fimizi belirtti. Ben de annemi ve halam\u0131 yan\u0131mda g\u00f6t\u00fcrd\u00fcm, bu da Ac\u0131badem \u00e7al\u0131\u015fan\u0131na g\u00f6re sorun olmayacakm\u0131\u015f. Hemen haz\u0131rlan\u0131p hastaneye do\u011fru yola \u00e7\u0131kt\u0131k. Hastaneye vard\u0131\u011f\u0131m\u0131zda, terc\u00fcman bizi bekliyordu. Kahvalt\u0131 falan yoktu, sadece bana d\u00fcn ula\u015fmaya \u00e7al\u0131\u015ft\u0131klar\u0131n\u0131, yan\u0131mda kimseyi getirmemem gerekti\u011fini s\u00f6yledi. Bu durum beni biraz \u015fa\u015f\u0131rtt\u0131, ancak sonra her \u015feyin sorun olmayaca\u011f\u0131n\u0131 belirtti. Ard\u0131ndan \u00f6n muayeneler ba\u015flad\u0131 ve birka\u00e7 saat s\u00fcrd\u00fc, her seferinde uzun s\u00fcre beklemem gerekti. Neyse ki yan\u0131mda iki ki\u015fi vard\u0131, b\u00f6ylece biraz sohbet etme imk\u00e2n\u0131m oldu. Doktor bana standart Lasik-Lasek y\u00f6nteminin m\u00fcmk\u00fcn oldu\u011funu s\u00f6yledi. \u00d6n muayene ile tedavi aras\u0131ndaki zaman\u0131 ge\u00e7irmek i\u00e7in yak\u0131ndaki bir al\u0131\u015fveri\u015f merkezine taksiyle gittik. Ameliyat\u0131m saat 17:30\u2019da ba\u015flad\u0131. Ayn\u0131 tedaviye sahip 3 ba\u015fka hasta vard\u0131. Ben sonuncuydum. M\u00fcdahale \u00e7ok k\u0131sa s\u00fcrd\u00fc, ilk g\u00f6z birka\u00e7 dakikada tamamland\u0131 ve ikinci g\u00f6z de hemen bitiverdi. Terc\u00fcman i\u015flem s\u0131ras\u0131nda hep yan\u0131mdayd\u0131, bana ne yapmam gerekti\u011fini s\u00f6yledi ve s\u00fcrekli olarak moral verdi. Sonras\u0131nda \u00f6zel bir koruyucu g\u00f6zl\u00fck verildi ve yakla\u015f\u0131k 30 dakika kadar karanl\u0131k bir bekleme odas\u0131nda kontrol i\u00e7in beklemem gerekti.                               <\/p>\n\n\n\n<div class=\"wp-block-group is-layout-grid wp-container-core-group-is-layout-baef362d wp-block-group-is-layout-grid\">\n<p><a href=\"https:\/\/medicaltravel.at\/home\/agb\/\" data-type=\"page\" data-id=\"2191\" rel=\"nofollow noopener\" target=\"_blank\"><\/a><a href=\"https:\/\/medicaltravel.ch\/tr\/hasta-raporlari\/turkiye-de-tedavi-deneyimleri\/antalya-tuerkiyede-gecirdigim-lazer-goez-ameliyati-hakkindaki-deneyim-raporum-13-temmuz-2012-cuma-tarihli-rapor\/\" data-type=\"link\" data-id=\"https:\/\/medicaltravel.ch\/tr\/hasta-raporlari\/turkiye-de-tedavi-deneyimleri\/antalya-tuerkiyede-gecirdigim-lazer-goez-ameliyati-hakkindaki-deneyim-raporum-13-temmuz-2012-cuma-tarihli-rapor\/\">\u00d6nceki rapor<\/a><\/p>\n\n\n\n<p class=\"has-text-align-right wp-container-content-5e2576f9\"><a href=\"https:\/\/medicaltravel.at\/home\/impressum\/\" data-type=\"page\" data-id=\"2193\" rel=\"nofollow noopener\" target=\"_blank\"><\/a><a href=\"https:\/\/medicaltravel.at\/home\/berichte-von-patienten\/erfahrungsberichte\/erfahrungsbericht-zahnbehandlung-in-istanbul\/\" data-type=\"page\" data-id=\"981\" rel=\"nofollow noopener\" target=\"_blank\"><\/a><a href=\"https:\/\/medicaltravel.ch\/tr\/hasta-raporlari\/turkiye-de-tedavi-deneyimleri\/sonunda-goezlueksuez-istanbul-acibademde-lazer-goez-ameliyati-26-30-nisan-2012-9-haziran-2012-cumartesi-tarihli-haber\/\" data-type=\"link\" data-id=\"https:\/\/medicaltravel.ch\/tr\/hasta-raporlari\/turkiye-de-tedavi-deneyimleri\/sonunda-goezlueksuez-istanbul-acibademde-lazer-goez-ameliyati-26-30-nisan-2012-9-haziran-2012-cumartesi-tarihli-haber\/\">Bir sonraki rapor<\/a><\/p>\n<\/div>\n","protected":false},"excerpt":{"rendered":"<p>Sonunda g\u00f6zl\u00fck yok! \u0130stanbul&#8217;da lazer g\u00f6z ameliyat\u0131 hakk\u0131ndaki hasta raporum \u2013 28 Haziran 2012 Per\u015fembe tarihli rapor. \u0130stanbul 28.04.2012 \u2013 05.05.2012Uzun zamand\u0131r g\u00f6zlerimi lazerle tedavi ettirmeyi d\u00fc\u015f\u00fcn\u00fcyordum. \u0130lkokuldan beri g\u00f6zl\u00fck kullan\u0131yordum. Ne yaz\u0131k ki, kontakt lensleri giderek daha az tolerans g\u00f6steriyordum ve spor yapmay\u0131 \u00e7ok sevdi\u011fim i\u00e7in g\u00f6zl\u00fck benim i\u00e7in giderek daha fazla rahats\u0131zl\u0131k vermeye ba\u015flam\u0131\u015ft\u0131. Bir tan\u0131d\u0131\u011f\u0131m 5 y\u0131l \u00f6nce g\u00f6zlerini lazerle tedavi ettirmi\u015fti ve bana Swisslasik\u2019i tavsiye etti. Bunun \u00fczerine 2012 y\u0131l\u0131n\u0131n ba\u015flar\u0131nda nihayet bu ad\u0131m\u0131 atmaya karar verdim. Swisslasik\u2019in web sitesini ayr\u0131nt\u0131l\u0131 olarak inceledikten sonra, Say\u0131n Karaagacli\u2019den bir teklif istedim. Ocak ay\u0131 ortas\u0131nda Z\u00fcrich\u2019de \u00f6n muayene yap\u0131ld\u0131 ve kesin olarak lazer tedavisinin m\u00fcmk\u00fcn oldu\u011fu a\u00e7\u0131kland\u0131! Bu olumlu haberin hemen ard\u0131ndan \u201cHer \u015fey dahil\u201d paketini sat\u0131n ald\u0131m. \u0130stanbul\u2019a daha \u00f6nce birka\u00e7 kez gitmi\u015ftim ve bu \u015fehri \u00e7ok sevdi\u011fim i\u00e7in, lazer tedavisini bir hafta tatille birle\u015ftirmeye karar verdim; annem ve halamla birlikte. 28 Nisan 2012&#8217;de macera ba\u015flad\u0131. \u00d6nce birka\u00e7 g\u00fcn \u015fehri ke\u015ffettik, ard\u0131ndan 3 May\u0131s\u2019ta b\u00fcy\u00fck g\u00fcn geldi. Ancak her \u015fey biraz talihsiz bir \u015fekilde ba\u015flad\u0131. Swisslasik Pass\u2019\u0131na g\u00f6re, al\u0131m saati 08:00\u2019di. Ama saat 07:00\u2019de telefonla sert bir \u015fekilde uyand\u0131r\u0131ld\u0131k. \u015eof\u00f6r zaten oradaym\u0131\u015f, aman Tanr\u0131m! \u015eof\u00f6r daha sonra Ac\u0131badem Hastanesi&#8217;nden bir \u00e7al\u0131\u015fanla ileti\u015fime ge\u00e7ti ve bu \u00e7al\u0131\u015fan bana \u00f6z\u00fcr dileyerek, bir yanl\u0131\u015f anla\u015f\u0131lma olmu\u015f olabilece\u011fini s\u00f6yledi. Bizim biraz haz\u0131rlan\u0131p hastaneye gelmemizi, orada kahvalt\u0131 yapabilece\u011fimizi belirtti. Ben de annemi ve halam\u0131 yan\u0131mda g\u00f6t\u00fcrd\u00fcm, bu da Ac\u0131badem \u00e7al\u0131\u015fan\u0131na g\u00f6re sorun olmayacakm\u0131\u015f. Hemen haz\u0131rlan\u0131p hastaneye do\u011fru yola \u00e7\u0131kt\u0131k. Hastaneye vard\u0131\u011f\u0131m\u0131zda, terc\u00fcman bizi bekliyordu. Kahvalt\u0131 falan yoktu, sadece bana d\u00fcn ula\u015fmaya \u00e7al\u0131\u015ft\u0131klar\u0131n\u0131, yan\u0131mda kimseyi getirmemem gerekti\u011fini s\u00f6yledi. Bu durum beni biraz \u015fa\u015f\u0131rtt\u0131, ancak sonra her \u015feyin sorun olmayaca\u011f\u0131n\u0131 belirtti. Ard\u0131ndan \u00f6n muayeneler ba\u015flad\u0131 ve birka\u00e7 saat s\u00fcrd\u00fc, her seferinde uzun s\u00fcre beklemem gerekti. Neyse ki yan\u0131mda iki ki\u015fi vard\u0131, b\u00f6ylece biraz sohbet etme imk\u00e2n\u0131m oldu. Doktor bana standart Lasik-Lasek y\u00f6nteminin m\u00fcmk\u00fcn oldu\u011funu s\u00f6yledi. \u00d6n muayene ile tedavi aras\u0131ndaki zaman\u0131 ge\u00e7irmek i\u00e7in yak\u0131ndaki bir al\u0131\u015fveri\u015f merkezine taksiyle gittik. Ameliyat\u0131m saat 17:30\u2019da ba\u015flad\u0131. Ayn\u0131 tedaviye sahip 3 ba\u015fka hasta vard\u0131. Ben sonuncuydum. M\u00fcdahale \u00e7ok k\u0131sa s\u00fcrd\u00fc, ilk g\u00f6z birka\u00e7 dakikada tamamland\u0131 ve ikinci g\u00f6z de hemen bitiverdi. Terc\u00fcman i\u015flem s\u0131ras\u0131nda hep yan\u0131mdayd\u0131, bana ne yapmam gerekti\u011fini s\u00f6yledi ve s\u00fcrekli olarak moral verdi. Sonras\u0131nda \u00f6zel bir koruyucu g\u00f6zl\u00fck verildi ve yakla\u015f\u0131k 30 dakika kadar karanl\u0131k bir bekleme odas\u0131nda kontrol i\u00e7in beklemem gerekti. \u00d6nceki rapor Bir sonraki rapor<\/p>\n","protected":false},"author":4,"featured_media":0,"parent":4471,"menu_order":0,"comment_status":"closed","ping_status":"closed","template":"","meta":{"_joinchat":[],"footnotes":""},"class_list":["post-4493","page","type-page","status-publish","hentry"],"acf":[],"_links":{"self":[{"href":"https:\/\/medicaltravel.ch\/tr\/wp-json\/wp\/v2\/pages\/4493","targetHints":{"allow":["GET"]}}],"collection":[{"href":"https:\/\/medicaltravel.ch\/tr\/wp-json\/wp\/v2\/pages"}],"about":[{"href":"https:\/\/medicaltravel.ch\/tr\/wp-json\/wp\/v2\/types\/page"}],"author":[{"embeddable":true,"href":"https:\/\/medicaltravel.ch\/tr\/wp-json\/wp\/v2\/users\/4"}],"replies":[{"embeddable":true,"href":"https:\/\/medicaltravel.ch\/tr\/wp-json\/wp\/v2\/comments?post=4493"}],"version-history":[{"count":2,"href":"https:\/\/medicaltravel.ch\/tr\/wp-json\/wp\/v2\/pages\/4493\/revisions"}],"predecessor-version":[{"id":6473,"href":"https:\/\/medicaltravel.ch\/tr\/wp-json\/wp\/v2\/pages\/4493\/revisions\/6473"}],"up":[{"embeddable":true,"href":"https:\/\/medicaltravel.ch\/tr\/wp-json\/wp\/v2\/pages\/4471"}],"wp:attachment":[{"href":"https:\/\/medicaltravel.ch\/tr\/wp-json\/wp\/v2\/media?parent=4493"}],"curies":[{"name":"wp","href":"https:\/\/api.w.org\/{rel}","templated":true}]}}