{"id":4509,"date":"2025-09-24T06:31:56","date_gmt":"2025-09-24T05:31:56","guid":{"rendered":"https:\/\/medicaltravel.ch\/hasta-raporlari\/erfahrungsberichte-behandlungen-tuerkei\/istanbulda-21-temmuz-2012-tarihinde-gerceklestirilen-lasik-goez-ameliyatina-iliskin-deneyim-raporu-7-eyluel-2012-cuma-tarihli-rapor\/"},"modified":"2026-01-12T19:44:49","modified_gmt":"2026-01-12T18:44:49","slug":"istanbulda-21-temmuz-2012-tarihinde-gerceklestirilen-lasik-goez-ameliyatina-iliskin-deneyim-raporu-7-eyluel-2012-cuma-tarihli-rapor","status":"publish","type":"page","link":"https:\/\/medicaltravel.ch\/tr\/hasta-raporlari\/turkiye-de-tedavi-deneyimleri\/istanbulda-21-temmuz-2012-tarihinde-gerceklestirilen-lasik-goez-ameliyatina-iliskin-deneyim-raporu-7-eyluel-2012-cuma-tarihli-rapor\/","title":{"rendered":"\u0130stanbul&#8217;da 21 Temmuz 2012 tarihinde ger\u00e7ekle\u015ftirilen LASIK g\u00f6z ameliyat\u0131na ili\u015fkin deneyim raporu \u2013 7 Eyl\u00fcl 2012 Cuma tarihli rapor."},"content":{"rendered":"\n<p>\u0130stanbul&#8217;da 21 Temmuz 2012 tarihinde ger\u00e7ekle\u015ftirilen LASIK g\u00f6z ameliyat\u0131na ili\u015fkin deneyim raporu \u2013 7 Eyl\u00fcl 2012 Cuma tarihli rapor.<\/p>\n\n\n\n<figure class=\"wp-block-image size-full\"><img decoding=\"async\" width=\"120\" height=\"90\" src=\"https:\/\/medicaltravel.ch\/wp-content\/uploads\/2025\/09\/1-5.jpg\" alt=\"\" class=\"wp-image-874\"\/><\/figure>\n\n\n\n<p>Ge\u00e7en k\u0131\u015f g\u00f6zlerimi lazerle tedavi ettirmeyi d\u00fc\u015f\u00fcnd\u00fcm. \u0130ki k\u00fc\u00e7\u00fck \u00e7ocu\u011fumla s\u0131k s\u0131k oyun oynar, y\u00fczmeye giderim ve aktifim. Genellikle 10 y\u0131ld\u0131r kulland\u0131\u011f\u0131m kontakt lenslerim (her iki g\u00f6zde -1.25) ya g\u00f6z\u00fcmden d\u00fc\u015f\u00fcyordu ya da rahats\u0131zl\u0131k veriyordu. \u00d6zellikle yaz\u0131n g\u00fcne\u015f kremi s\u00fcrerken g\u00f6zlerimi ovu\u015fturdu\u011fumda lenslerim zor durumda kal\u0131yordu. Sonunda g\u00f6zl\u00fckten ve lenslerden tamamen kurtulmak istedim. \u0130nternette ara\u015ft\u0131rma yaparken Swisslasik\u2019in web sitesine rastlad\u0131m. Say\u0131n Karaagacli ile yapt\u0131\u011f\u0131m ilk telefon g\u00f6r\u00fc\u015fmesinin ard\u0131ndan ve sitenin a\u00e7\u0131k, anla\u015f\u0131l\u0131r tasar\u0131m\u0131n\u0131 g\u00f6r\u00fcnce g\u00fcven duydum ve bu i\u015fi yapmaya karar verdim. Yine de Bern&#8217;deki bir g\u00f6z lazer klini\u011finde \u00f6n muayene yapt\u0131rd\u0131m \u00e7\u00fcnk\u00fc g\u00f6zlerimin lazer tedavisi i\u00e7in uygun olup olmad\u0131\u011f\u0131n\u0131 g\u00f6rmek istedim ve ayr\u0131ca monovizyon uygulan\u0131p uygulanamayaca\u011f\u0131n\u0131 \u00f6\u011frenmek istedim. Yani bir g\u00f6z\u00fcm\u00fc miyopluk i\u00e7in, di\u011ferini ise sadece hafif\u00e7e d\u00fczelterek, m\u00fcmk\u00fcnse okuma g\u00f6zl\u00fc\u011f\u00fcne gerek kalmadan uzun s\u00fcre g\u00f6rmeyi s\u00fcrd\u00fcrmeyi ama\u00e7lad\u0131m. \u00dc\u00e7 hafta boyunca lenslerle bunu test ettim ama hi\u00e7 memnun kalmad\u0131m. O y\u00fczden her iki g\u00f6z\u00fcm\u00fc de lazerle tedavi ettirmeye karar verdim, bu \u0130svi\u00e7re\u2019de rahat\u00e7a 8000 frank\u0131 bulacakt\u0131. 20 Temmuz 2012\u2019de \u0130stanbul\u2019a yola \u00e7\u0131kt\u0131m. Swisslasik\u2019in haz\u0131rl\u0131klar ve bilgiler konusunda m\u00fckemmel \u015fekilde yard\u0131mc\u0131 olmas\u0131n\u0131n ard\u0131ndan, T\u00fcrkiye&#8217;de de i\u015fler ayn\u0131 \u015fekilde ilerledi. Gece ge\u00e7 saatlerde, Ac\u0131badem Klinik otob\u00fcs\u00fcnden gelen \u015fof\u00f6r beni havaalan\u0131ndan ald\u0131 ve Levent Otel&#8217;e g\u00f6t\u00fcrd\u00fc. Otel temiz ve rahat, personel olduk\u00e7a arkada\u015f canl\u0131s\u0131yd\u0131, ancak herkes \u0130ngilizce konu\u015fmuyordu. Yaln\u0131z seyahat etti\u011fim i\u00e7in, sabah otelde benimle ayn\u0131 tedavi i\u00e7in gelen iki \u0130svi\u00e7reliyle kar\u015f\u0131la\u015ft\u0131m. Hemen sohbet etmeye ba\u015flad\u0131k ve hafta sonunu birlikte, uyumlu ve e\u011flenceli bir grup olarak ge\u00e7irdik! Otelden al\u0131nd\u0131k ve klinikte t\u00fcm s\u00fcre\u00e7 ba\u015flad\u0131. Klinik, Almanya\u2019da b\u00fcy\u00fcy\u00fcp \u015fimdi \u0130stanbul\u2019da ya\u015fayan T\u00fcrk Erkan taraf\u0131ndan kar\u015f\u0131land\u0131. Erkan, terc\u00fcmanl\u0131k yap\u0131yordu ve art\u0131k bize her ad\u0131mda e\u015flik etti, otelde geri d\u00f6nece\u011fimiz zamana kadar yan\u0131m\u0131zdayd\u0131. \u0130lk olarak cihazlarla yap\u0131lan \u00f6n muayene, ard\u0131ndan cerrah ile bire bir g\u00f6r\u00fc\u015fme ger\u00e7ekle\u015fti. Cerrah \u00e7ok iyi \u0130ngilizce konu\u015fuyordu ve olduk\u00e7a profesyonel bir izlenim b\u0131rakm\u0131\u015ft\u0131. Benim i\u00e7in ise Almanca konu\u015fabilen terc\u00fcman\u0131m\u0131z \u00e7ok \u00f6nemli oldu, b\u00f6ylece her \u015feyi do\u011fru \u015fekilde anlayabildim. Dr. Cosar bana tedavi sonras\u0131 okumak i\u00e7in okuma g\u00f6zl\u00fc\u011f\u00fcne ihtiyac\u0131m olabilece\u011fini s\u00f6yledi, bu da beni biraz endi\u015felendirdi \u00e7\u00fcnk\u00fc bug\u00fcne kadar hi\u00e7 g\u00f6zl\u00fc\u011fe ihtiyac\u0131m olmam\u0131\u015ft\u0131. Ne yaz\u0131k ki, \u0130svi\u00e7re\u2019deki klinikte, pahal\u0131 bir \u00f6n muayene yapt\u0131rmama ra\u011fmen bunu bana s\u00f6ylememi\u015flerdi! Sonras\u0131nda, bekleme odas\u0131nda biraz daha sakinle\u015fip d\u00fc\u015f\u00fcnme f\u0131rsat\u0131 buldum ve 43 ya\u015f\u0131nda oldu\u011fum i\u00e7in, okuma g\u00f6zl\u00fc\u011f\u00fc kullanmaya kesinlikle yak\u0131n zamanda ba\u015flamam gerekti\u011fini fark ettim ve lazer tedavisi olmaya karar verdim. \u00d6\u011fle tatilinin ard\u0131ndan, \u015fehir manzaral\u0131 klinik restoran\u0131nda keyifli bir \u00f6\u011fle yeme\u011fi yedik. Ard\u0131ndan i\u015flem ba\u015flad\u0131. \u0130lk olarak g\u00f6z damlalar\u0131, sonra ameliyat k\u0131yafetlerinin giydirilmesi ve ard\u0131 ard\u0131na i\u015flemler ba\u015flad\u0131.                           Benim ameliyat\u0131m sadece yakla\u015f\u0131k 10 dakika s\u00fcrd\u00fc \u00e7\u00fcnk\u00fc k\u00fc\u00e7\u00fck bir d\u00fczeltme yap\u0131lmas\u0131 gerekiyordu. \u0130yi Erkan, operasyon s\u0131ras\u0131nda bize elini tuttu, bu ger\u00e7ekten \u00e7ok rahatlat\u0131c\u0131yd\u0131. Ben kendi ad\u0131ma, m\u00fcdahaleyi biraz daha k\u00f6t\u00fc hayal etmi\u015ftim, ama a\u011fr\u0131 duymadan olduk\u00e7a rahat bir \u015fekilde ge\u00e7ti. Ameliyat sonras\u0131 k\u0131sa bir kontrol\u00fcn ard\u0131ndan otele g\u00f6t\u00fcr\u00fcld\u00fck, burada art\u0131k yanmaya ve sulanm\u0131\u015f olan g\u00f6zlerimizi kapatarak dinlendik. T\u00fcm bu i\u015flemler sabah 07:00\u2019den \u00f6\u011fleden sonra 14:00\u2019e kadar ger\u00e7ekle\u015fti. Saat 17:30\u2019a kadar, 500 mg Dafalgan ile kontrol alt\u0131na ald\u0131\u011f\u0131m rahats\u0131zl\u0131k hissi giderek azalmaya ba\u015flad\u0131. Ayr\u0131ca daha iyi g\u00f6rmeye ba\u015flad\u0131\u011f\u0131m\u0131 fark ettim ve &#8220;yeni&#8221; g\u00f6zlerimi test etmek i\u00e7in k\u0131sa bir y\u00fcr\u00fcy\u00fc\u015f yapt\u0131m. G\u00f6rd\u00fc\u011f\u00fcm \u015fey \u00e7ok ho\u015fuma gitti ve \u00e7ok mutlu oldum! Art\u0131k \u00fc\u00e7\u00fcm\u00fcz de \u0130stanbul\u2019da hafta sonumuzu keyifle ge\u00e7irebilecektik. Ak\u015fam yeme\u011fimizi Bosphorus&#8217;ta, \u0131\u015f\u0131klarla s\u00fcsl\u00fc k\u00f6pr\u00fclerin manzaras\u0131nda yedik, \u00e7\u00fcnk\u00fc o d\u00f6nemde Ramazan&#8217;d\u0131. Ertesi g\u00fcn \u00f6\u011fle vakti, klinikteki kontrol sonras\u0131 Bosphorus turu yapt\u0131k, ki bu da ba\u015far\u0131l\u0131 oldu, sadece bir saatlik bir gecikme oldu \u00e7\u00fcnk\u00fc zaman konusunda bir yanl\u0131\u015f anla\u015f\u0131lma olmu\u015f. Bunun d\u0131\u015f\u0131nda g\u00fcn\u00fc hi\u00e7bir rahats\u0131zl\u0131k duymadan tamamen keyifle ge\u00e7irdik. Taksim Meydan\u0131, Saphircenter gibi yerleri gezdik, bu arada Saphircenter, Levent Oteli&#8217;ne sadece 5 dakika y\u00fcr\u00fcme mesafesindeydi. \u015eikayetim tek bir \u015feydi: Bana verilen g\u00f6z damlalar\u0131 (kortizon ve antibiyotik), per\u015fembe g\u00fcn\u00fc kadar kullanmam gerekti\u011fi s\u00f6ylenmi\u015fti, fakat maalesef sadece pazartesiye kadar yeterli oldular ve cerrah\u0131m, daha fazla istedi\u011fimde, bana ek damla vermedi. Neyse ki sonu\u00e7 yine iyi oldu ve Swisslasik, bu durumu klinik ile payla\u015ft\u0131 ve iyile\u015ftirilmesi i\u00e7in bildirimde bulundu. Benzer bir i\u015flemi tekrar T\u00fcrkiye\u2019de yapt\u0131r\u0131r\u0131m. Bug\u00fcn, 6 hafta ve \u0130svi\u00e7re&#8217;deki bir kontrol sonras\u0131 sonu\u00e7tan \u00e7ok memnunum, art\u0131k lens veya g\u00f6zl\u00fck takmam gerekmiyor ve hatta okuma g\u00f6zl\u00fc\u011f\u00fc kullanmam\u0131za da gerek yok. G\u00f6zlerim, i\u015flem \u00f6ncesine g\u00f6re daha kuru hissetmiyor ve \u0131\u015f\u0131\u011fa hassasiyetim de ayn\u0131. Ama tabii ki bu, benim yaln\u0131zca k\u00fc\u00e7\u00fck bir d\u00fczeltme yapt\u0131rmamdan kaynaklan\u0131yor. E\u011fer bir \u015feyi farkl\u0131 yapacak olsam, \u0130stanbul&#8217;da daha fazla zaman ge\u00e7irirdim!<br>Ursula Gerber                      <\/p>\n\n\n\n<figure class=\"wp-block-image size-full\"><img fetchpriority=\"high\" decoding=\"async\" width=\"300\" height=\"225\" src=\"https:\/\/medicaltravel.ch\/wp-content\/uploads\/2025\/09\/2-4-300x225-1.jpg\" alt=\"\" class=\"wp-image-875\"\/><\/figure>\n\n\n\n<figure class=\"wp-block-image size-full\"><img decoding=\"async\" width=\"300\" height=\"225\" src=\"https:\/\/medicaltravel.ch\/wp-content\/uploads\/2025\/09\/3-3-300x225-1.jpg\" alt=\"\" class=\"wp-image-876\"\/><\/figure>\n\n\n\n<figure class=\"wp-block-image size-full\"><img loading=\"lazy\" decoding=\"async\" width=\"300\" height=\"225\" src=\"https:\/\/medicaltravel.ch\/wp-content\/uploads\/2025\/09\/4-2-300x225-1.jpg\" alt=\"\" class=\"wp-image-877\"\/><\/figure>\n\n\n\n<figure class=\"wp-block-image size-full\"><img loading=\"lazy\" decoding=\"async\" width=\"300\" height=\"225\" src=\"https:\/\/medicaltravel.ch\/wp-content\/uploads\/2025\/09\/5-1-300x225-1.jpg\" alt=\"\" class=\"wp-image-878\"\/><\/figure>\n\n\n\n<figure class=\"wp-block-image size-full\"><img loading=\"lazy\" decoding=\"async\" width=\"240\" height=\"320\" src=\"https:\/\/medicaltravel.ch\/wp-content\/uploads\/2025\/09\/6-1.jpg\" alt=\"\" class=\"wp-image-879\" srcset=\"https:\/\/medicaltravel.ch\/wp-content\/uploads\/2025\/09\/6-1.jpg 240w, https:\/\/medicaltravel.ch\/wp-content\/uploads\/2025\/09\/6-1-225x300.jpg 225w\" sizes=\"(max-width: 240px) 100vw, 240px\" \/><\/figure>\n\n\n\n<figure class=\"wp-block-image size-full\"><img loading=\"lazy\" decoding=\"async\" width=\"300\" height=\"225\" src=\"https:\/\/medicaltravel.ch\/wp-content\/uploads\/2025\/09\/7-1-300x225-1.jpg\" alt=\"\" class=\"wp-image-880\"\/><\/figure>\n\n\n\n<figure class=\"wp-block-image size-full\"><img loading=\"lazy\" decoding=\"async\" width=\"300\" height=\"225\" src=\"https:\/\/medicaltravel.ch\/wp-content\/uploads\/2025\/09\/8-1-300x225-1.jpg\" alt=\"\" class=\"wp-image-881\"\/><\/figure>\n\n\n\n<figure class=\"wp-block-image size-full\"><img loading=\"lazy\" decoding=\"async\" width=\"240\" height=\"320\" src=\"https:\/\/medicaltravel.ch\/wp-content\/uploads\/2025\/09\/9-1.jpg\" alt=\"\" class=\"wp-image-882\" srcset=\"https:\/\/medicaltravel.ch\/wp-content\/uploads\/2025\/09\/9-1.jpg 240w, https:\/\/medicaltravel.ch\/wp-content\/uploads\/2025\/09\/9-1-225x300.jpg 225w\" sizes=\"(max-width: 240px) 100vw, 240px\" \/><\/figure>\n\n\n\n<figure class=\"wp-block-image size-full\"><img loading=\"lazy\" decoding=\"async\" width=\"300\" height=\"135\" src=\"https:\/\/medicaltravel.ch\/wp-content\/uploads\/2025\/09\/10-1-300x135-1.jpg\" alt=\"\" class=\"wp-image-883\"\/><\/figure>\n\n\n\n<figure class=\"wp-block-image size-full\"><img loading=\"lazy\" decoding=\"async\" width=\"240\" height=\"320\" src=\"https:\/\/medicaltravel.ch\/wp-content\/uploads\/2025\/09\/11.jpeg\" alt=\"\" class=\"wp-image-884\" srcset=\"https:\/\/medicaltravel.ch\/wp-content\/uploads\/2025\/09\/11.jpeg 240w, https:\/\/medicaltravel.ch\/wp-content\/uploads\/2025\/09\/11-225x300.jpeg 225w\" sizes=\"(max-width: 240px) 100vw, 240px\" \/><\/figure>\n\n\n\n<figure class=\"wp-block-image size-full\"><img loading=\"lazy\" decoding=\"async\" width=\"300\" height=\"225\" src=\"https:\/\/medicaltravel.ch\/wp-content\/uploads\/2025\/09\/12-300x225-1.jpeg\" alt=\"\" class=\"wp-image-885\"\/><\/figure>\n\n\n\n<figure class=\"wp-block-image size-full\"><img loading=\"lazy\" decoding=\"async\" width=\"300\" height=\"225\" src=\"https:\/\/medicaltravel.ch\/wp-content\/uploads\/2025\/09\/13-300x225-1.jpeg\" alt=\"\" class=\"wp-image-886\"\/><\/figure>\n\n\n\n<figure class=\"wp-block-image size-full\"><img loading=\"lazy\" decoding=\"async\" width=\"240\" height=\"320\" src=\"https:\/\/medicaltravel.ch\/wp-content\/uploads\/2025\/09\/14.jpeg\" alt=\"\" class=\"wp-image-887\" srcset=\"https:\/\/medicaltravel.ch\/wp-content\/uploads\/2025\/09\/14.jpeg 240w, https:\/\/medicaltravel.ch\/wp-content\/uploads\/2025\/09\/14-225x300.jpeg 225w\" sizes=\"(max-width: 240px) 100vw, 240px\" \/><\/figure>\n\n\n\n<div class=\"wp-block-group is-layout-grid wp-container-core-group-is-layout-baef362d wp-block-group-is-layout-grid\">\n<p><a href=\"https:\/\/medicaltravel.at\/home\/agb\/\" data-type=\"page\" data-id=\"2191\" rel=\"nofollow noopener\" target=\"_blank\"><\/a><a href=\"https:\/\/medicaltravel.ch\/tr\/hasta-raporlari\/turkiye-de-tedavi-deneyimleri\/deneyim-raporu-yurtdisinda-lasik-tuerkiye-21-eyluel-2012-cuma-tarihli-rapor\/\" data-type=\"link\" data-id=\"https:\/\/medicaltravel.ch\/tr\/hasta-raporlari\/turkiye-de-tedavi-deneyimleri\/deneyim-raporu-yurtdisinda-lasik-tuerkiye-21-eyluel-2012-cuma-tarihli-rapor\/\">\u00d6nceki rapor<\/a><\/p>\n\n\n\n<p class=\"has-text-align-right wp-container-content-5e2576f9\"><a href=\"https:\/\/medicaltravel.at\/home\/impressum\/\" data-type=\"page\" data-id=\"2193\" rel=\"nofollow noopener\" target=\"_blank\"><\/a><a href=\"https:\/\/medicaltravel.at\/home\/berichte-von-patienten\/erfahrungsberichte\/erfahrungsbericht-zahnbehandlung-in-istanbul\/\" data-type=\"page\" data-id=\"981\" rel=\"nofollow noopener\" target=\"_blank\"><\/a><a href=\"https:\/\/medicaltravel.ch\/tr\/hasta-raporlari\/turkiye-de-tedavi-deneyimleri\/yurtdisinda-lazer-goez-ameliyati-istanbul-9-12-agustos-2012-9-agustos-2012-persembe-tarihli-rapor\/\" data-type=\"link\" data-id=\"https:\/\/medicaltravel.ch\/tr\/hasta-raporlari\/turkiye-de-tedavi-deneyimleri\/yurtdisinda-lazer-goez-ameliyati-istanbul-9-12-agustos-2012-9-agustos-2012-persembe-tarihli-rapor\/\">Bir sonraki rapor<\/a><\/p>\n<\/div>\n","protected":false},"excerpt":{"rendered":"<p>\u0130stanbul&#8217;da 21 Temmuz 2012 tarihinde ger\u00e7ekle\u015ftirilen LASIK g\u00f6z ameliyat\u0131na ili\u015fkin deneyim raporu \u2013 7 Eyl\u00fcl 2012 Cuma tarihli rapor. Ge\u00e7en k\u0131\u015f g\u00f6zlerimi lazerle tedavi ettirmeyi d\u00fc\u015f\u00fcnd\u00fcm. \u0130ki k\u00fc\u00e7\u00fck \u00e7ocu\u011fumla s\u0131k s\u0131k oyun oynar, y\u00fczmeye giderim ve aktifim. Genellikle 10 y\u0131ld\u0131r kulland\u0131\u011f\u0131m kontakt lenslerim (her iki g\u00f6zde -1.25) ya g\u00f6z\u00fcmden d\u00fc\u015f\u00fcyordu ya da rahats\u0131zl\u0131k veriyordu. \u00d6zellikle yaz\u0131n g\u00fcne\u015f kremi s\u00fcrerken g\u00f6zlerimi ovu\u015fturdu\u011fumda lenslerim zor durumda kal\u0131yordu. Sonunda g\u00f6zl\u00fckten ve lenslerden tamamen kurtulmak istedim. \u0130nternette ara\u015ft\u0131rma yaparken Swisslasik\u2019in web sitesine rastlad\u0131m. Say\u0131n Karaagacli ile yapt\u0131\u011f\u0131m ilk telefon g\u00f6r\u00fc\u015fmesinin ard\u0131ndan ve sitenin a\u00e7\u0131k, anla\u015f\u0131l\u0131r tasar\u0131m\u0131n\u0131 g\u00f6r\u00fcnce g\u00fcven duydum ve bu i\u015fi yapmaya karar verdim. Yine de Bern&#8217;deki bir g\u00f6z lazer klini\u011finde \u00f6n muayene yapt\u0131rd\u0131m \u00e7\u00fcnk\u00fc g\u00f6zlerimin lazer tedavisi i\u00e7in uygun olup olmad\u0131\u011f\u0131n\u0131 g\u00f6rmek istedim ve ayr\u0131ca monovizyon uygulan\u0131p uygulanamayaca\u011f\u0131n\u0131 \u00f6\u011frenmek istedim. Yani bir g\u00f6z\u00fcm\u00fc miyopluk i\u00e7in, di\u011ferini ise sadece hafif\u00e7e d\u00fczelterek, m\u00fcmk\u00fcnse okuma g\u00f6zl\u00fc\u011f\u00fcne gerek kalmadan uzun s\u00fcre g\u00f6rmeyi s\u00fcrd\u00fcrmeyi ama\u00e7lad\u0131m. \u00dc\u00e7 hafta boyunca lenslerle bunu test ettim ama hi\u00e7 memnun kalmad\u0131m. O y\u00fczden her iki g\u00f6z\u00fcm\u00fc de lazerle tedavi ettirmeye karar verdim, bu \u0130svi\u00e7re\u2019de rahat\u00e7a 8000 frank\u0131 bulacakt\u0131. 20 Temmuz 2012\u2019de \u0130stanbul\u2019a yola \u00e7\u0131kt\u0131m. Swisslasik\u2019in haz\u0131rl\u0131klar ve bilgiler konusunda m\u00fckemmel \u015fekilde yard\u0131mc\u0131 olmas\u0131n\u0131n ard\u0131ndan, T\u00fcrkiye&#8217;de de i\u015fler ayn\u0131 \u015fekilde ilerledi. Gece ge\u00e7 saatlerde, Ac\u0131badem Klinik otob\u00fcs\u00fcnden gelen \u015fof\u00f6r beni havaalan\u0131ndan ald\u0131 ve Levent Otel&#8217;e g\u00f6t\u00fcrd\u00fc. Otel temiz ve rahat, personel olduk\u00e7a arkada\u015f canl\u0131s\u0131yd\u0131, ancak herkes \u0130ngilizce konu\u015fmuyordu. Yaln\u0131z seyahat etti\u011fim i\u00e7in, sabah otelde benimle ayn\u0131 tedavi i\u00e7in gelen iki \u0130svi\u00e7reliyle kar\u015f\u0131la\u015ft\u0131m. Hemen sohbet etmeye ba\u015flad\u0131k ve hafta sonunu birlikte, uyumlu ve e\u011flenceli bir grup olarak ge\u00e7irdik! Otelden al\u0131nd\u0131k ve klinikte t\u00fcm s\u00fcre\u00e7 ba\u015flad\u0131. Klinik, Almanya\u2019da b\u00fcy\u00fcy\u00fcp \u015fimdi \u0130stanbul\u2019da ya\u015fayan T\u00fcrk Erkan taraf\u0131ndan kar\u015f\u0131land\u0131. Erkan, terc\u00fcmanl\u0131k yap\u0131yordu ve art\u0131k bize her ad\u0131mda e\u015flik etti, otelde geri d\u00f6nece\u011fimiz zamana kadar yan\u0131m\u0131zdayd\u0131. \u0130lk olarak cihazlarla yap\u0131lan \u00f6n muayene, ard\u0131ndan cerrah ile bire bir g\u00f6r\u00fc\u015fme ger\u00e7ekle\u015fti. Cerrah \u00e7ok iyi \u0130ngilizce konu\u015fuyordu ve olduk\u00e7a profesyonel bir izlenim b\u0131rakm\u0131\u015ft\u0131. Benim i\u00e7in ise Almanca konu\u015fabilen terc\u00fcman\u0131m\u0131z \u00e7ok \u00f6nemli oldu, b\u00f6ylece her \u015feyi do\u011fru \u015fekilde anlayabildim. Dr. Cosar bana tedavi sonras\u0131 okumak i\u00e7in okuma g\u00f6zl\u00fc\u011f\u00fcne ihtiyac\u0131m olabilece\u011fini s\u00f6yledi, bu da beni biraz endi\u015felendirdi \u00e7\u00fcnk\u00fc bug\u00fcne kadar hi\u00e7 g\u00f6zl\u00fc\u011fe ihtiyac\u0131m olmam\u0131\u015ft\u0131. Ne yaz\u0131k ki, \u0130svi\u00e7re\u2019deki klinikte, pahal\u0131 bir \u00f6n muayene yapt\u0131rmama ra\u011fmen bunu bana s\u00f6ylememi\u015flerdi! Sonras\u0131nda, bekleme odas\u0131nda biraz daha sakinle\u015fip d\u00fc\u015f\u00fcnme f\u0131rsat\u0131 buldum ve 43 ya\u015f\u0131nda oldu\u011fum i\u00e7in, okuma g\u00f6zl\u00fc\u011f\u00fc kullanmaya kesinlikle yak\u0131n zamanda ba\u015flamam gerekti\u011fini fark ettim ve lazer tedavisi olmaya karar verdim. \u00d6\u011fle tatilinin ard\u0131ndan, \u015fehir manzaral\u0131 klinik restoran\u0131nda keyifli bir \u00f6\u011fle yeme\u011fi yedik. Ard\u0131ndan i\u015flem ba\u015flad\u0131. \u0130lk olarak g\u00f6z damlalar\u0131, sonra ameliyat k\u0131yafetlerinin giydirilmesi ve ard\u0131 ard\u0131na i\u015flemler ba\u015flad\u0131. Benim ameliyat\u0131m sadece yakla\u015f\u0131k 10 dakika s\u00fcrd\u00fc \u00e7\u00fcnk\u00fc k\u00fc\u00e7\u00fck bir d\u00fczeltme yap\u0131lmas\u0131 gerekiyordu. \u0130yi Erkan, operasyon s\u0131ras\u0131nda bize elini tuttu, bu ger\u00e7ekten \u00e7ok rahatlat\u0131c\u0131yd\u0131. Ben kendi ad\u0131ma, m\u00fcdahaleyi biraz daha k\u00f6t\u00fc hayal etmi\u015ftim, ama a\u011fr\u0131 duymadan olduk\u00e7a rahat bir \u015fekilde ge\u00e7ti. Ameliyat sonras\u0131 k\u0131sa bir kontrol\u00fcn ard\u0131ndan otele g\u00f6t\u00fcr\u00fcld\u00fck, burada art\u0131k yanmaya ve sulanm\u0131\u015f olan g\u00f6zlerimizi kapatarak dinlendik. T\u00fcm bu i\u015flemler sabah 07:00\u2019den \u00f6\u011fleden sonra 14:00\u2019e kadar ger\u00e7ekle\u015fti. Saat 17:30\u2019a kadar, 500 mg Dafalgan ile kontrol alt\u0131na ald\u0131\u011f\u0131m rahats\u0131zl\u0131k hissi giderek azalmaya ba\u015flad\u0131. Ayr\u0131ca daha iyi g\u00f6rmeye ba\u015flad\u0131\u011f\u0131m\u0131 fark ettim ve &#8220;yeni&#8221; g\u00f6zlerimi test etmek i\u00e7in k\u0131sa bir y\u00fcr\u00fcy\u00fc\u015f yapt\u0131m. G\u00f6rd\u00fc\u011f\u00fcm \u015fey \u00e7ok ho\u015fuma gitti ve \u00e7ok mutlu oldum! Art\u0131k \u00fc\u00e7\u00fcm\u00fcz de \u0130stanbul\u2019da hafta sonumuzu keyifle ge\u00e7irebilecektik. Ak\u015fam yeme\u011fimizi Bosphorus&#8217;ta, \u0131\u015f\u0131klarla s\u00fcsl\u00fc k\u00f6pr\u00fclerin manzaras\u0131nda yedik, \u00e7\u00fcnk\u00fc o d\u00f6nemde Ramazan&#8217;d\u0131. Ertesi g\u00fcn \u00f6\u011fle vakti, klinikteki kontrol sonras\u0131 Bosphorus turu yapt\u0131k, ki bu da ba\u015far\u0131l\u0131 oldu, sadece bir saatlik bir gecikme oldu \u00e7\u00fcnk\u00fc zaman konusunda bir yanl\u0131\u015f anla\u015f\u0131lma olmu\u015f. Bunun d\u0131\u015f\u0131nda g\u00fcn\u00fc hi\u00e7bir rahats\u0131zl\u0131k duymadan tamamen keyifle ge\u00e7irdik. Taksim Meydan\u0131, Saphircenter gibi yerleri gezdik, bu arada Saphircenter, Levent Oteli&#8217;ne sadece 5 dakika y\u00fcr\u00fcme mesafesindeydi. \u015eikayetim tek bir \u015feydi: Bana verilen g\u00f6z damlalar\u0131 (kortizon ve antibiyotik), per\u015fembe g\u00fcn\u00fc kadar kullanmam gerekti\u011fi s\u00f6ylenmi\u015fti, fakat maalesef sadece pazartesiye kadar yeterli oldular ve cerrah\u0131m, daha fazla istedi\u011fimde, bana ek damla vermedi. Neyse ki sonu\u00e7 yine iyi oldu ve Swisslasik, bu durumu klinik ile payla\u015ft\u0131 ve iyile\u015ftirilmesi i\u00e7in bildirimde bulundu. Benzer bir i\u015flemi tekrar T\u00fcrkiye\u2019de yapt\u0131r\u0131r\u0131m. Bug\u00fcn, 6 hafta ve \u0130svi\u00e7re&#8217;deki bir kontrol sonras\u0131 sonu\u00e7tan \u00e7ok memnunum, art\u0131k lens veya g\u00f6zl\u00fck takmam gerekmiyor ve hatta okuma g\u00f6zl\u00fc\u011f\u00fc kullanmam\u0131za da gerek yok. G\u00f6zlerim, i\u015flem \u00f6ncesine g\u00f6re daha kuru hissetmiyor ve \u0131\u015f\u0131\u011fa hassasiyetim de ayn\u0131. Ama tabii ki bu, benim yaln\u0131zca k\u00fc\u00e7\u00fck bir d\u00fczeltme yapt\u0131rmamdan kaynaklan\u0131yor. E\u011fer bir \u015feyi farkl\u0131 yapacak olsam, \u0130stanbul&#8217;da daha fazla zaman ge\u00e7irirdim!Ursula Gerber \u00d6nceki rapor Bir sonraki rapor<\/p>\n","protected":false},"author":4,"featured_media":0,"parent":4471,"menu_order":0,"comment_status":"closed","ping_status":"closed","template":"","meta":{"_joinchat":[],"footnotes":""},"class_list":["post-4509","page","type-page","status-publish","hentry"],"acf":[],"_links":{"self":[{"href":"https:\/\/medicaltravel.ch\/tr\/wp-json\/wp\/v2\/pages\/4509","targetHints":{"allow":["GET"]}}],"collection":[{"href":"https:\/\/medicaltravel.ch\/tr\/wp-json\/wp\/v2\/pages"}],"about":[{"href":"https:\/\/medicaltravel.ch\/tr\/wp-json\/wp\/v2\/types\/page"}],"author":[{"embeddable":true,"href":"https:\/\/medicaltravel.ch\/tr\/wp-json\/wp\/v2\/users\/4"}],"replies":[{"embeddable":true,"href":"https:\/\/medicaltravel.ch\/tr\/wp-json\/wp\/v2\/comments?post=4509"}],"version-history":[{"count":2,"href":"https:\/\/medicaltravel.ch\/tr\/wp-json\/wp\/v2\/pages\/4509\/revisions"}],"predecessor-version":[{"id":6467,"href":"https:\/\/medicaltravel.ch\/tr\/wp-json\/wp\/v2\/pages\/4509\/revisions\/6467"}],"up":[{"embeddable":true,"href":"https:\/\/medicaltravel.ch\/tr\/wp-json\/wp\/v2\/pages\/4471"}],"wp:attachment":[{"href":"https:\/\/medicaltravel.ch\/tr\/wp-json\/wp\/v2\/media?parent=4509"}],"curies":[{"name":"wp","href":"https:\/\/api.w.org\/{rel}","templated":true}]}}