{"id":4511,"date":"2025-09-24T06:35:55","date_gmt":"2025-09-24T05:35:55","guid":{"rendered":"https:\/\/medicaltravel.ch\/hasta-raporlari\/erfahrungsberichte-behandlungen-tuerkei\/sonunda-goezlueksuez-istanbul-acibademde-lazer-goez-ameliyati-26-30-nisan-2012-9-haziran-2012-cumartesi-tarihli-haber\/"},"modified":"2026-01-12T19:48:25","modified_gmt":"2026-01-12T18:48:25","slug":"sonunda-goezlueksuez-istanbul-acibademde-lazer-goez-ameliyati-26-30-nisan-2012-9-haziran-2012-cumartesi-tarihli-haber","status":"publish","type":"page","link":"https:\/\/medicaltravel.ch\/tr\/hasta-raporlari\/turkiye-de-tedavi-deneyimleri\/sonunda-goezlueksuez-istanbul-acibademde-lazer-goez-ameliyati-26-30-nisan-2012-9-haziran-2012-cumartesi-tarihli-haber\/","title":{"rendered":"Sonunda g\u00f6zl\u00fcks\u00fcz \u2013 \u0130stanbul Ac\u0131badem&#8217;de lazer g\u00f6z ameliyat\u0131 (26-30 Nisan 2012) \u2013 9 Haziran 2012 Cumartesi tarihli haber"},"content":{"rendered":"\n<p>Sonunda g\u00f6zl\u00fcks\u00fcz \u2013 \u0130stanbul Ac\u0131badem&#8217;de lazer g\u00f6z ameliyat\u0131 (26-30 Nisan 2012) \u2013 9 Haziran 2012 Cumartesi tarihli haber<\/p>\n\n\n\n<p>Karar\u0131m\/\u0130\u00e7sel Motivasyonum\u2026 \u0130lk g\u00f6zl\u00fc\u011f\u00fcm\u00fc \u00e7\u0131rakl\u0131k d\u00f6nemimde kullanmaya ba\u015flad\u0131m ve maalesef lensleri hi\u00e7 uzun s\u00fcre, hatta s\u0131k s\u0131k takamad\u0131m. Spor yaparken genellikle g\u00f6zl\u00fckle ya da g\u00f6zl\u00fcks\u00fcz \u00e7al\u0131\u015fmak zorunda kal\u0131yordum. Ba\u015flarda bu durum idare edilebiliyordu, ama benim de g\u00f6rme bozuklu\u011fum giderek artt\u0131. Yakla\u015f\u0131k 4 y\u0131l \u00f6nce, bir i\u015f arkada\u015f\u0131m g\u00f6z lazer tedavisini \u00f6nerdi. O, \u0130svi\u00e7re&#8217;de yapt\u0131rm\u0131\u015ft\u0131, ancak benim i\u00e7in olduk\u00e7a pahal\u0131yd\u0131. Bu y\u00fczden, bir g\u00fcn yapmay\u0131 hayal etti\u011fim bir \u015feydi. Ancak bir arkada\u015f \u00e7iftinin \u00f6nerisiyle Almanya\u2019daki bir klinikten haberdar oldum. Bir y\u0131l \u00f6nce oraya gidip bir \u00f6n muayene oldum ve sonras\u0131nda g\u00f6zlerimi lazerle tedavi ettirmeye karar verdim. Bir y\u0131l boyunca para biriktirdikten sonra, sonunda karar\u0131m\u0131 verdim, ancak kaderin cilvesiyle Swisslasik\u2019ten de haberdar oldum. Yapt\u0131\u011f\u0131m ara\u015ft\u0131rmalar ve Say\u0131n Karaagacli ile yapt\u0131\u011f\u0131m g\u00f6r\u00fc\u015fmeler sonras\u0131, g\u00f6z lazer tedavisini \u0130stanbul\u2019daki Swisslasik\u2019te yapt\u0131rmaya karar verdim. Ba\u015f\u0131ndan itibaren i\u00e7im \u00e7ok rahatt\u0131 ve \u00e7ok memnunum.<br>Seyahat ve Otel\u2026 Swisslasik her \u015feyimi organize etti. Tek yapmam gereken zarf\u0131 a\u00e7mak, check-in yapmak ve u\u00e7a\u011fa binmekti. Havaalan\u0131nda beni al\u0131p otele g\u00f6t\u00fcrd\u00fcler. Levent Oteli \u00e7ok temizdi ve odam \u00e7ok g\u00fczeldi. Sakinli\u011fi seven ve merkezi bir yerde olmak istemeyenlere bu oteli tavsiye edebilirim. Otelden 10 dakikal\u0131k y\u00fcr\u00fcme mesafesinde iki b\u00fcy\u00fck al\u0131\u015fveri\u015f merkezi var. Otelin \u00e7evresinde yemek ve i\u00e7ecek almak i\u00e7in k\u00fc\u00e7\u00fck d\u00fckkanlar da bulunuyor. Ayr\u0131ca pek \u00e7ok restoran ve iyi, tipik T\u00fcrk yemekleri sunan fast-food noktalar\u0131 mevcut. Metro ile Taksim Meydan\u0131\u2019na 10 dakikada ula\u015fabiliyorsunuz, buras\u0131 \u0130stanbul\u2019un al\u0131\u015fveri\u015f caddesidir.<br>Operasyon\u2026 Operasyon g\u00fcn\u00fc, \u015fof\u00f6r\u00fcm beni tam zaman\u0131nda ald\u0131. Klinikde, Almanca konu\u015fan bir rehber taraf\u0131ndan kar\u015f\u0131land\u0131m. \u0130lk olarak s\u00fcrecin nas\u0131l ilerleyece\u011fi anlat\u0131ld\u0131 ve sonra 2. \u00f6n muayene ile i\u015flem ba\u015flad\u0131. Hatta ilk \u00f6n muayenede yap\u0131lmayan baz\u0131 testler de yap\u0131ld\u0131. Herhangi bir sorum oldu\u011funda, rehber her zaman yard\u0131mc\u0131 oldu ve t\u00fcm testlerde yan\u0131mdayd\u0131. \u00d6n muayene s\u0131ras\u0131nda, tedavi eden doktor g\u00f6zlerimi tekrar kontrol etti. S\u00fcre\u00e7 biraz uzun s\u00fcrd\u00fc ve birka\u00e7 kez beklemek zorunda kald\u0131m. Sab\u0131rs\u0131zland\u0131m \u00e7\u00fcnk\u00fc art\u0131k ba\u015flamak istiyordum. Sonunda, g\u00f6zlerimin Lasek i\u015flemine uygun oldu\u011fu ve her \u015feyin d\u00fczg\u00fcn gitti\u011fi kesinle\u015fince, yerinde FEMTO-LASIK prosed\u00fcr\u00fcne karar verdim. Asl\u0131nda Almanya\u2019daki ilk \u00f6n muayenede bu y\u00f6ntemi tercih etmi\u015ftim ve sadece T\u00fcrkiye\u2019deki g\u00f6z doktorunun ne d\u00fc\u015f\u00fcnd\u00fc\u011f\u00fcn\u00fc bekliyordum. Birka\u00e7 saat sonra, restoran b\u00f6l\u00fcm\u00fcnde al\u0131nd\u0131m ve nihayet g\u00f6zlerim lazerle tedavi edilebilecekti. Operasyon \u00e7ok k\u0131sa ve a\u011fr\u0131s\u0131zd\u0131.                                 Biraz bekleme odas\u0131nda kald\u0131ktan sonra, beni otele g\u00f6t\u00fcrd\u00fcler. Otelde bir saat sonra g\u00f6zlerim yanmaya ve sulanmaya ba\u015flad\u0131. Burada biraz sab\u0131r gerekliydi, \u00e7\u00fcnk\u00fc olduk\u00e7a rahats\u0131z ediciydi (a\u011fr\u0131l\u0131 de\u011fildi). Yan\u0131mda partnerimin olmas\u0131 \u00e7ok yard\u0131mc\u0131 oldu, bana \u00e7ok destek verdi. Tam olarak 4 saat sonra her \u015fey sona erdi ve rahat\u00e7a uyudum. Ertesi sabah, g\u00fcvenlik lensleri nedeniyle sadece bulan\u0131k g\u00f6rebiliyordum. Klinikde bunlar hemen g\u00f6z doktoru taraf\u0131ndan \u00e7\u0131kar\u0131ld\u0131 ve o zaman iyi sonucu g\u00f6rd\u00fcm. Bu ger\u00e7ekten harika bir histi ve art\u0131k g\u00f6zl\u00fck takmam gerekmedi\u011fi i\u00e7in \u00e7ok mutlu oldum. G\u00f6z doktoru operasyon \u00f6ncesinde defalarca, mucizeler beklememem gerekti\u011fini ve sab\u0131rl\u0131 olmam gerekti\u011fini s\u00f6ylemi\u015fti. Bu s\u00f6z akl\u0131mda kald\u0131, \u00e7\u00fcnk\u00fc her \u015feyin iyile\u015fmesi zaman al\u0131yor ve unutulmamal\u0131 ki bunlar g\u00f6zler. Partnerimle birlikte \u0130stanbul\u2019da iki g\u00fcn daha kald\u0131k ve kalan zaman\u0131 ger\u00e7ekten keyif alarak ge\u00e7irdik, \u015fehri gezme f\u0131rsat\u0131m\u0131z oldu. Swisslasik\u2019i ve \u0130stanbul\u2019daki g\u00f6z lazer operasyonunu g\u00f6zlerini lazerle tedavi ettirmek isteyen herkese tavsiye edebilirim. T\u00fcm paket (hizmet, dan\u0131\u015fmanl\u0131k, \u0130svi\u00e7re\u2019deki kontroller vb.) ba\u015fka hi\u00e7bir sa\u011flay\u0131c\u0131da bulamad\u0131m ve ki\u015fisel olarak her zaman tekrar giderim. Te\u015fekk\u00fcrler Swisslasik!<br>L. Rohrbach              <\/p>\n\n\n\n<div class=\"wp-block-group is-layout-grid wp-container-core-group-is-layout-baef362d wp-block-group-is-layout-grid\">\n<p><a href=\"https:\/\/medicaltravel.at\/home\/agb\/\" data-type=\"page\" data-id=\"2191\" rel=\"nofollow noopener\" target=\"_blank\"><\/a><a href=\"https:\/\/medicaltravel.ch\/tr\/hasta-raporlari\/turkiye-de-tedavi-deneyimleri\/sonunda-goezluek-yok-istanbulda-lazer-goez-ameliyati-hakkindaki-hasta-raporum-28-haziran-2012-persembe-tarihli-rapor\/\" data-type=\"link\" data-id=\"https:\/\/medicaltravel.ch\/tr\/hasta-raporlari\/turkiye-de-tedavi-deneyimleri\/sonunda-goezluek-yok-istanbulda-lazer-goez-ameliyati-hakkindaki-hasta-raporum-28-haziran-2012-persembe-tarihli-rapor\/\">\u00d6nceki rapor<\/a><\/p>\n\n\n\n<p class=\"has-text-align-right wp-container-content-5e2576f9\"><a href=\"https:\/\/medicaltravel.at\/home\/impressum\/\" data-type=\"page\" data-id=\"2193\" rel=\"nofollow noopener\" target=\"_blank\"><\/a><a href=\"https:\/\/medicaltravel.at\/home\/berichte-von-patienten\/erfahrungsberichte\/erfahrungsbericht-zahnbehandlung-in-istanbul\/\" data-type=\"page\" data-id=\"981\" rel=\"nofollow noopener\" target=\"_blank\"><\/a><a href=\"https:\/\/medicaltravel.ch\/tr\/hasta-raporlari\/turkiye-de-tedavi-deneyimleri\/acibadem-istanbulda-lazer-goez-ameliyati-deneyimim-30-mayis-2012-carsamba-tarihli-rapor\/\" data-type=\"link\" data-id=\"https:\/\/medicaltravel.ch\/tr\/hasta-raporlari\/turkiye-de-tedavi-deneyimleri\/acibadem-istanbulda-lazer-goez-ameliyati-deneyimim-30-mayis-2012-carsamba-tarihli-rapor\/\">Bir sonraki rapor<\/a><\/p>\n<\/div>\n","protected":false},"excerpt":{"rendered":"<p>Sonunda g\u00f6zl\u00fcks\u00fcz \u2013 \u0130stanbul Ac\u0131badem&#8217;de lazer g\u00f6z ameliyat\u0131 (26-30 Nisan 2012) \u2013 9 Haziran 2012 Cumartesi tarihli haber Karar\u0131m\/\u0130\u00e7sel Motivasyonum\u2026 \u0130lk g\u00f6zl\u00fc\u011f\u00fcm\u00fc \u00e7\u0131rakl\u0131k d\u00f6nemimde kullanmaya ba\u015flad\u0131m ve maalesef lensleri hi\u00e7 uzun s\u00fcre, hatta s\u0131k s\u0131k takamad\u0131m. Spor yaparken genellikle g\u00f6zl\u00fckle ya da g\u00f6zl\u00fcks\u00fcz \u00e7al\u0131\u015fmak zorunda kal\u0131yordum. Ba\u015flarda bu durum idare edilebiliyordu, ama benim de g\u00f6rme bozuklu\u011fum giderek artt\u0131. Yakla\u015f\u0131k 4 y\u0131l \u00f6nce, bir i\u015f arkada\u015f\u0131m g\u00f6z lazer tedavisini \u00f6nerdi. O, \u0130svi\u00e7re&#8217;de yapt\u0131rm\u0131\u015ft\u0131, ancak benim i\u00e7in olduk\u00e7a pahal\u0131yd\u0131. Bu y\u00fczden, bir g\u00fcn yapmay\u0131 hayal etti\u011fim bir \u015feydi. Ancak bir arkada\u015f \u00e7iftinin \u00f6nerisiyle Almanya\u2019daki bir klinikten haberdar oldum. Bir y\u0131l \u00f6nce oraya gidip bir \u00f6n muayene oldum ve sonras\u0131nda g\u00f6zlerimi lazerle tedavi ettirmeye karar verdim. Bir y\u0131l boyunca para biriktirdikten sonra, sonunda karar\u0131m\u0131 verdim, ancak kaderin cilvesiyle Swisslasik\u2019ten de haberdar oldum. Yapt\u0131\u011f\u0131m ara\u015ft\u0131rmalar ve Say\u0131n Karaagacli ile yapt\u0131\u011f\u0131m g\u00f6r\u00fc\u015fmeler sonras\u0131, g\u00f6z lazer tedavisini \u0130stanbul\u2019daki Swisslasik\u2019te yapt\u0131rmaya karar verdim. Ba\u015f\u0131ndan itibaren i\u00e7im \u00e7ok rahatt\u0131 ve \u00e7ok memnunum.Seyahat ve Otel\u2026 Swisslasik her \u015feyimi organize etti. Tek yapmam gereken zarf\u0131 a\u00e7mak, check-in yapmak ve u\u00e7a\u011fa binmekti. Havaalan\u0131nda beni al\u0131p otele g\u00f6t\u00fcrd\u00fcler. Levent Oteli \u00e7ok temizdi ve odam \u00e7ok g\u00fczeldi. Sakinli\u011fi seven ve merkezi bir yerde olmak istemeyenlere bu oteli tavsiye edebilirim. Otelden 10 dakikal\u0131k y\u00fcr\u00fcme mesafesinde iki b\u00fcy\u00fck al\u0131\u015fveri\u015f merkezi var. Otelin \u00e7evresinde yemek ve i\u00e7ecek almak i\u00e7in k\u00fc\u00e7\u00fck d\u00fckkanlar da bulunuyor. Ayr\u0131ca pek \u00e7ok restoran ve iyi, tipik T\u00fcrk yemekleri sunan fast-food noktalar\u0131 mevcut. Metro ile Taksim Meydan\u0131\u2019na 10 dakikada ula\u015fabiliyorsunuz, buras\u0131 \u0130stanbul\u2019un al\u0131\u015fveri\u015f caddesidir.Operasyon\u2026 Operasyon g\u00fcn\u00fc, \u015fof\u00f6r\u00fcm beni tam zaman\u0131nda ald\u0131. Klinikde, Almanca konu\u015fan bir rehber taraf\u0131ndan kar\u015f\u0131land\u0131m. \u0130lk olarak s\u00fcrecin nas\u0131l ilerleyece\u011fi anlat\u0131ld\u0131 ve sonra 2. \u00f6n muayene ile i\u015flem ba\u015flad\u0131. Hatta ilk \u00f6n muayenede yap\u0131lmayan baz\u0131 testler de yap\u0131ld\u0131. Herhangi bir sorum oldu\u011funda, rehber her zaman yard\u0131mc\u0131 oldu ve t\u00fcm testlerde yan\u0131mdayd\u0131. \u00d6n muayene s\u0131ras\u0131nda, tedavi eden doktor g\u00f6zlerimi tekrar kontrol etti. S\u00fcre\u00e7 biraz uzun s\u00fcrd\u00fc ve birka\u00e7 kez beklemek zorunda kald\u0131m. Sab\u0131rs\u0131zland\u0131m \u00e7\u00fcnk\u00fc art\u0131k ba\u015flamak istiyordum. Sonunda, g\u00f6zlerimin Lasek i\u015flemine uygun oldu\u011fu ve her \u015feyin d\u00fczg\u00fcn gitti\u011fi kesinle\u015fince, yerinde FEMTO-LASIK prosed\u00fcr\u00fcne karar verdim. Asl\u0131nda Almanya\u2019daki ilk \u00f6n muayenede bu y\u00f6ntemi tercih etmi\u015ftim ve sadece T\u00fcrkiye\u2019deki g\u00f6z doktorunun ne d\u00fc\u015f\u00fcnd\u00fc\u011f\u00fcn\u00fc bekliyordum. Birka\u00e7 saat sonra, restoran b\u00f6l\u00fcm\u00fcnde al\u0131nd\u0131m ve nihayet g\u00f6zlerim lazerle tedavi edilebilecekti. Operasyon \u00e7ok k\u0131sa ve a\u011fr\u0131s\u0131zd\u0131. Biraz bekleme odas\u0131nda kald\u0131ktan sonra, beni otele g\u00f6t\u00fcrd\u00fcler. Otelde bir saat sonra g\u00f6zlerim yanmaya ve sulanmaya ba\u015flad\u0131. Burada biraz sab\u0131r gerekliydi, \u00e7\u00fcnk\u00fc olduk\u00e7a rahats\u0131z ediciydi (a\u011fr\u0131l\u0131 de\u011fildi). Yan\u0131mda partnerimin olmas\u0131 \u00e7ok yard\u0131mc\u0131 oldu, bana \u00e7ok destek verdi. Tam olarak 4 saat sonra her \u015fey sona erdi ve rahat\u00e7a uyudum. Ertesi sabah, g\u00fcvenlik lensleri nedeniyle sadece bulan\u0131k g\u00f6rebiliyordum. Klinikde bunlar hemen g\u00f6z doktoru taraf\u0131ndan \u00e7\u0131kar\u0131ld\u0131 ve o zaman iyi sonucu g\u00f6rd\u00fcm. Bu ger\u00e7ekten harika bir histi ve art\u0131k g\u00f6zl\u00fck takmam gerekmedi\u011fi i\u00e7in \u00e7ok mutlu oldum. G\u00f6z doktoru operasyon \u00f6ncesinde defalarca, mucizeler beklememem gerekti\u011fini ve sab\u0131rl\u0131 olmam gerekti\u011fini s\u00f6ylemi\u015fti. Bu s\u00f6z akl\u0131mda kald\u0131, \u00e7\u00fcnk\u00fc her \u015feyin iyile\u015fmesi zaman al\u0131yor ve unutulmamal\u0131 ki bunlar g\u00f6zler. Partnerimle birlikte \u0130stanbul\u2019da iki g\u00fcn daha kald\u0131k ve kalan zaman\u0131 ger\u00e7ekten keyif alarak ge\u00e7irdik, \u015fehri gezme f\u0131rsat\u0131m\u0131z oldu. Swisslasik\u2019i ve \u0130stanbul\u2019daki g\u00f6z lazer operasyonunu g\u00f6zlerini lazerle tedavi ettirmek isteyen herkese tavsiye edebilirim. T\u00fcm paket (hizmet, dan\u0131\u015fmanl\u0131k, \u0130svi\u00e7re\u2019deki kontroller vb.) ba\u015fka hi\u00e7bir sa\u011flay\u0131c\u0131da bulamad\u0131m ve ki\u015fisel olarak her zaman tekrar giderim. Te\u015fekk\u00fcrler Swisslasik!L. Rohrbach \u00d6nceki rapor Bir sonraki rapor<\/p>\n","protected":false},"author":4,"featured_media":0,"parent":4471,"menu_order":0,"comment_status":"closed","ping_status":"closed","template":"","meta":{"_joinchat":[],"footnotes":""},"class_list":["post-4511","page","type-page","status-publish","hentry"],"acf":[],"_links":{"self":[{"href":"https:\/\/medicaltravel.ch\/tr\/wp-json\/wp\/v2\/pages\/4511","targetHints":{"allow":["GET"]}}],"collection":[{"href":"https:\/\/medicaltravel.ch\/tr\/wp-json\/wp\/v2\/pages"}],"about":[{"href":"https:\/\/medicaltravel.ch\/tr\/wp-json\/wp\/v2\/types\/page"}],"author":[{"embeddable":true,"href":"https:\/\/medicaltravel.ch\/tr\/wp-json\/wp\/v2\/users\/4"}],"replies":[{"embeddable":true,"href":"https:\/\/medicaltravel.ch\/tr\/wp-json\/wp\/v2\/comments?post=4511"}],"version-history":[{"count":2,"href":"https:\/\/medicaltravel.ch\/tr\/wp-json\/wp\/v2\/pages\/4511\/revisions"}],"predecessor-version":[{"id":6474,"href":"https:\/\/medicaltravel.ch\/tr\/wp-json\/wp\/v2\/pages\/4511\/revisions\/6474"}],"up":[{"embeddable":true,"href":"https:\/\/medicaltravel.ch\/tr\/wp-json\/wp\/v2\/pages\/4471"}],"wp:attachment":[{"href":"https:\/\/medicaltravel.ch\/tr\/wp-json\/wp\/v2\/media?parent=4511"}],"curies":[{"name":"wp","href":"https:\/\/api.w.org\/{rel}","templated":true}]}}