{"id":4513,"date":"2025-09-24T06:16:16","date_gmt":"2025-09-24T05:16:16","guid":{"rendered":"https:\/\/medicaltravel.ch\/hasta-raporlari\/erfahrungsberichte-behandlungen-tuerkei\/swisslasik-araciligiyla-istanbulda-yapilan-goez-ameliyatina-iliskin-deneyim-raporu-18-haziran-2013-sali-tarihli-rapor\/"},"modified":"2026-01-12T19:35:04","modified_gmt":"2026-01-12T18:35:04","slug":"swisslasik-araciligiyla-istanbulda-yapilan-goez-ameliyatina-iliskin-deneyim-raporu-18-haziran-2013-sali-tarihli-rapor","status":"publish","type":"page","link":"https:\/\/medicaltravel.ch\/tr\/hasta-raporlari\/turkiye-de-tedavi-deneyimleri\/swisslasik-araciligiyla-istanbulda-yapilan-goez-ameliyatina-iliskin-deneyim-raporu-18-haziran-2013-sali-tarihli-rapor\/","title":{"rendered":"Swisslasik arac\u0131l\u0131\u011f\u0131yla \u0130stanbul&#8217;da yap\u0131lan g\u00f6z ameliyat\u0131na ili\u015fkin deneyim raporu \u2013 18 Haziran 2013 Sal\u0131 tarihli rapor"},"content":{"rendered":"\n<p>Swisslasik arac\u0131l\u0131\u011f\u0131yla \u0130stanbul&#8217;da yap\u0131lan g\u00f6z ameliyat\u0131na ili\u015fkin deneyim raporu \u2013 18 Haziran 2013 Sal\u0131 tarihli rapor<\/p>\n\n\n\n<p>11 ya\u015f\u0131mda g\u00f6zl\u00fck kullanmaya ba\u015flad\u0131m ve s\u00fcrekli yan\u0131mda ta\u015f\u0131mak zorunda kald\u0131m. Kontakt lensleri olduk\u00e7a rahats\u0131z edici ve pahal\u0131 buluyordum. Spor yapmay\u0131 \u00e7ok sevdi\u011fim ve aktif bir ya\u015fam tarz\u0131m oldu\u011fu i\u00e7in g\u00f6z lazeri ameliyat\u0131 benim i\u00e7in giderek daha uygun bir se\u00e7enek haline geliyordu. 20 ya\u015f\u0131mda futbol oynarken top y\u00fcz\u00fcme \u00e7arpt\u0131, g\u00f6zl\u00fc\u011f\u00fcm k\u0131r\u0131ld\u0131 ve hastaneye gitmek zorunda kald\u0131m, burada g\u00f6zl\u00fc\u011f\u00fcm\u00fcn par\u00e7alar\u0131n\u0131 \u00e7\u0131karmak i\u00e7in operasyon yap\u0131ld\u0131. Bu olay bana, g\u00f6zlerimi lazerle tedavi ettirmem gerekti\u011fini a\u00e7\u0131k\u00e7a g\u00f6sterdi. Ard\u0131ndan, ger\u00e7ekten bu ameliyata uygun olup olmad\u0131\u011f\u0131m\u0131 kesin olarak \u00f6\u011frenmek i\u00e7in bir \u00f6n muayene yapt\u0131rd\u0131m. Muayene h\u0131zl\u0131 ve sorunsuz ge\u00e7ti, olumlu bir sonu\u00e7 alarak \u0130stanbul\u2019da Say\u0131n Karaagacli ile bir ameliyat i\u00e7in randevu ald\u0131m. 5 hafta sonra, Bosphorus\u2019a do\u011fru u\u00e7akla yola \u00e7\u0131kt\u0131m. Yan\u0131ma babam\u0131 ald\u0131m \u00e7\u00fcnk\u00fc uzun zamand\u0131r \u0130stanbul\u2019a gitmek istiyordu ve teklif edilen paket (u\u00e7u\u015f ve otel) ona olduk\u00e7a uygun g\u00f6r\u00fcnd\u00fc. T\u00fcrkiye\u2019ye vard\u0131\u011f\u0131m\u0131zda, \u015fof\u00f6r\u00fcm\u00fcz trafi\u011fe tak\u0131ld\u0131\u011f\u0131 i\u00e7in biraz bekledik, ama \u00f6nceden gecikmeler olabilece\u011fi konusunda uyar\u0131ld\u0131\u011f\u0131m\u0131z i\u00e7in gayet rahat olduk. G\u00fcvenli bir \u015fekilde otelimize ula\u015ft\u0131k, operasyon g\u00fcn\u00fc i\u00e7in her \u015feyi haz\u0131rlad\u0131k ve k\u0131sa bir y\u00fcr\u00fcy\u00fc\u015fe \u00e7\u0131kt\u0131k. Levent Oteli beklentilerimizin \u00e7ok \u00f6tesindeydi. Her \u015fey \u00e7ok temizdi, personel her zaman arkada\u015f\u00e7a ve yard\u0131mseverdi. Biraz sinirli bir \u015fekilde, operasyon g\u00fcn\u00fc otelden zaman\u0131nda al\u0131nd\u0131k ve hastaneye g\u00f6t\u00fcr\u00fcld\u00fck. Orada, bize t\u00fcm s\u00fcreci ve yap\u0131lacaklar\u0131 anlatan Almanca konu\u015fan bir rehber taraf\u0131ndan kar\u015f\u0131land\u0131k. Ak\u015fam saatlerinde i\u015flemim geldi. Bir ba\u015fka g\u00f6z lazer hastas\u0131yla birlikte bekleme odas\u0131na al\u0131nd\u0131k, burada rehber, g\u00f6z damlalar\u0131n\u0131n nas\u0131l kullan\u0131laca\u011f\u0131n\u0131 ayr\u0131nt\u0131l\u0131 olarak a\u00e7\u0131klad\u0131. Ard\u0131ndan, ba\u015f\u0131m\u0131za ve ayaklar\u0131m\u0131za \u00f6rt\u00fc ve ba\u015fl\u0131k takmam\u0131z istendi. Yard\u0131mc\u0131 doktor bize g\u00f6z damlalar\u0131n\u0131 verdi (ne i\u015fe yarad\u0131klar\u0131n\u0131 hi\u00e7 bilmiyorum). Kap\u0131n\u0131n \u00f6n\u00fcnde beklerken, \u00f6nceki hastam\u0131n operasyonunu duydu\u011fumda olduk\u00e7a sinirlendim. Terc\u00fcman, &#8220;L\u00fctfen a\u015fa\u011f\u0131ya bak\u0131n&#8221; veya &#8220;Ba\u015f\u0131n\u0131z\u0131 tamamen sabit tutun ve k\u0131rm\u0131z\u0131 \u0131\u015f\u0131\u011fa bak\u0131n&#8221; gibi talimatlar veriyordu. Birka\u00e7 dakika sonra, &#8220;Say\u0131n XY, her \u015fey m\u00fckemmel bir \u015fekilde ge\u00e7ti. \u015eimdi kalkabilirsiniz&#8221; dedi. O zaman s\u0131ra bana geldi\u2026 Cesaretimi toplad\u0131m, masaya yatt\u0131m ve makinaya do\u011fru &#8220;girdim&#8221;. Doktor ve asistanlar\u0131 arkamda duruyordu. Tek yapmam gereken \u015fey k\u0131rm\u0131z\u0131 \u0131\u015f\u0131\u011fa bakmakt\u0131. 10-15 dakika sonra, her \u015fey a\u011fr\u0131s\u0131z bir \u015fekilde sona erdi. Benim i\u00e7in de her \u015fey m\u00fckemmel ge\u00e7ti. \u0130\u00e7imden b\u00fcy\u00fck bir ta\u015f d\u00fc\u015ft\u00fc\u2026 Otele d\u00f6n\u00fc\u015f yolunda g\u00f6zlerim \u00e7ok suland\u0131. G\u00f6zlerimi neredeyse a\u00e7am\u0131yordum \u00e7\u00fcnk\u00fc her \u015fey \u00e7ok parlakt\u0131. 3 saat boyunca yatakta dinlendim (kesinlikle tavsiye ederim), g\u00f6z damlalar\u0131m\u0131 kulland\u0131m ve g\u00f6zlerimi dinlendirmeye \u00e7al\u0131\u015ft\u0131m. Ak\u015fam ise o mucizeyi ya\u015fad\u0131m. Tam g\u00f6rme yetene\u011fi!                                G\u00f6zlerimdeki sulanma azald\u0131 ve birka\u00e7 dakika boyunca g\u00f6zlerimi a\u00e7\u0131k tutmay\u0131 ba\u015fard\u0131m. Ertesi sabah, hi\u00e7bir \u015fey hissetmedim. Tam bir al\u0131\u015fkanl\u0131kla uyand\u0131\u011f\u0131mda g\u00f6zl\u00fc\u011f\u00fcm\u00fc arad\u0131m\u2026 Ayn\u0131 g\u00fcn, \u015fehri detayl\u0131ca gezmek i\u00e7in bolca zaman\u0131m\u0131z vard\u0131 ve bunu g\u00f6zl\u00fck veya lens olmadan yapt\u0131k! Harika bir duyguydu. Bir tekne turu yapt\u0131k, Mavi Camii&#8217;yi, B\u00fcy\u00fck Kapal\u0131 \u00c7ar\u015f\u0131&#8217;y\u0131 ve \u0130stiklal Caddesi&#8217;ni ziyaret ettik. Ger\u00e7ekten unutulmaz an\u0131larla dolu bir seyahatti. Bu vesileyle, Swisslasik ve \u00f6zellikle Say\u0131n Karaagacli&#8217;ye m\u00fckemmel hizmetleri i\u00e7in bir kez daha i\u00e7tenlikle te\u015fekk\u00fcr etmek istiyorum.<br>Isenschmid Oliver, 18.06.2013       <\/p>\n\n\n\n<div class=\"wp-block-group is-layout-grid wp-container-core-group-is-layout-baef362d wp-block-group-is-layout-grid\">\n<p><a href=\"https:\/\/medicaltravel.at\/home\/agb\/\" data-type=\"page\" data-id=\"2191\" rel=\"nofollow noopener\" target=\"_blank\"><\/a><a href=\"https:\/\/medicaltravel.ch\/tr\/hasta-raporlari\/turkiye-de-tedavi-deneyimleri\/istanbulda-meme-kuecueltme-ve-liposuction-ameliyatim-8-temmuz-2013-pazartesi-tarihli-rapor\/\" data-type=\"link\" data-id=\"https:\/\/medicaltravel.ch\/tr\/hasta-raporlari\/turkiye-de-tedavi-deneyimleri\/istanbulda-meme-kuecueltme-ve-liposuction-ameliyatim-8-temmuz-2013-pazartesi-tarihli-rapor\/\">\u00d6nceki rapor<\/a><\/p>\n\n\n\n<p class=\"has-text-align-right wp-container-content-5e2576f9\"><a href=\"https:\/\/medicaltravel.at\/home\/impressum\/\" data-type=\"page\" data-id=\"2193\" rel=\"nofollow noopener\" target=\"_blank\"><\/a><a href=\"https:\/\/medicaltravel.at\/home\/berichte-von-patienten\/erfahrungsberichte\/erfahrungsbericht-zahnbehandlung-in-istanbul\/\" data-type=\"page\" data-id=\"981\" rel=\"nofollow noopener\" target=\"_blank\"><\/a><a href=\"https:\/\/medicaltravel.ch\/tr\/hasta-raporlari\/turkiye-de-tedavi-deneyimleri\/femto-lasik-deneyimimi-istanbul-tuerkiyede-yasadim-27-mayis-2013-pazartesi-guenue-yazdigim-rapor\/\" data-type=\"link\" data-id=\"https:\/\/medicaltravel.ch\/tr\/hasta-raporlari\/turkiye-de-tedavi-deneyimleri\/femto-lasik-deneyimimi-istanbul-tuerkiyede-yasadim-27-mayis-2013-pazartesi-guenue-yazdigim-rapor\/\">Bir sonraki rapor<\/a><\/p>\n<\/div>\n","protected":false},"excerpt":{"rendered":"<p>Swisslasik arac\u0131l\u0131\u011f\u0131yla \u0130stanbul&#8217;da yap\u0131lan g\u00f6z ameliyat\u0131na ili\u015fkin deneyim raporu \u2013 18 Haziran 2013 Sal\u0131 tarihli rapor 11 ya\u015f\u0131mda g\u00f6zl\u00fck kullanmaya ba\u015flad\u0131m ve s\u00fcrekli yan\u0131mda ta\u015f\u0131mak zorunda kald\u0131m. Kontakt lensleri olduk\u00e7a rahats\u0131z edici ve pahal\u0131 buluyordum. Spor yapmay\u0131 \u00e7ok sevdi\u011fim ve aktif bir ya\u015fam tarz\u0131m oldu\u011fu i\u00e7in g\u00f6z lazeri ameliyat\u0131 benim i\u00e7in giderek daha uygun bir se\u00e7enek haline geliyordu. 20 ya\u015f\u0131mda futbol oynarken top y\u00fcz\u00fcme \u00e7arpt\u0131, g\u00f6zl\u00fc\u011f\u00fcm k\u0131r\u0131ld\u0131 ve hastaneye gitmek zorunda kald\u0131m, burada g\u00f6zl\u00fc\u011f\u00fcm\u00fcn par\u00e7alar\u0131n\u0131 \u00e7\u0131karmak i\u00e7in operasyon yap\u0131ld\u0131. Bu olay bana, g\u00f6zlerimi lazerle tedavi ettirmem gerekti\u011fini a\u00e7\u0131k\u00e7a g\u00f6sterdi. Ard\u0131ndan, ger\u00e7ekten bu ameliyata uygun olup olmad\u0131\u011f\u0131m\u0131 kesin olarak \u00f6\u011frenmek i\u00e7in bir \u00f6n muayene yapt\u0131rd\u0131m. Muayene h\u0131zl\u0131 ve sorunsuz ge\u00e7ti, olumlu bir sonu\u00e7 alarak \u0130stanbul\u2019da Say\u0131n Karaagacli ile bir ameliyat i\u00e7in randevu ald\u0131m. 5 hafta sonra, Bosphorus\u2019a do\u011fru u\u00e7akla yola \u00e7\u0131kt\u0131m. Yan\u0131ma babam\u0131 ald\u0131m \u00e7\u00fcnk\u00fc uzun zamand\u0131r \u0130stanbul\u2019a gitmek istiyordu ve teklif edilen paket (u\u00e7u\u015f ve otel) ona olduk\u00e7a uygun g\u00f6r\u00fcnd\u00fc. T\u00fcrkiye\u2019ye vard\u0131\u011f\u0131m\u0131zda, \u015fof\u00f6r\u00fcm\u00fcz trafi\u011fe tak\u0131ld\u0131\u011f\u0131 i\u00e7in biraz bekledik, ama \u00f6nceden gecikmeler olabilece\u011fi konusunda uyar\u0131ld\u0131\u011f\u0131m\u0131z i\u00e7in gayet rahat olduk. G\u00fcvenli bir \u015fekilde otelimize ula\u015ft\u0131k, operasyon g\u00fcn\u00fc i\u00e7in her \u015feyi haz\u0131rlad\u0131k ve k\u0131sa bir y\u00fcr\u00fcy\u00fc\u015fe \u00e7\u0131kt\u0131k. Levent Oteli beklentilerimizin \u00e7ok \u00f6tesindeydi. Her \u015fey \u00e7ok temizdi, personel her zaman arkada\u015f\u00e7a ve yard\u0131mseverdi. Biraz sinirli bir \u015fekilde, operasyon g\u00fcn\u00fc otelden zaman\u0131nda al\u0131nd\u0131k ve hastaneye g\u00f6t\u00fcr\u00fcld\u00fck. Orada, bize t\u00fcm s\u00fcreci ve yap\u0131lacaklar\u0131 anlatan Almanca konu\u015fan bir rehber taraf\u0131ndan kar\u015f\u0131land\u0131k. Ak\u015fam saatlerinde i\u015flemim geldi. Bir ba\u015fka g\u00f6z lazer hastas\u0131yla birlikte bekleme odas\u0131na al\u0131nd\u0131k, burada rehber, g\u00f6z damlalar\u0131n\u0131n nas\u0131l kullan\u0131laca\u011f\u0131n\u0131 ayr\u0131nt\u0131l\u0131 olarak a\u00e7\u0131klad\u0131. Ard\u0131ndan, ba\u015f\u0131m\u0131za ve ayaklar\u0131m\u0131za \u00f6rt\u00fc ve ba\u015fl\u0131k takmam\u0131z istendi. Yard\u0131mc\u0131 doktor bize g\u00f6z damlalar\u0131n\u0131 verdi (ne i\u015fe yarad\u0131klar\u0131n\u0131 hi\u00e7 bilmiyorum). Kap\u0131n\u0131n \u00f6n\u00fcnde beklerken, \u00f6nceki hastam\u0131n operasyonunu duydu\u011fumda olduk\u00e7a sinirlendim. Terc\u00fcman, &#8220;L\u00fctfen a\u015fa\u011f\u0131ya bak\u0131n&#8221; veya &#8220;Ba\u015f\u0131n\u0131z\u0131 tamamen sabit tutun ve k\u0131rm\u0131z\u0131 \u0131\u015f\u0131\u011fa bak\u0131n&#8221; gibi talimatlar veriyordu. Birka\u00e7 dakika sonra, &#8220;Say\u0131n XY, her \u015fey m\u00fckemmel bir \u015fekilde ge\u00e7ti. \u015eimdi kalkabilirsiniz&#8221; dedi. O zaman s\u0131ra bana geldi\u2026 Cesaretimi toplad\u0131m, masaya yatt\u0131m ve makinaya do\u011fru &#8220;girdim&#8221;. Doktor ve asistanlar\u0131 arkamda duruyordu. Tek yapmam gereken \u015fey k\u0131rm\u0131z\u0131 \u0131\u015f\u0131\u011fa bakmakt\u0131. 10-15 dakika sonra, her \u015fey a\u011fr\u0131s\u0131z bir \u015fekilde sona erdi. Benim i\u00e7in de her \u015fey m\u00fckemmel ge\u00e7ti. \u0130\u00e7imden b\u00fcy\u00fck bir ta\u015f d\u00fc\u015ft\u00fc\u2026 Otele d\u00f6n\u00fc\u015f yolunda g\u00f6zlerim \u00e7ok suland\u0131. G\u00f6zlerimi neredeyse a\u00e7am\u0131yordum \u00e7\u00fcnk\u00fc her \u015fey \u00e7ok parlakt\u0131. 3 saat boyunca yatakta dinlendim (kesinlikle tavsiye ederim), g\u00f6z damlalar\u0131m\u0131 kulland\u0131m ve g\u00f6zlerimi dinlendirmeye \u00e7al\u0131\u015ft\u0131m. Ak\u015fam ise o mucizeyi ya\u015fad\u0131m. Tam g\u00f6rme yetene\u011fi! G\u00f6zlerimdeki sulanma azald\u0131 ve birka\u00e7 dakika boyunca g\u00f6zlerimi a\u00e7\u0131k tutmay\u0131 ba\u015fard\u0131m. Ertesi sabah, hi\u00e7bir \u015fey hissetmedim. Tam bir al\u0131\u015fkanl\u0131kla uyand\u0131\u011f\u0131mda g\u00f6zl\u00fc\u011f\u00fcm\u00fc arad\u0131m\u2026 Ayn\u0131 g\u00fcn, \u015fehri detayl\u0131ca gezmek i\u00e7in bolca zaman\u0131m\u0131z vard\u0131 ve bunu g\u00f6zl\u00fck veya lens olmadan yapt\u0131k! Harika bir duyguydu. Bir tekne turu yapt\u0131k, Mavi Camii&#8217;yi, B\u00fcy\u00fck Kapal\u0131 \u00c7ar\u015f\u0131&#8217;y\u0131 ve \u0130stiklal Caddesi&#8217;ni ziyaret ettik. Ger\u00e7ekten unutulmaz an\u0131larla dolu bir seyahatti. Bu vesileyle, Swisslasik ve \u00f6zellikle Say\u0131n Karaagacli&#8217;ye m\u00fckemmel hizmetleri i\u00e7in bir kez daha i\u00e7tenlikle te\u015fekk\u00fcr etmek istiyorum.Isenschmid Oliver, 18.06.2013 \u00d6nceki rapor Bir sonraki rapor<\/p>\n","protected":false},"author":4,"featured_media":0,"parent":4471,"menu_order":0,"comment_status":"closed","ping_status":"closed","template":"","meta":{"_joinchat":[],"footnotes":""},"class_list":["post-4513","page","type-page","status-publish","hentry"],"acf":[],"_links":{"self":[{"href":"https:\/\/medicaltravel.ch\/tr\/wp-json\/wp\/v2\/pages\/4513","targetHints":{"allow":["GET"]}}],"collection":[{"href":"https:\/\/medicaltravel.ch\/tr\/wp-json\/wp\/v2\/pages"}],"about":[{"href":"https:\/\/medicaltravel.ch\/tr\/wp-json\/wp\/v2\/types\/page"}],"author":[{"embeddable":true,"href":"https:\/\/medicaltravel.ch\/tr\/wp-json\/wp\/v2\/users\/4"}],"replies":[{"embeddable":true,"href":"https:\/\/medicaltravel.ch\/tr\/wp-json\/wp\/v2\/comments?post=4513"}],"version-history":[{"count":0,"href":"https:\/\/medicaltravel.ch\/tr\/wp-json\/wp\/v2\/pages\/4513\/revisions"}],"up":[{"embeddable":true,"href":"https:\/\/medicaltravel.ch\/tr\/wp-json\/wp\/v2\/pages\/4471"}],"wp:attachment":[{"href":"https:\/\/medicaltravel.ch\/tr\/wp-json\/wp\/v2\/media?parent=4513"}],"curies":[{"name":"wp","href":"https:\/\/api.w.org\/{rel}","templated":true}]}}