{"id":4515,"date":"2025-09-24T06:27:26","date_gmt":"2025-09-24T05:27:26","guid":{"rendered":"https:\/\/medicaltravel.ch\/hasta-raporlari\/erfahrungsberichte-behandlungen-tuerkei\/deneyim-raporu-yurtdisinda-lasik-tuerkiye-21-eyluel-2012-cuma-tarihli-rapor\/"},"modified":"2026-01-12T19:44:19","modified_gmt":"2026-01-12T18:44:19","slug":"deneyim-raporu-yurtdisinda-lasik-tuerkiye-21-eyluel-2012-cuma-tarihli-rapor","status":"publish","type":"page","link":"https:\/\/medicaltravel.ch\/tr\/hasta-raporlari\/turkiye-de-tedavi-deneyimleri\/deneyim-raporu-yurtdisinda-lasik-tuerkiye-21-eyluel-2012-cuma-tarihli-rapor\/","title":{"rendered":"Deneyim raporu: Yurtd\u0131\u015f\u0131nda LASIK &#8211; T\u00fcrkiye \u2013 21 Eyl\u00fcl 2012 Cuma tarihli rapor"},"content":{"rendered":"\n<p>Deneyim raporu: Yurtd\u0131\u015f\u0131nda LASIK &#8211; T\u00fcrkiye \u2013 21 Eyl\u00fcl 2012 Cuma tarihli rapor<\/p>\n\n\n\n<p>Sonja Seiler, 1. August 2012, \u0130stanbul<br>Yakla\u015f\u0131k 5 y\u0131l \u00f6nce g\u00f6zlerimi lazerle tedavi ettirmeyi d\u00fc\u015f\u00fcnm\u00fc\u015ft\u00fcm, ancak \u00e7ok korkmu\u015ftum ve bu fikri bir kenara b\u0131rakm\u0131\u015ft\u0131m. Ancak zamanla lenslerimle ilgili sorunlar ya\u015famaya ba\u015flad\u0131m ve onlar\u0131 art\u0131k takamaz oldum. G\u00f6zl\u00fck takmak ise benim i\u00e7in bir se\u00e7enek de\u011fildi. Uzun s\u00fcre internette ara\u015ft\u0131rma yapt\u0131m ve sonunda Swisslasik&#8217;e rastlad\u0131m. \u0130lk ba\u015fta T\u00fcrkiye\u2019yi d\u00fc\u015f\u00fcnmedim \u00e7\u00fcnk\u00fc bunu kesinlikle \u0130svi\u00e7re\u2019de yapmak istiyordum. Sonra ara\u015ft\u0131rmalar\u0131ma devam ettim ve Z\u00fcrich\u2019de ba\u015fka bir g\u00f6z lazer merkezi buldum ve orada bir \u00f6n g\u00f6r\u00fc\u015fme randevusu ald\u0131m. Ancak buras\u0131 beni pek ikna etmedi. Sonras\u0131nda tekrar Swisslasik\u2019e d\u00f6nd\u00fcm, Z\u00fcrich\u2019deki bir seminara kat\u0131ld\u0131m ve \u00e7ok be\u011fendim. Fiyat\u0131 ve u\u00e7u\u015f, otel gibi paketler olduk\u00e7a cazipti. Bu y\u00fczden \u0130stanbul\u2019da karar k\u0131ld\u0131m. E\u015fimle birlikte, a\u011fustos ba\u015f\u0131nda Swiss ile \u0130stanbul\u2019a u\u00e7tuk. Her \u015fey m\u00fckemmel bir \u015fekilde ilerledi ve havaalan\u0131nda Acibadem Hastanesi&#8217;nden bir \u015fof\u00f6r bizi ald\u0131. Trafik nedeniyle yolculuk olduk\u00e7a uzun s\u00fcrd\u00fc. Bizi otele g\u00f6t\u00fcrd\u00fc ve orada s\u0131cak bir \u015fekilde kar\u015f\u0131land\u0131k. Otel odas\u0131 (Levent Oteli) da \u00e7ok temizdi. Var\u0131\u015f g\u00fcn\u00fcnde \u015fehre gittik, al\u0131\u015fveri\u015f yapt\u0131k ve g\u00fczel bir ak\u015fam yeme\u011fi yedik. \u0130kinci g\u00fcn, zaman\u0131nda al\u0131nd\u0131k ve Acibadem\u2019e g\u00f6t\u00fcr\u00fcld\u00fck. \u0130lk olarak \u00e7e\u015fitli testler yapmam gerekti ve uygun oldu\u011fum sonucuna vard\u0131k, yani standart Lasik tedavisi i\u00e7in uygundum. Ne yaz\u0131k ki, sonraki ad\u0131mlar hakk\u0131nda net bilgi verilmedi ve \u00e7ok beklemek zorunda kald\u0131k. Terc\u00fcman her zaman yan\u0131m\u0131zda de\u011fildi. Ameliyat\u0131m \u00f6\u011fleden sonrayd\u0131 ve hastanede beklemek istemedi\u011fim i\u00e7in yak\u0131nlardaki bir al\u0131\u015fveri\u015f merkezine gittik. \u00d6\u011fleden sonra i\u015flem ba\u015flad\u0131. \u00c7ok gergindim. Ameliyat masas\u0131nda her \u015fey \u00e7ok h\u0131zl\u0131 bir \u015fekilde ger\u00e7ekle\u015fti. Hi\u00e7bir a\u011fr\u0131 hissetmedim ve ger\u00e7ekten hi\u00e7 de korkulacak bir \u015fey de\u011fildi. Sadece g\u00f6z klipsi bir tarafta biraz ac\u0131tt\u0131 ama bu da tamamen dayan\u0131labilir bir \u015feydi. Yakla\u015f\u0131k 20 dakika sonra her \u015fey bitti. Sonras\u0131nda a\u011fr\u0131 yava\u015f\u00e7a ba\u015flad\u0131. G\u00f6zlerimde olduk\u00e7a rahats\u0131z edici bir yanma hissi vard\u0131 ve onlar\u0131 a\u00e7makta zorluk \u00e7ektim. Direkt otele d\u00f6nd\u00fck ve sadece yata\u011fa uzan\u0131p uyuyabildi\u011fim i\u00e7in \u015fansl\u0131yd\u0131m. Yakla\u015f\u0131k 4 saat sonra durum iyile\u015fmeye ba\u015flad\u0131 ve g\u00f6zlerimi daha rahat a\u00e7abiliyordum. Ertesi g\u00fcn daha iyi g\u00f6r\u00fcyordum. Sol g\u00f6z\u00fcm neredeyse m\u00fckemmeldi ama sa\u011f g\u00f6z\u00fcmde hala biraz bulan\u0131kl\u0131k vard\u0131. Hala \u00e7ok bulan\u0131k g\u00f6r\u00fcyordum ve bu beni \u00e7ok rahats\u0131z etti. Sol g\u00f6z\u00fcm s\u00fcperdi, sa\u011f g\u00f6z\u00fcm ise bulan\u0131kt\u0131. Ama yine de genel olarak memnundum ve mutlu oldum \u00e7\u00fcnk\u00fc art\u0131k g\u00f6zl\u00fck takmak zorunda de\u011fildim. Ard\u0131ndan bir kontrol yap\u0131ld\u0131 ve doktorum her \u015feyin harika gitti\u011fini s\u00f6yledi. Bu y\u00fczden rahat bir \u015fekilde g\u00fcn\u00fc ge\u00e7irdik ve \u015fehri gezdik. Ertesi g\u00fcn tekrar Z\u00fcrich\u2019e u\u00e7tuk. \u00d6n\u00fcm\u00fczdeki iki-\u00fc\u00e7 hafta i\u00e7inde sa\u011f g\u00f6z\u00fcm biraz daha d\u00fczelmeye ba\u015flad\u0131 ve \u015fu an sa\u011fda 0.5, solda ise 0.0 diyoptriye sahibim. Sol g\u00f6z\u00fcmde g\u00f6r\u00fc\u015f hemen m\u00fckemmel oldu ve hi\u00e7bir de\u011fi\u015fiklik olmad\u0131. Sa\u011f g\u00f6z\u00fcmde ise biraz de\u011fi\u015fim olabiliyor. Ak\u015famlar\u0131 g\u00fcnd\u00fczden daha k\u00f6t\u00fc g\u00f6r\u00fcyorum. Ama genel olarak \u00e7ok memnunum ve tekrar yapt\u0131rmak isterim. Kontrol sonu\u00e7lar\u0131 da \u00e7ok iyi ge\u00e7ti ve doktorumla orada da \u00e7ok memnun kald\u0131m.<\/p>\n\n\n\n<div class=\"wp-block-group is-layout-grid wp-container-core-group-is-layout-baef362d wp-block-group-is-layout-grid\">\n<p><a href=\"https:\/\/medicaltravel.at\/home\/agb\/\" data-type=\"page\" data-id=\"2191\" rel=\"nofollow noopener\" target=\"_blank\"><\/a><a href=\"https:\/\/medicaltravel.ch\/tr\/hasta-raporlari\/turkiye-de-tedavi-deneyimleri\/yurtdisinda-lazer-goez-ameliyati-istanbul-26-eyluel-2012-carsamba-tarihli-rapor\/\" data-type=\"link\" data-id=\"https:\/\/medicaltravel.ch\/tr\/hasta-raporlari\/turkiye-de-tedavi-deneyimleri\/yurtdisinda-lazer-goez-ameliyati-istanbul-26-eyluel-2012-carsamba-tarihli-rapor\/\">\u00d6nceki rapor<\/a><\/p>\n\n\n\n<p class=\"has-text-align-right wp-container-content-5e2576f9\"><a href=\"https:\/\/medicaltravel.at\/home\/impressum\/\" data-type=\"page\" data-id=\"2193\" rel=\"nofollow noopener\" target=\"_blank\"><\/a><a href=\"https:\/\/medicaltravel.at\/home\/berichte-von-patienten\/erfahrungsberichte\/erfahrungsbericht-zahnbehandlung-in-istanbul\/\" data-type=\"page\" data-id=\"981\" rel=\"nofollow noopener\" target=\"_blank\"><\/a><a href=\"https:\/\/medicaltravel.ch\/tr\/hasta-raporlari\/turkiye-de-tedavi-deneyimleri\/istanbulda-21-temmuz-2012-tarihinde-gerceklestirilen-lasik-goez-ameliyatina-iliskin-deneyim-raporu-7-eyluel-2012-cuma-tarihli-rapor\/\" data-type=\"link\" data-id=\"https:\/\/medicaltravel.ch\/tr\/hasta-raporlari\/turkiye-de-tedavi-deneyimleri\/istanbulda-21-temmuz-2012-tarihinde-gerceklestirilen-lasik-goez-ameliyatina-iliskin-deneyim-raporu-7-eyluel-2012-cuma-tarihli-rapor\/\">Bir sonraki rapor<\/a><\/p>\n<\/div>\n","protected":false},"excerpt":{"rendered":"<p>Deneyim raporu: Yurtd\u0131\u015f\u0131nda LASIK &#8211; T\u00fcrkiye \u2013 21 Eyl\u00fcl 2012 Cuma tarihli rapor Sonja Seiler, 1. August 2012, \u0130stanbulYakla\u015f\u0131k 5 y\u0131l \u00f6nce g\u00f6zlerimi lazerle tedavi ettirmeyi d\u00fc\u015f\u00fcnm\u00fc\u015ft\u00fcm, ancak \u00e7ok korkmu\u015ftum ve bu fikri bir kenara b\u0131rakm\u0131\u015ft\u0131m. Ancak zamanla lenslerimle ilgili sorunlar ya\u015famaya ba\u015flad\u0131m ve onlar\u0131 art\u0131k takamaz oldum. G\u00f6zl\u00fck takmak ise benim i\u00e7in bir se\u00e7enek de\u011fildi. Uzun s\u00fcre internette ara\u015ft\u0131rma yapt\u0131m ve sonunda Swisslasik&#8217;e rastlad\u0131m. \u0130lk ba\u015fta T\u00fcrkiye\u2019yi d\u00fc\u015f\u00fcnmedim \u00e7\u00fcnk\u00fc bunu kesinlikle \u0130svi\u00e7re\u2019de yapmak istiyordum. Sonra ara\u015ft\u0131rmalar\u0131ma devam ettim ve Z\u00fcrich\u2019de ba\u015fka bir g\u00f6z lazer merkezi buldum ve orada bir \u00f6n g\u00f6r\u00fc\u015fme randevusu ald\u0131m. Ancak buras\u0131 beni pek ikna etmedi. Sonras\u0131nda tekrar Swisslasik\u2019e d\u00f6nd\u00fcm, Z\u00fcrich\u2019deki bir seminara kat\u0131ld\u0131m ve \u00e7ok be\u011fendim. Fiyat\u0131 ve u\u00e7u\u015f, otel gibi paketler olduk\u00e7a cazipti. Bu y\u00fczden \u0130stanbul\u2019da karar k\u0131ld\u0131m. E\u015fimle birlikte, a\u011fustos ba\u015f\u0131nda Swiss ile \u0130stanbul\u2019a u\u00e7tuk. Her \u015fey m\u00fckemmel bir \u015fekilde ilerledi ve havaalan\u0131nda Acibadem Hastanesi&#8217;nden bir \u015fof\u00f6r bizi ald\u0131. Trafik nedeniyle yolculuk olduk\u00e7a uzun s\u00fcrd\u00fc. Bizi otele g\u00f6t\u00fcrd\u00fc ve orada s\u0131cak bir \u015fekilde kar\u015f\u0131land\u0131k. Otel odas\u0131 (Levent Oteli) da \u00e7ok temizdi. Var\u0131\u015f g\u00fcn\u00fcnde \u015fehre gittik, al\u0131\u015fveri\u015f yapt\u0131k ve g\u00fczel bir ak\u015fam yeme\u011fi yedik. \u0130kinci g\u00fcn, zaman\u0131nda al\u0131nd\u0131k ve Acibadem\u2019e g\u00f6t\u00fcr\u00fcld\u00fck. \u0130lk olarak \u00e7e\u015fitli testler yapmam gerekti ve uygun oldu\u011fum sonucuna vard\u0131k, yani standart Lasik tedavisi i\u00e7in uygundum. Ne yaz\u0131k ki, sonraki ad\u0131mlar hakk\u0131nda net bilgi verilmedi ve \u00e7ok beklemek zorunda kald\u0131k. Terc\u00fcman her zaman yan\u0131m\u0131zda de\u011fildi. Ameliyat\u0131m \u00f6\u011fleden sonrayd\u0131 ve hastanede beklemek istemedi\u011fim i\u00e7in yak\u0131nlardaki bir al\u0131\u015fveri\u015f merkezine gittik. \u00d6\u011fleden sonra i\u015flem ba\u015flad\u0131. \u00c7ok gergindim. Ameliyat masas\u0131nda her \u015fey \u00e7ok h\u0131zl\u0131 bir \u015fekilde ger\u00e7ekle\u015fti. Hi\u00e7bir a\u011fr\u0131 hissetmedim ve ger\u00e7ekten hi\u00e7 de korkulacak bir \u015fey de\u011fildi. Sadece g\u00f6z klipsi bir tarafta biraz ac\u0131tt\u0131 ama bu da tamamen dayan\u0131labilir bir \u015feydi. Yakla\u015f\u0131k 20 dakika sonra her \u015fey bitti. Sonras\u0131nda a\u011fr\u0131 yava\u015f\u00e7a ba\u015flad\u0131. G\u00f6zlerimde olduk\u00e7a rahats\u0131z edici bir yanma hissi vard\u0131 ve onlar\u0131 a\u00e7makta zorluk \u00e7ektim. Direkt otele d\u00f6nd\u00fck ve sadece yata\u011fa uzan\u0131p uyuyabildi\u011fim i\u00e7in \u015fansl\u0131yd\u0131m. Yakla\u015f\u0131k 4 saat sonra durum iyile\u015fmeye ba\u015flad\u0131 ve g\u00f6zlerimi daha rahat a\u00e7abiliyordum. Ertesi g\u00fcn daha iyi g\u00f6r\u00fcyordum. Sol g\u00f6z\u00fcm neredeyse m\u00fckemmeldi ama sa\u011f g\u00f6z\u00fcmde hala biraz bulan\u0131kl\u0131k vard\u0131. Hala \u00e7ok bulan\u0131k g\u00f6r\u00fcyordum ve bu beni \u00e7ok rahats\u0131z etti. Sol g\u00f6z\u00fcm s\u00fcperdi, sa\u011f g\u00f6z\u00fcm ise bulan\u0131kt\u0131. Ama yine de genel olarak memnundum ve mutlu oldum \u00e7\u00fcnk\u00fc art\u0131k g\u00f6zl\u00fck takmak zorunda de\u011fildim. Ard\u0131ndan bir kontrol yap\u0131ld\u0131 ve doktorum her \u015feyin harika gitti\u011fini s\u00f6yledi. Bu y\u00fczden rahat bir \u015fekilde g\u00fcn\u00fc ge\u00e7irdik ve \u015fehri gezdik. Ertesi g\u00fcn tekrar Z\u00fcrich\u2019e u\u00e7tuk. \u00d6n\u00fcm\u00fczdeki iki-\u00fc\u00e7 hafta i\u00e7inde sa\u011f g\u00f6z\u00fcm biraz daha d\u00fczelmeye ba\u015flad\u0131 ve \u015fu an sa\u011fda 0.5, solda ise 0.0 diyoptriye sahibim. Sol g\u00f6z\u00fcmde g\u00f6r\u00fc\u015f hemen m\u00fckemmel oldu ve hi\u00e7bir de\u011fi\u015fiklik olmad\u0131. Sa\u011f g\u00f6z\u00fcmde ise biraz de\u011fi\u015fim olabiliyor. Ak\u015famlar\u0131 g\u00fcnd\u00fczden daha k\u00f6t\u00fc g\u00f6r\u00fcyorum. Ama genel olarak \u00e7ok memnunum ve tekrar yapt\u0131rmak isterim. Kontrol sonu\u00e7lar\u0131 da \u00e7ok iyi ge\u00e7ti ve doktorumla orada da \u00e7ok memnun kald\u0131m. \u00d6nceki rapor Bir sonraki rapor<\/p>\n","protected":false},"author":4,"featured_media":0,"parent":4471,"menu_order":0,"comment_status":"closed","ping_status":"closed","template":"","meta":{"_joinchat":[],"footnotes":""},"class_list":["post-4515","page","type-page","status-publish","hentry"],"acf":[],"_links":{"self":[{"href":"https:\/\/medicaltravel.ch\/tr\/wp-json\/wp\/v2\/pages\/4515","targetHints":{"allow":["GET"]}}],"collection":[{"href":"https:\/\/medicaltravel.ch\/tr\/wp-json\/wp\/v2\/pages"}],"about":[{"href":"https:\/\/medicaltravel.ch\/tr\/wp-json\/wp\/v2\/types\/page"}],"author":[{"embeddable":true,"href":"https:\/\/medicaltravel.ch\/tr\/wp-json\/wp\/v2\/users\/4"}],"replies":[{"embeddable":true,"href":"https:\/\/medicaltravel.ch\/tr\/wp-json\/wp\/v2\/comments?post=4515"}],"version-history":[{"count":0,"href":"https:\/\/medicaltravel.ch\/tr\/wp-json\/wp\/v2\/pages\/4515\/revisions"}],"up":[{"embeddable":true,"href":"https:\/\/medicaltravel.ch\/tr\/wp-json\/wp\/v2\/pages\/4471"}],"wp:attachment":[{"href":"https:\/\/medicaltravel.ch\/tr\/wp-json\/wp\/v2\/media?parent=4515"}],"curies":[{"name":"wp","href":"https:\/\/api.w.org\/{rel}","templated":true}]}}