{"id":4519,"date":"2025-09-24T06:23:12","date_gmt":"2025-09-24T05:23:12","guid":{"rendered":""},"modified":"2026-01-12T19:42:05","modified_gmt":"2026-01-12T18:42:05","slug":"acibadem-hastanesi-istanbulda-gecirdigim-lazer-goez-ameliyatina-dair-deneyim-raporu-corinne-stoll-tarafindan-14-eyluel-2012-tarihinde-yazilmistir-rapor-10-ekim-2012-carsamba-tarihlidir","status":"publish","type":"page","link":"https:\/\/medicaltravel.ch\/tr\/hasta-raporlari\/turkiye-de-tedavi-deneyimleri\/acibadem-hastanesi-istanbulda-gecirdigim-lazer-goez-ameliyatina-dair-deneyim-raporu-corinne-stoll-tarafindan-14-eyluel-2012-tarihinde-yazilmistir-rapor-10-ekim-2012-carsamba-tarihlidir\/","title":{"rendered":"Ac\u0131badem Hastanesi, \u0130stanbul&#8217;da ge\u00e7irdi\u011fim lazer g\u00f6z ameliyat\u0131na dair deneyim raporu, Corinne Stoll taraf\u0131ndan 14 Eyl\u00fcl 2012 tarihinde yaz\u0131lm\u0131\u015ft\u0131r: \u2013 Rapor, 10 Ekim 2012 \u00c7ar\u015famba tarihlidir."},"content":{"rendered":"\n<p>Ac\u0131badem Hastanesi, \u0130stanbul&#8217;da ge\u00e7irdi\u011fim lazer g\u00f6z ameliyat\u0131na dair deneyim raporu, Corinne Stoll taraf\u0131ndan 14 Eyl\u00fcl 2012 tarihinde yaz\u0131lm\u0131\u015ft\u0131r: \u2013 Rapor, 10 Ekim 2012 \u00c7ar\u015famba tarihlidir.<\/p>\n\n\n\n<p>Bu y\u0131l\u0131n ba\u015f\u0131ndan itibaren g\u00f6z lazeri ameliyat\u0131 d\u00fc\u015f\u00fcncesi beni bir t\u00fcrl\u00fc terk etmedi. Zaten birka\u00e7 y\u0131l \u00f6nce annem de ayn\u0131 ameliyat\u0131 \u0130svi\u00e7re\u2019de yapt\u0131rm\u0131\u015ft\u0131, bu y\u00fczden konuya biraz a\u015finayd\u0131m ve onun ba\u015far\u0131l\u0131 sonucu sayesinde olduk\u00e7a olumlu bir izlenim edinmi\u015ftim. Bu nedenle ara\u015ft\u0131rmaya ba\u015flad\u0131m ve k\u0131sa s\u00fcrede T\u00fcrkiye, Hollanda ve Amerika\u2019n\u0131n g\u00f6z lazer teknolojisinin en geli\u015fmi\u015f oldu\u011fu \u00fclkelerden baz\u0131lar\u0131 oldu\u011funu \u00f6\u011frendim. \u0130svi\u00e7re\u2019de bir tedavi, olduk\u00e7a pahal\u0131 olup, ba\u015fka bir \u00fclkede yap\u0131lan tedaviye k\u0131yasla mutlaka daha iyi olmayabiliyor, \u00f6zellikle bu tekni\u011fin en s\u0131k uyguland\u0131\u011f\u0131 \u00fclkelerde ve bu alanda \u00e7ok fazla deneyimi olan bir ekip ile. Bu nedenle Swisslasik\u2019in web sitesinde ve di\u011fer sa\u011flay\u0131c\u0131lar\u0131n sayfalar\u0131nda tedavi s\u00fcreci ve operasyonun detaylar\u0131 hakk\u0131nda bilgi ald\u0131m. Swisslasik, detayl\u0131 web sitesi sayesinde ba\u015f\u0131ndan itibaren bana \u00e7ok cazip geldi ve bu y\u00fczden favorilerimden biri oldu. Sorular\u0131ma h\u0131zl\u0131, detayl\u0131 ve dost\u00e7a yan\u0131t ald\u0131m, ayr\u0131ca benimle ki\u015fisel olarak da ileti\u015fime ge\u00e7ildi, bu nedenle \u0130stanbul\u2019a gitmeye karar verdim. G\u00fcvenlik a\u00e7\u0131s\u0131ndan, g\u00f6z doktorumda bir \u00f6n muayene yapt\u0131rarak korneam\u0131n yeterince kal\u0131n olup olmad\u0131\u011f\u0131n\u0131 kontrol ettim. Bu f\u0131rsatta g\u00f6z doktorumla da plan\u0131m\u0131 payla\u015ft\u0131m ve o da T\u00fcrkiye\u2019de g\u00f6z ameliyat\u0131 olman\u0131n kesinlikle daha ekonomik ve profesyonel bir alternatif oldu\u011funu, bununla ilgili bir\u00e7ok ba\u015far\u0131l\u0131 hasta g\u00f6rd\u00fc\u011f\u00fcn\u00fc onaylad\u0131. B\u00f6ylece g\u00f6z lazeri ameliyat\u0131m 7 A\u011fustos 2012 tarihinde \u0130stanbul\u2019daki Ac\u0131badem Maslak\u2019ta planland\u0131. Swisslasik, seyahatten \u00f6nce bana Swisslasik ge\u00e7i\u015f kart\u0131 ve g\u00f6z lazeri operasyonum \u00f6ncesi ve sonras\u0131 i\u00e7in ek faydal\u0131 bilgiler g\u00f6nderdi. Seyahatimden bir g\u00fcn \u00f6nce havaalan\u0131na vard\u0131\u011f\u0131mda, beni bekleyen \u015fof\u00f6r\u00fcm beni konaklama yerine g\u00f6t\u00fcrd\u00fc. Ertesi sabah erken saatte yine al\u0131nd\u0131m ve Ac\u0131badem Maslak\u2019a g\u00f6t\u00fcr\u00fcld\u00fcm, burada ilk incelemelere ba\u015fland\u0131. Personel olduk\u00e7a iyi \u0130ngilizce konu\u015fuyor. Ancak t\u00fcm s\u00fcreci iyi bir \u015fekilde anlayabilmem i\u00e7in, Almanya\u2019da b\u00fcy\u00fcm\u00fc\u015f olan ve bana s\u00fcrekli olarak her \u015feyi Almanca olarak \u00e7eviren gen\u00e7 bir han\u0131m bana e\u015flik etti. Personel ve terc\u00fcman olduk\u00e7a dost\u00e7a davrand\u0131lar ve s\u00fcrecin her ad\u0131m\u0131n\u0131 m\u00fcmk\u00fcn oldu\u011funca rahat bir \u015fekilde ge\u00e7irmemi sa\u011flamak i\u00e7in ellerinden geleni yapt\u0131lar. T\u00fcm g\u00fcn boyunca kendimi \u00e7ok iyi hissedim ve olduk\u00e7a rahat oldum. \u0130ncelemeler 1-2 saat s\u00fcrd\u00fc ve g\u00f6zbebeklerinin birka\u00e7 saat boyunca \u00e7ok geni\u015flemesini sa\u011flayan damlalar kullan\u0131ld\u0131\u011f\u0131 i\u00e7in operasyon \u00f6\u011fleden sonralar\u0131 yap\u0131l\u0131yordu. \u00d6\u011fleden sonra son kontroller yap\u0131ld\u0131 ve lazer Lasik ameliyat\u0131n\u0131n %97 ba\u015far\u0131 oran\u0131 ile yap\u0131labilece\u011fi onayland\u0131. Son haz\u0131rl\u0131klar tamamland\u0131ktan sonra operasyona ge\u00e7ildi. Ameliyat odas\u0131nda her \u015fey \u00e7ok h\u0131zl\u0131yd\u0131. \u015eimdi ameliyat masas\u0131na uzand\u0131m, ba\u015f\u0131m sabitlenmi\u015fti, b\u00f6ylece operasyon s\u0131ras\u0131nda ba\u015f\u0131m hareket etmeyecek \u015fekilde yerle\u015ftirildi.                     Lazer, korneay\u0131 a\u00e7arak, doktor taraf\u0131ndan tekrar yerine kapat\u0131lacak \u015fekilde bir i\u015flem yapt\u0131. Lazer m\u00fcdahalesi asl\u0131nda yaln\u0131zca yakla\u015f\u0131k bir dakikada tamamlan\u0131yor, kornea tekrar kapat\u0131labiliyor ve ilk g\u00f6z\u00fcm bitmi\u015f oluyor! Ard\u0131ndan ayn\u0131 i\u015flem di\u011fer g\u00f6z\u00fcmde de yap\u0131ld\u0131 ve yakla\u015f\u0131k on be\u015f dakika sonra i\u015flem tamamland\u0131. Hemen sonras\u0131nda, kenarlar\u0131 k\u00f6p\u00fckle kaplanm\u0131\u015f \u00f6zel g\u00f6zl\u00fcklerimi takarak \u0131\u015f\u0131\u011f\u0131n ya da ellerin g\u00f6zlerime girmesini engellediler. \u0130tiraf etmek gerekirse, g\u00f6zlerim ger\u00e7ekten yan\u0131yordu ve sulan\u0131yordu, adeta ate\u015f gibiydi ve bu yang\u0131n\u0131 s\u00f6nd\u00fcrmek i\u00e7in elimden geleni yapmak istedim, ama g\u00f6zlerime asla parmaklar\u0131m\u0131n de\u011fmemesi i\u00e7in kendimi zor tutarak olduk\u00e7a sab\u0131rl\u0131 olmam gerekti. Ayn\u0131 zamanda, hemen her \u015feyi m\u00fckemmel \u015fekilde g\u00f6rebilmek kadar b\u00fcy\u00fck bir sevincim vard\u0131! Ancak g\u00f6zlerim hala \u00e7ok yan\u0131yordu, bu y\u00fczden bu ba\u015far\u0131y\u0131 uzun s\u00fcre tadamad\u0131m ve g\u00f6zlerimi yaln\u0131zca k\u0131sa s\u00fcre a\u00e7abildim, \u00e7o\u011funlukla \u015fiddetli yanma nedeniyle kapal\u0131 tuttum. \u0130\u015flem sonras\u0131nda doktor k\u0131sa bir kontrol yapt\u0131 ve sonu\u00e7lar\u0131n tamamen ba\u015far\u0131l\u0131 oldu\u011funu zaten g\u00f6zlemledi. Ard\u0131ndan, Ac\u0131badem Hastanesi taraf\u0131ndan tekrar al\u0131nd\u0131m ve konaklama yerime g\u00f6t\u00fcr\u00fcld\u00fcm. \u0130lk d\u00f6rt saat olduk\u00e7a rahats\u0131z ediciydi ve g\u00f6zlerimdeki yanma bir t\u00fcrl\u00fc ge\u00e7mek bilmiyordu. Uzun bir bekleyi\u015fin ard\u0131ndan, ger\u00e7ekten de yakla\u015f\u0131k d\u00f6rt saat sonra yanma ve sulanma durdu ve yava\u015f\u00e7a rahatlamaya ba\u015flay\u0131p, g\u00f6zl\u00fcklerimi takarak harika sonucu kutlamaya ba\u015flad\u0131m. Ertesi sabah, g\u00f6zl\u00fcklerimi \u00e7\u0131kar\u0131p y\u0131llard\u0131r ilk kez renkleri ve netli\u011fiyle manzaray\u0131 g\u00f6zlerimle yeniden ke\u015ffetti\u011fimde, kazand\u0131\u011f\u0131m yeni g\u00f6r\u00fc\u015fle \u00e7ok mutlu oldum. Bu kesinlikle hayat\u0131m\u0131n en iyi kararlar\u0131ndan biriydi ve lazer g\u00f6z ameliyat\u0131n\u0131 tekrar yapt\u0131rmaktan \u00e7ekinmem, ayr\u0131ca g\u00f6zl\u00fck veya lens olmadan hayat\u0131 \u00f6zg\u00fcrce ya\u015famay\u0131 tavsiye ederim. Birka\u00e7 g\u00fcn sonra Ac\u0131badem Hastanesi&#8217;nde doktorla bir takip randevusu daha oldu ve net bir g\u00f6r\u00fc\u015fle mutlu bir \u015fekilde evime d\u00f6nebildim. B\u00fct\u00fcn ilgili ki\u015filere, nazik destekleri i\u00e7in i\u00e7ten te\u015fekk\u00fcrlerimi sunuyorum.<br>Corinne Stoll                <\/p>\n\n\n\n<div class=\"wp-block-group is-layout-grid wp-container-core-group-is-layout-baef362d wp-block-group-is-layout-grid\">\n<p><a href=\"https:\/\/medicaltravel.at\/home\/agb\/\" data-type=\"page\" data-id=\"2191\" rel=\"nofollow noopener\" target=\"_blank\"><\/a><a href=\"https:\/\/medicaltravel.ch\/tr\/hasta-raporlari\/turkiye-de-tedavi-deneyimleri\/istanbul-tatili-ve-250-ml-silikon-implantlarla-meme-bueyuetme-ameliyati-15-ekim-2012-pazartesi-tarihli-haber\/\" data-type=\"link\" data-id=\"https:\/\/medicaltravel.ch\/tr\/hasta-raporlari\/turkiye-de-tedavi-deneyimleri\/istanbul-tatili-ve-250-ml-silikon-implantlarla-meme-bueyuetme-ameliyati-15-ekim-2012-pazartesi-tarihli-haber\/\">\u00d6nceki rapor<\/a><\/p>\n\n\n\n<p class=\"has-text-align-right wp-container-content-5e2576f9\"><a href=\"https:\/\/medicaltravel.at\/home\/impressum\/\" data-type=\"page\" data-id=\"2193\" rel=\"nofollow noopener\" target=\"_blank\"><\/a><a href=\"https:\/\/medicaltravel.at\/home\/berichte-von-patienten\/erfahrungsberichte\/erfahrungsbericht-zahnbehandlung-in-istanbul\/\" data-type=\"page\" data-id=\"981\" rel=\"nofollow noopener\" target=\"_blank\"><\/a><a href=\"https:\/\/medicaltravel.ch\/tr\/hasta-raporlari\/turkiye-de-tedavi-deneyimleri\/agustos-2012de-istanbulda-goezlerime-lazer-tedavisi-yaptirdigimda-harika-bir-deneyim-yasadim-1-ekim-2012-pazartesi-tarihli-rapor\/\" data-type=\"link\" data-id=\"https:\/\/medicaltravel.ch\/tr\/hasta-raporlari\/turkiye-de-tedavi-deneyimleri\/agustos-2012de-istanbulda-goezlerime-lazer-tedavisi-yaptirdigimda-harika-bir-deneyim-yasadim-1-ekim-2012-pazartesi-tarihli-rapor\/\">Bir sonraki rapor<\/a><\/p>\n<\/div>\n","protected":false},"excerpt":{"rendered":"<p>Ac\u0131badem Hastanesi, \u0130stanbul&#8217;da ge\u00e7irdi\u011fim lazer g\u00f6z ameliyat\u0131na dair deneyim raporu, Corinne Stoll taraf\u0131ndan 14 Eyl\u00fcl 2012 tarihinde yaz\u0131lm\u0131\u015ft\u0131r: \u2013 Rapor, 10 Ekim 2012 \u00c7ar\u015famba tarihlidir. Bu y\u0131l\u0131n ba\u015f\u0131ndan itibaren g\u00f6z lazeri ameliyat\u0131 d\u00fc\u015f\u00fcncesi beni bir t\u00fcrl\u00fc terk etmedi. Zaten birka\u00e7 y\u0131l \u00f6nce annem de ayn\u0131 ameliyat\u0131 \u0130svi\u00e7re\u2019de yapt\u0131rm\u0131\u015ft\u0131, bu y\u00fczden konuya biraz a\u015finayd\u0131m ve onun ba\u015far\u0131l\u0131 sonucu sayesinde olduk\u00e7a olumlu bir izlenim edinmi\u015ftim. Bu nedenle ara\u015ft\u0131rmaya ba\u015flad\u0131m ve k\u0131sa s\u00fcrede T\u00fcrkiye, Hollanda ve Amerika\u2019n\u0131n g\u00f6z lazer teknolojisinin en geli\u015fmi\u015f oldu\u011fu \u00fclkelerden baz\u0131lar\u0131 oldu\u011funu \u00f6\u011frendim. \u0130svi\u00e7re\u2019de bir tedavi, olduk\u00e7a pahal\u0131 olup, ba\u015fka bir \u00fclkede yap\u0131lan tedaviye k\u0131yasla mutlaka daha iyi olmayabiliyor, \u00f6zellikle bu tekni\u011fin en s\u0131k uyguland\u0131\u011f\u0131 \u00fclkelerde ve bu alanda \u00e7ok fazla deneyimi olan bir ekip ile. Bu nedenle Swisslasik\u2019in web sitesinde ve di\u011fer sa\u011flay\u0131c\u0131lar\u0131n sayfalar\u0131nda tedavi s\u00fcreci ve operasyonun detaylar\u0131 hakk\u0131nda bilgi ald\u0131m. Swisslasik, detayl\u0131 web sitesi sayesinde ba\u015f\u0131ndan itibaren bana \u00e7ok cazip geldi ve bu y\u00fczden favorilerimden biri oldu. Sorular\u0131ma h\u0131zl\u0131, detayl\u0131 ve dost\u00e7a yan\u0131t ald\u0131m, ayr\u0131ca benimle ki\u015fisel olarak da ileti\u015fime ge\u00e7ildi, bu nedenle \u0130stanbul\u2019a gitmeye karar verdim. G\u00fcvenlik a\u00e7\u0131s\u0131ndan, g\u00f6z doktorumda bir \u00f6n muayene yapt\u0131rarak korneam\u0131n yeterince kal\u0131n olup olmad\u0131\u011f\u0131n\u0131 kontrol ettim. Bu f\u0131rsatta g\u00f6z doktorumla da plan\u0131m\u0131 payla\u015ft\u0131m ve o da T\u00fcrkiye\u2019de g\u00f6z ameliyat\u0131 olman\u0131n kesinlikle daha ekonomik ve profesyonel bir alternatif oldu\u011funu, bununla ilgili bir\u00e7ok ba\u015far\u0131l\u0131 hasta g\u00f6rd\u00fc\u011f\u00fcn\u00fc onaylad\u0131. B\u00f6ylece g\u00f6z lazeri ameliyat\u0131m 7 A\u011fustos 2012 tarihinde \u0130stanbul\u2019daki Ac\u0131badem Maslak\u2019ta planland\u0131. Swisslasik, seyahatten \u00f6nce bana Swisslasik ge\u00e7i\u015f kart\u0131 ve g\u00f6z lazeri operasyonum \u00f6ncesi ve sonras\u0131 i\u00e7in ek faydal\u0131 bilgiler g\u00f6nderdi. Seyahatimden bir g\u00fcn \u00f6nce havaalan\u0131na vard\u0131\u011f\u0131mda, beni bekleyen \u015fof\u00f6r\u00fcm beni konaklama yerine g\u00f6t\u00fcrd\u00fc. Ertesi sabah erken saatte yine al\u0131nd\u0131m ve Ac\u0131badem Maslak\u2019a g\u00f6t\u00fcr\u00fcld\u00fcm, burada ilk incelemelere ba\u015fland\u0131. Personel olduk\u00e7a iyi \u0130ngilizce konu\u015fuyor. Ancak t\u00fcm s\u00fcreci iyi bir \u015fekilde anlayabilmem i\u00e7in, Almanya\u2019da b\u00fcy\u00fcm\u00fc\u015f olan ve bana s\u00fcrekli olarak her \u015feyi Almanca olarak \u00e7eviren gen\u00e7 bir han\u0131m bana e\u015flik etti. Personel ve terc\u00fcman olduk\u00e7a dost\u00e7a davrand\u0131lar ve s\u00fcrecin her ad\u0131m\u0131n\u0131 m\u00fcmk\u00fcn oldu\u011funca rahat bir \u015fekilde ge\u00e7irmemi sa\u011flamak i\u00e7in ellerinden geleni yapt\u0131lar. T\u00fcm g\u00fcn boyunca kendimi \u00e7ok iyi hissedim ve olduk\u00e7a rahat oldum. \u0130ncelemeler 1-2 saat s\u00fcrd\u00fc ve g\u00f6zbebeklerinin birka\u00e7 saat boyunca \u00e7ok geni\u015flemesini sa\u011flayan damlalar kullan\u0131ld\u0131\u011f\u0131 i\u00e7in operasyon \u00f6\u011fleden sonralar\u0131 yap\u0131l\u0131yordu. \u00d6\u011fleden sonra son kontroller yap\u0131ld\u0131 ve lazer Lasik ameliyat\u0131n\u0131n %97 ba\u015far\u0131 oran\u0131 ile yap\u0131labilece\u011fi onayland\u0131. Son haz\u0131rl\u0131klar tamamland\u0131ktan sonra operasyona ge\u00e7ildi. Ameliyat odas\u0131nda her \u015fey \u00e7ok h\u0131zl\u0131yd\u0131. \u015eimdi ameliyat masas\u0131na uzand\u0131m, ba\u015f\u0131m sabitlenmi\u015fti, b\u00f6ylece operasyon s\u0131ras\u0131nda ba\u015f\u0131m hareket etmeyecek \u015fekilde yerle\u015ftirildi. Lazer, korneay\u0131 a\u00e7arak, doktor taraf\u0131ndan tekrar yerine kapat\u0131lacak \u015fekilde bir i\u015flem yapt\u0131. Lazer m\u00fcdahalesi asl\u0131nda yaln\u0131zca yakla\u015f\u0131k bir dakikada tamamlan\u0131yor, kornea tekrar kapat\u0131labiliyor ve ilk g\u00f6z\u00fcm bitmi\u015f oluyor! Ard\u0131ndan ayn\u0131 i\u015flem di\u011fer g\u00f6z\u00fcmde de yap\u0131ld\u0131 ve yakla\u015f\u0131k on be\u015f dakika sonra i\u015flem tamamland\u0131. Hemen sonras\u0131nda, kenarlar\u0131 k\u00f6p\u00fckle kaplanm\u0131\u015f \u00f6zel g\u00f6zl\u00fcklerimi takarak \u0131\u015f\u0131\u011f\u0131n ya da ellerin g\u00f6zlerime girmesini engellediler. \u0130tiraf etmek gerekirse, g\u00f6zlerim ger\u00e7ekten yan\u0131yordu ve sulan\u0131yordu, adeta ate\u015f gibiydi ve bu yang\u0131n\u0131 s\u00f6nd\u00fcrmek i\u00e7in elimden geleni yapmak istedim, ama g\u00f6zlerime asla parmaklar\u0131m\u0131n de\u011fmemesi i\u00e7in kendimi zor tutarak olduk\u00e7a sab\u0131rl\u0131 olmam gerekti. Ayn\u0131 zamanda, hemen her \u015feyi m\u00fckemmel \u015fekilde g\u00f6rebilmek kadar b\u00fcy\u00fck bir sevincim vard\u0131! Ancak g\u00f6zlerim hala \u00e7ok yan\u0131yordu, bu y\u00fczden bu ba\u015far\u0131y\u0131 uzun s\u00fcre tadamad\u0131m ve g\u00f6zlerimi yaln\u0131zca k\u0131sa s\u00fcre a\u00e7abildim, \u00e7o\u011funlukla \u015fiddetli yanma nedeniyle kapal\u0131 tuttum. \u0130\u015flem sonras\u0131nda doktor k\u0131sa bir kontrol yapt\u0131 ve sonu\u00e7lar\u0131n tamamen ba\u015far\u0131l\u0131 oldu\u011funu zaten g\u00f6zlemledi. Ard\u0131ndan, Ac\u0131badem Hastanesi taraf\u0131ndan tekrar al\u0131nd\u0131m ve konaklama yerime g\u00f6t\u00fcr\u00fcld\u00fcm. \u0130lk d\u00f6rt saat olduk\u00e7a rahats\u0131z ediciydi ve g\u00f6zlerimdeki yanma bir t\u00fcrl\u00fc ge\u00e7mek bilmiyordu. Uzun bir bekleyi\u015fin ard\u0131ndan, ger\u00e7ekten de yakla\u015f\u0131k d\u00f6rt saat sonra yanma ve sulanma durdu ve yava\u015f\u00e7a rahatlamaya ba\u015flay\u0131p, g\u00f6zl\u00fcklerimi takarak harika sonucu kutlamaya ba\u015flad\u0131m. Ertesi sabah, g\u00f6zl\u00fcklerimi \u00e7\u0131kar\u0131p y\u0131llard\u0131r ilk kez renkleri ve netli\u011fiyle manzaray\u0131 g\u00f6zlerimle yeniden ke\u015ffetti\u011fimde, kazand\u0131\u011f\u0131m yeni g\u00f6r\u00fc\u015fle \u00e7ok mutlu oldum. Bu kesinlikle hayat\u0131m\u0131n en iyi kararlar\u0131ndan biriydi ve lazer g\u00f6z ameliyat\u0131n\u0131 tekrar yapt\u0131rmaktan \u00e7ekinmem, ayr\u0131ca g\u00f6zl\u00fck veya lens olmadan hayat\u0131 \u00f6zg\u00fcrce ya\u015famay\u0131 tavsiye ederim. Birka\u00e7 g\u00fcn sonra Ac\u0131badem Hastanesi&#8217;nde doktorla bir takip randevusu daha oldu ve net bir g\u00f6r\u00fc\u015fle mutlu bir \u015fekilde evime d\u00f6nebildim. B\u00fct\u00fcn ilgili ki\u015filere, nazik destekleri i\u00e7in i\u00e7ten te\u015fekk\u00fcrlerimi sunuyorum.Corinne Stoll \u00d6nceki rapor Bir sonraki rapor<\/p>\n","protected":false},"author":4,"featured_media":0,"parent":4471,"menu_order":0,"comment_status":"closed","ping_status":"closed","template":"","meta":{"_joinchat":[],"footnotes":""},"class_list":["post-4519","page","type-page","status-publish","hentry"],"acf":[],"_links":{"self":[{"href":"https:\/\/medicaltravel.ch\/tr\/wp-json\/wp\/v2\/pages\/4519","targetHints":{"allow":["GET"]}}],"collection":[{"href":"https:\/\/medicaltravel.ch\/tr\/wp-json\/wp\/v2\/pages"}],"about":[{"href":"https:\/\/medicaltravel.ch\/tr\/wp-json\/wp\/v2\/types\/page"}],"author":[{"embeddable":true,"href":"https:\/\/medicaltravel.ch\/tr\/wp-json\/wp\/v2\/users\/4"}],"replies":[{"embeddable":true,"href":"https:\/\/medicaltravel.ch\/tr\/wp-json\/wp\/v2\/comments?post=4519"}],"version-history":[{"count":0,"href":"https:\/\/medicaltravel.ch\/tr\/wp-json\/wp\/v2\/pages\/4519\/revisions"}],"up":[{"embeddable":true,"href":"https:\/\/medicaltravel.ch\/tr\/wp-json\/wp\/v2\/pages\/4471"}],"wp:attachment":[{"href":"https:\/\/medicaltravel.ch\/tr\/wp-json\/wp\/v2\/media?parent=4519"}],"curies":[{"name":"wp","href":"https:\/\/api.w.org\/{rel}","templated":true}]}}