{"id":4521,"date":"2025-09-24T06:36:34","date_gmt":"2025-09-24T05:36:34","guid":{"rendered":"https:\/\/medicaltravel.ch\/hasta-raporlari\/erfahrungsberichte-behandlungen-tuerkei\/acibadem-istanbulda-lazer-goez-ameliyati-deneyimim-30-mayis-2012-carsamba-tarihli-rapor\/"},"modified":"2026-01-12T19:48:58","modified_gmt":"2026-01-12T18:48:58","slug":"acibadem-istanbulda-lazer-goez-ameliyati-deneyimim-30-mayis-2012-carsamba-tarihli-rapor","status":"publish","type":"page","link":"https:\/\/medicaltravel.ch\/tr\/hasta-raporlari\/turkiye-de-tedavi-deneyimleri\/acibadem-istanbulda-lazer-goez-ameliyati-deneyimim-30-mayis-2012-carsamba-tarihli-rapor\/","title":{"rendered":"Ac\u0131badem \u0130stanbul&#8217;da lazer g\u00f6z ameliyat\u0131 deneyimim \u2013 30 May\u0131s 2012 \u00c7ar\u015famba tarihli rapor"},"content":{"rendered":"\n<p>Ac\u0131badem \u0130stanbul&#8217;da lazer g\u00f6z ameliyat\u0131 deneyimim \u2013 30 May\u0131s 2012 \u00c7ar\u015famba tarihli rapor<\/p>\n\n\n\n<p>Karar: Uzun zamand\u0131r, g\u00f6zl\u00fcklerimin y\u00fczme, y\u00fcr\u00fcy\u00fc\u015f ve da\u011fc\u0131l\u0131k gibi hobilerimde engel olu\u015fturdu\u011funu d\u00fc\u015f\u00fcnerek LASIK operasyonunu yapt\u0131rmay\u0131 d\u00fc\u015f\u00fcn\u00fcyordum. Ayr\u0131ca, g\u00fcnl\u00fck lenslerle u\u011fra\u015fmak da olduk\u00e7a zahmetli ve pahal\u0131yd\u0131. G\u00f6zl\u00fcklerimle ilgili sorunlar\u0131m, y\u0131llard\u0131r ayn\u0131 seviyede kalm\u0131\u015ft\u0131 (-5 ve -5.5). Bu y\u00fczden, ad\u0131m atmaya karar verdim. Ancak, \u0130svi\u00e7re&#8217;de bu operasyonun maliyeti yakla\u015f\u0131k 8000 CHF olacakt\u0131, bu da benim i\u00e7in \u00e7ok y\u00fcksek bir rakamd\u0131. \u0130nternette Swisslasik&#8217;in teklifine rastlad\u0131m ve fiyatlar \u0130svi\u00e7re&#8217;de buldu\u011fum her \u015feyden \u00e7ok daha uygun g\u00f6r\u00fcn\u00fcyordu. Ayr\u0131ca uzun zamand\u0131r \u0130stanbul&#8217;a gitmeyi planl\u0131yordum, bu f\u0131rsatla hem \u015fehri gezmek hem de operasyonu yapt\u0131rmak istedim.<br>Tabii ki, \u00f6nemli olan \u015fey, bu teklifin ve dan\u0131\u015fmanl\u0131\u011f\u0131n profesyonel olmas\u0131yd\u0131 ve \u0130svi\u00e7re&#8217;de bir doktorun olmas\u0131 gerekti\u011fini d\u00fc\u015f\u00fcnd\u00fcm, b\u00f6ylece herhangi bir problem ya da soru \u00e7\u0131kt\u0131\u011f\u0131nda ona ba\u015fvurabilirdim. \u0130lk ileti\u015fimi kurduktan sonra h\u0131zl\u0131 bir \u015fekilde geri d\u00f6n\u00fc\u015f ald\u0131m ve Z\u00fcrich&#8217;teki prati\u011fe h\u0131zl\u0131ca bir randevu ald\u0131m, bu pratik benim i\u00e7in \u00e7ok iyi bir izlenim b\u0131rakt\u0131. Yap\u0131lan testlerde sadece birka\u00e7 ufak endi\u015fe (\u00f6rne\u011fin, dik kornea) vard\u0131, ancak yine de Femto-LASIK i\u00e7in karar\u0131m\u0131 verdim. Organizasyon \u00e7ok h\u0131zl\u0131 ve profesyonel \u015fekilde yap\u0131ld\u0131. Ekstra taleplerim (\u0130stanbul&#8217;da daha uzun kalmak ve bir refakat\u00e7i almak) rahatl\u0131kla yerine getirildi. \u0130stedi\u011fimde bir referans listesi ald\u0131m ve Swisslasik hakk\u0131nda deneyimlerini payla\u015fan \u00e7ok sempatik bir bayanla konu\u015fma f\u0131rsat\u0131m oldu. Bu bana \u00e7ok yard\u0131mc\u0131 oldu ve do\u011fru karar\u0131 verdi\u011fimi hissettirdi. (Sonradan \u00f6\u011frendim ki, iki i\u015f arkada\u015f\u0131m da Swisslasik&#8217;te operasyon ge\u00e7irmi\u015f.)<br>Seyahat: &#8220;\u0130stanbul Havaliman\u0131&#8217;nda gece 12&#8217;de taksiciyi bulmak biraz zor oldu ama sonunda ba\u015fard\u0131k. Ertesi sabah ise muayene ve operasyon i\u00e7in randevum vard\u0131. Her \u015fey \u00e7ok h\u0131zl\u0131 ge\u00e7ti \u2013 sorular\u0131 \u0130svi\u00e7re&#8217;de \u00f6nceden netle\u015ftirmek veya yaz\u0131l\u0131 olarak haz\u0131rlamak en iyisi. \u00d6n muayeneden sonra bana Femto-variant yerine normal LASIK yap\u0131lmas\u0131 \u00f6nerildi, \u00e7\u00fcnk\u00fc bu teknik olmadan da sorunsuz bir \u015fekilde yap\u0131labiliyordu. Bu beni biraz karars\u0131z b\u0131raksa da, pahal\u0131 olan\u0131n her zaman daha iyi olmad\u0131\u011f\u0131 ger\u00e7e\u011fini kabul ettim. Muayene sonras\u0131 d\u00f6rt saatlik bir bo\u015flu\u011fum vard\u0131, bu zaman\u0131 \u00e7ok g\u00fczel bir al\u0131\u015fveri\u015f merkezinde ge\u00e7irdim. Sonra tekrar klini\u011fe gidip operasyona haz\u0131rland\u0131m. K\u00fc\u00e7\u00fck bir ileti\u015fim hatas\u0131 nedeniyle operasyon biraz daha uzun s\u00fcrd\u00fc \u00e7\u00fcnk\u00fc ilk ba\u015fta g\u00f6z d\u00fczg\u00fcn \u015fekilde sabitlenememi\u015fti. Ama bu sorunu \u00e7\u00f6zd\u00fckten sonra her \u015fey \u00e7ok h\u0131zl\u0131 ilerledi.<br>Operasyon sonras\u0131 g\u00f6zlerim suland\u0131 ve ka\u015f\u0131nd\u0131. Bir sesli kitap almak ve \u00f6nceden yemek (veya oda servisi) i\u00e7in bir \u015feyler haz\u0131rlamak \u00e7ok yard\u0131mc\u0131 oluyor. Ertesi g\u00fcn yap\u0131lan kontrol olduk\u00e7a h\u0131zl\u0131 ve sorunsuz ge\u00e7ti, sonras\u0131nda \u0130stanbul&#8217;da tam olarak gezilecek yerleri gezebildim. Hastanedeki terc\u00fcmanla yap\u0131lan transferler ve hizmet her zaman m\u00fckemmel \u015fekilde yap\u0131ld\u0131. Hatta 3 g\u00fcn sonra havaliman\u0131na yap\u0131lan transfer de tam zaman\u0131nda ger\u00e7ekle\u015fti. Otel (Taksim City Park Hotel) \u00e7ok iyi bir konumdayd\u0131 ve Swisslasik&#8217;in m\u00fcdahalesi sayesinde \u00fc\u00e7\u00fcnc\u00fc gece g\u00fczel ve geni\u015f bir oda ald\u0131k. \u0130lk oda iki ki\u015fi i\u00e7in biraz k\u00fc\u00e7\u00fckt\u00fc.<br>Genel Geri Bildirim: &#8220;\u0130lk kontrol\u00fcn \u00fczerinden 1.5 hafta ge\u00e7ti ve her \u015fey m\u00fckemmel g\u00f6r\u00fcn\u00fcyor. Biraz ileti\u015fim hatas\u0131ndan \u00f6t\u00fcr\u00fc g\u00f6z\u00fcmde k\u00fc\u00e7\u00fck bir kanama olu\u015ftu ama bu yava\u015f\u00e7a ge\u00e7iyor. G\u00f6zlerim hala \u00e7ok kuru (g\u00fcn boyunca bilgisayar ekran\u0131 ba\u015f\u0131nda \u00e7al\u0131\u015f\u0131yorum) ve \u00f6zellikle ak\u015famlar\u0131 \u2018kurumu\u015f, kirli lens\u2019 hissi hala devam ediyor, ama bunun yak\u0131nda tamamen kaybolaca\u011f\u0131 umudunday\u0131m. Burada biraz sab\u0131r gerekebilir. Aksi takdirde her \u015fey m\u00fckemmel! Swisslasik-Pass&#8217;taki bilgiler \u00e7ok faydal\u0131 ve pratikti \u2013 kesinlikle yan\u0131n\u0131zda bulundurun! K\u00fc\u00e7\u00fck bir \u00f6neri: Belki damla bilgilerini do\u011frudan i\u00e7ine ekleyebilirler, b\u00f6ylece g\u00f6zler sulanmadan \u00f6nce bunlar\u0131 okuyabilirsiniz. \u0130stanbul, LASIK olmasan\u0131z da gezilmeye de\u011fer bir \u015fehir!&#8221;<br>Vera Henggeler<\/p>\n\n\n\n<div class=\"wp-block-group is-layout-grid wp-container-core-group-is-layout-baef362d wp-block-group-is-layout-grid\">\n<p><a href=\"https:\/\/medicaltravel.at\/home\/agb\/\" data-type=\"page\" data-id=\"2191\" rel=\"nofollow noopener\" target=\"_blank\"><\/a><a href=\"https:\/\/medicaltravel.ch\/tr\/hasta-raporlari\/turkiye-de-tedavi-deneyimleri\/sonunda-goezlueksuez-istanbul-acibademde-lazer-goez-ameliyati-26-30-nisan-2012-9-haziran-2012-cumartesi-tarihli-haber\/\" data-type=\"link\" data-id=\"https:\/\/medicaltravel.ch\/tr\/hasta-raporlari\/turkiye-de-tedavi-deneyimleri\/sonunda-goezlueksuez-istanbul-acibademde-lazer-goez-ameliyati-26-30-nisan-2012-9-haziran-2012-cumartesi-tarihli-haber\/\">\u00d6nceki rapor<\/a><\/p>\n\n\n\n<p class=\"has-text-align-right wp-container-content-5e2576f9\"><a href=\"https:\/\/medicaltravel.at\/home\/impressum\/\" data-type=\"page\" data-id=\"2193\" rel=\"nofollow noopener\" target=\"_blank\"><\/a><a href=\"https:\/\/medicaltravel.at\/home\/berichte-von-patienten\/erfahrungsberichte\/erfahrungsbericht-zahnbehandlung-in-istanbul\/\" data-type=\"page\" data-id=\"981\" rel=\"nofollow noopener\" target=\"_blank\"><\/a><a href=\"https:\/\/medicaltravel.ch\/tr\/hasta-raporlari\/turkiye-de-tedavi-deneyimleri\/goezlueksuez-goerme-hayali-istanbulda-gercek-oldu-18-mayis-2012-cuma-tarihli-haber\/\" data-type=\"link\" data-id=\"https:\/\/medicaltravel.ch\/tr\/hasta-raporlari\/turkiye-de-tedavi-deneyimleri\/goezlueksuez-goerme-hayali-istanbulda-gercek-oldu-18-mayis-2012-cuma-tarihli-haber\/\">Bir sonraki rapor<\/a><\/p>\n<\/div>\n","protected":false},"excerpt":{"rendered":"<p>Ac\u0131badem \u0130stanbul&#8217;da lazer g\u00f6z ameliyat\u0131 deneyimim \u2013 30 May\u0131s 2012 \u00c7ar\u015famba tarihli rapor Karar: Uzun zamand\u0131r, g\u00f6zl\u00fcklerimin y\u00fczme, y\u00fcr\u00fcy\u00fc\u015f ve da\u011fc\u0131l\u0131k gibi hobilerimde engel olu\u015fturdu\u011funu d\u00fc\u015f\u00fcnerek LASIK operasyonunu yapt\u0131rmay\u0131 d\u00fc\u015f\u00fcn\u00fcyordum. Ayr\u0131ca, g\u00fcnl\u00fck lenslerle u\u011fra\u015fmak da olduk\u00e7a zahmetli ve pahal\u0131yd\u0131. G\u00f6zl\u00fcklerimle ilgili sorunlar\u0131m, y\u0131llard\u0131r ayn\u0131 seviyede kalm\u0131\u015ft\u0131 (-5 ve -5.5). Bu y\u00fczden, ad\u0131m atmaya karar verdim. Ancak, \u0130svi\u00e7re&#8217;de bu operasyonun maliyeti yakla\u015f\u0131k 8000 CHF olacakt\u0131, bu da benim i\u00e7in \u00e7ok y\u00fcksek bir rakamd\u0131. \u0130nternette Swisslasik&#8217;in teklifine rastlad\u0131m ve fiyatlar \u0130svi\u00e7re&#8217;de buldu\u011fum her \u015feyden \u00e7ok daha uygun g\u00f6r\u00fcn\u00fcyordu. Ayr\u0131ca uzun zamand\u0131r \u0130stanbul&#8217;a gitmeyi planl\u0131yordum, bu f\u0131rsatla hem \u015fehri gezmek hem de operasyonu yapt\u0131rmak istedim.Tabii ki, \u00f6nemli olan \u015fey, bu teklifin ve dan\u0131\u015fmanl\u0131\u011f\u0131n profesyonel olmas\u0131yd\u0131 ve \u0130svi\u00e7re&#8217;de bir doktorun olmas\u0131 gerekti\u011fini d\u00fc\u015f\u00fcnd\u00fcm, b\u00f6ylece herhangi bir problem ya da soru \u00e7\u0131kt\u0131\u011f\u0131nda ona ba\u015fvurabilirdim. \u0130lk ileti\u015fimi kurduktan sonra h\u0131zl\u0131 bir \u015fekilde geri d\u00f6n\u00fc\u015f ald\u0131m ve Z\u00fcrich&#8217;teki prati\u011fe h\u0131zl\u0131ca bir randevu ald\u0131m, bu pratik benim i\u00e7in \u00e7ok iyi bir izlenim b\u0131rakt\u0131. Yap\u0131lan testlerde sadece birka\u00e7 ufak endi\u015fe (\u00f6rne\u011fin, dik kornea) vard\u0131, ancak yine de Femto-LASIK i\u00e7in karar\u0131m\u0131 verdim. Organizasyon \u00e7ok h\u0131zl\u0131 ve profesyonel \u015fekilde yap\u0131ld\u0131. Ekstra taleplerim (\u0130stanbul&#8217;da daha uzun kalmak ve bir refakat\u00e7i almak) rahatl\u0131kla yerine getirildi. \u0130stedi\u011fimde bir referans listesi ald\u0131m ve Swisslasik hakk\u0131nda deneyimlerini payla\u015fan \u00e7ok sempatik bir bayanla konu\u015fma f\u0131rsat\u0131m oldu. Bu bana \u00e7ok yard\u0131mc\u0131 oldu ve do\u011fru karar\u0131 verdi\u011fimi hissettirdi. (Sonradan \u00f6\u011frendim ki, iki i\u015f arkada\u015f\u0131m da Swisslasik&#8217;te operasyon ge\u00e7irmi\u015f.)Seyahat: &#8220;\u0130stanbul Havaliman\u0131&#8217;nda gece 12&#8217;de taksiciyi bulmak biraz zor oldu ama sonunda ba\u015fard\u0131k. Ertesi sabah ise muayene ve operasyon i\u00e7in randevum vard\u0131. Her \u015fey \u00e7ok h\u0131zl\u0131 ge\u00e7ti \u2013 sorular\u0131 \u0130svi\u00e7re&#8217;de \u00f6nceden netle\u015ftirmek veya yaz\u0131l\u0131 olarak haz\u0131rlamak en iyisi. \u00d6n muayeneden sonra bana Femto-variant yerine normal LASIK yap\u0131lmas\u0131 \u00f6nerildi, \u00e7\u00fcnk\u00fc bu teknik olmadan da sorunsuz bir \u015fekilde yap\u0131labiliyordu. Bu beni biraz karars\u0131z b\u0131raksa da, pahal\u0131 olan\u0131n her zaman daha iyi olmad\u0131\u011f\u0131 ger\u00e7e\u011fini kabul ettim. Muayene sonras\u0131 d\u00f6rt saatlik bir bo\u015flu\u011fum vard\u0131, bu zaman\u0131 \u00e7ok g\u00fczel bir al\u0131\u015fveri\u015f merkezinde ge\u00e7irdim. Sonra tekrar klini\u011fe gidip operasyona haz\u0131rland\u0131m. K\u00fc\u00e7\u00fck bir ileti\u015fim hatas\u0131 nedeniyle operasyon biraz daha uzun s\u00fcrd\u00fc \u00e7\u00fcnk\u00fc ilk ba\u015fta g\u00f6z d\u00fczg\u00fcn \u015fekilde sabitlenememi\u015fti. Ama bu sorunu \u00e7\u00f6zd\u00fckten sonra her \u015fey \u00e7ok h\u0131zl\u0131 ilerledi.Operasyon sonras\u0131 g\u00f6zlerim suland\u0131 ve ka\u015f\u0131nd\u0131. Bir sesli kitap almak ve \u00f6nceden yemek (veya oda servisi) i\u00e7in bir \u015feyler haz\u0131rlamak \u00e7ok yard\u0131mc\u0131 oluyor. Ertesi g\u00fcn yap\u0131lan kontrol olduk\u00e7a h\u0131zl\u0131 ve sorunsuz ge\u00e7ti, sonras\u0131nda \u0130stanbul&#8217;da tam olarak gezilecek yerleri gezebildim. Hastanedeki terc\u00fcmanla yap\u0131lan transferler ve hizmet her zaman m\u00fckemmel \u015fekilde yap\u0131ld\u0131. Hatta 3 g\u00fcn sonra havaliman\u0131na yap\u0131lan transfer de tam zaman\u0131nda ger\u00e7ekle\u015fti. Otel (Taksim City Park Hotel) \u00e7ok iyi bir konumdayd\u0131 ve Swisslasik&#8217;in m\u00fcdahalesi sayesinde \u00fc\u00e7\u00fcnc\u00fc gece g\u00fczel ve geni\u015f bir oda ald\u0131k. \u0130lk oda iki ki\u015fi i\u00e7in biraz k\u00fc\u00e7\u00fckt\u00fc.Genel Geri Bildirim: &#8220;\u0130lk kontrol\u00fcn \u00fczerinden 1.5 hafta ge\u00e7ti ve her \u015fey m\u00fckemmel g\u00f6r\u00fcn\u00fcyor. Biraz ileti\u015fim hatas\u0131ndan \u00f6t\u00fcr\u00fc g\u00f6z\u00fcmde k\u00fc\u00e7\u00fck bir kanama olu\u015ftu ama bu yava\u015f\u00e7a ge\u00e7iyor. G\u00f6zlerim hala \u00e7ok kuru (g\u00fcn boyunca bilgisayar ekran\u0131 ba\u015f\u0131nda \u00e7al\u0131\u015f\u0131yorum) ve \u00f6zellikle ak\u015famlar\u0131 \u2018kurumu\u015f, kirli lens\u2019 hissi hala devam ediyor, ama bunun yak\u0131nda tamamen kaybolaca\u011f\u0131 umudunday\u0131m. Burada biraz sab\u0131r gerekebilir. Aksi takdirde her \u015fey m\u00fckemmel! Swisslasik-Pass&#8217;taki bilgiler \u00e7ok faydal\u0131 ve pratikti \u2013 kesinlikle yan\u0131n\u0131zda bulundurun! K\u00fc\u00e7\u00fck bir \u00f6neri: Belki damla bilgilerini do\u011frudan i\u00e7ine ekleyebilirler, b\u00f6ylece g\u00f6zler sulanmadan \u00f6nce bunlar\u0131 okuyabilirsiniz. \u0130stanbul, LASIK olmasan\u0131z da gezilmeye de\u011fer bir \u015fehir!&#8221;Vera Henggeler \u00d6nceki rapor Bir sonraki rapor<\/p>\n","protected":false},"author":4,"featured_media":0,"parent":4471,"menu_order":0,"comment_status":"closed","ping_status":"closed","template":"","meta":{"_joinchat":[],"footnotes":""},"class_list":["post-4521","page","type-page","status-publish","hentry"],"acf":[],"_links":{"self":[{"href":"https:\/\/medicaltravel.ch\/tr\/wp-json\/wp\/v2\/pages\/4521","targetHints":{"allow":["GET"]}}],"collection":[{"href":"https:\/\/medicaltravel.ch\/tr\/wp-json\/wp\/v2\/pages"}],"about":[{"href":"https:\/\/medicaltravel.ch\/tr\/wp-json\/wp\/v2\/types\/page"}],"author":[{"embeddable":true,"href":"https:\/\/medicaltravel.ch\/tr\/wp-json\/wp\/v2\/users\/4"}],"replies":[{"embeddable":true,"href":"https:\/\/medicaltravel.ch\/tr\/wp-json\/wp\/v2\/comments?post=4521"}],"version-history":[{"count":0,"href":"https:\/\/medicaltravel.ch\/tr\/wp-json\/wp\/v2\/pages\/4521\/revisions"}],"up":[{"embeddable":true,"href":"https:\/\/medicaltravel.ch\/tr\/wp-json\/wp\/v2\/pages\/4471"}],"wp:attachment":[{"href":"https:\/\/medicaltravel.ch\/tr\/wp-json\/wp\/v2\/media?parent=4521"}],"curies":[{"name":"wp","href":"https:\/\/api.w.org\/{rel}","templated":true}]}}