{"id":4527,"date":"2025-09-24T06:18:42","date_gmt":"2025-09-24T05:18:42","guid":{"rendered":"https:\/\/medicaltravel.ch\/hasta-raporlari\/erfahrungsberichte-behandlungen-tuerkei\/swisslasik-deneyim-raporu-5-subat-2013-sali-tarihli-rapor\/"},"modified":"2026-01-12T19:37:03","modified_gmt":"2026-01-12T18:37:03","slug":"swisslasik-deneyim-raporu-5-subat-2013-sali-tarihli-rapor","status":"publish","type":"page","link":"https:\/\/medicaltravel.ch\/tr\/hasta-raporlari\/turkiye-de-tedavi-deneyimleri\/swisslasik-deneyim-raporu-5-subat-2013-sali-tarihli-rapor\/","title":{"rendered":"Swisslasik deneyim raporu \u2013 5 \u015eubat 2013 Sal\u0131 tarihli rapor"},"content":{"rendered":"\n<p>Swisslasik deneyim raporu \u2013 5 \u015eubat 2013 Sal\u0131 tarihli rapor<\/p>\n\n\n\n<p>G\u00f6z lazeri konusu ile uzun zamand\u0131r ilgileniyordum. G\u00f6zl\u00fckle \u00e7ok k\u00f6t\u00fc g\u00f6r\u00fcyordum ve g\u00f6z iltihab\u0131 nedeniyle lens de takam\u0131yordum, bu y\u00fczden g\u00f6zl\u00fcks\u00fcz g\u00f6rme arzum giderek artt\u0131 \u00e7\u00fcnk\u00fc g\u00f6zl\u00fck beni olduk\u00e7a rahats\u0131z ediyordu. Kendime dedim ki, kaybedecek bir \u015feyim yok, zaten k\u00f6t\u00fc g\u00f6r\u00fcyordum, sadece daha iyi olabilir, bu y\u00fczden kaybedecek bir \u015feyim yoktu. \u0130ki i\u015f arkada\u015f\u0131mdan, g\u00f6zlerine lazer tedavisi yapt\u0131rm\u0131\u015f olanlar sayesinde Swisslasik hakk\u0131nda bilgi edindim. Ayn\u0131 zamanda internette de ara\u015ft\u0131rmalar yapt\u0131m. \u0130\u015f arkada\u015flar\u0131m\u0131n yorumlar\u0131 \u00e7ok olumluydu ve her ikisi de sonu\u00e7tan \u00e7ok memnun kalm\u0131\u015f ve tekrar yapt\u0131racaklar\u0131n\u0131 s\u00f6ylediler. Bu, beni kesinlikle cesaretlendirdi, belgeleri temin ettim, \u0130svi\u00e7re&#8217;de bir \u00f6n muayene yapt\u0131rd\u0131m ve bu muayene sonucunda lazer tedavisi i\u00e7in uygun oldu\u011fum onayland\u0131, ard\u0131ndan Swisslasik ile bu tedaviyi yapt\u0131rmaya karar verdim. Tabii ki fiyat da benim i\u00e7in belirleyici bir fakt\u00f6rd\u00fc. Fiyat-performans oran\u0131ndan \u00e7ok memnunum. Swisslasik&#8217;in profesyonel, h\u0131zl\u0131 ve iyi organizasyonuna hayran kald\u0131m, birka\u00e7 g\u00fcn i\u00e7inde t\u00fcm lazer seyahati program\u0131m haz\u0131rland\u0131. Ayr\u0131ca ki\u015fisel telefon g\u00f6r\u00fc\u015fmeleri de \u00e7ok olumlu ge\u00e7ti. Ba\u015flang\u0131\u00e7tan itibaren \u015firkete g\u00fcvenebildim. Ayr\u0131ca, \u00fc\u00e7 g\u00fcn boyunca \u00e7ok iyi bir \u015fekilde desteklendi\u011fimi de belirtmek isterim. Yan\u0131mda, her \u015feyimi \u00e7evirecek ve bana biraz yard\u0131mc\u0131 olacak birinin olmas\u0131 \u00e7ok rahatlat\u0131c\u0131yd\u0131. Bu \u00fc\u00e7 g\u00fcnl\u00fck seyahate yaln\u0131z \u00e7\u0131kt\u0131m ve Swisslasik&#8217;in bunun tek ba\u015f\u0131ma halledebilecek \u015fekilde d\u00fczenlendi\u011fini s\u00f6ylemeliyim. U\u00e7u\u015f, otel ve di\u011fer organizasyon olduk\u00e7a iyi gitti. Tek sorun, otele gidi\u015fimde bir ta\u015f\u0131ma hatas\u0131 oldu. Bir taksiye bindim, ama \u00f6dedi\u011fim paray\u0131 ertesi g\u00fcn geri ald\u0131m. Klinik ger\u00e7ekten \u00e7ok iyi, modern ve profesyonel bir izlenim b\u0131rakt\u0131. Doktorlar ne yapt\u0131klar\u0131n\u0131 biliyorlar ve kendimi iyi bir \u015fekilde g\u00fcvende hissettim. Ger\u00e7ekten ilgileniyorlar ve \u00e7ok iyi bir \u015fekilde bak\u0131l\u0131yor. Ayr\u0131ca, yan\u0131mda bir Almanca konu\u015fan ki\u015finin olmas\u0131 da \u00e7ok pozitifti. Doktorlar da ger\u00e7ekten \u00e7ok profesyonel g\u00f6r\u00fcn\u00fcyordu. Operasyon \u00f6ncesinde ger\u00e7ekten garip bir his vard\u0131. Sonu\u00e7ta bu s\u0131radan bir i\u015flem de\u011fil, g\u00f6zlere yap\u0131lan bir i\u015flem. \u00c7ok gergindim. Operasyon \u00e7ok h\u0131zl\u0131 bir \u015fekilde tamamland\u0131 ve koruyucu g\u00f6zl\u00fc\u011f\u00fcmle ilk kontrol\u00fcm i\u00e7in beklerken b\u00fcy\u00fck bir rahatlama hissettim. Ger\u00e7ekten biraz \u015f\u00fcpheciydim. Operasyondan sonraki ilk saatlerde g\u00f6zlerim \u00e7ok suland\u0131 ve bunun k\u0131sa s\u00fcrede ge\u00e7mesini umuyordum. Ama birka\u00e7 saat sonra ba\u015far\u0131y\u0131 g\u00f6rebildim \u2013 tam anlam\u0131yla. Operasyon \u00f6ncesi neredeyse k\u00f6rd\u00fcm, sadece birka\u00e7 santimetre kadar g\u00f6rebiliyordum. \u015eimdi ger\u00e7ekten g\u00f6zl\u00fcks\u00fcz olarak normal bir \u015fekilde g\u00f6rebiliyorum ve her \u015fey \u00e7ok net. Harika, sonu\u00e7tan \u00e7ok memnunum. Daniel Rodel, 3 \u015eubat 2013<\/p>\n\n\n\n<div class=\"wp-block-group is-layout-grid wp-container-core-group-is-layout-baef362d wp-block-group-is-layout-grid\">\n<p><a href=\"https:\/\/medicaltravel.at\/home\/agb\/\" data-type=\"page\" data-id=\"2191\" rel=\"nofollow noopener\" target=\"_blank\"><\/a><a href=\"https:\/\/medicaltravel.ch\/tr\/hasta-raporlari\/turkiye-de-tedavi-deneyimleri\/istanbulda-gecirdigim-macerali-lazer-goez-ameliyatim-6-mart-2013-carsamba-tarihli-raporum\/\" data-type=\"link\" data-id=\"https:\/\/medicaltravel.ch\/tr\/hasta-raporlari\/turkiye-de-tedavi-deneyimleri\/istanbulda-gecirdigim-macerali-lazer-goez-ameliyatim-6-mart-2013-carsamba-tarihli-raporum\/\">\u00d6nceki rapor<\/a><\/p>\n\n\n\n<p class=\"has-text-align-right wp-container-content-5e2576f9\"><a href=\"https:\/\/medicaltravel.at\/home\/impressum\/\" data-type=\"page\" data-id=\"2193\" rel=\"nofollow noopener\" target=\"_blank\"><\/a><a href=\"https:\/\/medicaltravel.at\/home\/berichte-von-patienten\/erfahrungsberichte\/erfahrungsbericht-zahnbehandlung-in-istanbul\/\" data-type=\"page\" data-id=\"981\" rel=\"nofollow noopener\" target=\"_blank\"><\/a><a href=\"https:\/\/medicaltravel.ch\/tr\/hasta-raporlari\/turkiye-de-tedavi-deneyimleri\/farkli-bir-noel-21-ocak-2013-pazartesi-tarihli-rapor\/\" data-type=\"link\" data-id=\"https:\/\/medicaltravel.ch\/tr\/hasta-raporlari\/turkiye-de-tedavi-deneyimleri\/farkli-bir-noel-21-ocak-2013-pazartesi-tarihli-rapor\/\">Bir sonraki rapor<\/a><\/p>\n<\/div>\n","protected":false},"excerpt":{"rendered":"<p>Swisslasik deneyim raporu \u2013 5 \u015eubat 2013 Sal\u0131 tarihli rapor G\u00f6z lazeri konusu ile uzun zamand\u0131r ilgileniyordum. G\u00f6zl\u00fckle \u00e7ok k\u00f6t\u00fc g\u00f6r\u00fcyordum ve g\u00f6z iltihab\u0131 nedeniyle lens de takam\u0131yordum, bu y\u00fczden g\u00f6zl\u00fcks\u00fcz g\u00f6rme arzum giderek artt\u0131 \u00e7\u00fcnk\u00fc g\u00f6zl\u00fck beni olduk\u00e7a rahats\u0131z ediyordu. Kendime dedim ki, kaybedecek bir \u015feyim yok, zaten k\u00f6t\u00fc g\u00f6r\u00fcyordum, sadece daha iyi olabilir, bu y\u00fczden kaybedecek bir \u015feyim yoktu. \u0130ki i\u015f arkada\u015f\u0131mdan, g\u00f6zlerine lazer tedavisi yapt\u0131rm\u0131\u015f olanlar sayesinde Swisslasik hakk\u0131nda bilgi edindim. Ayn\u0131 zamanda internette de ara\u015ft\u0131rmalar yapt\u0131m. \u0130\u015f arkada\u015flar\u0131m\u0131n yorumlar\u0131 \u00e7ok olumluydu ve her ikisi de sonu\u00e7tan \u00e7ok memnun kalm\u0131\u015f ve tekrar yapt\u0131racaklar\u0131n\u0131 s\u00f6ylediler. Bu, beni kesinlikle cesaretlendirdi, belgeleri temin ettim, \u0130svi\u00e7re&#8217;de bir \u00f6n muayene yapt\u0131rd\u0131m ve bu muayene sonucunda lazer tedavisi i\u00e7in uygun oldu\u011fum onayland\u0131, ard\u0131ndan Swisslasik ile bu tedaviyi yapt\u0131rmaya karar verdim. Tabii ki fiyat da benim i\u00e7in belirleyici bir fakt\u00f6rd\u00fc. Fiyat-performans oran\u0131ndan \u00e7ok memnunum. Swisslasik&#8217;in profesyonel, h\u0131zl\u0131 ve iyi organizasyonuna hayran kald\u0131m, birka\u00e7 g\u00fcn i\u00e7inde t\u00fcm lazer seyahati program\u0131m haz\u0131rland\u0131. Ayr\u0131ca ki\u015fisel telefon g\u00f6r\u00fc\u015fmeleri de \u00e7ok olumlu ge\u00e7ti. Ba\u015flang\u0131\u00e7tan itibaren \u015firkete g\u00fcvenebildim. Ayr\u0131ca, \u00fc\u00e7 g\u00fcn boyunca \u00e7ok iyi bir \u015fekilde desteklendi\u011fimi de belirtmek isterim. Yan\u0131mda, her \u015feyimi \u00e7evirecek ve bana biraz yard\u0131mc\u0131 olacak birinin olmas\u0131 \u00e7ok rahatlat\u0131c\u0131yd\u0131. Bu \u00fc\u00e7 g\u00fcnl\u00fck seyahate yaln\u0131z \u00e7\u0131kt\u0131m ve Swisslasik&#8217;in bunun tek ba\u015f\u0131ma halledebilecek \u015fekilde d\u00fczenlendi\u011fini s\u00f6ylemeliyim. U\u00e7u\u015f, otel ve di\u011fer organizasyon olduk\u00e7a iyi gitti. Tek sorun, otele gidi\u015fimde bir ta\u015f\u0131ma hatas\u0131 oldu. Bir taksiye bindim, ama \u00f6dedi\u011fim paray\u0131 ertesi g\u00fcn geri ald\u0131m. Klinik ger\u00e7ekten \u00e7ok iyi, modern ve profesyonel bir izlenim b\u0131rakt\u0131. Doktorlar ne yapt\u0131klar\u0131n\u0131 biliyorlar ve kendimi iyi bir \u015fekilde g\u00fcvende hissettim. Ger\u00e7ekten ilgileniyorlar ve \u00e7ok iyi bir \u015fekilde bak\u0131l\u0131yor. Ayr\u0131ca, yan\u0131mda bir Almanca konu\u015fan ki\u015finin olmas\u0131 da \u00e7ok pozitifti. Doktorlar da ger\u00e7ekten \u00e7ok profesyonel g\u00f6r\u00fcn\u00fcyordu. Operasyon \u00f6ncesinde ger\u00e7ekten garip bir his vard\u0131. Sonu\u00e7ta bu s\u0131radan bir i\u015flem de\u011fil, g\u00f6zlere yap\u0131lan bir i\u015flem. \u00c7ok gergindim. Operasyon \u00e7ok h\u0131zl\u0131 bir \u015fekilde tamamland\u0131 ve koruyucu g\u00f6zl\u00fc\u011f\u00fcmle ilk kontrol\u00fcm i\u00e7in beklerken b\u00fcy\u00fck bir rahatlama hissettim. Ger\u00e7ekten biraz \u015f\u00fcpheciydim. Operasyondan sonraki ilk saatlerde g\u00f6zlerim \u00e7ok suland\u0131 ve bunun k\u0131sa s\u00fcrede ge\u00e7mesini umuyordum. Ama birka\u00e7 saat sonra ba\u015far\u0131y\u0131 g\u00f6rebildim \u2013 tam anlam\u0131yla. Operasyon \u00f6ncesi neredeyse k\u00f6rd\u00fcm, sadece birka\u00e7 santimetre kadar g\u00f6rebiliyordum. \u015eimdi ger\u00e7ekten g\u00f6zl\u00fcks\u00fcz olarak normal bir \u015fekilde g\u00f6rebiliyorum ve her \u015fey \u00e7ok net. Harika, sonu\u00e7tan \u00e7ok memnunum. Daniel Rodel, 3 \u015eubat 2013 \u00d6nceki rapor Bir sonraki rapor<\/p>\n","protected":false},"author":4,"featured_media":0,"parent":4471,"menu_order":0,"comment_status":"closed","ping_status":"closed","template":"","meta":{"_joinchat":[],"footnotes":""},"class_list":["post-4527","page","type-page","status-publish","hentry"],"acf":[],"_links":{"self":[{"href":"https:\/\/medicaltravel.ch\/tr\/wp-json\/wp\/v2\/pages\/4527","targetHints":{"allow":["GET"]}}],"collection":[{"href":"https:\/\/medicaltravel.ch\/tr\/wp-json\/wp\/v2\/pages"}],"about":[{"href":"https:\/\/medicaltravel.ch\/tr\/wp-json\/wp\/v2\/types\/page"}],"author":[{"embeddable":true,"href":"https:\/\/medicaltravel.ch\/tr\/wp-json\/wp\/v2\/users\/4"}],"replies":[{"embeddable":true,"href":"https:\/\/medicaltravel.ch\/tr\/wp-json\/wp\/v2\/comments?post=4527"}],"version-history":[{"count":2,"href":"https:\/\/medicaltravel.ch\/tr\/wp-json\/wp\/v2\/pages\/4527\/revisions"}],"predecessor-version":[{"id":6453,"href":"https:\/\/medicaltravel.ch\/tr\/wp-json\/wp\/v2\/pages\/4527\/revisions\/6453"}],"up":[{"embeddable":true,"href":"https:\/\/medicaltravel.ch\/tr\/wp-json\/wp\/v2\/pages\/4471"}],"wp:attachment":[{"href":"https:\/\/medicaltravel.ch\/tr\/wp-json\/wp\/v2\/media?parent=4527"}],"curies":[{"name":"wp","href":"https:\/\/api.w.org\/{rel}","templated":true}]}}