{"id":4529,"date":"2025-09-24T06:21:59","date_gmt":"2025-09-24T05:21:59","guid":{"rendered":"https:\/\/medicaltravel.ch\/hasta-raporlari\/erfahrungsberichte-behandlungen-tuerkei\/dita-cecchinin-11-eyluel-2012de-istanbulda-goez-ameliyati-geciren-goeruesue-26-ekim-2012-cuma-tarihli-rapor\/"},"modified":"2026-01-12T19:40:17","modified_gmt":"2026-01-12T18:40:17","slug":"dita-cecchinin-11-eyluel-2012de-istanbulda-goez-ameliyati-geciren-goeruesue-26-ekim-2012-cuma-tarihli-rapor","status":"publish","type":"page","link":"https:\/\/medicaltravel.ch\/tr\/hasta-raporlari\/turkiye-de-tedavi-deneyimleri\/dita-cecchinin-11-eyluel-2012de-istanbulda-goez-ameliyati-geciren-goeruesue-26-ekim-2012-cuma-tarihli-rapor\/","title":{"rendered":"Dita Cecchin&#8217;in (11 Eyl\u00fcl 2012&#8217;de \u0130stanbul&#8217;da g\u00f6z ameliyat\u0131 ge\u00e7iren) g\u00f6r\u00fc\u015f\u00fc \u2013 26 Ekim 2012 Cuma tarihli rapor"},"content":{"rendered":"\n<p>Dita Cecchin&#8217;in (11 Eyl\u00fcl 2012&#8217;de \u0130stanbul&#8217;da g\u00f6z ameliyat\u0131 ge\u00e7iren) g\u00f6r\u00fc\u015f\u00fc \u2013 26 Ekim 2012 Cuma tarihli rapor<\/p>\n\n\n\n<p>Bottighofen, den 24. 10. 2012<\/p>\n\n\n\n<p>Yakla\u015f\u0131k otuz be\u015f y\u0131ld\u0131r g\u00f6zl\u00fck tak\u0131yordum. Gen\u00e7 ya\u015flarda miyopili\u011fim giderek k\u00f6t\u00fcle\u015fti, ta ki operasyondan \u00f6nce 5 ile 5,5 diyoptri aras\u0131nda bir numaraya sahip olana kadar. <\/p>\n\n\n\n<p>Tabii ki, uzun y\u0131llar g\u00f6zl\u00fck takan biri olarak, g\u00f6zl\u00fc\u011f\u00fcn bir\u00e7ok ya\u015fam durumunda ne kadar rahats\u0131z edici oldu\u011funu herkes bilir ;-). \u00d6zel g\u00fcnlerde, kayak yaparken, motosiklet s\u00fcrerken, saunada ve tekneyle gezintiye \u00e7\u0131karken genellikle kontakt lens kullan\u0131yordum \u2013 neyse ki Bodensee&#8217;de ya\u015f\u0131yorum\u2026 Ne yaz\u0131k ki g\u00f6zlerim h\u0131zla kurudu ve lensleri \u00e7\u0131kard\u0131\u011f\u0131m her an \u00e7ok rahatlad\u0131m. G\u00f6zl\u00fcks\u00fcz ise k\u00f6r bir k\u00f6stebe\u011fe d\u00f6n\u00fcyordum.  <\/p>\n\n\n\n<p>Y\u0131llarca g\u00f6z lazeri yapt\u0131rmay\u0131 hayal ettim, bir g\u00fcn cesaret edip \u00f6deyebilece\u011fimi d\u00fc\u015f\u00fcnd\u00fcm. Ancak olas\u0131 komplikasyonlar hakk\u0131ndaki korku hep vard\u0131. Zaten zay\u0131flam\u0131\u015f olan g\u00f6zlerimi bir operasyonla tehlikeye atmak, ger\u00e7ekten korkun\u00e7 bir d\u00fc\u015f\u00fcnceydi.  <\/p>\n\n\n\n<p>Birka\u00e7 y\u0131l ge\u00e7ti, t\u0131p bu alanda \u00e7ok iyi geli\u015fti ve iyile\u015fti, ve ben internet \u00fczerinden ara\u015ft\u0131rmaya ba\u015flamaya karar verdim. Hem memleketim \u00c7ek Cumhuriyeti&#8217;nde hem de kom\u015fu Almanya&#8217;da. Sonra Swisslasik&#8217;i buldum. Web sitelerindeki d\u00fcr\u00fcst ve detayl\u0131 yakla\u015f\u0131m ho\u015fuma gitti ve ard\u0131ndan Z\u00fcrih&#8217;teki bilgi ak\u015fam\u0131na daveti g\u00f6rd\u00fcm. O anda net bir \u015fekilde karar verdim: Bu beni ilgilendiriyor!    <\/p>\n\n\n\n<p>E\u015fimle birlikte, bana bu konuda cesaret veren bir ak\u015fam ge\u00e7irdim ve ger\u00e7ekten \u00e7ok \u00f6\u011fretici ve kaliteli bir deneyim ya\u015fad\u0131m. \u015eirketin sahibi Say\u0131n Karaagacli&#8217;nin ve g\u00f6z ameliyat\u0131n\u0131 ayr\u0131nt\u0131l\u0131 olarak a\u00e7\u0131klayan Dr. B. Cosar&#8217;\u0131n profesyonel ve \u00e7ok nazik tav\u0131rlar\u0131 beni tamamen ikna etti. Ayr\u0131ca \u00e7ok olumlu bir \u015fey daha vard\u0131: Hi\u00e7bir an bask\u0131 alt\u0131nda hissetmedim, her \u015fey \u00e7ok rahat ve bilgilendirici bir \u015fekilde ilerledi. Evet, dedim, burada kendimi rahat hissediyorum! Bu arada: K\u0131sa bir s\u00fcre sonra bir arkada\u015f\u0131m, bir arkada\u015f\u0131n\u0131n yeni kazand\u0131\u011f\u0131 g\u00f6rme g\u00fcc\u00fcyle ne kadar mutlu oldu\u011funu s\u00f6yledi&#8230; Swisslasik sayesinde \u0130stanbul&#8217;da \ud83d\ude09    <\/p>\n\n\n\n<p>E\u015fimle birlikte, T\u00fcrk rivieras\u0131n\u0131n g\u00fcney sahilinde yelken yapmay\u0131 planlad\u0131\u011f\u0131m\u0131z i\u00e7in her \u015feyi pratik bir \u015fekilde birle\u015ftirmeye karar verdim: Harika bir hafta boyunca yelken yapt\u0131ktan sonra \u0130stanbul\u2019a u\u00e7arak g\u00f6zlerimi lazerle d\u00fczeltmek \u2013 ve tabii ki \u00fcnl\u00fc \u015fehri nihayet ke\u015ffetmek!<\/p>\n\n\n\n<p>Swisslasik ile ileti\u015fim ba\u015ftan sona \u00e7ok sorunsuz ve h\u0131zl\u0131yd\u0131. Yak\u0131nda istedi\u011fim tarihe karar verildi. Seyahatten hemen \u00f6nce \u2013 t\u00fcm hastalar gibi \u2013 Swisslasik Pass&#8217;imi ald\u0131m, i\u00e7inde t\u00fcm \u00f6zel bilgilerim, randevular\u0131m ve \u0130stanbul\u2019daki kal\u0131\u015f\u0131m i\u00e7in \u00e7ok faydal\u0131 ipu\u00e7lar\u0131 vard\u0131. K\u00fc\u00e7\u00fck bir kitap\u00e7\u0131kta, gereken her \u015fey ve \u00f6nemli bilgiler yer al\u0131yordu. Ne kadar harika! Her \u015fey haz\u0131rd\u0131, yola \u00e7\u0131kabilirdim.     <\/p>\n\n\n\n<p>Ger\u00e7ekten harika bir yelken turunun ard\u0131ndan \u0130stanbul\u2019a vard\u0131m ve ilk g\u00fcnden itibaren gelecekteki rehberim ve terc\u00fcman\u0131m Tolga taraf\u0131ndan arand\u0131m. Beni kar\u015f\u0131lad\u0131 ve operasyon \u00f6ncesi durumumu sormak i\u00e7in \u00e7ok nazik bir \u015fekilde ilgilendi. \u00c7ok ho\u015ftu. Otelimizi kendimiz rezervasyon yapt\u0131k, \u00e7\u00fcnk\u00fc di\u011fer yelken arkada\u015flar\u0131m\u0131z da vard\u0131. Otel Nena, tam olarak eski \u015fehirdeydi ve ger\u00e7ekten tavsiye ederim. (Kahvalt\u0131 teras\u0131ndan g\u00f6r\u00fclen muazzam manzara unutulmaz.)      <\/p>\n\n\n\n<p>Ertesi g\u00fcn sabah saat 7&#8217;de, klinik arac\u0131ndan tam vaktinde al\u0131nd\u0131m. Klinik binas\u0131na vard\u0131\u011f\u0131mda, ger\u00e7ekten modern, \u00e7ok bak\u0131ml\u0131 ve tertemiz bir ortamla kar\u015f\u0131la\u015ft\u0131m! B\u00f6yle y\u00fcksek bir seviyeyi beklememi\u015ftim. Ger\u00e7ekten \u00e7ok iyi bir his verdi.   <\/p>\n\n\n\n<p>B\u00fcy\u00fck \u00f6n muayeneyi \u0130svi\u00e7re&#8217;de yapt\u0131rmam\u0131\u015ft\u0131m, \u00e7\u00fcnk\u00fc g\u00f6z doktorum daha \u00f6nce g\u00f6zlerimin lazer ameliyat\u0131na uygun oldu\u011funu s\u00f6ylemi\u015fti \u2013 ve neyse ki bu, Ac\u0131badem Klinik&#8217;teki \u00f6n muayenede de do\u011fruland\u0131. Foyer&#8217;de terc\u00fcman\u0131m Tolga Bey taraf\u0131ndan kar\u015f\u0131land\u0131ktan sonra, ger\u00e7ekten t\u00fcm s\u00fcre boyunca yan\u0131mda oldu. \u00c7ok nazik bir insan ve h\u0131zl\u0131 bir organizat\u00f6r, bana yabanc\u0131 bir yerde \u00e7ok huzur ve g\u00fcven verdi.  <\/p>\n\n\n\n<p>\u015eansl\u0131yd\u0131m, \u00e7\u00fcnk\u00fc t\u00fcm de\u011ferlerim iyi \u00e7\u0131km\u0131\u015ft\u0131 ve ayn\u0131 g\u00fcn, \u00f6\u011fleden sonra, operasyona al\u0131nabildim. Daha \u00f6nce Z\u00fcrih&#8217;teki bilgilendirme toplant\u0131s\u0131ndan tan\u0131d\u0131\u011f\u0131m Dr. Banu Cosar taraf\u0131ndan operasyonum yap\u0131ld\u0131, bu y\u00fczden tamamen rahatlam\u0131\u015ft\u0131m. Onun pozitif ve samimi yakla\u015f\u0131m\u0131, zaten orada \u00e7ok ho\u015fuma gitmi\u015fti. \u00d6ncesinde her \u015fey \u00e7ok ayr\u0131nt\u0131l\u0131 bir \u015fekilde a\u00e7\u0131kland\u0131 ve gerekti\u011finde \u0130ngilizce&#8217;den Almanca&#8217;ya \u00e7evrildi. Hatta ba\u015flamadan \u00f6nce k\u00fc\u00e7\u00fck, modern ve tamamen temiz olan ameliyat odas\u0131n\u0131 da gezdim. Enjeksiyon yap\u0131lmadan, sadece damlalarla g\u00f6zlerim lokal olarak uyu\u015fturuldu.     <\/p>\n\n\n\n<p>Ameliyat ger\u00e7ekten \u00e7ok h\u0131zl\u0131 ge\u00e7ti (toplamda \u00e7eyrek saat), ve t\u00fcm operasyon ekibinin profesyonel ve hassas \u00e7al\u0131\u015fmas\u0131n\u0131 ger\u00e7ekten hissettim. G\u00f6z kapa\u011f\u0131 tutucusunun tak\u0131lmas\u0131, d\u00fc\u015f\u00fcnd\u00fc\u011f\u00fcm kadar rahats\u0131z edici de\u011fildi. Burada da, operasyon masas\u0131nda duran refakat\u00e7imin y\u00f6nlendirmeleri \u00e7ok de\u011ferli oldu. Her bir g\u00f6z i\u00e7in lazer uygulamas\u0131 inan\u0131lmaz derecede k\u0131sa s\u00fcrd\u00fc: her birine yakla\u015f\u0131k yirmi saniye, tahminimce. Bu olduk\u00e7a dayan\u0131labilir bir \u015feydi! Hi\u00e7bir a\u011fr\u0131 yoktu, sadece \u201cgarip\u201d bir his vard\u0131. G\u00f6z\u00fcm s\u00fcrekli olarak rahat\u00e7a nemli tutuldu. Hemen sonras\u0131nda aya\u011fa kalk\u0131p dinlenme odas\u0131na ge\u00e7ebildim; o kadar ki, hafif bir sisin ard\u0131nda bile net bir \u015fekilde g\u00f6rebiliyordum! Ne harika bir duygu! Sadece hafif bir \u015fekilde (ve \u00e7ok k\u0131sa s\u00fcreyle) g\u00f6zlerim yand\u0131 ve suland\u0131. Yar\u0131m saat sonra hemen bir kontrol yap\u0131ld\u0131: her \u015fey yolundayd\u0131. \u00d6nceden ayarlanm\u0131\u015f taksiyle otele d\u00f6nebildim ve rahatlayarak dinlenebildim. Koruyucu g\u00f6zl\u00fckle yolculuk yaparken, ne kadar iyi g\u00f6rebildi\u011fimi hayranl\u0131kla izledim. Otelde ilk g\u00f6z damlalar\u0131m\u0131 koyup rahat\u00e7a uyudum&#8230;             <\/p>\n\n\n\n<p>\u00dc\u00e7 saatlik uykudan sonra sanki yeniden do\u011fmu\u015f gibiydim\u2026 Hi\u00e7bir rahats\u0131zl\u0131k yok, YEN\u0130 G\u00d6ZLER\u0130M, G\u00d6R\u00dcYOR!!! B\u00f6yle kolay olaca\u011f\u0131n\u0131 hi\u00e7 d\u00fc\u015f\u00fcnmemi\u015ftim. Ak\u015fam oldu\u011funda, tabii ki koruyucu g\u00f6zl\u00fckle, \u0130stanbul&#8217;un gece hayat\u0131na \u00e7\u0131kt\u0131m ve g\u00fczel bir ak\u015fam yeme\u011fi yedim.<\/p>\n\n\n\n<p>Ertesi sabah yine klinikten al\u0131m servisiyle hastaneye g\u00f6t\u00fcr\u00fcld\u00fcm. Sol g\u00f6z\u00fcm m\u00fckemmeldi, sa\u011f g\u00f6z\u00fcm biraz alerjik bir reaksiyon g\u00f6sterdi (a\u011fr\u0131s\u0131z) ve sol g\u00f6z\u00fcme g\u00f6re biraz fark vard\u0131. Dr. Cosar beni rahatlatt\u0131, bunun bazen olabilece\u011fini ve biraz sab\u0131rl\u0131 olmam gerekti\u011fini s\u00f6yledi. Beynim de zamanla dengeyi sa\u011flayacak. Di\u011fer taraftan, g\u00f6zl\u00fck de\u011ferlerim ger\u00e7ekten \u00e7ok iyiydi. Takip muayenesini yak\u0131nda burada g\u00f6z doktorumla planl\u0131yorum.     <\/p>\n\n\n\n<p>\u0130ki sonraki g\u00fcn\u00fc \u0130stanbul&#8217;un muazzam g\u00fczelliklerini tam anlam\u0131yla ke\u015ffederek ge\u00e7irdik. Ger\u00e7ekten g\u00f6r\u00fclmeye de\u011fer ne kadar \u00e7ok \u015fey var. Camiler, parklar, Bo\u011faz&#8217;daki yo\u011fun gemi trafi\u011fi, insanlar\u0131n misafirperverli\u011fi, harika restoranlar ve \u00e7ay evleri, pazarlar&#8230; Operasyon tarihimle birle\u015fen unutulmaz bir deneyim. \u0130stanbul, tekrar gelece\u011fim!   <br>\u015eimdi d\u00fcr\u00fcst\u00e7e s\u00f6yleyebilirim ki, hala korkusu olan ya da yeterince cesareti olmayan herkese: cesaret edin, pi\u015fman olmayacaks\u0131n\u0131z! \u00dcstelik harika bir fiyatla. Her g\u00fcn yeni g\u00f6rme g\u00fcc\u00fcmle keyfini \u00e7\u0131kar\u0131yorum ve bu yeni ya\u015fam kalitesi i\u00e7in Swisslasik ekibine t\u00fcm kalbimle te\u015fekk\u00fcr ediyorum!  <\/p>\n\n\n\n<div class=\"wp-block-group is-layout-grid wp-container-core-group-is-layout-baef362d wp-block-group-is-layout-grid\">\n<p><a href=\"https:\/\/medicaltravel.at\/home\/agb\/\" data-type=\"page\" data-id=\"2191\" rel=\"nofollow noopener\" target=\"_blank\"><\/a><a href=\"https:\/\/medicaltravel.ch\/tr\/hasta-raporlari\/turkiye-de-tedavi-deneyimleri\/muekemmel-bakim-organizasyon-harika-bir-hastane-ve-tabii-ki-fiyati-6-kasim-2012-sali-tarihli-rapor\/\" data-type=\"link\" data-id=\"https:\/\/medicaltravel.ch\/tr\/hasta-raporlari\/turkiye-de-tedavi-deneyimleri\/muekemmel-bakim-organizasyon-harika-bir-hastane-ve-tabii-ki-fiyati-6-kasim-2012-sali-tarihli-rapor\/\">\u00d6nceki rapor<\/a><\/p>\n\n\n\n<p class=\"has-text-align-right wp-container-content-5e2576f9\"><a href=\"https:\/\/medicaltravel.at\/home\/impressum\/\" data-type=\"page\" data-id=\"2193\" rel=\"nofollow noopener\" target=\"_blank\"><\/a><a href=\"https:\/\/medicaltravel.at\/home\/berichte-von-patienten\/erfahrungsberichte\/erfahrungsbericht-zahnbehandlung-in-istanbul\/\" data-type=\"page\" data-id=\"981\" rel=\"nofollow noopener\" target=\"_blank\"><\/a><a href=\"https:\/\/medicaltravel.ch\/tr\/hasta-raporlari\/turkiye-de-tedavi-deneyimleri\/istanbul-tatili-ve-250-ml-silikon-implantlarla-meme-bueyuetme-ameliyati-15-ekim-2012-pazartesi-tarihli-haber\/\" data-type=\"link\" data-id=\"https:\/\/medicaltravel.ch\/tr\/hasta-raporlari\/turkiye-de-tedavi-deneyimleri\/istanbul-tatili-ve-250-ml-silikon-implantlarla-meme-bueyuetme-ameliyati-15-ekim-2012-pazartesi-tarihli-haber\/\">Bir sonraki rapor<\/a><\/p>\n<\/div>\n","protected":false},"excerpt":{"rendered":"<p>Dita Cecchin&#8217;in (11 Eyl\u00fcl 2012&#8217;de \u0130stanbul&#8217;da g\u00f6z ameliyat\u0131 ge\u00e7iren) g\u00f6r\u00fc\u015f\u00fc \u2013 26 Ekim 2012 Cuma tarihli rapor Bottighofen, den 24. 10. 2012 Yakla\u015f\u0131k otuz be\u015f y\u0131ld\u0131r g\u00f6zl\u00fck tak\u0131yordum. Gen\u00e7 ya\u015flarda miyopili\u011fim giderek k\u00f6t\u00fcle\u015fti, ta ki operasyondan \u00f6nce 5 ile 5,5 diyoptri aras\u0131nda bir numaraya sahip olana kadar. Tabii ki, uzun y\u0131llar g\u00f6zl\u00fck takan biri olarak, g\u00f6zl\u00fc\u011f\u00fcn bir\u00e7ok ya\u015fam durumunda ne kadar rahats\u0131z edici oldu\u011funu herkes bilir ;-). \u00d6zel g\u00fcnlerde, kayak yaparken, motosiklet s\u00fcrerken, saunada ve tekneyle gezintiye \u00e7\u0131karken genellikle kontakt lens kullan\u0131yordum \u2013 neyse ki Bodensee&#8217;de ya\u015f\u0131yorum\u2026 Ne yaz\u0131k ki g\u00f6zlerim h\u0131zla kurudu ve lensleri \u00e7\u0131kard\u0131\u011f\u0131m her an \u00e7ok rahatlad\u0131m. G\u00f6zl\u00fcks\u00fcz ise k\u00f6r bir k\u00f6stebe\u011fe d\u00f6n\u00fcyordum. Y\u0131llarca g\u00f6z lazeri yapt\u0131rmay\u0131 hayal ettim, bir g\u00fcn cesaret edip \u00f6deyebilece\u011fimi d\u00fc\u015f\u00fcnd\u00fcm. Ancak olas\u0131 komplikasyonlar hakk\u0131ndaki korku hep vard\u0131. Zaten zay\u0131flam\u0131\u015f olan g\u00f6zlerimi bir operasyonla tehlikeye atmak, ger\u00e7ekten korkun\u00e7 bir d\u00fc\u015f\u00fcnceydi. Birka\u00e7 y\u0131l ge\u00e7ti, t\u0131p bu alanda \u00e7ok iyi geli\u015fti ve iyile\u015fti, ve ben internet \u00fczerinden ara\u015ft\u0131rmaya ba\u015flamaya karar verdim. Hem memleketim \u00c7ek Cumhuriyeti&#8217;nde hem de kom\u015fu Almanya&#8217;da. Sonra Swisslasik&#8217;i buldum. Web sitelerindeki d\u00fcr\u00fcst ve detayl\u0131 yakla\u015f\u0131m ho\u015fuma gitti ve ard\u0131ndan Z\u00fcrih&#8217;teki bilgi ak\u015fam\u0131na daveti g\u00f6rd\u00fcm. O anda net bir \u015fekilde karar verdim: Bu beni ilgilendiriyor! E\u015fimle birlikte, bana bu konuda cesaret veren bir ak\u015fam ge\u00e7irdim ve ger\u00e7ekten \u00e7ok \u00f6\u011fretici ve kaliteli bir deneyim ya\u015fad\u0131m. \u015eirketin sahibi Say\u0131n Karaagacli&#8217;nin ve g\u00f6z ameliyat\u0131n\u0131 ayr\u0131nt\u0131l\u0131 olarak a\u00e7\u0131klayan Dr. B. Cosar&#8217;\u0131n profesyonel ve \u00e7ok nazik tav\u0131rlar\u0131 beni tamamen ikna etti. Ayr\u0131ca \u00e7ok olumlu bir \u015fey daha vard\u0131: Hi\u00e7bir an bask\u0131 alt\u0131nda hissetmedim, her \u015fey \u00e7ok rahat ve bilgilendirici bir \u015fekilde ilerledi. Evet, dedim, burada kendimi rahat hissediyorum! Bu arada: K\u0131sa bir s\u00fcre sonra bir arkada\u015f\u0131m, bir arkada\u015f\u0131n\u0131n yeni kazand\u0131\u011f\u0131 g\u00f6rme g\u00fcc\u00fcyle ne kadar mutlu oldu\u011funu s\u00f6yledi&#8230; Swisslasik sayesinde \u0130stanbul&#8217;da \ud83d\ude09 E\u015fimle birlikte, T\u00fcrk rivieras\u0131n\u0131n g\u00fcney sahilinde yelken yapmay\u0131 planlad\u0131\u011f\u0131m\u0131z i\u00e7in her \u015feyi pratik bir \u015fekilde birle\u015ftirmeye karar verdim: Harika bir hafta boyunca yelken yapt\u0131ktan sonra \u0130stanbul\u2019a u\u00e7arak g\u00f6zlerimi lazerle d\u00fczeltmek \u2013 ve tabii ki \u00fcnl\u00fc \u015fehri nihayet ke\u015ffetmek! Swisslasik ile ileti\u015fim ba\u015ftan sona \u00e7ok sorunsuz ve h\u0131zl\u0131yd\u0131. Yak\u0131nda istedi\u011fim tarihe karar verildi. Seyahatten hemen \u00f6nce \u2013 t\u00fcm hastalar gibi \u2013 Swisslasik Pass&#8217;imi ald\u0131m, i\u00e7inde t\u00fcm \u00f6zel bilgilerim, randevular\u0131m ve \u0130stanbul\u2019daki kal\u0131\u015f\u0131m i\u00e7in \u00e7ok faydal\u0131 ipu\u00e7lar\u0131 vard\u0131. K\u00fc\u00e7\u00fck bir kitap\u00e7\u0131kta, gereken her \u015fey ve \u00f6nemli bilgiler yer al\u0131yordu. Ne kadar harika! Her \u015fey haz\u0131rd\u0131, yola \u00e7\u0131kabilirdim. Ger\u00e7ekten harika bir yelken turunun ard\u0131ndan \u0130stanbul\u2019a vard\u0131m ve ilk g\u00fcnden itibaren gelecekteki rehberim ve terc\u00fcman\u0131m Tolga taraf\u0131ndan arand\u0131m. Beni kar\u015f\u0131lad\u0131 ve operasyon \u00f6ncesi durumumu sormak i\u00e7in \u00e7ok nazik bir \u015fekilde ilgilendi. \u00c7ok ho\u015ftu. Otelimizi kendimiz rezervasyon yapt\u0131k, \u00e7\u00fcnk\u00fc di\u011fer yelken arkada\u015flar\u0131m\u0131z da vard\u0131. Otel Nena, tam olarak eski \u015fehirdeydi ve ger\u00e7ekten tavsiye ederim. (Kahvalt\u0131 teras\u0131ndan g\u00f6r\u00fclen muazzam manzara unutulmaz.) Ertesi g\u00fcn sabah saat 7&#8217;de, klinik arac\u0131ndan tam vaktinde al\u0131nd\u0131m. Klinik binas\u0131na vard\u0131\u011f\u0131mda, ger\u00e7ekten modern, \u00e7ok bak\u0131ml\u0131 ve tertemiz bir ortamla kar\u015f\u0131la\u015ft\u0131m! B\u00f6yle y\u00fcksek bir seviyeyi beklememi\u015ftim. Ger\u00e7ekten \u00e7ok iyi bir his verdi. B\u00fcy\u00fck \u00f6n muayeneyi \u0130svi\u00e7re&#8217;de yapt\u0131rmam\u0131\u015ft\u0131m, \u00e7\u00fcnk\u00fc g\u00f6z doktorum daha \u00f6nce g\u00f6zlerimin lazer ameliyat\u0131na uygun oldu\u011funu s\u00f6ylemi\u015fti \u2013 ve neyse ki bu, Ac\u0131badem Klinik&#8217;teki \u00f6n muayenede de do\u011fruland\u0131. Foyer&#8217;de terc\u00fcman\u0131m Tolga Bey taraf\u0131ndan kar\u015f\u0131land\u0131ktan sonra, ger\u00e7ekten t\u00fcm s\u00fcre boyunca yan\u0131mda oldu. \u00c7ok nazik bir insan ve h\u0131zl\u0131 bir organizat\u00f6r, bana yabanc\u0131 bir yerde \u00e7ok huzur ve g\u00fcven verdi. \u015eansl\u0131yd\u0131m, \u00e7\u00fcnk\u00fc t\u00fcm de\u011ferlerim iyi \u00e7\u0131km\u0131\u015ft\u0131 ve ayn\u0131 g\u00fcn, \u00f6\u011fleden sonra, operasyona al\u0131nabildim. Daha \u00f6nce Z\u00fcrih&#8217;teki bilgilendirme toplant\u0131s\u0131ndan tan\u0131d\u0131\u011f\u0131m Dr. Banu Cosar taraf\u0131ndan operasyonum yap\u0131ld\u0131, bu y\u00fczden tamamen rahatlam\u0131\u015ft\u0131m. Onun pozitif ve samimi yakla\u015f\u0131m\u0131, zaten orada \u00e7ok ho\u015fuma gitmi\u015fti. \u00d6ncesinde her \u015fey \u00e7ok ayr\u0131nt\u0131l\u0131 bir \u015fekilde a\u00e7\u0131kland\u0131 ve gerekti\u011finde \u0130ngilizce&#8217;den Almanca&#8217;ya \u00e7evrildi. Hatta ba\u015flamadan \u00f6nce k\u00fc\u00e7\u00fck, modern ve tamamen temiz olan ameliyat odas\u0131n\u0131 da gezdim. Enjeksiyon yap\u0131lmadan, sadece damlalarla g\u00f6zlerim lokal olarak uyu\u015fturuldu. Ameliyat ger\u00e7ekten \u00e7ok h\u0131zl\u0131 ge\u00e7ti (toplamda \u00e7eyrek saat), ve t\u00fcm operasyon ekibinin profesyonel ve hassas \u00e7al\u0131\u015fmas\u0131n\u0131 ger\u00e7ekten hissettim. G\u00f6z kapa\u011f\u0131 tutucusunun tak\u0131lmas\u0131, d\u00fc\u015f\u00fcnd\u00fc\u011f\u00fcm kadar rahats\u0131z edici de\u011fildi. Burada da, operasyon masas\u0131nda duran refakat\u00e7imin y\u00f6nlendirmeleri \u00e7ok de\u011ferli oldu. Her bir g\u00f6z i\u00e7in lazer uygulamas\u0131 inan\u0131lmaz derecede k\u0131sa s\u00fcrd\u00fc: her birine yakla\u015f\u0131k yirmi saniye, tahminimce. Bu olduk\u00e7a dayan\u0131labilir bir \u015feydi! Hi\u00e7bir a\u011fr\u0131 yoktu, sadece \u201cgarip\u201d bir his vard\u0131. G\u00f6z\u00fcm s\u00fcrekli olarak rahat\u00e7a nemli tutuldu. Hemen sonras\u0131nda aya\u011fa kalk\u0131p dinlenme odas\u0131na ge\u00e7ebildim; o kadar ki, hafif bir sisin ard\u0131nda bile net bir \u015fekilde g\u00f6rebiliyordum! Ne harika bir duygu! Sadece hafif bir \u015fekilde (ve \u00e7ok k\u0131sa s\u00fcreyle) g\u00f6zlerim yand\u0131 ve suland\u0131. Yar\u0131m saat sonra hemen bir kontrol yap\u0131ld\u0131: her \u015fey yolundayd\u0131. \u00d6nceden ayarlanm\u0131\u015f taksiyle otele d\u00f6nebildim ve rahatlayarak dinlenebildim. Koruyucu g\u00f6zl\u00fckle yolculuk yaparken, ne kadar iyi g\u00f6rebildi\u011fimi hayranl\u0131kla izledim. Otelde ilk g\u00f6z damlalar\u0131m\u0131 koyup rahat\u00e7a uyudum&#8230; \u00dc\u00e7 saatlik uykudan sonra sanki yeniden do\u011fmu\u015f gibiydim\u2026 Hi\u00e7bir rahats\u0131zl\u0131k yok, YEN\u0130 G\u00d6ZLER\u0130M, G\u00d6R\u00dcYOR!!! B\u00f6yle kolay olaca\u011f\u0131n\u0131 hi\u00e7 d\u00fc\u015f\u00fcnmemi\u015ftim. Ak\u015fam oldu\u011funda, tabii ki koruyucu g\u00f6zl\u00fckle, \u0130stanbul&#8217;un gece hayat\u0131na \u00e7\u0131kt\u0131m ve g\u00fczel bir ak\u015fam yeme\u011fi yedim. Ertesi sabah yine klinikten al\u0131m servisiyle hastaneye g\u00f6t\u00fcr\u00fcld\u00fcm. Sol g\u00f6z\u00fcm m\u00fckemmeldi, sa\u011f g\u00f6z\u00fcm biraz alerjik bir reaksiyon g\u00f6sterdi (a\u011fr\u0131s\u0131z) ve sol g\u00f6z\u00fcme g\u00f6re biraz fark vard\u0131. Dr. Cosar beni rahatlatt\u0131, bunun bazen olabilece\u011fini ve biraz sab\u0131rl\u0131 olmam gerekti\u011fini s\u00f6yledi. Beynim de zamanla dengeyi sa\u011flayacak. Di\u011fer taraftan, g\u00f6zl\u00fck de\u011ferlerim ger\u00e7ekten \u00e7ok iyiydi. Takip muayenesini yak\u0131nda burada g\u00f6z doktorumla planl\u0131yorum. \u0130ki sonraki g\u00fcn\u00fc \u0130stanbul&#8217;un muazzam g\u00fczelliklerini tam anlam\u0131yla ke\u015ffederek ge\u00e7irdik. Ger\u00e7ekten g\u00f6r\u00fclmeye de\u011fer ne kadar \u00e7ok \u015fey var. Camiler, parklar, Bo\u011faz&#8217;daki yo\u011fun gemi trafi\u011fi, insanlar\u0131n misafirperverli\u011fi, harika restoranlar ve \u00e7ay evleri, pazarlar&#8230; Operasyon tarihimle birle\u015fen unutulmaz bir deneyim. \u0130stanbul, tekrar gelece\u011fim! \u015eimdi d\u00fcr\u00fcst\u00e7e s\u00f6yleyebilirim ki, hala korkusu olan ya da yeterince cesareti olmayan herkese: cesaret edin, pi\u015fman olmayacaks\u0131n\u0131z! \u00dcstelik harika bir fiyatla. Her g\u00fcn yeni g\u00f6rme g\u00fcc\u00fcmle keyfini \u00e7\u0131kar\u0131yorum ve bu yeni ya\u015fam kalitesi i\u00e7in Swisslasik ekibine t\u00fcm kalbimle te\u015fekk\u00fcr ediyorum! \u00d6nceki rapor Bir sonraki rapor<\/p>\n","protected":false},"author":4,"featured_media":0,"parent":4471,"menu_order":0,"comment_status":"closed","ping_status":"closed","template":"","meta":{"_joinchat":[],"footnotes":""},"class_list":["post-4529","page","type-page","status-publish","hentry"],"acf":[],"_links":{"self":[{"href":"https:\/\/medicaltravel.ch\/tr\/wp-json\/wp\/v2\/pages\/4529","targetHints":{"allow":["GET"]}}],"collection":[{"href":"https:\/\/medicaltravel.ch\/tr\/wp-json\/wp\/v2\/pages"}],"about":[{"href":"https:\/\/medicaltravel.ch\/tr\/wp-json\/wp\/v2\/types\/page"}],"author":[{"embeddable":true,"href":"https:\/\/medicaltravel.ch\/tr\/wp-json\/wp\/v2\/users\/4"}],"replies":[{"embeddable":true,"href":"https:\/\/medicaltravel.ch\/tr\/wp-json\/wp\/v2\/comments?post=4529"}],"version-history":[{"count":2,"href":"https:\/\/medicaltravel.ch\/tr\/wp-json\/wp\/v2\/pages\/4529\/revisions"}],"predecessor-version":[{"id":6459,"href":"https:\/\/medicaltravel.ch\/tr\/wp-json\/wp\/v2\/pages\/4529\/revisions\/6459"}],"up":[{"embeddable":true,"href":"https:\/\/medicaltravel.ch\/tr\/wp-json\/wp\/v2\/pages\/4471"}],"wp:attachment":[{"href":"https:\/\/medicaltravel.ch\/tr\/wp-json\/wp\/v2\/media?parent=4529"}],"curies":[{"name":"wp","href":"https:\/\/api.w.org\/{rel}","templated":true}]}}