{"id":4531,"date":"2025-09-24T06:20:25","date_gmt":"2025-09-24T05:20:25","guid":{"rendered":"https:\/\/medicaltravel.ch\/hasta-raporlari\/erfahrungsberichte-behandlungen-tuerkei\/istanbulda-supracor-ile-yaptirdigim-lazer-tedavisine-dair-deneyim-raporum-19-aralik-2012-carsamba-tarihli-rapor\/"},"modified":"2026-01-12T19:38:31","modified_gmt":"2026-01-12T18:38:31","slug":"istanbulda-supracor-ile-yaptirdigim-lazer-tedavisine-dair-deneyim-raporum-19-aralik-2012-carsamba-tarihli-rapor","status":"publish","type":"page","link":"https:\/\/medicaltravel.ch\/tr\/hasta-raporlari\/turkiye-de-tedavi-deneyimleri\/istanbulda-supracor-ile-yaptirdigim-lazer-tedavisine-dair-deneyim-raporum-19-aralik-2012-carsamba-tarihli-rapor\/","title":{"rendered":"\u0130stanbul&#8217;da Supracor ile yapt\u0131rd\u0131\u011f\u0131m lazer tedavisine dair deneyim raporum \u2013 19 Aral\u0131k 2012 \u00c7ar\u015famba tarihli rapor."},"content":{"rendered":"\n<p>\u0130stanbul&#8217;da Supracor ile yapt\u0131rd\u0131\u011f\u0131m lazer tedavisine dair deneyim raporum \u2013 19 Aral\u0131k 2012 \u00c7ar\u015famba tarihli rapor.<\/p>\n\n\n\n<p>22-25 Ekim 2012 tarihleri aras\u0131nda \u0130stanbul&#8217;da lazer tedavisi oldum. Okuma i\u00e7in giderek daha fazla g\u00f6zl\u00fck kullanmak zorunda kalmam ve bir arkada\u015f\u0131m\u0131n olumlu deneyimi, bu ad\u0131m\u0131 atmam\u0131 sa\u011flad\u0131. Z\u00fcrih&#8217;teki seyahat fuar\u0131nda ve internette SwissLasik&#8217;in tekliflerini fark ettim. Z\u00fcrih&#8217;te yap\u0131lan \u00f6n muayeneden sonra \u0130stanbul&#8217;a tedavi i\u00e7in gitmeye karar verdim. Seyahat organizasyonu ve randevu planlamas\u0131 \u00e7ok profesyonel ve h\u0131zl\u0131 bir \u015fekilde ger\u00e7ekle\u015fti. SwissLasik Pass \u00e7ok faydal\u0131yd\u0131, hem check-in s\u0131ras\u0131nda hem de seyahate dair \u00f6nemli noktalar (hastane randevular\u0131, kontrol muayeneleri, \u0130stanbul&#8217;da gezilecek yerler vb.) hakk\u0131nda \u00f6nceden d\u00fc\u015f\u00fcnmeme olanak sa\u011flad\u0131. \u00c7ok keyifli bir u\u00e7u\u015fun ard\u0131ndan pazartesi \u00f6\u011fleden sonra \u0130stanbul&#8217;a vard\u0131m. Transferle Levent Otel&#8217;e gittim, otel \u00e7ok temizdi ve gerekli konforu sa\u011fl\u0131yordu. Ertesi g\u00fcn sabah otelden al\u0131narak Ac\u0131badem Hastanesi&#8217;ne transfer oldum ve burada Almanca konu\u015fan bir g\u00f6revli taraf\u0131ndan kar\u015f\u0131land\u0131m. Sabah boyunca \u00e7e\u015fitli \u00e7ok kapsaml\u0131 muayeneler yap\u0131ld\u0131 ve her zaman yan\u0131mda bir terc\u00fcman vard\u0131. Muayeneler tamamland\u0131ktan sonra, operat\u00f6r doktorla g\u00f6r\u00fc\u015ft\u00fcm. O, benim i\u00e7in olduk\u00e7a yeni olan Supracor y\u00f6ntemini (g\u00f6zler farkl\u0131 \u015fekilde lazerle tedavi edilerek hem yak\u0131n\u0131 hem de uza\u011f\u0131 net g\u00f6rmek sa\u011flan\u0131r) \u00f6nerdi. \u00d6nceden bu y\u00f6ntem hakk\u0131nda duymu\u015ftum ve doktor g\u00f6zlerimi uygun g\u00f6rd\u00fc\u011f\u00fc i\u00e7in bu tedaviye karar verdim. Ayn\u0131 g\u00fcn \u00f6\u011fleden sonra (Sal\u0131) g\u00f6zlerim lazerle tedavi edildi, tedavinin ne kadar h\u0131zl\u0131 oldu\u011funa (her iki g\u00f6z i\u00e7in toplamda yakla\u015f\u0131k 7 dakika s\u00fcrd\u00fc) ve hi\u00e7bir a\u011fr\u0131 hissetmeme \u015fa\u015f\u0131rd\u0131m. Operasyon sonras\u0131, koruyucu g\u00f6zl\u00fck tak\u0131ld\u0131m ve g\u00f6z damlalar\u0131 verildi, bunlar\u0131n kullan\u0131m\u0131 hakk\u0131nda hem s\u00f6zl\u00fc hem de yaz\u0131l\u0131 bilgi ald\u0131m. Sonras\u0131nda otele transfer edildim ve birka\u00e7 saat dinlenmem istendi. Ak\u015fam, g\u00fcne\u015f g\u00f6zl\u00fc\u011f\u00fc ile otelden \u00e7\u0131k\u0131p biraz y\u00fcr\u00fcy\u00fc\u015f yaparak biraz dola\u015ft\u0131m. \u00c7ar\u015famba sabah\u0131 otelde kahvalt\u0131dan sonra al\u0131nd\u0131m, kontrol muayenesi yap\u0131ld\u0131 ve iyi bir uyku uyudu\u011fum i\u00e7in g\u00f6rme keskinli\u011fimin \u00e7oktan artt\u0131\u011f\u0131n\u0131 fark ettim. Ac\u0131badem G\u00f6z Hastanesi&#8217;nde, g\u00f6revli tekrar beni kar\u015f\u0131lad\u0131 ve kapsaml\u0131 bir kontrol yap\u0131ld\u0131, herhangi bir sorun \u00e7\u0131kmad\u0131. \u00d6\u011fleye do\u011fru otele geri transfer edildim, k\u0131sa bir dinlenmenin ard\u0131ndan \u015fehri gezip al\u0131\u015fveri\u015f yaparak Blue-Saphir g\u00f6kdelenini (\u0130stanbul&#8217;un en y\u00fcksek binas\u0131) ziyaret ettim. G\u00f6rme keskinli\u011fimdeki belirgin iyile\u015fme ger\u00e7ekten \u015fa\u015f\u0131rt\u0131c\u0131yd\u0131 ve buna ra\u011fmen hi\u00e7bir a\u011fr\u0131 hissetmedim. Per\u015fembe \u00f6\u011fle saatlerinde otelden al\u0131nd\u0131m, havaalan\u0131na transfer oldum ve d\u00f6n\u00fc\u015f yolculu\u011fum ba\u015flad\u0131. T\u00fcm transferlerin, \u0130stanbul&#8217;daki a\u015f\u0131r\u0131 trafik ko\u015fullar\u0131na ra\u011fmen, zaman\u0131nda ve neredeyse dakik \u015fekilde ger\u00e7ekle\u015fti\u011fi beni \u00e7ok \u015fa\u015f\u0131rtt\u0131. H\u0131zl\u0131 bir check-in i\u015fleminin ard\u0131ndan, rahat ve nazik bir u\u00e7u\u015fla eve d\u00f6n\u00fc\u015f yapt\u0131m. Sonu\u00e7 olarak deneyimim \u00e7ok olumluydu ve SwissLasik&#8217;i kesinlikle tavsiye ederim. Supracor tedavi y\u00f6ntemi benim i\u00e7in \u00e7ok ba\u015far\u0131l\u0131 oldu ve doktorlar ile hastane personeli bana \u00e7ok iyi bir izlenim b\u0131rakt\u0131. Hastanede terc\u00fcman\u0131n s\u00fcrekli olarak deste\u011fi de m\u00fckemmeldi, hatta tedavi s\u0131ras\u0131nda bile yan\u0131mdayd\u0131.<\/p>\n\n\n\n<div class=\"wp-block-group is-layout-grid wp-container-core-group-is-layout-baef362d wp-block-group-is-layout-grid\">\n<p><a href=\"https:\/\/medicaltravel.at\/home\/agb\/\" data-type=\"page\" data-id=\"2191\" rel=\"nofollow noopener\" target=\"_blank\"><\/a><a href=\"https:\/\/medicaltravel.ch\/tr\/hasta-raporlari\/turkiye-de-tedavi-deneyimleri\/en-yueksek-kalite-ve-hizmet-standartlari-15-ocak-2013-sali-tarihli-rapor\/\" data-type=\"link\" data-id=\"https:\/\/medicaltravel.ch\/tr\/hasta-raporlari\/turkiye-de-tedavi-deneyimleri\/en-yueksek-kalite-ve-hizmet-standartlari-15-ocak-2013-sali-tarihli-rapor\/\">\u00d6nceki rapor<\/a><\/p>\n\n\n\n<p class=\"has-text-align-right wp-container-content-5e2576f9\"><a href=\"https:\/\/medicaltravel.at\/home\/impressum\/\" data-type=\"page\" data-id=\"2193\" rel=\"nofollow noopener\" target=\"_blank\"><\/a><a href=\"https:\/\/medicaltravel.at\/home\/berichte-von-patienten\/erfahrungsberichte\/erfahrungsbericht-zahnbehandlung-in-istanbul\/\" data-type=\"page\" data-id=\"981\" rel=\"nofollow noopener\" target=\"_blank\"><\/a><a href=\"https:\/\/medicaltravel.ch\/tr\/hasta-raporlari\/turkiye-de-tedavi-deneyimleri\/istanbulda-femto-lasik-tedavisi-deneyimim-14-kasim-2012-carsamba-tarihli-rapor\/\" data-type=\"link\" data-id=\"https:\/\/medicaltravel.ch\/tr\/hasta-raporlari\/turkiye-de-tedavi-deneyimleri\/istanbulda-femto-lasik-tedavisi-deneyimim-14-kasim-2012-carsamba-tarihli-rapor\/\">Bir sonraki rapor<\/a><\/p>\n<\/div>\n","protected":false},"excerpt":{"rendered":"<p>\u0130stanbul&#8217;da Supracor ile yapt\u0131rd\u0131\u011f\u0131m lazer tedavisine dair deneyim raporum \u2013 19 Aral\u0131k 2012 \u00c7ar\u015famba tarihli rapor. 22-25 Ekim 2012 tarihleri aras\u0131nda \u0130stanbul&#8217;da lazer tedavisi oldum. Okuma i\u00e7in giderek daha fazla g\u00f6zl\u00fck kullanmak zorunda kalmam ve bir arkada\u015f\u0131m\u0131n olumlu deneyimi, bu ad\u0131m\u0131 atmam\u0131 sa\u011flad\u0131. Z\u00fcrih&#8217;teki seyahat fuar\u0131nda ve internette SwissLasik&#8217;in tekliflerini fark ettim. Z\u00fcrih&#8217;te yap\u0131lan \u00f6n muayeneden sonra \u0130stanbul&#8217;a tedavi i\u00e7in gitmeye karar verdim. Seyahat organizasyonu ve randevu planlamas\u0131 \u00e7ok profesyonel ve h\u0131zl\u0131 bir \u015fekilde ger\u00e7ekle\u015fti. SwissLasik Pass \u00e7ok faydal\u0131yd\u0131, hem check-in s\u0131ras\u0131nda hem de seyahate dair \u00f6nemli noktalar (hastane randevular\u0131, kontrol muayeneleri, \u0130stanbul&#8217;da gezilecek yerler vb.) hakk\u0131nda \u00f6nceden d\u00fc\u015f\u00fcnmeme olanak sa\u011flad\u0131. \u00c7ok keyifli bir u\u00e7u\u015fun ard\u0131ndan pazartesi \u00f6\u011fleden sonra \u0130stanbul&#8217;a vard\u0131m. Transferle Levent Otel&#8217;e gittim, otel \u00e7ok temizdi ve gerekli konforu sa\u011fl\u0131yordu. Ertesi g\u00fcn sabah otelden al\u0131narak Ac\u0131badem Hastanesi&#8217;ne transfer oldum ve burada Almanca konu\u015fan bir g\u00f6revli taraf\u0131ndan kar\u015f\u0131land\u0131m. Sabah boyunca \u00e7e\u015fitli \u00e7ok kapsaml\u0131 muayeneler yap\u0131ld\u0131 ve her zaman yan\u0131mda bir terc\u00fcman vard\u0131. Muayeneler tamamland\u0131ktan sonra, operat\u00f6r doktorla g\u00f6r\u00fc\u015ft\u00fcm. O, benim i\u00e7in olduk\u00e7a yeni olan Supracor y\u00f6ntemini (g\u00f6zler farkl\u0131 \u015fekilde lazerle tedavi edilerek hem yak\u0131n\u0131 hem de uza\u011f\u0131 net g\u00f6rmek sa\u011flan\u0131r) \u00f6nerdi. \u00d6nceden bu y\u00f6ntem hakk\u0131nda duymu\u015ftum ve doktor g\u00f6zlerimi uygun g\u00f6rd\u00fc\u011f\u00fc i\u00e7in bu tedaviye karar verdim. Ayn\u0131 g\u00fcn \u00f6\u011fleden sonra (Sal\u0131) g\u00f6zlerim lazerle tedavi edildi, tedavinin ne kadar h\u0131zl\u0131 oldu\u011funa (her iki g\u00f6z i\u00e7in toplamda yakla\u015f\u0131k 7 dakika s\u00fcrd\u00fc) ve hi\u00e7bir a\u011fr\u0131 hissetmeme \u015fa\u015f\u0131rd\u0131m. Operasyon sonras\u0131, koruyucu g\u00f6zl\u00fck tak\u0131ld\u0131m ve g\u00f6z damlalar\u0131 verildi, bunlar\u0131n kullan\u0131m\u0131 hakk\u0131nda hem s\u00f6zl\u00fc hem de yaz\u0131l\u0131 bilgi ald\u0131m. Sonras\u0131nda otele transfer edildim ve birka\u00e7 saat dinlenmem istendi. Ak\u015fam, g\u00fcne\u015f g\u00f6zl\u00fc\u011f\u00fc ile otelden \u00e7\u0131k\u0131p biraz y\u00fcr\u00fcy\u00fc\u015f yaparak biraz dola\u015ft\u0131m. \u00c7ar\u015famba sabah\u0131 otelde kahvalt\u0131dan sonra al\u0131nd\u0131m, kontrol muayenesi yap\u0131ld\u0131 ve iyi bir uyku uyudu\u011fum i\u00e7in g\u00f6rme keskinli\u011fimin \u00e7oktan artt\u0131\u011f\u0131n\u0131 fark ettim. Ac\u0131badem G\u00f6z Hastanesi&#8217;nde, g\u00f6revli tekrar beni kar\u015f\u0131lad\u0131 ve kapsaml\u0131 bir kontrol yap\u0131ld\u0131, herhangi bir sorun \u00e7\u0131kmad\u0131. \u00d6\u011fleye do\u011fru otele geri transfer edildim, k\u0131sa bir dinlenmenin ard\u0131ndan \u015fehri gezip al\u0131\u015fveri\u015f yaparak Blue-Saphir g\u00f6kdelenini (\u0130stanbul&#8217;un en y\u00fcksek binas\u0131) ziyaret ettim. G\u00f6rme keskinli\u011fimdeki belirgin iyile\u015fme ger\u00e7ekten \u015fa\u015f\u0131rt\u0131c\u0131yd\u0131 ve buna ra\u011fmen hi\u00e7bir a\u011fr\u0131 hissetmedim. Per\u015fembe \u00f6\u011fle saatlerinde otelden al\u0131nd\u0131m, havaalan\u0131na transfer oldum ve d\u00f6n\u00fc\u015f yolculu\u011fum ba\u015flad\u0131. T\u00fcm transferlerin, \u0130stanbul&#8217;daki a\u015f\u0131r\u0131 trafik ko\u015fullar\u0131na ra\u011fmen, zaman\u0131nda ve neredeyse dakik \u015fekilde ger\u00e7ekle\u015fti\u011fi beni \u00e7ok \u015fa\u015f\u0131rtt\u0131. H\u0131zl\u0131 bir check-in i\u015fleminin ard\u0131ndan, rahat ve nazik bir u\u00e7u\u015fla eve d\u00f6n\u00fc\u015f yapt\u0131m. Sonu\u00e7 olarak deneyimim \u00e7ok olumluydu ve SwissLasik&#8217;i kesinlikle tavsiye ederim. Supracor tedavi y\u00f6ntemi benim i\u00e7in \u00e7ok ba\u015far\u0131l\u0131 oldu ve doktorlar ile hastane personeli bana \u00e7ok iyi bir izlenim b\u0131rakt\u0131. Hastanede terc\u00fcman\u0131n s\u00fcrekli olarak deste\u011fi de m\u00fckemmeldi, hatta tedavi s\u0131ras\u0131nda bile yan\u0131mdayd\u0131. \u00d6nceki rapor Bir sonraki rapor<\/p>\n","protected":false},"author":4,"featured_media":0,"parent":4471,"menu_order":0,"comment_status":"closed","ping_status":"closed","template":"","meta":{"_joinchat":[],"footnotes":""},"class_list":["post-4531","page","type-page","status-publish","hentry"],"acf":[],"_links":{"self":[{"href":"https:\/\/medicaltravel.ch\/tr\/wp-json\/wp\/v2\/pages\/4531","targetHints":{"allow":["GET"]}}],"collection":[{"href":"https:\/\/medicaltravel.ch\/tr\/wp-json\/wp\/v2\/pages"}],"about":[{"href":"https:\/\/medicaltravel.ch\/tr\/wp-json\/wp\/v2\/types\/page"}],"author":[{"embeddable":true,"href":"https:\/\/medicaltravel.ch\/tr\/wp-json\/wp\/v2\/users\/4"}],"replies":[{"embeddable":true,"href":"https:\/\/medicaltravel.ch\/tr\/wp-json\/wp\/v2\/comments?post=4531"}],"version-history":[{"count":2,"href":"https:\/\/medicaltravel.ch\/tr\/wp-json\/wp\/v2\/pages\/4531\/revisions"}],"predecessor-version":[{"id":6456,"href":"https:\/\/medicaltravel.ch\/tr\/wp-json\/wp\/v2\/pages\/4531\/revisions\/6456"}],"up":[{"embeddable":true,"href":"https:\/\/medicaltravel.ch\/tr\/wp-json\/wp\/v2\/pages\/4471"}],"wp:attachment":[{"href":"https:\/\/medicaltravel.ch\/tr\/wp-json\/wp\/v2\/media?parent=4531"}],"curies":[{"name":"wp","href":"https:\/\/api.w.org\/{rel}","templated":true}]}}