{"id":4533,"date":"2025-09-24T06:20:56","date_gmt":"2025-09-24T05:20:56","guid":{"rendered":"https:\/\/medicaltravel.ch\/hasta-raporlari\/erfahrungsberichte-behandlungen-tuerkei\/istanbulda-femto-lasik-tedavisi-deneyimim-14-kasim-2012-carsamba-tarihli-rapor\/"},"modified":"2026-01-12T19:39:13","modified_gmt":"2026-01-12T18:39:13","slug":"istanbulda-femto-lasik-tedavisi-deneyimim-14-kasim-2012-carsamba-tarihli-rapor","status":"publish","type":"page","link":"https:\/\/medicaltravel.ch\/tr\/hasta-raporlari\/turkiye-de-tedavi-deneyimleri\/istanbulda-femto-lasik-tedavisi-deneyimim-14-kasim-2012-carsamba-tarihli-rapor\/","title":{"rendered":"\u0130stanbul&#8217;da Femto LASIK tedavisi \u2013 Deneyimim \u2013 14 Kas\u0131m 2012 \u00c7ar\u015famba tarihli rapor"},"content":{"rendered":"\n<p>\u0130stanbul&#8217;da Femto LASIK tedavisi \u2013 Deneyimim \u2013 14 Kas\u0131m 2012 \u00c7ar\u015famba tarihli rapor<\/p>\n\n\n\n<p>T\u00fcrkiye&#8217;de lazer tedavisi hakk\u0131nda \u00e7ok \u015fey duymu\u015ftum. Bu y\u00fczden internette ara\u015ft\u0131rma yaparak Swisslasik ile kar\u015f\u0131la\u015ft\u0131m. Ard\u0131ndan St. Gallen&#8217;deki sa\u011fl\u0131k fuar\u0131nda Say\u0131n Karaagacli ile tan\u0131\u015ft\u0131m. Bize her \u015feyi ayr\u0131nt\u0131l\u0131 bir \u015fekilde a\u00e7\u0131klad\u0131. O d\u00f6nemde, yak\u0131n bir arkada\u015f\u0131m \u0130svi\u00e7re&#8217;de g\u00f6zlerini lazerle tedavi ettiriyordu. Bu nedenle \u0130svi\u00e7re&#8217;de de bunun m\u00fcmk\u00fcn olup olmad\u0131\u011f\u0131n\u0131 ve ne kadar maliyetli oldu\u011funu ara\u015ft\u0131rd\u0131m. Sonras\u0131nda iyi ki \u0130svi\u00e7re&#8217;de yapt\u0131rmam\u0131\u015f\u0131m diye d\u00fc\u015f\u00fcnd\u00fcm. \u00c7\u00fcnk\u00fc burada fiyatlar T\u00fcrkiye&#8217;nin \u00fc\u00e7 kat\u0131 ve arkada\u015f\u0131m da lazer operasyonundan 10 ay sonra hala memnun de\u011fil. K\u0131saca s\u00f6yleyebilirim ki, T\u00fcrkiye&#8217;deki tedavi s\u00fcreci k\u0131sa ve a\u011fr\u0131s\u0131zd\u0131. -7,5 diyoptriye sahiptim. Her g\u00fcn g\u00fcnl\u00fck lens kullan\u0131yordum. G\u00f6zl\u00fck tak\u0131nca g\u00f6zlerim \u00e7ok k\u00fc\u00e7\u00fck g\u00f6r\u00fcn\u00fcyordu. Ya \u015fimdi ya asla yapmam diye d\u00fc\u015f\u00fcnd\u00fcm. 31 ya\u015f\u0131nday\u0131m ve bir nevi &#8220;yar\u0131 k\u00f6r&#8221; durumdayd\u0131m. Bu b\u00f6yle olamazd\u0131. \u0130stanbul&#8217;da g\u00f6zlerimi lazerle tedavi ettirmek hayat\u0131m\u0131n en iyi kararlar\u0131ndan biriydi. Operasyon tamamen a\u011fr\u0131s\u0131zd\u0131 ve i\u015flem sonras\u0131 g\u00f6zlerimde yakla\u015f\u0131k 4 saat boyunca ya\u015farma oldu ve her \u015fey \u0131\u015f\u0131kl\u0131yd\u0131. Otelde yakla\u015f\u0131k 3 saat uyudum ve sonra yeme\u011fe \u00e7\u0131kt\u0131k. Ertesi g\u00fcn \u0130stanbul&#8217;un k\u00fclt\u00fcr\u00fcn\u00fc ke\u015ffetmeye devam ettik. \u00c7ok te\u015fekk\u00fcr ederim.<\/p>\n\n\n\n<div class=\"wp-block-group is-layout-grid wp-container-core-group-is-layout-baef362d wp-block-group-is-layout-grid\">\n<p><a href=\"https:\/\/medicaltravel.at\/home\/agb\/\" data-type=\"page\" data-id=\"2191\" rel=\"nofollow noopener\" target=\"_blank\"><\/a><a href=\"https:\/\/medicaltravel.ch\/tr\/hasta-raporlari\/turkiye-de-tedavi-deneyimleri\/istanbulda-supracor-ile-yaptirdigim-lazer-tedavisine-dair-deneyim-raporum-19-aralik-2012-carsamba-tarihli-rapor\/\" data-type=\"link\" data-id=\"https:\/\/medicaltravel.ch\/tr\/hasta-raporlari\/turkiye-de-tedavi-deneyimleri\/istanbulda-supracor-ile-yaptirdigim-lazer-tedavisine-dair-deneyim-raporum-19-aralik-2012-carsamba-tarihli-rapor\/\">\u00d6nceki rapor<\/a><\/p>\n\n\n\n<p class=\"has-text-align-right wp-container-content-5e2576f9\"><a href=\"https:\/\/medicaltravel.at\/home\/impressum\/\" data-type=\"page\" data-id=\"2193\" rel=\"nofollow noopener\" target=\"_blank\"><\/a><a href=\"https:\/\/medicaltravel.at\/home\/berichte-von-patienten\/erfahrungsberichte\/erfahrungsbericht-zahnbehandlung-in-istanbul\/\" data-type=\"page\" data-id=\"981\" rel=\"nofollow noopener\" target=\"_blank\"><\/a><a href=\"https:\/\/medicaltravel.ch\/tr\/hasta-raporlari\/turkiye-de-tedavi-deneyimleri\/muekemmel-bakim-organizasyon-harika-bir-hastane-ve-tabii-ki-fiyati-6-kasim-2012-sali-tarihli-rapor\/\" data-type=\"link\" data-id=\"https:\/\/medicaltravel.ch\/tr\/hasta-raporlari\/turkiye-de-tedavi-deneyimleri\/muekemmel-bakim-organizasyon-harika-bir-hastane-ve-tabii-ki-fiyati-6-kasim-2012-sali-tarihli-rapor\/\">Bir sonraki rapor<\/a><\/p>\n<\/div>\n","protected":false},"excerpt":{"rendered":"<p>\u0130stanbul&#8217;da Femto LASIK tedavisi \u2013 Deneyimim \u2013 14 Kas\u0131m 2012 \u00c7ar\u015famba tarihli rapor T\u00fcrkiye&#8217;de lazer tedavisi hakk\u0131nda \u00e7ok \u015fey duymu\u015ftum. Bu y\u00fczden internette ara\u015ft\u0131rma yaparak Swisslasik ile kar\u015f\u0131la\u015ft\u0131m. Ard\u0131ndan St. Gallen&#8217;deki sa\u011fl\u0131k fuar\u0131nda Say\u0131n Karaagacli ile tan\u0131\u015ft\u0131m. Bize her \u015feyi ayr\u0131nt\u0131l\u0131 bir \u015fekilde a\u00e7\u0131klad\u0131. O d\u00f6nemde, yak\u0131n bir arkada\u015f\u0131m \u0130svi\u00e7re&#8217;de g\u00f6zlerini lazerle tedavi ettiriyordu. Bu nedenle \u0130svi\u00e7re&#8217;de de bunun m\u00fcmk\u00fcn olup olmad\u0131\u011f\u0131n\u0131 ve ne kadar maliyetli oldu\u011funu ara\u015ft\u0131rd\u0131m. Sonras\u0131nda iyi ki \u0130svi\u00e7re&#8217;de yapt\u0131rmam\u0131\u015f\u0131m diye d\u00fc\u015f\u00fcnd\u00fcm. \u00c7\u00fcnk\u00fc burada fiyatlar T\u00fcrkiye&#8217;nin \u00fc\u00e7 kat\u0131 ve arkada\u015f\u0131m da lazer operasyonundan 10 ay sonra hala memnun de\u011fil. K\u0131saca s\u00f6yleyebilirim ki, T\u00fcrkiye&#8217;deki tedavi s\u00fcreci k\u0131sa ve a\u011fr\u0131s\u0131zd\u0131. -7,5 diyoptriye sahiptim. Her g\u00fcn g\u00fcnl\u00fck lens kullan\u0131yordum. G\u00f6zl\u00fck tak\u0131nca g\u00f6zlerim \u00e7ok k\u00fc\u00e7\u00fck g\u00f6r\u00fcn\u00fcyordu. Ya \u015fimdi ya asla yapmam diye d\u00fc\u015f\u00fcnd\u00fcm. 31 ya\u015f\u0131nday\u0131m ve bir nevi &#8220;yar\u0131 k\u00f6r&#8221; durumdayd\u0131m. Bu b\u00f6yle olamazd\u0131. \u0130stanbul&#8217;da g\u00f6zlerimi lazerle tedavi ettirmek hayat\u0131m\u0131n en iyi kararlar\u0131ndan biriydi. Operasyon tamamen a\u011fr\u0131s\u0131zd\u0131 ve i\u015flem sonras\u0131 g\u00f6zlerimde yakla\u015f\u0131k 4 saat boyunca ya\u015farma oldu ve her \u015fey \u0131\u015f\u0131kl\u0131yd\u0131. Otelde yakla\u015f\u0131k 3 saat uyudum ve sonra yeme\u011fe \u00e7\u0131kt\u0131k. Ertesi g\u00fcn \u0130stanbul&#8217;un k\u00fclt\u00fcr\u00fcn\u00fc ke\u015ffetmeye devam ettik. \u00c7ok te\u015fekk\u00fcr ederim. \u00d6nceki rapor Bir sonraki rapor<\/p>\n","protected":false},"author":4,"featured_media":0,"parent":4471,"menu_order":0,"comment_status":"closed","ping_status":"closed","template":"","meta":{"_joinchat":[],"footnotes":""},"class_list":["post-4533","page","type-page","status-publish","hentry"],"acf":[],"_links":{"self":[{"href":"https:\/\/medicaltravel.ch\/tr\/wp-json\/wp\/v2\/pages\/4533","targetHints":{"allow":["GET"]}}],"collection":[{"href":"https:\/\/medicaltravel.ch\/tr\/wp-json\/wp\/v2\/pages"}],"about":[{"href":"https:\/\/medicaltravel.ch\/tr\/wp-json\/wp\/v2\/types\/page"}],"author":[{"embeddable":true,"href":"https:\/\/medicaltravel.ch\/tr\/wp-json\/wp\/v2\/users\/4"}],"replies":[{"embeddable":true,"href":"https:\/\/medicaltravel.ch\/tr\/wp-json\/wp\/v2\/comments?post=4533"}],"version-history":[{"count":2,"href":"https:\/\/medicaltravel.ch\/tr\/wp-json\/wp\/v2\/pages\/4533\/revisions"}],"predecessor-version":[{"id":6457,"href":"https:\/\/medicaltravel.ch\/tr\/wp-json\/wp\/v2\/pages\/4533\/revisions\/6457"}],"up":[{"embeddable":true,"href":"https:\/\/medicaltravel.ch\/tr\/wp-json\/wp\/v2\/pages\/4471"}],"wp:attachment":[{"href":"https:\/\/medicaltravel.ch\/tr\/wp-json\/wp\/v2\/media?parent=4533"}],"curies":[{"name":"wp","href":"https:\/\/api.w.org\/{rel}","templated":true}]}}