{"id":4535,"date":"2025-09-24T06:19:53","date_gmt":"2025-09-24T05:19:53","guid":{"rendered":"https:\/\/medicaltravel.ch\/hasta-raporlari\/erfahrungsberichte-behandlungen-tuerkei\/en-yueksek-kalite-ve-hizmet-standartlari-15-ocak-2013-sali-tarihli-rapor\/"},"modified":"2026-01-12T19:37:57","modified_gmt":"2026-01-12T18:37:57","slug":"en-yueksek-kalite-ve-hizmet-standartlari-15-ocak-2013-sali-tarihli-rapor","status":"publish","type":"page","link":"https:\/\/medicaltravel.ch\/tr\/hasta-raporlari\/turkiye-de-tedavi-deneyimleri\/en-yueksek-kalite-ve-hizmet-standartlari-15-ocak-2013-sali-tarihli-rapor\/","title":{"rendered":"En y\u00fcksek kalite ve hizmet standartlar\u0131 \u2013 15 Ocak 2013 Sal\u0131 tarihli rapor"},"content":{"rendered":"\n<p>En y\u00fcksek kalite ve hizmet standartlar\u0131 \u2013 15 Ocak 2013 Sal\u0131 tarihli rapor<\/p>\n\n\n\n<p>Bir \u0130svi\u00e7reli tan\u0131d\u0131\u011f\u0131m, 2011 sonbahar\u0131nda g\u00f6zlerini \u0130stanbul&#8217;da lazerle tedavi ettirmi\u015fti ve sonu\u00e7tan son derece memnundu. Bir\u00e7ok sebepten, ayr\u0131ca rahatl\u0131k a\u00e7\u0131s\u0131ndan, ben de (31 ya\u015f\u0131nda) sonunda lens ve g\u00f6zl\u00fck takmadan hayat\u0131ma devam edebilmek istedim. \u00c7ok b\u00fcy\u00fck bir d\u00fczeltme gereksinimim olmasa da (-1.25 ve -2.25) yine de lenslerden ve g\u00f6zl\u00fckten b\u0131km\u0131\u015ft\u0131m. Bu y\u00fczden Z\u00fcrich&#8217;deki g\u00f6z doktoruma gittim ve k\u0131sa bir \u00f6n muayene sonras\u0131nda lazer tedavisi i\u00e7in onay verdi. \u0130svi\u00e7re&#8217;de bu operasyonun \u00e7ok pahal\u0131 oldu\u011funu s\u00f6yledi\u011fimde, bana yurtd\u0131\u015f\u0131nda \u00e7ok iyi sonu\u00e7lar veren birka\u00e7 adres \u00f6nerdi ve bunlardan biri de Swisslasik&#8217;ti. Swisslasik ile ileti\u015fim o kadar h\u0131zl\u0131 ve sorunsuz oldu ki, hemen operasyona kaydoldum. U\u00e7u\u015fumu kendim ayarlad\u0131m ama Swisslasik \u00fczerinden alaca\u011f\u0131m u\u00e7u\u015fun neredeyse ayn\u0131 fiyata oldu\u011funu s\u00f6ylemeliyim. Di\u011fer her \u015fey, havaliman\u0131-hotel transferi dahil Swisslasik taraf\u0131ndan organize edildi. Per\u015fembe ak\u015fam\u0131 \u0130stanbul&#8217;a u\u00e7tuk. Ben ve e\u015fim havaliman\u0131nda bir \u015fof\u00f6r taraf\u0131ndan kar\u015f\u0131land\u0131k ve otele g\u00f6t\u00fcr\u00fcld\u00fck. Cuma sabah\u0131 erkenden otelden al\u0131nd\u0131k ve klini\u011fe g\u00f6t\u00fcr\u00fcld\u00fck. Klinikte, ayn\u0131 zamanda bizim terc\u00fcman\u0131m\u0131z olan misafir dan\u0131\u015fman\u0131 taraf\u0131ndan kar\u015f\u0131land\u0131k. \u0130lk olarak t\u00fcm gerekli testler yap\u0131ld\u0131. Sonras\u0131nda \u00f6\u011fleden sonra kadar serbest zaman\u0131m oldu. Partnerimle birlikte yak\u0131nlardaki bir al\u0131\u015fveri\u015f merkezine taksiyle gittik, rahat\u00e7a \u00f6\u011fle yeme\u011fimizi yedik ve gezdik. Al\u0131\u015fveri\u015f yapmad\u0131k \u00e7\u00fcnk\u00fc bu l\u00fcks al\u0131\u015fveri\u015f merkezindeki fiyatlar \u0130svi\u00e7re&#8217;deki fiyatlarla neredeyse ayn\u0131yd\u0131. Bu g\u00fcnlerde bekledi\u011fimiz kadar ucuz ya\u015famad\u0131k, \u0130stanbul olduk\u00e7a bat\u0131l\u0131la\u015fm\u0131\u015f bir \u015fehir ve belki de sadece yanl\u0131\u015f bir b\u00f6lgede gezdik. Saat 15:00&#8217;te tekrar klinikteydik. Benimle birlikte 4 di\u011fer \u0130svi\u00e7reli hasta vard\u0131. Hepimiz s\u0131rayla lazer tedavisi olduktan sonra, yakla\u015f\u0131k 5-10 dakika s\u00fcren bir i\u015flemle hemen g\u00f6rmeye ba\u015flad\u0131m! Ne harika bir duyguydu! Hepimiz 24 saat boyunca takmam\u0131z gereken bir t\u00fcr kayak g\u00f6zl\u00fc\u011f\u00fc \u015feklinde koruyucu g\u00f6zl\u00fck takmam\u0131z gerekti. \u0130kinci geceyi de bu g\u00f6zl\u00fckle ge\u00e7irdim \u00e7\u00fcnk\u00fc bir kez g\u00f6zlerimi ka\u015f\u0131d\u0131m ve uyand\u0131m. T\u00fcm tedavi olanlar bittikten sonra, \u015fof\u00f6r\u00fcm\u00fcz bizi otele geri g\u00f6t\u00fcrd\u00fc. O yolculuk ger\u00e7ekten zorlay\u0131c\u0131yd\u0131. G\u00f6zlerim ka\u015f\u0131nd\u0131, yan\u0131yordu, hem kuru hem de ya\u015fard\u0131. Neyse ki a\u011fr\u0131 kesici ald\u0131m ve e\u015fim bana yolu bulmamda yard\u0131mc\u0131 oldu (g\u00f6zlerimi kapal\u0131 tutmay\u0131 tercih ettim, b\u00f6ylece dayan\u0131labilir hale gelmi\u015fti). Saat 21:00 civar\u0131nda a\u011fr\u0131lar hafiflemi\u015fti ve derin bir uykuya dald\u0131m. Ertesi sabah saat 7:00&#8217;de \u015fof\u00f6r geldi ve klinikteki kontrol i\u00e7in geri gittik. O g\u00fcn \u00f6nceki g\u00fcnle tan\u0131\u015ft\u0131\u011f\u0131m t\u00fcm \u0130svi\u00e7reli hastalarla tekrar kar\u015f\u0131la\u015ft\u0131m. Onlar\u0131n deneyimlerini dinlemek \u00e7ok ilgin\u00e7ti! Ama herkes \u00e7ok net g\u00f6rebiliyordu ve \u00e7ok mutlu oldular, herkes tekrar yapmay\u0131 isterdi! Kontrolde her birimizde en az %100 g\u00f6r\u00fc\u015f keskinli\u011fi tespit edildi. Ard\u0131ndan g\u00f6zlerimiz i\u00e7in damlalar verildi. Partnerimle birlikte \u0130stanbul&#8217;da pazartesiye kadar kald\u0131k ve \u015fehri gezdik. Bizim zevkimize g\u00f6re \u015fehir biraz fazla tela\u015fl\u0131yd\u0131 ve g\u00fcnl\u00fck trafik s\u0131k\u0131\u015f\u0131kl\u0131klar\u0131 \u00e7ok uzun s\u00fcr\u00fcyordu. Ama ak\u015fam Bosphorus turu ger\u00e7ekten \u00e7ok romantikti. 7 g\u00fcn sonra \u0130svi\u00e7re&#8217;de g\u00f6z doktorumla bir kontrol yapt\u0131m ve o lazer tedavisinden \u00e7ok etkilendi. Ger\u00e7ekten \u00e7ok iyi bir i\u015f yapt\u0131klar\u0131n\u0131 s\u00f6yledi. Ayr\u0131ca t\u00fcm belgeleri yan\u0131mda g\u00f6t\u00fcrd\u00fcm (bunlar\u0131 \u0130stanbul&#8217;daki klinikten almak zorunda kald\u0131m). Yorumuydu: &#8220;Bunu daha iyi yapamazlard\u0131!&#8221; Ne yaz\u0131k ki, operasyonun 5 g\u00fcn sonra tekrar bilgisayar ba\u015f\u0131nda \u00e7al\u0131\u015fmam gerekti ve ilk hafta g\u00f6zlerim \u00e7ok \u00e7abuk yoruldu (birka\u00e7 dakikada) ve ba\u015f a\u011fr\u0131lar\u0131 olu\u015ftu. \u015eimdi, 3 ay sonra, hala \u00e7ok memnunum! \u00d6rne\u011fin, LED&#8217;lerle karanl\u0131kta ya\u015fad\u0131\u011f\u0131m ilk belirsizlik neredeyse tamamen kayboldu. Ve bundan daha g\u00fczel ne olabilir ki, lenslerimi kaybetmeden s\u00f6rf yapabilmek ya da ak\u015famlar\u0131 ve sabahlar\u0131 lenslerle u\u011fra\u015fmak zorunda kalmamak? Komik olan, ak\u015famlar\u0131 birka\u00e7 kez banyoya gidip lenslerimi \u00e7\u0131karacakm\u0131\u015f\u0131m gibi hareket ettim ama asl\u0131nda lensim yoktu! \ud83d\ude42 Swisslasik&#8217;i organizat\u00f6r ve arac\u0131 olarak kesinlikle tavsiye ederim, hizmet ger\u00e7ekten \u0130svi\u00e7re&#8217;deki beklentilerimizin \u00e7ok \u00f6tesindeydi! Ve Ac\u0131badem Klinik, uluslararas\u0131 d\u00fczeyde en y\u00fcksek standartlarda ve t\u0131bbi kalitede!<\/p>\n\n\n\n<div class=\"wp-block-group is-layout-grid wp-container-core-group-is-layout-baef362d wp-block-group-is-layout-grid\">\n<p><a href=\"https:\/\/medicaltravel.at\/home\/agb\/\" data-type=\"page\" data-id=\"2191\" rel=\"nofollow noopener\" target=\"_blank\"><\/a><a href=\"https:\/\/medicaltravel.ch\/tr\/hasta-raporlari\/turkiye-de-tedavi-deneyimleri\/farkli-bir-noel-21-ocak-2013-pazartesi-tarihli-rapor\/\" data-type=\"link\" data-id=\"https:\/\/medicaltravel.ch\/tr\/hasta-raporlari\/turkiye-de-tedavi-deneyimleri\/farkli-bir-noel-21-ocak-2013-pazartesi-tarihli-rapor\/\">\u00d6nceki rapor<\/a><\/p>\n\n\n\n<p class=\"has-text-align-right wp-container-content-5e2576f9\"><a href=\"https:\/\/medicaltravel.at\/home\/impressum\/\" data-type=\"page\" data-id=\"2193\" rel=\"nofollow noopener\" target=\"_blank\"><\/a><a href=\"https:\/\/medicaltravel.at\/home\/berichte-von-patienten\/erfahrungsberichte\/erfahrungsbericht-zahnbehandlung-in-istanbul\/\" data-type=\"page\" data-id=\"981\" rel=\"nofollow noopener\" target=\"_blank\"><\/a><a href=\"https:\/\/medicaltravel.ch\/tr\/hasta-raporlari\/turkiye-de-tedavi-deneyimleri\/istanbulda-supracor-ile-yaptirdigim-lazer-tedavisine-dair-deneyim-raporum-19-aralik-2012-carsamba-tarihli-rapor\/\" data-type=\"link\" data-id=\"https:\/\/medicaltravel.ch\/tr\/hasta-raporlari\/turkiye-de-tedavi-deneyimleri\/istanbulda-supracor-ile-yaptirdigim-lazer-tedavisine-dair-deneyim-raporum-19-aralik-2012-carsamba-tarihli-rapor\/\">Bir sonraki rapor<\/a><\/p>\n<\/div>\n","protected":false},"excerpt":{"rendered":"<p>En y\u00fcksek kalite ve hizmet standartlar\u0131 \u2013 15 Ocak 2013 Sal\u0131 tarihli rapor Bir \u0130svi\u00e7reli tan\u0131d\u0131\u011f\u0131m, 2011 sonbahar\u0131nda g\u00f6zlerini \u0130stanbul&#8217;da lazerle tedavi ettirmi\u015fti ve sonu\u00e7tan son derece memnundu. Bir\u00e7ok sebepten, ayr\u0131ca rahatl\u0131k a\u00e7\u0131s\u0131ndan, ben de (31 ya\u015f\u0131nda) sonunda lens ve g\u00f6zl\u00fck takmadan hayat\u0131ma devam edebilmek istedim. \u00c7ok b\u00fcy\u00fck bir d\u00fczeltme gereksinimim olmasa da (-1.25 ve -2.25) yine de lenslerden ve g\u00f6zl\u00fckten b\u0131km\u0131\u015ft\u0131m. Bu y\u00fczden Z\u00fcrich&#8217;deki g\u00f6z doktoruma gittim ve k\u0131sa bir \u00f6n muayene sonras\u0131nda lazer tedavisi i\u00e7in onay verdi. \u0130svi\u00e7re&#8217;de bu operasyonun \u00e7ok pahal\u0131 oldu\u011funu s\u00f6yledi\u011fimde, bana yurtd\u0131\u015f\u0131nda \u00e7ok iyi sonu\u00e7lar veren birka\u00e7 adres \u00f6nerdi ve bunlardan biri de Swisslasik&#8217;ti. Swisslasik ile ileti\u015fim o kadar h\u0131zl\u0131 ve sorunsuz oldu ki, hemen operasyona kaydoldum. U\u00e7u\u015fumu kendim ayarlad\u0131m ama Swisslasik \u00fczerinden alaca\u011f\u0131m u\u00e7u\u015fun neredeyse ayn\u0131 fiyata oldu\u011funu s\u00f6ylemeliyim. Di\u011fer her \u015fey, havaliman\u0131-hotel transferi dahil Swisslasik taraf\u0131ndan organize edildi. Per\u015fembe ak\u015fam\u0131 \u0130stanbul&#8217;a u\u00e7tuk. Ben ve e\u015fim havaliman\u0131nda bir \u015fof\u00f6r taraf\u0131ndan kar\u015f\u0131land\u0131k ve otele g\u00f6t\u00fcr\u00fcld\u00fck. Cuma sabah\u0131 erkenden otelden al\u0131nd\u0131k ve klini\u011fe g\u00f6t\u00fcr\u00fcld\u00fck. Klinikte, ayn\u0131 zamanda bizim terc\u00fcman\u0131m\u0131z olan misafir dan\u0131\u015fman\u0131 taraf\u0131ndan kar\u015f\u0131land\u0131k. \u0130lk olarak t\u00fcm gerekli testler yap\u0131ld\u0131. Sonras\u0131nda \u00f6\u011fleden sonra kadar serbest zaman\u0131m oldu. Partnerimle birlikte yak\u0131nlardaki bir al\u0131\u015fveri\u015f merkezine taksiyle gittik, rahat\u00e7a \u00f6\u011fle yeme\u011fimizi yedik ve gezdik. Al\u0131\u015fveri\u015f yapmad\u0131k \u00e7\u00fcnk\u00fc bu l\u00fcks al\u0131\u015fveri\u015f merkezindeki fiyatlar \u0130svi\u00e7re&#8217;deki fiyatlarla neredeyse ayn\u0131yd\u0131. Bu g\u00fcnlerde bekledi\u011fimiz kadar ucuz ya\u015famad\u0131k, \u0130stanbul olduk\u00e7a bat\u0131l\u0131la\u015fm\u0131\u015f bir \u015fehir ve belki de sadece yanl\u0131\u015f bir b\u00f6lgede gezdik. Saat 15:00&#8217;te tekrar klinikteydik. Benimle birlikte 4 di\u011fer \u0130svi\u00e7reli hasta vard\u0131. Hepimiz s\u0131rayla lazer tedavisi olduktan sonra, yakla\u015f\u0131k 5-10 dakika s\u00fcren bir i\u015flemle hemen g\u00f6rmeye ba\u015flad\u0131m! Ne harika bir duyguydu! Hepimiz 24 saat boyunca takmam\u0131z gereken bir t\u00fcr kayak g\u00f6zl\u00fc\u011f\u00fc \u015feklinde koruyucu g\u00f6zl\u00fck takmam\u0131z gerekti. \u0130kinci geceyi de bu g\u00f6zl\u00fckle ge\u00e7irdim \u00e7\u00fcnk\u00fc bir kez g\u00f6zlerimi ka\u015f\u0131d\u0131m ve uyand\u0131m. T\u00fcm tedavi olanlar bittikten sonra, \u015fof\u00f6r\u00fcm\u00fcz bizi otele geri g\u00f6t\u00fcrd\u00fc. O yolculuk ger\u00e7ekten zorlay\u0131c\u0131yd\u0131. G\u00f6zlerim ka\u015f\u0131nd\u0131, yan\u0131yordu, hem kuru hem de ya\u015fard\u0131. Neyse ki a\u011fr\u0131 kesici ald\u0131m ve e\u015fim bana yolu bulmamda yard\u0131mc\u0131 oldu (g\u00f6zlerimi kapal\u0131 tutmay\u0131 tercih ettim, b\u00f6ylece dayan\u0131labilir hale gelmi\u015fti). Saat 21:00 civar\u0131nda a\u011fr\u0131lar hafiflemi\u015fti ve derin bir uykuya dald\u0131m. Ertesi sabah saat 7:00&#8217;de \u015fof\u00f6r geldi ve klinikteki kontrol i\u00e7in geri gittik. O g\u00fcn \u00f6nceki g\u00fcnle tan\u0131\u015ft\u0131\u011f\u0131m t\u00fcm \u0130svi\u00e7reli hastalarla tekrar kar\u015f\u0131la\u015ft\u0131m. Onlar\u0131n deneyimlerini dinlemek \u00e7ok ilgin\u00e7ti! Ama herkes \u00e7ok net g\u00f6rebiliyordu ve \u00e7ok mutlu oldular, herkes tekrar yapmay\u0131 isterdi! Kontrolde her birimizde en az %100 g\u00f6r\u00fc\u015f keskinli\u011fi tespit edildi. Ard\u0131ndan g\u00f6zlerimiz i\u00e7in damlalar verildi. Partnerimle birlikte \u0130stanbul&#8217;da pazartesiye kadar kald\u0131k ve \u015fehri gezdik. Bizim zevkimize g\u00f6re \u015fehir biraz fazla tela\u015fl\u0131yd\u0131 ve g\u00fcnl\u00fck trafik s\u0131k\u0131\u015f\u0131kl\u0131klar\u0131 \u00e7ok uzun s\u00fcr\u00fcyordu. Ama ak\u015fam Bosphorus turu ger\u00e7ekten \u00e7ok romantikti. 7 g\u00fcn sonra \u0130svi\u00e7re&#8217;de g\u00f6z doktorumla bir kontrol yapt\u0131m ve o lazer tedavisinden \u00e7ok etkilendi. Ger\u00e7ekten \u00e7ok iyi bir i\u015f yapt\u0131klar\u0131n\u0131 s\u00f6yledi. Ayr\u0131ca t\u00fcm belgeleri yan\u0131mda g\u00f6t\u00fcrd\u00fcm (bunlar\u0131 \u0130stanbul&#8217;daki klinikten almak zorunda kald\u0131m). Yorumuydu: &#8220;Bunu daha iyi yapamazlard\u0131!&#8221; Ne yaz\u0131k ki, operasyonun 5 g\u00fcn sonra tekrar bilgisayar ba\u015f\u0131nda \u00e7al\u0131\u015fmam gerekti ve ilk hafta g\u00f6zlerim \u00e7ok \u00e7abuk yoruldu (birka\u00e7 dakikada) ve ba\u015f a\u011fr\u0131lar\u0131 olu\u015ftu. \u015eimdi, 3 ay sonra, hala \u00e7ok memnunum! \u00d6rne\u011fin, LED&#8217;lerle karanl\u0131kta ya\u015fad\u0131\u011f\u0131m ilk belirsizlik neredeyse tamamen kayboldu. Ve bundan daha g\u00fczel ne olabilir ki, lenslerimi kaybetmeden s\u00f6rf yapabilmek ya da ak\u015famlar\u0131 ve sabahlar\u0131 lenslerle u\u011fra\u015fmak zorunda kalmamak? Komik olan, ak\u015famlar\u0131 birka\u00e7 kez banyoya gidip lenslerimi \u00e7\u0131karacakm\u0131\u015f\u0131m gibi hareket ettim ama asl\u0131nda lensim yoktu! \ud83d\ude42 Swisslasik&#8217;i organizat\u00f6r ve arac\u0131 olarak kesinlikle tavsiye ederim, hizmet ger\u00e7ekten \u0130svi\u00e7re&#8217;deki beklentilerimizin \u00e7ok \u00f6tesindeydi! Ve Ac\u0131badem Klinik, uluslararas\u0131 d\u00fczeyde en y\u00fcksek standartlarda ve t\u0131bbi kalitede! \u00d6nceki rapor Bir sonraki rapor<\/p>\n","protected":false},"author":4,"featured_media":0,"parent":4471,"menu_order":0,"comment_status":"closed","ping_status":"closed","template":"","meta":{"_joinchat":[],"footnotes":""},"class_list":["post-4535","page","type-page","status-publish","hentry"],"acf":[],"_links":{"self":[{"href":"https:\/\/medicaltravel.ch\/tr\/wp-json\/wp\/v2\/pages\/4535","targetHints":{"allow":["GET"]}}],"collection":[{"href":"https:\/\/medicaltravel.ch\/tr\/wp-json\/wp\/v2\/pages"}],"about":[{"href":"https:\/\/medicaltravel.ch\/tr\/wp-json\/wp\/v2\/types\/page"}],"author":[{"embeddable":true,"href":"https:\/\/medicaltravel.ch\/tr\/wp-json\/wp\/v2\/users\/4"}],"replies":[{"embeddable":true,"href":"https:\/\/medicaltravel.ch\/tr\/wp-json\/wp\/v2\/comments?post=4535"}],"version-history":[{"count":0,"href":"https:\/\/medicaltravel.ch\/tr\/wp-json\/wp\/v2\/pages\/4535\/revisions"}],"up":[{"embeddable":true,"href":"https:\/\/medicaltravel.ch\/tr\/wp-json\/wp\/v2\/pages\/4471"}],"wp:attachment":[{"href":"https:\/\/medicaltravel.ch\/tr\/wp-json\/wp\/v2\/media?parent=4535"}],"curies":[{"name":"wp","href":"https:\/\/api.w.org\/{rel}","templated":true}]}}