{"id":4539,"date":"2025-09-24T06:17:36","date_gmt":"2025-09-24T05:17:36","guid":{"rendered":"https:\/\/medicaltravel.ch\/hasta-raporlari\/erfahrungsberichte-behandlungen-tuerkei\/swisslasik-olmasaydi-bes-kat-daha-fazla-bile-oederdim-12-mart-2013-sali-tarihli-rapor\/"},"modified":"2026-01-12T19:35:57","modified_gmt":"2026-01-12T18:35:57","slug":"swisslasik-olmasaydi-bes-kat-daha-fazla-bile-oederdim-12-mart-2013-sali-tarihli-rapor","status":"publish","type":"page","link":"https:\/\/medicaltravel.ch\/tr\/hasta-raporlari\/turkiye-de-tedavi-deneyimleri\/swisslasik-olmasaydi-bes-kat-daha-fazla-bile-oederdim-12-mart-2013-sali-tarihli-rapor\/","title":{"rendered":"Swisslasik olmasayd\u0131, be\u015f kat daha fazla bile \u00f6derdim! \u2013 12 Mart 2013 Sal\u0131 tarihli rapor"},"content":{"rendered":"\n<p>Swisslasik olmasayd\u0131, be\u015f kat daha fazla bile \u00f6derdim! \u2013 12 Mart 2013 Sal\u0131 tarihli rapor<\/p>\n\n\n\n<p>Benim Swisslasik ile deneyimim<br>Her \u015fey, bir ak\u015famdayken, bir aile \u00fcyesinin i\u015fyerinde bir \u00e7al\u0131\u015fan\u0131n T\u00fcrkiye\u2019de g\u00f6z ameliyat\u0131 yapt\u0131rd\u0131\u011f\u0131n\u0131 fark etmesiyle ba\u015flad\u0131. Hemen ikna oldum ve zaman, istek ve b\u00fct\u00e7e a\u00e7\u0131s\u0131ndan bu ameliyat\u0131 hemen yapt\u0131rmaya karar verdim. \u0130nternette ara\u015ft\u0131rma yaparken hemen Swisslasik\u2019e rastlad\u0131m. \u0130lgili ki\u015fiyle ileti\u015fime ge\u00e7tim ve ger\u00e7ekten ayr\u0131nt\u0131l\u0131 bir \u015fekilde bilgilendirildim. Hi\u00e7bir bask\u0131 olmadan, bana iyi bir \u015fekilde d\u00fc\u015f\u00fcnme f\u0131rsat\u0131 vererek olduk\u00e7a zaman ay\u0131rd\u0131lar. Yar\u0131m g\u00fcn i\u00e7inde, bilgi g\u00fcn\u00fcne kat\u0131lmadan, her \u015feyi rezervasyon yapt\u0131rd\u0131m \u2013 ve ger\u00e7ekten harika \u015fartlarla! U\u00e7u\u015f, otel, transfer, servis ve operasyon, t\u00fcm\u00fc premium paket i\u00e7inde sunuldu.<br>K\u0131sa s\u00fcre sonra, Swiss ile \u0130stanbul\u2019a u\u00e7tum ve \u015fehirden ger\u00e7ekten \u00e7ok etkilendim. Havaalan\u0131nda beni hemen kar\u015f\u0131lad\u0131lar ve otele g\u00f6t\u00fcrd\u00fcler. Orada bavulumla ilgilenip, odam\u0131 hemen d\u00fczenlediler. Her \u015fey sorunsuz ilerledi, s\u00fcrekli bilgilendirildim ve hi\u00e7 bir gecikme ya\u015fanmad\u0131. \u0130lk g\u00fcn biraz \u015fehir turu yapma \u015fans\u0131m oldu. Ertesi g\u00fcn ise b\u00fcy\u00fck g\u00fcn geldi: ACIBADEM hastanesine gittim, ger\u00e7ekten inan\u0131lmaz b\u00fcy\u00fckt\u00fc ve oradaki t\u00fcm insanlar olduk\u00e7a varl\u0131kl\u0131 bir izlenim veriyordu. Her \u015fey \u00e7ok temizdi, personel bak\u0131ml\u0131yd\u0131 ve hizmet m\u00fckemmeldi. O kadar b\u00fcy\u00fck bir yerdi ki, s\u00fcrekli i\u00e7eri giren ve \u00e7\u0131kan insanlar\u0131 ve hastalar\u0131 izledim, derken bir terc\u00fcman taraf\u0131ndan kar\u015f\u0131land\u0131m. Ad\u0131 Tolga\u2019yd\u0131. \u00c7ok arkada\u015f canl\u0131s\u0131yd\u0131 ve bana hemen genel bir bak\u0131\u015f a\u00e7\u0131s\u0131 kazand\u0131rd\u0131. Beni g\u00f6z b\u00f6l\u00fcm\u00fcne g\u00f6t\u00fcrd\u00fc, burada tekrar bir muayene oldum. Sonras\u0131nda ayn\u0131 g\u00fcn beni ameliyat edecek olan doktorumla tan\u0131\u015ft\u0131m. \u00c7ok yetenekli, gen\u00e7 ve g\u00fczel bir kad\u0131nd\u0131, ofisi diplomalarla doluydu. Bana tekrar nas\u0131l bir s\u00fcre\u00e7 izleyece\u011fimizi k\u0131sa bir \u015fekilde a\u00e7\u0131klad\u0131 ve bundan sonra sadece beklemem gerekti.<br>Sonra her \u015fey \u00e7ok h\u0131zl\u0131 ilerledi. Bir anda beni ameliyat odas\u0131na ald\u0131lar, g\u00f6z damlas\u0131 koydular ve ard\u0131ndan bir masaya yatmam\u0131 istediler. Ameliyat ger\u00e7ekten \u00e7ok h\u0131zl\u0131yd\u0131, 10 dakika i\u00e7inde her \u015fey bitti. Do\u011fruyu s\u00f6ylemek gerekirse, biraz zahmetliydi ve biraz ac\u0131 hissi vard\u0131 \u00e7\u00fcnk\u00fc kornea a\u00e7\u0131lm\u0131\u015ft\u0131 ve s\u00fcrekli g\u00f6z\u00fcm\u00fc so\u011futmak i\u00e7in s\u0131v\u0131 damlat\u0131l\u0131yordu. Ama daha fazla d\u00fc\u015f\u00fcnmeye f\u0131rsat\u0131m olmadan, her \u015fey bitmi\u015fti. Sonras\u0131nda g\u00f6zlerimde o kadar g\u00fc\u00e7l\u00fc bir yanma hissi vard\u0131 ki, a\u011fr\u0131ya yol a\u00e7\u0131yordu. Ama hayatta kald\u0131m \ud83d\ude42 G\u00f6zlerime g\u00fcne\u015f g\u00f6zl\u00fc\u011f\u00fc tak\u0131ld\u0131 ve beni otele geri g\u00f6t\u00fcrd\u00fcler. Bir a\u011fr\u0131 kesici ald\u0131ktan yakla\u015f\u0131k 2 saat sonra a\u011fr\u0131m azalm\u0131\u015ft\u0131, 4 saat sonra neredeyse tamamen ge\u00e7meye ba\u015flam\u0131\u015ft\u0131. M\u00fczik dinleyerek uyudum.<br>Ertesi sabah ise inan\u0131lmaz bir \u015fey oldu. Uyand\u0131m ve bir anda her \u015fey farkl\u0131yd\u0131. Her \u015feyi bir anda net bir \u015fekilde g\u00f6rebiliyordum ve bunu nas\u0131l tarif edebilirim, inan\u0131lmaz bir duyguydu.                                 Hi\u00e7bir a\u011fr\u0131 ya da ka\u015f\u0131nt\u0131 hissetmedim, her \u015fey harikayd\u0131. Sadece net g\u00f6remiyordum, ama bu normaldi \u00e7\u00fcnk\u00fc iyile\u015fme s\u00fcreciyle birlikte her ge\u00e7en g\u00fcn daha iyiye gidiyordu. Bug\u00fcn, ameliyat\u0131n \u00fczerinden 2 hafta ge\u00e7tikten sonra her \u015feyi net ve keskin bir \u015fekilde g\u00f6rebiliyorum. \u00d6nceden sadece g\u00f6zl\u00fckle okuyabildi\u011fim metinleri art\u0131k rahat\u00e7a okuyabiliyorum. Bu ger\u00e7ekten inan\u0131lmaz. Swisslasik olmasayd\u0131, sadece g\u00f6zl\u00fcks\u00fcz bir ya\u015fam i\u00e7in 5 kat daha fazla \u00f6demeyi bile kabul ederdim! Ameliyat\u0131n ertesi g\u00fcn\u00fc, doktorumla bir kontrol muayenesi yap\u0131ld\u0131 ve sonu\u00e7 %100 olarak belirlendi. Tam anlam\u0131yla \u00e7ok mutlu oldum. Sonras\u0131nda \u0130stanbul&#8217;u biraz daha gezme ve d\u00f6n\u00fc\u015f u\u00e7u\u015fuma haz\u0131rlanma f\u0131rsat\u0131m oldu. \u0130nsanlar ve hizmet ger\u00e7ekten \u00e7ok \u00e7ok iyiydi. Ameliyat hakk\u0131nda \u015funu s\u00f6yleyebilirim ki, personel gerekli sosyal, metodolojik ve mesleki yeterlili\u011fe sahipti ve son teknoloji cihazlar ve altyap\u0131 kullan\u0131l\u0131yordu, bu bile \u0130svi\u00e7re&#8217;yi neredeyse geride b\u0131rak\u0131yor. Tek zorluk, T\u00fcrkiye&#8217;deki ileti\u015fimdi, \u00e7\u00fcnk\u00fc insanlar \u00e7ok fazla \u0130ngilizce ya da Almanca konu\u015fmuyorlar, ama yine de bir \u015fekilde her \u015fey yolunda gitti. U\u00e7akta otururken, g\u00f6zl\u00fckle ger\u00e7ekten nas\u0131l zor bir hayat s\u00fcrd\u00fc\u011f\u00fcm\u00fc d\u00fc\u015f\u00fcnd\u00fcm, ister spor yaparken, ister araba kullan\u0131rken, ister g\u00fcne\u015fin alt\u0131nda uzan\u0131rken&#8230; Ge\u00e7mi\u015fi \u00e7abucak unuttum ve g\u00f6zl\u00fcks\u00fcz bir gelece\u011fi d\u00f6rt g\u00f6zle beklemeye ba\u015flad\u0131m, \u00e7\u00fcnk\u00fc en g\u00fczel ya\u015flar\u0131m \u00f6n\u00fcmde.<br>Sonu\u00e7 olarak: E\u011fer g\u00f6zl\u00fcks\u00fcz bir ya\u015fam istiyorsan\u0131z, \u00f6n\u00fcn\u00fczde uzun bir ya\u015fam varsa ve bunu yapmak i\u00e7in zaman\u0131n\u0131z varsa, kesinlikle yapmal\u0131s\u0131n\u0131z! T\u00fcm Swisslasik ekibine te\u015fekk\u00fcr ederim ve hepinize veda ederim.<br>Sayg\u0131lar\u0131mla,<br>Danijel Jovanovic                <\/p>\n\n\n\n<div class=\"wp-block-group is-layout-grid wp-container-core-group-is-layout-baef362d wp-block-group-is-layout-grid\">\n<p><a href=\"https:\/\/medicaltravel.at\/home\/agb\/\" data-type=\"page\" data-id=\"2191\" rel=\"nofollow noopener\" target=\"_blank\"><\/a><a href=\"https:\/\/medicaltravel.ch\/tr\/hasta-raporlari\/turkiye-de-tedavi-deneyimleri\/femto-lasik-deneyimimi-istanbul-tuerkiyede-yasadim-27-mayis-2013-pazartesi-guenue-yazdigim-rapor\/\" data-type=\"link\" data-id=\"https:\/\/medicaltravel.ch\/tr\/hasta-raporlari\/turkiye-de-tedavi-deneyimleri\/femto-lasik-deneyimimi-istanbul-tuerkiyede-yasadim-27-mayis-2013-pazartesi-guenue-yazdigim-rapor\/\">\u00d6nceki rapor<\/a><\/p>\n\n\n\n<p class=\"has-text-align-right wp-container-content-5e2576f9\"><a href=\"https:\/\/medicaltravel.at\/home\/impressum\/\" data-type=\"page\" data-id=\"2193\" rel=\"nofollow noopener\" target=\"_blank\"><\/a><a href=\"https:\/\/medicaltravel.at\/home\/berichte-von-patienten\/erfahrungsberichte\/erfahrungsbericht-zahnbehandlung-in-istanbul\/\" data-type=\"page\" data-id=\"981\" rel=\"nofollow noopener\" target=\"_blank\"><\/a><a href=\"https:\/\/medicaltravel.ch\/tr\/hasta-raporlari\/turkiye-de-tedavi-deneyimleri\/istanbulda-gecirdigim-macerali-lazer-goez-ameliyatim-6-mart-2013-carsamba-tarihli-raporum\/\" data-type=\"link\" data-id=\"https:\/\/medicaltravel.ch\/tr\/hasta-raporlari\/turkiye-de-tedavi-deneyimleri\/istanbulda-gecirdigim-macerali-lazer-goez-ameliyatim-6-mart-2013-carsamba-tarihli-raporum\/\">Bir sonraki rapor<\/a><\/p>\n<\/div>\n","protected":false},"excerpt":{"rendered":"<p>Swisslasik olmasayd\u0131, be\u015f kat daha fazla bile \u00f6derdim! \u2013 12 Mart 2013 Sal\u0131 tarihli rapor Benim Swisslasik ile deneyimimHer \u015fey, bir ak\u015famdayken, bir aile \u00fcyesinin i\u015fyerinde bir \u00e7al\u0131\u015fan\u0131n T\u00fcrkiye\u2019de g\u00f6z ameliyat\u0131 yapt\u0131rd\u0131\u011f\u0131n\u0131 fark etmesiyle ba\u015flad\u0131. Hemen ikna oldum ve zaman, istek ve b\u00fct\u00e7e a\u00e7\u0131s\u0131ndan bu ameliyat\u0131 hemen yapt\u0131rmaya karar verdim. \u0130nternette ara\u015ft\u0131rma yaparken hemen Swisslasik\u2019e rastlad\u0131m. \u0130lgili ki\u015fiyle ileti\u015fime ge\u00e7tim ve ger\u00e7ekten ayr\u0131nt\u0131l\u0131 bir \u015fekilde bilgilendirildim. Hi\u00e7bir bask\u0131 olmadan, bana iyi bir \u015fekilde d\u00fc\u015f\u00fcnme f\u0131rsat\u0131 vererek olduk\u00e7a zaman ay\u0131rd\u0131lar. Yar\u0131m g\u00fcn i\u00e7inde, bilgi g\u00fcn\u00fcne kat\u0131lmadan, her \u015feyi rezervasyon yapt\u0131rd\u0131m \u2013 ve ger\u00e7ekten harika \u015fartlarla! U\u00e7u\u015f, otel, transfer, servis ve operasyon, t\u00fcm\u00fc premium paket i\u00e7inde sunuldu.K\u0131sa s\u00fcre sonra, Swiss ile \u0130stanbul\u2019a u\u00e7tum ve \u015fehirden ger\u00e7ekten \u00e7ok etkilendim. Havaalan\u0131nda beni hemen kar\u015f\u0131lad\u0131lar ve otele g\u00f6t\u00fcrd\u00fcler. Orada bavulumla ilgilenip, odam\u0131 hemen d\u00fczenlediler. Her \u015fey sorunsuz ilerledi, s\u00fcrekli bilgilendirildim ve hi\u00e7 bir gecikme ya\u015fanmad\u0131. \u0130lk g\u00fcn biraz \u015fehir turu yapma \u015fans\u0131m oldu. Ertesi g\u00fcn ise b\u00fcy\u00fck g\u00fcn geldi: ACIBADEM hastanesine gittim, ger\u00e7ekten inan\u0131lmaz b\u00fcy\u00fckt\u00fc ve oradaki t\u00fcm insanlar olduk\u00e7a varl\u0131kl\u0131 bir izlenim veriyordu. Her \u015fey \u00e7ok temizdi, personel bak\u0131ml\u0131yd\u0131 ve hizmet m\u00fckemmeldi. O kadar b\u00fcy\u00fck bir yerdi ki, s\u00fcrekli i\u00e7eri giren ve \u00e7\u0131kan insanlar\u0131 ve hastalar\u0131 izledim, derken bir terc\u00fcman taraf\u0131ndan kar\u015f\u0131land\u0131m. Ad\u0131 Tolga\u2019yd\u0131. \u00c7ok arkada\u015f canl\u0131s\u0131yd\u0131 ve bana hemen genel bir bak\u0131\u015f a\u00e7\u0131s\u0131 kazand\u0131rd\u0131. Beni g\u00f6z b\u00f6l\u00fcm\u00fcne g\u00f6t\u00fcrd\u00fc, burada tekrar bir muayene oldum. Sonras\u0131nda ayn\u0131 g\u00fcn beni ameliyat edecek olan doktorumla tan\u0131\u015ft\u0131m. \u00c7ok yetenekli, gen\u00e7 ve g\u00fczel bir kad\u0131nd\u0131, ofisi diplomalarla doluydu. Bana tekrar nas\u0131l bir s\u00fcre\u00e7 izleyece\u011fimizi k\u0131sa bir \u015fekilde a\u00e7\u0131klad\u0131 ve bundan sonra sadece beklemem gerekti.Sonra her \u015fey \u00e7ok h\u0131zl\u0131 ilerledi. Bir anda beni ameliyat odas\u0131na ald\u0131lar, g\u00f6z damlas\u0131 koydular ve ard\u0131ndan bir masaya yatmam\u0131 istediler. Ameliyat ger\u00e7ekten \u00e7ok h\u0131zl\u0131yd\u0131, 10 dakika i\u00e7inde her \u015fey bitti. Do\u011fruyu s\u00f6ylemek gerekirse, biraz zahmetliydi ve biraz ac\u0131 hissi vard\u0131 \u00e7\u00fcnk\u00fc kornea a\u00e7\u0131lm\u0131\u015ft\u0131 ve s\u00fcrekli g\u00f6z\u00fcm\u00fc so\u011futmak i\u00e7in s\u0131v\u0131 damlat\u0131l\u0131yordu. Ama daha fazla d\u00fc\u015f\u00fcnmeye f\u0131rsat\u0131m olmadan, her \u015fey bitmi\u015fti. Sonras\u0131nda g\u00f6zlerimde o kadar g\u00fc\u00e7l\u00fc bir yanma hissi vard\u0131 ki, a\u011fr\u0131ya yol a\u00e7\u0131yordu. Ama hayatta kald\u0131m \ud83d\ude42 G\u00f6zlerime g\u00fcne\u015f g\u00f6zl\u00fc\u011f\u00fc tak\u0131ld\u0131 ve beni otele geri g\u00f6t\u00fcrd\u00fcler. Bir a\u011fr\u0131 kesici ald\u0131ktan yakla\u015f\u0131k 2 saat sonra a\u011fr\u0131m azalm\u0131\u015ft\u0131, 4 saat sonra neredeyse tamamen ge\u00e7meye ba\u015flam\u0131\u015ft\u0131. M\u00fczik dinleyerek uyudum.Ertesi sabah ise inan\u0131lmaz bir \u015fey oldu. Uyand\u0131m ve bir anda her \u015fey farkl\u0131yd\u0131. Her \u015feyi bir anda net bir \u015fekilde g\u00f6rebiliyordum ve bunu nas\u0131l tarif edebilirim, inan\u0131lmaz bir duyguydu. Hi\u00e7bir a\u011fr\u0131 ya da ka\u015f\u0131nt\u0131 hissetmedim, her \u015fey harikayd\u0131. Sadece net g\u00f6remiyordum, ama bu normaldi \u00e7\u00fcnk\u00fc iyile\u015fme s\u00fcreciyle birlikte her ge\u00e7en g\u00fcn daha iyiye gidiyordu. Bug\u00fcn, ameliyat\u0131n \u00fczerinden 2 hafta ge\u00e7tikten sonra her \u015feyi net ve keskin bir \u015fekilde g\u00f6rebiliyorum. \u00d6nceden sadece g\u00f6zl\u00fckle okuyabildi\u011fim metinleri art\u0131k rahat\u00e7a okuyabiliyorum. Bu ger\u00e7ekten inan\u0131lmaz. Swisslasik olmasayd\u0131, sadece g\u00f6zl\u00fcks\u00fcz bir ya\u015fam i\u00e7in 5 kat daha fazla \u00f6demeyi bile kabul ederdim! Ameliyat\u0131n ertesi g\u00fcn\u00fc, doktorumla bir kontrol muayenesi yap\u0131ld\u0131 ve sonu\u00e7 %100 olarak belirlendi. Tam anlam\u0131yla \u00e7ok mutlu oldum. Sonras\u0131nda \u0130stanbul&#8217;u biraz daha gezme ve d\u00f6n\u00fc\u015f u\u00e7u\u015fuma haz\u0131rlanma f\u0131rsat\u0131m oldu. \u0130nsanlar ve hizmet ger\u00e7ekten \u00e7ok \u00e7ok iyiydi. Ameliyat hakk\u0131nda \u015funu s\u00f6yleyebilirim ki, personel gerekli sosyal, metodolojik ve mesleki yeterlili\u011fe sahipti ve son teknoloji cihazlar ve altyap\u0131 kullan\u0131l\u0131yordu, bu bile \u0130svi\u00e7re&#8217;yi neredeyse geride b\u0131rak\u0131yor. Tek zorluk, T\u00fcrkiye&#8217;deki ileti\u015fimdi, \u00e7\u00fcnk\u00fc insanlar \u00e7ok fazla \u0130ngilizce ya da Almanca konu\u015fmuyorlar, ama yine de bir \u015fekilde her \u015fey yolunda gitti. U\u00e7akta otururken, g\u00f6zl\u00fckle ger\u00e7ekten nas\u0131l zor bir hayat s\u00fcrd\u00fc\u011f\u00fcm\u00fc d\u00fc\u015f\u00fcnd\u00fcm, ister spor yaparken, ister araba kullan\u0131rken, ister g\u00fcne\u015fin alt\u0131nda uzan\u0131rken&#8230; Ge\u00e7mi\u015fi \u00e7abucak unuttum ve g\u00f6zl\u00fcks\u00fcz bir gelece\u011fi d\u00f6rt g\u00f6zle beklemeye ba\u015flad\u0131m, \u00e7\u00fcnk\u00fc en g\u00fczel ya\u015flar\u0131m \u00f6n\u00fcmde.Sonu\u00e7 olarak: E\u011fer g\u00f6zl\u00fcks\u00fcz bir ya\u015fam istiyorsan\u0131z, \u00f6n\u00fcn\u00fczde uzun bir ya\u015fam varsa ve bunu yapmak i\u00e7in zaman\u0131n\u0131z varsa, kesinlikle yapmal\u0131s\u0131n\u0131z! T\u00fcm Swisslasik ekibine te\u015fekk\u00fcr ederim ve hepinize veda ederim.Sayg\u0131lar\u0131mla,Danijel Jovanovic \u00d6nceki rapor Bir sonraki rapor<\/p>\n","protected":false},"author":4,"featured_media":0,"parent":4471,"menu_order":0,"comment_status":"closed","ping_status":"closed","template":"","meta":{"_joinchat":[],"footnotes":""},"class_list":["post-4539","page","type-page","status-publish","hentry"],"acf":[],"_links":{"self":[{"href":"https:\/\/medicaltravel.ch\/tr\/wp-json\/wp\/v2\/pages\/4539","targetHints":{"allow":["GET"]}}],"collection":[{"href":"https:\/\/medicaltravel.ch\/tr\/wp-json\/wp\/v2\/pages"}],"about":[{"href":"https:\/\/medicaltravel.ch\/tr\/wp-json\/wp\/v2\/types\/page"}],"author":[{"embeddable":true,"href":"https:\/\/medicaltravel.ch\/tr\/wp-json\/wp\/v2\/users\/4"}],"replies":[{"embeddable":true,"href":"https:\/\/medicaltravel.ch\/tr\/wp-json\/wp\/v2\/comments?post=4539"}],"version-history":[{"count":2,"href":"https:\/\/medicaltravel.ch\/tr\/wp-json\/wp\/v2\/pages\/4539\/revisions"}],"predecessor-version":[{"id":6451,"href":"https:\/\/medicaltravel.ch\/tr\/wp-json\/wp\/v2\/pages\/4539\/revisions\/6451"}],"up":[{"embeddable":true,"href":"https:\/\/medicaltravel.ch\/tr\/wp-json\/wp\/v2\/pages\/4471"}],"wp:attachment":[{"href":"https:\/\/medicaltravel.ch\/tr\/wp-json\/wp\/v2\/media?parent=4539"}],"curies":[{"name":"wp","href":"https:\/\/api.w.org\/{rel}","templated":true}]}}