{"id":4546,"date":"2025-09-24T06:44:23","date_gmt":"2025-09-24T05:44:23","guid":{"rendered":"https:\/\/medicaltravel.ch\/hasta-raporlari\/erfahrungsberichte-behandlungen-tuerkei\/istanbulda-lazer-goez-ameliyati-icin-gecirdigim-suereye-dair-rapor-25-nisan-2012-carsamba\/"},"modified":"2026-01-12T19:54:12","modified_gmt":"2026-01-12T18:54:12","slug":"istanbulda-lazer-goez-ameliyati-icin-gecirdigim-suereye-dair-rapor-25-nisan-2012-carsamba","status":"publish","type":"page","link":"https:\/\/medicaltravel.ch\/tr\/hasta-raporlari\/turkiye-de-tedavi-deneyimleri\/istanbulda-lazer-goez-ameliyati-icin-gecirdigim-suereye-dair-rapor-25-nisan-2012-carsamba\/","title":{"rendered":"\u0130stanbul&#8217;da lazer g\u00f6z ameliyat\u0131 i\u00e7in ge\u00e7irdi\u011fim s\u00fcreye dair rapor \u2013 25 Nisan 2012 \u00c7ar\u015famba"},"content":{"rendered":"\n<p>\u0130stanbul&#8217;da lazer g\u00f6z ameliyat\u0131 i\u00e7in ge\u00e7irdi\u011fim s\u00fcreye dair rapor \u2013 25 Nisan 2012 \u00c7ar\u015famba<\/p>\n\n\n\n<figure class=\"wp-block-image size-full\"><img decoding=\"async\" width=\"120\" height=\"90\" src=\"https:\/\/medicaltravel.ch\/wp-content\/uploads\/2025\/09\/1-8.jpg\" alt=\"\" class=\"wp-image-918\"\/><\/figure>\n\n\n\n<p>Deneyim Raporu &#8211; Jorge Ferreira<br>\u0130stanbul&#8217;daki konaklamam: 5.04. \u2013 8.04.2012<br>Bir s\u00fcredir g\u00f6zlerimi lazerle tedavi ettirmeyi d\u00fc\u015f\u00fcn\u00fcyordum. Ancak maliyet nedeniyle her zaman bu fikre kar\u015f\u0131 \u00e7\u0131km\u0131\u015ft\u0131m. Ge\u00e7en y\u0131l\u0131n sonbahar\u0131nda Swisslasik ile tan\u0131\u015ft\u0131m. Swisslasik hakk\u0131nda daha fazla bilgi edindim, deneyim raporlar\u0131n\u0131 okudum ve Puls Magazin&#8217;deki yaz\u0131y\u0131 inceledim. Deneyim raporlar\u0131 bana g\u00fcven verdi ve kendime dedim ki: &#8220;\u015eimdi ya hi\u00e7!&#8221; K\u0131sa bir e-posta g\u00f6r\u00fc\u015fmesinin ard\u0131ndan Arbon&#8217;da bir \u00f6n muayene randevusu ald\u0131m ve g\u00f6zlerimin uygun oldu\u011funa dair onay ald\u0131m.<br>5 Nisan&#8217;da e\u015fimle birlikte \u0130stanbul&#8217;a u\u00e7tuk. Pegasus Havayollar\u0131 ile u\u00e7tuk ve yakla\u015f\u0131k 18:00 civar\u0131nda \u0130stanbul&#8217;un Asya yakas\u0131na indim. Maalesef, giri\u015fte baz\u0131 sorunlar ya\u015fad\u0131m. AB vatanda\u015f\u0131 olarak vizeye ihtiyac\u0131m vard\u0131, ancak bunu 15 EUR kar\u015f\u0131l\u0131\u011f\u0131nda sonradan alabilece\u011fimi \u00f6\u011frendim. Havaalan\u0131nda \u015fof\u00f6r\u00fcm\u00fcz de bizi bekliyordu. Bizi g\u00fcler y\u00fczle kar\u015f\u0131lad\u0131, ancak yol boyunca hi\u00e7 konu\u015fmad\u0131. Trafikten dolay\u0131 yakla\u015f\u0131k 1 saat s\u00fcren bir yolculu\u011fun ard\u0131ndan otelimize vard\u0131k. \u015eof\u00f6r, bizi indirdikten sonra \u0130ngilizce olarak sabah saat 7&#8217;de al\u0131naca\u011f\u0131m\u0131z\u0131 (saat 8 yerine) s\u00f6yledi.<br>Park City Hotel&#8217;de konaklad\u0131k. Otel, sakin bir sokakta ve bir yaya b\u00f6lgesinde yer al\u0131yordu. Bu yaya b\u00f6lgesinde bir\u00e7ok restoran ve kafe bulunuyordu, bu da bizim ho\u015fumuza gitti. Odam\u0131z \u00e7ok k\u00fc\u00e7\u00fckt\u00fc ama temizdi. Otel \u00e7al\u0131\u015fanlar\u0131 \u00e7ok arkada\u015f\u00e7ayd\u0131. Ancak, oteldeki ses ge\u00e7irmezlik konusunda bir olumsuzluk ya\u015fad\u0131k. Bavullar\u0131m\u0131z\u0131 yerle\u015ftirdikten sonra d\u0131\u015far\u0131 \u00e7\u0131k\u0131p bir restoran arad\u0131k. Yedi\u011fimiz yemek \u00e7ok lezzetliydi. Osmanl\u0131 mutfa\u011f\u0131 harika bir mutfak. Size Hanci Baba restoran\u0131n\u0131 tavsiye ederim. Otelden Taksim Meydan\u0131&#8217;na y\u00fcr\u00fcrken bu restoran\u0131n hemen \u00f6n\u00fcnden ge\u00e7iyorsunuz. \u00c7al\u0131\u015fanlar \u00e7ok iyi Almanca konu\u015fuyor ve \u00e7ok arkada\u015f\u00e7alar.<br>Ertesi sabah, hastane \u00e7al\u0131\u015fan\u0131 bizi tam zaman\u0131nda ald\u0131. Yolculuk yakla\u015f\u0131k 15 dakika s\u00fcrd\u00fc. Hastaneye vard\u0131\u011f\u0131m\u0131zda yakla\u015f\u0131k 20 dakika bekledik, ard\u0131ndan ikinci grup da geldi. Hastanede bizimle ilgilenen ki\u015fi \u00e7ok dost canl\u0131s\u0131yd\u0131 ve \u00e7ok iyi Almanca konu\u015fuyordu. Bize \u00e7ok iyi bakt\u0131lar. \u00d6n muayenelerin ard\u0131ndan 3 saatimiz vard\u0131 ve hastanenin kafeteryas\u0131nda bir \u015feyler yiyebildik. Sonras\u0131nda bir onay formu imzalad\u0131k ve g\u00f6z damlalar\u0131yla ilgili bir talimat ald\u0131k. Ard\u0131ndan operasyon i\u00e7in haz\u0131rlanmaya ba\u015flad\u0131k ve operasyon s\u0131ras\u0131nda yan\u0131m\u0131zda olan sorumlumuz sayesinde kendimi \u00e7ok rahat hissettim \u00e7\u00fcnk\u00fc \u0130ngilizceyi pek iyi bilmiyordum.<br>Operasyon sonras\u0131 tekrar otele d\u00f6nd\u00fck ve g\u00f6zlerim \u00e7ok yanmaya ba\u015flad\u0131\u011f\u0131 i\u00e7in biraz uyudum. 4 saat sonra yanma ge\u00e7ti ve g\u00f6zlerimi tekrar a\u00e7abildim.<br>Jorge Ferreira, Frasnacht                                       <\/p>\n\n\n\n<figure class=\"wp-block-image size-full\"><img fetchpriority=\"high\" decoding=\"async\" width=\"300\" height=\"224\" src=\"https:\/\/medicaltravel.ch\/wp-content\/uploads\/2025\/09\/2-6-300x224-1.jpg\" alt=\"\" class=\"wp-image-919\"\/><\/figure>\n\n\n\n<figure class=\"wp-block-image size-full\"><img decoding=\"async\" width=\"300\" height=\"224\" src=\"https:\/\/medicaltravel.ch\/wp-content\/uploads\/2025\/09\/3-5-300x224-1.jpg\" alt=\"\" class=\"wp-image-920\"\/><\/figure>\n\n\n\n<div class=\"wp-block-group is-layout-grid wp-container-core-group-is-layout-baef362d wp-block-group-is-layout-grid\">\n<p><a href=\"https:\/\/medicaltravel.at\/home\/agb\/\" data-type=\"page\" data-id=\"2191\" rel=\"nofollow noopener\" target=\"_blank\"><\/a><a href=\"https:\/\/medicaltravel.ch\/tr\/hasta-raporlari\/turkiye-de-tedavi-deneyimleri\/istanbulda-lazer-goez-ameliyati-icin-gecirdigim-suereye-dair-rapor-25-nisan-2012-carsamba\/\" data-type=\"link\" data-id=\"https:\/\/medicaltravel.ch\/tr\/hasta-raporlari\/turkiye-de-tedavi-deneyimleri\/istanbulda-lazer-goez-ameliyati-icin-gecirdigim-suereye-dair-rapor-25-nisan-2012-carsamba\/\">\u00d6nceki rapor<\/a><\/p>\n\n\n\n<p class=\"has-text-align-right wp-container-content-5e2576f9\"><\/p>\n<\/div>\n","protected":false},"excerpt":{"rendered":"<p>\u0130stanbul&#8217;da lazer g\u00f6z ameliyat\u0131 i\u00e7in ge\u00e7irdi\u011fim s\u00fcreye dair rapor \u2013 25 Nisan 2012 \u00c7ar\u015famba Deneyim Raporu &#8211; Jorge Ferreira\u0130stanbul&#8217;daki konaklamam: 5.04. \u2013 8.04.2012Bir s\u00fcredir g\u00f6zlerimi lazerle tedavi ettirmeyi d\u00fc\u015f\u00fcn\u00fcyordum. Ancak maliyet nedeniyle her zaman bu fikre kar\u015f\u0131 \u00e7\u0131km\u0131\u015ft\u0131m. Ge\u00e7en y\u0131l\u0131n sonbahar\u0131nda Swisslasik ile tan\u0131\u015ft\u0131m. Swisslasik hakk\u0131nda daha fazla bilgi edindim, deneyim raporlar\u0131n\u0131 okudum ve Puls Magazin&#8217;deki yaz\u0131y\u0131 inceledim. Deneyim raporlar\u0131 bana g\u00fcven verdi ve kendime dedim ki: &#8220;\u015eimdi ya hi\u00e7!&#8221; K\u0131sa bir e-posta g\u00f6r\u00fc\u015fmesinin ard\u0131ndan Arbon&#8217;da bir \u00f6n muayene randevusu ald\u0131m ve g\u00f6zlerimin uygun oldu\u011funa dair onay ald\u0131m.5 Nisan&#8217;da e\u015fimle birlikte \u0130stanbul&#8217;a u\u00e7tuk. Pegasus Havayollar\u0131 ile u\u00e7tuk ve yakla\u015f\u0131k 18:00 civar\u0131nda \u0130stanbul&#8217;un Asya yakas\u0131na indim. Maalesef, giri\u015fte baz\u0131 sorunlar ya\u015fad\u0131m. AB vatanda\u015f\u0131 olarak vizeye ihtiyac\u0131m vard\u0131, ancak bunu 15 EUR kar\u015f\u0131l\u0131\u011f\u0131nda sonradan alabilece\u011fimi \u00f6\u011frendim. Havaalan\u0131nda \u015fof\u00f6r\u00fcm\u00fcz de bizi bekliyordu. Bizi g\u00fcler y\u00fczle kar\u015f\u0131lad\u0131, ancak yol boyunca hi\u00e7 konu\u015fmad\u0131. Trafikten dolay\u0131 yakla\u015f\u0131k 1 saat s\u00fcren bir yolculu\u011fun ard\u0131ndan otelimize vard\u0131k. \u015eof\u00f6r, bizi indirdikten sonra \u0130ngilizce olarak sabah saat 7&#8217;de al\u0131naca\u011f\u0131m\u0131z\u0131 (saat 8 yerine) s\u00f6yledi.Park City Hotel&#8217;de konaklad\u0131k. Otel, sakin bir sokakta ve bir yaya b\u00f6lgesinde yer al\u0131yordu. Bu yaya b\u00f6lgesinde bir\u00e7ok restoran ve kafe bulunuyordu, bu da bizim ho\u015fumuza gitti. Odam\u0131z \u00e7ok k\u00fc\u00e7\u00fckt\u00fc ama temizdi. Otel \u00e7al\u0131\u015fanlar\u0131 \u00e7ok arkada\u015f\u00e7ayd\u0131. Ancak, oteldeki ses ge\u00e7irmezlik konusunda bir olumsuzluk ya\u015fad\u0131k. Bavullar\u0131m\u0131z\u0131 yerle\u015ftirdikten sonra d\u0131\u015far\u0131 \u00e7\u0131k\u0131p bir restoran arad\u0131k. Yedi\u011fimiz yemek \u00e7ok lezzetliydi. Osmanl\u0131 mutfa\u011f\u0131 harika bir mutfak. Size Hanci Baba restoran\u0131n\u0131 tavsiye ederim. Otelden Taksim Meydan\u0131&#8217;na y\u00fcr\u00fcrken bu restoran\u0131n hemen \u00f6n\u00fcnden ge\u00e7iyorsunuz. \u00c7al\u0131\u015fanlar \u00e7ok iyi Almanca konu\u015fuyor ve \u00e7ok arkada\u015f\u00e7alar.Ertesi sabah, hastane \u00e7al\u0131\u015fan\u0131 bizi tam zaman\u0131nda ald\u0131. Yolculuk yakla\u015f\u0131k 15 dakika s\u00fcrd\u00fc. Hastaneye vard\u0131\u011f\u0131m\u0131zda yakla\u015f\u0131k 20 dakika bekledik, ard\u0131ndan ikinci grup da geldi. Hastanede bizimle ilgilenen ki\u015fi \u00e7ok dost canl\u0131s\u0131yd\u0131 ve \u00e7ok iyi Almanca konu\u015fuyordu. Bize \u00e7ok iyi bakt\u0131lar. \u00d6n muayenelerin ard\u0131ndan 3 saatimiz vard\u0131 ve hastanenin kafeteryas\u0131nda bir \u015feyler yiyebildik. Sonras\u0131nda bir onay formu imzalad\u0131k ve g\u00f6z damlalar\u0131yla ilgili bir talimat ald\u0131k. Ard\u0131ndan operasyon i\u00e7in haz\u0131rlanmaya ba\u015flad\u0131k ve operasyon s\u0131ras\u0131nda yan\u0131m\u0131zda olan sorumlumuz sayesinde kendimi \u00e7ok rahat hissettim \u00e7\u00fcnk\u00fc \u0130ngilizceyi pek iyi bilmiyordum.Operasyon sonras\u0131 tekrar otele d\u00f6nd\u00fck ve g\u00f6zlerim \u00e7ok yanmaya ba\u015flad\u0131\u011f\u0131 i\u00e7in biraz uyudum. 4 saat sonra yanma ge\u00e7ti ve g\u00f6zlerimi tekrar a\u00e7abildim.Jorge Ferreira, Frasnacht \u00d6nceki rapor<\/p>\n","protected":false},"author":4,"featured_media":0,"parent":4471,"menu_order":0,"comment_status":"closed","ping_status":"closed","template":"","meta":{"_joinchat":[],"footnotes":""},"class_list":["post-4546","page","type-page","status-publish","hentry"],"acf":[],"_links":{"self":[{"href":"https:\/\/medicaltravel.ch\/tr\/wp-json\/wp\/v2\/pages\/4546","targetHints":{"allow":["GET"]}}],"collection":[{"href":"https:\/\/medicaltravel.ch\/tr\/wp-json\/wp\/v2\/pages"}],"about":[{"href":"https:\/\/medicaltravel.ch\/tr\/wp-json\/wp\/v2\/types\/page"}],"author":[{"embeddable":true,"href":"https:\/\/medicaltravel.ch\/tr\/wp-json\/wp\/v2\/users\/4"}],"replies":[{"embeddable":true,"href":"https:\/\/medicaltravel.ch\/tr\/wp-json\/wp\/v2\/comments?post=4546"}],"version-history":[{"count":2,"href":"https:\/\/medicaltravel.ch\/tr\/wp-json\/wp\/v2\/pages\/4546\/revisions"}],"predecessor-version":[{"id":6481,"href":"https:\/\/medicaltravel.ch\/tr\/wp-json\/wp\/v2\/pages\/4546\/revisions\/6481"}],"up":[{"embeddable":true,"href":"https:\/\/medicaltravel.ch\/tr\/wp-json\/wp\/v2\/pages\/4471"}],"wp:attachment":[{"href":"https:\/\/medicaltravel.ch\/tr\/wp-json\/wp\/v2\/media?parent=4546"}],"curies":[{"name":"wp","href":"https:\/\/api.w.org\/{rel}","templated":true}]}}