{"id":4548,"date":"2025-09-24T06:34:31","date_gmt":"2025-09-24T05:34:31","guid":{"rendered":"https:\/\/medicaltravel.ch\/hasta-raporlari\/erfahrungsberichte-behandlungen-tuerkei\/antalya-tuerkiyede-gecirdigim-lazer-goez-ameliyati-hakkindaki-deneyim-raporum-13-temmuz-2012-cuma-tarihli-rapor\/"},"modified":"2026-01-12T19:47:38","modified_gmt":"2026-01-12T18:47:38","slug":"antalya-tuerkiyede-gecirdigim-lazer-goez-ameliyati-hakkindaki-deneyim-raporum-13-temmuz-2012-cuma-tarihli-rapor","status":"publish","type":"page","link":"https:\/\/medicaltravel.ch\/tr\/hasta-raporlari\/turkiye-de-tedavi-deneyimleri\/antalya-tuerkiyede-gecirdigim-lazer-goez-ameliyati-hakkindaki-deneyim-raporum-13-temmuz-2012-cuma-tarihli-rapor\/","title":{"rendered":"Antalya, T\u00fcrkiye&#8217;de ge\u00e7irdi\u011fim lazer g\u00f6z ameliyat\u0131 hakk\u0131ndaki deneyim raporum \u2013 13 Temmuz 2012 Cuma tarihli rapor"},"content":{"rendered":"\n<p>Antalya, T\u00fcrkiye&#8217;de ge\u00e7irdi\u011fim lazer g\u00f6z ameliyat\u0131 hakk\u0131ndaki deneyim raporum \u2013 13 Temmuz 2012 Cuma tarihli rapor<\/p>\n\n\n\n<p>G\u00f6zlerimi lazerle tedavi ettirme d\u00fc\u015f\u00fcncesi zaman zaman akl\u0131ma geliyordu \u00e7\u00fcnk\u00fc hem g\u00f6zl\u00fck takmak hem de lens kullanmak beni zorluyordu. Lensler y\u00fcz\u00fcnden s\u00fcrekli k\u0131zaran g\u00f6zlerim vard\u0131, g\u00f6zl\u00fck ise bana hi\u00e7 ho\u015f gelmiyordu. Fakat \u0130svi\u00e7re&#8217;de bir g\u00f6z operasyonu yapt\u0131racak kadar param yoktu. Bir g\u00fcn, karde\u015fimin arkada\u015f\u0131, g\u00f6zlerini uygun bir fiyata T\u00fcrkiye&#8217;de d\u00fczeltti\u011fini s\u00f6yledi. Tabii ki ilk ba\u015fta, yurt d\u0131\u015f\u0131nda bir operasyonun \u0130svi\u00e7re&#8217;deki standartlara uyup uymad\u0131\u011f\u0131 konusunda endi\u015felerim oldu. Ancak ayn\u0131 zamanda \u0130svi\u00e7re&#8217;nin otomatik olarak her zaman daha pahal\u0131 oldu\u011funu ve fiyat\u0131n her zaman hizmet kalitesiyle do\u011fru orant\u0131l\u0131 olmad\u0131\u011f\u0131n\u0131 fark ettim. Bu fark\u0131ndal\u0131kla internetten ara\u015ft\u0131rma yapmaya ba\u015flad\u0131m ve T\u00fcrkiye&#8217;ye yapaca\u011f\u0131m bir seyahatin olduk\u00e7a avantajl\u0131 olabilece\u011fini fark ettim. Klinik hakk\u0131nda yaz\u0131lar ve foto\u011fraflar beni olduk\u00e7a ikna etti ve motivasyonumu art\u0131rd\u0131. \u0130svi\u00e7re&#8217;deki \u00f6n muayenem de olumlu ge\u00e7ti ve ertesi g\u00fcn Antalya&#8217;ya u\u00e7tum.<br>Bir sonraki g\u00fcn taksiyle klinikten al\u0131nd\u0131m ve burada tekrar bir \u00f6n muayene yap\u0131ld\u0131. Yap\u0131lan testler sonucu, g\u00f6zlerimin Lasik y\u00f6nteminin yan\u0131 s\u0131ra Femto y\u00f6ntemi i\u00e7in de uygun oldu\u011fu tespit edildi. Femto, standart Lasik y\u00f6ntemine g\u00f6re daha nazik bir y\u00f6ntemdir. Tabii ki bu beni heyecanland\u0131rd\u0131 ve Femto y\u00f6ntemiyle tedavi olmaya karar verdim. T\u00fcm g\u00f6r\u00fc\u015fmelerim, bir terc\u00fcman taraf\u0131ndan Almanca&#8217;ya \u00e7evrildi ve \u00e7ok iyi anla\u015f\u0131ld\u0131k. Uzun bekleme s\u00fcreleri yoktu ve muayene sonunda beni tekrar otele g\u00f6t\u00fcrd\u00fcler.<br>Ertesi g\u00fcn operasyon ger\u00e7ekle\u015ftirildi. \u00d6nce bekleme odas\u0131nda bir sakinle\u015ftirici tablet ald\u0131m. Ard\u0131ndan ameliyathaneye al\u0131nd\u0131m. Doktor g\u00f6zlerimi damla ile uyu\u015fturdu ve lazer i\u015flemine ba\u015fland\u0131. Operasyon ac\u0131s\u0131zd\u0131. Al\u0131\u015f\u0131k olmad\u0131\u011f\u0131m tek \u015fey, g\u00f6z kapaklar\u0131mdan birinin sabitlenmesiydi. Ama buna da \u00e7abucak al\u0131\u015ft\u0131m. Operasyon sonras\u0131 bir g\u00f6zl\u00fck takmam gerekti ve beni bekleme odas\u0131na g\u00f6t\u00fcrd\u00fcler. Odaya, benimle ayn\u0131 g\u00fcn operasyona al\u0131nan \u00fc\u00e7 Alman kad\u0131n da gelmi\u015fti. Onlar da Almanya&#8217;da operasyonun \u00e7ok pahal\u0131 oldu\u011funu ve bu y\u00fczden T\u00fcrkiye&#8217;ye geldiklerini s\u00f6ylediler. K\u0131sa s\u00fcre sonra otele geri d\u00f6nd\u00fcm ve biraz dinlenmek i\u00e7in yataklara ge\u00e7tim. G\u00f6z kapaklar\u0131m olduk\u00e7a a\u011f\u0131rd\u0131 ve zamanla ba\u015f a\u011fr\u0131lar\u0131 ba\u015flad\u0131, ama bir aspirinle ge\u00e7ebildiler. \u00c7ok ge\u00e7meden uyudum ve ertesi g\u00fcn g\u00f6zlerimi a\u00e7t\u0131\u011f\u0131mda 0.00 m\u00fckemmel g\u00f6rme yetene\u011fim vard\u0131.<br>Sonraki muayene m\u00fckemmel ge\u00e7ti ve ben de rahat bir \u015fekilde d\u00f6n\u00fc\u015f yolculu\u011funa \u00e7\u0131kabildim. Art\u0131k lens tak\u0131p \u00e7\u0131karma derdim yok. G\u00f6zlerim art\u0131k k\u0131rm\u0131z\u0131 de\u011fil. G\u00f6zlerimi lazerle tedavi ettirme karar\u0131m do\u011fruydu ve her \u015feyin bu kadar sorunsuz gitmesinden \u00e7ok memnun kald\u0131m.                                 Kesinlikle tavsiye edebilirim. Klinik kusursuzdu, \u00e7ok temizdi, personel son derece ilgiliydi. \u00d6zellikle terc\u00fcman\u0131 \u00f6vmek istiyorum. Hem beni hem de Almanlar\u0131 s\u00fcre\u00e7 boyunca hep destekledi ve her birimize b\u00fcy\u00fck yard\u0131mc\u0131 oldu. Justin Ehrler 11.07.2012    <\/p>\n\n\n\n<div class=\"wp-block-group is-layout-grid wp-container-core-group-is-layout-baef362d wp-block-group-is-layout-grid\">\n<p><a href=\"https:\/\/medicaltravel.at\/home\/agb\/\" data-type=\"page\" data-id=\"2191\" rel=\"nofollow noopener\" target=\"_blank\"><\/a><a href=\"https:\/\/medicaltravel.ch\/tr\/hasta-raporlari\/turkiye-de-tedavi-deneyimleri\/istanbulda-lazer-goez-ameliyati-deneyimim-29-temmuz-2012-pazar-tarihli-rapor\/\" data-type=\"link\" data-id=\"https:\/\/medicaltravel.ch\/tr\/hasta-raporlari\/turkiye-de-tedavi-deneyimleri\/istanbulda-lazer-goez-ameliyati-deneyimim-29-temmuz-2012-pazar-tarihli-rapor\/\">\u00d6nceki rapor<\/a><\/p>\n\n\n\n<p class=\"has-text-align-right wp-container-content-5e2576f9\"><a href=\"https:\/\/medicaltravel.at\/home\/impressum\/\" data-type=\"page\" data-id=\"2193\" rel=\"nofollow noopener\" target=\"_blank\"><\/a><a href=\"https:\/\/medicaltravel.at\/home\/berichte-von-patienten\/erfahrungsberichte\/erfahrungsbericht-zahnbehandlung-in-istanbul\/\" data-type=\"page\" data-id=\"981\" rel=\"nofollow noopener\" target=\"_blank\"><\/a><a href=\"https:\/\/medicaltravel.ch\/tr\/hasta-raporlari\/turkiye-de-tedavi-deneyimleri\/sonunda-goezluek-yok-istanbulda-lazer-goez-ameliyati-hakkindaki-hasta-raporum-28-haziran-2012-persembe-tarihli-rapor\/\" data-type=\"link\" data-id=\"https:\/\/medicaltravel.ch\/tr\/hasta-raporlari\/turkiye-de-tedavi-deneyimleri\/sonunda-goezluek-yok-istanbulda-lazer-goez-ameliyati-hakkindaki-hasta-raporum-28-haziran-2012-persembe-tarihli-rapor\/\">Bir sonraki rapor<\/a><\/p>\n<\/div>\n","protected":false},"excerpt":{"rendered":"<p>Antalya, T\u00fcrkiye&#8217;de ge\u00e7irdi\u011fim lazer g\u00f6z ameliyat\u0131 hakk\u0131ndaki deneyim raporum \u2013 13 Temmuz 2012 Cuma tarihli rapor G\u00f6zlerimi lazerle tedavi ettirme d\u00fc\u015f\u00fcncesi zaman zaman akl\u0131ma geliyordu \u00e7\u00fcnk\u00fc hem g\u00f6zl\u00fck takmak hem de lens kullanmak beni zorluyordu. Lensler y\u00fcz\u00fcnden s\u00fcrekli k\u0131zaran g\u00f6zlerim vard\u0131, g\u00f6zl\u00fck ise bana hi\u00e7 ho\u015f gelmiyordu. Fakat \u0130svi\u00e7re&#8217;de bir g\u00f6z operasyonu yapt\u0131racak kadar param yoktu. Bir g\u00fcn, karde\u015fimin arkada\u015f\u0131, g\u00f6zlerini uygun bir fiyata T\u00fcrkiye&#8217;de d\u00fczeltti\u011fini s\u00f6yledi. Tabii ki ilk ba\u015fta, yurt d\u0131\u015f\u0131nda bir operasyonun \u0130svi\u00e7re&#8217;deki standartlara uyup uymad\u0131\u011f\u0131 konusunda endi\u015felerim oldu. Ancak ayn\u0131 zamanda \u0130svi\u00e7re&#8217;nin otomatik olarak her zaman daha pahal\u0131 oldu\u011funu ve fiyat\u0131n her zaman hizmet kalitesiyle do\u011fru orant\u0131l\u0131 olmad\u0131\u011f\u0131n\u0131 fark ettim. Bu fark\u0131ndal\u0131kla internetten ara\u015ft\u0131rma yapmaya ba\u015flad\u0131m ve T\u00fcrkiye&#8217;ye yapaca\u011f\u0131m bir seyahatin olduk\u00e7a avantajl\u0131 olabilece\u011fini fark ettim. Klinik hakk\u0131nda yaz\u0131lar ve foto\u011fraflar beni olduk\u00e7a ikna etti ve motivasyonumu art\u0131rd\u0131. \u0130svi\u00e7re&#8217;deki \u00f6n muayenem de olumlu ge\u00e7ti ve ertesi g\u00fcn Antalya&#8217;ya u\u00e7tum.Bir sonraki g\u00fcn taksiyle klinikten al\u0131nd\u0131m ve burada tekrar bir \u00f6n muayene yap\u0131ld\u0131. Yap\u0131lan testler sonucu, g\u00f6zlerimin Lasik y\u00f6nteminin yan\u0131 s\u0131ra Femto y\u00f6ntemi i\u00e7in de uygun oldu\u011fu tespit edildi. Femto, standart Lasik y\u00f6ntemine g\u00f6re daha nazik bir y\u00f6ntemdir. Tabii ki bu beni heyecanland\u0131rd\u0131 ve Femto y\u00f6ntemiyle tedavi olmaya karar verdim. T\u00fcm g\u00f6r\u00fc\u015fmelerim, bir terc\u00fcman taraf\u0131ndan Almanca&#8217;ya \u00e7evrildi ve \u00e7ok iyi anla\u015f\u0131ld\u0131k. Uzun bekleme s\u00fcreleri yoktu ve muayene sonunda beni tekrar otele g\u00f6t\u00fcrd\u00fcler.Ertesi g\u00fcn operasyon ger\u00e7ekle\u015ftirildi. \u00d6nce bekleme odas\u0131nda bir sakinle\u015ftirici tablet ald\u0131m. Ard\u0131ndan ameliyathaneye al\u0131nd\u0131m. Doktor g\u00f6zlerimi damla ile uyu\u015fturdu ve lazer i\u015flemine ba\u015fland\u0131. Operasyon ac\u0131s\u0131zd\u0131. Al\u0131\u015f\u0131k olmad\u0131\u011f\u0131m tek \u015fey, g\u00f6z kapaklar\u0131mdan birinin sabitlenmesiydi. Ama buna da \u00e7abucak al\u0131\u015ft\u0131m. Operasyon sonras\u0131 bir g\u00f6zl\u00fck takmam gerekti ve beni bekleme odas\u0131na g\u00f6t\u00fcrd\u00fcler. Odaya, benimle ayn\u0131 g\u00fcn operasyona al\u0131nan \u00fc\u00e7 Alman kad\u0131n da gelmi\u015fti. Onlar da Almanya&#8217;da operasyonun \u00e7ok pahal\u0131 oldu\u011funu ve bu y\u00fczden T\u00fcrkiye&#8217;ye geldiklerini s\u00f6ylediler. K\u0131sa s\u00fcre sonra otele geri d\u00f6nd\u00fcm ve biraz dinlenmek i\u00e7in yataklara ge\u00e7tim. G\u00f6z kapaklar\u0131m olduk\u00e7a a\u011f\u0131rd\u0131 ve zamanla ba\u015f a\u011fr\u0131lar\u0131 ba\u015flad\u0131, ama bir aspirinle ge\u00e7ebildiler. \u00c7ok ge\u00e7meden uyudum ve ertesi g\u00fcn g\u00f6zlerimi a\u00e7t\u0131\u011f\u0131mda 0.00 m\u00fckemmel g\u00f6rme yetene\u011fim vard\u0131.Sonraki muayene m\u00fckemmel ge\u00e7ti ve ben de rahat bir \u015fekilde d\u00f6n\u00fc\u015f yolculu\u011funa \u00e7\u0131kabildim. Art\u0131k lens tak\u0131p \u00e7\u0131karma derdim yok. G\u00f6zlerim art\u0131k k\u0131rm\u0131z\u0131 de\u011fil. G\u00f6zlerimi lazerle tedavi ettirme karar\u0131m do\u011fruydu ve her \u015feyin bu kadar sorunsuz gitmesinden \u00e7ok memnun kald\u0131m. Kesinlikle tavsiye edebilirim. Klinik kusursuzdu, \u00e7ok temizdi, personel son derece ilgiliydi. \u00d6zellikle terc\u00fcman\u0131 \u00f6vmek istiyorum. Hem beni hem de Almanlar\u0131 s\u00fcre\u00e7 boyunca hep destekledi ve her birimize b\u00fcy\u00fck yard\u0131mc\u0131 oldu. Justin Ehrler 11.07.2012 \u00d6nceki rapor Bir sonraki rapor<\/p>\n","protected":false},"author":4,"featured_media":0,"parent":4471,"menu_order":0,"comment_status":"closed","ping_status":"closed","template":"","meta":{"_joinchat":[],"footnotes":""},"class_list":["post-4548","page","type-page","status-publish","hentry"],"acf":[],"_links":{"self":[{"href":"https:\/\/medicaltravel.ch\/tr\/wp-json\/wp\/v2\/pages\/4548","targetHints":{"allow":["GET"]}}],"collection":[{"href":"https:\/\/medicaltravel.ch\/tr\/wp-json\/wp\/v2\/pages"}],"about":[{"href":"https:\/\/medicaltravel.ch\/tr\/wp-json\/wp\/v2\/types\/page"}],"author":[{"embeddable":true,"href":"https:\/\/medicaltravel.ch\/tr\/wp-json\/wp\/v2\/users\/4"}],"replies":[{"embeddable":true,"href":"https:\/\/medicaltravel.ch\/tr\/wp-json\/wp\/v2\/comments?post=4548"}],"version-history":[{"count":2,"href":"https:\/\/medicaltravel.ch\/tr\/wp-json\/wp\/v2\/pages\/4548\/revisions"}],"predecessor-version":[{"id":6472,"href":"https:\/\/medicaltravel.ch\/tr\/wp-json\/wp\/v2\/pages\/4548\/revisions\/6472"}],"up":[{"embeddable":true,"href":"https:\/\/medicaltravel.ch\/tr\/wp-json\/wp\/v2\/pages\/4471"}],"wp:attachment":[{"href":"https:\/\/medicaltravel.ch\/tr\/wp-json\/wp\/v2\/media?parent=4548"}],"curies":[{"name":"wp","href":"https:\/\/api.w.org\/{rel}","templated":true}]}}