{"id":4550,"date":"2025-09-24T06:18:09","date_gmt":"2025-09-24T05:18:09","guid":{"rendered":"https:\/\/medicaltravel.ch\/hasta-raporlari\/erfahrungsberichte-behandlungen-tuerkei\/istanbulda-gecirdigim-macerali-lazer-goez-ameliyatim-6-mart-2013-carsamba-tarihli-raporum\/"},"modified":"2026-01-12T19:36:35","modified_gmt":"2026-01-12T18:36:35","slug":"istanbulda-gecirdigim-macerali-lazer-goez-ameliyatim-6-mart-2013-carsamba-tarihli-raporum","status":"publish","type":"page","link":"https:\/\/medicaltravel.ch\/tr\/hasta-raporlari\/turkiye-de-tedavi-deneyimleri\/istanbulda-gecirdigim-macerali-lazer-goez-ameliyatim-6-mart-2013-carsamba-tarihli-raporum\/","title":{"rendered":"\u0130stanbul&#8217;da ge\u00e7irdi\u011fim maceral\u0131 lazer g\u00f6z ameliyat\u0131m \u2013 6 Mart 2013 \u00c7ar\u015famba tarihli raporum."},"content":{"rendered":"\n<p>\u0130stanbul&#8217;da ge\u00e7irdi\u011fim maceral\u0131 lazer g\u00f6z ameliyat\u0131m \u2013 6 Mart 2013 \u00c7ar\u015famba tarihli raporum.<\/p>\n\n\n\n<p>Neredeyse -5.75 sa\u011f, -5.25 sol g\u00f6zlerimle neredeyse k\u00f6rd\u00fcm, lenslerimi art\u0131k kullanam\u0131yordum ve mecburen o zahmetli g\u00f6zl\u00fcklerle idare ediyordum, bu y\u00fczden lazer tedavisi benim i\u00e7in tek \u00e7\u00f6z\u00fcm yoluydu. Ne yaz\u0131k ki \u00e7ok kuru g\u00f6zlerim var. Lenslerle bir saat ge\u00e7irdikten sonra g\u00f6zlerim k\u0131pk\u0131rm\u0131z\u0131 oldu ve s\u00fcrekli bir g\u00f6zl\u00fckle ya\u015famak, her durumda, benim i\u00e7in bir se\u00e7enek de\u011fildi. Bir\u00e7ok arkada\u015f\u0131m g\u00f6zlerini lazerle yapt\u0131rm\u0131\u015ft\u0131. Ancak \u00e7o\u011fu ki\u015fi \u0130svi\u00e7re&#8217;de \u00e7ok y\u00fcksek fiyatlara yapt\u0131rm\u0131\u015ft\u0131, bu y\u00fczden benim i\u00e7in bir se\u00e7enek de\u011fildi. Annemin bir arkada\u015f\u0131 Swisslasik ve s\u00fcre\u00e7 hakk\u0131nda \u00f6vg\u00fcyle bahsedince, \u0130stanbul&#8217;da g\u00f6zlerimi en k\u0131sa s\u00fcrede lazerle yapt\u0131raca\u011f\u0131m\u0131 hemen anlad\u0131m. Hemen Bay Karaagacli ile ileti\u015fime ge\u00e7tim ve o andan itibaren her \u015fey \u00e7ok h\u0131zl\u0131, profesyonel, sorunsuz ve inan\u0131lmaz derecede dost\u00e7a ilerledi. A&#8217;dan Z&#8217;ye her \u015fey \u00e7ok iyi organize edilmi\u015fti. Otel, u\u00e7u\u015f, transfer, operasyon, d\u00f6n\u00fc\u015f yolculu\u011fu, sonras\u0131 kontrol&#8230; Ger\u00e7ekten tek yapman\u0131z gereken &#8220;g\u00f6zlerinizi kapat\u0131p ge\u00e7mek&#8221; oldu. \u0130svi\u00e7re&#8217;deki \u00f6n muayeneyi tavsiye ederim. G\u00f6zlerin operasyona uygun oldu\u011funu bilmek, soru sormak ve biraz olsun korkuyu atmak i\u00e7in iyi bir f\u0131rsat. Korku konusunda, ben \u00f6l\u00fcm korkusu ya\u015fayanlardan biriydim. G\u00f6z lazer ameliyat\u0131m hakk\u0131nda gece g\u00fcnd\u00fcz d\u00fc\u015f\u00fcn\u00fcyordum, her yerde k\u00f6r insanlar g\u00f6r\u00fcyordum, g\u00f6zlerimle ilgili kabuslar\u0131m vard\u0131. Ger\u00e7ekten her \u015feyin bu kadar korkun\u00e7 olmad\u0131\u011f\u0131n\u0131 bilseydim, LASIK \u00f6ncesi bu korkulu ay\u0131 ya\u015famam gerekmemi\u015fti. Seyahat g\u00fcn\u00fc geldi. Bu yolculu\u011fu partnerimle birlikte yapt\u0131m. Korku hala heyecandan daha g\u00fc\u00e7l\u00fcyd\u00fc. U\u00e7u\u015f ve otele transfer sorunsuz ge\u00e7ti. \u0130stanbul&#8217;a vard\u0131k ve b\u00fct\u00fcn g\u00fcn\u00fc al\u0131\u015fveri\u015f yaparak ge\u00e7irdik. Ak\u015fam erken yatt\u0131k, ertesi g\u00fcn yap\u0131lacak LASIK i\u00e7in haz\u0131r olmak amac\u0131yla. Ertesi g\u00fcn, (ben, partnerim ve g\u00f6zlerini lazerle yapt\u0131rmak isteyen 3 di\u011fer ki\u015fi) zaman\u0131nda \u015fof\u00f6r taraf\u0131ndan al\u0131nd\u0131k. Klinik&#8217;e geldi\u011fimizde terc\u00fcman\u0131m\u0131z taraf\u0131ndan \u00e7ok s\u0131cak bir \u015fekilde kar\u015f\u0131land\u0131k. Bizi bilgilendirdi, \u00f6n muayeneler h\u0131zl\u0131 bir \u015fekilde tamamland\u0131. Ameliyat \u00f6\u011fleye planlanm\u0131\u015ft\u0131. &#8220;E\u011flence&#8221; ba\u015flamadan \u00f6nce rahat\u00e7a bir \u00f6\u011fle yeme\u011fi yedik. \u015eunu s\u00f6ylemeliyim ki, o g\u00fcn g\u00f6zlerini lazerle yapt\u0131ran tek ki\u015fi olmad\u0131\u011f\u0131m\u0131 bilmek \u00e7ok yard\u0131mc\u0131 oldu. \u0130yi bir gruptuk. \u00c7ok g\u00fcld\u00fck ve birbirimize cesaret verdik. S\u0131ra geldi\u011finde hepimiz birer sakinle\u015ftirici tablet ald\u0131k (bunu herkese tavsiye ederim). Ameliyat odas\u0131na g\u00f6t\u00fcr\u00fcld\u00fc\u011f\u00fcmde (her zaman yan\u0131mda terc\u00fcman\u0131m vard\u0131) panik oldum. Ger\u00e7ekten zor bir hastayd\u0131m san\u0131r\u0131m. Ameliyat boyunca \u00e7ocuk gibi inledim ve terc\u00fcman\u0131m\u0131 s\u0131k\u0131ca tuttum. Zavall\u0131 terc\u00fcman\u0131m, ameliyat sonras\u0131nda \u00e7ok yorgun oldu\u011funu s\u00f6yledi. V\u00fccudumda da izlerim vard\u0131. 10-15 dakika s\u00fcrecek olan operasyonum yakla\u015f\u0131k 25 dakika s\u00fcrd\u00fc, \u00e7\u00fcnk\u00fc ger\u00e7ekten doktora zor anlar ya\u015fatt\u0131m. Ama doktor so\u011fukkanl\u0131, sab\u0131rl\u0131 ve profesyoneldi. Her \u015fey \u00e7ok temiz ve sterildi. Ameliyat\u0131n kendisi hi\u00e7 de korkun\u00e7 de\u011fildi. Rahats\u0131z edici de\u011fildi, ama a\u011fr\u0131 hissetmedim ve g\u00f6z\u00fcmde herhangi bir \u015fey yap\u0131ld\u0131\u011f\u0131n\u0131 bile fark etmedim. Bu 25 dakikada hissettiklerimi k\u0131sa bir \u015fekilde a\u00e7\u0131klamak gerekirse: Bir \u0131\u015f\u0131k patlamas\u0131. \u0130lk \u00f6nce k\u0131rm\u0131z\u0131 bir nokta, birka\u00e7 y\u0131ld\u0131z, sonra her \u015fey bulan\u0131kla\u015ft\u0131, arada her \u015fey griydi, sonra pek \u00e7ok k\u00fc\u00e7\u00fck y\u0131ld\u0131z, yanm\u0131\u015f sa\u00e7 kokusu (ama bu kokuyu seviyorum) tekrar damlalardan biraz nem ve sonra b\u00fct\u00fcn sihir bitmi\u015fti. Sonras\u0131nda koruyucu g\u00f6zl\u00fck tak\u0131ld\u0131 ve bekleme odas\u0131na y\u00f6nlendirildim. \u00d6nce terc\u00fcman\u0131 teselli etmem gerekti, \u00e7\u00fcnk\u00fc o da t\u00fckenmi\u015fti. Benim sakinle\u015ftirici tabletim ancak \u015fimdi etkisini g\u00f6sterdi. \u00c7ok yorgundum ve g\u00f6zlerimi a\u00e7am\u0131yordum, \u00e7\u00fcnk\u00fc o kadar yan\u0131yordu ve sulan\u0131yordu ki, sanki bir so\u011fan kesmi\u015f gibi. Di\u011ferlerinin operasyonu da sorunsuz ge\u00e7ti ama onlar da tabletin etkisiyle t\u00fckenmi\u015fti. Hepimiz otele geri g\u00f6t\u00fcr\u00fcld\u00fck. 4 saat kadar uyudum. Tablet sayesinde hemen uyudum. Partnerim beni uyand\u0131rd\u0131\u011f\u0131nda, operasyon sonras\u0131 ilk kez yap\u0131\u015fm\u0131\u015f g\u00f6zlerimi a\u00e7t\u0131m ve i\u015fte g\u00f6rd\u00fcm! Hala biraz bulan\u0131k olsa da her \u015feyi net ve a\u00e7\u0131k g\u00f6rd\u00fcm. Bir hayal. Ak\u015fam, di\u011fer hastalarla birlikte ak\u015fam yeme\u011fine gittik. G\u00d6ZL\u00dcKS\u00dcZ&#8230; Yani sadece komik koruyucu g\u00fcne\u015f g\u00f6zl\u00fc\u011f\u00fcyle. Sa\u011f g\u00f6z\u00fcm \u00e7ok net g\u00f6r\u00fcyordu, sol g\u00f6z\u00fcm ise hen\u00fcz %100 de\u011fil. O g\u00f6zde biraz zorlanm\u0131\u015f ve hareket etmi\u015ftim. Ertesi g\u00fcn de o g\u00f6zde bir d\u00fczelme olmad\u0131. Doktor, o g\u00f6z\u00fcn \u00f6zellikle stres alt\u0131nda kald\u0131\u011f\u0131n\u0131 ve operasyonun daha uzun s\u00fcrd\u00fc\u011f\u00fcn\u00fc s\u00f6yledi. Sab\u0131rl\u0131 olmam gerekti\u011fini s\u00f6yledi. Zaten kuru g\u00f6zlerim oldu\u011fu i\u00e7in, LASIK sonras\u0131 biraz sorun ya\u015fad\u0131m. \u00d6zellikle sol g\u00f6zde. Sa\u011f g\u00f6z\u00fcm her ge\u00e7en g\u00fcn daha iyi oldu. Sol g\u00f6zde ise uzun s\u00fcre bir \u015fey de\u011fi\u015fmedi. Hatta bazen daha k\u00f6t\u00fc oldu. Yine de operasyon \u00f6ncesinden \u00e7ok daha iyi, ama sadece %70 g\u00f6rme g\u00fcc\u00fcm vard\u0131. \u0130svi\u00e7re&#8217;deki kontrole gitti\u011fimde doktor, \u00e7ok kuru g\u00f6zlerim oldu\u011funu s\u00f6yledi. Bana g\u00f6z damlas\u0131 ve gece i\u00e7in bir pomad verdi. Ayr\u0131ca daha fazla su i\u00e7iyorum ve ofisim i\u00e7in bir nemlendirici ald\u0131m. Ameliyat\u0131m 3.5 hafta \u00f6nceydi ve g\u00f6rmem giderek daha netle\u015fiyor. Sol g\u00f6z\u00fcm yava\u015f\u00e7a iyile\u015fiyor (orada yakla\u015f\u0131k -0.5 derece miyopluk var). Ama bu birka\u00e7 hafta s\u00fcrebilir. T\u00fcm arkada\u015flar\u0131mda her \u015feyin tam oturmas\u0131 iki ay s\u00fcrd\u00fc. Yani tamamen net g\u00f6rebilmek i\u00e7in biraz daha sab\u0131r gerekecek. Ama \u015fikayet\u00e7i de\u011filim. \u00c7ok iyi g\u00f6r\u00fcyorum. Bu y\u00fczden y\u00fcksek kaliteyle \u015fikayet etmek gibi. LASIK, hayat\u0131mda verdi\u011fim en iyi kararlardan biriydi ve herkese tavsiye edebilirim. Ger\u00e7ekten iyi organize edilmi\u015f, \u00e7ok uygun fiyatl\u0131 ve \u00e7ok y\u00fcksek standartlarda yap\u0131lm\u0131\u015f LASIK, \u0130stanbul&#8217;da al\u0131\u015fveri\u015f turuyla birle\u015fmi\u015fti. Her sabah g\u00f6zl\u00fck ya da lens olmadan uyanmak ger\u00e7ekten b\u00fcy\u00fck bir hediye. Hala bazen sabahlar\u0131 g\u00f6zl\u00fc\u011f\u00fcm\u00fc ba\u015fucumda arad\u0131\u011f\u0131m\u0131 fark ediyorum. Ayn\u0131 \u015fekilde, lens, g\u00f6z damlas\u0131, lens suyu, g\u00f6zl\u00fck \u00e7er\u00e7evesi, g\u00f6zl\u00fck camlar\u0131 vb. almak zorunda kalmad\u0131\u011f\u0131n\u0131zda tasarruf edilen para ve zaman da cabas\u0131. Bu y\u00fczden tekrar Bay Karaagacli&#8217;ye nazik ve sab\u0131rl\u0131 rehberli\u011fi, ayn\u0131 zamanda profesyonel hizmeti i\u00e7in \u00e7ok te\u015fekk\u00fcr ederim.<\/p>\n\n\n\n<div class=\"wp-block-group is-layout-grid wp-container-core-group-is-layout-baef362d wp-block-group-is-layout-grid\">\n<p><a href=\"https:\/\/medicaltravel.at\/home\/agb\/\" data-type=\"page\" data-id=\"2191\" rel=\"nofollow noopener\" target=\"_blank\"><\/a><a href=\"https:\/\/medicaltravel.ch\/tr\/hasta-raporlari\/turkiye-de-tedavi-deneyimleri\/swisslasik-olmasaydi-bes-kat-daha-fazla-bile-oederdim-12-mart-2013-sali-tarihli-rapor\/\" data-type=\"link\" data-id=\"https:\/\/medicaltravel.ch\/tr\/hasta-raporlari\/turkiye-de-tedavi-deneyimleri\/swisslasik-olmasaydi-bes-kat-daha-fazla-bile-oederdim-12-mart-2013-sali-tarihli-rapor\/\">\u00d6nceki rapor<\/a><\/p>\n\n\n\n<p class=\"has-text-align-right wp-container-content-5e2576f9\"><a href=\"https:\/\/medicaltravel.at\/home\/impressum\/\" data-type=\"page\" data-id=\"2193\" rel=\"nofollow noopener\" target=\"_blank\"><\/a><a href=\"https:\/\/medicaltravel.at\/home\/berichte-von-patienten\/erfahrungsberichte\/erfahrungsbericht-zahnbehandlung-in-istanbul\/\" data-type=\"page\" data-id=\"981\" rel=\"nofollow noopener\" target=\"_blank\"><\/a><a href=\"https:\/\/medicaltravel.ch\/tr\/hasta-raporlari\/turkiye-de-tedavi-deneyimleri\/swisslasik-deneyim-raporu-5-subat-2013-sali-tarihli-rapor\/\" data-type=\"link\" data-id=\"https:\/\/medicaltravel.ch\/tr\/hasta-raporlari\/turkiye-de-tedavi-deneyimleri\/swisslasik-deneyim-raporu-5-subat-2013-sali-tarihli-rapor\/\">Bir sonraki rapor<\/a><\/p>\n<\/div>\n","protected":false},"excerpt":{"rendered":"<p>\u0130stanbul&#8217;da ge\u00e7irdi\u011fim maceral\u0131 lazer g\u00f6z ameliyat\u0131m \u2013 6 Mart 2013 \u00c7ar\u015famba tarihli raporum. Neredeyse -5.75 sa\u011f, -5.25 sol g\u00f6zlerimle neredeyse k\u00f6rd\u00fcm, lenslerimi art\u0131k kullanam\u0131yordum ve mecburen o zahmetli g\u00f6zl\u00fcklerle idare ediyordum, bu y\u00fczden lazer tedavisi benim i\u00e7in tek \u00e7\u00f6z\u00fcm yoluydu. Ne yaz\u0131k ki \u00e7ok kuru g\u00f6zlerim var. Lenslerle bir saat ge\u00e7irdikten sonra g\u00f6zlerim k\u0131pk\u0131rm\u0131z\u0131 oldu ve s\u00fcrekli bir g\u00f6zl\u00fckle ya\u015famak, her durumda, benim i\u00e7in bir se\u00e7enek de\u011fildi. Bir\u00e7ok arkada\u015f\u0131m g\u00f6zlerini lazerle yapt\u0131rm\u0131\u015ft\u0131. Ancak \u00e7o\u011fu ki\u015fi \u0130svi\u00e7re&#8217;de \u00e7ok y\u00fcksek fiyatlara yapt\u0131rm\u0131\u015ft\u0131, bu y\u00fczden benim i\u00e7in bir se\u00e7enek de\u011fildi. Annemin bir arkada\u015f\u0131 Swisslasik ve s\u00fcre\u00e7 hakk\u0131nda \u00f6vg\u00fcyle bahsedince, \u0130stanbul&#8217;da g\u00f6zlerimi en k\u0131sa s\u00fcrede lazerle yapt\u0131raca\u011f\u0131m\u0131 hemen anlad\u0131m. Hemen Bay Karaagacli ile ileti\u015fime ge\u00e7tim ve o andan itibaren her \u015fey \u00e7ok h\u0131zl\u0131, profesyonel, sorunsuz ve inan\u0131lmaz derecede dost\u00e7a ilerledi. A&#8217;dan Z&#8217;ye her \u015fey \u00e7ok iyi organize edilmi\u015fti. Otel, u\u00e7u\u015f, transfer, operasyon, d\u00f6n\u00fc\u015f yolculu\u011fu, sonras\u0131 kontrol&#8230; Ger\u00e7ekten tek yapman\u0131z gereken &#8220;g\u00f6zlerinizi kapat\u0131p ge\u00e7mek&#8221; oldu. \u0130svi\u00e7re&#8217;deki \u00f6n muayeneyi tavsiye ederim. G\u00f6zlerin operasyona uygun oldu\u011funu bilmek, soru sormak ve biraz olsun korkuyu atmak i\u00e7in iyi bir f\u0131rsat. Korku konusunda, ben \u00f6l\u00fcm korkusu ya\u015fayanlardan biriydim. G\u00f6z lazer ameliyat\u0131m hakk\u0131nda gece g\u00fcnd\u00fcz d\u00fc\u015f\u00fcn\u00fcyordum, her yerde k\u00f6r insanlar g\u00f6r\u00fcyordum, g\u00f6zlerimle ilgili kabuslar\u0131m vard\u0131. Ger\u00e7ekten her \u015feyin bu kadar korkun\u00e7 olmad\u0131\u011f\u0131n\u0131 bilseydim, LASIK \u00f6ncesi bu korkulu ay\u0131 ya\u015famam gerekmemi\u015fti. Seyahat g\u00fcn\u00fc geldi. Bu yolculu\u011fu partnerimle birlikte yapt\u0131m. Korku hala heyecandan daha g\u00fc\u00e7l\u00fcyd\u00fc. U\u00e7u\u015f ve otele transfer sorunsuz ge\u00e7ti. \u0130stanbul&#8217;a vard\u0131k ve b\u00fct\u00fcn g\u00fcn\u00fc al\u0131\u015fveri\u015f yaparak ge\u00e7irdik. Ak\u015fam erken yatt\u0131k, ertesi g\u00fcn yap\u0131lacak LASIK i\u00e7in haz\u0131r olmak amac\u0131yla. Ertesi g\u00fcn, (ben, partnerim ve g\u00f6zlerini lazerle yapt\u0131rmak isteyen 3 di\u011fer ki\u015fi) zaman\u0131nda \u015fof\u00f6r taraf\u0131ndan al\u0131nd\u0131k. Klinik&#8217;e geldi\u011fimizde terc\u00fcman\u0131m\u0131z taraf\u0131ndan \u00e7ok s\u0131cak bir \u015fekilde kar\u015f\u0131land\u0131k. Bizi bilgilendirdi, \u00f6n muayeneler h\u0131zl\u0131 bir \u015fekilde tamamland\u0131. Ameliyat \u00f6\u011fleye planlanm\u0131\u015ft\u0131. &#8220;E\u011flence&#8221; ba\u015flamadan \u00f6nce rahat\u00e7a bir \u00f6\u011fle yeme\u011fi yedik. \u015eunu s\u00f6ylemeliyim ki, o g\u00fcn g\u00f6zlerini lazerle yapt\u0131ran tek ki\u015fi olmad\u0131\u011f\u0131m\u0131 bilmek \u00e7ok yard\u0131mc\u0131 oldu. \u0130yi bir gruptuk. \u00c7ok g\u00fcld\u00fck ve birbirimize cesaret verdik. S\u0131ra geldi\u011finde hepimiz birer sakinle\u015ftirici tablet ald\u0131k (bunu herkese tavsiye ederim). Ameliyat odas\u0131na g\u00f6t\u00fcr\u00fcld\u00fc\u011f\u00fcmde (her zaman yan\u0131mda terc\u00fcman\u0131m vard\u0131) panik oldum. Ger\u00e7ekten zor bir hastayd\u0131m san\u0131r\u0131m. Ameliyat boyunca \u00e7ocuk gibi inledim ve terc\u00fcman\u0131m\u0131 s\u0131k\u0131ca tuttum. Zavall\u0131 terc\u00fcman\u0131m, ameliyat sonras\u0131nda \u00e7ok yorgun oldu\u011funu s\u00f6yledi. V\u00fccudumda da izlerim vard\u0131. 10-15 dakika s\u00fcrecek olan operasyonum yakla\u015f\u0131k 25 dakika s\u00fcrd\u00fc, \u00e7\u00fcnk\u00fc ger\u00e7ekten doktora zor anlar ya\u015fatt\u0131m. Ama doktor so\u011fukkanl\u0131, sab\u0131rl\u0131 ve profesyoneldi. Her \u015fey \u00e7ok temiz ve sterildi. Ameliyat\u0131n kendisi hi\u00e7 de korkun\u00e7 de\u011fildi. Rahats\u0131z edici de\u011fildi, ama a\u011fr\u0131 hissetmedim ve g\u00f6z\u00fcmde herhangi bir \u015fey yap\u0131ld\u0131\u011f\u0131n\u0131 bile fark etmedim. Bu 25 dakikada hissettiklerimi k\u0131sa bir \u015fekilde a\u00e7\u0131klamak gerekirse: Bir \u0131\u015f\u0131k patlamas\u0131. \u0130lk \u00f6nce k\u0131rm\u0131z\u0131 bir nokta, birka\u00e7 y\u0131ld\u0131z, sonra her \u015fey bulan\u0131kla\u015ft\u0131, arada her \u015fey griydi, sonra pek \u00e7ok k\u00fc\u00e7\u00fck y\u0131ld\u0131z, yanm\u0131\u015f sa\u00e7 kokusu (ama bu kokuyu seviyorum) tekrar damlalardan biraz nem ve sonra b\u00fct\u00fcn sihir bitmi\u015fti. Sonras\u0131nda koruyucu g\u00f6zl\u00fck tak\u0131ld\u0131 ve bekleme odas\u0131na y\u00f6nlendirildim. \u00d6nce terc\u00fcman\u0131 teselli etmem gerekti, \u00e7\u00fcnk\u00fc o da t\u00fckenmi\u015fti. Benim sakinle\u015ftirici tabletim ancak \u015fimdi etkisini g\u00f6sterdi. \u00c7ok yorgundum ve g\u00f6zlerimi a\u00e7am\u0131yordum, \u00e7\u00fcnk\u00fc o kadar yan\u0131yordu ve sulan\u0131yordu ki, sanki bir so\u011fan kesmi\u015f gibi. Di\u011ferlerinin operasyonu da sorunsuz ge\u00e7ti ama onlar da tabletin etkisiyle t\u00fckenmi\u015fti. Hepimiz otele geri g\u00f6t\u00fcr\u00fcld\u00fck. 4 saat kadar uyudum. Tablet sayesinde hemen uyudum. Partnerim beni uyand\u0131rd\u0131\u011f\u0131nda, operasyon sonras\u0131 ilk kez yap\u0131\u015fm\u0131\u015f g\u00f6zlerimi a\u00e7t\u0131m ve i\u015fte g\u00f6rd\u00fcm! Hala biraz bulan\u0131k olsa da her \u015feyi net ve a\u00e7\u0131k g\u00f6rd\u00fcm. Bir hayal. Ak\u015fam, di\u011fer hastalarla birlikte ak\u015fam yeme\u011fine gittik. G\u00d6ZL\u00dcKS\u00dcZ&#8230; Yani sadece komik koruyucu g\u00fcne\u015f g\u00f6zl\u00fc\u011f\u00fcyle. Sa\u011f g\u00f6z\u00fcm \u00e7ok net g\u00f6r\u00fcyordu, sol g\u00f6z\u00fcm ise hen\u00fcz %100 de\u011fil. O g\u00f6zde biraz zorlanm\u0131\u015f ve hareket etmi\u015ftim. Ertesi g\u00fcn de o g\u00f6zde bir d\u00fczelme olmad\u0131. Doktor, o g\u00f6z\u00fcn \u00f6zellikle stres alt\u0131nda kald\u0131\u011f\u0131n\u0131 ve operasyonun daha uzun s\u00fcrd\u00fc\u011f\u00fcn\u00fc s\u00f6yledi. Sab\u0131rl\u0131 olmam gerekti\u011fini s\u00f6yledi. Zaten kuru g\u00f6zlerim oldu\u011fu i\u00e7in, LASIK sonras\u0131 biraz sorun ya\u015fad\u0131m. \u00d6zellikle sol g\u00f6zde. Sa\u011f g\u00f6z\u00fcm her ge\u00e7en g\u00fcn daha iyi oldu. Sol g\u00f6zde ise uzun s\u00fcre bir \u015fey de\u011fi\u015fmedi. Hatta bazen daha k\u00f6t\u00fc oldu. Yine de operasyon \u00f6ncesinden \u00e7ok daha iyi, ama sadece %70 g\u00f6rme g\u00fcc\u00fcm vard\u0131. \u0130svi\u00e7re&#8217;deki kontrole gitti\u011fimde doktor, \u00e7ok kuru g\u00f6zlerim oldu\u011funu s\u00f6yledi. Bana g\u00f6z damlas\u0131 ve gece i\u00e7in bir pomad verdi. Ayr\u0131ca daha fazla su i\u00e7iyorum ve ofisim i\u00e7in bir nemlendirici ald\u0131m. Ameliyat\u0131m 3.5 hafta \u00f6nceydi ve g\u00f6rmem giderek daha netle\u015fiyor. Sol g\u00f6z\u00fcm yava\u015f\u00e7a iyile\u015fiyor (orada yakla\u015f\u0131k -0.5 derece miyopluk var). Ama bu birka\u00e7 hafta s\u00fcrebilir. T\u00fcm arkada\u015flar\u0131mda her \u015feyin tam oturmas\u0131 iki ay s\u00fcrd\u00fc. Yani tamamen net g\u00f6rebilmek i\u00e7in biraz daha sab\u0131r gerekecek. Ama \u015fikayet\u00e7i de\u011filim. \u00c7ok iyi g\u00f6r\u00fcyorum. Bu y\u00fczden y\u00fcksek kaliteyle \u015fikayet etmek gibi. LASIK, hayat\u0131mda verdi\u011fim en iyi kararlardan biriydi ve herkese tavsiye edebilirim. Ger\u00e7ekten iyi organize edilmi\u015f, \u00e7ok uygun fiyatl\u0131 ve \u00e7ok y\u00fcksek standartlarda yap\u0131lm\u0131\u015f LASIK, \u0130stanbul&#8217;da al\u0131\u015fveri\u015f turuyla birle\u015fmi\u015fti. Her sabah g\u00f6zl\u00fck ya da lens olmadan uyanmak ger\u00e7ekten b\u00fcy\u00fck bir hediye. Hala bazen sabahlar\u0131 g\u00f6zl\u00fc\u011f\u00fcm\u00fc ba\u015fucumda arad\u0131\u011f\u0131m\u0131 fark ediyorum. Ayn\u0131 \u015fekilde, lens, g\u00f6z damlas\u0131, lens suyu, g\u00f6zl\u00fck \u00e7er\u00e7evesi, g\u00f6zl\u00fck camlar\u0131 vb. almak zorunda kalmad\u0131\u011f\u0131n\u0131zda tasarruf edilen para ve zaman da cabas\u0131. Bu y\u00fczden tekrar Bay Karaagacli&#8217;ye nazik ve sab\u0131rl\u0131 rehberli\u011fi, ayn\u0131 zamanda profesyonel hizmeti i\u00e7in \u00e7ok te\u015fekk\u00fcr ederim. \u00d6nceki rapor Bir sonraki rapor<\/p>\n","protected":false},"author":4,"featured_media":0,"parent":4471,"menu_order":0,"comment_status":"closed","ping_status":"closed","template":"","meta":{"_joinchat":[],"footnotes":""},"class_list":["post-4550","page","type-page","status-publish","hentry"],"acf":[],"_links":{"self":[{"href":"https:\/\/medicaltravel.ch\/tr\/wp-json\/wp\/v2\/pages\/4550","targetHints":{"allow":["GET"]}}],"collection":[{"href":"https:\/\/medicaltravel.ch\/tr\/wp-json\/wp\/v2\/pages"}],"about":[{"href":"https:\/\/medicaltravel.ch\/tr\/wp-json\/wp\/v2\/types\/page"}],"author":[{"embeddable":true,"href":"https:\/\/medicaltravel.ch\/tr\/wp-json\/wp\/v2\/users\/4"}],"replies":[{"embeddable":true,"href":"https:\/\/medicaltravel.ch\/tr\/wp-json\/wp\/v2\/comments?post=4550"}],"version-history":[{"count":2,"href":"https:\/\/medicaltravel.ch\/tr\/wp-json\/wp\/v2\/pages\/4550\/revisions"}],"predecessor-version":[{"id":6452,"href":"https:\/\/medicaltravel.ch\/tr\/wp-json\/wp\/v2\/pages\/4550\/revisions\/6452"}],"up":[{"embeddable":true,"href":"https:\/\/medicaltravel.ch\/tr\/wp-json\/wp\/v2\/pages\/4471"}],"wp:attachment":[{"href":"https:\/\/medicaltravel.ch\/tr\/wp-json\/wp\/v2\/media?parent=4550"}],"curies":[{"name":"wp","href":"https:\/\/api.w.org\/{rel}","templated":true}]}}