{"id":4554,"date":"2025-09-24T06:17:03","date_gmt":"2025-09-24T05:17:03","guid":{"rendered":"https:\/\/medicaltravel.ch\/hasta-raporlari\/erfahrungsberichte-behandlungen-tuerkei\/femto-lasik-deneyimimi-istanbul-tuerkiyede-yasadim-27-mayis-2013-pazartesi-guenue-yazdigim-rapor\/"},"modified":"2026-01-12T19:35:29","modified_gmt":"2026-01-12T18:35:29","slug":"femto-lasik-deneyimimi-istanbul-tuerkiyede-yasadim-27-mayis-2013-pazartesi-guenue-yazdigim-rapor","status":"publish","type":"page","link":"https:\/\/medicaltravel.ch\/tr\/hasta-raporlari\/turkiye-de-tedavi-deneyimleri\/femto-lasik-deneyimimi-istanbul-tuerkiyede-yasadim-27-mayis-2013-pazartesi-guenue-yazdigim-rapor\/","title":{"rendered":"Femto LASIK deneyimimi \u0130stanbul, T\u00fcrkiye&#8217;de ya\u015fad\u0131m \u2013 27 May\u0131s 2013 Pazartesi g\u00fcn\u00fc yazd\u0131\u011f\u0131m rapor:"},"content":{"rendered":"\n<p>Femto LASIK deneyimimi \u0130stanbul, T\u00fcrkiye&#8217;de ya\u015fad\u0131m \u2013 27 May\u0131s 2013 Pazartesi g\u00fcn\u00fc yazd\u0131\u011f\u0131m rapor:<\/p>\n\n\n\n<p>M\u00fckemmel hizmet, \u0130svi\u00e7re&#8217;deki Bay Karaaga\u00e7li&#8217;nin son derece dost\u00e7a ve profesyonel rehberli\u011fiyle ba\u015flad\u0131. Her zaman nazik bir \u015fekilde dan\u0131\u015fmanl\u0131k yapt\u0131 ve hi\u00e7bir ad\u0131m atmam i\u00e7in zorlamad\u0131, bu benim i\u00e7in \u00e7ok de\u011ferli bir yakla\u015f\u0131m oldu. \u0130stanbul&#8217;da da ayn\u0131 \u015fekilde devam etti: \u0130stanbul&#8217;a vard\u0131\u011f\u0131mda beni \u00e7ok sempatik bir T\u00fcrk \u015fof\u00f6r kar\u015f\u0131lad\u0131, beni ve iki yol arkada\u015f\u0131m\u0131 do\u011frudan Levent Oteli&#8217;ne, g\u00fczel ve yeni bir ara\u00e7la g\u00f6t\u00fcrd\u00fc. Otel harikayd\u0131 \u2013 merkezi bir konumdayd\u0131 ve \u00e7evresi de m\u00fckemmeldi. Hemen yak\u0131n\u0131nda bir al\u0131\u015fveri\u015f merkezi vard\u0131 ve Swisslasik-Pass&#8217;\u0131mda, \u0130stanbul&#8217;da gezilecek yerler ve restoranlar i\u00e7in faydal\u0131 \u00f6neriler buldum. Ertesi g\u00fcn i\u015flem ba\u015flad\u0131: Sabahki \u00f6n muayene ne kadar h\u0131zl\u0131 ge\u00e7tiyse, \u00f6\u011fleden sonra da ayn\u0131 h\u0131zla ameliyat\u0131m yap\u0131ld\u0131. Ameliyat k\u0131sa ve olduk\u00e7a a\u011fr\u0131s\u0131zd\u0131. \u00c7ok sakin kald\u0131m \u00e7\u00fcnk\u00fc yan\u0131mda Almanca konu\u015fan bir ki\u015fisel dan\u0131\u015fman\u0131m vard\u0131! Doktor da \u00e7ok nazikti ve s\u00fcrekli g\u00fcl\u00fcms\u00fcyordu! Her \u015fey olduk\u00e7a h\u0131zl\u0131 ge\u00e7ti, bu y\u00fczden son ana kadar sinirlenmeye zaman\u0131m bile olmad\u0131! Bu ger\u00e7ekten \u00e7ok iyi oldu \u00e7\u00fcnk\u00fc ameliyat sonras\u0131 4 saat i\u00e7inde bile, iki yol arkada\u015f\u0131mla d\u0131\u015far\u0131da yemek yiyebildim! Tabii ki g\u00fcne\u015f g\u00f6zl\u00fc\u011f\u00fcyle\u2026 Ertesi g\u00fcn, kontrolden sonra \u2013 ki o da m\u00fckemmel ge\u00e7ti \u2013 iki arkada\u015f\u0131m ile birlikte \u0130stanbul&#8217;u ke\u015ffedecek kadar sa\u011fl\u0131kl\u0131yd\u0131m. Sonu\u00e7 m\u00fckemmel! Y\u00fczde 100 g\u00f6rmeye tekrar kavu\u015ftum ve genel olarak Swisslasik&#8217;ten son derece memnun kald\u0131m: Her \u015fey harika gitti ve hizmet \u00fcst d\u00fczeydi! T\u00fcm Swisslasik ekibine \u00e7ok te\u015fekk\u00fcr ederim! Jennifer Glorian              <\/p>\n\n\n\n<div class=\"wp-block-group is-layout-grid wp-container-core-group-is-layout-baef362d wp-block-group-is-layout-grid\">\n<p><a href=\"https:\/\/medicaltravel.at\/home\/agb\/\" data-type=\"page\" data-id=\"2191\" rel=\"nofollow noopener\" target=\"_blank\"><\/a><a href=\"https:\/\/medicaltravel.ch\/tr\/hasta-raporlari\/turkiye-de-tedavi-deneyimleri\/swisslasik-araciligiyla-istanbulda-yapilan-goez-ameliyatina-iliskin-deneyim-raporu-18-haziran-2013-sali-tarihli-rapor\/\" data-type=\"link\" data-id=\"https:\/\/medicaltravel.ch\/tr\/hasta-raporlari\/turkiye-de-tedavi-deneyimleri\/swisslasik-araciligiyla-istanbulda-yapilan-goez-ameliyatina-iliskin-deneyim-raporu-18-haziran-2013-sali-tarihli-rapor\/\">\u00d6nceki rapor<\/a><\/p>\n\n\n\n<p class=\"has-text-align-right wp-container-content-5e2576f9\"><a href=\"https:\/\/medicaltravel.at\/home\/impressum\/\" data-type=\"page\" data-id=\"2193\" rel=\"nofollow noopener\" target=\"_blank\"><\/a><a href=\"https:\/\/medicaltravel.at\/home\/berichte-von-patienten\/erfahrungsberichte\/erfahrungsbericht-zahnbehandlung-in-istanbul\/\" data-type=\"page\" data-id=\"981\" rel=\"nofollow noopener\" target=\"_blank\"><\/a><a href=\"https:\/\/medicaltravel.ch\/tr\/hasta-raporlari\/turkiye-de-tedavi-deneyimleri\/swisslasik-olmasaydi-bes-kat-daha-fazla-bile-oederdim-12-mart-2013-sali-tarihli-rapor\/\" data-type=\"link\" data-id=\"https:\/\/medicaltravel.ch\/tr\/hasta-raporlari\/turkiye-de-tedavi-deneyimleri\/swisslasik-olmasaydi-bes-kat-daha-fazla-bile-oederdim-12-mart-2013-sali-tarihli-rapor\/\">Bir sonraki rapor<\/a><\/p>\n<\/div>\n","protected":false},"excerpt":{"rendered":"<p>Femto LASIK deneyimimi \u0130stanbul, T\u00fcrkiye&#8217;de ya\u015fad\u0131m \u2013 27 May\u0131s 2013 Pazartesi g\u00fcn\u00fc yazd\u0131\u011f\u0131m rapor: M\u00fckemmel hizmet, \u0130svi\u00e7re&#8217;deki Bay Karaaga\u00e7li&#8217;nin son derece dost\u00e7a ve profesyonel rehberli\u011fiyle ba\u015flad\u0131. Her zaman nazik bir \u015fekilde dan\u0131\u015fmanl\u0131k yapt\u0131 ve hi\u00e7bir ad\u0131m atmam i\u00e7in zorlamad\u0131, bu benim i\u00e7in \u00e7ok de\u011ferli bir yakla\u015f\u0131m oldu. \u0130stanbul&#8217;da da ayn\u0131 \u015fekilde devam etti: \u0130stanbul&#8217;a vard\u0131\u011f\u0131mda beni \u00e7ok sempatik bir T\u00fcrk \u015fof\u00f6r kar\u015f\u0131lad\u0131, beni ve iki yol arkada\u015f\u0131m\u0131 do\u011frudan Levent Oteli&#8217;ne, g\u00fczel ve yeni bir ara\u00e7la g\u00f6t\u00fcrd\u00fc. Otel harikayd\u0131 \u2013 merkezi bir konumdayd\u0131 ve \u00e7evresi de m\u00fckemmeldi. Hemen yak\u0131n\u0131nda bir al\u0131\u015fveri\u015f merkezi vard\u0131 ve Swisslasik-Pass&#8217;\u0131mda, \u0130stanbul&#8217;da gezilecek yerler ve restoranlar i\u00e7in faydal\u0131 \u00f6neriler buldum. Ertesi g\u00fcn i\u015flem ba\u015flad\u0131: Sabahki \u00f6n muayene ne kadar h\u0131zl\u0131 ge\u00e7tiyse, \u00f6\u011fleden sonra da ayn\u0131 h\u0131zla ameliyat\u0131m yap\u0131ld\u0131. Ameliyat k\u0131sa ve olduk\u00e7a a\u011fr\u0131s\u0131zd\u0131. \u00c7ok sakin kald\u0131m \u00e7\u00fcnk\u00fc yan\u0131mda Almanca konu\u015fan bir ki\u015fisel dan\u0131\u015fman\u0131m vard\u0131! Doktor da \u00e7ok nazikti ve s\u00fcrekli g\u00fcl\u00fcms\u00fcyordu! Her \u015fey olduk\u00e7a h\u0131zl\u0131 ge\u00e7ti, bu y\u00fczden son ana kadar sinirlenmeye zaman\u0131m bile olmad\u0131! Bu ger\u00e7ekten \u00e7ok iyi oldu \u00e7\u00fcnk\u00fc ameliyat sonras\u0131 4 saat i\u00e7inde bile, iki yol arkada\u015f\u0131mla d\u0131\u015far\u0131da yemek yiyebildim! Tabii ki g\u00fcne\u015f g\u00f6zl\u00fc\u011f\u00fcyle\u2026 Ertesi g\u00fcn, kontrolden sonra \u2013 ki o da m\u00fckemmel ge\u00e7ti \u2013 iki arkada\u015f\u0131m ile birlikte \u0130stanbul&#8217;u ke\u015ffedecek kadar sa\u011fl\u0131kl\u0131yd\u0131m. Sonu\u00e7 m\u00fckemmel! Y\u00fczde 100 g\u00f6rmeye tekrar kavu\u015ftum ve genel olarak Swisslasik&#8217;ten son derece memnun kald\u0131m: Her \u015fey harika gitti ve hizmet \u00fcst d\u00fczeydi! T\u00fcm Swisslasik ekibine \u00e7ok te\u015fekk\u00fcr ederim! Jennifer Glorian \u00d6nceki rapor Bir sonraki rapor<\/p>\n","protected":false},"author":4,"featured_media":0,"parent":4471,"menu_order":0,"comment_status":"closed","ping_status":"closed","template":"","meta":{"_joinchat":[],"footnotes":""},"class_list":["post-4554","page","type-page","status-publish","hentry"],"acf":[],"_links":{"self":[{"href":"https:\/\/medicaltravel.ch\/tr\/wp-json\/wp\/v2\/pages\/4554","targetHints":{"allow":["GET"]}}],"collection":[{"href":"https:\/\/medicaltravel.ch\/tr\/wp-json\/wp\/v2\/pages"}],"about":[{"href":"https:\/\/medicaltravel.ch\/tr\/wp-json\/wp\/v2\/types\/page"}],"author":[{"embeddable":true,"href":"https:\/\/medicaltravel.ch\/tr\/wp-json\/wp\/v2\/users\/4"}],"replies":[{"embeddable":true,"href":"https:\/\/medicaltravel.ch\/tr\/wp-json\/wp\/v2\/comments?post=4554"}],"version-history":[{"count":0,"href":"https:\/\/medicaltravel.ch\/tr\/wp-json\/wp\/v2\/pages\/4554\/revisions"}],"up":[{"embeddable":true,"href":"https:\/\/medicaltravel.ch\/tr\/wp-json\/wp\/v2\/pages\/4471"}],"wp:attachment":[{"href":"https:\/\/medicaltravel.ch\/tr\/wp-json\/wp\/v2\/media?parent=4554"}],"curies":[{"name":"wp","href":"https:\/\/api.w.org\/{rel}","templated":true}]}}