{"id":4556,"date":"2025-09-24T06:33:07","date_gmt":"2025-09-24T05:33:07","guid":{"rendered":"https:\/\/medicaltravel.ch\/hasta-raporlari\/erfahrungsberichte-behandlungen-tuerkei\/antalya-tuerkiyede-medicaltravel-araciligiyla-yaptirdigim-lasik-ameliyatim-2-agustos-2012-persembe-tarihli-rapor\/"},"modified":"2026-01-12T19:46:33","modified_gmt":"2026-01-12T18:46:33","slug":"antalya-tuerkiyede-medicaltravel-araciligiyla-yaptirdigim-lasik-ameliyatim-2-agustos-2012-persembe-tarihli-rapor","status":"publish","type":"page","link":"https:\/\/medicaltravel.ch\/tr\/hasta-raporlari\/turkiye-de-tedavi-deneyimleri\/antalya-tuerkiyede-medicaltravel-araciligiyla-yaptirdigim-lasik-ameliyatim-2-agustos-2012-persembe-tarihli-rapor\/","title":{"rendered":"Antalya, T\u00fcrkiye&#8217;de MedicalTravel arac\u0131l\u0131\u011f\u0131yla yapt\u0131rd\u0131\u011f\u0131m LASIK ameliyat\u0131m \u2013 2 A\u011fustos 2012 Per\u015fembe tarihli rapor"},"content":{"rendered":"\n<p>Antalya, T\u00fcrkiye&#8217;de MedicalTravel arac\u0131l\u0131\u011f\u0131yla yapt\u0131rd\u0131\u011f\u0131m LASIK ameliyat\u0131m \u2013 2 A\u011fustos 2012 Per\u015fembe tarihli rapor<\/p>\n\n\n\n<p>Yakla\u015f\u0131k bir y\u0131l \u00f6nce, nihayet g\u00f6zl\u00fcklerimden kurtulmaya karar verdim. G\u00f6zl\u00fckler bana rahats\u0131zl\u0131k veriyordu ve bir\u00e7ok durumda beni engelliyordu. Ancak \u0130svi\u00e7re\u2019de lazer tedavisi \u00e7ok pahal\u0131yd\u0131 ve buna maddi olarak g\u00fcc\u00fcm yetmedi, bu y\u00fczden alternatif bir \u00e7\u00f6z\u00fcm aray\u0131\u015f\u0131na girdim ve internette yurt d\u0131\u015f\u0131nda g\u00f6z lazeri operasyonlar\u0131 yapan bir\u00e7ok klinik buldum. MedicalTravel Klini\u011fi\u2019nin web sitesi bana \u00e7ok profesyonel bir izlenim b\u0131rakt\u0131, \u00f6zellikle \u0130svi\u00e7re\u2019de d\u00fczenlenen bilgilendirme toplant\u0131lar\u0131 sayesinde orada yap\u0131lan operasyonlar ve doktorlarla t\u00fcm a\u00e7\u0131k sorular\u0131 rahat\u00e7a sorabilmem beni olduk\u00e7a g\u00fcvenlendirdi. Ayr\u0131ca, \u00f6n ve sonras\u0131 muayenelerin \u0130svi\u00e7re\u2019de yap\u0131labiliyor olmas\u0131 bana g\u00fcven verdi. Web sitesindeki a\u00e7\u0131k ve anla\u015f\u0131l\u0131r fiyat listesiyle de ne kadar masraf\u0131m olaca\u011f\u0131 hakk\u0131nda bilgi edinebildim. E-posta arac\u0131l\u0131\u011f\u0131yla MedicalTravel ile h\u0131zl\u0131 ve kolay bir \u015fekilde ileti\u015fime ge\u00e7ebildim. B\u00f6ylece, g\u00f6zlerimi MedicalTravel Klini\u011fi&#8217;nde lazerle yapt\u0131rmaya ve bunu yaz tatilimle Side\u2019de birle\u015ftirmeye karar verdim. E-posta ile randevumu ayarlad\u0131m ve her \u015fey d\u00fczenlendi (otelden al\u0131m ve geri d\u00f6n\u00fc\u015f, operasyon, konaklama, \u00f6n ve son muayeneler). Ayr\u0131ca t\u00fcm a\u00e7\u0131k sorular\u0131m da cevapland\u0131. MedicalTravel ile ileti\u015fim kurmak \u00e7ok kolay ve sorunsuzdu. Seyahatten \u00f6nce MedicalTravel pass\u2019\u0131m g\u00f6nderildi, bu, operasyonla ilgili t\u00fcm \u00f6nemli bilgilerin, \u00f6nemli numaralar\u0131n, \u00fclke hakk\u0131nda faydal\u0131 bilgilerin ve gezilecek yerler i\u00e7in ipu\u00e7lar\u0131n\u0131n yer ald\u0131\u011f\u0131 \u00e7ok kullan\u0131\u015fl\u0131 bir rehberdi. Operasyon tarihimden 2 g\u00fcn \u00f6nce, oradaki terc\u00fcman beni arayarak, ne zaman alaca\u011f\u0131m ve g\u00fcn\u00fcn nas\u0131l ge\u00e7ece\u011fi hakk\u0131nda bilgi verdi. Operasyon g\u00fcn\u00fc, \u015fof\u00f6r\u00fcm zaman\u0131nda geldi ve beni MedicalTravel Klini\u011fi&#8217;ne g\u00f6t\u00fcrd\u00fc, orada terc\u00fcman taraf\u0131ndan s\u0131cak bir \u015fekilde kar\u015f\u0131land\u0131m. S\u00fcreci a\u00e7\u0131klayarak her \u015feyin terc\u00fcmesini yapt\u0131. Ard\u0131ndan \u00f6n muayeneler ba\u015flad\u0131 ve her \u015fey \u00e7ok iyi bir \u015fekilde a\u00e7\u0131kland\u0131. \u00d6n muayeneler \u00f6\u011fleye do\u011fru tamamland\u0131ktan sonra, di\u011fer 5 hasta ile birlikte (Almanya\u2019dan gelen) \u00f6\u011fle yeme\u011fine \u00e7\u0131kt\u0131m. Saat 15:00 civar\u0131nda ameliyat\u0131m ba\u015flad\u0131, \u00e7\u00fcnk\u00fc operasyona iyi bir \u015fekilde haz\u0131rlanm\u0131\u015ft\u0131m, ne olaca\u011f\u0131n\u0131 tam olarak biliyordum. Ameliyat\u0131m her iki g\u00f6z\u00fcm i\u00e7in yakla\u015f\u0131k 20 dakika s\u00fcrd\u00fc. Ameliyat s\u0131ras\u0131nda hi\u00e7bir a\u011fr\u0131 hissetmedim ve sonras\u0131nda sadece hafif bir ba\u015f a\u011fr\u0131s\u0131 hissettim. Ard\u0131ndan birka\u00e7 saat uyudum. \u00c7ok \u015fa\u015f\u0131rd\u0131m, \u00e7\u00fcnk\u00fc hafif bir ba\u015f a\u011fr\u0131s\u0131 d\u0131\u015f\u0131nda hi\u00e7 a\u011fr\u0131 hissetmedim ve ayn\u0131 ak\u015fam g\u00f6zl\u00fcks\u00fcz ilk SMS&#8217;imi okuyabildim. Ertesi g\u00fcn sabah, kontrol i\u00e7in gittim ve her \u015feyin iyi oldu\u011fu s\u00f6ylendi. Bana, birka\u00e7 kez almam gereken g\u00f6z damlalar\u0131 verildi ve bu damlalar\u0131 ne zaman ve nas\u0131l kullanmam gerekti\u011fi hakk\u0131nda bir bilgi notu da verildi. Ayr\u0131ca, operasyondan sonraki birka\u00e7 hafta boyunca dikkat etmem gerekenler de belirtildi. \u015eof\u00f6r beni otelime geri g\u00f6t\u00fcrd\u00fc. \u0130lk iki g\u00fcn, g\u00f6zlerim hala biraz \u0131\u015f\u0131\u011fa hassas oldu\u011fu i\u00e7in g\u00fcne\u015f g\u00f6zl\u00fc\u011f\u00fcm\u00fc takt\u0131m. \u015eu anki mutlulu\u011fum ger\u00e7ekten \u00e7ok b\u00fcy\u00fck, \u00e7\u00fcnk\u00fc art\u0131k g\u00f6zl\u00fck ya da lens kullanmadan ya\u015fayabiliyorum.                       Kendimi ger\u00e7ekten \u00f6zg\u00fcr hissediyorum, sonunda rahats\u0131z edici g\u00f6zl\u00fc\u011f\u00fcmden kurtuldum. MedicalTravel Klini\u011fi&#8217;nde Antalya&#8217;da kendimi her zaman \u00e7ok iyi hissettim ve kesinlikle tavsiye ediyorum. 20.07.12 tarihinde Antalya&#8217;da operasyon ge\u00e7irdim. Urs K\u00f6pfli, Wohlen AG (\u0130svi\u00e7re)  <\/p>\n\n\n\n<div class=\"wp-block-group is-layout-grid wp-container-core-group-is-layout-baef362d wp-block-group-is-layout-grid\">\n<p><a href=\"https:\/\/medicaltravel.at\/home\/agb\/\" data-type=\"page\" data-id=\"2191\" rel=\"nofollow noopener\" target=\"_blank\"><\/a><a href=\"https:\/\/medicaltravel.ch\/tr\/hasta-raporlari\/turkiye-de-tedavi-deneyimleri\/yurtdisinda-lazer-goez-ameliyati-istanbul-9-12-agustos-2012-9-agustos-2012-persembe-tarihli-rapor\/\" data-type=\"link\" data-id=\"https:\/\/medicaltravel.ch\/tr\/hasta-raporlari\/turkiye-de-tedavi-deneyimleri\/yurtdisinda-lazer-goez-ameliyati-istanbul-9-12-agustos-2012-9-agustos-2012-persembe-tarihli-rapor\/\">\u00d6nceki rapor<\/a><\/p>\n\n\n\n<p class=\"has-text-align-right wp-container-content-5e2576f9\"><a href=\"https:\/\/medicaltravel.at\/home\/impressum\/\" data-type=\"page\" data-id=\"2193\" rel=\"nofollow noopener\" target=\"_blank\"><\/a><a href=\"https:\/\/medicaltravel.at\/home\/berichte-von-patienten\/erfahrungsberichte\/erfahrungsbericht-zahnbehandlung-in-istanbul\/\" data-type=\"page\" data-id=\"981\" rel=\"nofollow noopener\" target=\"_blank\"><\/a><a href=\"https:\/\/medicaltravel.ch\/tr\/hasta-raporlari\/turkiye-de-tedavi-deneyimleri\/istanbulda-lazer-goez-ameliyati-deneyimim-29-temmuz-2012-pazar-tarihli-rapor\/\" data-type=\"link\" data-id=\"https:\/\/medicaltravel.ch\/tr\/hasta-raporlari\/turkiye-de-tedavi-deneyimleri\/istanbulda-lazer-goez-ameliyati-deneyimim-29-temmuz-2012-pazar-tarihli-rapor\/\">Bir sonraki rapor<\/a><\/p>\n<\/div>\n","protected":false},"excerpt":{"rendered":"<p>Antalya, T\u00fcrkiye&#8217;de MedicalTravel arac\u0131l\u0131\u011f\u0131yla yapt\u0131rd\u0131\u011f\u0131m LASIK ameliyat\u0131m \u2013 2 A\u011fustos 2012 Per\u015fembe tarihli rapor Yakla\u015f\u0131k bir y\u0131l \u00f6nce, nihayet g\u00f6zl\u00fcklerimden kurtulmaya karar verdim. G\u00f6zl\u00fckler bana rahats\u0131zl\u0131k veriyordu ve bir\u00e7ok durumda beni engelliyordu. Ancak \u0130svi\u00e7re\u2019de lazer tedavisi \u00e7ok pahal\u0131yd\u0131 ve buna maddi olarak g\u00fcc\u00fcm yetmedi, bu y\u00fczden alternatif bir \u00e7\u00f6z\u00fcm aray\u0131\u015f\u0131na girdim ve internette yurt d\u0131\u015f\u0131nda g\u00f6z lazeri operasyonlar\u0131 yapan bir\u00e7ok klinik buldum. MedicalTravel Klini\u011fi\u2019nin web sitesi bana \u00e7ok profesyonel bir izlenim b\u0131rakt\u0131, \u00f6zellikle \u0130svi\u00e7re\u2019de d\u00fczenlenen bilgilendirme toplant\u0131lar\u0131 sayesinde orada yap\u0131lan operasyonlar ve doktorlarla t\u00fcm a\u00e7\u0131k sorular\u0131 rahat\u00e7a sorabilmem beni olduk\u00e7a g\u00fcvenlendirdi. Ayr\u0131ca, \u00f6n ve sonras\u0131 muayenelerin \u0130svi\u00e7re\u2019de yap\u0131labiliyor olmas\u0131 bana g\u00fcven verdi. Web sitesindeki a\u00e7\u0131k ve anla\u015f\u0131l\u0131r fiyat listesiyle de ne kadar masraf\u0131m olaca\u011f\u0131 hakk\u0131nda bilgi edinebildim. E-posta arac\u0131l\u0131\u011f\u0131yla MedicalTravel ile h\u0131zl\u0131 ve kolay bir \u015fekilde ileti\u015fime ge\u00e7ebildim. B\u00f6ylece, g\u00f6zlerimi MedicalTravel Klini\u011fi&#8217;nde lazerle yapt\u0131rmaya ve bunu yaz tatilimle Side\u2019de birle\u015ftirmeye karar verdim. E-posta ile randevumu ayarlad\u0131m ve her \u015fey d\u00fczenlendi (otelden al\u0131m ve geri d\u00f6n\u00fc\u015f, operasyon, konaklama, \u00f6n ve son muayeneler). Ayr\u0131ca t\u00fcm a\u00e7\u0131k sorular\u0131m da cevapland\u0131. MedicalTravel ile ileti\u015fim kurmak \u00e7ok kolay ve sorunsuzdu. Seyahatten \u00f6nce MedicalTravel pass\u2019\u0131m g\u00f6nderildi, bu, operasyonla ilgili t\u00fcm \u00f6nemli bilgilerin, \u00f6nemli numaralar\u0131n, \u00fclke hakk\u0131nda faydal\u0131 bilgilerin ve gezilecek yerler i\u00e7in ipu\u00e7lar\u0131n\u0131n yer ald\u0131\u011f\u0131 \u00e7ok kullan\u0131\u015fl\u0131 bir rehberdi. Operasyon tarihimden 2 g\u00fcn \u00f6nce, oradaki terc\u00fcman beni arayarak, ne zaman alaca\u011f\u0131m ve g\u00fcn\u00fcn nas\u0131l ge\u00e7ece\u011fi hakk\u0131nda bilgi verdi. Operasyon g\u00fcn\u00fc, \u015fof\u00f6r\u00fcm zaman\u0131nda geldi ve beni MedicalTravel Klini\u011fi&#8217;ne g\u00f6t\u00fcrd\u00fc, orada terc\u00fcman taraf\u0131ndan s\u0131cak bir \u015fekilde kar\u015f\u0131land\u0131m. S\u00fcreci a\u00e7\u0131klayarak her \u015feyin terc\u00fcmesini yapt\u0131. Ard\u0131ndan \u00f6n muayeneler ba\u015flad\u0131 ve her \u015fey \u00e7ok iyi bir \u015fekilde a\u00e7\u0131kland\u0131. \u00d6n muayeneler \u00f6\u011fleye do\u011fru tamamland\u0131ktan sonra, di\u011fer 5 hasta ile birlikte (Almanya\u2019dan gelen) \u00f6\u011fle yeme\u011fine \u00e7\u0131kt\u0131m. Saat 15:00 civar\u0131nda ameliyat\u0131m ba\u015flad\u0131, \u00e7\u00fcnk\u00fc operasyona iyi bir \u015fekilde haz\u0131rlanm\u0131\u015ft\u0131m, ne olaca\u011f\u0131n\u0131 tam olarak biliyordum. Ameliyat\u0131m her iki g\u00f6z\u00fcm i\u00e7in yakla\u015f\u0131k 20 dakika s\u00fcrd\u00fc. Ameliyat s\u0131ras\u0131nda hi\u00e7bir a\u011fr\u0131 hissetmedim ve sonras\u0131nda sadece hafif bir ba\u015f a\u011fr\u0131s\u0131 hissettim. Ard\u0131ndan birka\u00e7 saat uyudum. \u00c7ok \u015fa\u015f\u0131rd\u0131m, \u00e7\u00fcnk\u00fc hafif bir ba\u015f a\u011fr\u0131s\u0131 d\u0131\u015f\u0131nda hi\u00e7 a\u011fr\u0131 hissetmedim ve ayn\u0131 ak\u015fam g\u00f6zl\u00fcks\u00fcz ilk SMS&#8217;imi okuyabildim. Ertesi g\u00fcn sabah, kontrol i\u00e7in gittim ve her \u015feyin iyi oldu\u011fu s\u00f6ylendi. Bana, birka\u00e7 kez almam gereken g\u00f6z damlalar\u0131 verildi ve bu damlalar\u0131 ne zaman ve nas\u0131l kullanmam gerekti\u011fi hakk\u0131nda bir bilgi notu da verildi. Ayr\u0131ca, operasyondan sonraki birka\u00e7 hafta boyunca dikkat etmem gerekenler de belirtildi. \u015eof\u00f6r beni otelime geri g\u00f6t\u00fcrd\u00fc. \u0130lk iki g\u00fcn, g\u00f6zlerim hala biraz \u0131\u015f\u0131\u011fa hassas oldu\u011fu i\u00e7in g\u00fcne\u015f g\u00f6zl\u00fc\u011f\u00fcm\u00fc takt\u0131m. \u015eu anki mutlulu\u011fum ger\u00e7ekten \u00e7ok b\u00fcy\u00fck, \u00e7\u00fcnk\u00fc art\u0131k g\u00f6zl\u00fck ya da lens kullanmadan ya\u015fayabiliyorum. Kendimi ger\u00e7ekten \u00f6zg\u00fcr hissediyorum, sonunda rahats\u0131z edici g\u00f6zl\u00fc\u011f\u00fcmden kurtuldum. MedicalTravel Klini\u011fi&#8217;nde Antalya&#8217;da kendimi her zaman \u00e7ok iyi hissettim ve kesinlikle tavsiye ediyorum. 20.07.12 tarihinde Antalya&#8217;da operasyon ge\u00e7irdim. Urs K\u00f6pfli, Wohlen AG (\u0130svi\u00e7re) \u00d6nceki rapor Bir sonraki rapor<\/p>\n","protected":false},"author":4,"featured_media":0,"parent":4471,"menu_order":0,"comment_status":"closed","ping_status":"closed","template":"","meta":{"_joinchat":[],"footnotes":""},"class_list":["post-4556","page","type-page","status-publish","hentry"],"acf":[],"_links":{"self":[{"href":"https:\/\/medicaltravel.ch\/tr\/wp-json\/wp\/v2\/pages\/4556","targetHints":{"allow":["GET"]}}],"collection":[{"href":"https:\/\/medicaltravel.ch\/tr\/wp-json\/wp\/v2\/pages"}],"about":[{"href":"https:\/\/medicaltravel.ch\/tr\/wp-json\/wp\/v2\/types\/page"}],"author":[{"embeddable":true,"href":"https:\/\/medicaltravel.ch\/tr\/wp-json\/wp\/v2\/users\/4"}],"replies":[{"embeddable":true,"href":"https:\/\/medicaltravel.ch\/tr\/wp-json\/wp\/v2\/comments?post=4556"}],"version-history":[{"count":2,"href":"https:\/\/medicaltravel.ch\/tr\/wp-json\/wp\/v2\/pages\/4556\/revisions"}],"predecessor-version":[{"id":6470,"href":"https:\/\/medicaltravel.ch\/tr\/wp-json\/wp\/v2\/pages\/4556\/revisions\/6470"}],"up":[{"embeddable":true,"href":"https:\/\/medicaltravel.ch\/tr\/wp-json\/wp\/v2\/pages\/4471"}],"wp:attachment":[{"href":"https:\/\/medicaltravel.ch\/tr\/wp-json\/wp\/v2\/media?parent=4556"}],"curies":[{"name":"wp","href":"https:\/\/api.w.org\/{rel}","templated":true}]}}