{"id":4562,"date":"2025-09-24T06:26:18","date_gmt":"2025-09-24T05:26:18","guid":{"rendered":"https:\/\/medicaltravel.ch\/hasta-raporlari\/erfahrungsberichte-behandlungen-tuerkei\/istanbul-acibadem-kliniginde-gecirdigim-ameliyat-26-eyluel-2012-carsamba-tarihli-rapor\/"},"modified":"2026-01-12T19:43:07","modified_gmt":"2026-01-12T18:43:07","slug":"istanbul-acibadem-kliniginde-gecirdigim-ameliyat-26-eyluel-2012-carsamba-tarihli-rapor","status":"publish","type":"page","link":"https:\/\/medicaltravel.ch\/tr\/hasta-raporlari\/turkiye-de-tedavi-deneyimleri\/istanbul-acibadem-kliniginde-gecirdigim-ameliyat-26-eyluel-2012-carsamba-tarihli-rapor\/","title":{"rendered":"\u0130stanbul Ac\u0131badem Klini\u011fi&#8217;nde ge\u00e7irdi\u011fim ameliyat \u2013 26 Eyl\u00fcl 2012 \u00c7ar\u015famba tarihli rapor"},"content":{"rendered":"\n<p>\u0130stanbul Ac\u0131badem Klini\u011fi&#8217;nde ge\u00e7irdi\u011fim ameliyat \u2013 26 Eyl\u00fcl 2012 \u00c7ar\u015famba tarihli rapor<\/p>\n\n\n\n<p>Yedinci ya\u015f\u0131mdan itibaren g\u00f6zl\u00fck takmak zorundayd\u0131m. Asl\u0131nda hi\u00e7 fazla sevmedi\u011fim bir \u015feydi ama al\u0131\u015ft\u0131m. \u00c7\u00fcnk\u00fc profesyonel bir sporcu oldu\u011fum i\u00e7in, bir noktada lens kullanmaya ge\u00e7mek zorunda kald\u0131m ama lensler spor yaparken s\u0131k s\u0131k \u00e7\u0131k\u0131yor ve bazen rahats\u0131zl\u0131k da veriyordu.  <\/p>\n\n\n\n<p>Yakla\u015f\u0131k alt\u0131 ay \u00f6nce, \u0130svi\u00e7re&#8217;de bir arkada\u015f\u0131m \u00e7ok y\u00fcksek bir \u00fccretle g\u00f6z ameliyat\u0131 yapt\u0131rd\u0131. Sonras\u0131nda g\u00f6zl\u00fck takmadan g\u00f6rebiliyordu ve ben de buna bay\u0131ld\u0131m. Hemen d\u00fc\u015f\u00fcnd\u00fcm ki, g\u00f6zleri ameliyat ettirmek i\u00e7in daha uygun fiyatl\u0131 ama ayn\u0131 kalitede bir y\u00f6ntem olmal\u0131. Bunun \u00fczerine internetten ve \u00e7evremden ara\u015ft\u0131rmalara ba\u015flad\u0131m. Bir s\u00fcre sonra Swisslasik hakk\u0131nda internette kar\u015f\u0131la\u015ft\u0131m.    <\/p>\n\n\n\n<p>G\u00f6zlerimi ameliyat ettirmek i\u00e7in tek ba\u015f\u0131ma T\u00fcrkiye&#8217;ye gitmek istemedi\u011fimden, ayn\u0131 sorunlar\u0131 ya\u015fayan bir arkada\u015f\u0131m\u0131 daha arad\u0131m. Birini bulduktan sonra hemen Swisslasik&#8217;ten Bay Karaagacli ile ileti\u015fime ge\u00e7tim ve her \u015fey \u015fekil almaya ba\u015flad\u0131. Birlikte uygun bir operasyon tarihi arad\u0131k, sorular\u0131m\u0131 sordum ve her seferinde hemen yan\u0131tlar\u0131m\u0131 ald\u0131m.  <\/p>\n\n\n\n<p>Yakla\u015f\u0131k 3 ay sonra, macera nihayet ba\u015flad\u0131. Per\u015fembe ak\u015fam\u0131 Turkish Airlines ile \u0130stanbul&#8217;a u\u00e7tuk. \u0130stanbul&#8217;a vard\u0131\u011f\u0131m\u0131zda, \u00f6nceden anla\u015ft\u0131\u011f\u0131m\u0131z gibi, ismimizin yaz\u0131l\u0131 oldu\u011fu bir tabela ile bizi bekleyen bir \u015fof\u00f6r vard\u0131. Otel yolculu\u011fu b\u00fcy\u00fck bir maceraya d\u00f6n\u00fc\u015ft\u00fc. \u0130stanbul gibi dev bir metropolde \u015fof\u00f6rlerin nas\u0131l ara\u00e7 kulland\u0131\u011f\u0131n\u0131 hayal edebilirsiniz. 20 dakika sonra Taksim Park City Hotel&#8217;e sa\u011f salim varm\u0131\u015ft\u0131k. \u015eof\u00f6r bize ertesi sabah saat 08:00&#8217;de alaca\u011f\u0131m\u0131z\u0131 s\u00f6yledi. K\u0131sa ve sorunsuz bir check-in i\u015fleminin ard\u0131ndan, hemen yat\u0131p uyuduk.       <\/p>\n\n\n\n<p>Ertesi sabah saat 07:00&#8217;de \u0130stanbul&#8217;daki g\u00fcn\u00fcm\u00fcz ba\u015flad\u0131. Hemen rahat\u00e7a kahvalt\u0131 yapmaya gittik (bu arada kahvalt\u0131 m\u00fckemmeldi!). Ard\u0131ndan saat 08:00 olmu\u015ftu. Saat 08:15&#8217;te \u015fof\u00f6r\u00fcm\u00fcz geldi (bu trafikle 15 dakikal\u0131k gecikme kesinlikle sorun de\u011fil). Klinik yolculu\u011fumuz sakin ge\u00e7ti ve \u015fehirde biraz da olsa gezme f\u0131rsat\u0131m\u0131z oldu.   <\/p>\n\n\n\n<p>Klinikte bizi \u00e7ok dost\u00e7a bir \u015fekilde kar\u015f\u0131layan terc\u00fcman\u0131m\u0131z bizi kar\u015f\u0131lad\u0131. Hangi ad\u0131mlar\u0131 takip etmemiz gerekti\u011fini k\u0131sa bir \u015fekilde a\u00e7\u0131klad\u0131 ve ard\u0131ndan asans\u00f6rle klinikteki g\u00f6z b\u00f6l\u00fcm\u00fcne gittik. \u0130lk olarak, bizde oldu\u011fu gibi ki\u015fisel bilgileri verdik ve sonra birka\u00e7 dakika beklememiz gerekti. Yakla\u015f\u0131k 10 dakika sonra iki doktor asistan\u0131 geldi ve \u00f6n muayeneleri yapmaya ba\u015flad\u0131lar. Yakla\u015f\u0131k 30 dakika s\u00fcren bu muayeneler tamamland\u0131. Ard\u0131ndan yakla\u015f\u0131k 10 dakika sonra, \u00e7ok nazik bir doktor tek tek bizi kabul etti ve hangi operasyon y\u00f6ntemini \u00f6nerdi\u011fini, operasyonun nas\u0131l ger\u00e7ekle\u015fece\u011fini a\u00e7\u0131klad\u0131. Bana normal Lasik tedavisini yapmay\u0131 \u00f6nerdi.      <\/p>\n\n\n\n<p>\u015eimdi operasyona haz\u0131rd\u0131k ama 3 saat beklememiz gerekti. Bu \u00fc\u00e7 saati yak\u0131nlardaki al\u0131\u015fveri\u015f merkezinde ge\u00e7irdik. Saat 14:00&#8217;te ise nihayet geldi. Ameliyat i\u00e7in gerekli k\u0131yafetlerimizi giydik ve ard\u0131ndan operasyon ba\u015flad\u0131. Ameliyat olduk\u00e7a rahats\u0131z ediciydi (ger\u00e7ekten tahmin edebilece\u011finiz gibi =)), ancak a\u011fr\u0131s\u0131zd\u0131. 15 dakikada her \u015fey bitti ve bize &#8220;Robocop koruyucu g\u00f6zl\u00fcklerimizi&#8221; verdiler.     <\/p>\n\n\n\n<p>\u015eimdi her \u015feyin en zor k\u0131sm\u0131 geldi: \u0130Y\u0130LE\u015eME. G\u00f6zlerim ger\u00e7ekten \u00e7ok k\u00f6t\u00fc oldu\u011fu i\u00e7in, g\u00f6zlerimi tekrar ac\u0131, ka\u015f\u0131nt\u0131, batma gibi hislerle a\u00e7abilene kadar \u00e7ok uzun bir s\u00fcre ge\u00e7ti. Doktorum bana uyar\u0131da bulunmu\u015ftu ama bu kadar zor olaca\u011f\u0131n\u0131 beklememi\u015ftim. Arkada\u015f\u0131m yakla\u015f\u0131k 1 saat sonra g\u00f6zlerini hi\u00e7 sorun ya\u015famadan a\u00e7abiliyordu. Maalesef benimki yakla\u015f\u0131k 6 saat s\u00fcrd\u00fc. Ameliyattan 30 dakika sonra doktor g\u00f6zlerimizi tekrar kontrol etti ve her \u015feyin m\u00fckemmel gitti\u011fini s\u00f6yledi.     <\/p>\n\n\n\n<p>Kontrolden sonra tekrar otele gitmemize izin verildi. \u015eimdi, k\u00f6r bir \u015fekilde \u0130stanbul&#8217;da arabada gitmenin pek de keyifli bir deneyim olmad\u0131\u011f\u0131n\u0131 tahmin edersiniz. Ama arkada\u015f\u0131m o noktada g\u00f6zlerini a\u00e7\u0131p g\u00f6rebiliyordu, bu y\u00fczden durum o kadar da k\u00f6t\u00fc de\u011fildi. Odaya vard\u0131\u011f\u0131m\u0131zda hemen perdeleri karartt\u0131k ve yataklara uzand\u0131k.   <\/p>\n\n\n\n<p>Saat 20:30 civar\u0131nda birden g\u00f6zlerimi a\u00e7abildim ve her \u015feyi okuyabiliyor, g\u00f6rebiliyordum. \u00d6nceki saatlerde ya\u015fad\u0131\u011f\u0131m ac\u0131lar tamamen unutulmu\u015ftu. Hemen g\u00f6zl\u00fcks\u00fcz televizyon izleyebiliyor, gazete okuyabiliyor, her \u015feyi net bir \u015fekilde g\u00f6rebiliyordum. O an tarif edilemez bir mutluluk duydum.  <\/p>\n\n\n\n<p>Ertesi sabah, kontrole gitme zaman\u0131 geldi. \u015eof\u00f6r\u00fcm\u00fcz de \u00f6nceki g\u00fcn oldu\u011fu gibi olduk\u00e7a zaman\u0131nda geldi. Klinikte neredeyse hi\u00e7 beklemedik ve klasik bir g\u00f6z testi yapt\u0131lar, duvardan harfleri okumam\u0131 istediler. Hayat\u0131mda ilk kez HER \u015eEY\u0130 okuyabiliyordum. Doktor, art\u0131k %100 g\u00f6rebildi\u011fimi s\u00f6yledi. Operasyondan \u00f6nce g\u00f6zlerimde -4 ve -3.25 derecelerim vard\u0131.     <\/p>\n\n\n\n<p>Kontrolden sonra, \u0130stanbul\u2019un gezilecek yerlerini g\u00f6rmek i\u00e7in iki g\u00fcn daha vakit ge\u00e7irebildik.<\/p>\n\n\n\n<p>Bug\u00fcn, yakla\u015f\u0131k 3 hafta sonra, operasyonu yapt\u0131rd\u0131\u011f\u0131ma \u00e7ok mutluyum ve \u015fu ana kadar hi\u00e7bir sorun ya\u015famad\u0131m.<\/p>\n\n\n\n<p>Bu y\u00fczden operasyonu herkese tavsiye edebilirim. Peter Davida <\/p>\n\n\n\n<figure class=\"wp-block-image size-full\"><img fetchpriority=\"high\" decoding=\"async\" width=\"300\" height=\"532\" src=\"https:\/\/medicaltravel.ch\/wp-content\/uploads\/2025\/09\/1-4.jpg\" alt=\"\" class=\"wp-image-864\" srcset=\"https:\/\/medicaltravel.ch\/wp-content\/uploads\/2025\/09\/1-4.jpg 300w, https:\/\/medicaltravel.ch\/wp-content\/uploads\/2025\/09\/1-4-169x300.jpg 169w\" sizes=\"(max-width: 300px) 100vw, 300px\" \/><\/figure>\n\n\n\n<figure class=\"wp-block-image size-full\"><img decoding=\"async\" width=\"300\" height=\"169\" src=\"https:\/\/medicaltravel.ch\/wp-content\/uploads\/2025\/09\/2-3-300x169-1.jpg\" alt=\"\" class=\"wp-image-865\"\/><\/figure>\n\n\n\n<figure class=\"wp-block-image size-full\"><img decoding=\"async\" width=\"300\" height=\"200\" src=\"https:\/\/medicaltravel.ch\/wp-content\/uploads\/2025\/09\/3-2-300x200-1.jpg\" alt=\"\" class=\"wp-image-866\"\/><\/figure>\n\n\n\n<figure class=\"wp-block-image size-full\"><img loading=\"lazy\" decoding=\"async\" width=\"300\" height=\"169\" src=\"https:\/\/medicaltravel.ch\/wp-content\/uploads\/2025\/09\/4-1-300x169-1.jpg\" alt=\"\" class=\"wp-image-867\"\/><\/figure>\n\n\n\n<div class=\"wp-block-group is-layout-grid wp-container-core-group-is-layout-baef362d wp-block-group-is-layout-grid\">\n<p><a href=\"https:\/\/medicaltravel.at\/home\/agb\/\" data-type=\"page\" data-id=\"2191\" rel=\"nofollow noopener\" target=\"_blank\"><\/a><a href=\"https:\/\/medicaltravel.ch\/tr\/hasta-raporlari\/turkiye-de-tedavi-deneyimleri\/agustos-2012de-istanbulda-goezlerime-lazer-tedavisi-yaptirdigimda-harika-bir-deneyim-yasadim-1-ekim-2012-pazartesi-tarihli-rapor\/\" data-type=\"link\" data-id=\"https:\/\/medicaltravel.ch\/tr\/hasta-raporlari\/turkiye-de-tedavi-deneyimleri\/agustos-2012de-istanbulda-goezlerime-lazer-tedavisi-yaptirdigimda-harika-bir-deneyim-yasadim-1-ekim-2012-pazartesi-tarihli-rapor\/\">\u00d6nceki rapor<\/a><\/p>\n\n\n\n<p class=\"has-text-align-right wp-container-content-5e2576f9\"><a href=\"https:\/\/medicaltravel.at\/home\/impressum\/\" data-type=\"page\" data-id=\"2193\" rel=\"nofollow noopener\" target=\"_blank\"><\/a><a href=\"https:\/\/medicaltravel.at\/home\/berichte-von-patienten\/erfahrungsberichte\/erfahrungsbericht-zahnbehandlung-in-istanbul\/\" data-type=\"page\" data-id=\"981\" rel=\"nofollow noopener\" target=\"_blank\"><\/a><a href=\"https:\/\/medicaltravel.ch\/tr\/hasta-raporlari\/turkiye-de-tedavi-deneyimleri\/yurtdisinda-lazer-goez-ameliyati-istanbul-26-eyluel-2012-carsamba-tarihli-rapor\/\" data-type=\"link\" data-id=\"https:\/\/medicaltravel.ch\/tr\/hasta-raporlari\/turkiye-de-tedavi-deneyimleri\/yurtdisinda-lazer-goez-ameliyati-istanbul-26-eyluel-2012-carsamba-tarihli-rapor\/\">Bir sonraki rapor<\/a><\/p>\n<\/div>\n","protected":false},"excerpt":{"rendered":"<p>\u0130stanbul Ac\u0131badem Klini\u011fi&#8217;nde ge\u00e7irdi\u011fim ameliyat \u2013 26 Eyl\u00fcl 2012 \u00c7ar\u015famba tarihli rapor Yedinci ya\u015f\u0131mdan itibaren g\u00f6zl\u00fck takmak zorundayd\u0131m. Asl\u0131nda hi\u00e7 fazla sevmedi\u011fim bir \u015feydi ama al\u0131\u015ft\u0131m. \u00c7\u00fcnk\u00fc profesyonel bir sporcu oldu\u011fum i\u00e7in, bir noktada lens kullanmaya ge\u00e7mek zorunda kald\u0131m ama lensler spor yaparken s\u0131k s\u0131k \u00e7\u0131k\u0131yor ve bazen rahats\u0131zl\u0131k da veriyordu. Yakla\u015f\u0131k alt\u0131 ay \u00f6nce, \u0130svi\u00e7re&#8217;de bir arkada\u015f\u0131m \u00e7ok y\u00fcksek bir \u00fccretle g\u00f6z ameliyat\u0131 yapt\u0131rd\u0131. Sonras\u0131nda g\u00f6zl\u00fck takmadan g\u00f6rebiliyordu ve ben de buna bay\u0131ld\u0131m. Hemen d\u00fc\u015f\u00fcnd\u00fcm ki, g\u00f6zleri ameliyat ettirmek i\u00e7in daha uygun fiyatl\u0131 ama ayn\u0131 kalitede bir y\u00f6ntem olmal\u0131. Bunun \u00fczerine internetten ve \u00e7evremden ara\u015ft\u0131rmalara ba\u015flad\u0131m. Bir s\u00fcre sonra Swisslasik hakk\u0131nda internette kar\u015f\u0131la\u015ft\u0131m. G\u00f6zlerimi ameliyat ettirmek i\u00e7in tek ba\u015f\u0131ma T\u00fcrkiye&#8217;ye gitmek istemedi\u011fimden, ayn\u0131 sorunlar\u0131 ya\u015fayan bir arkada\u015f\u0131m\u0131 daha arad\u0131m. Birini bulduktan sonra hemen Swisslasik&#8217;ten Bay Karaagacli ile ileti\u015fime ge\u00e7tim ve her \u015fey \u015fekil almaya ba\u015flad\u0131. Birlikte uygun bir operasyon tarihi arad\u0131k, sorular\u0131m\u0131 sordum ve her seferinde hemen yan\u0131tlar\u0131m\u0131 ald\u0131m. Yakla\u015f\u0131k 3 ay sonra, macera nihayet ba\u015flad\u0131. Per\u015fembe ak\u015fam\u0131 Turkish Airlines ile \u0130stanbul&#8217;a u\u00e7tuk. \u0130stanbul&#8217;a vard\u0131\u011f\u0131m\u0131zda, \u00f6nceden anla\u015ft\u0131\u011f\u0131m\u0131z gibi, ismimizin yaz\u0131l\u0131 oldu\u011fu bir tabela ile bizi bekleyen bir \u015fof\u00f6r vard\u0131. Otel yolculu\u011fu b\u00fcy\u00fck bir maceraya d\u00f6n\u00fc\u015ft\u00fc. \u0130stanbul gibi dev bir metropolde \u015fof\u00f6rlerin nas\u0131l ara\u00e7 kulland\u0131\u011f\u0131n\u0131 hayal edebilirsiniz. 20 dakika sonra Taksim Park City Hotel&#8217;e sa\u011f salim varm\u0131\u015ft\u0131k. \u015eof\u00f6r bize ertesi sabah saat 08:00&#8217;de alaca\u011f\u0131m\u0131z\u0131 s\u00f6yledi. K\u0131sa ve sorunsuz bir check-in i\u015fleminin ard\u0131ndan, hemen yat\u0131p uyuduk. Ertesi sabah saat 07:00&#8217;de \u0130stanbul&#8217;daki g\u00fcn\u00fcm\u00fcz ba\u015flad\u0131. Hemen rahat\u00e7a kahvalt\u0131 yapmaya gittik (bu arada kahvalt\u0131 m\u00fckemmeldi!). Ard\u0131ndan saat 08:00 olmu\u015ftu. Saat 08:15&#8217;te \u015fof\u00f6r\u00fcm\u00fcz geldi (bu trafikle 15 dakikal\u0131k gecikme kesinlikle sorun de\u011fil). Klinik yolculu\u011fumuz sakin ge\u00e7ti ve \u015fehirde biraz da olsa gezme f\u0131rsat\u0131m\u0131z oldu. Klinikte bizi \u00e7ok dost\u00e7a bir \u015fekilde kar\u015f\u0131layan terc\u00fcman\u0131m\u0131z bizi kar\u015f\u0131lad\u0131. Hangi ad\u0131mlar\u0131 takip etmemiz gerekti\u011fini k\u0131sa bir \u015fekilde a\u00e7\u0131klad\u0131 ve ard\u0131ndan asans\u00f6rle klinikteki g\u00f6z b\u00f6l\u00fcm\u00fcne gittik. \u0130lk olarak, bizde oldu\u011fu gibi ki\u015fisel bilgileri verdik ve sonra birka\u00e7 dakika beklememiz gerekti. Yakla\u015f\u0131k 10 dakika sonra iki doktor asistan\u0131 geldi ve \u00f6n muayeneleri yapmaya ba\u015flad\u0131lar. Yakla\u015f\u0131k 30 dakika s\u00fcren bu muayeneler tamamland\u0131. Ard\u0131ndan yakla\u015f\u0131k 10 dakika sonra, \u00e7ok nazik bir doktor tek tek bizi kabul etti ve hangi operasyon y\u00f6ntemini \u00f6nerdi\u011fini, operasyonun nas\u0131l ger\u00e7ekle\u015fece\u011fini a\u00e7\u0131klad\u0131. Bana normal Lasik tedavisini yapmay\u0131 \u00f6nerdi. \u015eimdi operasyona haz\u0131rd\u0131k ama 3 saat beklememiz gerekti. Bu \u00fc\u00e7 saati yak\u0131nlardaki al\u0131\u015fveri\u015f merkezinde ge\u00e7irdik. Saat 14:00&#8217;te ise nihayet geldi. Ameliyat i\u00e7in gerekli k\u0131yafetlerimizi giydik ve ard\u0131ndan operasyon ba\u015flad\u0131. Ameliyat olduk\u00e7a rahats\u0131z ediciydi (ger\u00e7ekten tahmin edebilece\u011finiz gibi =)), ancak a\u011fr\u0131s\u0131zd\u0131. 15 dakikada her \u015fey bitti ve bize &#8220;Robocop koruyucu g\u00f6zl\u00fcklerimizi&#8221; verdiler. \u015eimdi her \u015feyin en zor k\u0131sm\u0131 geldi: \u0130Y\u0130LE\u015eME. G\u00f6zlerim ger\u00e7ekten \u00e7ok k\u00f6t\u00fc oldu\u011fu i\u00e7in, g\u00f6zlerimi tekrar ac\u0131, ka\u015f\u0131nt\u0131, batma gibi hislerle a\u00e7abilene kadar \u00e7ok uzun bir s\u00fcre ge\u00e7ti. Doktorum bana uyar\u0131da bulunmu\u015ftu ama bu kadar zor olaca\u011f\u0131n\u0131 beklememi\u015ftim. Arkada\u015f\u0131m yakla\u015f\u0131k 1 saat sonra g\u00f6zlerini hi\u00e7 sorun ya\u015famadan a\u00e7abiliyordu. Maalesef benimki yakla\u015f\u0131k 6 saat s\u00fcrd\u00fc. Ameliyattan 30 dakika sonra doktor g\u00f6zlerimizi tekrar kontrol etti ve her \u015feyin m\u00fckemmel gitti\u011fini s\u00f6yledi. Kontrolden sonra tekrar otele gitmemize izin verildi. \u015eimdi, k\u00f6r bir \u015fekilde \u0130stanbul&#8217;da arabada gitmenin pek de keyifli bir deneyim olmad\u0131\u011f\u0131n\u0131 tahmin edersiniz. Ama arkada\u015f\u0131m o noktada g\u00f6zlerini a\u00e7\u0131p g\u00f6rebiliyordu, bu y\u00fczden durum o kadar da k\u00f6t\u00fc de\u011fildi. Odaya vard\u0131\u011f\u0131m\u0131zda hemen perdeleri karartt\u0131k ve yataklara uzand\u0131k. Saat 20:30 civar\u0131nda birden g\u00f6zlerimi a\u00e7abildim ve her \u015feyi okuyabiliyor, g\u00f6rebiliyordum. \u00d6nceki saatlerde ya\u015fad\u0131\u011f\u0131m ac\u0131lar tamamen unutulmu\u015ftu. Hemen g\u00f6zl\u00fcks\u00fcz televizyon izleyebiliyor, gazete okuyabiliyor, her \u015feyi net bir \u015fekilde g\u00f6rebiliyordum. O an tarif edilemez bir mutluluk duydum. Ertesi sabah, kontrole gitme zaman\u0131 geldi. \u015eof\u00f6r\u00fcm\u00fcz de \u00f6nceki g\u00fcn oldu\u011fu gibi olduk\u00e7a zaman\u0131nda geldi. Klinikte neredeyse hi\u00e7 beklemedik ve klasik bir g\u00f6z testi yapt\u0131lar, duvardan harfleri okumam\u0131 istediler. Hayat\u0131mda ilk kez HER \u015eEY\u0130 okuyabiliyordum. Doktor, art\u0131k %100 g\u00f6rebildi\u011fimi s\u00f6yledi. Operasyondan \u00f6nce g\u00f6zlerimde -4 ve -3.25 derecelerim vard\u0131. Kontrolden sonra, \u0130stanbul\u2019un gezilecek yerlerini g\u00f6rmek i\u00e7in iki g\u00fcn daha vakit ge\u00e7irebildik. Bug\u00fcn, yakla\u015f\u0131k 3 hafta sonra, operasyonu yapt\u0131rd\u0131\u011f\u0131ma \u00e7ok mutluyum ve \u015fu ana kadar hi\u00e7bir sorun ya\u015famad\u0131m. Bu y\u00fczden operasyonu herkese tavsiye edebilirim. Peter Davida \u00d6nceki rapor Bir sonraki rapor<\/p>\n","protected":false},"author":4,"featured_media":0,"parent":4471,"menu_order":0,"comment_status":"closed","ping_status":"closed","template":"","meta":{"_joinchat":[],"footnotes":""},"class_list":["post-4562","page","type-page","status-publish","hentry"],"acf":[],"_links":{"self":[{"href":"https:\/\/medicaltravel.ch\/tr\/wp-json\/wp\/v2\/pages\/4562","targetHints":{"allow":["GET"]}}],"collection":[{"href":"https:\/\/medicaltravel.ch\/tr\/wp-json\/wp\/v2\/pages"}],"about":[{"href":"https:\/\/medicaltravel.ch\/tr\/wp-json\/wp\/v2\/types\/page"}],"author":[{"embeddable":true,"href":"https:\/\/medicaltravel.ch\/tr\/wp-json\/wp\/v2\/users\/4"}],"replies":[{"embeddable":true,"href":"https:\/\/medicaltravel.ch\/tr\/wp-json\/wp\/v2\/comments?post=4562"}],"version-history":[{"count":0,"href":"https:\/\/medicaltravel.ch\/tr\/wp-json\/wp\/v2\/pages\/4562\/revisions"}],"up":[{"embeddable":true,"href":"https:\/\/medicaltravel.ch\/tr\/wp-json\/wp\/v2\/pages\/4471"}],"wp:attachment":[{"href":"https:\/\/medicaltravel.ch\/tr\/wp-json\/wp\/v2\/media?parent=4562"}],"curies":[{"name":"wp","href":"https:\/\/api.w.org\/{rel}","templated":true}]}}