{"id":4570,"date":"2025-09-24T06:11:42","date_gmt":"2025-09-24T05:11:42","guid":{"rendered":"https:\/\/medicaltravel.ch\/hasta-raporlari\/erfahrungsberichte-behandlungen-tuerkei\/tuerkiyede-lazer-goez-ameliyati-hakkinda-hasta-raporu-25-temmuz-2013-persembe-tarihli-rapor\/"},"modified":"2026-01-12T19:31:40","modified_gmt":"2026-01-12T18:31:40","slug":"tuerkiyede-lazer-goez-ameliyati-hakkinda-hasta-raporu-25-temmuz-2013-persembe-tarihli-rapor","status":"publish","type":"page","link":"https:\/\/medicaltravel.ch\/tr\/hasta-raporlari\/turkiye-de-tedavi-deneyimleri\/tuerkiyede-lazer-goez-ameliyati-hakkinda-hasta-raporu-25-temmuz-2013-persembe-tarihli-rapor\/","title":{"rendered":"T\u00fcrkiye&#8217;de lazer g\u00f6z ameliyat\u0131 hakk\u0131nda hasta raporu \u2013 25 Temmuz 2013 Per\u015fembe tarihli rapor"},"content":{"rendered":"\n<p>T\u00fcrkiye&#8217;de lazer g\u00f6z ameliyat\u0131 hakk\u0131nda hasta raporu \u2013 25 Temmuz 2013 Per\u015fembe tarihli rapor<\/p>\n\n\n\n<p>\u0130\u015fte \u0130stanbul&#8217;daki \u00f6n muayene, seyahat ve operasyon hakk\u0131ndaki izlenimlerimi payla\u015f\u0131yorum. Klini\u011finiz bana kay\u0131nbiraderim taraf\u0131ndan \u00f6nerildi, o da sonu\u00e7tan \u00e7ok memnun. SwissLasik ile ileti\u015fime ge\u00e7ti\u011fim anda ilk kontrol randevumu hemen ald\u0131m. Uzun bekleme s\u00fcreleri yoktu, bu ger\u00e7ekten \u00e7ok ho\u015fuma gitti. Operasyon i\u00e7in randevu konusunda da SwissLasik olduk\u00e7a esnek davrand\u0131. Z\u00fcrich&#8217;teki \u00f6n muayene i\u00e7in gitti\u011fim klinik \u00e7ok g\u00fczel ve rahat bir \u015fekilde d\u00f6\u015fenmi\u015fti. Ekip ve doktorlar son derece nazik ve yard\u0131mseverdi. S\u00fcrekli olarak neler yap\u0131ld\u0131\u011f\u0131n\u0131 bilgilendirdiler. Son derece sorunsuz ve yetkin bir \u015fekilde bilgilendirildim. Bu klinikte de uzun bekleme s\u00fcreleri yoktu. SwissLasik ile e-posta yoluyla ileti\u015fim kurmak \u00e7ok kolay, h\u0131zl\u0131 ve sorunsuzdu. Telefonla da her zaman ula\u015f\u0131labiliyordu. Seyahate \u00e7\u0131kmadan \u00f6nce bana seyahat belgeleri g\u00f6nderildi. U\u00e7u\u015f, otel, ula\u015f\u0131m, operasyon, sonras\u0131 bak\u0131m, gezilecek yerler ve ba\u011flant\u0131lar hakk\u0131nda bilgilendirici harika bir kitap\u00e7\u0131k g\u00f6nderildi. \u0130stanbul&#8217;a vard\u0131\u011f\u0131mda, bizi bir \u015fof\u00f6r kar\u015f\u0131lad\u0131 ve hemen kendimizi rahat hissettik. \u015eof\u00f6r de \u00e7ok nazikti ve yolculuk boyunca \u0130stanbul&#8217;daki \u00f6nemli turistik yerler hakk\u0131nda bilgi verdi. Otelde, SwissLasik taraf\u0131ndan \u00f6nerilen otel, konforlu ve rahat bir \u015fekilde d\u00f6\u015fenmi\u015fti. Otelin yeri \u00e7ok merkeziydi, b\u00f6ylece operasyon sonras\u0131nda biraz gezip dola\u015fabilece\u011fimiz bir konumdayd\u0131. Ac\u0131badem Klini\u011fi&#8217;ne vard\u0131\u011f\u0131mda, \u00e7ok nazik ve yard\u0131msever bir \u015fekilde kar\u015f\u0131land\u0131m. Orada beni bekleyen bir terc\u00fcman, t\u00fcm muayenelerimde ve operasyonda bana e\u015flik etti. S\u00fcrekli olarak bir \u015fof\u00f6r d\u00fczenledi. Hi\u00e7bir durumda yaln\u0131z ya da anla\u015f\u0131lm\u0131yor hissetmedim, \u00e7\u00fcnk\u00fc T\u00fcrk\u00e7e bilmiyorum ve anlam\u0131yorum, bu ger\u00e7ekten \u00e7ok de\u011ferliydi. Operasyon olduk\u00e7a h\u0131zl\u0131 yap\u0131ld\u0131, her ad\u0131m \u00e7ok ayr\u0131nt\u0131l\u0131 bir \u015fekilde bana a\u00e7\u0131klan\u0131p anlat\u0131ld\u0131. Hi\u00e7 korkmad\u0131m. Haz\u0131rl\u0131k s\u00fcreci, operasyonun kendisinden daha uzun s\u00fcrd\u00fc. Operasyon sonras\u0131 bana ne yapmam gerekti\u011fi, nelerden ka\u00e7\u0131nmam gerekti\u011fi ve kar\u015f\u0131la\u015fabilece\u011fim durumlar hakk\u0131nda detayl\u0131 bilgi verildi; fakat bunlar bana korku vermedi. Doktor \u00e7ok profesyonel bir izlenim b\u0131rakt\u0131. Operasyondan sonraki g\u00fcn, sabah erken saatlerde yap\u0131lan bir kontrol\u00fcm vard\u0131, b\u00f6ylece ben ve e\u015flik\u00e7im \u0130stanbul&#8217;u gezmeye \u00e7\u0131kabilirdik. Genel olarak seyahati ve operasyonu kesinlikle tavsiye ederim, \u00e7\u00fcnk\u00fc profesyonel ve uygun fiyatl\u0131yd\u0131. Operasyonun \u0130svi\u00e7re&#8217;de yap\u0131lmamas\u0131, ba\u015fka bir k\u00fclt\u00fcr\u00fc ke\u015ffetme imk\u00e2n\u0131 da sundu. Di\u011fer muayeneler \u0130svi\u00e7re&#8217;de yap\u0131lacak ve bu muayenelerin de beklentilerimi kar\u015f\u0131layaca\u011f\u0131ndan eminim, b\u00f6ylece olumlu izlenimimi s\u00fcrd\u00fcrmeyi bekliyorum.                                Bir aile \u00fcyesinin bir sonraki operasyonu \u015fimdiden planlan\u0131yor. Operasyondan sonra g\u00f6zl\u00fck kullanm\u0131yorum, uzak g\u00f6r\u00fc\u015fle ilgili sorunlar\u0131m vard\u0131. \u015eimdi, doktorun 6 ay boyunca uygulamam\u0131 \u00f6nerdi\u011fi bak\u0131m talimatlar\u0131n\u0131 takip edece\u011fim. Ard\u0131ndan g\u00fczel bir g\u00f6r\u00fc\u015f elde etmeyi umuyorum. SwissLasik&#8217;e bu harika ba\u015far\u0131 i\u00e7in te\u015fekk\u00fcr ederim ve t\u00fcm hastalar\u0131n da benzer bir ba\u015far\u0131 ya\u015famas\u0131n\u0131 dilerim. Bruno Correia     <\/p>\n\n\n\n<div class=\"wp-block-group is-layout-grid wp-container-core-group-is-layout-baef362d wp-block-group-is-layout-grid\">\n<p><a href=\"https:\/\/medicaltravel.at\/home\/agb\/\" data-type=\"page\" data-id=\"2191\" rel=\"nofollow noopener\" target=\"_blank\"><\/a><a href=\"https:\/\/medicaltravel.ch\/tr\/hasta-raporlari\/turkiye-de-tedavi-deneyimleri\/cift-lazer-ameliyati-17-eyluel-2013-sali-tarihli-rapor\/\" data-type=\"link\" data-id=\"https:\/\/medicaltravel.ch\/tr\/hasta-raporlari\/turkiye-de-tedavi-deneyimleri\/cift-lazer-ameliyati-17-eyluel-2013-sali-tarihli-rapor\/\">\u00d6nceki rapor<\/a><\/p>\n\n\n\n<p class=\"has-text-align-right wp-container-content-5e2576f9\"><a href=\"https:\/\/medicaltravel.at\/home\/impressum\/\" data-type=\"page\" data-id=\"2193\" rel=\"nofollow noopener\" target=\"_blank\"><\/a><a href=\"https:\/\/medicaltravel.at\/home\/berichte-von-patienten\/erfahrungsberichte\/erfahrungsbericht-zahnbehandlung-in-istanbul\/\" data-type=\"page\" data-id=\"981\" rel=\"nofollow noopener\" target=\"_blank\"><\/a><a href=\"https:\/\/medicaltravel.ch\/tr\/hasta-raporlari\/turkiye-de-tedavi-deneyimleri\/samuel-muellerin-lazer-goez-ameliyati-icin-istanbul-acibadem-maslak-klinigine-yaptigi-seyahat-raporu-18-temmuz-2013-persembe-tarihli-rapor\/\" data-type=\"link\" data-id=\"https:\/\/medicaltravel.ch\/tr\/hasta-raporlari\/turkiye-de-tedavi-deneyimleri\/samuel-muellerin-lazer-goez-ameliyati-icin-istanbul-acibadem-maslak-klinigine-yaptigi-seyahat-raporu-18-temmuz-2013-persembe-tarihli-rapor\/\">Bir sonraki rapor<\/a><\/p>\n<\/div>\n","protected":false},"excerpt":{"rendered":"<p>T\u00fcrkiye&#8217;de lazer g\u00f6z ameliyat\u0131 hakk\u0131nda hasta raporu \u2013 25 Temmuz 2013 Per\u015fembe tarihli rapor \u0130\u015fte \u0130stanbul&#8217;daki \u00f6n muayene, seyahat ve operasyon hakk\u0131ndaki izlenimlerimi payla\u015f\u0131yorum. Klini\u011finiz bana kay\u0131nbiraderim taraf\u0131ndan \u00f6nerildi, o da sonu\u00e7tan \u00e7ok memnun. SwissLasik ile ileti\u015fime ge\u00e7ti\u011fim anda ilk kontrol randevumu hemen ald\u0131m. Uzun bekleme s\u00fcreleri yoktu, bu ger\u00e7ekten \u00e7ok ho\u015fuma gitti. Operasyon i\u00e7in randevu konusunda da SwissLasik olduk\u00e7a esnek davrand\u0131. Z\u00fcrich&#8217;teki \u00f6n muayene i\u00e7in gitti\u011fim klinik \u00e7ok g\u00fczel ve rahat bir \u015fekilde d\u00f6\u015fenmi\u015fti. Ekip ve doktorlar son derece nazik ve yard\u0131mseverdi. S\u00fcrekli olarak neler yap\u0131ld\u0131\u011f\u0131n\u0131 bilgilendirdiler. Son derece sorunsuz ve yetkin bir \u015fekilde bilgilendirildim. Bu klinikte de uzun bekleme s\u00fcreleri yoktu. SwissLasik ile e-posta yoluyla ileti\u015fim kurmak \u00e7ok kolay, h\u0131zl\u0131 ve sorunsuzdu. Telefonla da her zaman ula\u015f\u0131labiliyordu. Seyahate \u00e7\u0131kmadan \u00f6nce bana seyahat belgeleri g\u00f6nderildi. U\u00e7u\u015f, otel, ula\u015f\u0131m, operasyon, sonras\u0131 bak\u0131m, gezilecek yerler ve ba\u011flant\u0131lar hakk\u0131nda bilgilendirici harika bir kitap\u00e7\u0131k g\u00f6nderildi. \u0130stanbul&#8217;a vard\u0131\u011f\u0131mda, bizi bir \u015fof\u00f6r kar\u015f\u0131lad\u0131 ve hemen kendimizi rahat hissettik. \u015eof\u00f6r de \u00e7ok nazikti ve yolculuk boyunca \u0130stanbul&#8217;daki \u00f6nemli turistik yerler hakk\u0131nda bilgi verdi. Otelde, SwissLasik taraf\u0131ndan \u00f6nerilen otel, konforlu ve rahat bir \u015fekilde d\u00f6\u015fenmi\u015fti. Otelin yeri \u00e7ok merkeziydi, b\u00f6ylece operasyon sonras\u0131nda biraz gezip dola\u015fabilece\u011fimiz bir konumdayd\u0131. Ac\u0131badem Klini\u011fi&#8217;ne vard\u0131\u011f\u0131mda, \u00e7ok nazik ve yard\u0131msever bir \u015fekilde kar\u015f\u0131land\u0131m. Orada beni bekleyen bir terc\u00fcman, t\u00fcm muayenelerimde ve operasyonda bana e\u015flik etti. S\u00fcrekli olarak bir \u015fof\u00f6r d\u00fczenledi. Hi\u00e7bir durumda yaln\u0131z ya da anla\u015f\u0131lm\u0131yor hissetmedim, \u00e7\u00fcnk\u00fc T\u00fcrk\u00e7e bilmiyorum ve anlam\u0131yorum, bu ger\u00e7ekten \u00e7ok de\u011ferliydi. Operasyon olduk\u00e7a h\u0131zl\u0131 yap\u0131ld\u0131, her ad\u0131m \u00e7ok ayr\u0131nt\u0131l\u0131 bir \u015fekilde bana a\u00e7\u0131klan\u0131p anlat\u0131ld\u0131. Hi\u00e7 korkmad\u0131m. Haz\u0131rl\u0131k s\u00fcreci, operasyonun kendisinden daha uzun s\u00fcrd\u00fc. Operasyon sonras\u0131 bana ne yapmam gerekti\u011fi, nelerden ka\u00e7\u0131nmam gerekti\u011fi ve kar\u015f\u0131la\u015fabilece\u011fim durumlar hakk\u0131nda detayl\u0131 bilgi verildi; fakat bunlar bana korku vermedi. Doktor \u00e7ok profesyonel bir izlenim b\u0131rakt\u0131. Operasyondan sonraki g\u00fcn, sabah erken saatlerde yap\u0131lan bir kontrol\u00fcm vard\u0131, b\u00f6ylece ben ve e\u015flik\u00e7im \u0130stanbul&#8217;u gezmeye \u00e7\u0131kabilirdik. Genel olarak seyahati ve operasyonu kesinlikle tavsiye ederim, \u00e7\u00fcnk\u00fc profesyonel ve uygun fiyatl\u0131yd\u0131. Operasyonun \u0130svi\u00e7re&#8217;de yap\u0131lmamas\u0131, ba\u015fka bir k\u00fclt\u00fcr\u00fc ke\u015ffetme imk\u00e2n\u0131 da sundu. Di\u011fer muayeneler \u0130svi\u00e7re&#8217;de yap\u0131lacak ve bu muayenelerin de beklentilerimi kar\u015f\u0131layaca\u011f\u0131ndan eminim, b\u00f6ylece olumlu izlenimimi s\u00fcrd\u00fcrmeyi bekliyorum. Bir aile \u00fcyesinin bir sonraki operasyonu \u015fimdiden planlan\u0131yor. Operasyondan sonra g\u00f6zl\u00fck kullanm\u0131yorum, uzak g\u00f6r\u00fc\u015fle ilgili sorunlar\u0131m vard\u0131. \u015eimdi, doktorun 6 ay boyunca uygulamam\u0131 \u00f6nerdi\u011fi bak\u0131m talimatlar\u0131n\u0131 takip edece\u011fim. Ard\u0131ndan g\u00fczel bir g\u00f6r\u00fc\u015f elde etmeyi umuyorum. SwissLasik&#8217;e bu harika ba\u015far\u0131 i\u00e7in te\u015fekk\u00fcr ederim ve t\u00fcm hastalar\u0131n da benzer bir ba\u015far\u0131 ya\u015famas\u0131n\u0131 dilerim. Bruno Correia \u00d6nceki rapor Bir sonraki rapor<\/p>\n","protected":false},"author":4,"featured_media":0,"parent":4471,"menu_order":0,"comment_status":"closed","ping_status":"closed","template":"","meta":{"_joinchat":[],"footnotes":""},"class_list":["post-4570","page","type-page","status-publish","hentry"],"acf":[],"_links":{"self":[{"href":"https:\/\/medicaltravel.ch\/tr\/wp-json\/wp\/v2\/pages\/4570","targetHints":{"allow":["GET"]}}],"collection":[{"href":"https:\/\/medicaltravel.ch\/tr\/wp-json\/wp\/v2\/pages"}],"about":[{"href":"https:\/\/medicaltravel.ch\/tr\/wp-json\/wp\/v2\/types\/page"}],"author":[{"embeddable":true,"href":"https:\/\/medicaltravel.ch\/tr\/wp-json\/wp\/v2\/users\/4"}],"replies":[{"embeddable":true,"href":"https:\/\/medicaltravel.ch\/tr\/wp-json\/wp\/v2\/comments?post=4570"}],"version-history":[{"count":2,"href":"https:\/\/medicaltravel.ch\/tr\/wp-json\/wp\/v2\/pages\/4570\/revisions"}],"predecessor-version":[{"id":6443,"href":"https:\/\/medicaltravel.ch\/tr\/wp-json\/wp\/v2\/pages\/4570\/revisions\/6443"}],"up":[{"embeddable":true,"href":"https:\/\/medicaltravel.ch\/tr\/wp-json\/wp\/v2\/pages\/4471"}],"wp:attachment":[{"href":"https:\/\/medicaltravel.ch\/tr\/wp-json\/wp\/v2\/media?parent=4570"}],"curies":[{"name":"wp","href":"https:\/\/api.w.org\/{rel}","templated":true}]}}