{"id":4572,"date":"2025-09-24T06:14:22","date_gmt":"2025-09-24T05:14:22","guid":{"rendered":"https:\/\/medicaltravel.ch\/hasta-raporlari\/erfahrungsberichte-behandlungen-tuerkei\/silvana-romanonun-istanbulda-lazer-goez-ameliyati-hakkindaki-hasta-raporu-17-temmuz-2013-carsamba-tarihli-rapor\/"},"modified":"2026-01-12T19:33:54","modified_gmt":"2026-01-12T18:33:54","slug":"silvana-romanonun-istanbulda-lazer-goez-ameliyati-hakkindaki-hasta-raporu-17-temmuz-2013-carsamba-tarihli-rapor","status":"publish","type":"page","link":"https:\/\/medicaltravel.ch\/tr\/hasta-raporlari\/turkiye-de-tedavi-deneyimleri\/silvana-romanonun-istanbulda-lazer-goez-ameliyati-hakkindaki-hasta-raporu-17-temmuz-2013-carsamba-tarihli-rapor\/","title":{"rendered":"Silvana Romano&#8217;nun \u0130stanbul&#8217;da lazer g\u00f6z ameliyat\u0131 hakk\u0131ndaki hasta raporu \u2013 17 Temmuz 2013 \u00c7ar\u015famba tarihli rapor."},"content":{"rendered":"\n<p>Silvana Romano&#8217;nun \u0130stanbul&#8217;da lazer g\u00f6z ameliyat\u0131 hakk\u0131ndaki hasta raporu \u2013 17 Temmuz 2013 \u00c7ar\u015famba tarihli rapor.<\/p>\n\n\n\n<p>G\u00f6zlerimi lazerle tedavi ettirmeye karar verme s\u00fcrecim, kontakt lenslerle ya\u015fad\u0131\u011f\u0131m sorunlardan kaynakland\u0131. Zamanla lensleri iyi bir \u015fekilde tolera edememeye ba\u015flad\u0131m ve s\u00fcrekli rahats\u0131z oldum. O\u011flum da lenslerini bazen gece boyunca tak\u0131yordu ve bu durum g\u00f6zlerinde b\u00fcy\u00fck sorunlara yol a\u00e7t\u0131. E\u011fer g\u00f6zlerimi lazerle tedavi ettirirsem, onun da benimle gelece\u011fini d\u00fc\u015f\u00fcnd\u00fcm. \u0130nternette ara\u015ft\u0131rma yaparken sizin sitenize rastlad\u0131m. Bir ba\u015fka firma da bulmu\u015ftum ama sizin web siteniz bana daha g\u00fcvenilir ve bilgilendirici geldi. Ayr\u0131ca, tedavi sonras\u0131 kontrollerin \u0130svi\u00e7re&#8217;de bir doktorunuz taraf\u0131ndan yap\u0131lmas\u0131 benim i\u00e7in \u00e7ok \u00f6nemliydi. Karar\u0131m kesinle\u015fti, g\u00f6zlerimi T\u00fcrkiye&#8217;de lazerle tedavi ettirecektim. O\u011flum da hemen buna \u00e7ok heveslendi. Ofiste bu plan\u0131m\u0131 anlat\u0131nca, \u00e7al\u0131\u015fan\u0131m da hemen heveslendi ve o da \u0130stanbul&#8217;a gelmeye karar verdi. Ve b\u00f6ylece ba\u015flad\u0131&#8230; Bay Karaagacli ile ileti\u015fime ge\u00e7tim ve o bizim i\u00e7in her \u015feyi m\u00fckemmel bir \u015fekilde organize etti, u\u00e7u\u015flar\u0131m\u0131z\u0131 da ayarlad\u0131. 20 Haziran 2013&#8217;te g\u00f6zl\u00fcks\u00fcz ve lenssiz bir ya\u015fama do\u011fru olan maceram\u0131z ba\u015flad\u0131. \u00c7ok mutluydum \u00e7\u00fcnk\u00fc ameliyat \u00f6ncesi son 2 hafta boyunca g\u00f6zl\u00fck takmak benim i\u00e7in &#8220;cehennem&#8221; gibiydi. Uzaklar\u0131 ve yak\u0131nlar\u0131 net g\u00f6remiyor, s\u00fcrekli g\u00f6zl\u00fc\u011f\u00fcm\u00fc \u00e7\u0131kar\u0131p takarak bilgisayarda \u00e7al\u0131\u015fmak zorunda kal\u0131yordum. Ger\u00e7ekten sinir bozucuydu. Neyse ki bu \u00e7ok ge\u00e7meden sona erecekti. U\u00e7u\u015f ve ula\u015f\u0131m m\u00fckemmel bir \u015fekilde organize edildi ve sadece yakla\u015f\u0131k 3 saat sonra \u0130stanbul&#8217;a vard\u0131k, bizi bir \u00e7al\u0131\u015fan kar\u015f\u0131lad\u0131 ve direkt otelimize g\u00f6t\u00fcrd\u00fc. K\u0131sa bir s\u00fcre dinlenip yemek yemeyi planlad\u0131k. Havaalan\u0131nda, bizimle ayn\u0131 g\u00f6z ameliyat\u0131n\u0131 yapt\u0131racak bir kad\u0131nla tan\u0131\u015ft\u0131k ve o da bize kat\u0131ld\u0131. \u015eimdi 4 ki\u015fi operasyonu bekliyorduk ve yan\u0131m\u0131zda bizi birlikte \u0130stanbul&#8217;a getiren arkada\u015f\u0131m vard\u0131. 21 Haziran 2013 sabah\u0131, otelde hafif bir kahvalt\u0131dan sonra al\u0131nd\u0131k ve klinikteydik. Bizi bir \u00e7al\u0131\u015fan kar\u015f\u0131lad\u0131 ve k\u0131sa s\u00fcre sonra Almanca konu\u015fan terc\u00fcman\u0131m\u0131z da geldi. \u00d6n muayeneler h\u0131zl\u0131 bir \u015fekilde ba\u015flad\u0131 ve bir sonraki teste kadar vakit ge\u00e7irirken d\u00f6rt ki\u015fi \u00e7ok g\u00fczel sohbet ettik, zaman h\u0131zl\u0131 ge\u00e7ti. Sonras\u0131nda hepimize \u00f6\u011fleden sonra operasyon yap\u0131laca\u011f\u0131 s\u00f6ylendi ve biz de bu s\u00fcreyi al\u0131\u015fveri\u015f merkezinde veya ba\u015fka bir yerde ge\u00e7irebilece\u011fimizi belirttiler. Ancak, operasyonumuzun ba\u015flamas\u0131na \u00e7ok az kald\u0131\u011f\u0131 i\u00e7in klinikte kal\u0131p orada bir \u015feyler yemeye karar verdik. Saat 14:30 civar\u0131nda operasyon i\u00e7in haz\u0131rd\u0131k. Bir sakinle\u015ftirici tablet verdiler ve beklemeye ba\u015flad\u0131k. O\u011flum ve \u00e7al\u0131\u015fan\u0131m \u00f6nce \u00e7a\u011fr\u0131ld\u0131lar, onlara \u015fans dileyip u\u011furlad\u0131m. Sakinle\u015ftirici tabletin etkisiyle o kadar rahatlad\u0131m ki, beklerken ger\u00e7ekten uyudum. Ard\u0131ndan ad\u0131m \u00e7a\u011fr\u0131ld\u0131 ve &#8220;ahh uyudum, biraz ba\u015f\u0131m d\u00f6nd\u00fc&#8221; dedim. Bir \u00e7al\u0131\u015fan beni ameliyat odas\u0131na g\u00f6t\u00fcrd\u00fc ve operasyon benim i\u00e7in olduk\u00e7a rahat ge\u00e7ti, hi\u00e7 heyecanlanmad\u0131m. San\u0131r\u0131m g\u00f6z ameliyat\u0131m\u0131 &#8220;uyuyarak&#8221; ge\u00e7irdim :o) K\u0131sa bir kontrol\u00fcn ard\u0131ndan tekrar otelimize geri d\u00f6nd\u00fck, g\u00f6zlerimize dinlenme s\u00fcresi vermek i\u00e7in biraz uzand\u0131k. Ba\u015flang\u0131\u00e7tan itibaren kendimi \u00e7ok iyi hissettim ve b\u00f6ylece g\u00f6z damlalar\u0131n\u0131 iki saat sonra g\u00f6zlerimize damlatmam\u0131z gereken arkada\u015f\u0131m\u0131n da yard\u0131mc\u0131 oldum. Ba\u015flang\u0131\u00e7ta o kadar \u0131\u015f\u0131\u011fa duyarl\u0131yd\u0131 ki, hi\u00e7 bir \u015fey yapam\u0131yordu. O\u011flumun da g\u00f6z damlalar\u0131n\u0131 ben verdim ve ak\u015fam saatlerinde hepimiz otel restoran\u0131nda bulu\u015fup deneyimlerimizi payla\u015ft\u0131k. Yan\u0131m\u0131za gelen arkada\u015f\u0131m \u0130stanbul&#8217;da harika bir g\u00fcn ge\u00e7irdi ve bizlere g\u00f6zl\u00fck ya da lens olmadan bir &#8220;ya\u015fam&#8221; hediye edilmi\u015f oldu. 21 Haziran 2013 ger\u00e7ekten m\u00fckemmel bir g\u00fcnd\u00fc. Operasyondan sonraki g\u00fcn k\u0131sa bir kontrol\u00fcm\u00fcz vard\u0131, ard\u0131ndan Bo\u011faz&#8217;da bir tekne turu yapt\u0131k. \u015eimdi yakla\u015f\u0131k d\u00f6rt hafta ge\u00e7ti ve tedavimden \u00e7ok memnunum. Ba\u015flang\u0131\u00e7tan itibaren her \u015fey o kadar m\u00fckemmeldi ki, hi\u00e7bir rahats\u0131zl\u0131k ya\u015famad\u0131m ve \u015fu anda g\u00f6zlerimde herhangi bir de\u011fi\u015fiklik olmad\u0131\u011f\u0131n\u0131, bir g\u00f6z ameliyat\u0131 ge\u00e7irdi\u011fimi bile fark etmiyorum. Bir hafta \u00f6nce makyaj\u0131m\u0131 tekrar yapmaya ba\u015flad\u0131m ve her \u015fey m\u00fckemmel gidiyor. \u00c7ok sevgiler, Silvana Romano<\/p>\n\n\n\n<div class=\"wp-block-group is-layout-grid wp-container-core-group-is-layout-baef362d wp-block-group-is-layout-grid\">\n<p><a href=\"https:\/\/medicaltravel.at\/home\/agb\/\" data-type=\"page\" data-id=\"2191\" rel=\"nofollow noopener\" target=\"_blank\"><\/a><a href=\"https:\/\/medicaltravel.ch\/tr\/hasta-raporlari\/turkiye-de-tedavi-deneyimleri\/samuel-muellerin-lazer-goez-ameliyati-icin-istanbul-acibadem-maslak-klinigine-yaptigi-seyahat-raporu-18-temmuz-2013-persembe-tarihli-rapor\/\" data-type=\"link\" data-id=\"https:\/\/medicaltravel.ch\/tr\/hasta-raporlari\/turkiye-de-tedavi-deneyimleri\/samuel-muellerin-lazer-goez-ameliyati-icin-istanbul-acibadem-maslak-klinigine-yaptigi-seyahat-raporu-18-temmuz-2013-persembe-tarihli-rapor\/\">\u00d6nceki rapor<\/a><\/p>\n\n\n\n<p class=\"has-text-align-right wp-container-content-5e2576f9\"><a href=\"https:\/\/medicaltravel.at\/home\/impressum\/\" data-type=\"page\" data-id=\"2193\" rel=\"nofollow noopener\" target=\"_blank\"><\/a><a href=\"https:\/\/medicaltravel.at\/home\/berichte-von-patienten\/erfahrungsberichte\/erfahrungsbericht-zahnbehandlung-in-istanbul\/\" data-type=\"page\" data-id=\"981\" rel=\"nofollow noopener\" target=\"_blank\"><\/a><a href=\"https:\/\/medicaltravel.ch\/tr\/hasta-raporlari\/turkiye-de-tedavi-deneyimleri\/hasta-raporu-istanbulda-goez-ameliyati-8-temmuz-2013-pazartesi-tarihli-rapor\/\" data-type=\"link\" data-id=\"https:\/\/medicaltravel.ch\/tr\/hasta-raporlari\/turkiye-de-tedavi-deneyimleri\/hasta-raporu-istanbulda-goez-ameliyati-8-temmuz-2013-pazartesi-tarihli-rapor\/\">Bir sonraki rapor<\/a><\/p>\n<\/div>\n","protected":false},"excerpt":{"rendered":"<p>Silvana Romano&#8217;nun \u0130stanbul&#8217;da lazer g\u00f6z ameliyat\u0131 hakk\u0131ndaki hasta raporu \u2013 17 Temmuz 2013 \u00c7ar\u015famba tarihli rapor. G\u00f6zlerimi lazerle tedavi ettirmeye karar verme s\u00fcrecim, kontakt lenslerle ya\u015fad\u0131\u011f\u0131m sorunlardan kaynakland\u0131. Zamanla lensleri iyi bir \u015fekilde tolera edememeye ba\u015flad\u0131m ve s\u00fcrekli rahats\u0131z oldum. O\u011flum da lenslerini bazen gece boyunca tak\u0131yordu ve bu durum g\u00f6zlerinde b\u00fcy\u00fck sorunlara yol a\u00e7t\u0131. E\u011fer g\u00f6zlerimi lazerle tedavi ettirirsem, onun da benimle gelece\u011fini d\u00fc\u015f\u00fcnd\u00fcm. \u0130nternette ara\u015ft\u0131rma yaparken sizin sitenize rastlad\u0131m. Bir ba\u015fka firma da bulmu\u015ftum ama sizin web siteniz bana daha g\u00fcvenilir ve bilgilendirici geldi. Ayr\u0131ca, tedavi sonras\u0131 kontrollerin \u0130svi\u00e7re&#8217;de bir doktorunuz taraf\u0131ndan yap\u0131lmas\u0131 benim i\u00e7in \u00e7ok \u00f6nemliydi. Karar\u0131m kesinle\u015fti, g\u00f6zlerimi T\u00fcrkiye&#8217;de lazerle tedavi ettirecektim. O\u011flum da hemen buna \u00e7ok heveslendi. Ofiste bu plan\u0131m\u0131 anlat\u0131nca, \u00e7al\u0131\u015fan\u0131m da hemen heveslendi ve o da \u0130stanbul&#8217;a gelmeye karar verdi. Ve b\u00f6ylece ba\u015flad\u0131&#8230; Bay Karaagacli ile ileti\u015fime ge\u00e7tim ve o bizim i\u00e7in her \u015feyi m\u00fckemmel bir \u015fekilde organize etti, u\u00e7u\u015flar\u0131m\u0131z\u0131 da ayarlad\u0131. 20 Haziran 2013&#8217;te g\u00f6zl\u00fcks\u00fcz ve lenssiz bir ya\u015fama do\u011fru olan maceram\u0131z ba\u015flad\u0131. \u00c7ok mutluydum \u00e7\u00fcnk\u00fc ameliyat \u00f6ncesi son 2 hafta boyunca g\u00f6zl\u00fck takmak benim i\u00e7in &#8220;cehennem&#8221; gibiydi. Uzaklar\u0131 ve yak\u0131nlar\u0131 net g\u00f6remiyor, s\u00fcrekli g\u00f6zl\u00fc\u011f\u00fcm\u00fc \u00e7\u0131kar\u0131p takarak bilgisayarda \u00e7al\u0131\u015fmak zorunda kal\u0131yordum. Ger\u00e7ekten sinir bozucuydu. Neyse ki bu \u00e7ok ge\u00e7meden sona erecekti. U\u00e7u\u015f ve ula\u015f\u0131m m\u00fckemmel bir \u015fekilde organize edildi ve sadece yakla\u015f\u0131k 3 saat sonra \u0130stanbul&#8217;a vard\u0131k, bizi bir \u00e7al\u0131\u015fan kar\u015f\u0131lad\u0131 ve direkt otelimize g\u00f6t\u00fcrd\u00fc. K\u0131sa bir s\u00fcre dinlenip yemek yemeyi planlad\u0131k. Havaalan\u0131nda, bizimle ayn\u0131 g\u00f6z ameliyat\u0131n\u0131 yapt\u0131racak bir kad\u0131nla tan\u0131\u015ft\u0131k ve o da bize kat\u0131ld\u0131. \u015eimdi 4 ki\u015fi operasyonu bekliyorduk ve yan\u0131m\u0131zda bizi birlikte \u0130stanbul&#8217;a getiren arkada\u015f\u0131m vard\u0131. 21 Haziran 2013 sabah\u0131, otelde hafif bir kahvalt\u0131dan sonra al\u0131nd\u0131k ve klinikteydik. Bizi bir \u00e7al\u0131\u015fan kar\u015f\u0131lad\u0131 ve k\u0131sa s\u00fcre sonra Almanca konu\u015fan terc\u00fcman\u0131m\u0131z da geldi. \u00d6n muayeneler h\u0131zl\u0131 bir \u015fekilde ba\u015flad\u0131 ve bir sonraki teste kadar vakit ge\u00e7irirken d\u00f6rt ki\u015fi \u00e7ok g\u00fczel sohbet ettik, zaman h\u0131zl\u0131 ge\u00e7ti. Sonras\u0131nda hepimize \u00f6\u011fleden sonra operasyon yap\u0131laca\u011f\u0131 s\u00f6ylendi ve biz de bu s\u00fcreyi al\u0131\u015fveri\u015f merkezinde veya ba\u015fka bir yerde ge\u00e7irebilece\u011fimizi belirttiler. Ancak, operasyonumuzun ba\u015flamas\u0131na \u00e7ok az kald\u0131\u011f\u0131 i\u00e7in klinikte kal\u0131p orada bir \u015feyler yemeye karar verdik. Saat 14:30 civar\u0131nda operasyon i\u00e7in haz\u0131rd\u0131k. Bir sakinle\u015ftirici tablet verdiler ve beklemeye ba\u015flad\u0131k. O\u011flum ve \u00e7al\u0131\u015fan\u0131m \u00f6nce \u00e7a\u011fr\u0131ld\u0131lar, onlara \u015fans dileyip u\u011furlad\u0131m. Sakinle\u015ftirici tabletin etkisiyle o kadar rahatlad\u0131m ki, beklerken ger\u00e7ekten uyudum. Ard\u0131ndan ad\u0131m \u00e7a\u011fr\u0131ld\u0131 ve &#8220;ahh uyudum, biraz ba\u015f\u0131m d\u00f6nd\u00fc&#8221; dedim. Bir \u00e7al\u0131\u015fan beni ameliyat odas\u0131na g\u00f6t\u00fcrd\u00fc ve operasyon benim i\u00e7in olduk\u00e7a rahat ge\u00e7ti, hi\u00e7 heyecanlanmad\u0131m. San\u0131r\u0131m g\u00f6z ameliyat\u0131m\u0131 &#8220;uyuyarak&#8221; ge\u00e7irdim :o) K\u0131sa bir kontrol\u00fcn ard\u0131ndan tekrar otelimize geri d\u00f6nd\u00fck, g\u00f6zlerimize dinlenme s\u00fcresi vermek i\u00e7in biraz uzand\u0131k. Ba\u015flang\u0131\u00e7tan itibaren kendimi \u00e7ok iyi hissettim ve b\u00f6ylece g\u00f6z damlalar\u0131n\u0131 iki saat sonra g\u00f6zlerimize damlatmam\u0131z gereken arkada\u015f\u0131m\u0131n da yard\u0131mc\u0131 oldum. Ba\u015flang\u0131\u00e7ta o kadar \u0131\u015f\u0131\u011fa duyarl\u0131yd\u0131 ki, hi\u00e7 bir \u015fey yapam\u0131yordu. O\u011flumun da g\u00f6z damlalar\u0131n\u0131 ben verdim ve ak\u015fam saatlerinde hepimiz otel restoran\u0131nda bulu\u015fup deneyimlerimizi payla\u015ft\u0131k. Yan\u0131m\u0131za gelen arkada\u015f\u0131m \u0130stanbul&#8217;da harika bir g\u00fcn ge\u00e7irdi ve bizlere g\u00f6zl\u00fck ya da lens olmadan bir &#8220;ya\u015fam&#8221; hediye edilmi\u015f oldu. 21 Haziran 2013 ger\u00e7ekten m\u00fckemmel bir g\u00fcnd\u00fc. Operasyondan sonraki g\u00fcn k\u0131sa bir kontrol\u00fcm\u00fcz vard\u0131, ard\u0131ndan Bo\u011faz&#8217;da bir tekne turu yapt\u0131k. \u015eimdi yakla\u015f\u0131k d\u00f6rt hafta ge\u00e7ti ve tedavimden \u00e7ok memnunum. Ba\u015flang\u0131\u00e7tan itibaren her \u015fey o kadar m\u00fckemmeldi ki, hi\u00e7bir rahats\u0131zl\u0131k ya\u015famad\u0131m ve \u015fu anda g\u00f6zlerimde herhangi bir de\u011fi\u015fiklik olmad\u0131\u011f\u0131n\u0131, bir g\u00f6z ameliyat\u0131 ge\u00e7irdi\u011fimi bile fark etmiyorum. Bir hafta \u00f6nce makyaj\u0131m\u0131 tekrar yapmaya ba\u015flad\u0131m ve her \u015fey m\u00fckemmel gidiyor. \u00c7ok sevgiler, Silvana Romano \u00d6nceki rapor Bir sonraki rapor<\/p>\n","protected":false},"author":4,"featured_media":0,"parent":4471,"menu_order":0,"comment_status":"closed","ping_status":"closed","template":"","meta":{"_joinchat":[],"footnotes":""},"class_list":["post-4572","page","type-page","status-publish","hentry"],"acf":[],"_links":{"self":[{"href":"https:\/\/medicaltravel.ch\/tr\/wp-json\/wp\/v2\/pages\/4572","targetHints":{"allow":["GET"]}}],"collection":[{"href":"https:\/\/medicaltravel.ch\/tr\/wp-json\/wp\/v2\/pages"}],"about":[{"href":"https:\/\/medicaltravel.ch\/tr\/wp-json\/wp\/v2\/types\/page"}],"author":[{"embeddable":true,"href":"https:\/\/medicaltravel.ch\/tr\/wp-json\/wp\/v2\/users\/4"}],"replies":[{"embeddable":true,"href":"https:\/\/medicaltravel.ch\/tr\/wp-json\/wp\/v2\/comments?post=4572"}],"version-history":[{"count":2,"href":"https:\/\/medicaltravel.ch\/tr\/wp-json\/wp\/v2\/pages\/4572\/revisions"}],"predecessor-version":[{"id":6446,"href":"https:\/\/medicaltravel.ch\/tr\/wp-json\/wp\/v2\/pages\/4572\/revisions\/6446"}],"up":[{"embeddable":true,"href":"https:\/\/medicaltravel.ch\/tr\/wp-json\/wp\/v2\/pages\/4471"}],"wp:attachment":[{"href":"https:\/\/medicaltravel.ch\/tr\/wp-json\/wp\/v2\/media?parent=4572"}],"curies":[{"name":"wp","href":"https:\/\/api.w.org\/{rel}","templated":true}]}}