{"id":4574,"date":"2025-09-24T06:15:02","date_gmt":"2025-09-24T05:15:02","guid":{"rendered":"https:\/\/medicaltravel.ch\/hasta-raporlari\/erfahrungsberichte-behandlungen-tuerkei\/hasta-raporu-istanbulda-goez-ameliyati-8-temmuz-2013-pazartesi-tarihli-rapor\/"},"modified":"2026-01-12T19:34:19","modified_gmt":"2026-01-12T18:34:19","slug":"hasta-raporu-istanbulda-goez-ameliyati-8-temmuz-2013-pazartesi-tarihli-rapor","status":"publish","type":"page","link":"https:\/\/medicaltravel.ch\/tr\/hasta-raporlari\/turkiye-de-tedavi-deneyimleri\/hasta-raporu-istanbulda-goez-ameliyati-8-temmuz-2013-pazartesi-tarihli-rapor\/","title":{"rendered":"Hasta raporu: \u0130stanbul&#8217;da g\u00f6z ameliyat\u0131 \u2013 8 Temmuz 2013 Pazartesi tarihli rapor"},"content":{"rendered":"\n<p>Hasta raporu: \u0130stanbul&#8217;da g\u00f6z ameliyat\u0131 \u2013 8 Temmuz 2013 Pazartesi tarihli rapor<\/p>\n\n\n\n<p>Bir g\u00f6zl\u00fck kullan\u0131c\u0131s\u0131 olarak, g\u00f6zl\u00fcklerimi \u00e7ok severek tak\u0131yordum, ancak son y\u0131llarda kontakt lenslerle gittik\u00e7e daha fazla sorun ya\u015famaya ba\u015flad\u0131m. Tatilde ya da g\u00fczel havalarda, g\u00fcne\u015f g\u00f6zl\u00fc\u011f\u00fcm\u00fc her zaman normal g\u00f6zl\u00fc\u011f\u00fcmle de\u011fi\u015ftirip bir ma\u011faza veya restorana girdi\u011fimde bu durum beni zamanla \u00e7ok rahats\u0131z etmeye ba\u015flad\u0131. Birka\u00e7 y\u0131l \u00f6nce, karde\u015fimin k\u0131z arkada\u015f\u0131 g\u00f6zlerini \u0130stanbul&#8217;da lazerle tedavi ettirdi. O kadar memnundu ki, ben de zaman zaman bu konuyu d\u00fc\u015f\u00fcnd\u00fcm. Ofiste de bu konuda birka\u00e7 kez konu\u015fulmu\u015ftu. Bir g\u00fcn patronum ofise geldi ve o\u011flu ile birlikte g\u00f6zlerini \u0130stanbul&#8217;da lazerle tedavi ettirmeye karar verdiklerini s\u00f6yledi. Tamam, dedim, neden olmas\u0131n! Patronum internetten ara\u015ft\u0131rma yapm\u0131\u015f ve sizinle kar\u015f\u0131la\u015fm\u0131\u015f. Hepimiz hemen karar verdik ve bir gece d\u00fc\u015f\u00fcnd\u00fckten sonra, \u0130stanbul&#8217;a g\u00f6z lazeri i\u00e7in gitmeye karar verdim. \u00dc\u00e7\u00fcm\u00fcz\u00fcn de ayn\u0131 operasyonu yapacak olmam\u0131z beni \u00e7ok rahatlatt\u0131. Ayr\u0131ca, \u0130svi\u00e7re&#8217;de kontrolleri yapt\u0131rabilme imkan\u0131 da b\u00fcy\u00fck bir g\u00fcven verdi. Ard\u0131ndan her \u015fey \u00e7ok h\u0131zl\u0131 ilerledi. Bay Serdar Karaagacli, e-posta yoluyla bizi her zaman \u00e7ok iyi bilgilendirdi ve her \u015fey m\u00fckemmel bir \u015fekilde organize edildi. Ameliyat tarihimiz 21 Haziran 2013 olarak belirlendi ve 20 Haziran 2013&#8217;te \u0130stanbul&#8217;a u\u00e7tuk. Pegasus Havayollar\u0131 ile ak\u015fam saat 18:00&#8217;de \u0130stanbul&#8217;a vard\u0131k, bizi havaalan\u0131nda g\u00fcler y\u00fczl\u00fc bir \u00e7al\u0131\u015fan kar\u015f\u0131lad\u0131 ve otelimize g\u00f6t\u00fcrd\u00fc. Otelde leziz bir ak\u015fam yeme\u011fi yedikten sonra, operasyon g\u00fcn\u00fc i\u00e7in dinlenmek \u00fczere yatmaya karar verdik.<br>Ameliyat G\u00fcn\u00fc \u2013 21 Haziran 2013<br>Sabah otelden al\u0131nd\u0131k ve direkt olarak ACIBADEM kliniklerine g\u00f6t\u00fcr\u00fcld\u00fck. Orada bir \u00e7al\u0131\u015fan bizi kar\u015f\u0131lad\u0131 ve daha sonra terc\u00fcman\u0131m\u0131z da geldi. Terc\u00fcman\u0131m\u0131z g\u00fcn boyu bizimleydi, her \u015feyin do\u011fru \u015fekilde a\u00e7\u0131klanmas\u0131 \u00e7ok rahatlat\u0131c\u0131yd\u0131. Klinik personeli \u00e7ok nazikti ve t\u00fcm \u00f6n muayeneler h\u0131zla yap\u0131ld\u0131. Bir s\u00fcre beklememiz gerekti ama her \u015fey yolunda ilerliyordu. Ard\u0131ndan doktorumuzu tan\u0131d\u0131k ve yeniden bir muayene yap\u0131ld\u0131. Terc\u00fcman\u0131m\u0131z bize ameliyat\u0131n 14:30&#8217;da ba\u015flayaca\u011f\u0131n\u0131 ve hepimizin uygun oldu\u011funu s\u00f6yledi. Klinikde k\u0131sa bir \u015feyler yedikten sonra g\u00fcne\u015fin alt\u0131nda oturduk ve zaman\u0131n ge\u00e7mesini bekledik. Benim i\u00e7in \u00e7ok rahatlat\u0131c\u0131yd\u0131 \u00e7\u00fcnk\u00fc Bay G\u00f6khan Izlisu g\u00fcn boyunca yan\u0131m\u0131zdayd\u0131 ve ger\u00e7ekten \u00e7ok sakin bir duru\u015f sergiliyordu, bu da benim hi\u00e7 heyecanlanmam\u0131 sa\u011flad\u0131. Doktoruma ve klini\u011fe \u00e7ok g\u00fcvendim, bu y\u00fczden heyecanlanmad\u0131m. Ameliyat \u00f6ncesi sakinle\u015ftirici hap\u0131m\u0131 ald\u0131m ve saatine uygun olarak i\u00e7eri al\u0131nd\u0131k. Biraz garip hissetmeye ba\u015flad\u0131m ama her \u015feyin \u00e7ok iyi gidece\u011finden emindim. G\u00f6zlerimize damla damlat\u0131ld\u0131, b\u00f6ylece hisleri azalacakt\u0131, ve k\u0131sa bir bekleme s\u00fcresinden sonra i\u015flem ba\u015flad\u0131. Ameliyat \u00e7ok h\u0131zl\u0131 ve sorunsuz ge\u00e7ti. Ameliyat sonras\u0131 koruyucu g\u00f6zl\u00fcklerimiz tak\u0131ld\u0131 ve hemen tekrar bir kontrol yap\u0131ld\u0131. Her \u015fey yolunda gitmi\u015fti ve doktor memnundu. Biz de tabii ki memnunduk! \ud83d\ude42<br>Ameliyat Sonras\u0131<br>Ameliyat sonras\u0131 hastanede g\u00f6zlerim \u00e7ok \u0131\u015f\u0131\u011fa duyarl\u0131yd\u0131, g\u00f6zlerimi neredeyse hi\u00e7 a\u00e7am\u0131yordum ve sadece kapal\u0131 tutmak istiyordum. Hemen otelimize d\u00f6nd\u00fck ve biraz dinlendik. Hi\u00e7bir a\u011fr\u0131 hissetmedim, tek hissetti\u011fim \u015fey g\u00f6zlerimdeki hafif bir yanma oldu. Yakla\u015f\u0131k 4 saat dinlendikten sonra, otel restoran\u0131nda lezzetli bir yemek yedik. Hepimiz mutlu bir \u015fekilde g\u00fcne\u015f g\u00f6zl\u00fcklerimizi takarak bir araya geldik ve hislerimizi payla\u015ft\u0131k. G\u00f6zl\u00fcks\u00fcz ve lenssiz g\u00f6rebilmek inan\u0131lmazd\u0131! \u015ea\u015fk\u0131na d\u00f6nm\u00fc\u015ft\u00fck!<br>Ertesi G\u00fcn ve Sonraki Hafta<br>Ameliyat\u0131n ertesi g\u00fcn\u00fc k\u0131sa bir kontrol\u00fcm\u00fcz vard\u0131 ve ard\u0131ndan Bo\u011faz&#8217;da tekne turu yapt\u0131k. \u0130stanbul&#8217;u gezmek muazzam bir deneyimdi ve kesinlikle en k\u0131sa s\u00fcrede tekrar gelmeyi d\u00fc\u015f\u00fcn\u00fcyorum. \u015eu anda operasyonun \u00fczerinden iki hafta ge\u00e7ti ve bazen hala inanamayacak gibi oluyorum. Ak\u015famlar\u0131 hala kontakt lenslerimi \u00e7\u0131karma gereklili\u011fini hissediyorum, hihi. Ba\u015flang\u0131\u00e7ta \u00e7ok \u0131\u015f\u0131\u011fa duyarl\u0131y\u0131m ve hatta ofiste bile g\u00fcne\u015f g\u00f6zl\u00fc\u011f\u00fcm\u00fc tak\u0131yordum. Gece araba kullan\u0131rken di\u011fer ara\u00e7lar\u0131n farlar\u0131 \u00e7ok rahats\u0131z ediyordu. Ama \u015fimdi her \u015fey daha iyiye gidiyor ve zamanla daha da iyi olaca\u011f\u0131na inan\u0131yorum. T\u00fcrkiye&#8217;de g\u00f6zlerimi lazerle tedavi ettirmenin ne kadar do\u011fru bir karar oldu\u011funu \u015fimdi daha iyi anl\u0131yorum. Herkese \u015fiddetle tavsiye ediyorum. G\u00f6zl\u00fck ya da lens olmadan ya\u015famak ger\u00e7ekten ya\u015fam kalitesi getiriyor ve \u00e7ok mutluyum! T\u00fcm SwissLasik ve Acibadem Klinik \u00e7al\u0131\u015fanlar\u0131na harika destekleri i\u00e7in te\u015fekk\u00fcr ederim.<br>Sevgiler,<br>Corinne Amherd<\/p>\n\n\n\n<div class=\"wp-block-group is-layout-grid wp-container-core-group-is-layout-baef362d wp-block-group-is-layout-grid\">\n<p><a href=\"https:\/\/medicaltravel.at\/home\/agb\/\" data-type=\"page\" data-id=\"2191\" rel=\"nofollow noopener\" target=\"_blank\"><\/a><a href=\"https:\/\/medicaltravel.ch\/tr\/hasta-raporlari\/turkiye-de-tedavi-deneyimleri\/silvana-romanonun-istanbulda-lazer-goez-ameliyati-hakkindaki-hasta-raporu-17-temmuz-2013-carsamba-tarihli-rapor\/\" data-type=\"link\" data-id=\"https:\/\/medicaltravel.ch\/tr\/hasta-raporlari\/turkiye-de-tedavi-deneyimleri\/silvana-romanonun-istanbulda-lazer-goez-ameliyati-hakkindaki-hasta-raporu-17-temmuz-2013-carsamba-tarihli-rapor\/\">\u00d6nceki rapor<\/a><\/p>\n\n\n\n<p class=\"has-text-align-right wp-container-content-5e2576f9\"><a href=\"https:\/\/medicaltravel.at\/home\/impressum\/\" data-type=\"page\" data-id=\"2193\" rel=\"nofollow noopener\" target=\"_blank\"><\/a><a href=\"https:\/\/medicaltravel.at\/home\/berichte-von-patienten\/erfahrungsberichte\/erfahrungsbericht-zahnbehandlung-in-istanbul\/\" data-type=\"page\" data-id=\"981\" rel=\"nofollow noopener\" target=\"_blank\"><\/a><a href=\"https:\/\/medicaltravel.ch\/tr\/hasta-raporlari\/turkiye-de-tedavi-deneyimleri\/istanbulda-meme-kuecueltme-ve-liposuction-ameliyatim-8-temmuz-2013-pazartesi-tarihli-rapor\/\" data-type=\"link\" data-id=\"https:\/\/medicaltravel.ch\/tr\/hasta-raporlari\/turkiye-de-tedavi-deneyimleri\/istanbulda-meme-kuecueltme-ve-liposuction-ameliyatim-8-temmuz-2013-pazartesi-tarihli-rapor\/\">Bir sonraki rapor<\/a><\/p>\n<\/div>\n","protected":false},"excerpt":{"rendered":"<p>Hasta raporu: \u0130stanbul&#8217;da g\u00f6z ameliyat\u0131 \u2013 8 Temmuz 2013 Pazartesi tarihli rapor Bir g\u00f6zl\u00fck kullan\u0131c\u0131s\u0131 olarak, g\u00f6zl\u00fcklerimi \u00e7ok severek tak\u0131yordum, ancak son y\u0131llarda kontakt lenslerle gittik\u00e7e daha fazla sorun ya\u015famaya ba\u015flad\u0131m. Tatilde ya da g\u00fczel havalarda, g\u00fcne\u015f g\u00f6zl\u00fc\u011f\u00fcm\u00fc her zaman normal g\u00f6zl\u00fc\u011f\u00fcmle de\u011fi\u015ftirip bir ma\u011faza veya restorana girdi\u011fimde bu durum beni zamanla \u00e7ok rahats\u0131z etmeye ba\u015flad\u0131. Birka\u00e7 y\u0131l \u00f6nce, karde\u015fimin k\u0131z arkada\u015f\u0131 g\u00f6zlerini \u0130stanbul&#8217;da lazerle tedavi ettirdi. O kadar memnundu ki, ben de zaman zaman bu konuyu d\u00fc\u015f\u00fcnd\u00fcm. Ofiste de bu konuda birka\u00e7 kez konu\u015fulmu\u015ftu. Bir g\u00fcn patronum ofise geldi ve o\u011flu ile birlikte g\u00f6zlerini \u0130stanbul&#8217;da lazerle tedavi ettirmeye karar verdiklerini s\u00f6yledi. Tamam, dedim, neden olmas\u0131n! Patronum internetten ara\u015ft\u0131rma yapm\u0131\u015f ve sizinle kar\u015f\u0131la\u015fm\u0131\u015f. Hepimiz hemen karar verdik ve bir gece d\u00fc\u015f\u00fcnd\u00fckten sonra, \u0130stanbul&#8217;a g\u00f6z lazeri i\u00e7in gitmeye karar verdim. \u00dc\u00e7\u00fcm\u00fcz\u00fcn de ayn\u0131 operasyonu yapacak olmam\u0131z beni \u00e7ok rahatlatt\u0131. Ayr\u0131ca, \u0130svi\u00e7re&#8217;de kontrolleri yapt\u0131rabilme imkan\u0131 da b\u00fcy\u00fck bir g\u00fcven verdi. Ard\u0131ndan her \u015fey \u00e7ok h\u0131zl\u0131 ilerledi. Bay Serdar Karaagacli, e-posta yoluyla bizi her zaman \u00e7ok iyi bilgilendirdi ve her \u015fey m\u00fckemmel bir \u015fekilde organize edildi. Ameliyat tarihimiz 21 Haziran 2013 olarak belirlendi ve 20 Haziran 2013&#8217;te \u0130stanbul&#8217;a u\u00e7tuk. Pegasus Havayollar\u0131 ile ak\u015fam saat 18:00&#8217;de \u0130stanbul&#8217;a vard\u0131k, bizi havaalan\u0131nda g\u00fcler y\u00fczl\u00fc bir \u00e7al\u0131\u015fan kar\u015f\u0131lad\u0131 ve otelimize g\u00f6t\u00fcrd\u00fc. Otelde leziz bir ak\u015fam yeme\u011fi yedikten sonra, operasyon g\u00fcn\u00fc i\u00e7in dinlenmek \u00fczere yatmaya karar verdik.Ameliyat G\u00fcn\u00fc \u2013 21 Haziran 2013Sabah otelden al\u0131nd\u0131k ve direkt olarak ACIBADEM kliniklerine g\u00f6t\u00fcr\u00fcld\u00fck. Orada bir \u00e7al\u0131\u015fan bizi kar\u015f\u0131lad\u0131 ve daha sonra terc\u00fcman\u0131m\u0131z da geldi. Terc\u00fcman\u0131m\u0131z g\u00fcn boyu bizimleydi, her \u015feyin do\u011fru \u015fekilde a\u00e7\u0131klanmas\u0131 \u00e7ok rahatlat\u0131c\u0131yd\u0131. Klinik personeli \u00e7ok nazikti ve t\u00fcm \u00f6n muayeneler h\u0131zla yap\u0131ld\u0131. Bir s\u00fcre beklememiz gerekti ama her \u015fey yolunda ilerliyordu. Ard\u0131ndan doktorumuzu tan\u0131d\u0131k ve yeniden bir muayene yap\u0131ld\u0131. Terc\u00fcman\u0131m\u0131z bize ameliyat\u0131n 14:30&#8217;da ba\u015flayaca\u011f\u0131n\u0131 ve hepimizin uygun oldu\u011funu s\u00f6yledi. Klinikde k\u0131sa bir \u015feyler yedikten sonra g\u00fcne\u015fin alt\u0131nda oturduk ve zaman\u0131n ge\u00e7mesini bekledik. Benim i\u00e7in \u00e7ok rahatlat\u0131c\u0131yd\u0131 \u00e7\u00fcnk\u00fc Bay G\u00f6khan Izlisu g\u00fcn boyunca yan\u0131m\u0131zdayd\u0131 ve ger\u00e7ekten \u00e7ok sakin bir duru\u015f sergiliyordu, bu da benim hi\u00e7 heyecanlanmam\u0131 sa\u011flad\u0131. Doktoruma ve klini\u011fe \u00e7ok g\u00fcvendim, bu y\u00fczden heyecanlanmad\u0131m. Ameliyat \u00f6ncesi sakinle\u015ftirici hap\u0131m\u0131 ald\u0131m ve saatine uygun olarak i\u00e7eri al\u0131nd\u0131k. Biraz garip hissetmeye ba\u015flad\u0131m ama her \u015feyin \u00e7ok iyi gidece\u011finden emindim. G\u00f6zlerimize damla damlat\u0131ld\u0131, b\u00f6ylece hisleri azalacakt\u0131, ve k\u0131sa bir bekleme s\u00fcresinden sonra i\u015flem ba\u015flad\u0131. Ameliyat \u00e7ok h\u0131zl\u0131 ve sorunsuz ge\u00e7ti. Ameliyat sonras\u0131 koruyucu g\u00f6zl\u00fcklerimiz tak\u0131ld\u0131 ve hemen tekrar bir kontrol yap\u0131ld\u0131. Her \u015fey yolunda gitmi\u015fti ve doktor memnundu. Biz de tabii ki memnunduk! \ud83d\ude42Ameliyat Sonras\u0131Ameliyat sonras\u0131 hastanede g\u00f6zlerim \u00e7ok \u0131\u015f\u0131\u011fa duyarl\u0131yd\u0131, g\u00f6zlerimi neredeyse hi\u00e7 a\u00e7am\u0131yordum ve sadece kapal\u0131 tutmak istiyordum. Hemen otelimize d\u00f6nd\u00fck ve biraz dinlendik. Hi\u00e7bir a\u011fr\u0131 hissetmedim, tek hissetti\u011fim \u015fey g\u00f6zlerimdeki hafif bir yanma oldu. Yakla\u015f\u0131k 4 saat dinlendikten sonra, otel restoran\u0131nda lezzetli bir yemek yedik. Hepimiz mutlu bir \u015fekilde g\u00fcne\u015f g\u00f6zl\u00fcklerimizi takarak bir araya geldik ve hislerimizi payla\u015ft\u0131k. G\u00f6zl\u00fcks\u00fcz ve lenssiz g\u00f6rebilmek inan\u0131lmazd\u0131! \u015ea\u015fk\u0131na d\u00f6nm\u00fc\u015ft\u00fck!Ertesi G\u00fcn ve Sonraki HaftaAmeliyat\u0131n ertesi g\u00fcn\u00fc k\u0131sa bir kontrol\u00fcm\u00fcz vard\u0131 ve ard\u0131ndan Bo\u011faz&#8217;da tekne turu yapt\u0131k. \u0130stanbul&#8217;u gezmek muazzam bir deneyimdi ve kesinlikle en k\u0131sa s\u00fcrede tekrar gelmeyi d\u00fc\u015f\u00fcn\u00fcyorum. \u015eu anda operasyonun \u00fczerinden iki hafta ge\u00e7ti ve bazen hala inanamayacak gibi oluyorum. Ak\u015famlar\u0131 hala kontakt lenslerimi \u00e7\u0131karma gereklili\u011fini hissediyorum, hihi. Ba\u015flang\u0131\u00e7ta \u00e7ok \u0131\u015f\u0131\u011fa duyarl\u0131y\u0131m ve hatta ofiste bile g\u00fcne\u015f g\u00f6zl\u00fc\u011f\u00fcm\u00fc tak\u0131yordum. Gece araba kullan\u0131rken di\u011fer ara\u00e7lar\u0131n farlar\u0131 \u00e7ok rahats\u0131z ediyordu. Ama \u015fimdi her \u015fey daha iyiye gidiyor ve zamanla daha da iyi olaca\u011f\u0131na inan\u0131yorum. T\u00fcrkiye&#8217;de g\u00f6zlerimi lazerle tedavi ettirmenin ne kadar do\u011fru bir karar oldu\u011funu \u015fimdi daha iyi anl\u0131yorum. Herkese \u015fiddetle tavsiye ediyorum. G\u00f6zl\u00fck ya da lens olmadan ya\u015famak ger\u00e7ekten ya\u015fam kalitesi getiriyor ve \u00e7ok mutluyum! T\u00fcm SwissLasik ve Acibadem Klinik \u00e7al\u0131\u015fanlar\u0131na harika destekleri i\u00e7in te\u015fekk\u00fcr ederim.Sevgiler,Corinne Amherd \u00d6nceki rapor Bir sonraki rapor<\/p>\n","protected":false},"author":4,"featured_media":0,"parent":4471,"menu_order":0,"comment_status":"closed","ping_status":"closed","template":"","meta":{"_joinchat":[],"footnotes":""},"class_list":["post-4574","page","type-page","status-publish","hentry"],"acf":[],"_links":{"self":[{"href":"https:\/\/medicaltravel.ch\/tr\/wp-json\/wp\/v2\/pages\/4574","targetHints":{"allow":["GET"]}}],"collection":[{"href":"https:\/\/medicaltravel.ch\/tr\/wp-json\/wp\/v2\/pages"}],"about":[{"href":"https:\/\/medicaltravel.ch\/tr\/wp-json\/wp\/v2\/types\/page"}],"author":[{"embeddable":true,"href":"https:\/\/medicaltravel.ch\/tr\/wp-json\/wp\/v2\/users\/4"}],"replies":[{"embeddable":true,"href":"https:\/\/medicaltravel.ch\/tr\/wp-json\/wp\/v2\/comments?post=4574"}],"version-history":[{"count":2,"href":"https:\/\/medicaltravel.ch\/tr\/wp-json\/wp\/v2\/pages\/4574\/revisions"}],"predecessor-version":[{"id":6447,"href":"https:\/\/medicaltravel.ch\/tr\/wp-json\/wp\/v2\/pages\/4574\/revisions\/6447"}],"up":[{"embeddable":true,"href":"https:\/\/medicaltravel.ch\/tr\/wp-json\/wp\/v2\/pages\/4471"}],"wp:attachment":[{"href":"https:\/\/medicaltravel.ch\/tr\/wp-json\/wp\/v2\/media?parent=4574"}],"curies":[{"name":"wp","href":"https:\/\/api.w.org\/{rel}","templated":true}]}}