{"id":4579,"date":"2025-09-24T06:13:43","date_gmt":"2025-09-24T05:13:43","guid":{"rendered":"https:\/\/medicaltravel.ch\/hasta-raporlari\/erfahrungsberichte-behandlungen-tuerkei\/samuel-muellerin-lazer-goez-ameliyati-icin-istanbul-acibadem-maslak-klinigine-yaptigi-seyahat-raporu-18-temmuz-2013-persembe-tarihli-rapor\/"},"modified":"2026-01-12T19:32:27","modified_gmt":"2026-01-12T18:32:27","slug":"samuel-muellerin-lazer-goez-ameliyati-icin-istanbul-acibadem-maslak-klinigine-yaptigi-seyahat-raporu-18-temmuz-2013-persembe-tarihli-rapor","status":"publish","type":"page","link":"https:\/\/medicaltravel.ch\/tr\/hasta-raporlari\/turkiye-de-tedavi-deneyimleri\/samuel-muellerin-lazer-goez-ameliyati-icin-istanbul-acibadem-maslak-klinigine-yaptigi-seyahat-raporu-18-temmuz-2013-persembe-tarihli-rapor\/","title":{"rendered":"Samuel M\u00fcller&#8217;in lazer g\u00f6z ameliyat\u0131 i\u00e7in \u0130stanbul Ac\u0131badem Maslak Klini\u011fi&#8217;ne yapt\u0131\u011f\u0131 seyahat raporu. \u2013 18 Temmuz 2013 Per\u015fembe tarihli rapor."},"content":{"rendered":"\n<p>Samuel M\u00fcller&#8217;in lazer g\u00f6z ameliyat\u0131 i\u00e7in \u0130stanbul Ac\u0131badem Maslak Klini\u011fi&#8217;ne yapt\u0131\u011f\u0131 seyahat raporu. \u2013 18 Temmuz 2013 Per\u015fembe tarihli rapor.<\/p>\n\n\n\n<figure class=\"wp-block-image size-full\"><img decoding=\"async\" width=\"120\" height=\"80\" src=\"https:\/\/medicaltravel.ch\/wp-content\/uploads\/2025\/09\/csm_Fotolia_5960726_L_Augenlied_10_ad7e6a7323.jpg\" alt=\"\" class=\"wp-image-827\"\/><\/figure>\n\n\n\n<p>Uzun bir d\u00fc\u015f\u00fcnme ve fiyatlar\u0131 kar\u015f\u0131la\u015ft\u0131rman\u0131n ard\u0131ndan, g\u00f6zlerimi \u0130stanbul&#8217;da lazerle yapt\u0131rmaya karar verdim. Ailemin ve arkada\u015flar\u0131m\u0131n endi\u015felerine ra\u011fmen, bu ad\u0131m\u0131 at\u0131p yurt d\u0131\u015f\u0131nda bir i\u015flem yapt\u0131rmaya karar verdim ve hi\u00e7 pi\u015fman de\u011filim. SwissLasik ile rezervasyon sorunsuz ge\u00e7ti, bilgilendirme materyalleri ve seyahat belgeleri birka\u00e7 g\u00fcn i\u00e7inde posta kutumda yerini ald\u0131. U\u00e7u\u015f 10 Temmuz&#8217;da ger\u00e7ekle\u015fti. Ailem, benimle birlikte \u0130stanbul&#8217;a seyahat etme f\u0131rsat\u0131n\u0131 de\u011ferlendirdi ve \u015fehri gezdi. \u0130stanbul&#8217;a sabah 2&#8217;de vard\u0131k ve bizi otelimize g\u00fcvenle g\u00f6t\u00fcrecek olan \u015fof\u00f6r\u00fcm\u00fcz taraf\u0131ndan kar\u015f\u0131land\u0131k. Saat 3&#8217;te Taksim Meydan\u0131&#8217;na gitmek i\u00e7in yola \u00e7\u0131kt\u0131k. Lezzetli bir T\u00fcrk ak\u015fam yeme\u011fi, ilk g\u00fcn\u00fc tamamlad\u0131. 11 Temmuz sabah\u0131 biraz gergindim. Sonu\u00e7ta bug\u00fcn operasyonum yap\u0131lacakt\u0131, e\u011fer \u00f6n muayene iyi ge\u00e7erse. Otelde doyurucu bir kahvalt\u0131 yapt\u0131ktan sonra, \u015fof\u00f6r\u00fcm beni Ac\u0131badem Hastanesi&#8217;ne g\u00f6t\u00fcrd\u00fc. \u00d6n muayene biraz uzun s\u00fcrd\u00fc, ancak bununla birlikte her \u015feyin detayl\u0131 \u015fekilde kontrol edildi\u011fini fark ettim. B\u00fct\u00fcn s\u00fcre\u00e7 boyunca hastanede Almanca konu\u015fan bir ki\u015fi taraf\u0131ndan rehberlik edildim. O hi\u00e7 yan\u0131mdan ayr\u0131lmad\u0131 ve doktorlar\u0131n bana s\u00f6ylediklerini s\u00fcrekli terc\u00fcme etti. Saat 12&#8217;ye do\u011fru \u00f6n muayene tamamland\u0131 ve operasyon i\u00e7in hi\u00e7bir engel kalmad\u0131. Ne yaz\u0131k ki, operasyon 4&#8217;teydi ve bu kadar beklemek zorunda kald\u0131m. Operasyon asl\u0131nda biraz ac\u0131l\u0131yd\u0131. Sorun, g\u00f6z yuvalar\u0131m\u0131n dar ve derin olmas\u0131yd\u0131, bu da aparatlar\u0131m\u0131n yerle\u015ftirilmesini zorla\u015ft\u0131r\u0131yordu. Lazer i\u015flemi a\u011fr\u0131s\u0131zd\u0131, sadece rahats\u0131z edici bir his veriyordu. 40 dakika sonra \u015fof\u00f6r\u00fcm beni otele geri g\u00f6t\u00fcrd\u00fc ve hemen yatakland\u0131m. G\u00f6zlerim \u015fiddetli bir \u015fekilde sulan\u0131yordu ve neredeyse hi\u00e7bir \u015fey g\u00f6remiyordum. Ancak gece boyunca bu durum b\u00fcy\u00fck \u00f6l\u00e7\u00fcde d\u00fczeldi. 12 Temmuz&#8217;da, g\u00f6zlerim \u00e7ok daha iyi g\u00f6r\u00fcyordu ve otelde kahvalt\u0131y\u0131 rahat\u00e7a yapabildim. Yine bir \u015fof\u00f6r taraf\u0131ndan kontrollere g\u00f6t\u00fcr\u00fcld\u00fcm. Yap\u0131lan kontrollerde her \u015feyin yolunda oldu\u011fu, g\u00f6zlerimde herhangi bir enfeksiyon ya da iltihap olmad\u0131\u011f\u0131 ve 100% g\u00f6rebildi\u011fim ortaya \u00e7\u0131kt\u0131! B\u00f6ylece b\u00fcy\u00fck bir sevin\u00e7le, \u00f6\u011fleden sonra \u015fehir turuna ailemle birlikte \u00e7\u0131kt\u0131m. 13 Temmuz sabah\u0131, yine \u015fehri gezmek i\u00e7in sabah\u0131 de\u011ferlendirdik. \u00d6\u011fle vakti, bizi havaalan\u0131na g\u00f6t\u00fcrecek olan \u015fof\u00f6r\u00fcm\u00fczle birlikte, \u0130svi\u00e7re&#8217;ye d\u00f6n\u00fc\u015f u\u00e7u\u015fumuza bindik. T\u00fcm seyahat \u00e7ok iyi organize edilmi\u015fti, havaalan\u0131 \u2013 otel \u2013 hastane \u2013 otel \u2013 havaalan\u0131 transferleri her zaman sorunsuz \u015fekilde ger\u00e7ekle\u015ftirildi. Hastanede de her zaman beni bekliyor ve Almanca rehberlik yap\u0131l\u0131yordu. Doktorlar ve personel olduk\u00e7a yetkin ve profesyoneldi; kendimi her zaman g\u00fcvende hissettim.                                   Bu seyahati hemen tekrar SwissLasik ile rezervasyon yapar ve g\u00f6zlerimi \u0130stanbul&#8217;da lazerle yapt\u0131r\u0131r\u0131m, herkese de kesinlikle tavsiye ederim! \u0130svi\u00e7re&#8217;de, Z\u00fcrich&#8217;teki doktora kontrole gittim ve ayn\u0131 g\u00fcn aramam\u0131n ard\u0131ndan kontrol i\u00e7in bir randevu ald\u0131m. G\u00f6zlerini lazerle yapt\u0131rmak isteyen herkesi cesaretlendirebilirim. Hem maliyet tasarrufu sa\u011flan\u0131yor hem de \u0130stanbul&#8217;u gezme f\u0131rsat\u0131 elde ediyorsunuz. N\u00e4fels, 17.07.2013    <\/p>\n\n\n\n<div class=\"wp-block-group is-layout-grid wp-container-core-group-is-layout-baef362d wp-block-group-is-layout-grid\">\n<p><a href=\"https:\/\/medicaltravel.at\/home\/agb\/\" data-type=\"page\" data-id=\"2191\" rel=\"nofollow noopener\" target=\"_blank\"><\/a><a href=\"https:\/\/medicaltravel.ch\/tr\/hasta-raporlari\/turkiye-de-tedavi-deneyimleri\/tuerkiyede-lazer-goez-ameliyati-hakkinda-hasta-raporu-25-temmuz-2013-persembe-tarihli-rapor\/\" data-type=\"link\" data-id=\"https:\/\/medicaltravel.ch\/tr\/hasta-raporlari\/turkiye-de-tedavi-deneyimleri\/tuerkiyede-lazer-goez-ameliyati-hakkinda-hasta-raporu-25-temmuz-2013-persembe-tarihli-rapor\/\">\u00d6nceki rapor<\/a><\/p>\n\n\n\n<p class=\"has-text-align-right wp-container-content-5e2576f9\"><a href=\"https:\/\/medicaltravel.at\/home\/impressum\/\" data-type=\"page\" data-id=\"2193\" rel=\"nofollow noopener\" target=\"_blank\"><\/a><a href=\"https:\/\/medicaltravel.at\/home\/berichte-von-patienten\/erfahrungsberichte\/erfahrungsbericht-zahnbehandlung-in-istanbul\/\" data-type=\"page\" data-id=\"981\" rel=\"nofollow noopener\" target=\"_blank\"><\/a><a href=\"https:\/\/medicaltravel.ch\/tr\/hasta-raporlari\/turkiye-de-tedavi-deneyimleri\/silvana-romanonun-istanbulda-lazer-goez-ameliyati-hakkindaki-hasta-raporu-17-temmuz-2013-carsamba-tarihli-rapor\/\" data-type=\"link\" data-id=\"https:\/\/medicaltravel.ch\/tr\/hasta-raporlari\/turkiye-de-tedavi-deneyimleri\/silvana-romanonun-istanbulda-lazer-goez-ameliyati-hakkindaki-hasta-raporu-17-temmuz-2013-carsamba-tarihli-rapor\/\">Bir sonraki rapor<\/a><\/p>\n<\/div>\n","protected":false},"excerpt":{"rendered":"<p>Samuel M\u00fcller&#8217;in lazer g\u00f6z ameliyat\u0131 i\u00e7in \u0130stanbul Ac\u0131badem Maslak Klini\u011fi&#8217;ne yapt\u0131\u011f\u0131 seyahat raporu. \u2013 18 Temmuz 2013 Per\u015fembe tarihli rapor. Uzun bir d\u00fc\u015f\u00fcnme ve fiyatlar\u0131 kar\u015f\u0131la\u015ft\u0131rman\u0131n ard\u0131ndan, g\u00f6zlerimi \u0130stanbul&#8217;da lazerle yapt\u0131rmaya karar verdim. Ailemin ve arkada\u015flar\u0131m\u0131n endi\u015felerine ra\u011fmen, bu ad\u0131m\u0131 at\u0131p yurt d\u0131\u015f\u0131nda bir i\u015flem yapt\u0131rmaya karar verdim ve hi\u00e7 pi\u015fman de\u011filim. SwissLasik ile rezervasyon sorunsuz ge\u00e7ti, bilgilendirme materyalleri ve seyahat belgeleri birka\u00e7 g\u00fcn i\u00e7inde posta kutumda yerini ald\u0131. U\u00e7u\u015f 10 Temmuz&#8217;da ger\u00e7ekle\u015fti. Ailem, benimle birlikte \u0130stanbul&#8217;a seyahat etme f\u0131rsat\u0131n\u0131 de\u011ferlendirdi ve \u015fehri gezdi. \u0130stanbul&#8217;a sabah 2&#8217;de vard\u0131k ve bizi otelimize g\u00fcvenle g\u00f6t\u00fcrecek olan \u015fof\u00f6r\u00fcm\u00fcz taraf\u0131ndan kar\u015f\u0131land\u0131k. Saat 3&#8217;te Taksim Meydan\u0131&#8217;na gitmek i\u00e7in yola \u00e7\u0131kt\u0131k. Lezzetli bir T\u00fcrk ak\u015fam yeme\u011fi, ilk g\u00fcn\u00fc tamamlad\u0131. 11 Temmuz sabah\u0131 biraz gergindim. Sonu\u00e7ta bug\u00fcn operasyonum yap\u0131lacakt\u0131, e\u011fer \u00f6n muayene iyi ge\u00e7erse. Otelde doyurucu bir kahvalt\u0131 yapt\u0131ktan sonra, \u015fof\u00f6r\u00fcm beni Ac\u0131badem Hastanesi&#8217;ne g\u00f6t\u00fcrd\u00fc. \u00d6n muayene biraz uzun s\u00fcrd\u00fc, ancak bununla birlikte her \u015feyin detayl\u0131 \u015fekilde kontrol edildi\u011fini fark ettim. B\u00fct\u00fcn s\u00fcre\u00e7 boyunca hastanede Almanca konu\u015fan bir ki\u015fi taraf\u0131ndan rehberlik edildim. O hi\u00e7 yan\u0131mdan ayr\u0131lmad\u0131 ve doktorlar\u0131n bana s\u00f6ylediklerini s\u00fcrekli terc\u00fcme etti. Saat 12&#8217;ye do\u011fru \u00f6n muayene tamamland\u0131 ve operasyon i\u00e7in hi\u00e7bir engel kalmad\u0131. Ne yaz\u0131k ki, operasyon 4&#8217;teydi ve bu kadar beklemek zorunda kald\u0131m. Operasyon asl\u0131nda biraz ac\u0131l\u0131yd\u0131. Sorun, g\u00f6z yuvalar\u0131m\u0131n dar ve derin olmas\u0131yd\u0131, bu da aparatlar\u0131m\u0131n yerle\u015ftirilmesini zorla\u015ft\u0131r\u0131yordu. Lazer i\u015flemi a\u011fr\u0131s\u0131zd\u0131, sadece rahats\u0131z edici bir his veriyordu. 40 dakika sonra \u015fof\u00f6r\u00fcm beni otele geri g\u00f6t\u00fcrd\u00fc ve hemen yatakland\u0131m. G\u00f6zlerim \u015fiddetli bir \u015fekilde sulan\u0131yordu ve neredeyse hi\u00e7bir \u015fey g\u00f6remiyordum. Ancak gece boyunca bu durum b\u00fcy\u00fck \u00f6l\u00e7\u00fcde d\u00fczeldi. 12 Temmuz&#8217;da, g\u00f6zlerim \u00e7ok daha iyi g\u00f6r\u00fcyordu ve otelde kahvalt\u0131y\u0131 rahat\u00e7a yapabildim. Yine bir \u015fof\u00f6r taraf\u0131ndan kontrollere g\u00f6t\u00fcr\u00fcld\u00fcm. Yap\u0131lan kontrollerde her \u015feyin yolunda oldu\u011fu, g\u00f6zlerimde herhangi bir enfeksiyon ya da iltihap olmad\u0131\u011f\u0131 ve 100% g\u00f6rebildi\u011fim ortaya \u00e7\u0131kt\u0131! B\u00f6ylece b\u00fcy\u00fck bir sevin\u00e7le, \u00f6\u011fleden sonra \u015fehir turuna ailemle birlikte \u00e7\u0131kt\u0131m. 13 Temmuz sabah\u0131, yine \u015fehri gezmek i\u00e7in sabah\u0131 de\u011ferlendirdik. \u00d6\u011fle vakti, bizi havaalan\u0131na g\u00f6t\u00fcrecek olan \u015fof\u00f6r\u00fcm\u00fczle birlikte, \u0130svi\u00e7re&#8217;ye d\u00f6n\u00fc\u015f u\u00e7u\u015fumuza bindik. T\u00fcm seyahat \u00e7ok iyi organize edilmi\u015fti, havaalan\u0131 \u2013 otel \u2013 hastane \u2013 otel \u2013 havaalan\u0131 transferleri her zaman sorunsuz \u015fekilde ger\u00e7ekle\u015ftirildi. Hastanede de her zaman beni bekliyor ve Almanca rehberlik yap\u0131l\u0131yordu. Doktorlar ve personel olduk\u00e7a yetkin ve profesyoneldi; kendimi her zaman g\u00fcvende hissettim. Bu seyahati hemen tekrar SwissLasik ile rezervasyon yapar ve g\u00f6zlerimi \u0130stanbul&#8217;da lazerle yapt\u0131r\u0131r\u0131m, herkese de kesinlikle tavsiye ederim! \u0130svi\u00e7re&#8217;de, Z\u00fcrich&#8217;teki doktora kontrole gittim ve ayn\u0131 g\u00fcn aramam\u0131n ard\u0131ndan kontrol i\u00e7in bir randevu ald\u0131m. G\u00f6zlerini lazerle yapt\u0131rmak isteyen herkesi cesaretlendirebilirim. Hem maliyet tasarrufu sa\u011flan\u0131yor hem de \u0130stanbul&#8217;u gezme f\u0131rsat\u0131 elde ediyorsunuz. N\u00e4fels, 17.07.2013 \u00d6nceki rapor Bir sonraki rapor<\/p>\n","protected":false},"author":4,"featured_media":0,"parent":4471,"menu_order":0,"comment_status":"closed","ping_status":"closed","template":"","meta":{"_joinchat":[],"footnotes":""},"class_list":["post-4579","page","type-page","status-publish","hentry"],"acf":[],"_links":{"self":[{"href":"https:\/\/medicaltravel.ch\/tr\/wp-json\/wp\/v2\/pages\/4579","targetHints":{"allow":["GET"]}}],"collection":[{"href":"https:\/\/medicaltravel.ch\/tr\/wp-json\/wp\/v2\/pages"}],"about":[{"href":"https:\/\/medicaltravel.ch\/tr\/wp-json\/wp\/v2\/types\/page"}],"author":[{"embeddable":true,"href":"https:\/\/medicaltravel.ch\/tr\/wp-json\/wp\/v2\/users\/4"}],"replies":[{"embeddable":true,"href":"https:\/\/medicaltravel.ch\/tr\/wp-json\/wp\/v2\/comments?post=4579"}],"version-history":[{"count":4,"href":"https:\/\/medicaltravel.ch\/tr\/wp-json\/wp\/v2\/pages\/4579\/revisions"}],"predecessor-version":[{"id":6444,"href":"https:\/\/medicaltravel.ch\/tr\/wp-json\/wp\/v2\/pages\/4579\/revisions\/6444"}],"up":[{"embeddable":true,"href":"https:\/\/medicaltravel.ch\/tr\/wp-json\/wp\/v2\/pages\/4471"}],"wp:attachment":[{"href":"https:\/\/medicaltravel.ch\/tr\/wp-json\/wp\/v2\/media?parent=4579"}],"curies":[{"name":"wp","href":"https:\/\/api.w.org\/{rel}","templated":true}]}}