{"id":4583,"date":"2025-09-24T06:22:36","date_gmt":"2025-09-24T05:22:36","guid":{"rendered":"https:\/\/medicaltravel.ch\/hasta-raporlari\/erfahrungsberichte-behandlungen-tuerkei\/istanbul-tatili-ve-250-ml-silikon-implantlarla-meme-bueyuetme-ameliyati-15-ekim-2012-pazartesi-tarihli-haber\/"},"modified":"2026-01-12T19:40:40","modified_gmt":"2026-01-12T18:40:40","slug":"istanbul-tatili-ve-250-ml-silikon-implantlarla-meme-bueyuetme-ameliyati-15-ekim-2012-pazartesi-tarihli-haber","status":"publish","type":"page","link":"https:\/\/medicaltravel.ch\/tr\/hasta-raporlari\/turkiye-de-tedavi-deneyimleri\/istanbul-tatili-ve-250-ml-silikon-implantlarla-meme-bueyuetme-ameliyati-15-ekim-2012-pazartesi-tarihli-haber\/","title":{"rendered":"\u0130stanbul tatili ve 250 ml silikon implantlarla meme b\u00fcy\u00fctme ameliyat\u0131 \u2013 15 Ekim 2012 Pazartesi tarihli haber."},"content":{"rendered":"\n<p>\u0130stanbul tatili ve 250 ml silikon implantlarla meme b\u00fcy\u00fctme ameliyat\u0131 \u2013 15 Ekim 2012 Pazartesi tarihli haber.<\/p>\n\n\n\n<p>12.10.2012<\/p>\n\n\n\n<p>\u0130stanbul&#8217;da estetik kozmetik cerrahi deneyim raporu<\/p>\n\n\n\n<p>Ramona S., 26 ya\u015f\u0131nda.<\/p>\n\n\n\n<p>Macrolane Jel ile yap\u0131lan ba\u015far\u0131s\u0131z bir tedavi nedeniyle, daha \u00f6nce planlad\u0131\u011f\u0131m 1 haftal\u0131k tatilimi T\u00fcrkiye&#8217;de, u\u011frad\u0131\u011f\u0131m zarar\u0131 m\u00fcmk\u00fcn oldu\u011funca d\u00fczeltebilmek i\u00e7in kulland\u0131m. 2012 y\u0131l\u0131n\u0131n ilkbahar\u0131nda, \u0130svi\u00e7re&#8217;de bir dermatolog taraf\u0131ndan Macrolane Jel tedavisi g\u00f6rm\u00fc\u015ft\u00fcm. Her iki g\u00f6\u011f\u00fcs i\u00e7in s\u0131ras\u0131yla 140 ml hyaluronik asit jeli bir enjekt\u00f6rle enjekte edildi. Ameliyat korkum oldu\u011fu i\u00e7in ve g\u00f6\u011f\u00fcs k\u0131vr\u0131m\u0131nda olu\u015facak izlerden \u00e7ekindi\u011fim i\u00e7in, ciltle uyumlu bir madde olan jelin enjekte edilmesi ve k\u00fc\u00e7\u00fck i\u011fne izlerinin kalmas\u0131 bana iyi bir alternatif gibi g\u00f6r\u00fcnm\u00fc\u015ft\u00fc.   <\/p>\n\n\n\n<p>Ba\u015flang\u0131\u00e7ta her \u015fey yolunda gibiydi, fark \u00e7ok b\u00fcy\u00fck de\u011fildi, ancak g\u00f6\u011f\u00fcs hacmindeki art\u0131\u015f benim i\u00e7in olduk\u00e7a de\u011ferliydi ve sonu\u00e7tan memnundum. \u0130lk olarak, g\u00f6\u011f\u00fcslerin b\u00fcy\u00fckl\u00fc\u011f\u00fcn\u00fcn ve \u015feklinin nas\u0131l de\u011fi\u015fece\u011fini ve bana nas\u0131l g\u00f6r\u00fcnece\u011fini g\u00f6rmek istedim, b\u00f6ylece ilerleyen zamanlarda belki bir g\u00fcn kal\u0131c\u0131 bir g\u00f6\u011f\u00fcs ameliyat\u0131 olup olmayaca\u011f\u0131na karar verebilecektim. <\/p>\n\n\n\n<p>Maalesef, Macrolane Jel&#8217;in g\u00f6\u011f\u00fcse enjekte edildi\u011fi i\u011fne deliklerinde torbalar olu\u015ftu ve ho\u015f olmayan, g\u00f6r\u00fcn\u00fcr ve hissedilebilir \u00e7ukurlar b\u0131rakt\u0131! Dermatologum, bunun \u00fczerine i\u011fne deliklerini tekrar a\u00e7mak zorunda kald\u0131 ve biriken hyaluronik asit jelini d\u0131\u015far\u0131ya do\u011fru s\u0131k\u0131\u015ft\u0131rd\u0131. Ne yaz\u0131k ki, sonras\u0131nda i\u011fne delikleri bir t\u00fcrl\u00fc kapanmad\u0131 ve birka\u00e7 hafta sonra bile hala \u00f6nemli miktarda jel d\u0131\u015far\u0131 \u00e7\u0131kmaya devam etti!  <\/p>\n\n\n\n<p>Sa\u011f tarafta k\u00fc\u00e7\u00fck bir elma b\u00fcy\u00fckl\u00fc\u011f\u00fcnde bir madde birikti\u011finde ve bu maddeyi d\u0131\u015far\u0131ya \u00e7\u0131kard\u0131ktan sonra b\u00fcy\u00fckl\u00fck fark\u0131n\u0131 fark etti\u011fimde, sol taraftaki jelin de al\u0131nmas\u0131 gerekti. Kalan jelin d\u0131\u015far\u0131ya \u00e7\u0131kart\u0131labilmesi i\u00e7in, dermatologum her iki tarafta da ikinci kez i\u011fne deliklerini a\u00e7arak m\u00fcmk\u00fcn oldu\u011funca fazla malzemeyi d\u0131\u015far\u0131ya s\u0131k\u0131\u015ft\u0131rd\u0131. \u0130\u015flemin talihsiz sonucu nedeniyle, doktorum en az\u0131ndan malzeme maliyetlerinin bir k\u0131sm\u0131 hari\u00e7, \u00e7o\u011fu \u00fccretimi geri \u00f6demeyi kabul etti. G\u00f6r\u00fcn\u00fc\u015fe g\u00f6re, doktorum Macrolane ile 300&#8217;den fazla kad\u0131n\u0131 tedavi etmi\u015fti, ancak benim gibi talihsiz bir durumla kar\u015f\u0131la\u015fan bir vaka daha \u00f6nce hi\u00e7 olmam\u0131\u015ft\u0131!   <\/p>\n\n\n\n<p>\u015eimdiye kadar \u00e7ok fazla zorluk ya\u015fad\u0131m ve hala g\u00f6\u011f\u00fcs hacminde bir art\u0131\u015f elde edemedim, bu y\u00fczden sonunda g\u00f6\u011f\u00fcs b\u00fcy\u00fctme i\u015flemini implantlarla yapmaya karar verdim.<\/p>\n\n\n\n<p>\u0130nternette ara\u015ft\u0131rmalara ba\u015flad\u0131m ve b\u00f6lgedeki cerrahlarla g\u00f6\u011f\u00fcs b\u00fcy\u00fctme se\u00e7enekleri, s\u00fcreci ve maliyetleri hakk\u0131nda bilgi ald\u0131m. \u0130svi\u00e7re&#8217;de bir g\u00f6\u011f\u00fcs b\u00fcy\u00fctme i\u015flemi olduk\u00e7a pahal\u0131 ve bir \u0130svi\u00e7reli cerrah\u0131n yapaca\u011f\u0131 cerrahi m\u00fcdahalenin sonucu, bir yabanc\u0131 doktordan al\u0131nacak sonu\u00e7tan mutlaka daha iyi olmayabiliyor. <\/p>\n\n\n\n<p>Bir\u00e7ok arkada\u015f\u0131mla, hem yurt i\u00e7inde hem de yurt d\u0131\u015f\u0131nda g\u00f6\u011f\u00fcs ameliyat\u0131 yapt\u0131ranlarla konu\u015ftu\u011fumda, yurt d\u0131\u015f\u0131nda yap\u0131lan i\u015flemlerin ve elde edilen sonu\u00e7lar\u0131n ger\u00e7ekten \u00e7ok iyi ve profesyonel oldu\u011funu kendim de g\u00f6rebildim. Yurt d\u0131\u015f\u0131nda, \u0130svi\u00e7re&#8217;ye k\u0131yasla daha fazla estetik operasyon yap\u0131ld\u0131\u011f\u0131 d\u00fc\u015f\u00fcn\u00fcld\u00fc\u011f\u00fcnde, bir yabanc\u0131 doktora olan g\u00fcvenim, \u0130svi\u00e7reli bir cerraha olan g\u00fcvenimden daha fazla oldu. \u00d6zellikle unutulmamal\u0131d\u0131r ki, benim ba\u015far\u0131s\u0131z olan i\u015flemim \u0130svi\u00e7re&#8217;de yap\u0131lm\u0131\u015ft\u0131!  <\/p>\n\n\n\n<p>Sonunda SwissLasik&#8217;in internet sitesine rastlad\u0131m ve arac\u0131yla \u00f6nce e-posta ile sonra da \u015fahsen ileti\u015fime ge\u00e7tim. \u0130stedi\u011fim t\u00fcm bilgileri h\u0131zl\u0131 bir \u015fekilde ve dostane bir \u015fekilde ald\u0131m. Tabii ki, kesin g\u00f6\u011f\u00fcs b\u00fcy\u00fckl\u00fc\u011f\u00fc ve di\u011fer detaylar ancak \u0130stanbul&#8217;da doktorla g\u00f6r\u00fc\u015f\u00fclerek netle\u015ftirilebilir. Ben de Ac\u0131badem \u0130stanbul&#8217;da operasyonu yapmaya karar verdim ve estetik cerrah ile \u00f6n muayene i\u00e7in bir randevu al\u0131nd\u0131.  <\/p>\n\n\n\n<p>Havaalan\u0131na vard\u0131\u011f\u0131mda, ben ve refakat\u00e7im zaten bekleniyorduk ve hemen \u00f6zel bir ara\u00e7la otelimize g\u00f6t\u00fcr\u00fcld\u00fck. \u015eof\u00f6r her zaman dakikti ve ertesi sabah beni \u00f6n muayene i\u00e7in hastaneye g\u00f6t\u00fcrd\u00fc. Macrolane jelinin neden oldu\u011fu ba\u015far\u0131s\u0131z i\u015flem nedeniyle \u00f6zel bir durumum oldu\u011fu i\u00e7in, cerrah, silikon implantlar\u0131 yerle\u015ftirmeden \u00f6nce, g\u00f6\u011f\u00fcslerimde hala ne kadar ve nerede bu malzemenin kald\u0131\u011f\u0131n\u0131 \u00f6\u011frenmek amac\u0131yla bir ultrason muayenesi yapmak istedi. \u00c7\u00fcnk\u00fc bu kal\u0131nt\u0131lar\u0131n g\u00f6\u011f\u00fcslerimde nas\u0131l ve nerede da\u011f\u0131ld\u0131\u011f\u0131n\u0131 bilmeden, ve bu durumun artan enfeksiyon riski ile ili\u015fkisini tam olarak de\u011ferlendiremeden beni ameliyat etmeyi kabul etmedi. Tabii ki, ek muayeneyi kabul ettim \u00e7\u00fcnk\u00fc ben de enfeksiyon riskini m\u00fcmk\u00fcn oldu\u011funca d\u00fc\u015f\u00fck tutmak istiyordum. Ayr\u0131ca, doktorun benim sa\u011fl\u0131\u011f\u0131m konusunda ger\u00e7ekten endi\u015felendi\u011fini ve sadece her ne olursa olsun operasyonu yapmak istemedi\u011fini g\u00f6rmek \u00e7ok g\u00fczeldi. \u00c7\u00fcnk\u00fc bana, e\u011fer fazla kal\u0131nt\u0131 malzeme varsa, hem benim hem de kendisinin g\u00fcvenli\u011fi i\u00e7in operasyonu reddedece\u011fini s\u00f6ylemi\u015fti!      <\/p>\n\n\n\n<p>Ultrason muayenesinde, her iki g\u00f6\u011f\u00fcs cebinde k\u00fc\u00e7\u00fck miktarda Macrolane jelinin kald\u0131\u011f\u0131 belirginle\u015fti. Sol tarafta ayr\u0131ca, jelin bir miktar\u0131n\u0131n g\u00f6\u011f\u00fcs kas\u0131na enjekte edildi\u011fi de g\u00f6r\u00fcld\u00fc! Tabii ki, g\u00f6\u011f\u00fcs kas\u0131ndaki jel \u00e7\u0131kar\u0131lamaz ve bu, g\u00f6\u011f\u00fcslerin boyutlar\u0131nda ge\u00e7ici bir fark olu\u015fturuyor. \u00c7\u00fcnk\u00fc kalan malzemenin do\u011fal yollarla par\u00e7alanmas\u0131 gerekiyor ve bu s\u00fcre\u00e7, enjeksiyonun yap\u0131ld\u0131\u011f\u0131 tarihten itibaren yakla\u015f\u0131k on iki ila on sekiz ay s\u00fcrecek.  <\/p>\n\n\n\n<p>Bir\u00e7ok doktor, foto\u011fraflar\u0131m\u0131 inceledikten ve birlikte de\u011ferlendirme yapt\u0131ktan sonra, cerrah operasyonu yapmaya karar verdi. Silikon implantlar\u0131 yerle\u015ftirmeden \u00f6nce, kalan jeli m\u00fcmk\u00fcn oldu\u011funca temizleyecekti. Enfeksiyon riskini m\u00fcmk\u00fcn oldu\u011funca azaltmak amac\u0131yla, klinikte en az bir g\u00fcn yerine iki g\u00fcn g\u00f6zlem alt\u0131nda kalmam gerekti\u011fini belirtti. Ben de buna onay verdim ve b\u00f6ylece operasyon ertesi sabah ba\u015flayabildi.    <\/p>\n\n\n\n<p>Haz\u0131rl\u0131k odas\u0131nda, cerrah gerekli i\u015faretlemeleri yapt\u0131 ve son detaylar\u0131 konu\u015ftu. Ard\u0131ndan, bana operasyon \u00f6nl\u00fc\u011f\u00fc ve destek \u00e7oraplar\u0131 giydirildi ve beni yatakla ameliyat odas\u0131na ta\u015f\u0131d\u0131lar. Ameliyat masas\u0131na yatarken, anestezi verildi ve huzur i\u00e7inde derin bir uykuya dald\u0131m. Uyand\u0131\u011f\u0131mda, ilk ba\u015fta operasyonun zaten bitmi\u015f oldu\u011funu anlamad\u0131m. Doktorlara ne zaman ba\u015flayaca\u011f\u0131m\u0131z\u0131 sordum. Bana her \u015feyin iyi ge\u00e7ti\u011fini ve komplikasyon ya\u015fanmad\u0131\u011f\u0131n\u0131 s\u00f6ylediler. Ba\u015f\u0131m\u0131 kald\u0131r\u0131p g\u00f6\u011f\u00fcslerime bakt\u0131\u011f\u0131mda ise hemen fark\u0131 ve g\u00fczel sonucu g\u00f6rd\u00fcm. K\u0131sa bir dinlenme s\u00fcresinin ard\u0131ndan beni hastanenin \u00fcst katlar\u0131ndaki tek ki\u015filik odaya g\u00f6t\u00fcrd\u00fcler. Ac\u0131badem Maslak&#8217;taki oda \u00e7ok g\u00fczel bir \u015fekilde d\u00f6\u015fenmi\u015fti ve \u00f6n\u00fcm\u00fczdeki iki g\u00fcn boyunca hi\u00e7bir \u015fey eksik hissetmedim. Hem\u015fireler \u00e7ok nazikti ve bana sevgiyle ilgilendiler. Yiyecekler \u00e7ok lezzetliydi ve geleneksel T\u00fcrk mutfa\u011f\u0131yla modern mutfa\u011f\u0131n g\u00fczel bir kar\u0131\u015f\u0131m\u0131n\u0131 sunuyordu. Her \u00f6\u011f\u00fcnde bir ki\u015filik ek yemek de dahil olmak \u00fczere iki tepsi yemek vard\u0131, b\u00f6ylece refakat\u00e7i i\u00e7in de her zaman ekstra bir yemek haz\u0131r oluyordu.          <\/p>\n\n\n\n<p>\u0130kinci gecenin ard\u0131ndan drenajlar nihayet \u00e7\u0131kar\u0131labildi. A\u011fr\u0131lar s\u0131n\u0131rl\u0131yd\u0131 ve rahats\u0131z edici bir bask\u0131, \u00f6zellikle sabahlar\u0131 ve gece ge\u00e7 saatlerde hissediliyordu. Ancak sadece birka\u00e7 g\u00fcn sonra, a\u011fr\u0131 kesici kullanmadan ya da \u00e7ok az kullanarak rahat\u00e7a idare edebildim. G\u00f6\u011f\u00fcslerim tabii ki birka\u00e7 g\u00fcn boyunca \u015fi\u015fti ve deri olduk\u00e7a gergindi. Derinin daha yumu\u015fak hale gelmesi ve nihai formunu almas\u0131, duruma g\u00f6re iki ila d\u00f6rt ay aras\u0131nda bir s\u00fcre alacak.   <\/p>\n\n\n\n<p>Ameliyat\u0131n hemen ard\u0131ndan ve bu iki g\u00fcn\u00fcn sonunda, g\u00f6\u011fs\u00fcn ger\u00e7ekten \u00e7ok g\u00fczel ve dolgun bir \u015fekil ald\u0131\u011f\u0131 hemen fark edilebiliyordu. Sonu\u00e7 olduk\u00e7a g\u00fczel ve simetrik oldu. Yeni v\u00fccut \u015feklimden \u00e7ok memnunum ve hala \u00e7ok mutluyum! Sa\u011fl\u0131kl\u0131 bir \u015fekilde hastaneden ayr\u0131ld\u0131m ve \u0130stanbul&#8217;da birka\u00e7 g\u00fcn daha keyfini \u00e7\u0131kard\u0131m. Birka\u00e7 g\u00fcn sonra, cerrah taraf\u0131ndan son bir kontrol yap\u0131ld\u0131 ve 10 g\u00fcn sonra evime d\u00f6nd\u00fcm. U\u00e7akta hi\u00e7 a\u011fr\u0131 hissetmedim ve sonraki g\u00fcnler ve haftalar komplikasyonsuz ge\u00e7ti. \u015eu anda ameliyat \u00fczerinden iki aydan fazla zaman ge\u00e7ti. \u0130zler hala k\u0131rm\u0131z\u0131, ancak iyile\u015fme s\u00fcreci iyi gidiyor. Klinikten ald\u0131\u011f\u0131m destekli s\u00fctyen m\u00fckemmel uydu ve her g\u00fcn, gece ve spor yaparken onu giyiyorum. Sonu\u00e7 olarak, T\u00fcrkiye&#8217;deki estetik operasyonumla ilgili sadece olumlu \u015feyler payla\u015fabilirim ve di\u011fer ilgilenenlere g\u00f6n\u00fcl rahatl\u0131\u011f\u0131yla tavsiye edebilirim.         <\/p>\n\n\n\n<div class=\"wp-block-group is-layout-grid wp-container-core-group-is-layout-baef362d wp-block-group-is-layout-grid\">\n<p><a href=\"https:\/\/medicaltravel.at\/home\/agb\/\" data-type=\"page\" data-id=\"2191\" rel=\"nofollow noopener\" target=\"_blank\"><\/a><a href=\"https:\/\/medicaltravel.ch\/tr\/hasta-raporlari\/turkiye-de-tedavi-deneyimleri\/dita-cecchinin-11-eyluel-2012de-istanbulda-goez-ameliyati-geciren-goeruesue-26-ekim-2012-cuma-tarihli-rapor\/\" data-type=\"link\" data-id=\"https:\/\/medicaltravel.ch\/tr\/hasta-raporlari\/turkiye-de-tedavi-deneyimleri\/dita-cecchinin-11-eyluel-2012de-istanbulda-goez-ameliyati-geciren-goeruesue-26-ekim-2012-cuma-tarihli-rapor\/\">\u00d6nceki rapor<\/a><\/p>\n\n\n\n<p class=\"has-text-align-right wp-container-content-5e2576f9\"><a href=\"https:\/\/medicaltravel.at\/home\/impressum\/\" data-type=\"page\" data-id=\"2193\" rel=\"nofollow noopener\" target=\"_blank\"><\/a><a href=\"https:\/\/medicaltravel.at\/home\/berichte-von-patienten\/erfahrungsberichte\/erfahrungsbericht-zahnbehandlung-in-istanbul\/\" data-type=\"page\" data-id=\"981\" rel=\"nofollow noopener\" target=\"_blank\"><\/a><a href=\"https:\/\/medicaltravel.ch\/tr\/hasta-raporlari\/turkiye-de-tedavi-deneyimleri\/acibadem-hastanesi-istanbulda-gecirdigim-lazer-goez-ameliyatina-dair-deneyim-raporu-corinne-stoll-tarafindan-14-eyluel-2012-tarihinde-yazilmistir-rapor-10-ekim-2012-carsamba-tarihlidir\/\" data-type=\"link\" data-id=\"https:\/\/medicaltravel.ch\/tr\/hasta-raporlari\/turkiye-de-tedavi-deneyimleri\/acibadem-hastanesi-istanbulda-gecirdigim-lazer-goez-ameliyatina-dair-deneyim-raporu-corinne-stoll-tarafindan-14-eyluel-2012-tarihinde-yazilmistir-rapor-10-ekim-2012-carsamba-tarihlidir\/\">Bir sonraki rapor<\/a><\/p>\n<\/div>\n","protected":false},"excerpt":{"rendered":"<p>\u0130stanbul tatili ve 250 ml silikon implantlarla meme b\u00fcy\u00fctme ameliyat\u0131 \u2013 15 Ekim 2012 Pazartesi tarihli haber. 12.10.2012 \u0130stanbul&#8217;da estetik kozmetik cerrahi deneyim raporu Ramona S., 26 ya\u015f\u0131nda. Macrolane Jel ile yap\u0131lan ba\u015far\u0131s\u0131z bir tedavi nedeniyle, daha \u00f6nce planlad\u0131\u011f\u0131m 1 haftal\u0131k tatilimi T\u00fcrkiye&#8217;de, u\u011frad\u0131\u011f\u0131m zarar\u0131 m\u00fcmk\u00fcn oldu\u011funca d\u00fczeltebilmek i\u00e7in kulland\u0131m. 2012 y\u0131l\u0131n\u0131n ilkbahar\u0131nda, \u0130svi\u00e7re&#8217;de bir dermatolog taraf\u0131ndan Macrolane Jel tedavisi g\u00f6rm\u00fc\u015ft\u00fcm. Her iki g\u00f6\u011f\u00fcs i\u00e7in s\u0131ras\u0131yla 140 ml hyaluronik asit jeli bir enjekt\u00f6rle enjekte edildi. Ameliyat korkum oldu\u011fu i\u00e7in ve g\u00f6\u011f\u00fcs k\u0131vr\u0131m\u0131nda olu\u015facak izlerden \u00e7ekindi\u011fim i\u00e7in, ciltle uyumlu bir madde olan jelin enjekte edilmesi ve k\u00fc\u00e7\u00fck i\u011fne izlerinin kalmas\u0131 bana iyi bir alternatif gibi g\u00f6r\u00fcnm\u00fc\u015ft\u00fc. Ba\u015flang\u0131\u00e7ta her \u015fey yolunda gibiydi, fark \u00e7ok b\u00fcy\u00fck de\u011fildi, ancak g\u00f6\u011f\u00fcs hacmindeki art\u0131\u015f benim i\u00e7in olduk\u00e7a de\u011ferliydi ve sonu\u00e7tan memnundum. \u0130lk olarak, g\u00f6\u011f\u00fcslerin b\u00fcy\u00fckl\u00fc\u011f\u00fcn\u00fcn ve \u015feklinin nas\u0131l de\u011fi\u015fece\u011fini ve bana nas\u0131l g\u00f6r\u00fcnece\u011fini g\u00f6rmek istedim, b\u00f6ylece ilerleyen zamanlarda belki bir g\u00fcn kal\u0131c\u0131 bir g\u00f6\u011f\u00fcs ameliyat\u0131 olup olmayaca\u011f\u0131na karar verebilecektim. Maalesef, Macrolane Jel&#8217;in g\u00f6\u011f\u00fcse enjekte edildi\u011fi i\u011fne deliklerinde torbalar olu\u015ftu ve ho\u015f olmayan, g\u00f6r\u00fcn\u00fcr ve hissedilebilir \u00e7ukurlar b\u0131rakt\u0131! Dermatologum, bunun \u00fczerine i\u011fne deliklerini tekrar a\u00e7mak zorunda kald\u0131 ve biriken hyaluronik asit jelini d\u0131\u015far\u0131ya do\u011fru s\u0131k\u0131\u015ft\u0131rd\u0131. Ne yaz\u0131k ki, sonras\u0131nda i\u011fne delikleri bir t\u00fcrl\u00fc kapanmad\u0131 ve birka\u00e7 hafta sonra bile hala \u00f6nemli miktarda jel d\u0131\u015far\u0131 \u00e7\u0131kmaya devam etti! Sa\u011f tarafta k\u00fc\u00e7\u00fck bir elma b\u00fcy\u00fckl\u00fc\u011f\u00fcnde bir madde birikti\u011finde ve bu maddeyi d\u0131\u015far\u0131ya \u00e7\u0131kard\u0131ktan sonra b\u00fcy\u00fckl\u00fck fark\u0131n\u0131 fark etti\u011fimde, sol taraftaki jelin de al\u0131nmas\u0131 gerekti. Kalan jelin d\u0131\u015far\u0131ya \u00e7\u0131kart\u0131labilmesi i\u00e7in, dermatologum her iki tarafta da ikinci kez i\u011fne deliklerini a\u00e7arak m\u00fcmk\u00fcn oldu\u011funca fazla malzemeyi d\u0131\u015far\u0131ya s\u0131k\u0131\u015ft\u0131rd\u0131. \u0130\u015flemin talihsiz sonucu nedeniyle, doktorum en az\u0131ndan malzeme maliyetlerinin bir k\u0131sm\u0131 hari\u00e7, \u00e7o\u011fu \u00fccretimi geri \u00f6demeyi kabul etti. G\u00f6r\u00fcn\u00fc\u015fe g\u00f6re, doktorum Macrolane ile 300&#8217;den fazla kad\u0131n\u0131 tedavi etmi\u015fti, ancak benim gibi talihsiz bir durumla kar\u015f\u0131la\u015fan bir vaka daha \u00f6nce hi\u00e7 olmam\u0131\u015ft\u0131! \u015eimdiye kadar \u00e7ok fazla zorluk ya\u015fad\u0131m ve hala g\u00f6\u011f\u00fcs hacminde bir art\u0131\u015f elde edemedim, bu y\u00fczden sonunda g\u00f6\u011f\u00fcs b\u00fcy\u00fctme i\u015flemini implantlarla yapmaya karar verdim. \u0130nternette ara\u015ft\u0131rmalara ba\u015flad\u0131m ve b\u00f6lgedeki cerrahlarla g\u00f6\u011f\u00fcs b\u00fcy\u00fctme se\u00e7enekleri, s\u00fcreci ve maliyetleri hakk\u0131nda bilgi ald\u0131m. \u0130svi\u00e7re&#8217;de bir g\u00f6\u011f\u00fcs b\u00fcy\u00fctme i\u015flemi olduk\u00e7a pahal\u0131 ve bir \u0130svi\u00e7reli cerrah\u0131n yapaca\u011f\u0131 cerrahi m\u00fcdahalenin sonucu, bir yabanc\u0131 doktordan al\u0131nacak sonu\u00e7tan mutlaka daha iyi olmayabiliyor. Bir\u00e7ok arkada\u015f\u0131mla, hem yurt i\u00e7inde hem de yurt d\u0131\u015f\u0131nda g\u00f6\u011f\u00fcs ameliyat\u0131 yapt\u0131ranlarla konu\u015ftu\u011fumda, yurt d\u0131\u015f\u0131nda yap\u0131lan i\u015flemlerin ve elde edilen sonu\u00e7lar\u0131n ger\u00e7ekten \u00e7ok iyi ve profesyonel oldu\u011funu kendim de g\u00f6rebildim. Yurt d\u0131\u015f\u0131nda, \u0130svi\u00e7re&#8217;ye k\u0131yasla daha fazla estetik operasyon yap\u0131ld\u0131\u011f\u0131 d\u00fc\u015f\u00fcn\u00fcld\u00fc\u011f\u00fcnde, bir yabanc\u0131 doktora olan g\u00fcvenim, \u0130svi\u00e7reli bir cerraha olan g\u00fcvenimden daha fazla oldu. \u00d6zellikle unutulmamal\u0131d\u0131r ki, benim ba\u015far\u0131s\u0131z olan i\u015flemim \u0130svi\u00e7re&#8217;de yap\u0131lm\u0131\u015ft\u0131! Sonunda SwissLasik&#8217;in internet sitesine rastlad\u0131m ve arac\u0131yla \u00f6nce e-posta ile sonra da \u015fahsen ileti\u015fime ge\u00e7tim. \u0130stedi\u011fim t\u00fcm bilgileri h\u0131zl\u0131 bir \u015fekilde ve dostane bir \u015fekilde ald\u0131m. Tabii ki, kesin g\u00f6\u011f\u00fcs b\u00fcy\u00fckl\u00fc\u011f\u00fc ve di\u011fer detaylar ancak \u0130stanbul&#8217;da doktorla g\u00f6r\u00fc\u015f\u00fclerek netle\u015ftirilebilir. Ben de Ac\u0131badem \u0130stanbul&#8217;da operasyonu yapmaya karar verdim ve estetik cerrah ile \u00f6n muayene i\u00e7in bir randevu al\u0131nd\u0131. Havaalan\u0131na vard\u0131\u011f\u0131mda, ben ve refakat\u00e7im zaten bekleniyorduk ve hemen \u00f6zel bir ara\u00e7la otelimize g\u00f6t\u00fcr\u00fcld\u00fck. \u015eof\u00f6r her zaman dakikti ve ertesi sabah beni \u00f6n muayene i\u00e7in hastaneye g\u00f6t\u00fcrd\u00fc. Macrolane jelinin neden oldu\u011fu ba\u015far\u0131s\u0131z i\u015flem nedeniyle \u00f6zel bir durumum oldu\u011fu i\u00e7in, cerrah, silikon implantlar\u0131 yerle\u015ftirmeden \u00f6nce, g\u00f6\u011f\u00fcslerimde hala ne kadar ve nerede bu malzemenin kald\u0131\u011f\u0131n\u0131 \u00f6\u011frenmek amac\u0131yla bir ultrason muayenesi yapmak istedi. \u00c7\u00fcnk\u00fc bu kal\u0131nt\u0131lar\u0131n g\u00f6\u011f\u00fcslerimde nas\u0131l ve nerede da\u011f\u0131ld\u0131\u011f\u0131n\u0131 bilmeden, ve bu durumun artan enfeksiyon riski ile ili\u015fkisini tam olarak de\u011ferlendiremeden beni ameliyat etmeyi kabul etmedi. Tabii ki, ek muayeneyi kabul ettim \u00e7\u00fcnk\u00fc ben de enfeksiyon riskini m\u00fcmk\u00fcn oldu\u011funca d\u00fc\u015f\u00fck tutmak istiyordum. Ayr\u0131ca, doktorun benim sa\u011fl\u0131\u011f\u0131m konusunda ger\u00e7ekten endi\u015felendi\u011fini ve sadece her ne olursa olsun operasyonu yapmak istemedi\u011fini g\u00f6rmek \u00e7ok g\u00fczeldi. \u00c7\u00fcnk\u00fc bana, e\u011fer fazla kal\u0131nt\u0131 malzeme varsa, hem benim hem de kendisinin g\u00fcvenli\u011fi i\u00e7in operasyonu reddedece\u011fini s\u00f6ylemi\u015fti! Ultrason muayenesinde, her iki g\u00f6\u011f\u00fcs cebinde k\u00fc\u00e7\u00fck miktarda Macrolane jelinin kald\u0131\u011f\u0131 belirginle\u015fti. Sol tarafta ayr\u0131ca, jelin bir miktar\u0131n\u0131n g\u00f6\u011f\u00fcs kas\u0131na enjekte edildi\u011fi de g\u00f6r\u00fcld\u00fc! Tabii ki, g\u00f6\u011f\u00fcs kas\u0131ndaki jel \u00e7\u0131kar\u0131lamaz ve bu, g\u00f6\u011f\u00fcslerin boyutlar\u0131nda ge\u00e7ici bir fark olu\u015fturuyor. \u00c7\u00fcnk\u00fc kalan malzemenin do\u011fal yollarla par\u00e7alanmas\u0131 gerekiyor ve bu s\u00fcre\u00e7, enjeksiyonun yap\u0131ld\u0131\u011f\u0131 tarihten itibaren yakla\u015f\u0131k on iki ila on sekiz ay s\u00fcrecek. Bir\u00e7ok doktor, foto\u011fraflar\u0131m\u0131 inceledikten ve birlikte de\u011ferlendirme yapt\u0131ktan sonra, cerrah operasyonu yapmaya karar verdi. Silikon implantlar\u0131 yerle\u015ftirmeden \u00f6nce, kalan jeli m\u00fcmk\u00fcn oldu\u011funca temizleyecekti. Enfeksiyon riskini m\u00fcmk\u00fcn oldu\u011funca azaltmak amac\u0131yla, klinikte en az bir g\u00fcn yerine iki g\u00fcn g\u00f6zlem alt\u0131nda kalmam gerekti\u011fini belirtti. Ben de buna onay verdim ve b\u00f6ylece operasyon ertesi sabah ba\u015flayabildi. Haz\u0131rl\u0131k odas\u0131nda, cerrah gerekli i\u015faretlemeleri yapt\u0131 ve son detaylar\u0131 konu\u015ftu. Ard\u0131ndan, bana operasyon \u00f6nl\u00fc\u011f\u00fc ve destek \u00e7oraplar\u0131 giydirildi ve beni yatakla ameliyat odas\u0131na ta\u015f\u0131d\u0131lar. Ameliyat masas\u0131na yatarken, anestezi verildi ve huzur i\u00e7inde derin bir uykuya dald\u0131m. Uyand\u0131\u011f\u0131mda, ilk ba\u015fta operasyonun zaten bitmi\u015f oldu\u011funu anlamad\u0131m. Doktorlara ne zaman ba\u015flayaca\u011f\u0131m\u0131z\u0131 sordum. Bana her \u015feyin iyi ge\u00e7ti\u011fini ve komplikasyon ya\u015fanmad\u0131\u011f\u0131n\u0131 s\u00f6ylediler. Ba\u015f\u0131m\u0131 kald\u0131r\u0131p g\u00f6\u011f\u00fcslerime bakt\u0131\u011f\u0131mda ise hemen fark\u0131 ve g\u00fczel sonucu g\u00f6rd\u00fcm. K\u0131sa bir dinlenme s\u00fcresinin ard\u0131ndan beni hastanenin \u00fcst katlar\u0131ndaki tek ki\u015filik odaya g\u00f6t\u00fcrd\u00fcler. Ac\u0131badem Maslak&#8217;taki oda \u00e7ok g\u00fczel bir \u015fekilde d\u00f6\u015fenmi\u015fti ve \u00f6n\u00fcm\u00fczdeki iki g\u00fcn boyunca hi\u00e7bir \u015fey eksik hissetmedim. Hem\u015fireler \u00e7ok nazikti ve bana sevgiyle ilgilendiler. Yiyecekler \u00e7ok lezzetliydi ve geleneksel T\u00fcrk mutfa\u011f\u0131yla modern mutfa\u011f\u0131n g\u00fczel bir kar\u0131\u015f\u0131m\u0131n\u0131 sunuyordu. Her \u00f6\u011f\u00fcnde bir ki\u015filik ek yemek de dahil olmak \u00fczere iki tepsi yemek vard\u0131, b\u00f6ylece refakat\u00e7i i\u00e7in de her zaman ekstra bir yemek haz\u0131r oluyordu. \u0130kinci gecenin ard\u0131ndan drenajlar nihayet \u00e7\u0131kar\u0131labildi. A\u011fr\u0131lar s\u0131n\u0131rl\u0131yd\u0131 ve rahats\u0131z edici bir bask\u0131, \u00f6zellikle sabahlar\u0131 ve gece ge\u00e7 saatlerde hissediliyordu. Ancak sadece birka\u00e7 g\u00fcn sonra, a\u011fr\u0131 kesici kullanmadan ya da \u00e7ok az kullanarak rahat\u00e7a idare edebildim. G\u00f6\u011f\u00fcslerim tabii ki birka\u00e7 g\u00fcn boyunca \u015fi\u015fti ve deri olduk\u00e7a gergindi. Derinin daha yumu\u015fak hale gelmesi ve nihai formunu almas\u0131, duruma g\u00f6re iki ila d\u00f6rt ay aras\u0131nda bir s\u00fcre alacak. Ameliyat\u0131n hemen ard\u0131ndan ve bu iki g\u00fcn\u00fcn sonunda, g\u00f6\u011fs\u00fcn ger\u00e7ekten \u00e7ok g\u00fczel ve dolgun bir \u015fekil ald\u0131\u011f\u0131 hemen fark edilebiliyordu. Sonu\u00e7 olduk\u00e7a g\u00fczel ve simetrik oldu. Yeni v\u00fccut \u015feklimden \u00e7ok memnunum ve hala \u00e7ok mutluyum! Sa\u011fl\u0131kl\u0131 bir \u015fekilde hastaneden ayr\u0131ld\u0131m ve \u0130stanbul&#8217;da birka\u00e7 g\u00fcn daha keyfini \u00e7\u0131kard\u0131m. Birka\u00e7 g\u00fcn sonra, cerrah taraf\u0131ndan son bir kontrol yap\u0131ld\u0131 ve 10 g\u00fcn sonra<\/p>\n","protected":false},"author":4,"featured_media":0,"parent":4471,"menu_order":0,"comment_status":"closed","ping_status":"closed","template":"","meta":{"_joinchat":[],"footnotes":""},"class_list":["post-4583","page","type-page","status-publish","hentry"],"acf":[],"_links":{"self":[{"href":"https:\/\/medicaltravel.ch\/tr\/wp-json\/wp\/v2\/pages\/4583","targetHints":{"allow":["GET"]}}],"collection":[{"href":"https:\/\/medicaltravel.ch\/tr\/wp-json\/wp\/v2\/pages"}],"about":[{"href":"https:\/\/medicaltravel.ch\/tr\/wp-json\/wp\/v2\/types\/page"}],"author":[{"embeddable":true,"href":"https:\/\/medicaltravel.ch\/tr\/wp-json\/wp\/v2\/users\/4"}],"replies":[{"embeddable":true,"href":"https:\/\/medicaltravel.ch\/tr\/wp-json\/wp\/v2\/comments?post=4583"}],"version-history":[{"count":0,"href":"https:\/\/medicaltravel.ch\/tr\/wp-json\/wp\/v2\/pages\/4583\/revisions"}],"up":[{"embeddable":true,"href":"https:\/\/medicaltravel.ch\/tr\/wp-json\/wp\/v2\/pages\/4471"}],"wp:attachment":[{"href":"https:\/\/medicaltravel.ch\/tr\/wp-json\/wp\/v2\/media?parent=4583"}],"curies":[{"name":"wp","href":"https:\/\/api.w.org\/{rel}","templated":true}]}}