{"id":4585,"date":"2025-09-24T06:19:22","date_gmt":"2025-09-24T05:19:22","guid":{"rendered":"https:\/\/medicaltravel.ch\/hasta-raporlari\/erfahrungsberichte-behandlungen-tuerkei\/farkli-bir-noel-21-ocak-2013-pazartesi-tarihli-rapor\/"},"modified":"2026-01-12T19:37:27","modified_gmt":"2026-01-12T18:37:27","slug":"farkli-bir-noel-21-ocak-2013-pazartesi-tarihli-rapor","status":"publish","type":"page","link":"https:\/\/medicaltravel.ch\/tr\/hasta-raporlari\/turkiye-de-tedavi-deneyimleri\/farkli-bir-noel-21-ocak-2013-pazartesi-tarihli-rapor\/","title":{"rendered":"Farkl\u0131 bir Noel \u2013 21 Ocak 2013 Pazartesi tarihli rapor"},"content":{"rendered":"\n<p>Farkl\u0131 bir Noel \u2013 21 Ocak 2013 Pazartesi tarihli rapor<\/p>\n\n\n\n<p>20 Ocak 2013<br>Noel\u2019i Farkl\u0131 Bir \u015eekilde Ya\u015famak<br>Yakla\u015f\u0131k d\u00f6rt y\u0131l \u00f6nce, erkek karde\u015fim SwissLasik taraf\u0131ndan organize edilen lazer ameliyat\u0131n\u0131 oldu. O zamandan beri, ben de onun yapt\u0131\u011f\u0131 gibi yapmay\u0131 d\u00fc\u015f\u00fcn\u00fcyordum. Bu uzun s\u00fcre zarf\u0131nda, 2012&#8217;de bu konu tekrar \u00e7ok g\u00fcndeme geldi ve ben de bu ad\u0131m\u0131 atmaya karar verdim. Ameliyat ve SwissLasik hakk\u0131nda bilgi almak i\u00e7in ara\u015ft\u0131rmalara ba\u015flad\u0131m ve organizat\u00f6r Say\u0131n Serdar Karaagacli ile ileti\u015fime ge\u00e7tim. Ameliyat \u00f6ncesinde Say\u0131n Karaagacli, her e-posta yan\u0131t\u0131n\u0131 zaman\u0131nda ve tam olarak tatmin edici bir \u015fekilde verdi. 25 Aral\u0131k 2012&#8217;de ameliyat\u0131 olmaya karar verdim. SwissLasik\u2019in sundu\u011fu Premium paket ile her \u015fey organize edildi. B\u00f6ylece ben de g\u00f6z ameliyat\u0131na ki\u015fisel olarak odaklanabilecektim.<br>Ameliyat \u00f6ncesinde, seyahatimi ve operasyonumu planlamadan \u00f6nce, sonbaharda Arbon\u2019daki bir g\u00f6z doktoruna muayeneye gittim. Bu muayene, LASIK veya LASEK gibi bir i\u015flem yap\u0131l\u0131p yap\u0131lamayaca\u011f\u0131n\u0131 belirlemek i\u00e7in birka\u00e7 test i\u00e7eriyordu. G\u00f6z doktorum, operasyon i\u00e7in onay verdi ve t\u00fcm sonu\u00e7lar\u0131 SwissLasik\u2019e g\u00f6nderdi. Ben de bu \u00f6n muayeneyi, emin olmak isteyen ki\u015filere tavsiye ederim.<br>Ameliyat karar\u0131mdan sonra, \u00e7evremdekiler yava\u015f\u00e7a \u00f6\u011frendi. Baz\u0131lar\u0131 olduk\u00e7a \u015fa\u015f\u0131rm\u0131\u015f, korkmu\u015f ve hatta \u015fok olmu\u015ftu, operasyonun yap\u0131ld\u0131\u011f\u0131 yerle ilgili olumsuz \u00f6nyarg\u0131lar ve \u015f\u00fcpheler vard\u0131. Ancak, ben bunlardan hi\u00e7 etkilenmedim. Bu t\u00fcr tepkileri, insanlar\u0131n bilgi eksikli\u011fi ve medyada g\u00f6rd\u00fc\u011f\u00fcm\u00fcz k\u00f6t\u00fc \u00f6rneklerle a\u00e7\u0131kl\u0131yorum. \u0130lgili hikayeler genellikle ba\u015far\u0131s\u0131zl\u0131klar ve k\u00f6t\u00fc deneyimler \u00fczerine odaklan\u0131yor. Bunu, \u00f6nyarg\u0131larla dolu olan ve bunlardan kurtulmak isteyen herkes i\u00e7in a\u00e7\u0131k\u00e7a belirtmek istedim. Elbette, b\u00f6yle bir m\u00fcdahale s\u0131ras\u0131nda her zaman bir \u015feyler ters gidebilir, her ameliyat gibi, bir risk vard\u0131r ve bu ister \u0130svi\u00e7re\u2019de ister ba\u015fka bir yerde olsun de\u011fi\u015fmez. Ayr\u0131ca, her zaman kendi katk\u0131n\u0131z\u0131 da sa\u011flaman\u0131z gerekir, \u00f6rne\u011fin uzmanlar\u0131n talimatlar\u0131na uyarak optimal bir sonu\u00e7 elde etmek gibi.<br>Ameliyat\u0131m i\u00e7in motivasyonum, erkek karde\u015fimin ba\u015far\u0131l\u0131 ge\u00e7i\u015fi ve ki\u015fisel olarak y\u0131llard\u0131r g\u00f6zl\u00fckten kurtulma iste\u011fimdi. Yeni bir ya\u015fam kalitesi d\u00fc\u015f\u00fcncesi benim i\u00e7in belirleyici oldu. Sonu\u00e7ta, fiyat da \u00e7ok cazipti. Bu i\u015flem, iki ki\u015fiyle yap\u0131lan seyahat dahil, \u0130svi\u00e7re\u2019deki toplam \u00fccretin yakla\u015f\u0131k \u00fc\u00e7te biri kadar bir maliyete mal oldu. Ancak, \u00f6ncelikle kalitenin do\u011fru olmas\u0131 gerekti\u011fini d\u00fc\u015f\u00fcnd\u00fcm.<br>Bir\u00e7ok duygunun i\u00e7 i\u00e7e ge\u00e7ti\u011fi, mutluluk ve sinirlerin kar\u0131\u015ft\u0131\u011f\u0131 bir durumda, 24 Aral\u0131k 2012\u2019de erkek karde\u015fimle birlikte \u0130stanbul\u2019a u\u00e7tuk. \u0130stanbul Havaalan\u0131\u2019na vard\u0131\u011f\u0131m\u0131zda, bizi alacak \u015fof\u00f6r\u00fcm\u00fcz oradayd\u0131 ve bizi \u015fehre do\u011fru yola \u00e7\u0131kard\u0131k. Ertesi g\u00fcn, do\u011fru zaman\u0131nda, bizi al\u0131p modern Ac\u0131badem hastanesine g\u00f6t\u00fcrd\u00fcler. Giri\u015fte, bizi bir terc\u00fcman kar\u015f\u0131lad\u0131. B\u00fct\u00fcn sonraki ad\u0131mlar\u0131 ayr\u0131nt\u0131l\u0131 bir \u015fekilde a\u00e7\u0131klad\u0131. Ard\u0131ndan, daha \u00f6nce \u0130svi\u00e7re\u2019deki \u00f6n muayene gibi birka\u00e7 test yap\u0131ld\u0131. Sonras\u0131nda, Dr. Banu Cosar ile bir g\u00f6r\u00fc\u015fme oldu. Kendisine a\u00e7\u0131k kalan sorular\u0131 sordum. Ayr\u0131ca, bana duvarda b\u00fcy\u00fck harfleri g\u00f6zl\u00fcks\u00fcz okumam\u0131 s\u00f6yledi, tabii ki -5 diyoptri d\u00fczeyinde bir g\u00f6zl\u00fckle bunu yapmak \u00e7ok zordu. Ger\u00e7ekten sadece duvardaki \u0131\u015f\u0131\u011f\u0131 g\u00f6rebildim ve tek bir harf bile okuyamad\u0131m. \u00d6\u011flen vakti testler tamamland\u0131. Her \u015fey \u00e7ok h\u0131zl\u0131yd\u0131. Doktorlar\u0131n testlerdeki h\u0131z\u0131ndan ba\u015flang\u0131\u00e7ta olduk\u00e7a \u015fa\u015f\u0131rm\u0131\u015ft\u0131m. Ancak bir saniye bile testlerin yanl\u0131\u015f yap\u0131ld\u0131\u011f\u0131 hissine kap\u0131lmad\u0131m. Aksine, g\u00fcnl\u00fck olarak bir\u00e7ok operasyon yap\u0131ld\u0131\u011f\u0131 i\u00e7in deneyimleri \u00e7ok y\u00fcksek, personel \u00e7ok yetkin, dost\u00e7a ve yard\u0131mseverdi.<br>Ameliyat i\u00e7in zaman\u0131m oldu\u011funda, yak\u0131ndaki al\u0131\u015fveri\u015f merkezine gidip al\u0131\u015fveri\u015f yapmaya ba\u015flad\u0131k. Terc\u00fcman sadece terc\u00fcme yapm\u0131yordu, ayn\u0131 zamanda hastalar\u0131n randevular\u0131n\u0131 koordine ediyordu. Ak\u015fam saatlerinde klinikte bulu\u015fmak \u00fczere yola \u00e7\u0131kt\u0131k. Ameliyat \u00f6ncesi, okuyup imzalad\u0131\u011f\u0131m bir s\u00f6zle\u015fme vard\u0131. Bu, biraz zorlay\u0131c\u0131yd\u0131 \u00e7\u00fcnk\u00fc ameliyat \u00f6ncesi adrenalinim y\u00fckselmi\u015fti. Ancak sonras\u0131nda, kendi iste\u011fimle bir sakinle\u015ftirici ila\u00e7 ald\u0131m. Ameliyat\u0131n hemen \u00f6ncesinde, 10 dakikal\u0131k i\u015flem i\u00e7in g\u00f6zlerime damla damlat\u0131ld\u0131 ve \u015f\u0131k bir ba\u015fl\u0131k, \u00f6rt\u00fc ve ayakkab\u0131 koruyucular\u0131 verildi. Benim s\u0131rad\u0131m geldi\u011finde, masaya uzand\u0131m ve terc\u00fcman da yan\u0131mdayd\u0131, bana doktorun s\u00f6ylediklerini terc\u00fcme etti. Benim tek g\u00f6revim rahatlamak ve k\u0131rm\u0131z\u0131 \u0131\u015f\u0131\u011fa bakmakt\u0131. Sonras\u0131nda, g\u00f6z \u00e7evresi dezenfekte edilip steril hale getirildi. G\u00f6z klipsi t\u00fcm g\u00f6z\u00fc sabitleyerek g\u00f6z k\u0131rpmay\u0131 engelledi. Ameliyat boyunca g\u00f6zlerim nemli tutuldu. Ard\u0131ndan ger\u00e7ek i\u015flem ba\u015flad\u0131. Ayn\u0131 i\u015flem ikinci g\u00f6zde de yap\u0131ld\u0131. Operasyon d\u00fc\u015f\u00fcnd\u00fc\u011f\u00fcmden \u00e7ok daha h\u0131zl\u0131 bitti. Sonras\u0131nda, terc\u00fcman\u0131m\u0131n yard\u0131m\u0131yla aya\u011fa kalkt\u0131m, siyah g\u00f6zl\u00fc\u011f\u00fcm\u00fc tak\u0131p karart\u0131lm\u0131\u015f bir odaya ge\u00e7tim.<br>Ameliyat sonras\u0131 g\u00f6zlerimi a\u00e7makta zorland\u0131m \u00e7\u00fcnk\u00fc sakinle\u015ftirici ila\u00e7 biraz etkili olmu\u015ftu. Bir s\u00fcre sonra, doktorumun yapt\u0131\u011f\u0131 bir takip muayenesine girdim. Oda\u011f\u0131mda olan g\u00f6zl\u00fckleri \u00e7\u0131karmam\u0131 ve tekrar duvardaki harfleri okumam\u0131 istedi. \u0130\u015fte, &#8220;K&#8221; harfini g\u00f6rd\u00fcm! B\u00fcy\u00fck bir &#8220;K&#8221;! K\u00fc\u00e7\u00fck harfleri de herhangi bir zorluk \u00e7ekmeden okuyabildim. Ne kadar harika bir duygu, ger\u00e7ekten muazzam! Otob\u00fcsle otele d\u00f6nerken, t\u00fcm yolculuk boyunca uyudum. Otele vard\u0131\u011f\u0131mda, klinikte ald\u0131\u011f\u0131m tam talimatlarla verilen g\u00f6z damlalar\u0131n\u0131 kullanmaya ba\u015flad\u0131m. Ameliyat sonras\u0131 g\u00f6zlerim biraz kuru hissediliyordu ve hafif bir ka\u015f\u0131nt\u0131 vard\u0131. Verilen dinlenme s\u00fcresi (g\u00f6zlerimi d\u00f6rt saat boyunca kapal\u0131 tutmam) sonunda, biraz yemek yemeye \u00e7\u0131kt\u0131k. Biraz dengesizdim ve sa\u011fa sola bakarken a\u011fr\u0131 hissediyordum. Bu y\u00fczden yan\u0131mda bana yard\u0131mc\u0131 olan ki\u015fiye minnettard\u0131m. Ertesi g\u00fcn ve birka\u00e7 g\u00f6z damlas\u0131 daha sonra, ba\u015fka bir takip muayenesi yap\u0131ld\u0131. Doktorun raporu son derece olumlu oldu.<br>Yola \u00e7\u0131kmadan \u00f6nce, g\u00f6zl\u00fcklerimi nereye koyaca\u011f\u0131m konusunda d\u00fc\u015f\u00fcnd\u00fcm. Ancak, art\u0131k bu g\u00f6zl\u00fc\u011fe ihtiyac\u0131m yoktu, onu bir kamyonun \u00fczerinden ge\u00e7irebilirdim. \u015eimdi, g\u00f6zl\u00fcks\u00fcz yeni bir hayata al\u0131\u015fmak gerekiyordu ve bu hi\u00e7 de kolay bir i\u015f de\u011fildi, \u00e7\u00fcnk\u00fc yakla\u015f\u0131k 2\/3 hayat\u0131m\u0131 g\u00f6zl\u00fckle ge\u00e7irmi\u015ftim. Bir\u00e7ok g\u00fcn sonras\u0131nda bile, g\u00f6zl\u00fc\u011f\u00fcm\u00fc d\u00fczeltti\u011fimi ya da \u00e7\u0131karma iste\u011fi duydu\u011fumu fark ediyorum. Bunlar, y\u0131llar i\u00e7inde al\u0131\u015fkanl\u0131k haline gelmi\u015f mekanizmalar. Burada bahsetti\u011fim \u015fey asl\u0131nda bir l\u00fcks sorunu ve l\u00fcks, yeni bir ya\u015fam hissi anlam\u0131nda.<br>Fabienne P.<\/p>\n\n\n\n<div class=\"wp-block-group is-layout-grid wp-container-core-group-is-layout-baef362d wp-block-group-is-layout-grid\">\n<p><a href=\"https:\/\/medicaltravel.at\/home\/agb\/\" data-type=\"page\" data-id=\"2191\" rel=\"nofollow noopener\" target=\"_blank\"><\/a><a href=\"https:\/\/medicaltravel.ch\/tr\/hasta-raporlari\/turkiye-de-tedavi-deneyimleri\/swisslasik-deneyim-raporu-5-subat-2013-sali-tarihli-rapor\/\" data-type=\"link\" data-id=\"https:\/\/medicaltravel.ch\/tr\/hasta-raporlari\/turkiye-de-tedavi-deneyimleri\/swisslasik-deneyim-raporu-5-subat-2013-sali-tarihli-rapor\/\">\u00d6nceki rapor<\/a><\/p>\n\n\n\n<p class=\"has-text-align-right wp-container-content-5e2576f9\"><a href=\"https:\/\/medicaltravel.at\/home\/impressum\/\" data-type=\"page\" data-id=\"2193\" rel=\"nofollow noopener\" target=\"_blank\"><\/a><a href=\"https:\/\/medicaltravel.at\/home\/berichte-von-patienten\/erfahrungsberichte\/erfahrungsbericht-zahnbehandlung-in-istanbul\/\" data-type=\"page\" data-id=\"981\" rel=\"nofollow noopener\" target=\"_blank\"><\/a><a href=\"https:\/\/medicaltravel.ch\/tr\/hasta-raporlari\/turkiye-de-tedavi-deneyimleri\/en-yueksek-kalite-ve-hizmet-standartlari-15-ocak-2013-sali-tarihli-rapor\/\" data-type=\"link\" data-id=\"https:\/\/medicaltravel.ch\/tr\/hasta-raporlari\/turkiye-de-tedavi-deneyimleri\/en-yueksek-kalite-ve-hizmet-standartlari-15-ocak-2013-sali-tarihli-rapor\/\">Bir sonraki rapor<\/a><\/p>\n<\/div>\n","protected":false},"excerpt":{"rendered":"<p>Farkl\u0131 bir Noel \u2013 21 Ocak 2013 Pazartesi tarihli rapor 20 Ocak 2013Noel\u2019i Farkl\u0131 Bir \u015eekilde Ya\u015famakYakla\u015f\u0131k d\u00f6rt y\u0131l \u00f6nce, erkek karde\u015fim SwissLasik taraf\u0131ndan organize edilen lazer ameliyat\u0131n\u0131 oldu. O zamandan beri, ben de onun yapt\u0131\u011f\u0131 gibi yapmay\u0131 d\u00fc\u015f\u00fcn\u00fcyordum. Bu uzun s\u00fcre zarf\u0131nda, 2012&#8217;de bu konu tekrar \u00e7ok g\u00fcndeme geldi ve ben de bu ad\u0131m\u0131 atmaya karar verdim. Ameliyat ve SwissLasik hakk\u0131nda bilgi almak i\u00e7in ara\u015ft\u0131rmalara ba\u015flad\u0131m ve organizat\u00f6r Say\u0131n Serdar Karaagacli ile ileti\u015fime ge\u00e7tim. Ameliyat \u00f6ncesinde Say\u0131n Karaagacli, her e-posta yan\u0131t\u0131n\u0131 zaman\u0131nda ve tam olarak tatmin edici bir \u015fekilde verdi. 25 Aral\u0131k 2012&#8217;de ameliyat\u0131 olmaya karar verdim. SwissLasik\u2019in sundu\u011fu Premium paket ile her \u015fey organize edildi. B\u00f6ylece ben de g\u00f6z ameliyat\u0131na ki\u015fisel olarak odaklanabilecektim.Ameliyat \u00f6ncesinde, seyahatimi ve operasyonumu planlamadan \u00f6nce, sonbaharda Arbon\u2019daki bir g\u00f6z doktoruna muayeneye gittim. Bu muayene, LASIK veya LASEK gibi bir i\u015flem yap\u0131l\u0131p yap\u0131lamayaca\u011f\u0131n\u0131 belirlemek i\u00e7in birka\u00e7 test i\u00e7eriyordu. G\u00f6z doktorum, operasyon i\u00e7in onay verdi ve t\u00fcm sonu\u00e7lar\u0131 SwissLasik\u2019e g\u00f6nderdi. Ben de bu \u00f6n muayeneyi, emin olmak isteyen ki\u015filere tavsiye ederim.Ameliyat karar\u0131mdan sonra, \u00e7evremdekiler yava\u015f\u00e7a \u00f6\u011frendi. Baz\u0131lar\u0131 olduk\u00e7a \u015fa\u015f\u0131rm\u0131\u015f, korkmu\u015f ve hatta \u015fok olmu\u015ftu, operasyonun yap\u0131ld\u0131\u011f\u0131 yerle ilgili olumsuz \u00f6nyarg\u0131lar ve \u015f\u00fcpheler vard\u0131. Ancak, ben bunlardan hi\u00e7 etkilenmedim. Bu t\u00fcr tepkileri, insanlar\u0131n bilgi eksikli\u011fi ve medyada g\u00f6rd\u00fc\u011f\u00fcm\u00fcz k\u00f6t\u00fc \u00f6rneklerle a\u00e7\u0131kl\u0131yorum. \u0130lgili hikayeler genellikle ba\u015far\u0131s\u0131zl\u0131klar ve k\u00f6t\u00fc deneyimler \u00fczerine odaklan\u0131yor. Bunu, \u00f6nyarg\u0131larla dolu olan ve bunlardan kurtulmak isteyen herkes i\u00e7in a\u00e7\u0131k\u00e7a belirtmek istedim. Elbette, b\u00f6yle bir m\u00fcdahale s\u0131ras\u0131nda her zaman bir \u015feyler ters gidebilir, her ameliyat gibi, bir risk vard\u0131r ve bu ister \u0130svi\u00e7re\u2019de ister ba\u015fka bir yerde olsun de\u011fi\u015fmez. Ayr\u0131ca, her zaman kendi katk\u0131n\u0131z\u0131 da sa\u011flaman\u0131z gerekir, \u00f6rne\u011fin uzmanlar\u0131n talimatlar\u0131na uyarak optimal bir sonu\u00e7 elde etmek gibi.Ameliyat\u0131m i\u00e7in motivasyonum, erkek karde\u015fimin ba\u015far\u0131l\u0131 ge\u00e7i\u015fi ve ki\u015fisel olarak y\u0131llard\u0131r g\u00f6zl\u00fckten kurtulma iste\u011fimdi. Yeni bir ya\u015fam kalitesi d\u00fc\u015f\u00fcncesi benim i\u00e7in belirleyici oldu. Sonu\u00e7ta, fiyat da \u00e7ok cazipti. Bu i\u015flem, iki ki\u015fiyle yap\u0131lan seyahat dahil, \u0130svi\u00e7re\u2019deki toplam \u00fccretin yakla\u015f\u0131k \u00fc\u00e7te biri kadar bir maliyete mal oldu. Ancak, \u00f6ncelikle kalitenin do\u011fru olmas\u0131 gerekti\u011fini d\u00fc\u015f\u00fcnd\u00fcm.Bir\u00e7ok duygunun i\u00e7 i\u00e7e ge\u00e7ti\u011fi, mutluluk ve sinirlerin kar\u0131\u015ft\u0131\u011f\u0131 bir durumda, 24 Aral\u0131k 2012\u2019de erkek karde\u015fimle birlikte \u0130stanbul\u2019a u\u00e7tuk. \u0130stanbul Havaalan\u0131\u2019na vard\u0131\u011f\u0131m\u0131zda, bizi alacak \u015fof\u00f6r\u00fcm\u00fcz oradayd\u0131 ve bizi \u015fehre do\u011fru yola \u00e7\u0131kard\u0131k. Ertesi g\u00fcn, do\u011fru zaman\u0131nda, bizi al\u0131p modern Ac\u0131badem hastanesine g\u00f6t\u00fcrd\u00fcler. Giri\u015fte, bizi bir terc\u00fcman kar\u015f\u0131lad\u0131. B\u00fct\u00fcn sonraki ad\u0131mlar\u0131 ayr\u0131nt\u0131l\u0131 bir \u015fekilde a\u00e7\u0131klad\u0131. Ard\u0131ndan, daha \u00f6nce \u0130svi\u00e7re\u2019deki \u00f6n muayene gibi birka\u00e7 test yap\u0131ld\u0131. Sonras\u0131nda, Dr. Banu Cosar ile bir g\u00f6r\u00fc\u015fme oldu. Kendisine a\u00e7\u0131k kalan sorular\u0131 sordum. Ayr\u0131ca, bana duvarda b\u00fcy\u00fck harfleri g\u00f6zl\u00fcks\u00fcz okumam\u0131 s\u00f6yledi, tabii ki -5 diyoptri d\u00fczeyinde bir g\u00f6zl\u00fckle bunu yapmak \u00e7ok zordu. Ger\u00e7ekten sadece duvardaki \u0131\u015f\u0131\u011f\u0131 g\u00f6rebildim ve tek bir harf bile okuyamad\u0131m. \u00d6\u011flen vakti testler tamamland\u0131. Her \u015fey \u00e7ok h\u0131zl\u0131yd\u0131. Doktorlar\u0131n testlerdeki h\u0131z\u0131ndan ba\u015flang\u0131\u00e7ta olduk\u00e7a \u015fa\u015f\u0131rm\u0131\u015ft\u0131m. Ancak bir saniye bile testlerin yanl\u0131\u015f yap\u0131ld\u0131\u011f\u0131 hissine kap\u0131lmad\u0131m. Aksine, g\u00fcnl\u00fck olarak bir\u00e7ok operasyon yap\u0131ld\u0131\u011f\u0131 i\u00e7in deneyimleri \u00e7ok y\u00fcksek, personel \u00e7ok yetkin, dost\u00e7a ve yard\u0131mseverdi.Ameliyat i\u00e7in zaman\u0131m oldu\u011funda, yak\u0131ndaki al\u0131\u015fveri\u015f merkezine gidip al\u0131\u015fveri\u015f yapmaya ba\u015flad\u0131k. Terc\u00fcman sadece terc\u00fcme yapm\u0131yordu, ayn\u0131 zamanda hastalar\u0131n randevular\u0131n\u0131 koordine ediyordu. Ak\u015fam saatlerinde klinikte bulu\u015fmak \u00fczere yola \u00e7\u0131kt\u0131k. Ameliyat \u00f6ncesi, okuyup imzalad\u0131\u011f\u0131m bir s\u00f6zle\u015fme vard\u0131. Bu, biraz zorlay\u0131c\u0131yd\u0131 \u00e7\u00fcnk\u00fc ameliyat \u00f6ncesi adrenalinim y\u00fckselmi\u015fti. Ancak sonras\u0131nda, kendi iste\u011fimle bir sakinle\u015ftirici ila\u00e7 ald\u0131m. Ameliyat\u0131n hemen \u00f6ncesinde, 10 dakikal\u0131k i\u015flem i\u00e7in g\u00f6zlerime damla damlat\u0131ld\u0131 ve \u015f\u0131k bir ba\u015fl\u0131k, \u00f6rt\u00fc ve ayakkab\u0131 koruyucular\u0131 verildi. Benim s\u0131rad\u0131m geldi\u011finde, masaya uzand\u0131m ve terc\u00fcman da yan\u0131mdayd\u0131, bana doktorun s\u00f6ylediklerini terc\u00fcme etti. Benim tek g\u00f6revim rahatlamak ve k\u0131rm\u0131z\u0131 \u0131\u015f\u0131\u011fa bakmakt\u0131. Sonras\u0131nda, g\u00f6z \u00e7evresi dezenfekte edilip steril hale getirildi. G\u00f6z klipsi t\u00fcm g\u00f6z\u00fc sabitleyerek g\u00f6z k\u0131rpmay\u0131 engelledi. Ameliyat boyunca g\u00f6zlerim nemli tutuldu. Ard\u0131ndan ger\u00e7ek i\u015flem ba\u015flad\u0131. Ayn\u0131 i\u015flem ikinci g\u00f6zde de yap\u0131ld\u0131. Operasyon d\u00fc\u015f\u00fcnd\u00fc\u011f\u00fcmden \u00e7ok daha h\u0131zl\u0131 bitti. Sonras\u0131nda, terc\u00fcman\u0131m\u0131n yard\u0131m\u0131yla aya\u011fa kalkt\u0131m, siyah g\u00f6zl\u00fc\u011f\u00fcm\u00fc tak\u0131p karart\u0131lm\u0131\u015f bir odaya ge\u00e7tim.Ameliyat sonras\u0131 g\u00f6zlerimi a\u00e7makta zorland\u0131m \u00e7\u00fcnk\u00fc sakinle\u015ftirici ila\u00e7 biraz etkili olmu\u015ftu. Bir s\u00fcre sonra, doktorumun yapt\u0131\u011f\u0131 bir takip muayenesine girdim. Oda\u011f\u0131mda olan g\u00f6zl\u00fckleri \u00e7\u0131karmam\u0131 ve tekrar duvardaki harfleri okumam\u0131 istedi. \u0130\u015fte, &#8220;K&#8221; harfini g\u00f6rd\u00fcm! B\u00fcy\u00fck bir &#8220;K&#8221;! K\u00fc\u00e7\u00fck harfleri de herhangi bir zorluk \u00e7ekmeden okuyabildim. Ne kadar harika bir duygu, ger\u00e7ekten muazzam! Otob\u00fcsle otele d\u00f6nerken, t\u00fcm yolculuk boyunca uyudum. Otele vard\u0131\u011f\u0131mda, klinikte ald\u0131\u011f\u0131m tam talimatlarla verilen g\u00f6z damlalar\u0131n\u0131 kullanmaya ba\u015flad\u0131m. Ameliyat sonras\u0131 g\u00f6zlerim biraz kuru hissediliyordu ve hafif bir ka\u015f\u0131nt\u0131 vard\u0131. Verilen dinlenme s\u00fcresi (g\u00f6zlerimi d\u00f6rt saat boyunca kapal\u0131 tutmam) sonunda, biraz yemek yemeye \u00e7\u0131kt\u0131k. Biraz dengesizdim ve sa\u011fa sola bakarken a\u011fr\u0131 hissediyordum. Bu y\u00fczden yan\u0131mda bana yard\u0131mc\u0131 olan ki\u015fiye minnettard\u0131m. Ertesi g\u00fcn ve birka\u00e7 g\u00f6z damlas\u0131 daha sonra, ba\u015fka bir takip muayenesi yap\u0131ld\u0131. Doktorun raporu son derece olumlu oldu.Yola \u00e7\u0131kmadan \u00f6nce, g\u00f6zl\u00fcklerimi nereye koyaca\u011f\u0131m konusunda d\u00fc\u015f\u00fcnd\u00fcm. Ancak, art\u0131k bu g\u00f6zl\u00fc\u011fe ihtiyac\u0131m yoktu, onu bir kamyonun \u00fczerinden ge\u00e7irebilirdim. \u015eimdi, g\u00f6zl\u00fcks\u00fcz yeni bir hayata al\u0131\u015fmak gerekiyordu ve bu hi\u00e7 de kolay bir i\u015f de\u011fildi, \u00e7\u00fcnk\u00fc yakla\u015f\u0131k 2\/3 hayat\u0131m\u0131 g\u00f6zl\u00fckle ge\u00e7irmi\u015ftim. Bir\u00e7ok g\u00fcn sonras\u0131nda bile, g\u00f6zl\u00fc\u011f\u00fcm\u00fc d\u00fczeltti\u011fimi ya da \u00e7\u0131karma iste\u011fi duydu\u011fumu fark ediyorum. Bunlar, y\u0131llar i\u00e7inde al\u0131\u015fkanl\u0131k haline gelmi\u015f mekanizmalar. Burada bahsetti\u011fim \u015fey asl\u0131nda bir l\u00fcks sorunu ve l\u00fcks, yeni bir ya\u015fam hissi anlam\u0131nda.Fabienne P. \u00d6nceki rapor Bir sonraki rapor<\/p>\n","protected":false},"author":4,"featured_media":0,"parent":4471,"menu_order":0,"comment_status":"closed","ping_status":"closed","template":"","meta":{"_joinchat":[],"footnotes":""},"class_list":["post-4585","page","type-page","status-publish","hentry"],"acf":[],"_links":{"self":[{"href":"https:\/\/medicaltravel.ch\/tr\/wp-json\/wp\/v2\/pages\/4585","targetHints":{"allow":["GET"]}}],"collection":[{"href":"https:\/\/medicaltravel.ch\/tr\/wp-json\/wp\/v2\/pages"}],"about":[{"href":"https:\/\/medicaltravel.ch\/tr\/wp-json\/wp\/v2\/types\/page"}],"author":[{"embeddable":true,"href":"https:\/\/medicaltravel.ch\/tr\/wp-json\/wp\/v2\/users\/4"}],"replies":[{"embeddable":true,"href":"https:\/\/medicaltravel.ch\/tr\/wp-json\/wp\/v2\/comments?post=4585"}],"version-history":[{"count":2,"href":"https:\/\/medicaltravel.ch\/tr\/wp-json\/wp\/v2\/pages\/4585\/revisions"}],"predecessor-version":[{"id":6454,"href":"https:\/\/medicaltravel.ch\/tr\/wp-json\/wp\/v2\/pages\/4585\/revisions\/6454"}],"up":[{"embeddable":true,"href":"https:\/\/medicaltravel.ch\/tr\/wp-json\/wp\/v2\/pages\/4471"}],"wp:attachment":[{"href":"https:\/\/medicaltravel.ch\/tr\/wp-json\/wp\/v2\/media?parent=4585"}],"curies":[{"name":"wp","href":"https:\/\/api.w.org\/{rel}","templated":true}]}}