{"id":4601,"date":"2025-09-23T17:34:09","date_gmt":"2025-09-23T16:34:09","guid":{"rendered":"https:\/\/medicaltravel.ch\/hasta-raporlari\/erfahrungsberichte-empfehlungen-behandlungen-beurteilung-tuerkei-istanbul\/hasta-raporu-istanbulda-meme-bueyuetme-18-mayis-2016-carsamba-tarihli-rapor\/"},"modified":"2026-01-02T19:17:44","modified_gmt":"2026-01-02T18:17:44","slug":"hasta-raporu-istanbulda-meme-bueyuetme-18-mayis-2016-carsamba-tarihli-rapor","status":"publish","type":"page","link":"https:\/\/medicaltravel.ch\/tr\/hasta-raporlari\/referanslar-tavsiyeler-tedaviler-degerlendirmeler-turkiye-istanbul\/hasta-raporu-istanbulda-meme-bueyuetme-18-mayis-2016-carsamba-tarihli-rapor\/","title":{"rendered":"HASTA RAPORU &#8211; \u0130STANBUL&#8217;DA MEME B\u00dcY\u00dcTME &#8211; 18 May\u0131s 2016 \u00c7ar\u015famba Tarihli Rapor"},"content":{"rendered":"\n<p>HASTA RAPORU &#8211; \u0130STANBUL&#8217;DA MEME B\u00dcY\u00dcTME &#8211; 18 May\u0131s 2016 \u00c7ar\u015famba Tarihli Rapor<\/p>\n\n<p>Yani\u2026 Y\u0131llard\u0131r daha b\u00fcy\u00fck g\u00f6\u011f\u00fcslere sahip olmak istedi\u011fim i\u00e7in g\u00f6\u011f\u00fcs ameliyat\u0131 olmaya karar verdim. Kilo verdi\u011fim i\u00e7in g\u00f6\u011f\u00fcslerimde de k\u00fc\u00e7\u00fclme oldu ve kendimden memnun de\u011fildim. <\/p>\n\n<p>Meslekta\u015f\u0131m bana \u0130stanbul Ac\u0131badem Hastanesi&#8217;nde meme b\u00fcy\u00fctme ameliyat\u0131 ge\u00e7irdi\u011fini s\u00f6yledi. \u00c7ok merakland\u0131m ve ona her \u015feyi sordum. Web sitelerini inceledim ve biraz ara\u015ft\u0131rma yapt\u0131m. \u00d6zellikle d\u00fcnyan\u0131n d\u00f6rt bir yan\u0131nda ya\u015fanan bombalamalar nedeniyle yurt d\u0131\u015f\u0131nda ameliyat olmaktan \u00e7ok korkuyordum. Ancak, iste\u011fim \u00e7ok g\u00fc\u00e7l\u00fcyd\u00fc! Dan\u0131\u015fmana her g\u00fcn e-posta g\u00f6ndererek isteklerimi anlatt\u0131m. Her \u015feyi organize etti ve her zaman h\u0131zl\u0131 bir \u015fekilde cevap verdi.      <\/p>\n\n<p>T\u00fcrkiye&#8217;ye u\u00e7u\u015fumdan bir g\u00fcn \u00f6nce, bizzat doktor Ferit Demirkan ile randevum vard\u0131. G\u00f6\u011f\u00fcslerimi muayene etti ve neler yap\u0131labilece\u011fini anlatt\u0131. Her \u015fey benim i\u00e7in terc\u00fcme edildi.<\/p>\n\n<p>2 May\u0131s&#8217;ta nihayet en sevgili arkada\u015f\u0131mla &lt;0&gt; T\u00fcrkiye&#8217;ye u\u00e7tum. Vard\u0131\u011f\u0131m\u0131zda, havaalan\u0131nda bizi kar\u015f\u0131layacak bir yer vard\u0131. Do\u011frudan ilk gece i\u00e7in rezervasyon yapt\u0131rd\u0131\u011f\u0131m\u0131z otele (Orya Otel) g\u00f6t\u00fcr\u00fcld\u00fck. Otel hastaneye \u00e7ok yak\u0131nd\u0131. Vard\u0131\u011f\u0131m\u0131zda hastaneye girdik ve etraf\u0131 gezdik. \u00c7ok g\u00fczel, temiz, \u015f\u0131k ve modern bir yerdi. \u00c7ok etkilendim \ud83d\ude42<\/p>\n\n<p>Ertesi g\u00fcn, 3 May\u0131s, ameliyat\u0131m vard\u0131\u2026 Sabah hastaneye gittik. Terc\u00fcman\u0131m bizi ald\u0131 ve her \u015feyi a\u00e7\u0131klad\u0131 ve terc\u00fcme etti. Saat 10:00 civar\u0131nda haz\u0131rl\u0131klar\u0131m\u0131 tamamlad\u0131m, k\u0131yafetlerimi ald\u0131m ve doktorla tekrar g\u00f6r\u00fc\u015ft\u00fcm. Bana implantlar\u0131 g\u00f6sterdi ve her \u015feyi daha detayl\u0131 olarak konu\u015ftuk. Saat 13:00&#8217;te, zaman gelmi\u015fti. \u00c7ok gergindim, erkek arkada\u015f\u0131m da \u00f6yle. O, zaman\u0131 gelene kadar beni sakinle\u015ftirdi ve dikkatimi da\u011f\u0131tt\u0131.<\/p>\n\n<p>Doktorlar beni almaya geldiler. Asans\u00f6rle ta a\u015fa\u011f\u0131 indik, korku filmi gibi hissettim, haha, \u00e7\u00fcnk\u00fc sevdi\u011fim ki\u015fi olmadan yaln\u0131z kald\u0131\u011f\u0131m i\u00e7in \u00e7ok korkmu\u015ftum. Ameliyat odas\u0131na vard\u0131\u011f\u0131m\u0131zda iki i\u011fne yap\u0131ld\u0131 ve sonra bay\u0131ld\u0131m. Ak\u015fam 6&#8217;da uyand\u0131m ve nas\u0131l uykuya dald\u0131\u011f\u0131m\u0131 bile hat\u0131rlayamad\u0131m. \u0130lk sordu\u011fum \u015fey, &#8220;Her \u015fey yolunda gitti mi?&#8221; oldu. Doktorlar evet dediler ve \u00e7ok rahatlad\u0131m!<\/p>\n\n<p>Sonra beni odaya g\u00f6t\u00fcrd\u00fcler ve erkek arkada\u015f\u0131m beni b\u00fcy\u00fck bir heyecanla bekliyordu. O da \u00e7ok gergindi. \u0130lk ba\u015fta \u00e7ok ac\u0131 \u00e7ekmiyordum, ama sonra dayan\u0131lmaz bir hal ald\u0131. Ac\u0131dan dolay\u0131 b\u00fct\u00fcn gece uyuyamad\u0131m veya hareket edemedim. Erkek arkada\u015f\u0131m benim i\u00e7in her \u015feyi yapmak zorunda kald\u0131. Kendimi bir krali\u00e7e gibi hissettim :-). Kral\u0131ma te\u015fekk\u00fcrler!     <\/p>\n\n<p>Elbette, metninizi T\u00fcrk\u00e7eye \u00e7evirebilirim. Sa\u011fl\u0131k turizmiyle ilgili \u0130svi\u00e7re Almancas\u0131&#8217;ndaki c\u00fcmleleri, kelimeleri ve paragraflar\u0131, \u0130svi\u00e7re&#8217;de ya\u015fayan bir T\u00fcrkiyeli i\u00e7in anla\u015f\u0131l\u0131r olacak \u015fekilde \u00e7evirebilirim. Ancak, \u00e7evirmemi istedi\u011finiz metni belirtirseniz daha iyi yard\u0131mc\u0131 olabilirim.   <\/p>\n\n<p>Ertesi g\u00fcn, 4 May\u0131s&#8217;ta \u015fehir merkezindeki bir otele gittik. \u0130stanbul&#8217;dan biraz kafa da\u011f\u0131tmak istedim&#8230; \u0130lk 3 g\u00fcn o kadar fazla a\u011fr\u0131m vard\u0131 ki, a\u011flamam gerekti. Art\u0131k dayanam\u0131yordum..:( Neyse ki hastaneden bana 3 farkl\u0131 a\u011fr\u0131 kesici daha verildi, onlar\u0131 kullanmaya ba\u015flad\u0131m.<\/p>\n\n<p>Ameliyat\u0131n 3. g\u00fcn\u00fc sonunda, kan\u0131n daha az gelmesi nedeniyle drenajlar\u0131m\u0131 nihayet \u00e7\u0131karabildim, bu da iyi bir i\u015faretti. Bizi al\u0131p hastaneye g\u00f6t\u00fcrd\u00fcler. Dr. Demirkan drenajlar\u0131 \u00e7\u0131kard\u0131, bu i\u015flem de \u00e7ok ac\u0131 verdi ama sonunda kollar\u0131m\u0131 hareket ettirebiliyordum, juhuuu sonunda!! G\u00f6\u011f\u00fcslerimi g\u00f6rd\u00fcm ve \u00e7ok etkilendim!!! M\u00fckemmel boyut ve g\u00fczel bir damla formu, tam olarak istedi\u011fim gibi ve v\u00fccuduma \u00e7ok yak\u0131\u015fm\u0131\u015ft\u0131!    <img decoding=\"async\" alt=\"&#x1F642;\" src=\"https:\/\/s.w.org\/images\/core\/emoji\/15.0.3\/svg\/1f642.svg\"\/> \u0130stanbul&#8217;daki son birka\u00e7 g\u00fcn\u00fc keyifle ge\u00e7irdik ve toplamda bir hafta sonra \u0130svi\u00e7re&#8217;ye geri d\u00f6nd\u00fck. O zaman da otelden al\u0131n\u0131p havaalan\u0131na g\u00f6t\u00fcr\u00fcld\u00fck. <\/p>\n\n<p>Her \u015feyden \u00e7ok memnunum (sonu\u00e7, doktor ve organizasyon). Kesinlikle tavsiye ediyorum!<\/p>\n\n<p>Te\u015fekk\u00fcr ederim !!! <img decoding=\"async\" alt=\"&#x1F642;\" src=\"https:\/\/s.w.org\/images\/core\/emoji\/15.0.3\/svg\/1f642.svg\"\/><\/p>\n\n<p>Sarah L.<\/p>\n","protected":false},"excerpt":{"rendered":"<p>HASTA RAPORU &#8211; \u0130STANBUL&#8217;DA MEME B\u00dcY\u00dcTME &#8211; 18 May\u0131s 2016 \u00c7ar\u015famba Tarihli Rapor Yani\u2026 Y\u0131llard\u0131r daha b\u00fcy\u00fck g\u00f6\u011f\u00fcslere sahip olmak istedi\u011fim i\u00e7in g\u00f6\u011f\u00fcs ameliyat\u0131 olmaya karar verdim. Kilo verdi\u011fim i\u00e7in g\u00f6\u011f\u00fcslerimde de k\u00fc\u00e7\u00fclme oldu ve kendimden memnun de\u011fildim. Meslekta\u015f\u0131m bana \u0130stanbul Ac\u0131badem Hastanesi&#8217;nde meme b\u00fcy\u00fctme ameliyat\u0131 ge\u00e7irdi\u011fini s\u00f6yledi. \u00c7ok merakland\u0131m ve ona her \u015feyi sordum. Web sitelerini inceledim ve biraz ara\u015ft\u0131rma yapt\u0131m. \u00d6zellikle d\u00fcnyan\u0131n d\u00f6rt bir yan\u0131nda ya\u015fanan bombalamalar nedeniyle yurt d\u0131\u015f\u0131nda ameliyat olmaktan \u00e7ok korkuyordum. Ancak, iste\u011fim \u00e7ok g\u00fc\u00e7l\u00fcyd\u00fc! Dan\u0131\u015fmana her g\u00fcn e-posta g\u00f6ndererek isteklerimi anlatt\u0131m. Her \u015feyi organize etti ve her zaman h\u0131zl\u0131 bir \u015fekilde cevap verdi. T\u00fcrkiye&#8217;ye u\u00e7u\u015fumdan bir g\u00fcn \u00f6nce, bizzat doktor Ferit Demirkan ile randevum vard\u0131. G\u00f6\u011f\u00fcslerimi muayene etti ve neler yap\u0131labilece\u011fini anlatt\u0131. Her \u015fey benim i\u00e7in terc\u00fcme edildi. 2 May\u0131s&#8217;ta nihayet en sevgili arkada\u015f\u0131mla &lt;0&gt; T\u00fcrkiye&#8217;ye u\u00e7tum. Vard\u0131\u011f\u0131m\u0131zda, havaalan\u0131nda bizi kar\u015f\u0131layacak bir yer vard\u0131. Do\u011frudan ilk gece i\u00e7in rezervasyon yapt\u0131rd\u0131\u011f\u0131m\u0131z otele (Orya Otel) g\u00f6t\u00fcr\u00fcld\u00fck. Otel hastaneye \u00e7ok yak\u0131nd\u0131. Vard\u0131\u011f\u0131m\u0131zda hastaneye girdik ve etraf\u0131 gezdik. \u00c7ok g\u00fczel, temiz, \u015f\u0131k ve modern bir yerdi. \u00c7ok etkilendim \ud83d\ude42 Ertesi g\u00fcn, 3 May\u0131s, ameliyat\u0131m vard\u0131\u2026 Sabah hastaneye gittik. Terc\u00fcman\u0131m bizi ald\u0131 ve her \u015feyi a\u00e7\u0131klad\u0131 ve terc\u00fcme etti. Saat 10:00 civar\u0131nda haz\u0131rl\u0131klar\u0131m\u0131 tamamlad\u0131m, k\u0131yafetlerimi ald\u0131m ve doktorla tekrar g\u00f6r\u00fc\u015ft\u00fcm. Bana implantlar\u0131 g\u00f6sterdi ve her \u015feyi daha detayl\u0131 olarak konu\u015ftuk. Saat 13:00&#8217;te, zaman gelmi\u015fti. \u00c7ok gergindim, erkek arkada\u015f\u0131m da \u00f6yle. O, zaman\u0131 gelene kadar beni sakinle\u015ftirdi ve dikkatimi da\u011f\u0131tt\u0131. Doktorlar beni almaya geldiler. Asans\u00f6rle ta a\u015fa\u011f\u0131 indik, korku filmi gibi hissettim, haha, \u00e7\u00fcnk\u00fc sevdi\u011fim ki\u015fi olmadan yaln\u0131z kald\u0131\u011f\u0131m i\u00e7in \u00e7ok korkmu\u015ftum. Ameliyat odas\u0131na vard\u0131\u011f\u0131m\u0131zda iki i\u011fne yap\u0131ld\u0131 ve sonra bay\u0131ld\u0131m. Ak\u015fam 6&#8217;da uyand\u0131m ve nas\u0131l uykuya dald\u0131\u011f\u0131m\u0131 bile hat\u0131rlayamad\u0131m. \u0130lk sordu\u011fum \u015fey, &#8220;Her \u015fey yolunda gitti mi?&#8221; oldu. Doktorlar evet dediler ve \u00e7ok rahatlad\u0131m! Sonra beni odaya g\u00f6t\u00fcrd\u00fcler ve erkek arkada\u015f\u0131m beni b\u00fcy\u00fck bir heyecanla bekliyordu. O da \u00e7ok gergindi. \u0130lk ba\u015fta \u00e7ok ac\u0131 \u00e7ekmiyordum, ama sonra dayan\u0131lmaz bir hal ald\u0131. Ac\u0131dan dolay\u0131 b\u00fct\u00fcn gece uyuyamad\u0131m veya hareket edemedim. Erkek arkada\u015f\u0131m benim i\u00e7in her \u015feyi yapmak zorunda kald\u0131. Kendimi bir krali\u00e7e gibi hissettim :-). Kral\u0131ma te\u015fekk\u00fcrler! Elbette, metninizi T\u00fcrk\u00e7eye \u00e7evirebilirim. Sa\u011fl\u0131k turizmiyle ilgili \u0130svi\u00e7re Almancas\u0131&#8217;ndaki c\u00fcmleleri, kelimeleri ve paragraflar\u0131, \u0130svi\u00e7re&#8217;de ya\u015fayan bir T\u00fcrkiyeli i\u00e7in anla\u015f\u0131l\u0131r olacak \u015fekilde \u00e7evirebilirim. Ancak, \u00e7evirmemi istedi\u011finiz metni belirtirseniz daha iyi yard\u0131mc\u0131 olabilirim. Ertesi g\u00fcn, 4 May\u0131s&#8217;ta \u015fehir merkezindeki bir otele gittik. \u0130stanbul&#8217;dan biraz kafa da\u011f\u0131tmak istedim&#8230; \u0130lk 3 g\u00fcn o kadar fazla a\u011fr\u0131m vard\u0131 ki, a\u011flamam gerekti. Art\u0131k dayanam\u0131yordum..:( Neyse ki hastaneden bana 3 farkl\u0131 a\u011fr\u0131 kesici daha verildi, onlar\u0131 kullanmaya ba\u015flad\u0131m. Ameliyat\u0131n 3. g\u00fcn\u00fc sonunda, kan\u0131n daha az gelmesi nedeniyle drenajlar\u0131m\u0131 nihayet \u00e7\u0131karabildim, bu da iyi bir i\u015faretti. Bizi al\u0131p hastaneye g\u00f6t\u00fcrd\u00fcler. Dr. Demirkan drenajlar\u0131 \u00e7\u0131kard\u0131, bu i\u015flem de \u00e7ok ac\u0131 verdi ama sonunda kollar\u0131m\u0131 hareket ettirebiliyordum, juhuuu sonunda!! G\u00f6\u011f\u00fcslerimi g\u00f6rd\u00fcm ve \u00e7ok etkilendim!!! M\u00fckemmel boyut ve g\u00fczel bir damla formu, tam olarak istedi\u011fim gibi ve v\u00fccuduma \u00e7ok yak\u0131\u015fm\u0131\u015ft\u0131! \u0130stanbul&#8217;daki son birka\u00e7 g\u00fcn\u00fc keyifle ge\u00e7irdik ve toplamda bir hafta sonra \u0130svi\u00e7re&#8217;ye geri d\u00f6nd\u00fck. O zaman da otelden al\u0131n\u0131p havaalan\u0131na g\u00f6t\u00fcr\u00fcld\u00fck. Her \u015feyden \u00e7ok memnunum (sonu\u00e7, doktor ve organizasyon). Kesinlikle tavsiye ediyorum! Te\u015fekk\u00fcr ederim !!! Sarah L.<\/p>\n","protected":false},"author":4,"featured_media":0,"parent":4587,"menu_order":0,"comment_status":"closed","ping_status":"closed","template":"","meta":{"_joinchat":[],"footnotes":""},"class_list":["post-4601","page","type-page","status-publish","hentry"],"acf":[],"_links":{"self":[{"href":"https:\/\/medicaltravel.ch\/tr\/wp-json\/wp\/v2\/pages\/4601","targetHints":{"allow":["GET"]}}],"collection":[{"href":"https:\/\/medicaltravel.ch\/tr\/wp-json\/wp\/v2\/pages"}],"about":[{"href":"https:\/\/medicaltravel.ch\/tr\/wp-json\/wp\/v2\/types\/page"}],"author":[{"embeddable":true,"href":"https:\/\/medicaltravel.ch\/tr\/wp-json\/wp\/v2\/users\/4"}],"replies":[{"embeddable":true,"href":"https:\/\/medicaltravel.ch\/tr\/wp-json\/wp\/v2\/comments?post=4601"}],"version-history":[{"count":0,"href":"https:\/\/medicaltravel.ch\/tr\/wp-json\/wp\/v2\/pages\/4601\/revisions"}],"up":[{"embeddable":true,"href":"https:\/\/medicaltravel.ch\/tr\/wp-json\/wp\/v2\/pages\/4587"}],"wp:attachment":[{"href":"https:\/\/medicaltravel.ch\/tr\/wp-json\/wp\/v2\/media?parent=4601"}],"curies":[{"name":"wp","href":"https:\/\/api.w.org\/{rel}","templated":true}]}}