{"id":4603,"date":"2025-09-23T17:30:42","date_gmt":"2025-09-23T16:30:42","guid":{"rendered":"https:\/\/medicaltravel.ch\/hasta-raporlari\/erfahrungsberichte-empfehlungen-behandlungen-beurteilung-tuerkei-istanbul\/antalyada-goez-kapagi-kaldirma-deneyim-raporu-31-ekim-2016-pazartesi-tarihli-rapor\/"},"modified":"2026-01-12T19:14:26","modified_gmt":"2026-01-12T18:14:26","slug":"antalyada-goez-kapagi-kaldirma-deneyim-raporu-31-ekim-2016-pazartesi-tarihli-rapor","status":"publish","type":"page","link":"https:\/\/medicaltravel.ch\/tr\/hasta-raporlari\/referanslar-tavsiyeler-tedaviler-degerlendirmeler-turkiye-istanbul\/antalyada-goez-kapagi-kaldirma-deneyim-raporu-31-ekim-2016-pazartesi-tarihli-rapor\/","title":{"rendered":"Antalya&#8217;da G\u00f6z Kapa\u011f\u0131 Kald\u0131rma &#8211; Deneyim Raporu &#8211; 31 Ekim 2016 Pazartesi tarihli rapor"},"content":{"rendered":"\n<p>Antalya&#8217;da G\u00f6z Kapa\u011f\u0131 Kald\u0131rma &#8211; Deneyim Raporu &#8211; 31 Ekim 2016 Pazartesi tarihli rapor<\/p>\n\n\n\n<p>E\u015fimle birlikte Ekim 2016&#8217;da Antalya&#8217;da g\u00f6z kapaklar\u0131m\u0131z\u0131 ve g\u00f6z alt\u0131 torbalar\u0131m\u0131z\u0131 germe i\u015flemi yapt\u0131rd\u0131k ve sonu\u00e7 m\u00fckemmel oldu.<\/p>\n\n\n\n<p>E\u015fim, 6 y\u0131l \u00f6nce Antalya&#8217;da g\u00f6zlerini lazerle yapt\u0131rm\u0131\u015ft\u0131 ve sonu\u00e7 ger\u00e7ekten harika olmu\u015ftu.<\/p>\n\n\n\n<p>De\u011fi\u015fiklik yapmak isteyen herkese MedicalTravel ile ileti\u015fime ge\u00e7melerini kesinlikle tavsiye ederim. \u0130nsanlar \u00e7ok dost\u00e7a ve yard\u0131mc\u0131. Al\u0131m hizmeti veya bak\u0131m konusunda her \u015fey m\u00fckemmel bir \u015fekilde i\u015fledi.  <\/p>\n\n\n\n<p>Dedi\u011fim gibi, kesinlikle herkese tavsiye ederim.<\/p>\n\n\n\n<p>Kimsenin bir \u015feyin ters gitmesinden korkmas\u0131na gerek yok.<\/p>\n\n\n\n<p>Gerhard Wolthoff, Almanya, 30.10.2016<\/p>\n\n\n\n<div class=\"wp-block-group is-layout-grid wp-container-core-group-is-layout-baef362d wp-block-group-is-layout-grid\">\n<p><a href=\"https:\/\/medicaltravel.at\/home\/agb\/\" data-type=\"page\" data-id=\"2191\" rel=\"nofollow noopener\" target=\"_blank\"><\/a><a href=\"https:\/\/medicaltravel.ch\/tr\/hasta-raporlari\/referanslar-tavsiyeler-tedaviler-degerlendirmeler-turkiye-istanbul\/istanbulda-burun-tedavim-deneyim-raporu-burun-ameliyati-tuerkiye-3-kasim-2016-persembe-tarihli-rapor\/\" data-type=\"link\" data-id=\"https:\/\/medicaltravel.ch\/tr\/hasta-raporlari\/referanslar-tavsiyeler-tedaviler-degerlendirmeler-turkiye-istanbul\/istanbulda-burun-tedavim-deneyim-raporu-burun-ameliyati-tuerkiye-3-kasim-2016-persembe-tarihli-rapor\/\">\u00d6nceki rapor<\/a><\/p>\n\n\n\n<p class=\"has-text-align-right wp-container-content-5e2576f9\"><a href=\"https:\/\/medicaltravel.at\/home\/impressum\/\" data-type=\"page\" data-id=\"2193\" rel=\"nofollow noopener\" target=\"_blank\"><\/a><a href=\"https:\/\/medicaltravel.at\/home\/berichte-von-patienten\/erfahrungsberichte\/erfahrungsbericht-zahnbehandlung-in-istanbul\/\" data-type=\"page\" data-id=\"981\" rel=\"nofollow noopener\" target=\"_blank\"><\/a><a href=\"https:\/\/medicaltravel.ch\/tr\/hasta-raporlari\/referanslar-tavsiyeler-tedaviler-degerlendirmeler-turkiye-istanbul\/istanbulda-bir-kadin-olarak-sac-ekimim-3-eyluel-2016-cumartesi-raporu\/\" data-type=\"link\" data-id=\"https:\/\/medicaltravel.ch\/tr\/hasta-raporlari\/referanslar-tavsiyeler-tedaviler-degerlendirmeler-turkiye-istanbul\/istanbulda-bir-kadin-olarak-sac-ekimim-3-eyluel-2016-cumartesi-raporu\/\">Bir sonraki rapor<\/a><\/p>\n<\/div>\n","protected":false},"excerpt":{"rendered":"<p>Antalya&#8217;da G\u00f6z Kapa\u011f\u0131 Kald\u0131rma &#8211; Deneyim Raporu &#8211; 31 Ekim 2016 Pazartesi tarihli rapor E\u015fimle birlikte Ekim 2016&#8217;da Antalya&#8217;da g\u00f6z kapaklar\u0131m\u0131z\u0131 ve g\u00f6z alt\u0131 torbalar\u0131m\u0131z\u0131 germe i\u015flemi yapt\u0131rd\u0131k ve sonu\u00e7 m\u00fckemmel oldu. E\u015fim, 6 y\u0131l \u00f6nce Antalya&#8217;da g\u00f6zlerini lazerle yapt\u0131rm\u0131\u015ft\u0131 ve sonu\u00e7 ger\u00e7ekten harika olmu\u015ftu. De\u011fi\u015fiklik yapmak isteyen herkese MedicalTravel ile ileti\u015fime ge\u00e7melerini kesinlikle tavsiye ederim. \u0130nsanlar \u00e7ok dost\u00e7a ve yard\u0131mc\u0131. Al\u0131m hizmeti veya bak\u0131m konusunda her \u015fey m\u00fckemmel bir \u015fekilde i\u015fledi. Dedi\u011fim gibi, kesinlikle herkese tavsiye ederim. Kimsenin bir \u015feyin ters gitmesinden korkmas\u0131na gerek yok. Gerhard Wolthoff, Almanya, 30.10.2016 \u00d6nceki rapor Bir sonraki rapor<\/p>\n","protected":false},"author":4,"featured_media":0,"parent":4587,"menu_order":0,"comment_status":"closed","ping_status":"closed","template":"","meta":{"_joinchat":[],"footnotes":""},"class_list":["post-4603","page","type-page","status-publish","hentry"],"acf":[],"_links":{"self":[{"href":"https:\/\/medicaltravel.ch\/tr\/wp-json\/wp\/v2\/pages\/4603","targetHints":{"allow":["GET"]}}],"collection":[{"href":"https:\/\/medicaltravel.ch\/tr\/wp-json\/wp\/v2\/pages"}],"about":[{"href":"https:\/\/medicaltravel.ch\/tr\/wp-json\/wp\/v2\/types\/page"}],"author":[{"embeddable":true,"href":"https:\/\/medicaltravel.ch\/tr\/wp-json\/wp\/v2\/users\/4"}],"replies":[{"embeddable":true,"href":"https:\/\/medicaltravel.ch\/tr\/wp-json\/wp\/v2\/comments?post=4603"}],"version-history":[{"count":0,"href":"https:\/\/medicaltravel.ch\/tr\/wp-json\/wp\/v2\/pages\/4603\/revisions"}],"up":[{"embeddable":true,"href":"https:\/\/medicaltravel.ch\/tr\/wp-json\/wp\/v2\/pages\/4587"}],"wp:attachment":[{"href":"https:\/\/medicaltravel.ch\/tr\/wp-json\/wp\/v2\/media?parent=4603"}],"curies":[{"name":"wp","href":"https:\/\/api.w.org\/{rel}","templated":true}]}}