{"id":4605,"date":"2025-09-23T15:09:01","date_gmt":"2025-09-23T14:09:01","guid":{"rendered":"https:\/\/medicaltravel.ch\/hasta-raporlari\/erfahrungsberichte-empfehlungen-behandlungen-beurteilung-tuerkei-istanbul\/istanbulun-en-iyi-dis-klinigi-en-yueksek-puan\/"},"modified":"2026-01-12T16:55:23","modified_gmt":"2026-01-12T15:55:23","slug":"istanbulun-en-iyi-dis-klinigi-en-yueksek-puan","status":"publish","type":"page","link":"https:\/\/medicaltravel.ch\/tr\/hasta-raporlari\/referanslar-tavsiyeler-tedaviler-degerlendirmeler-turkiye-istanbul\/istanbulun-en-iyi-dis-klinigi-en-yueksek-puan\/","title":{"rendered":"\u0130stanbul&#8217;un en iyi di\u015f klini\u011fi, en y\u00fcksek puan"},"content":{"rendered":"\n<p><strong>\u0130STANBUL&#8217;UN EN \u0130Y\u0130 D\u0130\u015e KL\u0130N\u0130\u011e\u0130, EN Y\u00dcKSEK PUANLI<\/strong><\/p>\n\n\n\n<p><strong>\u0130stanbul&#8217;da 6 Nisan 2025 ile 12 Nisan 2025 tarihleri \u200b\u200baras\u0131nda ger\u00e7ekle\u015ftirilen tedaviye ili\u015fkin deneyim raporu.<\/strong><\/p>\n\n\n\n<p>Maliyet nedeniyle \u0130svi\u00e7re&#8217;de tedavi benim i\u00e7in s\u00f6z konusu olmad\u0131\u011f\u0131ndan, yurt d\u0131\u015f\u0131ndaki teklifleri ara\u015ft\u0131rd\u0131m. Ana kriterim, ileti\u015fim kurabilece\u011fim bir <a href=\"https:\/\/medicaltravel.ch\/tr\/disci-gezileri\/dis-klinikleri\/istanbuldaki-swiss-dis-klinigi\/\" data-type=\"page\" data-id=\"46\"><strong>di\u015f hekiminin<\/strong><\/a> \u0130svi\u00e7re&#8217;de olmas\u0131yd\u0131. <\/p>\n\n\n\n<p>Bu nedenle internet \u00fczerinden MedicalTravel ile kar\u015f\u0131la\u015ft\u0131m. Uzun bir ara\u015ft\u0131rma s\u00fcrecinin ard\u0131ndan, iyi yorumlar ve ba\u015fvuruma h\u0131zl\u0131 geri d\u00f6n\u00fc\u015fleri nedeniyle MedicalTravel&#8217;\u0131 tercih ettim. <\/p>\n\n\n\n<p>Dan\u0131\u015fmanl\u0131k ve organizasyon ger\u00e7ekten m\u00fckemmeldi. Her a\u015famada, yer alan her kurumdan profesyonel bir \u015fekilde bilgilendirildim ve herkes \u00e7ok yard\u0131mc\u0131 oldu. Yan\u0131mda bir refakat\u00e7i de vard\u0131 ve onun i\u00e7in de her \u015fey ayn\u0131 \u015fekilde organize edildi, her \u015fey kusursuz bir \u015fekilde ger\u00e7ekle\u015fti. <\/p>\n\n\n\n<p>\u0130stanbul&#8217;a u\u00e7madan bir g\u00fcn \u00f6nce, sorumlu \u015fof\u00f6r\u00fcm WhatsApp \u00fczerinden benimle ileti\u015fime ge\u00e7ti ve kendini tan\u0131tt\u0131, bu da bana \u00e7ok g\u00fcven verdi. Otelden klini\u011fe ve geri d\u00f6n\u00fc\u015f hizmeti m\u00fckemmel bir \u015fekilde organize edilmi\u015fti ve her g\u00fcn, ertesi g\u00fcn ne zaman al\u0131nd\u0131\u011f\u0131m hakk\u0131nda bilgilendirildim. <\/p>\n\n\n\n<p>Klinik personeli \u00e7ok dost\u00e7a ve hastaya olduk\u00e7a ilgi g\u00f6steriyor. Sorular\u0131n\u0131z oldu\u011funda, bunlar ayr\u0131nt\u0131l\u0131 ve nazik bir \u015fekilde yan\u0131tlan\u0131yor. <\/p>\n\n\n\n<p>Di\u015f hekimi \u0130svi\u00e7re Almancas\u0131 konu\u015fuyor, bu da her \u015feyi \u00e7ok daha kolay hale getirdi. Her \u015fey \u00e7ok iyi bir \u015fekilde a\u00e7\u0131klan\u0131p belgelendi (her iki taraf i\u00e7in de), bu durum Z\u00fcrich&#8217;deki \u00f6n muayene s\u0131ras\u0131nda da ge\u00e7erliydi. <\/p>\n\n\n\n<p>Z\u00fcrih&#8217;teki di\u015f hekimi ekibi de son derece dost\u00e7a ve yetkin. Art\u0131k 41 y\u0131l sonra di\u015f hekimi de\u011fi\u015ftirmeye karar verdim ve sadece Z\u00fcrih&#8217;e gidece\u011fim, \u00e7\u00fcnk\u00fc klinik ve doktorlar beni tamamen ikna etti ve \u00e7ok memnun kald\u0131m.<\/p>\n\n\n\n<p><strong>Ger\u00e7ekten her \u015feyi tavsiye edebilirim, her \u015fey m\u00fckemmeldi!<\/strong><\/p>\n\n\n\n<p><strong>Sonu\u00e7tan \u00e7ok memnunum. Bu, bana g\u00fcvenimi ve g\u00fcl\u00fc\u015f\u00fcm\u00fc geri kazand\u0131rd\u0131. <\/strong><\/p>\n\n\n\n<p><strong>\u0130stanbul&#8217;a di\u015f tedavisi i\u00e7in seyahati kesinlikle tavsiye ediyorum.<\/strong><\/p>\n\n\n\n<p>Ramona Rosa Sp\u00f6rri<\/p>\n\n\n\n<div class=\"wp-block-group is-layout-grid wp-container-core-group-is-layout-baef362d wp-block-group-is-layout-grid\">\n<p><a href=\"https:\/\/medicaltravel.at\/home\/agb\/\" data-type=\"page\" data-id=\"2191\" rel=\"nofollow noopener\" target=\"_blank\"><\/a><a href=\"https:\/\/medicaltravel.ch\/tr\/hasta-raporlari\/referanslar-tavsiyeler-tedaviler-degerlendirmeler-turkiye-istanbul\/antalyada-aldigim-ortodontik-tedavi-hakkindaki-degerlendirmem\/\" data-type=\"link\" data-id=\"https:\/\/medicaltravel.ch\/tr\/hasta-raporlari\/referanslar-tavsiyeler-tedaviler-degerlendirmeler-turkiye-istanbul\/antalyada-aldigim-ortodontik-tedavi-hakkindaki-degerlendirmem\/\">\u00d6nceki rapor<\/a><\/p>\n\n\n\n<p class=\"has-text-align-right wp-container-content-5e2576f9\"><a href=\"https:\/\/medicaltravel.at\/home\/impressum\/\" data-type=\"page\" data-id=\"2193\" rel=\"nofollow noopener\" target=\"_blank\"><\/a><a href=\"https:\/\/medicaltravel.at\/home\/berichte-von-patienten\/erfahrungsberichte\/erfahrungsbericht-zahnbehandlung-in-istanbul\/\" data-type=\"page\" data-id=\"981\" rel=\"nofollow noopener\" target=\"_blank\"><\/a><a href=\"https:\/\/medicaltravel.ch\/tr\/hasta-raporlari\/referanslar-tavsiyeler-tedaviler-degerlendirmeler-turkiye-istanbul\/hasta-yorumu-istanbulda-porselen-kaplamalarla-ortodontik-tedavi\/\" data-type=\"link\" data-id=\"https:\/\/medicaltravel.ch\/tr\/hasta-raporlari\/referanslar-tavsiyeler-tedaviler-degerlendirmeler-turkiye-istanbul\/hasta-yorumu-istanbulda-porselen-kaplamalarla-ortodontik-tedavi\/\">Bir sonraki rapor<\/a><\/p>\n<\/div>\n","protected":false},"excerpt":{"rendered":"<p>\u0130STANBUL&#8217;UN EN \u0130Y\u0130 D\u0130\u015e KL\u0130N\u0130\u011e\u0130, EN Y\u00dcKSEK PUANLI \u0130stanbul&#8217;da 6 Nisan 2025 ile 12 Nisan 2025 tarihleri \u200b\u200baras\u0131nda ger\u00e7ekle\u015ftirilen tedaviye ili\u015fkin deneyim raporu. Maliyet nedeniyle \u0130svi\u00e7re&#8217;de tedavi benim i\u00e7in s\u00f6z konusu olmad\u0131\u011f\u0131ndan, yurt d\u0131\u015f\u0131ndaki teklifleri ara\u015ft\u0131rd\u0131m. Ana kriterim, ileti\u015fim kurabilece\u011fim bir di\u015f hekiminin \u0130svi\u00e7re&#8217;de olmas\u0131yd\u0131. Bu nedenle internet \u00fczerinden MedicalTravel ile kar\u015f\u0131la\u015ft\u0131m. Uzun bir ara\u015ft\u0131rma s\u00fcrecinin ard\u0131ndan, iyi yorumlar ve ba\u015fvuruma h\u0131zl\u0131 geri d\u00f6n\u00fc\u015fleri nedeniyle MedicalTravel&#8217;\u0131 tercih ettim. Dan\u0131\u015fmanl\u0131k ve organizasyon ger\u00e7ekten m\u00fckemmeldi. Her a\u015famada, yer alan her kurumdan profesyonel bir \u015fekilde bilgilendirildim ve herkes \u00e7ok yard\u0131mc\u0131 oldu. Yan\u0131mda bir refakat\u00e7i de vard\u0131 ve onun i\u00e7in de her \u015fey ayn\u0131 \u015fekilde organize edildi, her \u015fey kusursuz bir \u015fekilde ger\u00e7ekle\u015fti. \u0130stanbul&#8217;a u\u00e7madan bir g\u00fcn \u00f6nce, sorumlu \u015fof\u00f6r\u00fcm WhatsApp \u00fczerinden benimle ileti\u015fime ge\u00e7ti ve kendini tan\u0131tt\u0131, bu da bana \u00e7ok g\u00fcven verdi. Otelden klini\u011fe ve geri d\u00f6n\u00fc\u015f hizmeti m\u00fckemmel bir \u015fekilde organize edilmi\u015fti ve her g\u00fcn, ertesi g\u00fcn ne zaman al\u0131nd\u0131\u011f\u0131m hakk\u0131nda bilgilendirildim. Klinik personeli \u00e7ok dost\u00e7a ve hastaya olduk\u00e7a ilgi g\u00f6steriyor. Sorular\u0131n\u0131z oldu\u011funda, bunlar ayr\u0131nt\u0131l\u0131 ve nazik bir \u015fekilde yan\u0131tlan\u0131yor. Di\u015f hekimi \u0130svi\u00e7re Almancas\u0131 konu\u015fuyor, bu da her \u015feyi \u00e7ok daha kolay hale getirdi. Her \u015fey \u00e7ok iyi bir \u015fekilde a\u00e7\u0131klan\u0131p belgelendi (her iki taraf i\u00e7in de), bu durum Z\u00fcrich&#8217;deki \u00f6n muayene s\u0131ras\u0131nda da ge\u00e7erliydi. Z\u00fcrih&#8217;teki di\u015f hekimi ekibi de son derece dost\u00e7a ve yetkin. Art\u0131k 41 y\u0131l sonra di\u015f hekimi de\u011fi\u015ftirmeye karar verdim ve sadece Z\u00fcrih&#8217;e gidece\u011fim, \u00e7\u00fcnk\u00fc klinik ve doktorlar beni tamamen ikna etti ve \u00e7ok memnun kald\u0131m. Ger\u00e7ekten her \u015feyi tavsiye edebilirim, her \u015fey m\u00fckemmeldi! Sonu\u00e7tan \u00e7ok memnunum. Bu, bana g\u00fcvenimi ve g\u00fcl\u00fc\u015f\u00fcm\u00fc geri kazand\u0131rd\u0131. \u0130stanbul&#8217;a di\u015f tedavisi i\u00e7in seyahati kesinlikle tavsiye ediyorum. Ramona Rosa Sp\u00f6rri \u00d6nceki rapor Bir sonraki rapor<\/p>\n","protected":false},"author":4,"featured_media":0,"parent":4587,"menu_order":0,"comment_status":"closed","ping_status":"closed","template":"","meta":{"_joinchat":[],"footnotes":""},"class_list":["post-4605","page","type-page","status-publish","hentry"],"acf":[],"_links":{"self":[{"href":"https:\/\/medicaltravel.ch\/tr\/wp-json\/wp\/v2\/pages\/4605","targetHints":{"allow":["GET"]}}],"collection":[{"href":"https:\/\/medicaltravel.ch\/tr\/wp-json\/wp\/v2\/pages"}],"about":[{"href":"https:\/\/medicaltravel.ch\/tr\/wp-json\/wp\/v2\/types\/page"}],"author":[{"embeddable":true,"href":"https:\/\/medicaltravel.ch\/tr\/wp-json\/wp\/v2\/users\/4"}],"replies":[{"embeddable":true,"href":"https:\/\/medicaltravel.ch\/tr\/wp-json\/wp\/v2\/comments?post=4605"}],"version-history":[{"count":0,"href":"https:\/\/medicaltravel.ch\/tr\/wp-json\/wp\/v2\/pages\/4605\/revisions"}],"up":[{"embeddable":true,"href":"https:\/\/medicaltravel.ch\/tr\/wp-json\/wp\/v2\/pages\/4587"}],"wp:attachment":[{"href":"https:\/\/medicaltravel.ch\/tr\/wp-json\/wp\/v2\/media?parent=4605"}],"curies":[{"name":"wp","href":"https:\/\/api.w.org\/{rel}","templated":true}]}}