{"id":4607,"date":"2025-09-23T17:38:39","date_gmt":"2025-09-23T16:38:39","guid":{"rendered":"https:\/\/medicaltravel.ch\/hasta-raporlari\/erfahrungsberichte-empfehlungen-behandlungen-beurteilung-tuerkei-istanbul\/hasta-raporu-istanbulda-meme-bueyuetme-ameliyati-6-ocak-2016-carsamba-tarihli-rapor\/"},"modified":"2026-01-12T19:20:18","modified_gmt":"2026-01-12T18:20:18","slug":"hasta-raporu-istanbulda-meme-bueyuetme-ameliyati-6-ocak-2016-carsamba-tarihli-rapor","status":"publish","type":"page","link":"https:\/\/medicaltravel.ch\/tr\/hasta-raporlari\/referanslar-tavsiyeler-tedaviler-degerlendirmeler-turkiye-istanbul\/hasta-raporu-istanbulda-meme-bueyuetme-ameliyati-6-ocak-2016-carsamba-tarihli-rapor\/","title":{"rendered":"HASTA RAPORU: \u0130stanbul&#8217;da meme b\u00fcy\u00fctme ameliyat\u0131 \u2013 6 Ocak 2016 \u00c7ar\u015famba tarihli rapor"},"content":{"rendered":"\n<p>HASTA RAPORU: \u0130stanbul&#8217;da meme b\u00fcy\u00fctme ameliyat\u0131 \u2013 6 Ocak 2016 \u00c7ar\u015famba tarihli rapor<\/p>\n\n\n\n<p>Merhaba, ben 28 ya\u015f\u0131nday\u0131m ve y\u0131llard\u0131r bir meme b\u00fcy\u00fctme esteti\u011fi istiyordum ama cesaretim ve gerekli param yoktu. Partnerimin tan\u0131d\u0131klar\u0131 arac\u0131l\u0131\u011f\u0131yla internet \u00fczerinden Medical Travel hakk\u0131nda bilgi edindim ve web sitesi ba\u015flang\u0131\u00e7tan itibaren \u00e7ok g\u00fcvenilir g\u00f6r\u00fcnd\u00fc. Bu nedenle bir ba\u015fvuru yapt\u0131m ve k\u0131sa s\u00fcre i\u00e7inde e-posta ile ileti\u015fime ge\u00e7ildim. Medical Travel\u2019dan \u00e7ok nazik ve profesyonel bir \u00e7al\u0131\u015fanla birka\u00e7 kez telefonda konu\u015ftum. O, benim i\u00e7in t\u00fcm gerekli d\u00fczenlemeleri yapt\u0131 ve doktorumla ileti\u015fime ge\u00e7erek, ameliyat sonras\u0131 yap\u0131lmas\u0131 gerekenler ve iyile\u015fme s\u00fcreci hakk\u0131nda sorular\u0131m\u0131 yan\u0131tlad\u0131. \u0130ki hafta i\u00e7inde s\u00f6zle\u015fmem ve t\u00fcm \u00f6nemli bilgilerle birlikte Travel Pass\u2019\u0131m bana g\u00f6nderildi. Ameliyat\u0131ma partnerim e\u015flik edecekti ve daha \u00f6nce \u0130stanbul\u2019a s\u0131k\u00e7a gitmi\u015ftik, bu y\u00fczden u\u00e7u\u015f ve otel rezervasyonunu kendimiz yapt\u0131k; Medical Travel sadece hastaneye dair i\u015flemleri organize etti.    <\/p>\n\n\n\n<p>22 Kas\u0131m 2015. Art\u0131k geldi, T\u00fcrkiye&#8217;ye yapaca\u011f\u0131m\u0131z yolculuk ba\u015fl\u0131yor. \u0130stanbul Havaliman\u0131&#8217;na g\u00fcvenle var\u0131nca, hemen Ac\u0131badem Hastanesi&#8217;nin bilgilendirme stand\u0131na gittik, burada tedaviye kaydolan di\u011fer &#8220;hastalar&#8221; da bekliyordu. Yani, bir toplu ta\u015f\u0131ma arac\u0131 vard\u0131, fakat bizim i\u00e7in zaman a\u00e7\u0131s\u0131ndan uygun de\u011fildi. Bu y\u00fczden taksiyle otelimize gittik. Ertesi sabah tam 08:00&#8217;de \u015fof\u00f6r\u00fcm\u00fcz taraf\u0131ndan al\u0131nd\u0131k ve do\u011frudan hastaneye g\u00f6t\u00fcr\u00fcld\u00fck, k\u0131sa bir s\u00fcre sonra terc\u00fcman\u0131m taraf\u0131ndan kar\u015f\u0131land\u0131k. O, ak\u0131c\u0131 bir \u015fekilde Almanca konu\u015fuyordu. Hastane beni \u00e7ok etkiledi; ben de \u0130svi\u00e7re&#8217;de bir hastanede bak\u0131m g\u00f6revlisi olarak \u00e7al\u0131\u015f\u0131yorum ve bu y\u00fczden hijyen ve temizlik konusunda olduk\u00e7a dikkatliyim. Ancak hi\u00e7bir olumsuz \u015fey yoktu, aksine her \u015fey m\u00fckemmeldi. Hastane \u00e7ok modern ve en yeni cihazlarla donat\u0131lm\u0131\u015ft\u0131. Partnerimle birlikte yakla\u015f\u0131k 1 saat kafeteryada bekledik, \u00e7\u00fcnk\u00fc odam hen\u00fcz haz\u0131r de\u011fildi. Gerilimim yava\u015f\u00e7a kendini g\u00f6stermeye ba\u015flad\u0131, oysa bu ilk ameliyat\u0131m de\u011fildi. Ama yeni g\u00f6\u011f\u00fcslerime o kadar \u00e7ok seviniyorum ki.            <\/p>\n\n\n\n<p>Hastane odam\u0131 almadan \u00f6nce, cerrah\u0131m Prof. Dr. F. Demirkan ile bir \u00f6n muayene yapt\u0131m. Ba\u015flang\u0131\u00e7tan itibaren bana \u00e7ok sempatik, yetkin ve deneyimli bir izlenim b\u0131rakt\u0131. Terc\u00fcman\u0131m her \u015feyi Almanca olarak bana \u00e7evirdi, ancak T\u00fcrk\u00e7e bilen partnerim her \u015feyi do\u011frudan anlayabildi. \u0130steklerimi rahat\u00e7a ifade edebildim ve kendimi tamamen anla\u015f\u0131lm\u0131\u015f hissettim, bu da her \u015feyin yolunda gidece\u011fini g\u00f6steriyordu.   <\/p>\n\n\n\n<p>Odam\u0131 \u015fimdi alabilirdim, oda \u00e7ok geni\u015f, temiz ve moderndi. Bir hem\u015fire kan al\u0131m\u0131 yapt\u0131 ve bana bir damar yolu a\u00e7\u0131ld\u0131, her \u015fey m\u00fckemmel \u015fekilde yap\u0131ld\u0131. Bir anestezi uzman\u0131 bana anestezi hakk\u0131nda bilgi verdi, ancak benim i\u00e7in her \u015fey a\u00e7\u0131kt\u0131 \u00e7\u00fcnk\u00fc ben de bu alanda \u00e7al\u0131\u015f\u0131yorum. Ameliyat\u0131m i\u00e7in yakla\u015f\u0131k 3 saat bekledik, ameliyat k\u0131yafetimi ve anti-tromboz \u00e7oraplar\u0131m\u0131 giydim ve ard\u0131ndan beni ameliyathaneye g\u00f6t\u00fcrd\u00fcler. Sinirlerim i\u00e7in biraz ila\u00e7 enjekte edildi ve k\u0131sa s\u00fcre sonra biraz uykulu hale geldim ve derin bir uykuya dald\u0131m. Uyanma odas\u0131nda uyand\u0131m, \u015fiddetli a\u011fr\u0131lar\u0131m vard\u0131 ve biraz mide bulant\u0131m vard\u0131. Personel \u00e7ok iyi bir \u015fekilde ilgilendi. Odaya geri d\u00f6nd\u00fc\u011f\u00fcmde, partnerimi g\u00f6rmek beni \u00e7ok mutlu etti, \u00e7\u00fcnk\u00fc doktorum \u00f6nceden durumum hakk\u0131nda ona bilgi vermi\u015fti. A\u011f\u0131r a\u011fr\u0131lar\u0131m nedeniyle kendimi pek iyi hissetmedi\u011fim i\u00e7in, partnerim gece boyunca yan\u0131mda kald\u0131. Kendisine yemek ve i\u00e7ecek konusunda iyi bir \u015fekilde hizmet verildi.         <\/p>\n\n\n\n<p>Gece \u00e7ok uzun ge\u00e7ti ve a\u011fr\u0131 kesicilere ve kalkarken yard\u0131ma ihtiyac\u0131m vard\u0131, \u00e7\u00fcnk\u00fc tek ba\u015f\u0131ma bunu yapmak imkans\u0131zd\u0131. Ertesi sabah vizit geldi, doktor s\u00fcrecin \u00e7ok iyi gitti\u011fini s\u00f6yledi ve ilk kez yeni g\u00f6\u011f\u00fcslerimi g\u00f6rd\u00fcm. \u015ea\u015fk\u0131nd\u0131m, ba\u015flang\u0131\u00e7ta \u00e7ok b\u00fcy\u00fck oldu\u011funu d\u00fc\u015f\u00fcnd\u00fcm \u00e7\u00fcnk\u00fc her \u015fey hala \u00e7ok \u015fi\u015fti. Kendimi \u00e7ok yabanc\u0131 hissettim ve hala \u015fiddetli a\u011fr\u0131lardan \u00e7ok rahats\u0131zd\u0131m. Zaten \u00e7ok s\u0131k\u0131 olan destekli s\u00fctyenimi giyiyordum, bu da \u00e7ok zorunluydu. Nefes al\u0131rken \u00e7ok s\u0131n\u0131rl\u0131yd\u0131m ve do\u011fru d\u00fcr\u00fcst hareket edemiyordum. Sol ve sa\u011f koltuk alt\u0131mda drenajlar\u0131m vard\u0131, bu beni \u00e7ok rahats\u0131z ediyordu ve hareketlerim olduk\u00e7a k\u0131s\u0131tl\u0131yd\u0131. Ama bunlara katlanmak gerekiyordu. \u00d6\u011fle saatlerinde hastaneden taburcu oldum, fakat ne yaz\u0131k ki drenajlarla birlikte \u00e7\u00fcnk\u00fc h\u00e2l\u00e2 \u00e7ok s\u0131v\u0131 geliyordu. A\u011fr\u0131lar\u0131m i\u00e7in ila\u00e7lar ve 5 g\u00fcn s\u00fcrecek antibiyotikler ald\u0131m, bunlar\u0131 terc\u00fcman\u0131m d\u00fczenledi. Hala \u00e7ok yorgundum ve g\u00fc\u00e7s\u00fczd\u00fcm, \u015fiddetli a\u011fr\u0131lar\u0131m vard\u0131. Partnerim benim i\u00e7in \u00e7ok endi\u015feliydi. Bir\u00e7ok konuda onun yard\u0131m\u0131na ihtiya\u00e7 duydum. Otelde kendimi giydiremedim, bak\u0131m\u0131m\u0131 yapamad\u0131m ve yataktan kalkmam imkans\u0131zd\u0131. \u00c7ok a\u011flad\u0131m, benim i\u00e7in b\u00fcy\u00fck bir sab\u0131r s\u0131nav\u0131yd\u0131. Gece \u00e7ok k\u00f6t\u00fc uyudum, hareket edemedim ve s\u0131rt \u00fcst\u00fc yatmak zorunda kald\u0131m. Partnerimi s\u0131k s\u0131k uyand\u0131rmam gerekiyordu, o \u00e7ok anlay\u0131\u015fl\u0131 ve sab\u0131rl\u0131yd\u0131. Drenajlar doldu\u011funda, partnerim bunlar\u0131 bo\u015faltmak zorunda kald\u0131. Ne kadar s\u0131v\u0131 oldu\u011funu cerraha not almam\u0131z gerekti. Bu benim i\u00e7in olduk\u00e7a al\u0131\u015f\u0131lmad\u0131k bir durumdu, bir hastan\u0131n drenajlarla taburcu edilmesi. Partnerim bunu hi\u00e7bir utanma veya i\u011frenme olmadan yapt\u0131. Bu noktada ona b\u00fcy\u00fck bir te\u015fekk\u00fcr ediyorum, seni seviyorum. Per\u015fembe g\u00fcn\u00fc ilk kontrol i\u00e7in hastaneye gitmem gerekti, terc\u00fcman\u0131m\u0131n e\u015fli\u011finde. Bir drenaj \u00e7ekilebildi, juhuu! Di\u011ferinden ise h\u00e2l\u00e2 \u00e7ok s\u0131v\u0131 geldi\u011fi i\u00e7in Cuma&#8217;ya kadar kalmam gerekti. K\u0131sa bir bilgi vermek gerekirse, neredeyse b\u00fct\u00fcn hafta drenajlarla ge\u00e7irdim. Yani sokakta y\u00fcr\u00fcmek ve restoranda yemek yemek zorunda kald\u0131m. O y\u00fczden kimse g\u00f6rmesin diye b\u00fcy\u00fck k\u0131yafetler giydim.                          <\/p>\n\n\n\n<p>G\u00fcnler hep \u015fiddetli a\u011fr\u0131larla ge\u00e7ti&#8230; Cerrah\u0131ma neden bu kadar a\u011fr\u0131 \u00e7ekti\u011fimi sordum. Bana, \u00e7ok \u00e7ok zay\u0131f oldu\u011fumu, neredeyse hi\u00e7 ya\u011f dokum olmad\u0131\u011f\u0131n\u0131 ve cildin \u00e7ok gerildi\u011fini, bu y\u00fczden bunun neredeyse normal oldu\u011funu s\u00f6yledi. \u00d6nceden AA beden \u00f6l\u00e7\u00fcs\u00fcne sahipken, \u015fimdi B bedenim vard\u0131. Biraz rahatlad\u0131m. Kendimi yava\u015f\u00e7a fazla hassas hissetmeye ba\u015flad\u0131m&#8230; Cuma g\u00fcn\u00fc tekrar hastaneye gitmem gerekiyordu, drenaj\u0131 hen\u00fcz \u00e7ekmek istemedi \u00e7\u00fcnk\u00fc hala olduk\u00e7a fazla s\u0131v\u0131 vard\u0131. Ama Cumartesi g\u00fcn\u00fc eve d\u00f6nece\u011fimiz i\u00e7in sonunda drenaj\u0131 \u00e7ekti. \u00c7ekmek \u00e7ok ac\u0131 vericiydi. \u0130ste\u011fim \u00fczerine cerrah\u0131m t\u00fcm bandajlar\u0131 \u00e7\u0131kard\u0131, b\u00f6ylece diki\u015fleri g\u00f6rebildim. Her \u015fey harikayd\u0131, sonra yenilerini uygulad\u0131. \u00c7ok sinir bozucu olan \u015fey, bandajlar ve sarg\u0131 malzemelerini kendi cebimizden \u00f6dememiz gerekti. Ve bunlar hi\u00e7 de ucuz de\u011fildi&#8230; Neyse, i\u015fte b\u00f6yle.<\/p>\n\n\n\n<p>\u015eimdi, meme b\u00fcy\u00fctme operasyonumdan 4 hafta sonra, size \u015funu s\u00f6yleyebilirim: Son derece memnunum. Ac\u0131lar ve zorluklar kesinlikle kar\u015f\u0131l\u0131\u011f\u0131n\u0131 verdi. MedicalTravel ekibine, \u0130stanbul&#8217;daki t\u00fcm personele ve Prof. Dr. F. Demirkan&#8217;a harika bak\u0131m ve tedavi i\u00e7in b\u00fcy\u00fck bir te\u015fekk\u00fcr ediyorum. Bana \u00e7ok b\u00fcy\u00fck bir dile\u011fimi yerine getirdiniz!!!   <\/p>\n\n\n\n<p>Hen\u00fcz \u00f6\u011frenciyken bunu yapmaktan \u00e7ekinenlere \u015funu s\u00f6ylemek isterim: Cesaretinizi toplay\u0131n. Size kesinlikle tavsiye ediyorum, bu benim hayat\u0131mda verdi\u011fim en iyi karard\u0131. <\/p>\n\n\n\n<p>Sayg\u0131lar\u0131mla, Reina L.<\/p>\n\n\n\n<div class=\"wp-block-group is-layout-grid wp-container-core-group-is-layout-baef362d wp-block-group-is-layout-grid\">\n<p><a href=\"https:\/\/medicaltravel.at\/home\/agb\/\" data-type=\"page\" data-id=\"2191\" rel=\"nofollow noopener\" target=\"_blank\"><\/a><a href=\"https:\/\/medicaltravel.ch\/tr\/hasta-raporlari\/referanslar-tavsiyeler-tedaviler-degerlendirmeler-turkiye-istanbul\/hasta-raporu-istanbulda-fue-yoentemiyle-sac-ekimi-8-ocak-2016-cuma-tarihli-rapor\/\" data-type=\"link\" data-id=\"https:\/\/medicaltravel.ch\/tr\/hasta-raporlari\/referanslar-tavsiyeler-tedaviler-degerlendirmeler-turkiye-istanbul\/hasta-raporu-istanbulda-fue-yoentemiyle-sac-ekimi-8-ocak-2016-cuma-tarihli-rapor\/\">\u00d6nceki rapor<\/a><\/p>\n\n\n\n<p class=\"has-text-align-right wp-container-content-5e2576f9\"><a href=\"https:\/\/medicaltravel.at\/home\/impressum\/\" data-type=\"page\" data-id=\"2193\" rel=\"nofollow noopener\" target=\"_blank\"><\/a><a href=\"https:\/\/medicaltravel.at\/home\/berichte-von-patienten\/erfahrungsberichte\/erfahrungsbericht-zahnbehandlung-in-istanbul\/\" data-type=\"page\" data-id=\"981\" rel=\"nofollow noopener\" target=\"_blank\"><\/a><a href=\"https:\/\/medicaltravel.ch\/tr\/hasta-raporlari\/referanslar-tavsiyeler-tedaviler-degerlendirmeler-turkiye-istanbul\/istanbuldaki-sac-ekimim-nasil-gecti-6-ocak-2016-carsamba-tarihli-rapor\/\" data-type=\"link\" data-id=\"https:\/\/medicaltravel.ch\/tr\/hasta-raporlari\/referanslar-tavsiyeler-tedaviler-degerlendirmeler-turkiye-istanbul\/istanbuldaki-sac-ekimim-nasil-gecti-6-ocak-2016-carsamba-tarihli-rapor\/\">Bir sonraki rapor<\/a><\/p>\n<\/div>\n","protected":false},"excerpt":{"rendered":"<p>HASTA RAPORU: \u0130stanbul&#8217;da meme b\u00fcy\u00fctme ameliyat\u0131 \u2013 6 Ocak 2016 \u00c7ar\u015famba tarihli rapor Merhaba, ben 28 ya\u015f\u0131nday\u0131m ve y\u0131llard\u0131r bir meme b\u00fcy\u00fctme esteti\u011fi istiyordum ama cesaretim ve gerekli param yoktu. Partnerimin tan\u0131d\u0131klar\u0131 arac\u0131l\u0131\u011f\u0131yla internet \u00fczerinden Medical Travel hakk\u0131nda bilgi edindim ve web sitesi ba\u015flang\u0131\u00e7tan itibaren \u00e7ok g\u00fcvenilir g\u00f6r\u00fcnd\u00fc. Bu nedenle bir ba\u015fvuru yapt\u0131m ve k\u0131sa s\u00fcre i\u00e7inde e-posta ile ileti\u015fime ge\u00e7ildim. Medical Travel\u2019dan \u00e7ok nazik ve profesyonel bir \u00e7al\u0131\u015fanla birka\u00e7 kez telefonda konu\u015ftum. O, benim i\u00e7in t\u00fcm gerekli d\u00fczenlemeleri yapt\u0131 ve doktorumla ileti\u015fime ge\u00e7erek, ameliyat sonras\u0131 yap\u0131lmas\u0131 gerekenler ve iyile\u015fme s\u00fcreci hakk\u0131nda sorular\u0131m\u0131 yan\u0131tlad\u0131. \u0130ki hafta i\u00e7inde s\u00f6zle\u015fmem ve t\u00fcm \u00f6nemli bilgilerle birlikte Travel Pass\u2019\u0131m bana g\u00f6nderildi. Ameliyat\u0131ma partnerim e\u015flik edecekti ve daha \u00f6nce \u0130stanbul\u2019a s\u0131k\u00e7a gitmi\u015ftik, bu y\u00fczden u\u00e7u\u015f ve otel rezervasyonunu kendimiz yapt\u0131k; Medical Travel sadece hastaneye dair i\u015flemleri organize etti. 22 Kas\u0131m 2015. Art\u0131k geldi, T\u00fcrkiye&#8217;ye yapaca\u011f\u0131m\u0131z yolculuk ba\u015fl\u0131yor. \u0130stanbul Havaliman\u0131&#8217;na g\u00fcvenle var\u0131nca, hemen Ac\u0131badem Hastanesi&#8217;nin bilgilendirme stand\u0131na gittik, burada tedaviye kaydolan di\u011fer &#8220;hastalar&#8221; da bekliyordu. Yani, bir toplu ta\u015f\u0131ma arac\u0131 vard\u0131, fakat bizim i\u00e7in zaman a\u00e7\u0131s\u0131ndan uygun de\u011fildi. Bu y\u00fczden taksiyle otelimize gittik. Ertesi sabah tam 08:00&#8217;de \u015fof\u00f6r\u00fcm\u00fcz taraf\u0131ndan al\u0131nd\u0131k ve do\u011frudan hastaneye g\u00f6t\u00fcr\u00fcld\u00fck, k\u0131sa bir s\u00fcre sonra terc\u00fcman\u0131m taraf\u0131ndan kar\u015f\u0131land\u0131k. O, ak\u0131c\u0131 bir \u015fekilde Almanca konu\u015fuyordu. Hastane beni \u00e7ok etkiledi; ben de \u0130svi\u00e7re&#8217;de bir hastanede bak\u0131m g\u00f6revlisi olarak \u00e7al\u0131\u015f\u0131yorum ve bu y\u00fczden hijyen ve temizlik konusunda olduk\u00e7a dikkatliyim. Ancak hi\u00e7bir olumsuz \u015fey yoktu, aksine her \u015fey m\u00fckemmeldi. Hastane \u00e7ok modern ve en yeni cihazlarla donat\u0131lm\u0131\u015ft\u0131. Partnerimle birlikte yakla\u015f\u0131k 1 saat kafeteryada bekledik, \u00e7\u00fcnk\u00fc odam hen\u00fcz haz\u0131r de\u011fildi. Gerilimim yava\u015f\u00e7a kendini g\u00f6stermeye ba\u015flad\u0131, oysa bu ilk ameliyat\u0131m de\u011fildi. Ama yeni g\u00f6\u011f\u00fcslerime o kadar \u00e7ok seviniyorum ki. Hastane odam\u0131 almadan \u00f6nce, cerrah\u0131m Prof. Dr. F. Demirkan ile bir \u00f6n muayene yapt\u0131m. Ba\u015flang\u0131\u00e7tan itibaren bana \u00e7ok sempatik, yetkin ve deneyimli bir izlenim b\u0131rakt\u0131. Terc\u00fcman\u0131m her \u015feyi Almanca olarak bana \u00e7evirdi, ancak T\u00fcrk\u00e7e bilen partnerim her \u015feyi do\u011frudan anlayabildi. \u0130steklerimi rahat\u00e7a ifade edebildim ve kendimi tamamen anla\u015f\u0131lm\u0131\u015f hissettim, bu da her \u015feyin yolunda gidece\u011fini g\u00f6steriyordu. Odam\u0131 \u015fimdi alabilirdim, oda \u00e7ok geni\u015f, temiz ve moderndi. Bir hem\u015fire kan al\u0131m\u0131 yapt\u0131 ve bana bir damar yolu a\u00e7\u0131ld\u0131, her \u015fey m\u00fckemmel \u015fekilde yap\u0131ld\u0131. Bir anestezi uzman\u0131 bana anestezi hakk\u0131nda bilgi verdi, ancak benim i\u00e7in her \u015fey a\u00e7\u0131kt\u0131 \u00e7\u00fcnk\u00fc ben de bu alanda \u00e7al\u0131\u015f\u0131yorum. Ameliyat\u0131m i\u00e7in yakla\u015f\u0131k 3 saat bekledik, ameliyat k\u0131yafetimi ve anti-tromboz \u00e7oraplar\u0131m\u0131 giydim ve ard\u0131ndan beni ameliyathaneye g\u00f6t\u00fcrd\u00fcler. Sinirlerim i\u00e7in biraz ila\u00e7 enjekte edildi ve k\u0131sa s\u00fcre sonra biraz uykulu hale geldim ve derin bir uykuya dald\u0131m. Uyanma odas\u0131nda uyand\u0131m, \u015fiddetli a\u011fr\u0131lar\u0131m vard\u0131 ve biraz mide bulant\u0131m vard\u0131. Personel \u00e7ok iyi bir \u015fekilde ilgilendi. Odaya geri d\u00f6nd\u00fc\u011f\u00fcmde, partnerimi g\u00f6rmek beni \u00e7ok mutlu etti, \u00e7\u00fcnk\u00fc doktorum \u00f6nceden durumum hakk\u0131nda ona bilgi vermi\u015fti. A\u011f\u0131r a\u011fr\u0131lar\u0131m nedeniyle kendimi pek iyi hissetmedi\u011fim i\u00e7in, partnerim gece boyunca yan\u0131mda kald\u0131. Kendisine yemek ve i\u00e7ecek konusunda iyi bir \u015fekilde hizmet verildi. Gece \u00e7ok uzun ge\u00e7ti ve a\u011fr\u0131 kesicilere ve kalkarken yard\u0131ma ihtiyac\u0131m vard\u0131, \u00e7\u00fcnk\u00fc tek ba\u015f\u0131ma bunu yapmak imkans\u0131zd\u0131. Ertesi sabah vizit geldi, doktor s\u00fcrecin \u00e7ok iyi gitti\u011fini s\u00f6yledi ve ilk kez yeni g\u00f6\u011f\u00fcslerimi g\u00f6rd\u00fcm. \u015ea\u015fk\u0131nd\u0131m, ba\u015flang\u0131\u00e7ta \u00e7ok b\u00fcy\u00fck oldu\u011funu d\u00fc\u015f\u00fcnd\u00fcm \u00e7\u00fcnk\u00fc her \u015fey hala \u00e7ok \u015fi\u015fti. Kendimi \u00e7ok yabanc\u0131 hissettim ve hala \u015fiddetli a\u011fr\u0131lardan \u00e7ok rahats\u0131zd\u0131m. Zaten \u00e7ok s\u0131k\u0131 olan destekli s\u00fctyenimi giyiyordum, bu da \u00e7ok zorunluydu. Nefes al\u0131rken \u00e7ok s\u0131n\u0131rl\u0131yd\u0131m ve do\u011fru d\u00fcr\u00fcst hareket edemiyordum. Sol ve sa\u011f koltuk alt\u0131mda drenajlar\u0131m vard\u0131, bu beni \u00e7ok rahats\u0131z ediyordu ve hareketlerim olduk\u00e7a k\u0131s\u0131tl\u0131yd\u0131. Ama bunlara katlanmak gerekiyordu. \u00d6\u011fle saatlerinde hastaneden taburcu oldum, fakat ne yaz\u0131k ki drenajlarla birlikte \u00e7\u00fcnk\u00fc h\u00e2l\u00e2 \u00e7ok s\u0131v\u0131 geliyordu. A\u011fr\u0131lar\u0131m i\u00e7in ila\u00e7lar ve 5 g\u00fcn s\u00fcrecek antibiyotikler ald\u0131m, bunlar\u0131 terc\u00fcman\u0131m d\u00fczenledi. Hala \u00e7ok yorgundum ve g\u00fc\u00e7s\u00fczd\u00fcm, \u015fiddetli a\u011fr\u0131lar\u0131m vard\u0131. Partnerim benim i\u00e7in \u00e7ok endi\u015feliydi. Bir\u00e7ok konuda onun yard\u0131m\u0131na ihtiya\u00e7 duydum. Otelde kendimi giydiremedim, bak\u0131m\u0131m\u0131 yapamad\u0131m ve yataktan kalkmam imkans\u0131zd\u0131. \u00c7ok a\u011flad\u0131m, benim i\u00e7in b\u00fcy\u00fck bir sab\u0131r s\u0131nav\u0131yd\u0131. Gece \u00e7ok k\u00f6t\u00fc uyudum, hareket edemedim ve s\u0131rt \u00fcst\u00fc yatmak zorunda kald\u0131m. Partnerimi s\u0131k s\u0131k uyand\u0131rmam gerekiyordu, o \u00e7ok anlay\u0131\u015fl\u0131 ve sab\u0131rl\u0131yd\u0131. Drenajlar doldu\u011funda, partnerim bunlar\u0131 bo\u015faltmak zorunda kald\u0131. Ne kadar s\u0131v\u0131 oldu\u011funu cerraha not almam\u0131z gerekti. Bu benim i\u00e7in olduk\u00e7a al\u0131\u015f\u0131lmad\u0131k bir durumdu, bir hastan\u0131n drenajlarla taburcu edilmesi. Partnerim bunu hi\u00e7bir utanma veya i\u011frenme olmadan yapt\u0131. Bu noktada ona b\u00fcy\u00fck bir te\u015fekk\u00fcr ediyorum, seni seviyorum. Per\u015fembe g\u00fcn\u00fc ilk kontrol i\u00e7in hastaneye gitmem gerekti, terc\u00fcman\u0131m\u0131n e\u015fli\u011finde. Bir drenaj \u00e7ekilebildi, juhuu! Di\u011ferinden ise h\u00e2l\u00e2 \u00e7ok s\u0131v\u0131 geldi\u011fi i\u00e7in Cuma&#8217;ya kadar kalmam gerekti. K\u0131sa bir bilgi vermek gerekirse, neredeyse b\u00fct\u00fcn hafta drenajlarla ge\u00e7irdim. Yani sokakta y\u00fcr\u00fcmek ve restoranda yemek yemek zorunda kald\u0131m. O y\u00fczden kimse g\u00f6rmesin diye b\u00fcy\u00fck k\u0131yafetler giydim. G\u00fcnler hep \u015fiddetli a\u011fr\u0131larla ge\u00e7ti&#8230; Cerrah\u0131ma neden bu kadar a\u011fr\u0131 \u00e7ekti\u011fimi sordum. Bana, \u00e7ok \u00e7ok zay\u0131f oldu\u011fumu, neredeyse hi\u00e7 ya\u011f dokum olmad\u0131\u011f\u0131n\u0131 ve cildin \u00e7ok gerildi\u011fini, bu y\u00fczden bunun neredeyse normal oldu\u011funu s\u00f6yledi. \u00d6nceden AA beden \u00f6l\u00e7\u00fcs\u00fcne sahipken, \u015fimdi B bedenim vard\u0131. Biraz rahatlad\u0131m. Kendimi yava\u015f\u00e7a fazla hassas hissetmeye ba\u015flad\u0131m&#8230; Cuma g\u00fcn\u00fc tekrar hastaneye gitmem gerekiyordu, drenaj\u0131 hen\u00fcz \u00e7ekmek istemedi \u00e7\u00fcnk\u00fc hala olduk\u00e7a fazla s\u0131v\u0131 vard\u0131. Ama Cumartesi g\u00fcn\u00fc eve d\u00f6nece\u011fimiz i\u00e7in sonunda drenaj\u0131 \u00e7ekti. \u00c7ekmek \u00e7ok ac\u0131 vericiydi. \u0130ste\u011fim \u00fczerine cerrah\u0131m t\u00fcm bandajlar\u0131 \u00e7\u0131kard\u0131, b\u00f6ylece diki\u015fleri g\u00f6rebildim. Her \u015fey harikayd\u0131, sonra yenilerini uygulad\u0131. \u00c7ok sinir bozucu olan \u015fey, bandajlar ve sarg\u0131 malzemelerini kendi cebimizden \u00f6dememiz gerekti. Ve bunlar hi\u00e7 de ucuz de\u011fildi&#8230; Neyse, i\u015fte b\u00f6yle. \u015eimdi, meme b\u00fcy\u00fctme operasyonumdan 4 hafta sonra, size \u015funu s\u00f6yleyebilirim: Son derece memnunum. Ac\u0131lar ve zorluklar kesinlikle kar\u015f\u0131l\u0131\u011f\u0131n\u0131 verdi. MedicalTravel ekibine, \u0130stanbul&#8217;daki t\u00fcm personele ve Prof. Dr. F. Demirkan&#8217;a harika bak\u0131m ve tedavi i\u00e7in b\u00fcy\u00fck bir te\u015fekk\u00fcr ediyorum. Bana \u00e7ok b\u00fcy\u00fck bir dile\u011fimi yerine getirdiniz!!! Hen\u00fcz \u00f6\u011frenciyken bunu yapmaktan \u00e7ekinenlere \u015funu s\u00f6ylemek isterim: Cesaretinizi toplay\u0131n. Size kesinlikle tavsiye ediyorum, bu benim hayat\u0131mda verdi\u011fim en iyi karard\u0131. Sayg\u0131lar\u0131mla, Reina L. \u00d6nceki rapor Bir sonraki rapor<\/p>\n","protected":false},"author":4,"featured_media":0,"parent":4587,"menu_order":0,"comment_status":"closed","ping_status":"closed","template":"","meta":{"_joinchat":[],"footnotes":""},"class_list":["post-4607","page","type-page","status-publish","hentry"],"acf":[],"_links":{"self":[{"href":"https:\/\/medicaltravel.ch\/tr\/wp-json\/wp\/v2\/pages\/4607","targetHints":{"allow":["GET"]}}],"collection":[{"href":"https:\/\/medicaltravel.ch\/tr\/wp-json\/wp\/v2\/pages"}],"about":[{"href":"https:\/\/medicaltravel.ch\/tr\/wp-json\/wp\/v2\/types\/page"}],"author":[{"embeddable":true,"href":"https:\/\/medicaltravel.ch\/tr\/wp-json\/wp\/v2\/users\/4"}],"replies":[{"embeddable":true,"href":"https:\/\/medicaltravel.ch\/tr\/wp-json\/wp\/v2\/comments?post=4607"}],"version-history":[{"count":0,"href":"https:\/\/medicaltravel.ch\/tr\/wp-json\/wp\/v2\/pages\/4607\/revisions"}],"up":[{"embeddable":true,"href":"https:\/\/medicaltravel.ch\/tr\/wp-json\/wp\/v2\/pages\/4587"}],"wp:attachment":[{"href":"https:\/\/medicaltravel.ch\/tr\/wp-json\/wp\/v2\/media?parent=4607"}],"curies":[{"name":"wp","href":"https:\/\/api.w.org\/{rel}","templated":true}]}}