{"id":4609,"date":"2025-09-23T17:14:25","date_gmt":"2025-09-23T16:14:25","guid":{"rendered":"https:\/\/medicaltravel.ch\/hasta-raporlari\/erfahrungsberichte-empfehlungen-behandlungen-beurteilung-tuerkei-istanbul\/aci-gecer-sonuc-kalir\/"},"modified":"2026-01-12T18:57:08","modified_gmt":"2026-01-12T17:57:08","slug":"aci-gecer-sonuc-kalir","status":"publish","type":"page","link":"https:\/\/medicaltravel.ch\/tr\/hasta-raporlari\/referanslar-tavsiyeler-tedaviler-degerlendirmeler-turkiye-istanbul\/aci-gecer-sonuc-kalir\/","title":{"rendered":"ACI GE\u00c7ER; SONU\u00c7 KALIR."},"content":{"rendered":"\n<p>ACI KAYBOLUR; SONU\u00c7 KALIR \u2013 28 \u015eubat 2018 \u00c7ar\u015famba tarihli rapor<\/p>\n\n\n\n<p>\u0130stanbul&#8217;da 1 Ocak 2018 tarihinde ger\u00e7ekle\u015ftirdi\u011fim meme b\u00fcy\u00fctme ameliyat\u0131na dair deneyim raporum: G\u00f6\u011f\u00fcs kas\u0131 alt\u0131na meme b\u00fcy\u00fctme<\/p>\n\n\n\n<p>Meme ameliyat\u0131 konusuyla uzun s\u00fcre ilgilendim ve asl\u0131nda bunun T\u00fcrkiye&#8217;de yap\u0131laca\u011f\u0131na karar vermi\u015ftim. MedicalTravel hakk\u0131nda, 3 y\u0131l \u00f6nce bu ad\u0131m\u0131 atan ve tamamen memnun olan bir tan\u0131d\u0131\u011f\u0131mdan duydum. <\/p>\n\n\n\n<p>\u0130lk olarak MedicalTravel&#8217;dan Bay Kara ile ileti\u015fime ge\u00e7tim. Nisan ay\u0131nda \u00f6n muayene i\u00e7in hemen randevu ald\u0131m ve cerrah Dr. Soner Tatldede ile tan\u0131\u015farak ad\u0131mlar\u0131 detayl\u0131 bir \u015fekilde konu\u015ftuk. Kendisi \u00e7ok nazikti ve isteklerime ger\u00e7ekten ilgi g\u00f6sterdi.  <\/p>\n\n\n\n<p>Birka\u00e7 g\u00fcn sonra Bay Kara&#8217;ya onay\u0131m\u0131 verdim ve o da \u0130stanbul&#8217;daki seyahati planlamaya ba\u015flad\u0131. \u015eansl\u0131yd\u0131m ki, istedi\u011fim tarihe randevu almay\u0131 ba\u015fard\u0131m. <\/p>\n\n\n\n<p>Organizasyon tamamen sorunsuzdu. 1 Ocak 2018&#8217;de \u0130stanbul&#8217;a u\u00e7tuk (ben ve ya\u015fam partnerim). \u0130stanbul&#8217;a ilk kez gitmiyorduk, bu y\u00fczden tekrar \u0130stanbul&#8217;a gitmek bizi ger\u00e7ekten \u00e7ok mutlu etti.  <\/p>\n\n\n\n<p>Konforlu bir u\u00e7u\u015f yapt\u0131k ve Ac\u0131badem&#8217;in \u015fof\u00f6r\u00fc, havaliman\u0131nda bizleri belirtilen \u015fekilde kar\u015f\u0131lad\u0131. Ard\u0131ndan MedicalTravel&#8217;in bizim i\u00e7in se\u00e7ip ayarlad\u0131\u011f\u0131 otele gittik. Ertesi g\u00fcn, ayn\u0131 \u015fof\u00f6r taraf\u0131ndan otelden al\u0131nd\u0131k ve Ac\u0131badem hastanesine g\u00f6t\u00fcr\u00fcld\u00fck. Orada pasaport bilgilerimizi verdik, kan testi yapt\u0131rd\u0131k ve cerrah\u0131m\u0131zla her \u015feyi ayr\u0131nt\u0131l\u0131 \u015fekilde konu\u015ftuk. Bu s\u0131rada Kati, her zaman yan\u0131m\u0131zda olan \u00e7evirmenimiz olarak tan\u0131t\u0131ld\u0131. Biz ki\u015fisel olarak ona ihtiya\u00e7 duymad\u0131k \u00e7\u00fcnk\u00fc ya\u015fam partnerim T\u00fcrk\u00e7e konu\u015fabiliyor. Ard\u0131ndan biz de hastaneden ayr\u0131ld\u0131k. O g\u00fcn otelimize geri d\u00f6nmek istemedik \u00e7\u00fcnk\u00fc Taksim&#8217;e gitmek istedik. Ki\u015fisel olarak Taksim&#8217;i tavsiye ediyorum, \u00e7ok canl\u0131 bir yer ve y\u00fcr\u00fcyerek gezebilece\u011finiz bir\u00e7ok \u015fey var, her \u015fey yak\u0131ndan eri\u015filebilir.        <\/p>\n\n\n\n<p>Yava\u015f\u00e7a i\u015fler ciddile\u015fmeye ba\u015flam\u0131\u015ft\u0131. 3 Ocak 2018 \u00c7ar\u015famba g\u00fcn\u00fcyd\u00fc ve gece boyunca g\u00f6z\u00fcm\u00fc kapatamad\u0131m. \u00c7ok erken al\u0131nd\u0131k, giri\u015fte kayd\u0131m\u0131z\u0131 yapt\u0131rd\u0131k ve odam\u0131za yerle\u015ftirildik. Bu arada, ya\u015fam partnerim benimle birlikte kalabilirdi, Bay Kara&#8217;ya bunu organize etti\u011fi i\u00e7in te\u015fekk\u00fcr ederim. Ard\u0131ndan her \u015fey bir anda h\u0131zla geli\u015fti. Hem\u015fireler hemen i\u00e7eri girdi, bana hastane elbiselerini getirdiler ve inf\u00fczyon i\u00e7in her \u015feyi haz\u0131rlad\u0131lar. \u015eimdi neredeyse ameliyata haz\u0131rd\u0131m. Dr. Soner Tatlidede, ameliyat \u00f6ncesi beni g\u00f6rmek i\u00e7in odama geldi ve her \u015feyin do\u011fru oldu\u011fundan emin oldu. Ameliyat \u00f6ncesi a\u015f\u0131r\u0131 heyecanl\u0131yd\u0131m ve korkudan neredeyse \u00e7\u0131ld\u0131r\u0131yordum \u00e7\u00fcnk\u00fc hayat\u0131mda ilk kez bir hastaneye yat\u0131yordum ve hi\u00e7 ameliyat olmam\u0131\u015ft\u0131m.      <\/p>\n\n\n\n<p>\u00c7izim yap\u0131ld\u0131ktan sonra beklemek neredeyse en k\u00f6t\u00fc k\u0131s\u0131md\u0131, o an o kadar heyecanl\u0131yd\u0131m ki, \u00e7\u00fcnk\u00fc tam olarak \u015funu biliyordum: Uyand\u0131\u011f\u0131mda her \u015fey eskisi gibi olmayacak. Bu y\u00fczden narkozum verildi\u011finde ger\u00e7ekten rahatlad\u0131m ve heyecandan a\u011flamam gerekmedi. <\/p>\n\n\n\n<p>\u0130\u015fte ba\u015fl\u0131yoruz<\/p>\n\n\n\n<p>Ya\u015fam partnerimle son bir kez vedala\u015fabildim ve beni ameliyat salonuna g\u00f6t\u00fcrd\u00fcler. Ameliyat masas\u0131na yatmam gerekti\u011fi s\u00f6ylendi\u011fi ana kadar her \u015feyi hat\u0131rl\u0131yorum, ama ondan sonras\u0131n\u0131 ne yaz\u0131k ki hat\u0131rlayam\u0131yorum. Bu arada, ya\u015fam partnerim odadaki televizyondan ameliyat\u0131n ne zaman bitti\u011fini, benim uyand\u0131rma odas\u0131nda olup olmad\u0131\u011f\u0131m\u0131 ve bana odama \u00e7\u0131kar\u0131lmadan \u00f6nceki durumu takip edebiliyordu.   <\/p>\n\n\n\n<p>G\u00f6zlerimi a\u00e7t\u0131\u011f\u0131mda, hep ayn\u0131 \u015feyi s\u00f6ylediklerimi hat\u0131rl\u0131yorum: &#8220;\u015eimdi ya\u015fam partnerime gitmek istiyorum.&#8221; Ama biraz sabretmem gerekti. O ana kadar hi\u00e7bir ac\u0131 ya da ba\u015fka bir \u015fey hissetmemi\u015ftim. Odaya getirildi\u011fimde cihazlara ba\u011fland\u0131m. K\u0131sa s\u00fcre sonra, yorgunluktan hemen uyudum. Dr. Soner Tatlidede, uyand\u0131ktan sonra odam\u0131 ziyaret etti.   <\/p>\n\n\n\n<p>San\u0131r\u0131m kimseye, bunun ac\u0131s\u0131z bir i\u015flem olmad\u0131\u011f\u0131n\u0131 s\u00f6ylememe gerek yok, \u00e7\u00fcnk\u00fc ger\u00e7ekten kolay olmayaca\u011f\u0131n\u0131 anlamal\u0131s\u0131n\u0131z. Hayat\u0131mda hissetti\u011fim en b\u00fcy\u00fck ac\u0131y\u0131, ilk kez kalkmam gerekti\u011finde (ayn\u0131 g\u00fcn i\u00e7inde) ya\u015fad\u0131m. \u0130lk gece \u00e7ok a\u011fr\u0131l\u0131 ge\u00e7ti ama ger\u00e7ekten ihtiyac\u0131m olan ila\u00e7lar verildi. L\u00fctfen yan\u0131n\u0131za ger\u00e7ekten her konuda yard\u0131mc\u0131 olabilecek birini getirin. \u00c7\u00fcnk\u00fc o g\u00fcnden itibaren bir hafta boyunca tek ba\u015f\u0131n\u0131za hi\u00e7bir \u015fey yapamayacaks\u0131n\u0131z. Tuvalete tek ba\u015f\u0131n\u0131za gidemiyorsunuz (pantolonunuzu indirmeniz imkans\u0131z), di\u015flerinizi f\u0131r\u00e7alayamazs\u0131n\u0131z, sa\u00e7\u0131n\u0131z\u0131 tarayamazs\u0131n\u0131z, yemek yiyemezsiniz ya da su i\u00e7emezsiniz \u00e7\u00fcnk\u00fc ac\u0131dan dolay\u0131 kollar\u0131n\u0131z\u0131 hi\u00e7 hareket ettiremiyorsunuz. Ama her g\u00fcn biraz daha iyi hissedeceksiniz ve tekrar ba\u011f\u0131ms\u0131z olacaks\u0131n\u0131z.      <\/p>\n\n\n\n<p>Bir g\u00fcn hastanede kald\u0131ktan sonra otele gidebildik. Burada k\u00fc\u00e7\u00fck bir not: T\u00fcm s\u00fcre\u00e7te tek olumsuz \u015fey, Kati\u2019nin bizi a\u015fa\u011f\u0131ya \u00e7a\u011f\u0131r\u0131p alaca\u011f\u0131m\u0131z\u0131 s\u00f6ylemesiydi, ama bir \u015feyler ters gitti ve tam bir saat lobide beklemek zorunda kald\u0131m. (Ameliyat sonras\u0131 asl\u0131nda bunu istemezsiniz). Ama bir saat sonra ger\u00e7ekten otele g\u00f6t\u00fcr\u00fcld\u00fck. Otel personeli ger\u00e7ekten \u00e7ok dost canl\u0131s\u0131yd\u0131 ve t\u00fcm \u00f6zel isteklerimize \u00e7ok duyarl\u0131yd\u0131.    <\/p>\n\n\n\n<p>\u0130svi\u00e7re&#8217;ye d\u00f6nmeden \u00f6nce iki tane daha kontrol\u00fcm\u00fcz vard\u0131. \u00dc\u00e7\u00fcnc\u00fc g\u00fcn\u00fcn sonunda drenler \u00e7\u0131kar\u0131ld\u0131 ve \u015funu s\u00f6ylemeliyim ki, ondan sonra her \u015fey ger\u00e7ekten \u00e7ok daha iyi gitmeye ba\u015flad\u0131. \u00c7\u0131kart\u0131lacaklar\u0131 i\u00e7in \u00e7ok korkmu\u015ftum \u00e7\u00fcnk\u00fc internetten ne kadar ac\u0131l\u0131 oldu\u011fu hakk\u0131nda korkutucu \u015feyler okumu\u015ftum, ama kesinlikle hi\u00e7 \u00f6yle de\u011fildi. Hatta \u00e7\u0131kar\u0131rken hi\u00e7 hissetmedim bile ve ne zaman ba\u015flayaca\u011f\u0131n\u0131 sordum.  <\/p>\n\n\n\n<p>D\u00f6n\u00fc\u015f yolculu\u011fundan hemen \u00f6nce bandajlar\u0131m \u00e7\u0131kar\u0131ld\u0131. 9 Ocak 2018&#8217;de mutlu bir \u015fekilde evimize d\u00f6nd\u00fck.<\/p>\n\n\n\n<p>T\u00fcm ay boyunca tatildeydim ve i\u015fe gitmek zorunda kalmad\u0131m. \u0130svi\u00e7re&#8217;ye d\u00f6nd\u00fckten bir hafta sonra neredeyse hi\u00e7 a\u011fr\u0131m kalmam\u0131\u015ft\u0131.<\/p>\n\n\n\n<p>\u0130ki hafta sonra kontrole gittim ve her \u015feyin iyi oldu\u011funu g\u00f6rd\u00fcm.<\/p>\n\n\n\n<p>Art\u0131k iki ay sonra her \u015feyi sorunsuzca yapabiliyorum ve ameliyat ge\u00e7irdi\u011fimi bile hissetmiyorum.<\/p>\n\n\n\n<p>MedicalTravel&#8217;a, Acibadem&#8217;e ve otel personeline i\u00e7tenlikle te\u015fekk\u00fcr etmek istiyorum. Ald\u0131\u011f\u0131m hizmetlerden ve sonu\u00e7lardan \u00e7ok memnunum ve ger\u00e7ekten \u00e7ok tavsiye ediyorum. E\u011fer bir \u015fey yapt\u0131rmak istiyorsan\u0131z, T\u00fcrkiye&#8217;de yapt\u0131rmaktan \u00e7ekinmeyin, \u00e7\u00fcnk\u00fc ger\u00e7ekten harikalar.  <\/p>\n\n\n\n<p>PS: Evet, bunu tekrar yapt\u0131r\u0131r\u0131m. A\u011fr\u0131lar ge\u00e7iyor, ama sonu\u00e7 kal\u0131yor. <\/p>\n\n\n\n<p>Bayan A. Berisha<\/p>\n\n\n\n<div class=\"wp-block-group is-layout-grid wp-container-core-group-is-layout-baef362d wp-block-group-is-layout-grid\">\n<p><a href=\"https:\/\/medicaltravel.at\/home\/agb\/\" data-type=\"page\" data-id=\"2191\" rel=\"nofollow noopener\" target=\"_blank\"><\/a><a href=\"https:\/\/medicaltravel.ch\/tr\/hasta-raporlari\/referanslar-tavsiyeler-tedaviler-degerlendirmeler-turkiye-istanbul\/istanbulda-goez-kapagi-kaldirma-ve-otolog-yag-enjeksiyonu-islemim\/\" data-type=\"link\" data-id=\"https:\/\/medicaltravel.ch\/tr\/hasta-raporlari\/referanslar-tavsiyeler-tedaviler-degerlendirmeler-turkiye-istanbul\/istanbulda-goez-kapagi-kaldirma-ve-otolog-yag-enjeksiyonu-islemim\/\">\u00d6nceki rapor<\/a><\/p>\n\n\n\n<p class=\"has-text-align-right wp-container-content-5e2576f9\"><a href=\"https:\/\/medicaltravel.at\/home\/impressum\/\" data-type=\"page\" data-id=\"2193\" rel=\"nofollow noopener\" target=\"_blank\"><\/a><a href=\"https:\/\/medicaltravel.at\/home\/berichte-von-patienten\/erfahrungsberichte\/erfahrungsbericht-zahnbehandlung-in-istanbul\/\" data-type=\"page\" data-id=\"981\" rel=\"nofollow noopener\" target=\"_blank\"><\/a><a href=\"https:\/\/medicaltravel.ch\/tr\/hasta-raporlari\/referanslar-tavsiyeler-tedaviler-degerlendirmeler-turkiye-istanbul\/istanbulda-sac-ekimi-deneyimim\/\" data-type=\"link\" data-id=\"https:\/\/medicaltravel.ch\/tr\/hasta-raporlari\/referanslar-tavsiyeler-tedaviler-degerlendirmeler-turkiye-istanbul\/istanbulda-sac-ekimi-deneyimim\/\">Bir sonraki rapor<\/a><\/p>\n<\/div>\n","protected":false},"excerpt":{"rendered":"<p>ACI KAYBOLUR; SONU\u00c7 KALIR \u2013 28 \u015eubat 2018 \u00c7ar\u015famba tarihli rapor \u0130stanbul&#8217;da 1 Ocak 2018 tarihinde ger\u00e7ekle\u015ftirdi\u011fim meme b\u00fcy\u00fctme ameliyat\u0131na dair deneyim raporum: G\u00f6\u011f\u00fcs kas\u0131 alt\u0131na meme b\u00fcy\u00fctme Meme ameliyat\u0131 konusuyla uzun s\u00fcre ilgilendim ve asl\u0131nda bunun T\u00fcrkiye&#8217;de yap\u0131laca\u011f\u0131na karar vermi\u015ftim. MedicalTravel hakk\u0131nda, 3 y\u0131l \u00f6nce bu ad\u0131m\u0131 atan ve tamamen memnun olan bir tan\u0131d\u0131\u011f\u0131mdan duydum. \u0130lk olarak MedicalTravel&#8217;dan Bay Kara ile ileti\u015fime ge\u00e7tim. Nisan ay\u0131nda \u00f6n muayene i\u00e7in hemen randevu ald\u0131m ve cerrah Dr. Soner Tatldede ile tan\u0131\u015farak ad\u0131mlar\u0131 detayl\u0131 bir \u015fekilde konu\u015ftuk. Kendisi \u00e7ok nazikti ve isteklerime ger\u00e7ekten ilgi g\u00f6sterdi. Birka\u00e7 g\u00fcn sonra Bay Kara&#8217;ya onay\u0131m\u0131 verdim ve o da \u0130stanbul&#8217;daki seyahati planlamaya ba\u015flad\u0131. \u015eansl\u0131yd\u0131m ki, istedi\u011fim tarihe randevu almay\u0131 ba\u015fard\u0131m. Organizasyon tamamen sorunsuzdu. 1 Ocak 2018&#8217;de \u0130stanbul&#8217;a u\u00e7tuk (ben ve ya\u015fam partnerim). \u0130stanbul&#8217;a ilk kez gitmiyorduk, bu y\u00fczden tekrar \u0130stanbul&#8217;a gitmek bizi ger\u00e7ekten \u00e7ok mutlu etti. Konforlu bir u\u00e7u\u015f yapt\u0131k ve Ac\u0131badem&#8217;in \u015fof\u00f6r\u00fc, havaliman\u0131nda bizleri belirtilen \u015fekilde kar\u015f\u0131lad\u0131. Ard\u0131ndan MedicalTravel&#8217;in bizim i\u00e7in se\u00e7ip ayarlad\u0131\u011f\u0131 otele gittik. Ertesi g\u00fcn, ayn\u0131 \u015fof\u00f6r taraf\u0131ndan otelden al\u0131nd\u0131k ve Ac\u0131badem hastanesine g\u00f6t\u00fcr\u00fcld\u00fck. Orada pasaport bilgilerimizi verdik, kan testi yapt\u0131rd\u0131k ve cerrah\u0131m\u0131zla her \u015feyi ayr\u0131nt\u0131l\u0131 \u015fekilde konu\u015ftuk. Bu s\u0131rada Kati, her zaman yan\u0131m\u0131zda olan \u00e7evirmenimiz olarak tan\u0131t\u0131ld\u0131. Biz ki\u015fisel olarak ona ihtiya\u00e7 duymad\u0131k \u00e7\u00fcnk\u00fc ya\u015fam partnerim T\u00fcrk\u00e7e konu\u015fabiliyor. Ard\u0131ndan biz de hastaneden ayr\u0131ld\u0131k. O g\u00fcn otelimize geri d\u00f6nmek istemedik \u00e7\u00fcnk\u00fc Taksim&#8217;e gitmek istedik. Ki\u015fisel olarak Taksim&#8217;i tavsiye ediyorum, \u00e7ok canl\u0131 bir yer ve y\u00fcr\u00fcyerek gezebilece\u011finiz bir\u00e7ok \u015fey var, her \u015fey yak\u0131ndan eri\u015filebilir. Yava\u015f\u00e7a i\u015fler ciddile\u015fmeye ba\u015flam\u0131\u015ft\u0131. 3 Ocak 2018 \u00c7ar\u015famba g\u00fcn\u00fcyd\u00fc ve gece boyunca g\u00f6z\u00fcm\u00fc kapatamad\u0131m. \u00c7ok erken al\u0131nd\u0131k, giri\u015fte kayd\u0131m\u0131z\u0131 yapt\u0131rd\u0131k ve odam\u0131za yerle\u015ftirildik. Bu arada, ya\u015fam partnerim benimle birlikte kalabilirdi, Bay Kara&#8217;ya bunu organize etti\u011fi i\u00e7in te\u015fekk\u00fcr ederim. Ard\u0131ndan her \u015fey bir anda h\u0131zla geli\u015fti. Hem\u015fireler hemen i\u00e7eri girdi, bana hastane elbiselerini getirdiler ve inf\u00fczyon i\u00e7in her \u015feyi haz\u0131rlad\u0131lar. \u015eimdi neredeyse ameliyata haz\u0131rd\u0131m. Dr. Soner Tatlidede, ameliyat \u00f6ncesi beni g\u00f6rmek i\u00e7in odama geldi ve her \u015feyin do\u011fru oldu\u011fundan emin oldu. Ameliyat \u00f6ncesi a\u015f\u0131r\u0131 heyecanl\u0131yd\u0131m ve korkudan neredeyse \u00e7\u0131ld\u0131r\u0131yordum \u00e7\u00fcnk\u00fc hayat\u0131mda ilk kez bir hastaneye yat\u0131yordum ve hi\u00e7 ameliyat olmam\u0131\u015ft\u0131m. \u00c7izim yap\u0131ld\u0131ktan sonra beklemek neredeyse en k\u00f6t\u00fc k\u0131s\u0131md\u0131, o an o kadar heyecanl\u0131yd\u0131m ki, \u00e7\u00fcnk\u00fc tam olarak \u015funu biliyordum: Uyand\u0131\u011f\u0131mda her \u015fey eskisi gibi olmayacak. Bu y\u00fczden narkozum verildi\u011finde ger\u00e7ekten rahatlad\u0131m ve heyecandan a\u011flamam gerekmedi. \u0130\u015fte ba\u015fl\u0131yoruz Ya\u015fam partnerimle son bir kez vedala\u015fabildim ve beni ameliyat salonuna g\u00f6t\u00fcrd\u00fcler. Ameliyat masas\u0131na yatmam gerekti\u011fi s\u00f6ylendi\u011fi ana kadar her \u015feyi hat\u0131rl\u0131yorum, ama ondan sonras\u0131n\u0131 ne yaz\u0131k ki hat\u0131rlayam\u0131yorum. Bu arada, ya\u015fam partnerim odadaki televizyondan ameliyat\u0131n ne zaman bitti\u011fini, benim uyand\u0131rma odas\u0131nda olup olmad\u0131\u011f\u0131m\u0131 ve bana odama \u00e7\u0131kar\u0131lmadan \u00f6nceki durumu takip edebiliyordu. G\u00f6zlerimi a\u00e7t\u0131\u011f\u0131mda, hep ayn\u0131 \u015feyi s\u00f6ylediklerimi hat\u0131rl\u0131yorum: &#8220;\u015eimdi ya\u015fam partnerime gitmek istiyorum.&#8221; Ama biraz sabretmem gerekti. O ana kadar hi\u00e7bir ac\u0131 ya da ba\u015fka bir \u015fey hissetmemi\u015ftim. Odaya getirildi\u011fimde cihazlara ba\u011fland\u0131m. K\u0131sa s\u00fcre sonra, yorgunluktan hemen uyudum. Dr. Soner Tatlidede, uyand\u0131ktan sonra odam\u0131 ziyaret etti. San\u0131r\u0131m kimseye, bunun ac\u0131s\u0131z bir i\u015flem olmad\u0131\u011f\u0131n\u0131 s\u00f6ylememe gerek yok, \u00e7\u00fcnk\u00fc ger\u00e7ekten kolay olmayaca\u011f\u0131n\u0131 anlamal\u0131s\u0131n\u0131z. Hayat\u0131mda hissetti\u011fim en b\u00fcy\u00fck ac\u0131y\u0131, ilk kez kalkmam gerekti\u011finde (ayn\u0131 g\u00fcn i\u00e7inde) ya\u015fad\u0131m. \u0130lk gece \u00e7ok a\u011fr\u0131l\u0131 ge\u00e7ti ama ger\u00e7ekten ihtiyac\u0131m olan ila\u00e7lar verildi. L\u00fctfen yan\u0131n\u0131za ger\u00e7ekten her konuda yard\u0131mc\u0131 olabilecek birini getirin. \u00c7\u00fcnk\u00fc o g\u00fcnden itibaren bir hafta boyunca tek ba\u015f\u0131n\u0131za hi\u00e7bir \u015fey yapamayacaks\u0131n\u0131z. Tuvalete tek ba\u015f\u0131n\u0131za gidemiyorsunuz (pantolonunuzu indirmeniz imkans\u0131z), di\u015flerinizi f\u0131r\u00e7alayamazs\u0131n\u0131z, sa\u00e7\u0131n\u0131z\u0131 tarayamazs\u0131n\u0131z, yemek yiyemezsiniz ya da su i\u00e7emezsiniz \u00e7\u00fcnk\u00fc ac\u0131dan dolay\u0131 kollar\u0131n\u0131z\u0131 hi\u00e7 hareket ettiremiyorsunuz. Ama her g\u00fcn biraz daha iyi hissedeceksiniz ve tekrar ba\u011f\u0131ms\u0131z olacaks\u0131n\u0131z. Bir g\u00fcn hastanede kald\u0131ktan sonra otele gidebildik. Burada k\u00fc\u00e7\u00fck bir not: T\u00fcm s\u00fcre\u00e7te tek olumsuz \u015fey, Kati\u2019nin bizi a\u015fa\u011f\u0131ya \u00e7a\u011f\u0131r\u0131p alaca\u011f\u0131m\u0131z\u0131 s\u00f6ylemesiydi, ama bir \u015feyler ters gitti ve tam bir saat lobide beklemek zorunda kald\u0131m. (Ameliyat sonras\u0131 asl\u0131nda bunu istemezsiniz). Ama bir saat sonra ger\u00e7ekten otele g\u00f6t\u00fcr\u00fcld\u00fck. Otel personeli ger\u00e7ekten \u00e7ok dost canl\u0131s\u0131yd\u0131 ve t\u00fcm \u00f6zel isteklerimize \u00e7ok duyarl\u0131yd\u0131. \u0130svi\u00e7re&#8217;ye d\u00f6nmeden \u00f6nce iki tane daha kontrol\u00fcm\u00fcz vard\u0131. \u00dc\u00e7\u00fcnc\u00fc g\u00fcn\u00fcn sonunda drenler \u00e7\u0131kar\u0131ld\u0131 ve \u015funu s\u00f6ylemeliyim ki, ondan sonra her \u015fey ger\u00e7ekten \u00e7ok daha iyi gitmeye ba\u015flad\u0131. \u00c7\u0131kart\u0131lacaklar\u0131 i\u00e7in \u00e7ok korkmu\u015ftum \u00e7\u00fcnk\u00fc internetten ne kadar ac\u0131l\u0131 oldu\u011fu hakk\u0131nda korkutucu \u015feyler okumu\u015ftum, ama kesinlikle hi\u00e7 \u00f6yle de\u011fildi. Hatta \u00e7\u0131kar\u0131rken hi\u00e7 hissetmedim bile ve ne zaman ba\u015flayaca\u011f\u0131n\u0131 sordum. D\u00f6n\u00fc\u015f yolculu\u011fundan hemen \u00f6nce bandajlar\u0131m \u00e7\u0131kar\u0131ld\u0131. 9 Ocak 2018&#8217;de mutlu bir \u015fekilde evimize d\u00f6nd\u00fck. T\u00fcm ay boyunca tatildeydim ve i\u015fe gitmek zorunda kalmad\u0131m. \u0130svi\u00e7re&#8217;ye d\u00f6nd\u00fckten bir hafta sonra neredeyse hi\u00e7 a\u011fr\u0131m kalmam\u0131\u015ft\u0131. \u0130ki hafta sonra kontrole gittim ve her \u015feyin iyi oldu\u011funu g\u00f6rd\u00fcm. Art\u0131k iki ay sonra her \u015feyi sorunsuzca yapabiliyorum ve ameliyat ge\u00e7irdi\u011fimi bile hissetmiyorum. MedicalTravel&#8217;a, Acibadem&#8217;e ve otel personeline i\u00e7tenlikle te\u015fekk\u00fcr etmek istiyorum. Ald\u0131\u011f\u0131m hizmetlerden ve sonu\u00e7lardan \u00e7ok memnunum ve ger\u00e7ekten \u00e7ok tavsiye ediyorum. E\u011fer bir \u015fey yapt\u0131rmak istiyorsan\u0131z, T\u00fcrkiye&#8217;de yapt\u0131rmaktan \u00e7ekinmeyin, \u00e7\u00fcnk\u00fc ger\u00e7ekten harikalar. PS: Evet, bunu tekrar yapt\u0131r\u0131r\u0131m. A\u011fr\u0131lar ge\u00e7iyor, ama sonu\u00e7 kal\u0131yor. Bayan A. Berisha \u00d6nceki rapor Bir sonraki rapor<\/p>\n","protected":false},"author":4,"featured_media":0,"parent":4587,"menu_order":0,"comment_status":"closed","ping_status":"closed","template":"","meta":{"_joinchat":[],"footnotes":""},"class_list":["post-4609","page","type-page","status-publish","hentry"],"acf":[],"_links":{"self":[{"href":"https:\/\/medicaltravel.ch\/tr\/wp-json\/wp\/v2\/pages\/4609","targetHints":{"allow":["GET"]}}],"collection":[{"href":"https:\/\/medicaltravel.ch\/tr\/wp-json\/wp\/v2\/pages"}],"about":[{"href":"https:\/\/medicaltravel.ch\/tr\/wp-json\/wp\/v2\/types\/page"}],"author":[{"embeddable":true,"href":"https:\/\/medicaltravel.ch\/tr\/wp-json\/wp\/v2\/users\/4"}],"replies":[{"embeddable":true,"href":"https:\/\/medicaltravel.ch\/tr\/wp-json\/wp\/v2\/comments?post=4609"}],"version-history":[{"count":0,"href":"https:\/\/medicaltravel.ch\/tr\/wp-json\/wp\/v2\/pages\/4609\/revisions"}],"up":[{"embeddable":true,"href":"https:\/\/medicaltravel.ch\/tr\/wp-json\/wp\/v2\/pages\/4587"}],"wp:attachment":[{"href":"https:\/\/medicaltravel.ch\/tr\/wp-json\/wp\/v2\/media?parent=4609"}],"curies":[{"name":"wp","href":"https:\/\/api.w.org\/{rel}","templated":true}]}}