{"id":4621,"date":"2025-09-23T16:42:39","date_gmt":"2025-09-23T15:42:39","guid":{"rendered":"https:\/\/medicaltravel.ch\/hasta-raporlari\/erfahrungsberichte-empfehlungen-behandlungen-beurteilung-tuerkei-istanbul\/istanbul-tuerkiyede-liposuction-tavsiyesi\/"},"modified":"2026-01-12T17:24:02","modified_gmt":"2026-01-12T16:24:02","slug":"istanbul-tuerkiyede-liposuction-tavsiyesi","status":"publish","type":"page","link":"https:\/\/medicaltravel.ch\/tr\/hasta-raporlari\/referanslar-tavsiyeler-tedaviler-degerlendirmeler-turkiye-istanbul\/istanbul-tuerkiyede-liposuction-tavsiyesi\/","title":{"rendered":"\u0130stanbul, T\u00fcrkiye&#8217;de liposuction tavsiyesi"},"content":{"rendered":"\n<p><strong>\u0130STANBUL&#8217;DA L\u0130POSUKS\u0130YON \u0130\u00c7\u0130N TAVS\u0130YEM<\/strong><\/p>\n\n\n\n<p>Partnerim uzun s\u00fcre kar\u0131n b\u00f6lgesine liposuction yapt\u0131rmay\u0131 d\u00fc\u015f\u00fcnd\u00fc. \u0130lk randevusuna Zug&#8217;a gitmesine ben de e\u015flik ettim. Asl\u0131nda ben liposuction yapt\u0131rmay\u0131 d\u00fc\u015f\u00fcnm\u00fcyordum&#8230;  <\/p>\n\n\n\n<p>Tedaviyi T\u00fcrkiye&#8217;de ger\u00e7ekle\u015ftiren doktor, \u0130svi\u00e7re&#8217;deki dan\u0131\u015fman\u0131m\u0131z olarak bizi ki\u015fisel olarak kar\u015f\u0131lad\u0131. Konusunda e\u011fitimli ve deneyimli bir terc\u00fcman bizimle birlikteydi. Doktor, t\u00fcm bilgileri kaydettikten ve kar\u0131n b\u00f6lgesinden foto\u011fraflar \u00e7ektikten sonra partnerime profesyonel bir \u015fekilde dan\u0131\u015fmanl\u0131k yapt\u0131.  <\/p>\n\n\n\n<p>Spontan sordum, acaba benim de kar\u0131n b\u00f6lgesine liposuction yapt\u0131rmam m\u00fcmk\u00fcn m\u00fc? Y\u0131llard\u0131r g\u00fc\u00e7 antrenman\u0131 yapmama ve beslenmemin olduk\u00e7a dengeli olmas\u0131na ra\u011fmen kar\u0131n \u00e7evrem 100 cm idi. Bunu b\u00fcy\u00fckannemden ve annemden miras alm\u0131\u015ft\u0131m. 15 y\u0131ld\u0131r kar\u0131n b\u00f6lgem s\u00fcrekli rahats\u0131zl\u0131k veriyordu, \u00f6zellikle de \u00e7ok \u015fey yapmama ra\u011fmen gitmemesi beni zorluyordu. Bu benim i\u00e7in olduk\u00e7a hayal k\u0131r\u0131kl\u0131\u011f\u0131yd\u0131.    <\/p>\n\n\n\n<p>Doktor kar\u0131n b\u00f6lgemden de foto\u011fraflar \u00e7ekti ve ben de ona sorular\u0131m\u0131 sordum, o da bunlar\u0131 uzman bir \u015fekilde yan\u0131tlad\u0131.<\/p>\n\n\n\n<p>Evde ara\u015ft\u0131rma yaparken, doktorun yurtd\u0131\u015f\u0131nda \u00e7al\u0131\u015fm\u0131\u015f ve ad\u0131n\u0131 duyurmu\u015f \u00e7ok tan\u0131nm\u0131\u015f bir hekim oldu\u011funu g\u00f6rd\u00fcm. Benim i\u00e7in \u00f6nemli olan, tedavi eden doktorumu m\u00fcmk\u00fcn oldu\u011funca iyi tan\u0131makt\u0131. Ayr\u0131ca Florance Nightingale Hastanesi&#8217;nin de \u00e7ok iyi bir \u00fcne sahip oldu\u011funu fark ettim!  <\/p>\n\n\n\n<p>Karar\u0131m\u0131 vermem 2-3 ay s\u00fcrd\u00fc, sonunda <a href=\"https:\/\/medicaltravel.ch\/tr\/kozmetik-cerrahi\/tedavi-yelpazesi\/liposuction-turkiye-istanbul-antalya-izmir\/\" data-type=\"page\" data-id=\"92\">liposuction <\/a>yapt\u0131rmaya karar verdim. <a href=\"https:\/\/medicaltravel.ch\/tr\/\" data-type=\"page\" data-id=\"6\">Medicaltravel <\/a>\u00e7ok sab\u0131rl\u0131yd\u0131, \u00e7\u00fcnk\u00fc ba\u015fta kabul ettim, sonra vazge\u00e7tim ve en sonunda tekrar kabul ettim. Orijinal teklifi de aynen uygulayabildiler, bu da beni \u00e7ok mutlu etti! <br>\u0130stanbul&#8217;a vard\u0131\u011f\u0131m\u0131zda, bizi otele transfer ettiler ve hemen ard\u0131ndan \u00f6n muayene i\u00e7in hastaneye g\u00f6t\u00fcrd\u00fcler. Hastane, otelden sadece 5 km uzakl\u0131ktayd\u0131, bu da b\u00fcy\u00fck bir rahatl\u0131kt\u0131 \u00e7\u00fcnk\u00fc \u00e7ok fazla taksiyle yolculuk yapmam\u0131za gerek olmad\u0131. <\/p>\n\n\n\n<p>Ertesi g\u00fcn partnerime liposuction yap\u0131ld\u0131 ve iki g\u00fcn sonra da bana. Her zaman bir terc\u00fcman\u0131m\u0131z vard\u0131, hatta WhatsApp \u00fczerinden de ileti\u015fim kurabiliyorduk. Hastanede \u00e7ok iyi bir tedavi g\u00f6rd\u00fcm; hem\u015fireler nazik ve yard\u0131mc\u0131yd\u0131, biraz \u0130ngilizce konu\u015fabiliyorlard\u0131. Oda ve yatak olduk\u00e7a rahatt\u0131, ayr\u0131ca televizyon (Almanca\/\u0130ngilizce kanallar) vard\u0131.   <\/p>\n\n\n\n<p>Kontrollerim 3 g\u00fcn sonra yap\u0131ld\u0131 ve doktor, \u00f6n\u00fcm\u00fczdeki 2-4 hafta boyunca neler yap\u0131p yapmamam gerekti\u011fi konusunda tavsiyelerde bulundu. Kar\u0131n b\u00f6lgemi, operasyondan bir hafta sonra kendisine g\u00f6ndermemi istedi. G\u00f6r\u00fcn\u00fcm\u00fcn\u00fc g\u00f6rmek istiyordu. Bir hafta sonra, foto\u011fraflar\u0131 WhatsApp \u00fczerinden Medicaltravel&#8217;e ilettim. Onlar da hemen doktoruna g\u00f6nderdiler ve 24 saat i\u00e7inde doktor cevap verdi. Sonu\u00e7 olduk\u00e7a iyi g\u00f6r\u00fcn\u00fcyordu.    <\/p>\n\n\n\n<p>Yard\u0131m, rehberlik ve ula\u015f\u0131m m\u00fckemmel bir \u015fekilde organize edilmi\u015fti. <a href=\"https:\/\/medicaltravel.ch\/wp-content\/uploads\/2025\/09\/Lebenslauf_Assoc_Prof_Dr_Oguz-Kayiran.pdf\" data-type=\"link\" data-id=\"https:\/\/medicaltravel.ch\/wp-content\/uploads\/2025\/09\/Lebenslauf_Assoc_Prof_Dr_Oguz-Kayiran.pdf\">Doktor sorular\u0131ma<\/a> yan\u0131t verdi ve benim i\u00e7in zaman ay\u0131rd\u0131. Hastanede genellikle daha korkak oldu\u011fum i\u00e7in, bu benim i\u00e7in \u00e7ok \u00f6nemliydi. <\/p>\n\n\n\n<p>Hastaneye \u00e7ok yak\u0131n olan oteli ger\u00e7ekten \u00e7ok be\u011fendim. Taksiyle fazla yolculuk yapmaya gerek yoktu, bu da bir hastane yat\u0131\u015f\u0131ndan (operasyondan bir gece sonra) sonra olduk\u00e7a rahatlat\u0131c\u0131yd\u0131. Otel \u00e7ok iyi donan\u0131ml\u0131yd\u0131, \u00f6zellikle de operasyon sonras\u0131 destek almas\u0131 gerekenler i\u00e7in \u00e7ok uygun bir yerdi\u2026 \u00f6zellikle kalkarken ya da y\u00fcr\u00fcrken zorlan\u0131yordum. Tuvaletteki alarm sistemi \u00e7ok faydal\u0131yd\u0131, kullanmam\u0131\u015f olsam da.  <\/p>\n\n\n\n<p>Otelin yak\u0131nlar\u0131nda bir\u00e7ok yemek yeme ve al\u0131\u015fveri\u015f yapma imkan\u0131 bulduk. Fiyatlar \u00e7ok uygundu ve k\u0131yafetlerin kalitesi olduk\u00e7a iyiydi. Kendi markalar\u0131 vard\u0131, ki bunlar\u0131 \u00e7ok be\u011fendim. Ayr\u0131ca hemen pantolon boyu k\u0131saltmas\u0131 yapan ya da ertesi g\u00fcn biten bir terzi bulduk. Sadece bir hafta kald\u0131\u011f\u0131m\u0131z i\u00e7in, bu bizim i\u00e7in \u00e7ok \u00f6nemliydi.    <\/p>\n\n\n\n<p>En az 10 g\u00fcn kalmay\u0131 tavsiye ederim. Liposuction sonras\u0131 3 g\u00fcn boyunca drenaj\u0131 ta\u015f\u0131d\u0131m ve bununla y\u00fcr\u00fcmek olduk\u00e7a rahats\u0131z edici ve bazen a\u011fr\u0131l\u0131yd\u0131. Daha \u00f6nce \u0130stanbul&#8217;da bulundu\u011fum i\u00e7in \u015fehrin ne kadar g\u00fczel oldu\u011funu biliyordum. Ne yaz\u0131k ki bu sefer Hagia Sophia&#8217;y\u0131 tekrar ziyaret etme f\u0131rsat\u0131m olmad\u0131, bu y\u00fczden bir kez daha \u0130stanbul&#8217;a gitmeyi d\u00fc\u015f\u00fcn\u00fcyorum. Liposuction yapt\u0131rmaktan pi\u015fman olmad\u0131m. A\u00e7\u0131k ve net bilgilerle kararlar\u0131m\u0131 verebildim. Liposuction yapt\u0131rmak isteyen birine Medicaltravel&#8217;\u0131 tavsiye ederim.     <\/p>\n\n\n\n<p>Sayg\u0131lar\u0131mla, Elisabeth Guarcello<\/p>\n\n\n\n<div class=\"wp-block-group is-layout-grid wp-container-core-group-is-layout-baef362d wp-block-group-is-layout-grid\">\n<p><a href=\"https:\/\/medicaltravel.at\/home\/agb\/\" data-type=\"page\" data-id=\"2191\" rel=\"nofollow noopener\" target=\"_blank\"><\/a><a href=\"https:\/\/medicaltravel.ch\/tr\/hasta-raporlari\/referanslar-tavsiyeler-tedaviler-degerlendirmeler-turkiye-istanbul\/istanbul-tuerkiyede-burun-estetigi-tavsiyesi\/\" data-type=\"link\" data-id=\"https:\/\/medicaltravel.ch\/tr\/hasta-raporlari\/referanslar-tavsiyeler-tedaviler-degerlendirmeler-turkiye-istanbul\/istanbul-tuerkiyede-burun-estetigi-tavsiyesi\/\">\u00d6nceki rapor<\/a><\/p>\n\n\n\n<p class=\"has-text-align-right wp-container-content-5e2576f9\"><a href=\"https:\/\/medicaltravel.at\/home\/impressum\/\" data-type=\"page\" data-id=\"2193\" rel=\"nofollow noopener\" target=\"_blank\"><\/a><a href=\"https:\/\/medicaltravel.at\/home\/berichte-von-patienten\/erfahrungsberichte\/erfahrungsbericht-zahnbehandlung-in-istanbul\/\" data-type=\"page\" data-id=\"981\" rel=\"nofollow noopener\" target=\"_blank\"><\/a><a href=\"https:\/\/medicaltravel.ch\/tr\/hasta-raporlari\/referanslar-tavsiyeler-tedaviler-degerlendirmeler-turkiye-istanbul\/istanbuldaki-dis-tedavimle-ilgili-deneyimim\/\" data-type=\"link\" data-id=\"https:\/\/medicaltravel.ch\/tr\/hasta-raporlari\/referanslar-tavsiyeler-tedaviler-degerlendirmeler-turkiye-istanbul\/istanbuldaki-dis-tedavimle-ilgili-deneyimim\/\">Bir sonraki rapor<\/a><\/p>\n<\/div>\n","protected":false},"excerpt":{"rendered":"<p>\u0130STANBUL&#8217;DA L\u0130POSUKS\u0130YON \u0130\u00c7\u0130N TAVS\u0130YEM Partnerim uzun s\u00fcre kar\u0131n b\u00f6lgesine liposuction yapt\u0131rmay\u0131 d\u00fc\u015f\u00fcnd\u00fc. \u0130lk randevusuna Zug&#8217;a gitmesine ben de e\u015flik ettim. Asl\u0131nda ben liposuction yapt\u0131rmay\u0131 d\u00fc\u015f\u00fcnm\u00fcyordum&#8230; Tedaviyi T\u00fcrkiye&#8217;de ger\u00e7ekle\u015ftiren doktor, \u0130svi\u00e7re&#8217;deki dan\u0131\u015fman\u0131m\u0131z olarak bizi ki\u015fisel olarak kar\u015f\u0131lad\u0131. Konusunda e\u011fitimli ve deneyimli bir terc\u00fcman bizimle birlikteydi. Doktor, t\u00fcm bilgileri kaydettikten ve kar\u0131n b\u00f6lgesinden foto\u011fraflar \u00e7ektikten sonra partnerime profesyonel bir \u015fekilde dan\u0131\u015fmanl\u0131k yapt\u0131. Spontan sordum, acaba benim de kar\u0131n b\u00f6lgesine liposuction yapt\u0131rmam m\u00fcmk\u00fcn m\u00fc? Y\u0131llard\u0131r g\u00fc\u00e7 antrenman\u0131 yapmama ve beslenmemin olduk\u00e7a dengeli olmas\u0131na ra\u011fmen kar\u0131n \u00e7evrem 100 cm idi. Bunu b\u00fcy\u00fckannemden ve annemden miras alm\u0131\u015ft\u0131m. 15 y\u0131ld\u0131r kar\u0131n b\u00f6lgem s\u00fcrekli rahats\u0131zl\u0131k veriyordu, \u00f6zellikle de \u00e7ok \u015fey yapmama ra\u011fmen gitmemesi beni zorluyordu. Bu benim i\u00e7in olduk\u00e7a hayal k\u0131r\u0131kl\u0131\u011f\u0131yd\u0131. Doktor kar\u0131n b\u00f6lgemden de foto\u011fraflar \u00e7ekti ve ben de ona sorular\u0131m\u0131 sordum, o da bunlar\u0131 uzman bir \u015fekilde yan\u0131tlad\u0131. Evde ara\u015ft\u0131rma yaparken, doktorun yurtd\u0131\u015f\u0131nda \u00e7al\u0131\u015fm\u0131\u015f ve ad\u0131n\u0131 duyurmu\u015f \u00e7ok tan\u0131nm\u0131\u015f bir hekim oldu\u011funu g\u00f6rd\u00fcm. Benim i\u00e7in \u00f6nemli olan, tedavi eden doktorumu m\u00fcmk\u00fcn oldu\u011funca iyi tan\u0131makt\u0131. Ayr\u0131ca Florance Nightingale Hastanesi&#8217;nin de \u00e7ok iyi bir \u00fcne sahip oldu\u011funu fark ettim! Karar\u0131m\u0131 vermem 2-3 ay s\u00fcrd\u00fc, sonunda liposuction yapt\u0131rmaya karar verdim. Medicaltravel \u00e7ok sab\u0131rl\u0131yd\u0131, \u00e7\u00fcnk\u00fc ba\u015fta kabul ettim, sonra vazge\u00e7tim ve en sonunda tekrar kabul ettim. Orijinal teklifi de aynen uygulayabildiler, bu da beni \u00e7ok mutlu etti! \u0130stanbul&#8217;a vard\u0131\u011f\u0131m\u0131zda, bizi otele transfer ettiler ve hemen ard\u0131ndan \u00f6n muayene i\u00e7in hastaneye g\u00f6t\u00fcrd\u00fcler. Hastane, otelden sadece 5 km uzakl\u0131ktayd\u0131, bu da b\u00fcy\u00fck bir rahatl\u0131kt\u0131 \u00e7\u00fcnk\u00fc \u00e7ok fazla taksiyle yolculuk yapmam\u0131za gerek olmad\u0131. Ertesi g\u00fcn partnerime liposuction yap\u0131ld\u0131 ve iki g\u00fcn sonra da bana. Her zaman bir terc\u00fcman\u0131m\u0131z vard\u0131, hatta WhatsApp \u00fczerinden de ileti\u015fim kurabiliyorduk. Hastanede \u00e7ok iyi bir tedavi g\u00f6rd\u00fcm; hem\u015fireler nazik ve yard\u0131mc\u0131yd\u0131, biraz \u0130ngilizce konu\u015fabiliyorlard\u0131. Oda ve yatak olduk\u00e7a rahatt\u0131, ayr\u0131ca televizyon (Almanca\/\u0130ngilizce kanallar) vard\u0131. Kontrollerim 3 g\u00fcn sonra yap\u0131ld\u0131 ve doktor, \u00f6n\u00fcm\u00fczdeki 2-4 hafta boyunca neler yap\u0131p yapmamam gerekti\u011fi konusunda tavsiyelerde bulundu. Kar\u0131n b\u00f6lgemi, operasyondan bir hafta sonra kendisine g\u00f6ndermemi istedi. G\u00f6r\u00fcn\u00fcm\u00fcn\u00fc g\u00f6rmek istiyordu. Bir hafta sonra, foto\u011fraflar\u0131 WhatsApp \u00fczerinden Medicaltravel&#8217;e ilettim. Onlar da hemen doktoruna g\u00f6nderdiler ve 24 saat i\u00e7inde doktor cevap verdi. Sonu\u00e7 olduk\u00e7a iyi g\u00f6r\u00fcn\u00fcyordu. Yard\u0131m, rehberlik ve ula\u015f\u0131m m\u00fckemmel bir \u015fekilde organize edilmi\u015fti. Doktor sorular\u0131ma yan\u0131t verdi ve benim i\u00e7in zaman ay\u0131rd\u0131. Hastanede genellikle daha korkak oldu\u011fum i\u00e7in, bu benim i\u00e7in \u00e7ok \u00f6nemliydi. Hastaneye \u00e7ok yak\u0131n olan oteli ger\u00e7ekten \u00e7ok be\u011fendim. Taksiyle fazla yolculuk yapmaya gerek yoktu, bu da bir hastane yat\u0131\u015f\u0131ndan (operasyondan bir gece sonra) sonra olduk\u00e7a rahatlat\u0131c\u0131yd\u0131. Otel \u00e7ok iyi donan\u0131ml\u0131yd\u0131, \u00f6zellikle de operasyon sonras\u0131 destek almas\u0131 gerekenler i\u00e7in \u00e7ok uygun bir yerdi\u2026 \u00f6zellikle kalkarken ya da y\u00fcr\u00fcrken zorlan\u0131yordum. Tuvaletteki alarm sistemi \u00e7ok faydal\u0131yd\u0131, kullanmam\u0131\u015f olsam da. Otelin yak\u0131nlar\u0131nda bir\u00e7ok yemek yeme ve al\u0131\u015fveri\u015f yapma imkan\u0131 bulduk. Fiyatlar \u00e7ok uygundu ve k\u0131yafetlerin kalitesi olduk\u00e7a iyiydi. Kendi markalar\u0131 vard\u0131, ki bunlar\u0131 \u00e7ok be\u011fendim. Ayr\u0131ca hemen pantolon boyu k\u0131saltmas\u0131 yapan ya da ertesi g\u00fcn biten bir terzi bulduk. Sadece bir hafta kald\u0131\u011f\u0131m\u0131z i\u00e7in, bu bizim i\u00e7in \u00e7ok \u00f6nemliydi. En az 10 g\u00fcn kalmay\u0131 tavsiye ederim. Liposuction sonras\u0131 3 g\u00fcn boyunca drenaj\u0131 ta\u015f\u0131d\u0131m ve bununla y\u00fcr\u00fcmek olduk\u00e7a rahats\u0131z edici ve bazen a\u011fr\u0131l\u0131yd\u0131. Daha \u00f6nce \u0130stanbul&#8217;da bulundu\u011fum i\u00e7in \u015fehrin ne kadar g\u00fczel oldu\u011funu biliyordum. Ne yaz\u0131k ki bu sefer Hagia Sophia&#8217;y\u0131 tekrar ziyaret etme f\u0131rsat\u0131m olmad\u0131, bu y\u00fczden bir kez daha \u0130stanbul&#8217;a gitmeyi d\u00fc\u015f\u00fcn\u00fcyorum. Liposuction yapt\u0131rmaktan pi\u015fman olmad\u0131m. A\u00e7\u0131k ve net bilgilerle kararlar\u0131m\u0131 verebildim. Liposuction yapt\u0131rmak isteyen birine Medicaltravel&#8217;\u0131 tavsiye ederim. Sayg\u0131lar\u0131mla, Elisabeth Guarcello \u00d6nceki rapor Bir sonraki rapor<\/p>\n","protected":false},"author":4,"featured_media":0,"parent":4587,"menu_order":0,"comment_status":"closed","ping_status":"closed","template":"","meta":{"_joinchat":[],"footnotes":""},"class_list":["post-4621","page","type-page","status-publish","hentry"],"acf":[],"_links":{"self":[{"href":"https:\/\/medicaltravel.ch\/tr\/wp-json\/wp\/v2\/pages\/4621","targetHints":{"allow":["GET"]}}],"collection":[{"href":"https:\/\/medicaltravel.ch\/tr\/wp-json\/wp\/v2\/pages"}],"about":[{"href":"https:\/\/medicaltravel.ch\/tr\/wp-json\/wp\/v2\/types\/page"}],"author":[{"embeddable":true,"href":"https:\/\/medicaltravel.ch\/tr\/wp-json\/wp\/v2\/users\/4"}],"replies":[{"embeddable":true,"href":"https:\/\/medicaltravel.ch\/tr\/wp-json\/wp\/v2\/comments?post=4621"}],"version-history":[{"count":0,"href":"https:\/\/medicaltravel.ch\/tr\/wp-json\/wp\/v2\/pages\/4621\/revisions"}],"up":[{"embeddable":true,"href":"https:\/\/medicaltravel.ch\/tr\/wp-json\/wp\/v2\/pages\/4587"}],"wp:attachment":[{"href":"https:\/\/medicaltravel.ch\/tr\/wp-json\/wp\/v2\/media?parent=4621"}],"curies":[{"name":"wp","href":"https:\/\/api.w.org\/{rel}","templated":true}]}}