{"id":4623,"date":"2025-09-23T16:26:38","date_gmt":"2025-09-23T15:26:38","guid":{"rendered":"https:\/\/medicaltravel.ch\/hasta-raporlari\/erfahrungsberichte-empfehlungen-behandlungen-beurteilung-tuerkei-istanbul\/oeneri-antalyada-dis-tedavisi-deneyimi\/"},"modified":"2026-01-12T17:19:49","modified_gmt":"2026-01-12T16:19:49","slug":"oeneri-antalyada-dis-tedavisi-deneyimi","status":"publish","type":"page","link":"https:\/\/medicaltravel.ch\/tr\/hasta-raporlari\/referanslar-tavsiyeler-tedaviler-degerlendirmeler-turkiye-istanbul\/oeneri-antalyada-dis-tedavisi-deneyimi\/","title":{"rendered":"\u00d6neri: Antalya&#8217;da di\u015f tedavisi deneyimi"},"content":{"rendered":"\n<p><strong><u>Antalya, T\u00fcrkiye&#8217;deki di\u015f tedavisi deneyimimden yola \u00e7\u0131karak tavsiyem.<\/u><\/strong><\/p>\n\n\n\n<p>Herkese merhaba<\/p>\n\n\n\n<p>Ben, Maik Weibel, 26 ya\u015f\u0131nday\u0131m ve uzun zamand\u0131r di\u015f a\u011fr\u0131lar\u0131ndan \u015fikayet\u00e7iyim. Sadece di\u015f a\u011fr\u0131lar\u0131m de\u011fil, ayn\u0131 zamanda di\u015flerimin g\u00f6r\u00fcnt\u00fcs\u00fc de beni rahats\u0131z ediyordu. K\u0131r\u0131k di\u015flerim ve bir\u00e7ok siyah di\u015fim vard\u0131. Di\u015flerimi d\u00fczenli olarak f\u0131r\u00e7al\u0131yordum, \u0130svi\u00e7re&#8217;deki bir\u00e7ok di\u015f hekimine de gittim, ancak bir noktada \u00e7ok pahal\u0131 hale gelince, karde\u015fimden bize uygun bir yerde di\u015flerimizi yapt\u0131rabilece\u011fimiz bir klinik ara\u015ft\u0131rmas\u0131n\u0131 rica ettim, b\u00f6ylece sonunda rahatlay\u0131p g\u00fcl\u00fcmseyip di\u015flerimi g\u00f6sterebilirim. Karde\u015fim internet arac\u0131l\u0131\u011f\u0131yla, yurt d\u0131\u015f\u0131ndaki di\u015f hekimleriyle \u00e7al\u0131\u015fan birka\u00e7 klinik buldu. Bize en uygun olan\u0131 ise MedicalTravel&#8217;d\u0131!    <\/p>\n\n\n\n<p>Bu y\u00fczden Z\u00fcrih&#8217;te bir randevu ald\u0131k, 3D r\u00f6ntgen \u00e7ektirdik ve tam olarak ne istedi\u011fimizi konu\u015ftuk. Randevu yakla\u015f\u0131k 40 dakika s\u00fcrd\u00fc. Birka\u00e7 g\u00fcn sonra, farkl\u0131 maliyet tekliflerini e-posta ile ald\u0131k. Bu s\u00fcre zarf\u0131nda, karde\u015fim MedicalTravel ile s\u00fcrekli ileti\u015fime ge\u00e7erek daha fazla teklif al\u0131p alamayaca\u011f\u0131n\u0131 veya ba\u015fka sorular\u0131 olup olmad\u0131\u011f\u0131n\u0131 sorabiliyordu. Bu bizim i\u00e7in \u00e7ok kolayd\u0131, hi\u00e7bir \u00e7aba harcamam\u0131za gerek kalmad\u0131.  <strong>Sadece soru sormak i\u00e7in arayabiliyor veya WhatsApp \u00fczerinden yazabiliyorduk, her \u015fey bizim istedi\u011fimiz gibi organize edildi.<\/strong><\/p>\n\n\n\n<p>Sonunda bir di\u015f tedavisi i\u00e7in karar verdi\u011fimizde, her \u015fey \u00e7ok h\u0131zl\u0131 ilerledi. Bize u\u00e7u\u015flar\u0131 ve t\u00fcm transferi ayarlad\u0131lar. <a href=\"https:\/\/medicaltravel.ch\/tr\/\" data-type=\"page\" data-id=\"6\">MedicalTravel\u2019\u0131n <\/a>takdire \u015fayan bir y\u00f6n\u00fc ise, tedavi yapt\u0131rmak istemeyen ama sadece destek olmak i\u00e7in bizimle gelmek isteyen amcam i\u00e7in ayn\u0131 otelde bir oda ve u\u00e7u\u015f bile ayarlam\u0131\u015f olmalar\u0131yd\u0131. Yani onun i\u00e7in ayr\u0131 bir \u015feyler ayarlamak zorunda kalmad\u0131k, bu ger\u00e7ekten birinci s\u0131n\u0131f bir hizmetti. <a href=\"https:\/\/medicaltravel.ch\/tr\/disci-gezileri\/dis-klinikleri\/antalyada-dis-klinigi\/\" data-type=\"page\" data-id=\"52\">Antalya<\/a>, T\u00fcrkiye&#8217;yi tercih ettik ve her zaman tekrar ayn\u0131 \u015fekilde yapmay\u0131 tercih ederiz. A\u00e7\u0131k\u00e7as\u0131, ba\u015fka bir se\u00e7ene\u011fimiz yoktu, \u00e7\u00fcnk\u00fc \u0130svi\u00e7re&#8217;de di\u015f tedavisi yapt\u0131rmak i\u00e7in param\u0131z yoktu, burada ise bu maliyetin on kat\u0131 kadar bir fiyat\u0131 vard\u0131.      <\/p>\n\n\n\n<p>Ama size \u015funu s\u00f6yleyebilirim, \u015f\u00fcpheci olman\u0131za gerek yok. Antalya&#8217;ya u\u00e7tuk ve orada hemen kar\u015f\u0131land\u0131k, otele g\u00f6t\u00fcr\u00fcld\u00fck. Otelden klini\u011fe gidi\u015fimizde her seferinde bizi al\u0131p geri getirdiler. Klinikte, Almanca&#8217;y\u0131 \u00e7ok iyi konu\u015fan bir terc\u00fcman vard\u0131 ve herkes \u00e7ok nazik ve d\u00fczenliydi; bir\u00e7ok di\u015f hekimi bunun \u00f6rne\u011fini almal\u0131.  <\/p>\n\n\n\n<p>Di\u015f hekimleri m\u00fckemmel bir i\u015f \u00e7\u0131kard\u0131lar; isteklerimize ve korkular\u0131m\u0131za \u00e7ok iyi bir \u015fekilde yakla\u015ft\u0131lar. Kendimizi \u00e7ok g\u00fcvende hissettik. Yap\u0131lan i\u015flemlerin a\u011fr\u0131ya yol a\u00e7mas\u0131 anla\u015f\u0131labilir bir durum, buna haz\u0131rl\u0131kl\u0131 olmal\u0131s\u0131n\u0131z. Bunun i\u00e7in ila\u00e7lar verdiler ve biz de di\u015f klini\u011fiyle istedi\u011fimiz zaman ileti\u015fime ge\u00e7ebildik.   <\/p>\n\n\n\n<p><strong>Her zaman MedicalTravel \u00fczerinden bir i\u015flem yapt\u0131rmay\u0131 tercih ederim, ger\u00e7ekten \u00e7ok de\u011ferli ve iyi bir deneyim oldu. Her \u015fey \u00e7ok iyi sonu\u00e7land\u0131 ve kar\u015f\u0131l\u0131\u011f\u0131n\u0131 fazlas\u0131yla ald\u0131k.<\/strong> Bunun i\u00e7in biraz a\u011fr\u0131ya katlanmay\u0131 memnuniyetle kabul ettim. Bu yaz\u0131y\u0131, ba\u015fkalar\u0131na yurtd\u0131\u015f\u0131nda yapt\u0131rmak konusunda \u015f\u00fcpheci olmamalar\u0131 gerekti\u011fini g\u00f6sterebilmek i\u00e7in yaz\u0131yorum. Paran\u0131z\u0131n pencereden u\u00e7mas\u0131na gerek yok. Sadece MedicalTravel ile bir g\u00f6r\u00fc\u015fme yapman\u0131z\u0131 tavsiye ederim. Her zaman size bilgi verebilirler ve her zaman yan\u0131n\u0131zdalar.<br>MedicalTravel ve <a href=\"https:\/\/medicaltravel.ch\/tr\/disci-gezileri\/dis-klinikleri\/antalyada-dis-klinigi\/\" data-type=\"page\" data-id=\"52\">di\u015f klini\u011fine<\/a> tekrar \u00e7ok te\u015fekk\u00fcr ederim, ger\u00e7ekten harika bir i\u015f \u00e7\u0131kard\u0131lar. Kendimi \u00e7ok rahat ve huzurlu hissediyorum.    <\/p>\n\n\n\n<p>Sayg\u0131lar\u0131mla,<br>Maik Weibel<\/p>\n\n\n\n<div class=\"wp-block-group is-layout-grid wp-container-core-group-is-layout-baef362d wp-block-group-is-layout-grid\">\n<p><a href=\"https:\/\/medicaltravel.at\/home\/agb\/\" data-type=\"page\" data-id=\"2191\" rel=\"nofollow noopener\" target=\"_blank\"><\/a><a href=\"https:\/\/medicaltravel.ch\/tr\/hasta-raporlari\/referanslar-tavsiyeler-tedaviler-degerlendirmeler-turkiye-istanbul\/hasta-raporu-hasta-deneyimi-dis-hekimi-antalya\/\" data-type=\"link\" data-id=\"https:\/\/medicaltravel.ch\/tr\/hasta-raporlari\/referanslar-tavsiyeler-tedaviler-degerlendirmeler-turkiye-istanbul\/hasta-raporu-hasta-deneyimi-dis-hekimi-antalya\/\">\u00d6nceki rapor<\/a><\/p>\n\n\n\n<p class=\"has-text-align-right wp-container-content-5e2576f9\"><a href=\"https:\/\/medicaltravel.at\/home\/impressum\/\" data-type=\"page\" data-id=\"2193\" rel=\"nofollow noopener\" target=\"_blank\"><\/a><a href=\"https:\/\/medicaltravel.at\/home\/berichte-von-patienten\/erfahrungsberichte\/erfahrungsbericht-zahnbehandlung-in-istanbul\/\" data-type=\"page\" data-id=\"981\" rel=\"nofollow noopener\" target=\"_blank\"><\/a><a href=\"https:\/\/medicaltravel.ch\/tr\/hasta-raporlari\/referanslar-tavsiyeler-tedaviler-degerlendirmeler-turkiye-istanbul\/oeneri-istanbul-tuerkiyede-karin-germe-ameliyati-deneyimi\/\" data-type=\"link\" data-id=\"https:\/\/medicaltravel.ch\/tr\/hasta-raporlari\/referanslar-tavsiyeler-tedaviler-degerlendirmeler-turkiye-istanbul\/oeneri-istanbul-tuerkiyede-karin-germe-ameliyati-deneyimi\/\">Bir sonraki rapor<\/a><\/p>\n<\/div>\n","protected":false},"excerpt":{"rendered":"<p>Antalya, T\u00fcrkiye&#8217;deki di\u015f tedavisi deneyimimden yola \u00e7\u0131karak tavsiyem. Herkese merhaba Ben, Maik Weibel, 26 ya\u015f\u0131nday\u0131m ve uzun zamand\u0131r di\u015f a\u011fr\u0131lar\u0131ndan \u015fikayet\u00e7iyim. Sadece di\u015f a\u011fr\u0131lar\u0131m de\u011fil, ayn\u0131 zamanda di\u015flerimin g\u00f6r\u00fcnt\u00fcs\u00fc de beni rahats\u0131z ediyordu. K\u0131r\u0131k di\u015flerim ve bir\u00e7ok siyah di\u015fim vard\u0131. Di\u015flerimi d\u00fczenli olarak f\u0131r\u00e7al\u0131yordum, \u0130svi\u00e7re&#8217;deki bir\u00e7ok di\u015f hekimine de gittim, ancak bir noktada \u00e7ok pahal\u0131 hale gelince, karde\u015fimden bize uygun bir yerde di\u015flerimizi yapt\u0131rabilece\u011fimiz bir klinik ara\u015ft\u0131rmas\u0131n\u0131 rica ettim, b\u00f6ylece sonunda rahatlay\u0131p g\u00fcl\u00fcmseyip di\u015flerimi g\u00f6sterebilirim. Karde\u015fim internet arac\u0131l\u0131\u011f\u0131yla, yurt d\u0131\u015f\u0131ndaki di\u015f hekimleriyle \u00e7al\u0131\u015fan birka\u00e7 klinik buldu. Bize en uygun olan\u0131 ise MedicalTravel&#8217;d\u0131! Bu y\u00fczden Z\u00fcrih&#8217;te bir randevu ald\u0131k, 3D r\u00f6ntgen \u00e7ektirdik ve tam olarak ne istedi\u011fimizi konu\u015ftuk. Randevu yakla\u015f\u0131k 40 dakika s\u00fcrd\u00fc. Birka\u00e7 g\u00fcn sonra, farkl\u0131 maliyet tekliflerini e-posta ile ald\u0131k. Bu s\u00fcre zarf\u0131nda, karde\u015fim MedicalTravel ile s\u00fcrekli ileti\u015fime ge\u00e7erek daha fazla teklif al\u0131p alamayaca\u011f\u0131n\u0131 veya ba\u015fka sorular\u0131 olup olmad\u0131\u011f\u0131n\u0131 sorabiliyordu. Bu bizim i\u00e7in \u00e7ok kolayd\u0131, hi\u00e7bir \u00e7aba harcamam\u0131za gerek kalmad\u0131. Sadece soru sormak i\u00e7in arayabiliyor veya WhatsApp \u00fczerinden yazabiliyorduk, her \u015fey bizim istedi\u011fimiz gibi organize edildi. Sonunda bir di\u015f tedavisi i\u00e7in karar verdi\u011fimizde, her \u015fey \u00e7ok h\u0131zl\u0131 ilerledi. Bize u\u00e7u\u015flar\u0131 ve t\u00fcm transferi ayarlad\u0131lar. MedicalTravel\u2019\u0131n takdire \u015fayan bir y\u00f6n\u00fc ise, tedavi yapt\u0131rmak istemeyen ama sadece destek olmak i\u00e7in bizimle gelmek isteyen amcam i\u00e7in ayn\u0131 otelde bir oda ve u\u00e7u\u015f bile ayarlam\u0131\u015f olmalar\u0131yd\u0131. Yani onun i\u00e7in ayr\u0131 bir \u015feyler ayarlamak zorunda kalmad\u0131k, bu ger\u00e7ekten birinci s\u0131n\u0131f bir hizmetti. Antalya, T\u00fcrkiye&#8217;yi tercih ettik ve her zaman tekrar ayn\u0131 \u015fekilde yapmay\u0131 tercih ederiz. A\u00e7\u0131k\u00e7as\u0131, ba\u015fka bir se\u00e7ene\u011fimiz yoktu, \u00e7\u00fcnk\u00fc \u0130svi\u00e7re&#8217;de di\u015f tedavisi yapt\u0131rmak i\u00e7in param\u0131z yoktu, burada ise bu maliyetin on kat\u0131 kadar bir fiyat\u0131 vard\u0131. Ama size \u015funu s\u00f6yleyebilirim, \u015f\u00fcpheci olman\u0131za gerek yok. Antalya&#8217;ya u\u00e7tuk ve orada hemen kar\u015f\u0131land\u0131k, otele g\u00f6t\u00fcr\u00fcld\u00fck. Otelden klini\u011fe gidi\u015fimizde her seferinde bizi al\u0131p geri getirdiler. Klinikte, Almanca&#8217;y\u0131 \u00e7ok iyi konu\u015fan bir terc\u00fcman vard\u0131 ve herkes \u00e7ok nazik ve d\u00fczenliydi; bir\u00e7ok di\u015f hekimi bunun \u00f6rne\u011fini almal\u0131. Di\u015f hekimleri m\u00fckemmel bir i\u015f \u00e7\u0131kard\u0131lar; isteklerimize ve korkular\u0131m\u0131za \u00e7ok iyi bir \u015fekilde yakla\u015ft\u0131lar. Kendimizi \u00e7ok g\u00fcvende hissettik. Yap\u0131lan i\u015flemlerin a\u011fr\u0131ya yol a\u00e7mas\u0131 anla\u015f\u0131labilir bir durum, buna haz\u0131rl\u0131kl\u0131 olmal\u0131s\u0131n\u0131z. Bunun i\u00e7in ila\u00e7lar verdiler ve biz de di\u015f klini\u011fiyle istedi\u011fimiz zaman ileti\u015fime ge\u00e7ebildik. Her zaman MedicalTravel \u00fczerinden bir i\u015flem yapt\u0131rmay\u0131 tercih ederim, ger\u00e7ekten \u00e7ok de\u011ferli ve iyi bir deneyim oldu. Her \u015fey \u00e7ok iyi sonu\u00e7land\u0131 ve kar\u015f\u0131l\u0131\u011f\u0131n\u0131 fazlas\u0131yla ald\u0131k. Bunun i\u00e7in biraz a\u011fr\u0131ya katlanmay\u0131 memnuniyetle kabul ettim. Bu yaz\u0131y\u0131, ba\u015fkalar\u0131na yurtd\u0131\u015f\u0131nda yapt\u0131rmak konusunda \u015f\u00fcpheci olmamalar\u0131 gerekti\u011fini g\u00f6sterebilmek i\u00e7in yaz\u0131yorum. Paran\u0131z\u0131n pencereden u\u00e7mas\u0131na gerek yok. Sadece MedicalTravel ile bir g\u00f6r\u00fc\u015fme yapman\u0131z\u0131 tavsiye ederim. Her zaman size bilgi verebilirler ve her zaman yan\u0131n\u0131zdalar.MedicalTravel ve di\u015f klini\u011fine tekrar \u00e7ok te\u015fekk\u00fcr ederim, ger\u00e7ekten harika bir i\u015f \u00e7\u0131kard\u0131lar. Kendimi \u00e7ok rahat ve huzurlu hissediyorum. Sayg\u0131lar\u0131mla,Maik Weibel \u00d6nceki rapor Bir sonraki rapor<\/p>\n","protected":false},"author":4,"featured_media":0,"parent":4587,"menu_order":0,"comment_status":"closed","ping_status":"closed","template":"","meta":{"_joinchat":[],"footnotes":""},"class_list":["post-4623","page","type-page","status-publish","hentry"],"acf":[],"_links":{"self":[{"href":"https:\/\/medicaltravel.ch\/tr\/wp-json\/wp\/v2\/pages\/4623","targetHints":{"allow":["GET"]}}],"collection":[{"href":"https:\/\/medicaltravel.ch\/tr\/wp-json\/wp\/v2\/pages"}],"about":[{"href":"https:\/\/medicaltravel.ch\/tr\/wp-json\/wp\/v2\/types\/page"}],"author":[{"embeddable":true,"href":"https:\/\/medicaltravel.ch\/tr\/wp-json\/wp\/v2\/users\/4"}],"replies":[{"embeddable":true,"href":"https:\/\/medicaltravel.ch\/tr\/wp-json\/wp\/v2\/comments?post=4623"}],"version-history":[{"count":0,"href":"https:\/\/medicaltravel.ch\/tr\/wp-json\/wp\/v2\/pages\/4623\/revisions"}],"up":[{"embeddable":true,"href":"https:\/\/medicaltravel.ch\/tr\/wp-json\/wp\/v2\/pages\/4587"}],"wp:attachment":[{"href":"https:\/\/medicaltravel.ch\/tr\/wp-json\/wp\/v2\/media?parent=4623"}],"curies":[{"name":"wp","href":"https:\/\/api.w.org\/{rel}","templated":true}]}}