{"id":4625,"date":"2025-09-23T16:37:50","date_gmt":"2025-09-23T15:37:50","guid":{"rendered":"https:\/\/medicaltravel.ch\/hasta-raporlari\/erfahrungsberichte-empfehlungen-behandlungen-beurteilung-tuerkei-istanbul\/istanbul-tuerkiyede-burun-estetigi-tavsiyesi\/"},"modified":"2026-01-12T17:23:03","modified_gmt":"2026-01-12T16:23:03","slug":"istanbul-tuerkiyede-burun-estetigi-tavsiyesi","status":"publish","type":"page","link":"https:\/\/medicaltravel.ch\/tr\/hasta-raporlari\/referanslar-tavsiyeler-tedaviler-degerlendirmeler-turkiye-istanbul\/istanbul-tuerkiyede-burun-estetigi-tavsiyesi\/","title":{"rendered":"\u0130stanbul, T\u00fcrkiye&#8217;de burun esteti\u011fi tavsiyesi"},"content":{"rendered":"\n<p><strong><u>\u0130stanbul&#8217;da burun esteti\u011fi i\u00e7in \u00f6nerim \u2013 g\u00fczellik uygulamas\u0131 ve \u015fehir tatilini bir arada ya\u015fay\u0131n.<\/u><\/strong><\/p>\n\n\n\n<p>Uzun zamand\u0131r burnumdan rahats\u0131zd\u0131m. Bir noktada, bir operasyonda nelerle kar\u015f\u0131la\u015faca\u011f\u0131m hakk\u0131nda fikir edinmek i\u00e7in internette ara\u015ft\u0131rma yapmaya ba\u015flad\u0131m. \u0130lk olarak \u0130svi\u00e7re&#8217;de bir klinik buldum ve burada ilk dan\u0131\u015fmanl\u0131k g\u00f6r\u00fc\u015fmemi ger\u00e7ekle\u015ftirdim. Her \u015fey harika ve g\u00fcvenilir g\u00f6r\u00fcn\u00fcyordu, ancak fiyat olduk\u00e7a y\u00fcksekti. Bunu kar\u015f\u0131layabilirdim ama ilk teklife hemen karar vermek istemedim. \u00c7evremdeki baz\u0131 ki\u015filer yurtd\u0131\u015f\u0131nda estetik operasyonlar ge\u00e7irmi\u015f olduklar\u0131 i\u00e7in, bir kar\u015f\u0131la\u015ft\u0131rma teklifi almak istedim. Bu s\u0131rada MedicalTravel ile kar\u015f\u0131la\u015ft\u0131m. Okudum, internette ara\u015ft\u0131rma yapt\u0131m ve kar\u015f\u0131la\u015ft\u0131rmalar yapt\u0131m. Her yerde daha ya da ayn\u0131 \u015fey yaz\u0131yordu, bu y\u00fczden MedicalTravel\u2019\u0131n \u00fccretsiz dan\u0131\u015fmanl\u0131k g\u00f6r\u00fc\u015fmesine gitmeye karar verdim ve daha ayr\u0131nt\u0131l\u0131 dinlemek istedim. <a href=\"https:\/\/medicaltravel.ch\/tr\/\" data-type=\"page\" data-id=\"6\">MedicalTravel <\/a>ile ileti\u015fim (Say\u0131n Kara) \u00e7ok basit ve verimli bir \u015fekilde <a href=\"https:\/\/wa.me\/41787373541\" rel=\"nofollow noopener\" target=\"_blank\">Whatsapp <\/a>\u00fczerinden ger\u00e7ekle\u015fti.         <\/p>\n\n\n\n<p>Zug&#8217;daki dan\u0131\u015fmanl\u0131k g\u00f6r\u00fc\u015fmesinde, beni operasyona alacak olan Dr. Kayiran (T\u00fcrk\u00e7e ve \u0130ngilizce konu\u015fuyor) ve bir terc\u00fcman (Almanca ve T\u00fcrk\u00e7e konu\u015fuyor) haz\u0131r bulundu. Ben ve refakat\u00e7im t\u00fcm sorular\u0131m\u0131z\u0131 sorduk ve bu olduk\u00e7a bilgilendirici bir g\u00f6r\u00fc\u015fme oldu. Ancak, genel olarak harika olan bu g\u00f6r\u00fc\u015fmede bende hafif bir ka\u015f \u00e7atmaya yol a\u00e7an iki durum oldu: Birincisi, &#8220;her \u015feyin hi\u00e7bir problem olmad\u0131\u011f\u0131, her \u015feyin m\u00fcmk\u00fcn ve yap\u0131labilir oldu\u011fu&#8221; yakla\u015f\u0131m\u0131 (en az\u0131ndan benim alg\u0131lad\u0131\u011f\u0131m \u015fekilde), bu benim i\u00e7in pek ikna edici de\u011fildi. \u0130kincisi, bana hangi operasyon tekni\u011finin (kapal\u0131 m\u0131 yoksa a\u00e7\u0131k m\u0131) uygulanaca\u011f\u0131 soruma tatmin edici bir yan\u0131t alamamamd\u0131. \u0130svi\u00e7re&#8217;deki ilk g\u00f6r\u00fc\u015fmemde, doktorum bana her iki tekni\u011fin art\u0131lar\u0131n\u0131 ve eksilerini anlatm\u0131\u015f ve burnumla ilgili olarak hangi tekni\u011fi tercih etti\u011fini ve nedenini a\u00e7\u0131klam\u0131\u015ft\u0131. Burada da benzer bir a\u00e7\u0131klama beklerdim. Bunun d\u0131\u015f\u0131nda, g\u00f6r\u00fc\u015fmeden olumlu bir \u015fekilde ayr\u0131ld\u0131m ve Dr. Kayiran taraf\u0131ndan \u0130stanbul&#8217;da tedavi edilme d\u00fc\u015f\u00fcncesi bana iyi bir his verdi. Kendi ara\u015ft\u0131rmam\u0131 iyi yapm\u0131\u015ft\u0131m, bu y\u00fczden bahsetti\u011fim iki tepki beni karar\u0131mda etkilemedi, aksine <a href=\"https:\/\/medicaltravel.ch\/tr\/\" data-type=\"page\" data-id=\"6\">MedicalTravel&#8217;\u0131n <\/a>sundu\u011fu genel paket h\u00e2l\u00e2 ilgin\u00e7 ve cazip geliyordu. Birka\u00e7 g\u00fcn sonra, g\u00f6r\u00fc\u015fmeden sonra bir teklif ald\u0131m ve s\u00fcrecin nas\u0131l ilerleyece\u011fine dair ilk bilgileri edindim.       <\/p>\n\n\n\n<p>Ki\u015fisel olarak, estetik bir tedaviyi bir \u015fehir gezisiyle kombinlemeyi tercih ettim. Bir bandajla dola\u015f\u0131rken kimsenin beni tan\u0131mad\u0131\u011f\u0131 bir yerde olmak daha rahat geldi (ve \u0130stanbul&#8217;da kesinlikle dikkat \u00e7ekmiyorsunuz). Ayr\u0131ca, \u0130stanbul&#8217;da bulundu\u011fum s\u00fcre boyunca hem terc\u00fcmanla hem de doktorla ileti\u015fimde olabilmek bana g\u00fcvenli ve rahat bir his verdi.  <\/p>\n\n\n\n<p>Sonunda, <a href=\"https:\/\/medicaltravel.ch\/tr\/\" data-type=\"page\" data-id=\"6\">MedicalTravel\u2019\u0131n <\/a>teklifini kabul etmeye karar verdim ve dedim ki: &#8220;Bu kadar \u00e7ok insan, b\u00f6yle tedaviler i\u00e7in yurtd\u0131\u015f\u0131na seyahat ediyor ve memnun bir \u015fekilde geri d\u00f6n\u00fcyor.&#8221; <a href=\"https:\/\/medicaltravel.ch\/tr\/\" data-type=\"page\" data-id=\"6\">MedicalTravel <\/a>her g\u00fcn bu t\u00fcr seyahatleri organize ediyor ve doktorlar\u0131n iyi referanslar\u0131 ve deneyimleri var. Tabii ki, ger\u00e7ekten cazip olan fiyat-performans oran\u0131 da bu teklifi di\u011ferlerine tercih etmemi sa\u011flad\u0131. <\/p>\n\n\n\n<p>T\u00fcm detaylar netle\u015ftirildikten, arac\u0131l\u0131k s\u00f6zle\u015fmesi imzaland\u0131ktan ve pe\u015finat \u00f6dendikten sonra, u\u00e7u\u015f g\u00fcn\u00fc yakla\u015fmaya ba\u015flad\u0131. Benim ve refakat\u00e7imin, bir Sal\u0131 ak\u015fam\u0131 var\u0131\u015f\u0131m\u0131z\u0131n ard\u0131ndan \u015fof\u00f6r\u00fcm\u00fcz\u00fc bulup, iki di\u011fer MedicalTravel hastas\u0131yla birlikte do\u011frudan hastaneye g\u00f6t\u00fcr\u00fcld\u00fck (kan testi ve COVID-19 testi yap\u0131ld\u0131). Ard\u0131ndan otele transfer edildik.  <\/p>\n\n\n\n<p>Otel, bu t\u00fcr estetik seyahatlerine gelen bir\u00e7ok misafire ev sahipli\u011fi yap\u0131yor, bu y\u00fczden bandajla dola\u015f\u0131rken hi\u00e7 dikkat \u00e7ekmiyorsunuz. Konumu Kad\u0131k\u00f6y merkeze ideal mesafede, sadece \u00e7evre \u00e7ok da ho\u015f bir yer de\u011fil, ama bu bizi kesinlikle rahats\u0131z etmedi. Bu konaklaman\u0131n ana odak noktas\u0131 tedavi \u00fczerineydi. Odalar temizdi, personel her zaman \u00e7ok arkada\u015f canl\u0131s\u0131yd\u0131 ve yemekler \u00e7ok lezzetliydi. \u00c7ok keyifli bir konaklama ge\u00e7irdik ve kendimi s\u00fcrekli olarak \u00e7ok rahat hissettim.    <\/p>\n\n\n\n<p>Ertesi g\u00fcn (\u00c7ar\u015famba) sabah, otelden hastaneye transfer edildik ve ard\u0131ndan di\u011fer haz\u0131rl\u0131klar ba\u015flad\u0131 (anestezi). Ne yaz\u0131k ki, kahvalt\u0131dan \u00f6nce k\u00fc\u00e7\u00fck bir \u015feyler yedi\u011fim i\u00e7in, bu operasyon plan\u0131n\u0131 biraz kar\u0131\u015ft\u0131rd\u0131 ve ameliyat\u0131m birka\u00e7 saat ertelendi (en az 6 saat a\u00e7 karna olmal\u0131yd\u0131m \u2013 ups). Bu nedenle, operasyon \u00f6ncesi g\u00f6r\u00fc\u015fme ne yaz\u0131k ki biraz aceleye geldi (en az\u0131ndan \u00f6yle hissettim, belki de kahvalt\u0131 y\u00fcz\u00fcnden ya\u015fanan kar\u0131\u015f\u0131kl\u0131k nedeniyle). Yine de, daha ayr\u0131nt\u0131l\u0131 bir a\u00e7\u0131klama beklerdim (\u00f6rne\u011fin, bir bilgisayar sim\u00fclasyonu yerine sadece telefon foto\u011fraflar\u0131 g\u00f6rd\u00fcm; Zug&#8217;daki g\u00f6r\u00fc\u015fme de sadece bir iPad&#8217;de yap\u0131lan kabaca bir sim\u00fclasyondu ve \u00fczerinden birka\u00e7 ay ge\u00e7mi\u015fti).<br>Her hal\u00fckarda, operasyon s\u00fcreciyle ilgili t\u00fcm sorular\u0131m yan\u0131tland\u0131, belirsizlikler giderildi ve burnumla ilgili isteklerimi ilettikten sonra, operasyon i\u00e7in haz\u0131r hale getirildim ve yak\u0131nda ameliyat odas\u0131na al\u0131nd\u0131m. \u015ea\u015f\u0131rt\u0131c\u0131 bir \u015fekilde, neredeyse hi\u00e7 heyecanlanmad\u0131m ve Dr. Kayiran&#8217;a, onun yetene\u011fine ve ekibine tamamen g\u00fcvendim. Birka\u00e7 saat sonra uyanma odas\u0131nda uyand\u0131\u011f\u0131mda, do\u011frudan odaya al\u0131nd\u0131m ve refakat\u00e7im beni bekliyordu. Dr. Kayiran ve terc\u00fcman da odadayd\u0131 ve her \u015feyin iyi ge\u00e7ti\u011fini ve komplikasyon olmad\u0131\u011f\u0131n\u0131 bildirdiler. \u0130lk gece hastanede kald\u0131m ve dostane personel taraf\u0131ndan \u00e7ok iyi bir \u015fekilde bak\u0131ld\u0131m (Google Translate, dil bariyerini a\u015fmamda \u00e7ok yard\u0131mc\u0131 oldu ;-)). Hi\u00e7bir a\u011fr\u0131 hissetmedim, sadece al\u0131n-burun kemi\u011fi b\u00f6lgesinde hafif bir bask\u0131 vard\u0131. S\u00fcrekli olarak so\u011futucu buz paketleri getirildi, bu da \u015fi\u015fliklerin azalmas\u0131na yard\u0131mc\u0131 oldu ve minimumda kalmas\u0131n\u0131 sa\u011flad\u0131.          <\/p>\n\n\n\n<p>Ertesi g\u00fcn (Per\u015fembe), Dr. Kayiran ve terc\u00fcman tekrar odama u\u011frad\u0131lar ve ard\u0131ndan beni otele transfer ettiler, burada iki g\u00fcn boyunca \u00e7o\u011funlukla yat\u0131p uyudum. Bu iki g\u00fcn en zorlu zamanlard\u0131. Hala hi\u00e7bir a\u011fr\u0131 hissetmedim, ancak g\u00f6z \u00e7evremde \u015fi\u015flik olu\u015ftu, renk de\u011fi\u015ftirip morarmadan sararmaya ba\u015flad\u0131 ve g\u00f6zlerim s\u00fcrekli suland\u0131. A\u011f\u0131zdan s\u00fcrekli nefes al\u0131rken a\u011f\u0131z kurulu\u011fu hissettim, bu y\u00fczden dudaklar\u0131m\u0131 ve a\u011fz\u0131m\u0131 nemlendirmek i\u00e7in s\u00fcrekli bir \u015feyler i\u00e7mem gerekiyordu. \u015ei\u015fliklere kar\u015f\u0131 da buz paketleriyle m\u00fccadele ettim, b\u00f6ylece ameliyat\u0131n \u00fc\u00e7\u00fcnc\u00fc g\u00fcn\u00fc (Cumartesi) biraz daha normal g\u00f6r\u00fcnmeye ba\u015flad\u0131m. O g\u00fcn, burun deliklerimdeki tamponlar \u00e7\u0131kar\u0131ld\u0131, bu k\u0131sa s\u00fcreli bir rahats\u0131zl\u0131k verdi. Tamponlar \u00e7\u0131kar\u0131ld\u0131\u011f\u0131nda, burnumda ilk defa bask\u0131dan kurtulmu\u015f oldum ve bu ger\u00e7ekten bir rahatlama oldu. O g\u00fcn, yeterince dinlenmi\u015f ve g\u00fc\u00e7l\u00fc hissetti\u011fim i\u00e7in Kad\u0131k\u00f6y mahallesinde ilk ke\u015fif turumu yapmaya karar verdim. \u0130ki g\u00fcn sonra, Pazartesi g\u00fcn\u00fc, al\u00e7\u0131 bandaj\u0131m \u00e7\u0131kar\u0131ld\u0131. Yeni burnumu ilk defa serbest olarak g\u00f6rd\u00fcm ve operasyondan sonra Dr. Kayiran\u2019\u0131n g\u00f6sterdi\u011fi foto\u011fraftan \u00e7ok daha farkl\u0131 g\u00f6r\u00fcn\u00fcyordu. Dr. Kayiran, burnumun hala \u015fi\u015f olaca\u011f\u0131 ve zamanla \u015fekil de\u011fi\u015ftirece\u011fi konusunda beni uyarm\u0131\u015ft\u0131, bu da beni rahatlatm\u0131\u015ft\u0131. Sonras\u0131nda hastaneyi memnun ve g\u00fcvenle terk ettim. \u0130ki gece daha kald\u0131ktan sonra, refakat\u00e7imle birlikte tekrar havaalan\u0131na g\u00f6t\u00fcr\u00fcld\u00fcm ve evime d\u00f6nd\u00fcm.            <\/p>\n\n\n\n<p>\u015eimdi, operasyon masas\u0131nda yatal\u0131 \u00fc\u00e7 hafta oldu. Hen\u00fcz kesin bir sonu\u00e7tan bahsedemem, \u00e7\u00fcnk\u00fc s\u00fcre \u00e7ok k\u0131sa. Ancak, burnumdan olduk\u00e7a memnunum. Bariz bir fark var ve her \u015feyin ne kadar h\u0131zl\u0131 iyile\u015fti\u011fi ve \u015fi\u015fliklerin ne kadar \u00e7abuk azald\u0131\u011f\u0131 ger\u00e7ekten \u015fa\u015f\u0131rt\u0131c\u0131. D\u00fczeltmek istedi\u011fim \u015feyler de\u011fi\u015fti ve g\u00fczel, do\u011fal bir burun \u015fekli elde ettim. Her g\u00fcn burnumdan nefes alman\u0131n daha kolayla\u015ft\u0131\u011f\u0131n\u0131, burun kanatlar\u0131m\u0131n hareket etmesinin ve y\u00fcz\u00fcmdeki genel hareketlerin art\u0131k a\u011fr\u0131s\u0131z ve rahats\u0131z edici olmad\u0131\u011f\u0131n\u0131 hissediyorum, hatta nazik\u00e7e s\u00fcmk\u00fcrmek bile m\u00fcmk\u00fcn oldu. Burnumun ucu hala hassas ve biraz y\u00fcksek (minik bir &#8220;domuz burnu&#8221; etkisi var), ancak \u00f6n\u00fcm\u00fczdeki aylarda \u2013 umar\u0131m \u2013 bunun de\u011fi\u015fmesini bekliyorum. Burnumun ucu, son de\u011fi\u015fen ve \u015fi\u015fli\u011fi azalan b\u00f6lge olacakm\u0131\u015f.       <\/p>\n\n\n\n<p>Bu nedenle, burnumun \u00f6n\u00fcm\u00fczdeki haftalar ve aylarda nas\u0131l de\u011fi\u015fece\u011fi konusunda iyimser ve heyecanl\u0131y\u0131m. Bug\u00fcne kadar kesinlikle \u015funu s\u00f6yleyebilirim ki, karar\u0131mda tamamen memnunum. Her \u015fey sorunsuz bir \u015fekilde ilerledi, organizasyon m\u00fckemmeldi ve t\u00fcm ilgilenen ki\u015filer her zaman dost\u00e7a ve yard\u0131mc\u0131yd\u0131lar. Bir ay i\u00e7inde, Dr. Kayiran ile Zug&#8217;da tekrar g\u00f6r\u00fc\u015fece\u011fim ve burnumun o zamana kadar nas\u0131l g\u00f6r\u00fcnece\u011fini merakla bekliyorum.   <\/p>\n\n\n\n<p>Dominique B.<\/p>\n\n\n\n<p>Florence Nightingale Hastanesi \u0130stanbul <a href=\"https:\/\/medicaltravel.ch\/wp-content\/uploads\/2025\/09\/Lebenslauf_Assoc_Prof_Dr_Oguz-Kayiran.pdf\" data-type=\"link\" data-id=\"https:\/\/medicaltravel.ch\/wp-content\/uploads\/2025\/09\/Lebenslauf_Assoc_Prof_Dr_Oguz-Kayiran.pdf\" target=\"_blank\" rel=\"noreferrer noopener\">Do\u00e7. Prof. Dr. O\u011fuz Kay\u0131ran<\/a><\/p>\n\n\n\n<p>22.02.2022 \u2013 02.03.2022 (OP 23.02.2022)<\/p>\n\n\n\n<div class=\"wp-block-group is-layout-grid wp-container-core-group-is-layout-baef362d wp-block-group-is-layout-grid\">\n<p><a href=\"https:\/\/medicaltravel.at\/home\/agb\/\" data-type=\"page\" data-id=\"2191\" rel=\"nofollow noopener\" target=\"_blank\"><\/a><a href=\"https:\/\/medicaltravel.ch\/tr\/hasta-raporlari\/referanslar-tavsiyeler-tedaviler-degerlendirmeler-turkiye-istanbul\/tuerkiyede-ortodontik-tedavi-oenerisi\/\" data-type=\"link\" data-id=\"https:\/\/medicaltravel.ch\/tr\/hasta-raporlari\/referanslar-tavsiyeler-tedaviler-degerlendirmeler-turkiye-istanbul\/tuerkiyede-ortodontik-tedavi-oenerisi\/\">\u00d6nceki rapor<\/a><\/p>\n\n\n\n<p class=\"has-text-align-right wp-container-content-5e2576f9\"><a href=\"https:\/\/medicaltravel.at\/home\/impressum\/\" data-type=\"page\" data-id=\"2193\" rel=\"nofollow noopener\" target=\"_blank\"><\/a><a href=\"https:\/\/medicaltravel.at\/home\/berichte-von-patienten\/erfahrungsberichte\/erfahrungsbericht-zahnbehandlung-in-istanbul\/\" data-type=\"page\" data-id=\"981\" rel=\"nofollow noopener\" target=\"_blank\"><\/a><a href=\"https:\/\/medicaltravel.ch\/tr\/hasta-raporlari\/referanslar-tavsiyeler-tedaviler-degerlendirmeler-turkiye-istanbul\/istanbul-tuerkiyede-liposuction-tavsiyesi\/\" data-type=\"link\" data-id=\"https:\/\/medicaltravel.ch\/tr\/hasta-raporlari\/referanslar-tavsiyeler-tedaviler-degerlendirmeler-turkiye-istanbul\/istanbul-tuerkiyede-liposuction-tavsiyesi\/\">Bir sonraki rapor<\/a><\/p>\n<\/div>\n","protected":false},"excerpt":{"rendered":"<p>\u0130stanbul&#8217;da burun esteti\u011fi i\u00e7in \u00f6nerim \u2013 g\u00fczellik uygulamas\u0131 ve \u015fehir tatilini bir arada ya\u015fay\u0131n. Uzun zamand\u0131r burnumdan rahats\u0131zd\u0131m. Bir noktada, bir operasyonda nelerle kar\u015f\u0131la\u015faca\u011f\u0131m hakk\u0131nda fikir edinmek i\u00e7in internette ara\u015ft\u0131rma yapmaya ba\u015flad\u0131m. \u0130lk olarak \u0130svi\u00e7re&#8217;de bir klinik buldum ve burada ilk dan\u0131\u015fmanl\u0131k g\u00f6r\u00fc\u015fmemi ger\u00e7ekle\u015ftirdim. Her \u015fey harika ve g\u00fcvenilir g\u00f6r\u00fcn\u00fcyordu, ancak fiyat olduk\u00e7a y\u00fcksekti. Bunu kar\u015f\u0131layabilirdim ama ilk teklife hemen karar vermek istemedim. \u00c7evremdeki baz\u0131 ki\u015filer yurtd\u0131\u015f\u0131nda estetik operasyonlar ge\u00e7irmi\u015f olduklar\u0131 i\u00e7in, bir kar\u015f\u0131la\u015ft\u0131rma teklifi almak istedim. Bu s\u0131rada MedicalTravel ile kar\u015f\u0131la\u015ft\u0131m. Okudum, internette ara\u015ft\u0131rma yapt\u0131m ve kar\u015f\u0131la\u015ft\u0131rmalar yapt\u0131m. Her yerde daha ya da ayn\u0131 \u015fey yaz\u0131yordu, bu y\u00fczden MedicalTravel\u2019\u0131n \u00fccretsiz dan\u0131\u015fmanl\u0131k g\u00f6r\u00fc\u015fmesine gitmeye karar verdim ve daha ayr\u0131nt\u0131l\u0131 dinlemek istedim. MedicalTravel ile ileti\u015fim (Say\u0131n Kara) \u00e7ok basit ve verimli bir \u015fekilde Whatsapp \u00fczerinden ger\u00e7ekle\u015fti. Zug&#8217;daki dan\u0131\u015fmanl\u0131k g\u00f6r\u00fc\u015fmesinde, beni operasyona alacak olan Dr. Kayiran (T\u00fcrk\u00e7e ve \u0130ngilizce konu\u015fuyor) ve bir terc\u00fcman (Almanca ve T\u00fcrk\u00e7e konu\u015fuyor) haz\u0131r bulundu. Ben ve refakat\u00e7im t\u00fcm sorular\u0131m\u0131z\u0131 sorduk ve bu olduk\u00e7a bilgilendirici bir g\u00f6r\u00fc\u015fme oldu. Ancak, genel olarak harika olan bu g\u00f6r\u00fc\u015fmede bende hafif bir ka\u015f \u00e7atmaya yol a\u00e7an iki durum oldu: Birincisi, &#8220;her \u015feyin hi\u00e7bir problem olmad\u0131\u011f\u0131, her \u015feyin m\u00fcmk\u00fcn ve yap\u0131labilir oldu\u011fu&#8221; yakla\u015f\u0131m\u0131 (en az\u0131ndan benim alg\u0131lad\u0131\u011f\u0131m \u015fekilde), bu benim i\u00e7in pek ikna edici de\u011fildi. \u0130kincisi, bana hangi operasyon tekni\u011finin (kapal\u0131 m\u0131 yoksa a\u00e7\u0131k m\u0131) uygulanaca\u011f\u0131 soruma tatmin edici bir yan\u0131t alamamamd\u0131. \u0130svi\u00e7re&#8217;deki ilk g\u00f6r\u00fc\u015fmemde, doktorum bana her iki tekni\u011fin art\u0131lar\u0131n\u0131 ve eksilerini anlatm\u0131\u015f ve burnumla ilgili olarak hangi tekni\u011fi tercih etti\u011fini ve nedenini a\u00e7\u0131klam\u0131\u015ft\u0131. Burada da benzer bir a\u00e7\u0131klama beklerdim. Bunun d\u0131\u015f\u0131nda, g\u00f6r\u00fc\u015fmeden olumlu bir \u015fekilde ayr\u0131ld\u0131m ve Dr. Kayiran taraf\u0131ndan \u0130stanbul&#8217;da tedavi edilme d\u00fc\u015f\u00fcncesi bana iyi bir his verdi. Kendi ara\u015ft\u0131rmam\u0131 iyi yapm\u0131\u015ft\u0131m, bu y\u00fczden bahsetti\u011fim iki tepki beni karar\u0131mda etkilemedi, aksine MedicalTravel&#8217;\u0131n sundu\u011fu genel paket h\u00e2l\u00e2 ilgin\u00e7 ve cazip geliyordu. Birka\u00e7 g\u00fcn sonra, g\u00f6r\u00fc\u015fmeden sonra bir teklif ald\u0131m ve s\u00fcrecin nas\u0131l ilerleyece\u011fine dair ilk bilgileri edindim. Ki\u015fisel olarak, estetik bir tedaviyi bir \u015fehir gezisiyle kombinlemeyi tercih ettim. Bir bandajla dola\u015f\u0131rken kimsenin beni tan\u0131mad\u0131\u011f\u0131 bir yerde olmak daha rahat geldi (ve \u0130stanbul&#8217;da kesinlikle dikkat \u00e7ekmiyorsunuz). Ayr\u0131ca, \u0130stanbul&#8217;da bulundu\u011fum s\u00fcre boyunca hem terc\u00fcmanla hem de doktorla ileti\u015fimde olabilmek bana g\u00fcvenli ve rahat bir his verdi. Sonunda, MedicalTravel\u2019\u0131n teklifini kabul etmeye karar verdim ve dedim ki: &#8220;Bu kadar \u00e7ok insan, b\u00f6yle tedaviler i\u00e7in yurtd\u0131\u015f\u0131na seyahat ediyor ve memnun bir \u015fekilde geri d\u00f6n\u00fcyor.&#8221; MedicalTravel her g\u00fcn bu t\u00fcr seyahatleri organize ediyor ve doktorlar\u0131n iyi referanslar\u0131 ve deneyimleri var. Tabii ki, ger\u00e7ekten cazip olan fiyat-performans oran\u0131 da bu teklifi di\u011ferlerine tercih etmemi sa\u011flad\u0131. T\u00fcm detaylar netle\u015ftirildikten, arac\u0131l\u0131k s\u00f6zle\u015fmesi imzaland\u0131ktan ve pe\u015finat \u00f6dendikten sonra, u\u00e7u\u015f g\u00fcn\u00fc yakla\u015fmaya ba\u015flad\u0131. Benim ve refakat\u00e7imin, bir Sal\u0131 ak\u015fam\u0131 var\u0131\u015f\u0131m\u0131z\u0131n ard\u0131ndan \u015fof\u00f6r\u00fcm\u00fcz\u00fc bulup, iki di\u011fer MedicalTravel hastas\u0131yla birlikte do\u011frudan hastaneye g\u00f6t\u00fcr\u00fcld\u00fck (kan testi ve COVID-19 testi yap\u0131ld\u0131). Ard\u0131ndan otele transfer edildik. Otel, bu t\u00fcr estetik seyahatlerine gelen bir\u00e7ok misafire ev sahipli\u011fi yap\u0131yor, bu y\u00fczden bandajla dola\u015f\u0131rken hi\u00e7 dikkat \u00e7ekmiyorsunuz. Konumu Kad\u0131k\u00f6y merkeze ideal mesafede, sadece \u00e7evre \u00e7ok da ho\u015f bir yer de\u011fil, ama bu bizi kesinlikle rahats\u0131z etmedi. Bu konaklaman\u0131n ana odak noktas\u0131 tedavi \u00fczerineydi. Odalar temizdi, personel her zaman \u00e7ok arkada\u015f canl\u0131s\u0131yd\u0131 ve yemekler \u00e7ok lezzetliydi. \u00c7ok keyifli bir konaklama ge\u00e7irdik ve kendimi s\u00fcrekli olarak \u00e7ok rahat hissettim. Ertesi g\u00fcn (\u00c7ar\u015famba) sabah, otelden hastaneye transfer edildik ve ard\u0131ndan di\u011fer haz\u0131rl\u0131klar ba\u015flad\u0131 (anestezi). Ne yaz\u0131k ki, kahvalt\u0131dan \u00f6nce k\u00fc\u00e7\u00fck bir \u015feyler yedi\u011fim i\u00e7in, bu operasyon plan\u0131n\u0131 biraz kar\u0131\u015ft\u0131rd\u0131 ve ameliyat\u0131m birka\u00e7 saat ertelendi (en az 6 saat a\u00e7 karna olmal\u0131yd\u0131m \u2013 ups). Bu nedenle, operasyon \u00f6ncesi g\u00f6r\u00fc\u015fme ne yaz\u0131k ki biraz aceleye geldi (en az\u0131ndan \u00f6yle hissettim, belki de kahvalt\u0131 y\u00fcz\u00fcnden ya\u015fanan kar\u0131\u015f\u0131kl\u0131k nedeniyle). Yine de, daha ayr\u0131nt\u0131l\u0131 bir a\u00e7\u0131klama beklerdim (\u00f6rne\u011fin, bir bilgisayar sim\u00fclasyonu yerine sadece telefon foto\u011fraflar\u0131 g\u00f6rd\u00fcm; Zug&#8217;daki g\u00f6r\u00fc\u015fme de sadece bir iPad&#8217;de yap\u0131lan kabaca bir sim\u00fclasyondu ve \u00fczerinden birka\u00e7 ay ge\u00e7mi\u015fti).Her hal\u00fckarda, operasyon s\u00fcreciyle ilgili t\u00fcm sorular\u0131m yan\u0131tland\u0131, belirsizlikler giderildi ve burnumla ilgili isteklerimi ilettikten sonra, operasyon i\u00e7in haz\u0131r hale getirildim ve yak\u0131nda ameliyat odas\u0131na al\u0131nd\u0131m. \u015ea\u015f\u0131rt\u0131c\u0131 bir \u015fekilde, neredeyse hi\u00e7 heyecanlanmad\u0131m ve Dr. Kayiran&#8217;a, onun yetene\u011fine ve ekibine tamamen g\u00fcvendim. Birka\u00e7 saat sonra uyanma odas\u0131nda uyand\u0131\u011f\u0131mda, do\u011frudan odaya al\u0131nd\u0131m ve refakat\u00e7im beni bekliyordu. Dr. Kayiran ve terc\u00fcman da odadayd\u0131 ve her \u015feyin iyi ge\u00e7ti\u011fini ve komplikasyon olmad\u0131\u011f\u0131n\u0131 bildirdiler. \u0130lk gece hastanede kald\u0131m ve dostane personel taraf\u0131ndan \u00e7ok iyi bir \u015fekilde bak\u0131ld\u0131m (Google Translate, dil bariyerini a\u015fmamda \u00e7ok yard\u0131mc\u0131 oldu ;-)). Hi\u00e7bir a\u011fr\u0131 hissetmedim, sadece al\u0131n-burun kemi\u011fi b\u00f6lgesinde hafif bir bask\u0131 vard\u0131. S\u00fcrekli olarak so\u011futucu buz paketleri getirildi, bu da \u015fi\u015fliklerin azalmas\u0131na yard\u0131mc\u0131 oldu ve minimumda kalmas\u0131n\u0131 sa\u011flad\u0131. Ertesi g\u00fcn (Per\u015fembe), Dr. Kayiran ve terc\u00fcman tekrar odama u\u011frad\u0131lar ve ard\u0131ndan beni otele transfer ettiler, burada iki g\u00fcn boyunca \u00e7o\u011funlukla yat\u0131p uyudum. Bu iki g\u00fcn en zorlu zamanlard\u0131. Hala hi\u00e7bir a\u011fr\u0131 hissetmedim, ancak g\u00f6z \u00e7evremde \u015fi\u015flik olu\u015ftu, renk de\u011fi\u015ftirip morarmadan sararmaya ba\u015flad\u0131 ve g\u00f6zlerim s\u00fcrekli suland\u0131. A\u011f\u0131zdan s\u00fcrekli nefes al\u0131rken a\u011f\u0131z kurulu\u011fu hissettim, bu y\u00fczden dudaklar\u0131m\u0131 ve a\u011fz\u0131m\u0131 nemlendirmek i\u00e7in s\u00fcrekli bir \u015feyler i\u00e7mem gerekiyordu. \u015ei\u015fliklere kar\u015f\u0131 da buz paketleriyle m\u00fccadele ettim, b\u00f6ylece ameliyat\u0131n \u00fc\u00e7\u00fcnc\u00fc g\u00fcn\u00fc (Cumartesi) biraz daha normal g\u00f6r\u00fcnmeye ba\u015flad\u0131m. O g\u00fcn, burun deliklerimdeki tamponlar \u00e7\u0131kar\u0131ld\u0131, bu k\u0131sa s\u00fcreli bir rahats\u0131zl\u0131k verdi. Tamponlar \u00e7\u0131kar\u0131ld\u0131\u011f\u0131nda, burnumda ilk defa bask\u0131dan kurtulmu\u015f oldum ve bu ger\u00e7ekten bir rahatlama oldu. O g\u00fcn, yeterince dinlenmi\u015f ve g\u00fc\u00e7l\u00fc hissetti\u011fim i\u00e7in Kad\u0131k\u00f6y mahallesinde ilk ke\u015fif turumu yapmaya karar verdim. \u0130ki g\u00fcn sonra, Pazartesi g\u00fcn\u00fc, al\u00e7\u0131 bandaj\u0131m \u00e7\u0131kar\u0131ld\u0131. Yeni burnumu ilk defa serbest olarak g\u00f6rd\u00fcm ve operasyondan sonra Dr. Kayiran\u2019\u0131n g\u00f6sterdi\u011fi foto\u011fraftan \u00e7ok daha farkl\u0131 g\u00f6r\u00fcn\u00fcyordu. Dr. Kayiran, burnumun hala \u015fi\u015f olaca\u011f\u0131 ve zamanla \u015fekil de\u011fi\u015ftirece\u011fi konusunda beni uyarm\u0131\u015ft\u0131, bu da beni rahatlatm\u0131\u015ft\u0131. Sonras\u0131nda hastaneyi memnun ve g\u00fcvenle terk ettim. \u0130ki gece daha kald\u0131ktan sonra, refakat\u00e7imle birlikte tekrar havaalan\u0131na g\u00f6t\u00fcr\u00fcld\u00fcm ve evime d\u00f6nd\u00fcm. \u015eimdi, operasyon masas\u0131nda yatal\u0131 \u00fc\u00e7 hafta oldu. Hen\u00fcz kesin bir sonu\u00e7tan bahsedemem, \u00e7\u00fcnk\u00fc s\u00fcre \u00e7ok k\u0131sa. Ancak, burnumdan olduk\u00e7a memnunum. Bariz bir fark var ve her \u015feyin ne kadar h\u0131zl\u0131 iyile\u015fti\u011fi ve \u015fi\u015fliklerin ne kadar \u00e7abuk azald\u0131\u011f\u0131 ger\u00e7ekten \u015fa\u015f\u0131rt\u0131c\u0131. D\u00fczeltmek istedi\u011fim \u015feyler de\u011fi\u015fti ve g\u00fczel, do\u011fal bir burun \u015fekli elde ettim. Her g\u00fcn burnumdan nefes alman\u0131n daha kolayla\u015ft\u0131\u011f\u0131n\u0131, burun kanatlar\u0131m\u0131n hareket etmesinin ve y\u00fcz\u00fcmdeki genel hareketlerin art\u0131k a\u011fr\u0131s\u0131z ve rahats\u0131z edici olmad\u0131\u011f\u0131n\u0131 hissediyorum, hatta nazik\u00e7e s\u00fcmk\u00fcrmek bile m\u00fcmk\u00fcn oldu. Burnumun<\/p>\n","protected":false},"author":4,"featured_media":0,"parent":4587,"menu_order":0,"comment_status":"closed","ping_status":"closed","template":"","meta":{"_joinchat":[],"footnotes":""},"class_list":["post-4625","page","type-page","status-publish","hentry"],"acf":[],"_links":{"self":[{"href":"https:\/\/medicaltravel.ch\/tr\/wp-json\/wp\/v2\/pages\/4625","targetHints":{"allow":["GET"]}}],"collection":[{"href":"https:\/\/medicaltravel.ch\/tr\/wp-json\/wp\/v2\/pages"}],"about":[{"href":"https:\/\/medicaltravel.ch\/tr\/wp-json\/wp\/v2\/types\/page"}],"author":[{"embeddable":true,"href":"https:\/\/medicaltravel.ch\/tr\/wp-json\/wp\/v2\/users\/4"}],"replies":[{"embeddable":true,"href":"https:\/\/medicaltravel.ch\/tr\/wp-json\/wp\/v2\/comments?post=4625"}],"version-history":[{"count":0,"href":"https:\/\/medicaltravel.ch\/tr\/wp-json\/wp\/v2\/pages\/4625\/revisions"}],"up":[{"embeddable":true,"href":"https:\/\/medicaltravel.ch\/tr\/wp-json\/wp\/v2\/pages\/4587"}],"wp:attachment":[{"href":"https:\/\/medicaltravel.ch\/tr\/wp-json\/wp\/v2\/media?parent=4625"}],"curies":[{"name":"wp","href":"https:\/\/api.w.org\/{rel}","templated":true}]}}