{"id":4627,"date":"2025-09-23T16:31:55","date_gmt":"2025-09-23T15:31:55","guid":{"rendered":"https:\/\/medicaltravel.ch\/hasta-raporlari\/erfahrungsberichte-empfehlungen-behandlungen-beurteilung-tuerkei-istanbul\/tuerkiyede-ortodontik-tedavi-oenerisi\/"},"modified":"2026-01-12T17:21:43","modified_gmt":"2026-01-12T16:21:43","slug":"tuerkiyede-ortodontik-tedavi-oenerisi","status":"publish","type":"page","link":"https:\/\/medicaltravel.ch\/tr\/hasta-raporlari\/referanslar-tavsiyeler-tedaviler-degerlendirmeler-turkiye-istanbul\/tuerkiyede-ortodontik-tedavi-oenerisi\/","title":{"rendered":"T\u00fcrkiye&#8217;de ortodontik tedavi \u00f6nerisi"},"content":{"rendered":"\n<p><strong><u>\u0130stanbul, T\u00fcrkiye&#8217;deki ortodontik tedavim i\u00e7in tavsiyem<\/u><\/strong><\/p>\n\n\n\n<p>\u0130svi\u00e7reli Siegfried Sch\u00e4tti&#8217;nin Kas\u0131m 2022&#8217;de Medicaltravel hakk\u0131nda yapt\u0131\u011f\u0131 kullan\u0131c\u0131 yorumu.<\/p>\n\n\n\n<p>2022 sonbahar\u0131nda \u0130stanbul&#8217;da di\u015f tedavim i\u00e7in <a href=\"https:\/\/medicaltravel.ch\/tr\/\" data-type=\"page\" data-id=\"6\">Medicaltravel&#8217;\u0131n <\/a>hizmetlerinden ikinci kez yararlanma f\u0131rsat\u0131m oldu.<\/p>\n\n\n\n<p>Pegasus Airlines ile \u0130stanbul Sabiha G\u00f6k\u00e7en Havaliman\u0131 \u00fczerinden yap\u0131lan u\u00e7u\u015f, pazar g\u00fcn\u00fc havaalan\u0131ndan otele transfer, hafta boyunca Ni\u015fanta\u015f\u0131 Spa Walton Oteli ile Centerdent Di\u015f Klini\u011fi aras\u0131ndaki transferler ve cumartesi g\u00fcn\u00fc havaalan\u0131na d\u00f6n\u00fc\u015f m\u00fckemmel bir \u015fekilde organize edildi ve her \u015fey kusursuz bir \u015fekilde i\u015fledi.<\/p>\n\n\n\n<p>WhatsApp kullanmak kesinlikle gereklidir. 500 MB&#8217;l\u0131k bir M-Budget veri paketi yeterli oldu. \u0130stanbul i\u00e7in Google Maps&#8217;in offline haritas\u0131 da olmazsa olmaz. Ayr\u0131ca, Pegasus&#8217;un offline bini\u015f kart\u0131 uygulamas\u0131 da \u00e7ok faydal\u0131. Gidi\u015f ve d\u00f6n\u00fc\u015f i\u00e7in 3 g\u00fcn \u00f6nceden uygulama \u00fczerinden check-in yapman\u0131z\u0131 tavsiye ederim. Bunu yapt\u0131ysan\u0131z, el bagaj\u0131 i\u00e7in Z\u00fcrich ve \u0130stanbul&#8217;da \u00f6zel kontuarlar\u0131 kullanabilirsiniz. Ne \u0130ngilizce ne de T\u00fcrk\u00e7e konu\u015fuyorum ama bu s\u00fcreci ba\u015far\u0131yla y\u00f6nettim.      <\/p>\n\n\n\n<p>Bir not olarak: Bu havaalan\u0131 \u0130stanbul&#8217;un d\u0131\u015f\u0131nda yer al\u0131yor ve trafik s\u0131k\u0131\u015f\u0131kl\u0131klar\u0131 nedeniyle, \u00f6zellikle yo\u011fun saatlerde, yolculuk s\u00fcresine ek olarak (yakla\u015f\u0131k 1-2 saat) ekstra zaman ay\u0131rman\u0131z gerekebilir.<\/p>\n\n\n\n<p><a href=\"https:\/\/medicaltravel.ch\/tr\/disci-gezileri\/dis-klinikleri\/istanbuldaki-swiss-dis-klinigi\/\" data-type=\"page\" data-id=\"46\">Swiss Centerdent Klini\u011fi<\/a>, Zorlu Center&#8217;da yer almaktad\u0131r.<\/p>\n\n\n\n<p>Ni\u015fanta\u015f\u0131 Spa Walton Oteli, Ni\u015fanta\u015f\u0131 b\u00f6lgesinde, olduk\u00e7a canl\u0131 bir mahallede yer almaktad\u0131r.<\/p>\n\n\n\n<p>En yak\u0131n metro istasyonu Osmanbey, y\u00fcr\u00fcyerek 15 dakika mesafededir. Burada, makinelerden tek bir yolculuk veya 3 yolculukluk bilet alabilirsiniz. Ancak, her makine T\u00fcrk Liras\u0131 ile nakit \u00f6deme kabul etmiyor.  <\/p>\n\n\n\n<p>\u0130stanbul&#8217;daki SwissCenterdent Klini\u011fi&#8217;nde, Di\u015f Hekimi Dr. ve ekibinin, iki yard\u0131mc\u0131 ve \u00fc\u00e7 tedavi odas\u0131yla birlikte yapt\u0131\u011f\u0131 tedaviler profesyonel bir \u015fekilde ger\u00e7ekle\u015ftirilmektedir. Z\u00fcrich&#8217;teki di\u015f hekimiyle yap\u0131lan tedaviler de ayn\u0131 profesyonellik seviyesinde.<\/p>\n\n\n\n<p>\u0130stanbul&#8217;daki tedavi s\u0131ras\u0131nda, her birimize mercimek \u00e7orbas\u0131 gibi bir yemek sunuldu ve ak\u015fam i\u00e7in otelde kullan\u0131labilecek bir su \u0131s\u0131t\u0131c\u0131s\u0131 vard\u0131. Ayr\u0131ca ak\u015fam yeme\u011fi de bize verildi.<\/p>\n\n\n\n<p>Ayr\u0131ca, otelden k\u0131sa bir mesafede bir Migros marketi vard\u0131, burada her g\u00fcn al\u0131\u015fveri\u015f yapabiliyordum.<\/p>\n\n\n\n<p>Migros T\u00fcrk, 1954 y\u0131l\u0131nda Migros \u0130svi\u00e7re&#8217;nin bir yan kurulu\u015fu olarak kuruldu. 2008 y\u0131l\u0131nda ise Ko\u00e7 Grubu, Migros&#8217;u satt\u0131. <\/p>\n\n\n\n<p>Bo\u015f zaman\u0131m\u0131 genellikle otelde dinlenerek ve yak\u0131n \u00e7evredeki gezilecek yerlere \u00e7\u0131karak ge\u00e7irdim.<\/p>\n\n\n\n<p>Siegfried Sch\u00e4tti, Steffisburg, 25 Kas\u0131m 2022<\/p>\n\n\n\n<div class=\"wp-block-group is-layout-grid wp-container-core-group-is-layout-baef362d wp-block-group-is-layout-grid\">\n<p><a href=\"https:\/\/medicaltravel.at\/home\/agb\/\" data-type=\"page\" data-id=\"2191\" rel=\"nofollow noopener\" target=\"_blank\"><\/a><a href=\"https:\/\/medicaltravel.ch\/tr\/hasta-raporlari\/referanslar-tavsiyeler-tedaviler-degerlendirmeler-turkiye-istanbul\/oeneri-istanbul-tuerkiyede-karin-germe-ameliyati-deneyimi\/\" data-type=\"link\" data-id=\"https:\/\/medicaltravel.ch\/tr\/hasta-raporlari\/referanslar-tavsiyeler-tedaviler-degerlendirmeler-turkiye-istanbul\/oeneri-istanbul-tuerkiyede-karin-germe-ameliyati-deneyimi\/\">\u00d6nceki rapor<\/a><\/p>\n\n\n\n<p class=\"has-text-align-right wp-container-content-5e2576f9\"><a href=\"https:\/\/medicaltravel.at\/home\/impressum\/\" data-type=\"page\" data-id=\"2193\" rel=\"nofollow noopener\" target=\"_blank\"><\/a><a href=\"https:\/\/medicaltravel.at\/home\/berichte-von-patienten\/erfahrungsberichte\/erfahrungsbericht-zahnbehandlung-in-istanbul\/\" data-type=\"page\" data-id=\"981\" rel=\"nofollow noopener\" target=\"_blank\"><\/a><a href=\"https:\/\/medicaltravel.ch\/tr\/hasta-raporlari\/referanslar-tavsiyeler-tedaviler-degerlendirmeler-turkiye-istanbul\/istanbul-tuerkiyede-burun-estetigi-tavsiyesi\/\" data-type=\"link\" data-id=\"https:\/\/medicaltravel.ch\/tr\/hasta-raporlari\/referanslar-tavsiyeler-tedaviler-degerlendirmeler-turkiye-istanbul\/istanbul-tuerkiyede-burun-estetigi-tavsiyesi\/\">Bir sonraki rapor<\/a><\/p>\n<\/div>\n","protected":false},"excerpt":{"rendered":"<p>\u0130stanbul, T\u00fcrkiye&#8217;deki ortodontik tedavim i\u00e7in tavsiyem \u0130svi\u00e7reli Siegfried Sch\u00e4tti&#8217;nin Kas\u0131m 2022&#8217;de Medicaltravel hakk\u0131nda yapt\u0131\u011f\u0131 kullan\u0131c\u0131 yorumu. 2022 sonbahar\u0131nda \u0130stanbul&#8217;da di\u015f tedavim i\u00e7in Medicaltravel&#8217;\u0131n hizmetlerinden ikinci kez yararlanma f\u0131rsat\u0131m oldu. Pegasus Airlines ile \u0130stanbul Sabiha G\u00f6k\u00e7en Havaliman\u0131 \u00fczerinden yap\u0131lan u\u00e7u\u015f, pazar g\u00fcn\u00fc havaalan\u0131ndan otele transfer, hafta boyunca Ni\u015fanta\u015f\u0131 Spa Walton Oteli ile Centerdent Di\u015f Klini\u011fi aras\u0131ndaki transferler ve cumartesi g\u00fcn\u00fc havaalan\u0131na d\u00f6n\u00fc\u015f m\u00fckemmel bir \u015fekilde organize edildi ve her \u015fey kusursuz bir \u015fekilde i\u015fledi. WhatsApp kullanmak kesinlikle gereklidir. 500 MB&#8217;l\u0131k bir M-Budget veri paketi yeterli oldu. \u0130stanbul i\u00e7in Google Maps&#8217;in offline haritas\u0131 da olmazsa olmaz. Ayr\u0131ca, Pegasus&#8217;un offline bini\u015f kart\u0131 uygulamas\u0131 da \u00e7ok faydal\u0131. Gidi\u015f ve d\u00f6n\u00fc\u015f i\u00e7in 3 g\u00fcn \u00f6nceden uygulama \u00fczerinden check-in yapman\u0131z\u0131 tavsiye ederim. Bunu yapt\u0131ysan\u0131z, el bagaj\u0131 i\u00e7in Z\u00fcrich ve \u0130stanbul&#8217;da \u00f6zel kontuarlar\u0131 kullanabilirsiniz. Ne \u0130ngilizce ne de T\u00fcrk\u00e7e konu\u015fuyorum ama bu s\u00fcreci ba\u015far\u0131yla y\u00f6nettim. Bir not olarak: Bu havaalan\u0131 \u0130stanbul&#8217;un d\u0131\u015f\u0131nda yer al\u0131yor ve trafik s\u0131k\u0131\u015f\u0131kl\u0131klar\u0131 nedeniyle, \u00f6zellikle yo\u011fun saatlerde, yolculuk s\u00fcresine ek olarak (yakla\u015f\u0131k 1-2 saat) ekstra zaman ay\u0131rman\u0131z gerekebilir. Swiss Centerdent Klini\u011fi, Zorlu Center&#8217;da yer almaktad\u0131r. Ni\u015fanta\u015f\u0131 Spa Walton Oteli, Ni\u015fanta\u015f\u0131 b\u00f6lgesinde, olduk\u00e7a canl\u0131 bir mahallede yer almaktad\u0131r. En yak\u0131n metro istasyonu Osmanbey, y\u00fcr\u00fcyerek 15 dakika mesafededir. Burada, makinelerden tek bir yolculuk veya 3 yolculukluk bilet alabilirsiniz. Ancak, her makine T\u00fcrk Liras\u0131 ile nakit \u00f6deme kabul etmiyor. \u0130stanbul&#8217;daki SwissCenterdent Klini\u011fi&#8217;nde, Di\u015f Hekimi Dr. ve ekibinin, iki yard\u0131mc\u0131 ve \u00fc\u00e7 tedavi odas\u0131yla birlikte yapt\u0131\u011f\u0131 tedaviler profesyonel bir \u015fekilde ger\u00e7ekle\u015ftirilmektedir. Z\u00fcrich&#8217;teki di\u015f hekimiyle yap\u0131lan tedaviler de ayn\u0131 profesyonellik seviyesinde. \u0130stanbul&#8217;daki tedavi s\u0131ras\u0131nda, her birimize mercimek \u00e7orbas\u0131 gibi bir yemek sunuldu ve ak\u015fam i\u00e7in otelde kullan\u0131labilecek bir su \u0131s\u0131t\u0131c\u0131s\u0131 vard\u0131. Ayr\u0131ca ak\u015fam yeme\u011fi de bize verildi. Ayr\u0131ca, otelden k\u0131sa bir mesafede bir Migros marketi vard\u0131, burada her g\u00fcn al\u0131\u015fveri\u015f yapabiliyordum. Migros T\u00fcrk, 1954 y\u0131l\u0131nda Migros \u0130svi\u00e7re&#8217;nin bir yan kurulu\u015fu olarak kuruldu. 2008 y\u0131l\u0131nda ise Ko\u00e7 Grubu, Migros&#8217;u satt\u0131. Bo\u015f zaman\u0131m\u0131 genellikle otelde dinlenerek ve yak\u0131n \u00e7evredeki gezilecek yerlere \u00e7\u0131karak ge\u00e7irdim. Siegfried Sch\u00e4tti, Steffisburg, 25 Kas\u0131m 2022 \u00d6nceki rapor Bir sonraki rapor<\/p>\n","protected":false},"author":4,"featured_media":0,"parent":4587,"menu_order":0,"comment_status":"closed","ping_status":"closed","template":"","meta":{"_joinchat":[],"footnotes":""},"class_list":["post-4627","page","type-page","status-publish","hentry"],"acf":[],"_links":{"self":[{"href":"https:\/\/medicaltravel.ch\/tr\/wp-json\/wp\/v2\/pages\/4627","targetHints":{"allow":["GET"]}}],"collection":[{"href":"https:\/\/medicaltravel.ch\/tr\/wp-json\/wp\/v2\/pages"}],"about":[{"href":"https:\/\/medicaltravel.ch\/tr\/wp-json\/wp\/v2\/types\/page"}],"author":[{"embeddable":true,"href":"https:\/\/medicaltravel.ch\/tr\/wp-json\/wp\/v2\/users\/4"}],"replies":[{"embeddable":true,"href":"https:\/\/medicaltravel.ch\/tr\/wp-json\/wp\/v2\/comments?post=4627"}],"version-history":[{"count":0,"href":"https:\/\/medicaltravel.ch\/tr\/wp-json\/wp\/v2\/pages\/4627\/revisions"}],"up":[{"embeddable":true,"href":"https:\/\/medicaltravel.ch\/tr\/wp-json\/wp\/v2\/pages\/4587"}],"wp:attachment":[{"href":"https:\/\/medicaltravel.ch\/tr\/wp-json\/wp\/v2\/media?parent=4627"}],"curies":[{"name":"wp","href":"https:\/\/api.w.org\/{rel}","templated":true}]}}