{"id":4629,"date":"2025-09-23T17:15:52","date_gmt":"2025-09-23T16:15:52","guid":{"rendered":"https:\/\/medicaltravel.ch\/hasta-raporlari\/erfahrungsberichte-empfehlungen-behandlungen-beurteilung-tuerkei-istanbul\/istanbuldaki-kaplama-disler-sayesinde-sonunda-yeniden-gueluemsueyorum\/"},"modified":"2026-01-12T18:58:59","modified_gmt":"2026-01-12T17:58:59","slug":"istanbuldaki-kaplama-disler-sayesinde-sonunda-yeniden-gueluemsueyorum","status":"publish","type":"page","link":"https:\/\/medicaltravel.ch\/tr\/hasta-raporlari\/referanslar-tavsiyeler-tedaviler-degerlendirmeler-turkiye-istanbul\/istanbuldaki-kaplama-disler-sayesinde-sonunda-yeniden-gueluemsueyorum\/","title":{"rendered":"\u0130STANBUL&#8217;DAK\u0130 KAPLAMA D\u0130\u015eLER SAYES\u0130NDE SONUNDA YEN\u0130DEN G\u00dcL\u00dcMS\u00dcYORUM"},"content":{"rendered":"\n<p>\u0130STANBUL&#8217;DAK\u0130 KAPLAMA D\u0130\u015eLER SAYES\u0130NDE SONUNDA YEN\u0130DEN G\u00dcL\u00dcMS\u00dcYORUM \u2013 7 \u015eubat 2018 \u00c7ar\u015famba tarihli rapor<\/p>\n\n\n\n<p>Ben ve arkada\u015f\u0131m uzun zamand\u0131r veneer (lamina) uygulamas\u0131yla ilgileniyorduk ve s\u00fcrekli internetten ara\u015ft\u0131rmalar yap\u0131yor ve farkl\u0131 yerlerden teklifler al\u0131yorduk. \u0130svi\u00e7re&#8217;de veneer yapt\u0131rmak bizim i\u00e7in se\u00e7enek de\u011fildi, \u00e7\u00fcnk\u00fc fiyatlar ger\u00e7ekten \u00e7ok y\u00fcksekti. <\/p>\n\n\n\n<p>Bir \u015fekilde MedicalTravel ile kar\u015f\u0131la\u015ft\u0131k ve Zug&#8217;da bir dan\u0131\u015fmanl\u0131k g\u00f6r\u00fc\u015fmesi ayarlad\u0131k. Terc\u00fcman ve di\u015f hekimiyle yapt\u0131\u011f\u0131m\u0131z g\u00f6r\u00fc\u015fmenin ard\u0131ndan bu ad\u0131m\u0131 atmaya karar verdik. <\/p>\n\n\n\n<p>U\u00e7u\u015fu ve oteli kendimiz ayarlad\u0131k, ancak bunu MedicalTravel&#8217;dan Say\u0131n Kara da yapabilirdi. \u0130stanbul&#8217;a vard\u0131\u011f\u0131m\u0131zda, Ac\u0131badem Hastanesi&#8217;nin transfer servisi zaten havaalan\u0131nda bizi kar\u015f\u0131lad\u0131. <\/p>\n\n\n\n<p>Bizi otele getirdikten sonra, ertesi sabah tekrar al\u0131nd\u0131k ve Ac\u0131badem Hastanesi&#8217;ne g\u00f6t\u00fcr\u00fcld\u00fck. \u0130lk g\u00fcn asl\u0131nda en verimli g\u00fcnd\u00fc. Di\u015flerimiz \u00fczerinde i\u015flem yap\u0131ld\u0131, yani biraz z\u0131mparaland\u0131, ard\u0131ndan bir \u00f6l\u00e7\u00fc al\u0131nd\u0131 ve laboratuvara g\u00f6nderildi, b\u00f6ylece veneer&#8217;lerimiz \u00fcretilebilecekti. Sonunda ge\u00e7ici di\u015flerimiz tak\u0131ld\u0131. Her ne kadar bu i\u015flem &#8220;rahat&#8221; olmasa da, hi\u00e7 a\u011fr\u0131 ya\u015famad\u0131k. Ayr\u0131ca, sonunda veneer&#8217;lerimiz i\u00e7in hangi rengi se\u00e7mek istedi\u011fimizi belirleme \u015fans\u0131m\u0131z oldu.      <\/p>\n\n\n\n<p>Ge\u00e7ici di\u015flerimizle, sadece \u00e7ok sert \u015feyler yememeye dikkat etmemiz gerekti, \u00e7\u00fcnk\u00fc bunlar tam olarak g\u00fc\u00e7l\u00fc bir \u015fekilde yap\u0131\u015ft\u0131r\u0131lmam\u0131\u015ft\u0131, b\u00f6ylece daha h\u0131zl\u0131 bir \u015fekilde \u00e7\u0131kar\u0131labilsinler.<\/p>\n\n\n\n<p>\u015eimdi birka\u00e7 g\u00fcn\u00fcm\u00fcz vard\u0131 ve \u0130stanbul&#8217;u ke\u015ffetme f\u0131rsat\u0131m\u0131z oldu. Farkl\u0131 yerlere gittik ve bir\u00e7ok turistik yeri gezdik. \u00d6rne\u011fin, Sultanahmet Camii, Kapal\u0131 \u00c7ar\u015f\u0131, Bo\u011faz gibi yerleri ziyaret ettik. Ayr\u0131ca, Big Bus turuna kat\u0131ld\u0131k, bu ger\u00e7ekten tavsiye edebilece\u011fim bir etkinlik, \u00e7\u00fcnk\u00fc \u00e7ok \u015fey g\u00f6r\u00fcyorsunuz ve her \u015fey hakk\u0131nda bilgi veriliyor.  <\/p>\n\n\n\n<p>Per\u015fembe g\u00fcn\u00fc, veneer&#8217;lerimizin uyumunu kontrol etmek i\u00e7in bir deneme yapmaya gittik. Ertesi g\u00fcn ise veneer&#8217;lerimiz di\u015flerimize tak\u0131ld\u0131. Bu i\u015flem yine anestezi alt\u0131nda yap\u0131ld\u0131. Her bir di\u015f tek tek yap\u0131\u015ft\u0131r\u0131ld\u0131 ve ilk kez aynaya bakt\u0131\u011f\u0131mda, g\u00f6rd\u00fc\u011f\u00fcm manzara kar\u015f\u0131s\u0131nda \u015fa\u015fk\u0131na d\u00f6nd\u00fcm. Veneer&#8217;lerim o kadar g\u00fczeldi ki! \u00d6nceden \u00f6zellikle alt di\u015flerim \u00e7ok e\u011friydi, ama \u015fimdi hi\u00e7bir \u015fey kalmam\u0131\u015f, ger\u00e7ekten inan\u0131lmaz.     <\/p>\n\n\n\n<p>Cumartesi g\u00fcn\u00fc tekrar Ac\u0131badem Hastanesi&#8217;ne gittik, di\u015f hekimimizle birlikte her \u015feyin d\u00fczg\u00fcn olup olmad\u0131\u011f\u0131n\u0131 kontrol ettik. Arkada\u015f\u0131m, di\u015flerini g\u0131c\u0131rdatt\u0131\u011f\u0131 i\u00e7in gece pla\u011f\u0131 yap\u0131labilmesi i\u00e7in yeni di\u015flerinin \u00f6l\u00e7\u00fcs\u00fcn\u00fc ald\u0131. Art\u0131k her \u015fey bitmi\u015fti.  <\/p>\n\n\n\n<p>Bu hafta ger\u00e7ekten inan\u0131lmaz h\u0131zl\u0131 ge\u00e7ti. Terc\u00fcman m\u00fckemmel Almanca konu\u015ftu ve bize \u00e7ok iyi bir \u015fekilde rehberlik etti. Di\u015f hekimimiz Dr. \u00d6zge \u00d6zt\u00fcrk&#8217;ten ise zaten \u00e7ok etkilendik. \u0130\u015fini harika bir \u015fekilde yap\u0131yor ve b\u00fcy\u00fck bir tutku ile \u00e7al\u0131\u015f\u0131yor.   <\/p>\n\n\n\n<p>Herkese kesinlikle MedicalTravel&#8217;da di\u015flerini yapt\u0131rmalar\u0131n\u0131 tavsiye ederiz. Fiyatlar ve kalite harika. Ayr\u0131ca, \u0130stanbul ger\u00e7ekten \u00e7ok ilgin\u00e7 bir \u015fehir. Al\u0131\u015fveri\u015f yapmak i\u00e7in s\u00fcper bir yer ve her yerde yemekler \u00e7ok lezzetliydi. Kesinlikle tekrar gidece\u011fiz.    <\/p>\n\n\n\n<p>Nitharjan Sandrasekaram<\/p>\n\n\n\n<div class=\"wp-block-group is-layout-grid wp-container-core-group-is-layout-baef362d wp-block-group-is-layout-grid\">\n<p><a href=\"https:\/\/medicaltravel.at\/home\/agb\/\" data-type=\"page\" data-id=\"2191\" rel=\"nofollow noopener\" target=\"_blank\"><\/a><a href=\"https:\/\/medicaltravel.ch\/tr\/hasta-raporlari\/referanslar-tavsiyeler-tedaviler-degerlendirmeler-turkiye-istanbul\/istanbulda-sac-ekimi-deneyimim\/\" data-type=\"link\" data-id=\"https:\/\/medicaltravel.ch\/tr\/hasta-raporlari\/referanslar-tavsiyeler-tedaviler-degerlendirmeler-turkiye-istanbul\/istanbulda-sac-ekimi-deneyimim\/\">\u00d6nceki rapor<\/a><\/p>\n\n\n\n<p class=\"has-text-align-right wp-container-content-5e2576f9\"><a href=\"https:\/\/medicaltravel.at\/home\/impressum\/\" data-type=\"page\" data-id=\"2193\" rel=\"nofollow noopener\" target=\"_blank\"><\/a><a href=\"https:\/\/medicaltravel.at\/home\/berichte-von-patienten\/erfahrungsberichte\/erfahrungsbericht-zahnbehandlung-in-istanbul\/\" data-type=\"page\" data-id=\"981\" rel=\"nofollow noopener\" target=\"_blank\"><\/a><a href=\"https:\/\/medicaltravel.ch\/tr\/hasta-raporlari\/referanslar-tavsiyeler-tedaviler-degerlendirmeler-turkiye-istanbul\/istanbuldaki-porselen-kaplama-tedavim\/\" data-type=\"link\" data-id=\"https:\/\/medicaltravel.ch\/tr\/hasta-raporlari\/referanslar-tavsiyeler-tedaviler-degerlendirmeler-turkiye-istanbul\/istanbuldaki-porselen-kaplama-tedavim\/\">Bir sonraki rapor<\/a><\/p>\n<\/div>\n","protected":false},"excerpt":{"rendered":"<p>\u0130STANBUL&#8217;DAK\u0130 KAPLAMA D\u0130\u015eLER SAYES\u0130NDE SONUNDA YEN\u0130DEN G\u00dcL\u00dcMS\u00dcYORUM \u2013 7 \u015eubat 2018 \u00c7ar\u015famba tarihli rapor Ben ve arkada\u015f\u0131m uzun zamand\u0131r veneer (lamina) uygulamas\u0131yla ilgileniyorduk ve s\u00fcrekli internetten ara\u015ft\u0131rmalar yap\u0131yor ve farkl\u0131 yerlerden teklifler al\u0131yorduk. \u0130svi\u00e7re&#8217;de veneer yapt\u0131rmak bizim i\u00e7in se\u00e7enek de\u011fildi, \u00e7\u00fcnk\u00fc fiyatlar ger\u00e7ekten \u00e7ok y\u00fcksekti. Bir \u015fekilde MedicalTravel ile kar\u015f\u0131la\u015ft\u0131k ve Zug&#8217;da bir dan\u0131\u015fmanl\u0131k g\u00f6r\u00fc\u015fmesi ayarlad\u0131k. Terc\u00fcman ve di\u015f hekimiyle yapt\u0131\u011f\u0131m\u0131z g\u00f6r\u00fc\u015fmenin ard\u0131ndan bu ad\u0131m\u0131 atmaya karar verdik. U\u00e7u\u015fu ve oteli kendimiz ayarlad\u0131k, ancak bunu MedicalTravel&#8217;dan Say\u0131n Kara da yapabilirdi. \u0130stanbul&#8217;a vard\u0131\u011f\u0131m\u0131zda, Ac\u0131badem Hastanesi&#8217;nin transfer servisi zaten havaalan\u0131nda bizi kar\u015f\u0131lad\u0131. Bizi otele getirdikten sonra, ertesi sabah tekrar al\u0131nd\u0131k ve Ac\u0131badem Hastanesi&#8217;ne g\u00f6t\u00fcr\u00fcld\u00fck. \u0130lk g\u00fcn asl\u0131nda en verimli g\u00fcnd\u00fc. Di\u015flerimiz \u00fczerinde i\u015flem yap\u0131ld\u0131, yani biraz z\u0131mparaland\u0131, ard\u0131ndan bir \u00f6l\u00e7\u00fc al\u0131nd\u0131 ve laboratuvara g\u00f6nderildi, b\u00f6ylece veneer&#8217;lerimiz \u00fcretilebilecekti. Sonunda ge\u00e7ici di\u015flerimiz tak\u0131ld\u0131. Her ne kadar bu i\u015flem &#8220;rahat&#8221; olmasa da, hi\u00e7 a\u011fr\u0131 ya\u015famad\u0131k. Ayr\u0131ca, sonunda veneer&#8217;lerimiz i\u00e7in hangi rengi se\u00e7mek istedi\u011fimizi belirleme \u015fans\u0131m\u0131z oldu. Ge\u00e7ici di\u015flerimizle, sadece \u00e7ok sert \u015feyler yememeye dikkat etmemiz gerekti, \u00e7\u00fcnk\u00fc bunlar tam olarak g\u00fc\u00e7l\u00fc bir \u015fekilde yap\u0131\u015ft\u0131r\u0131lmam\u0131\u015ft\u0131, b\u00f6ylece daha h\u0131zl\u0131 bir \u015fekilde \u00e7\u0131kar\u0131labilsinler. \u015eimdi birka\u00e7 g\u00fcn\u00fcm\u00fcz vard\u0131 ve \u0130stanbul&#8217;u ke\u015ffetme f\u0131rsat\u0131m\u0131z oldu. Farkl\u0131 yerlere gittik ve bir\u00e7ok turistik yeri gezdik. \u00d6rne\u011fin, Sultanahmet Camii, Kapal\u0131 \u00c7ar\u015f\u0131, Bo\u011faz gibi yerleri ziyaret ettik. Ayr\u0131ca, Big Bus turuna kat\u0131ld\u0131k, bu ger\u00e7ekten tavsiye edebilece\u011fim bir etkinlik, \u00e7\u00fcnk\u00fc \u00e7ok \u015fey g\u00f6r\u00fcyorsunuz ve her \u015fey hakk\u0131nda bilgi veriliyor. Per\u015fembe g\u00fcn\u00fc, veneer&#8217;lerimizin uyumunu kontrol etmek i\u00e7in bir deneme yapmaya gittik. Ertesi g\u00fcn ise veneer&#8217;lerimiz di\u015flerimize tak\u0131ld\u0131. Bu i\u015flem yine anestezi alt\u0131nda yap\u0131ld\u0131. Her bir di\u015f tek tek yap\u0131\u015ft\u0131r\u0131ld\u0131 ve ilk kez aynaya bakt\u0131\u011f\u0131mda, g\u00f6rd\u00fc\u011f\u00fcm manzara kar\u015f\u0131s\u0131nda \u015fa\u015fk\u0131na d\u00f6nd\u00fcm. Veneer&#8217;lerim o kadar g\u00fczeldi ki! \u00d6nceden \u00f6zellikle alt di\u015flerim \u00e7ok e\u011friydi, ama \u015fimdi hi\u00e7bir \u015fey kalmam\u0131\u015f, ger\u00e7ekten inan\u0131lmaz. Cumartesi g\u00fcn\u00fc tekrar Ac\u0131badem Hastanesi&#8217;ne gittik, di\u015f hekimimizle birlikte her \u015feyin d\u00fczg\u00fcn olup olmad\u0131\u011f\u0131n\u0131 kontrol ettik. Arkada\u015f\u0131m, di\u015flerini g\u0131c\u0131rdatt\u0131\u011f\u0131 i\u00e7in gece pla\u011f\u0131 yap\u0131labilmesi i\u00e7in yeni di\u015flerinin \u00f6l\u00e7\u00fcs\u00fcn\u00fc ald\u0131. Art\u0131k her \u015fey bitmi\u015fti. Bu hafta ger\u00e7ekten inan\u0131lmaz h\u0131zl\u0131 ge\u00e7ti. Terc\u00fcman m\u00fckemmel Almanca konu\u015ftu ve bize \u00e7ok iyi bir \u015fekilde rehberlik etti. Di\u015f hekimimiz Dr. \u00d6zge \u00d6zt\u00fcrk&#8217;ten ise zaten \u00e7ok etkilendik. \u0130\u015fini harika bir \u015fekilde yap\u0131yor ve b\u00fcy\u00fck bir tutku ile \u00e7al\u0131\u015f\u0131yor. Herkese kesinlikle MedicalTravel&#8217;da di\u015flerini yapt\u0131rmalar\u0131n\u0131 tavsiye ederiz. Fiyatlar ve kalite harika. Ayr\u0131ca, \u0130stanbul ger\u00e7ekten \u00e7ok ilgin\u00e7 bir \u015fehir. Al\u0131\u015fveri\u015f yapmak i\u00e7in s\u00fcper bir yer ve her yerde yemekler \u00e7ok lezzetliydi. Kesinlikle tekrar gidece\u011fiz. Nitharjan Sandrasekaram \u00d6nceki rapor Bir sonraki rapor<\/p>\n","protected":false},"author":4,"featured_media":0,"parent":4587,"menu_order":0,"comment_status":"closed","ping_status":"closed","template":"","meta":{"_joinchat":[],"footnotes":""},"class_list":["post-4629","page","type-page","status-publish","hentry"],"acf":[],"_links":{"self":[{"href":"https:\/\/medicaltravel.ch\/tr\/wp-json\/wp\/v2\/pages\/4629","targetHints":{"allow":["GET"]}}],"collection":[{"href":"https:\/\/medicaltravel.ch\/tr\/wp-json\/wp\/v2\/pages"}],"about":[{"href":"https:\/\/medicaltravel.ch\/tr\/wp-json\/wp\/v2\/types\/page"}],"author":[{"embeddable":true,"href":"https:\/\/medicaltravel.ch\/tr\/wp-json\/wp\/v2\/users\/4"}],"replies":[{"embeddable":true,"href":"https:\/\/medicaltravel.ch\/tr\/wp-json\/wp\/v2\/comments?post=4629"}],"version-history":[{"count":2,"href":"https:\/\/medicaltravel.ch\/tr\/wp-json\/wp\/v2\/pages\/4629\/revisions"}],"predecessor-version":[{"id":6381,"href":"https:\/\/medicaltravel.ch\/tr\/wp-json\/wp\/v2\/pages\/4629\/revisions\/6381"}],"up":[{"embeddable":true,"href":"https:\/\/medicaltravel.ch\/tr\/wp-json\/wp\/v2\/pages\/4587"}],"wp:attachment":[{"href":"https:\/\/medicaltravel.ch\/tr\/wp-json\/wp\/v2\/media?parent=4629"}],"curies":[{"name":"wp","href":"https:\/\/api.w.org\/{rel}","templated":true}]}}