{"id":4631,"date":"2025-09-23T16:08:04","date_gmt":"2025-09-23T15:08:04","guid":{"rendered":"https:\/\/medicaltravel.ch\/hasta-raporlari\/erfahrungsberichte-empfehlungen-behandlungen-beurteilung-tuerkei-istanbul\/kaygili-hastalar-icin-deneyim-raporu-tuerkiyede-ortodontik-tedavi\/"},"modified":"2026-01-12T17:13:04","modified_gmt":"2026-01-12T16:13:04","slug":"kaygili-hastalar-icin-deneyim-raporu-tuerkiyede-ortodontik-tedavi","status":"publish","type":"page","link":"https:\/\/medicaltravel.ch\/tr\/hasta-raporlari\/referanslar-tavsiyeler-tedaviler-degerlendirmeler-turkiye-istanbul\/kaygili-hastalar-icin-deneyim-raporu-tuerkiyede-ortodontik-tedavi\/","title":{"rendered":"Kayg\u0131l\u0131 hastalar i\u00e7in deneyim raporu: T\u00fcrkiye&#8217;de ortodontik tedavi"},"content":{"rendered":"\n<p>29 Eyl\u00fcl &#8211; 6 Ekim 2023 tarihleri \u200b\u200baras\u0131nda Antalya, T\u00fcrkiye&#8217;ye yapt\u0131\u011f\u0131m seyahat \/ MedicalTravel taraf\u0131ndan organize edilen di\u015f tedavisi<\/p>\n\n\n\n<p>MedicalTravel&#8217;\u0131 tercih ettim \u00e7\u00fcnk\u00fc merkezi \u0130svi\u00e7re&#8217;de bulunuyor. Bu, T\u00fcrkiye&#8217;deki klinik ile bir ba\u011flant\u0131 noktas\u0131 sa\u011fl\u0131yordu. Ba\u015fvurumu yapt\u0131ktan k\u0131sa bir s\u00fcre sonra \u00fc\u00e7 teklif ald\u0131m. Bunlardan biri beni do\u011frudan etkiledi. Her \u015fey ayr\u0131nt\u0131l\u0131 bir \u015fekilde a\u00e7\u0131klanm\u0131\u015f ve s\u00fcre\u00e7 ad\u0131m ad\u0131m anlat\u0131lm\u0131\u015ft\u0131. Bu teklifte ismimle hitap edilmesi bana g\u00fcven verdi ve i\u00e7im rahatlad\u0131.     <\/p>\n\n\n\n<p>O zamana kadar T\u00fcrkiye benim i\u00e7in yabanc\u0131 bir \u00fclkeydi, ayn\u0131 \u015fekilde dil de \u00f6yleydi. Tek bildi\u011fim \u015fey, \u0130svi\u00e7re&#8217;deki T\u00fcrk k\u00fclt\u00fcr\u00fcyle ilgili ya\u015fad\u0131\u011f\u0131m deneyimlerdi. Tabii ki yemekler de \u00f6nemli; <a href=\"https:\/\/www.turkishmarket.ch\/products\/D%C3%96NER-Kebab-geschnitten-online-bestellen-600-gr-p217945233\" target=\"_blank\" rel=\"noreferrer noopener nofollow\">d\u00fcr\u00fcm <\/a>favori yeme\u011fimdir. \ud83d\ude0a <a href=\"https:\/\/www.turkishmarket.ch\/products\/Teigr%C3%B6llchen-B%C3%B6rek-Tepsi-burek-p281923505\" target=\"_blank\" rel=\"noreferrer noopener nofollow\">B\u00f6rek<\/a> de \u00f6yle! Bir de <a href=\"https:\/\/www.turkishmarket.ch\/products\/Koelnisches-wasser-Kolonya-p408279037\" target=\"_blank\" rel=\"noreferrer noopener nofollow\">K\u00f6ln kokusuna<\/a> bay\u0131l\u0131yorum, tam bir hayran\u0131y\u0131m.   <\/p>\n\n\n\n<p>Ama ben tam anlam\u0131yla bir korku hastas\u0131yd\u0131m ve \u00fc\u00e7 y\u0131ld\u0131r b\u00fct\u00e7eme de uyan bir klinik ar\u0131yordum. Burada bahsetti\u011fim \u015fey ucuz turizm de\u011fil, i\u015f\u00e7i s\u0131n\u0131f\u0131na uygun, iyi fiyat-performans sunan bir se\u00e7enek. \u0130yi i\u015fi takdir eden ve gerekti\u011finde sab\u0131rl\u0131 olan bir yer ar\u0131yordum. \u00c7\u00fcnk\u00fc her \u015fey s\u0131ras\u0131yla yap\u0131lmal\u0131 ve herkes elinden gelenin en iyisini vermeli.   <\/p>\n\n\n\n<p>Organizasyon m\u00fckemmeldi, tek ihtiyac\u0131m olan \u015fey, klinik ile ileti\u015fim kurabilmek i\u00e7in <a href=\"https:\/\/wa.me\/41787373541\" target=\"_blank\" rel=\"noreferrer noopener nofollow\">WhatsApp&#8217;t\u0131<\/a>. <a href=\"https:\/\/medicaltravel.ch\/tr\/\" data-type=\"page\" data-id=\"6\">MedicalTravel\u2019a <\/a>bilgilerimi verdim, ne zaman haz\u0131r oldu\u011fumu belirttim ve onlar, otelden havaalan\u0131 transferine ve klinikteki tedaviye kadar her \u015feyi planlad\u0131lar. <\/p>\n\n\n\n<p>\u015eof\u00f6r \u00e7ok samimi ve yard\u0131mc\u0131yd\u0131, \u0130ngilizce konu\u015fuyordu ve beni g\u00fcvenli bir \u015fekilde rezervasyon yapt\u0131rd\u0131\u011f\u0131m otele g\u00f6t\u00fcrd\u00fc. Otele vard\u0131\u011f\u0131mda, ayn\u0131 \u015fekilde odama kadar e\u015flik edildi. Odaya yerle\u015fti\u011fimde, klinikten bir WhatsApp mesaj\u0131 ald\u0131m. \u0130lk randevu zaten ertesi g\u00fcnd\u00fc ve \u015fof\u00f6r de haz\u0131rd\u0131.   <strong>M\u00fckemmel:)<\/strong><\/p>\n\n\n\n<p>Bu kapsaml\u0131 hizmet bana ger\u00e7ekten \u00e7ok iyi bir his verdi. Kendimi do\u011fru yerde oldu\u011fumu ve her \u015feyin benim i\u00e7in m\u00fckemmel oldu\u011funu hissettim. B\u00f6ylece tedaviye rahat\u00e7a odaklanabilece\u011fimi biliyordum. Otel odas\u0131 temizdi ve k\u00fc\u00e7\u00fck bir balkon vard\u0131, burada vakit ge\u00e7irebilirdim. Ben de bunu dinlenmek ve sadece olmak i\u00e7in kulland\u0131m. Etraf\u0131nda, deniz kenar\u0131nda y\u00fcr\u00fcyebilece\u011finiz bir park vard\u0131. \u00c7ok say\u0131da banka oturup dinlenmek i\u00e7in davet ediliyordu. <a href=\"https:\/\/medicaltravel.ch\/tr\/neden-tuerkiye\/tuerkiyenin-sehirleri\/antalya-sehri\/\" data-type=\"page\" data-id=\"24\">Antalya&#8217;daki <\/a>dinlenme imkan\u0131, bana b\u00fcy\u00fck bir art\u0131 sa\u011flad\u0131.      <\/p>\n\n\n\n<p><strong>Geziyle ilgili vard\u0131\u011f\u0131m sonu\u00e7: Her zaman tekrar yapmaya haz\u0131r\u0131m!<\/strong><\/p>\n\n\n\n<p>Otel hakk\u0131nda: Herkes \u00e7ok dost canl\u0131s\u0131 ve yard\u0131mc\u0131yd\u0131. Resepsiyonda da Almanca konu\u015fan personel vard\u0131. Lobisi \u00e7ok rahat ve uzun s\u00fcre vakit ge\u00e7irmek i\u00e7in davetk\u00e2r bir atmosfer sunuyor. Oda ve genel alanlar olduk\u00e7a temizdi. Kahvalt\u0131 b\u00fcfesi ise \u00e7e\u015fit bak\u0131m\u0131ndan olduk\u00e7a zengindi ve her \u015fey taze haz\u0131rlanm\u0131\u015ft\u0131.<\/p>\n\n\n\n<p>Otel odas\u0131: temiz\/geni\u015f\/sessiz ve rahat bir yatak.<\/p>\n\n\n\n<p>Otel personeli: g\u00fcler y\u00fczl\u00fc\/yard\u0131msever<\/p>\n\n\n\n<p>S\u00fcr\u00fc\u015f hizmeti: kibar \/ yard\u0131msever \/ ho\u015f \u015fof\u00f6r<\/p>\n\n\n\n<p><a href=\"https:\/\/www.medicaltravel.ch\/zahnimplantate\/zahnkliniken\/zahnklinik-in-antalya\/\"><\/a><a href=\"https:\/\/medicaltravel.ch\/home\/zahnimplantate\/zahnkliniken\/zahnklinik-in-antalya\/\" data-type=\"page\" data-id=\"52\"><\/a><a href=\"https:\/\/www.medicaltravel.ch\/zahnimplantate\/zahnkliniken\/zahnklinik-in-antalya\/\">Klinik<\/a>: modern \/ temiz \/ bak\u0131ml\u0131<br>Terc\u00fcman her zaman haz\u0131rd\u0131 \/ her \u015fey konu\u015fuldu\u011fu ve kararla\u015ft\u0131r\u0131ld\u0131\u011f\u0131 gibiydi \/ ek \u00fccret yoktu \/ i\u00e7ecekler sa\u011fland\u0131 \/ ila\u00e7lar dahildi \/ di\u015f\u00e7i korkuma ra\u011fmen klinikte kendimi rahat hissettim.<\/p>\n\n\n\n<p><a href=\"https:\/\/medicaltravel.ch\/tr\/disci-gezileri\/dis-klinikleri\/antalyada-dis-klinigi\/\" data-type=\"page\" data-id=\"52\">Di\u015f Hekimi: <\/a>Yetenekli\/sakin, ho\u015f bir ki\u015fili\u011fe sahip\/ne yapt\u0131\u011f\u0131n\u0131 tam olarak biliyordu.<\/p>\n\n\n\n<p><a href=\"https:\/\/medicaltravel.ch\/tr\/\" data-type=\"page\" data-id=\"6\">MedicalTravel: <\/a>\u015eiddetle tavsiye ederim\/m\u00fckemmel bir kapsaml\u0131 paket.<\/p>\n\n\n\n<p><a href=\"https:\/\/medicaltravel.ch\/tr\/neden-tuerkiye\/tuerkiyenin-sehirleri\/antalya-sehri\/\" data-type=\"page\" data-id=\"24\">Antalya<\/a>: Muhte\u015fem g\u00fczellikte bir manzaraya sahip ve yerel halk\u0131 da harika \ud83d\ude42<\/p>\n\n\n\n<p>Sayg\u0131lar\u0131mla, Natasha Nobel<\/p>\n\n\n\n<div class=\"wp-block-group is-layout-grid wp-container-core-group-is-layout-baef362d wp-block-group-is-layout-grid\">\n<p><a href=\"https:\/\/medicaltravel.at\/home\/agb\/\" data-type=\"page\" data-id=\"2191\" rel=\"nofollow noopener\" target=\"_blank\"><\/a><a href=\"https:\/\/medicaltravel.ch\/tr\/hasta-raporlari\/referanslar-tavsiyeler-tedaviler-degerlendirmeler-turkiye-istanbul\/antalya-tuerkiyede-diyaliz-tedavisine-iliskin-deneyim-raporu\/\" data-type=\"link\" data-id=\"https:\/\/medicaltravel.ch\/tr\/hasta-raporlari\/referanslar-tavsiyeler-tedaviler-degerlendirmeler-turkiye-istanbul\/antalya-tuerkiyede-diyaliz-tedavisine-iliskin-deneyim-raporu\/\">\u00d6nceki rapor<\/a><\/p>\n\n\n\n<p class=\"has-text-align-right wp-container-content-5e2576f9\"><a href=\"https:\/\/medicaltravel.at\/home\/impressum\/\" data-type=\"page\" data-id=\"2193\" rel=\"nofollow noopener\" target=\"_blank\"><\/a><a href=\"https:\/\/medicaltravel.at\/home\/berichte-von-patienten\/erfahrungsberichte\/erfahrungsbericht-zahnbehandlung-in-istanbul\/\" data-type=\"page\" data-id=\"981\" rel=\"nofollow noopener\" target=\"_blank\"><\/a><a href=\"https:\/\/medicaltravel.ch\/tr\/hasta-raporlari\/referanslar-tavsiyeler-tedaviler-degerlendirmeler-turkiye-istanbul\/hasta-degerlendirmesi-istanbul-dis-klinigi\/\" data-type=\"link\" data-id=\"https:\/\/medicaltravel.ch\/tr\/hasta-raporlari\/referanslar-tavsiyeler-tedaviler-degerlendirmeler-turkiye-istanbul\/hasta-degerlendirmesi-istanbul-dis-klinigi\/\">Bir sonraki rapor<\/a><\/p>\n<\/div>\n","protected":false},"excerpt":{"rendered":"<p>29 Eyl\u00fcl &#8211; 6 Ekim 2023 tarihleri \u200b\u200baras\u0131nda Antalya, T\u00fcrkiye&#8217;ye yapt\u0131\u011f\u0131m seyahat \/ MedicalTravel taraf\u0131ndan organize edilen di\u015f tedavisi MedicalTravel&#8217;\u0131 tercih ettim \u00e7\u00fcnk\u00fc merkezi \u0130svi\u00e7re&#8217;de bulunuyor. Bu, T\u00fcrkiye&#8217;deki klinik ile bir ba\u011flant\u0131 noktas\u0131 sa\u011fl\u0131yordu. Ba\u015fvurumu yapt\u0131ktan k\u0131sa bir s\u00fcre sonra \u00fc\u00e7 teklif ald\u0131m. Bunlardan biri beni do\u011frudan etkiledi. Her \u015fey ayr\u0131nt\u0131l\u0131 bir \u015fekilde a\u00e7\u0131klanm\u0131\u015f ve s\u00fcre\u00e7 ad\u0131m ad\u0131m anlat\u0131lm\u0131\u015ft\u0131. Bu teklifte ismimle hitap edilmesi bana g\u00fcven verdi ve i\u00e7im rahatlad\u0131. O zamana kadar T\u00fcrkiye benim i\u00e7in yabanc\u0131 bir \u00fclkeydi, ayn\u0131 \u015fekilde dil de \u00f6yleydi. Tek bildi\u011fim \u015fey, \u0130svi\u00e7re&#8217;deki T\u00fcrk k\u00fclt\u00fcr\u00fcyle ilgili ya\u015fad\u0131\u011f\u0131m deneyimlerdi. Tabii ki yemekler de \u00f6nemli; d\u00fcr\u00fcm favori yeme\u011fimdir. \ud83d\ude0a B\u00f6rek de \u00f6yle! Bir de K\u00f6ln kokusuna bay\u0131l\u0131yorum, tam bir hayran\u0131y\u0131m. Ama ben tam anlam\u0131yla bir korku hastas\u0131yd\u0131m ve \u00fc\u00e7 y\u0131ld\u0131r b\u00fct\u00e7eme de uyan bir klinik ar\u0131yordum. Burada bahsetti\u011fim \u015fey ucuz turizm de\u011fil, i\u015f\u00e7i s\u0131n\u0131f\u0131na uygun, iyi fiyat-performans sunan bir se\u00e7enek. \u0130yi i\u015fi takdir eden ve gerekti\u011finde sab\u0131rl\u0131 olan bir yer ar\u0131yordum. \u00c7\u00fcnk\u00fc her \u015fey s\u0131ras\u0131yla yap\u0131lmal\u0131 ve herkes elinden gelenin en iyisini vermeli. Organizasyon m\u00fckemmeldi, tek ihtiyac\u0131m olan \u015fey, klinik ile ileti\u015fim kurabilmek i\u00e7in WhatsApp&#8217;t\u0131. MedicalTravel\u2019a bilgilerimi verdim, ne zaman haz\u0131r oldu\u011fumu belirttim ve onlar, otelden havaalan\u0131 transferine ve klinikteki tedaviye kadar her \u015feyi planlad\u0131lar. \u015eof\u00f6r \u00e7ok samimi ve yard\u0131mc\u0131yd\u0131, \u0130ngilizce konu\u015fuyordu ve beni g\u00fcvenli bir \u015fekilde rezervasyon yapt\u0131rd\u0131\u011f\u0131m otele g\u00f6t\u00fcrd\u00fc. Otele vard\u0131\u011f\u0131mda, ayn\u0131 \u015fekilde odama kadar e\u015flik edildi. Odaya yerle\u015fti\u011fimde, klinikten bir WhatsApp mesaj\u0131 ald\u0131m. \u0130lk randevu zaten ertesi g\u00fcnd\u00fc ve \u015fof\u00f6r de haz\u0131rd\u0131. M\u00fckemmel:) Bu kapsaml\u0131 hizmet bana ger\u00e7ekten \u00e7ok iyi bir his verdi. Kendimi do\u011fru yerde oldu\u011fumu ve her \u015feyin benim i\u00e7in m\u00fckemmel oldu\u011funu hissettim. B\u00f6ylece tedaviye rahat\u00e7a odaklanabilece\u011fimi biliyordum. Otel odas\u0131 temizdi ve k\u00fc\u00e7\u00fck bir balkon vard\u0131, burada vakit ge\u00e7irebilirdim. Ben de bunu dinlenmek ve sadece olmak i\u00e7in kulland\u0131m. Etraf\u0131nda, deniz kenar\u0131nda y\u00fcr\u00fcyebilece\u011finiz bir park vard\u0131. \u00c7ok say\u0131da banka oturup dinlenmek i\u00e7in davet ediliyordu. Antalya&#8217;daki dinlenme imkan\u0131, bana b\u00fcy\u00fck bir art\u0131 sa\u011flad\u0131. Geziyle ilgili vard\u0131\u011f\u0131m sonu\u00e7: Her zaman tekrar yapmaya haz\u0131r\u0131m! Otel hakk\u0131nda: Herkes \u00e7ok dost canl\u0131s\u0131 ve yard\u0131mc\u0131yd\u0131. Resepsiyonda da Almanca konu\u015fan personel vard\u0131. Lobisi \u00e7ok rahat ve uzun s\u00fcre vakit ge\u00e7irmek i\u00e7in davetk\u00e2r bir atmosfer sunuyor. Oda ve genel alanlar olduk\u00e7a temizdi. Kahvalt\u0131 b\u00fcfesi ise \u00e7e\u015fit bak\u0131m\u0131ndan olduk\u00e7a zengindi ve her \u015fey taze haz\u0131rlanm\u0131\u015ft\u0131. Otel odas\u0131: temiz\/geni\u015f\/sessiz ve rahat bir yatak. Otel personeli: g\u00fcler y\u00fczl\u00fc\/yard\u0131msever S\u00fcr\u00fc\u015f hizmeti: kibar \/ yard\u0131msever \/ ho\u015f \u015fof\u00f6r Klinik: modern \/ temiz \/ bak\u0131ml\u0131Terc\u00fcman her zaman haz\u0131rd\u0131 \/ her \u015fey konu\u015fuldu\u011fu ve kararla\u015ft\u0131r\u0131ld\u0131\u011f\u0131 gibiydi \/ ek \u00fccret yoktu \/ i\u00e7ecekler sa\u011fland\u0131 \/ ila\u00e7lar dahildi \/ di\u015f\u00e7i korkuma ra\u011fmen klinikte kendimi rahat hissettim. Di\u015f Hekimi: Yetenekli\/sakin, ho\u015f bir ki\u015fili\u011fe sahip\/ne yapt\u0131\u011f\u0131n\u0131 tam olarak biliyordu. MedicalTravel: \u015eiddetle tavsiye ederim\/m\u00fckemmel bir kapsaml\u0131 paket. Antalya: Muhte\u015fem g\u00fczellikte bir manzaraya sahip ve yerel halk\u0131 da harika \ud83d\ude42 Sayg\u0131lar\u0131mla, Natasha Nobel \u00d6nceki rapor Bir sonraki rapor<\/p>\n","protected":false},"author":4,"featured_media":0,"parent":4587,"menu_order":0,"comment_status":"closed","ping_status":"closed","template":"","meta":{"_joinchat":[],"footnotes":""},"class_list":["post-4631","page","type-page","status-publish","hentry"],"acf":[],"_links":{"self":[{"href":"https:\/\/medicaltravel.ch\/tr\/wp-json\/wp\/v2\/pages\/4631","targetHints":{"allow":["GET"]}}],"collection":[{"href":"https:\/\/medicaltravel.ch\/tr\/wp-json\/wp\/v2\/pages"}],"about":[{"href":"https:\/\/medicaltravel.ch\/tr\/wp-json\/wp\/v2\/types\/page"}],"author":[{"embeddable":true,"href":"https:\/\/medicaltravel.ch\/tr\/wp-json\/wp\/v2\/users\/4"}],"replies":[{"embeddable":true,"href":"https:\/\/medicaltravel.ch\/tr\/wp-json\/wp\/v2\/comments?post=4631"}],"version-history":[{"count":0,"href":"https:\/\/medicaltravel.ch\/tr\/wp-json\/wp\/v2\/pages\/4631\/revisions"}],"up":[{"embeddable":true,"href":"https:\/\/medicaltravel.ch\/tr\/wp-json\/wp\/v2\/pages\/4587"}],"wp:attachment":[{"href":"https:\/\/medicaltravel.ch\/tr\/wp-json\/wp\/v2\/media?parent=4631"}],"curies":[{"name":"wp","href":"https:\/\/api.w.org\/{rel}","templated":true}]}}