{"id":4633,"date":"2025-09-23T15:50:23","date_gmt":"2025-09-23T14:50:23","guid":{"rendered":"https:\/\/medicaltravel.ch\/hasta-raporlari\/erfahrungsberichte-empfehlungen-behandlungen-beurteilung-tuerkei-istanbul\/deneyim-raporu-goez-kapagi-kaldirma-istanbulda-goez-kapagi-ameliyati-hasta-yorumu\/"},"modified":"2026-01-12T17:01:23","modified_gmt":"2026-01-12T16:01:23","slug":"deneyim-raporu-goez-kapagi-kaldirma-istanbulda-goez-kapagi-ameliyati-hasta-yorumu","status":"publish","type":"page","link":"https:\/\/medicaltravel.ch\/tr\/hasta-raporlari\/referanslar-tavsiyeler-tedaviler-degerlendirmeler-turkiye-istanbul\/deneyim-raporu-goez-kapagi-kaldirma-istanbulda-goez-kapagi-ameliyati-hasta-yorumu\/","title":{"rendered":"Deneyim raporu: G\u00f6z kapa\u011f\u0131 kald\u0131rma, \u0130stanbul&#8217;da g\u00f6z kapa\u011f\u0131 ameliyat\u0131, hasta yorumu"},"content":{"rendered":"\n<p>\u0130stanbul&#8217;da Ocak 2024&#8217;te yapt\u0131rd\u0131\u011f\u0131m g\u00f6z kapa\u011f\u0131 ameliyat\u0131 hakk\u0131ndaki deneyim raporum\/de\u011ferlendirmem.<\/p>\n\n\n\n<p>K\u0131z\u0131m\u0131n uzun zamand\u0131r bekledi\u011fi burun ameliyat\u0131 i\u00e7in <a href=\"https:\/\/medicaltravel.ch\/tr\/kozmetik-cerrahi\/tedavi-yelpazesi\/burun-estetigi-burun-ameliyati-burun-sekillendirme-istanbul-tuerkiye-antalya-izmir\/\" data-type=\"page\" data-id=\"98\">randevusu <\/a>vard\u0131 ve bana e\u015flik edip etmeyece\u011fimi sordu. Hi\u00e7 d\u00fc\u015f\u00fcnmeden kabul ettim \u00e7\u00fcnk\u00fc bu, nihayet <a href=\"https:\/\/medicaltravel.ch\/tr\/kozmetik-cerrahi\/tedavi-yelpazesi\/goez-kapagi-duezeltme-tuerkiye-istanbul-antalya-izmir-goez-kapagi-kaldirma\/\" data-type=\"page\" data-id=\"96\">g\u00f6z kapaklar\u0131m\u0131<\/a> d\u00fczeltme \u015fans\u0131m olacakt\u0131. Yani olduk\u00e7a &gt;bir s\u00fcrede bu karar\u0131 verdim. 53 ya\u015f\u0131nday\u0131m ve tabii ki zamanla doku gev\u015femeye ba\u015fl\u0131yor.  <\/p>\n\n\n\n<p><a href=\"https:\/\/medicaltravel.ch\/tr\/tibbi-seyahat\/\" data-type=\"page\" data-id=\"10\">MedicalTravel&#8217;\u0131 <\/a>zaten tan\u0131yordum \u00e7\u00fcnk\u00fc 10 y\u0131l \u00f6nce partnerimle birlikte onun g\u00f6z lazeri ameliyat\u0131 i\u00e7in \u0130stanbul&#8217;a gelmi\u015ftik. Hala g\u00f6rme g\u00fcc\u00fcnden \u00e7ok memnun, sonras\u0131nda hi\u00e7bir sorun ya\u015famad\u0131 ve herkese yapt\u0131rmalar\u0131n\u0131 tavsiye ediyor. Yani 10 y\u0131l \u00f6nce her \u015fey kusursuz bir \u015fekilde gitmi\u015fti. O zamanlar Avrupa yakas\u0131nda kalm\u0131\u015ft\u0131k, bu sefer ise Asya yakas\u0131nda olduk.   <\/p>\n\n\n\n<p>B\u00fcy\u00fck bir uzmanl\u0131k ve organizasyon yetene\u011fiyle, ayn\u0131 g\u00fcn k\u0131z\u0131mla birlikte ameliyat olma \u015fans\u0131m oldu. Ama her \u015feyin ba\u015f\u0131ndan ba\u015flayal\u0131m. <\/p>\n\n\n\n<p>\u0130leti\u015fim (<a href=\"https:\/\/wa.me\/41787373541\" target=\"_blank\" rel=\"noreferrer noopener nofollow\">WhatsApp <\/a>ve e-posta \u00fczerinden) ve \u0130svi\u00e7re&#8217;deki organizasyon, havaalan\u0131 transferi, otel ve hastane hizmetleri her \u015fey \u00e7ok sorunsuz ve h\u0131zl\u0131 bir \u015fekilde ilerledi. T\u00fcm \u015fof\u00f6rler gerekti\u011finde zaman\u0131nda geldi. \u0130stanbul&#8217;da b\u00fcy\u00fck trafik yo\u011funlu\u011fu nedeniyle bazen gecikmeler ya\u015fanabilece\u011fi zaten biliniyor ve transfer s\u00fcrelerine bu da dahil edilmi\u015fti. Bu y\u00fczden SwissMedical, kliniklere yak\u0131n olan otelleri \u00f6neriyor. Ameliyat sonras\u0131 \u015fof\u00f6r\u00fcm\u00fcze ayr\u0131ca te\u015fekk\u00fcr etmek istiyorum; hastaneye giderken oldu\u011fundan daha dikkatli ve \u00f6zenli bir \u015fekilde s\u00fcr\u00fc\u015f yapt\u0131, bunun i\u00e7in te\u015fekk\u00fcrler!  <\/p>\n\n\n\n<p>Seyahatten \u00f6nce, bana &#8220;MedicalTravelpass&#8221; adl\u0131 g\u00fczel bir dosya verildi. Bu dosyada, seyahatle ilgili t\u00fcm \u00f6nemli bilgiler, i\u015flemin detaylar\u0131 ve \u0130stanbul hakk\u0131nda baz\u0131 ipu\u00e7lar\u0131 yer al\u0131yordu.<\/p>\n\n\n\n<p>Livinton Hotel&#8217;de 1 hafta kald\u0131k. Ba\u015flang\u0131\u00e7ta pek formda olmayaca\u011f\u0131m\u0131z\u0131 bildi\u011fimiz i\u00e7in bir suit odada kalmaya karar verdik. Bu \u00e7ok iyi bir fikirdi, \u00e7\u00fcnk\u00fc odada bir yatakl\u0131 kanepe vard\u0131, b\u00f6ylece rahat\u00e7a uyuyabiliyorduk. Otel fena de\u011fildi, restoran\u0131ndaki yemekler taze ve lezzetliydi. Ayr\u0131ca, &#8220;ameliyat olmu\u015f&#8221; biri olarak orada yaln\u0131z de\u011fildik, bu da bize rahatl\u0131k verdi.    <\/p>\n\n\n\n<p>Ameliyat g\u00fcn\u00fc <a href=\"https:\/\/medicaltravel.ch\/tr\/kozmetik-cerrahi\/hastaneler\/istanbuldaki-guezellik-klinigi\/\" data-type=\"page\" data-id=\"78\">Ac\u0131badem Kozyata\u011f\u0131 \u0130stanbul<\/a> (Asya yakas\u0131) hastanesinde, bizi t\u00fcm g\u00fcn boyunca yan\u0131m\u0131zda olan bir terc\u00fcman kar\u015f\u0131lad\u0131. Terc\u00fcman, check-in&#8217;den (her zaman pasaportu yan\u0131n\u0131zda bulundurman\u0131z gerekiyor!), kan al\u0131m\u0131na, oda teslimine ve hatta ameliyat salonunun kap\u0131s\u0131na kadar bize e\u015flik etti. Ger\u00e7ekten b\u00fcy\u00fck bir evrak i\u015fi vard\u0131, ancak bu belgeler, komplikasyonlar\u0131 \u00f6nlemek i\u00e7in \u00e7ok \u00f6nemliydi. Detayl\u0131 ve kapsaml\u0131 bir anket ve hasta bilgisi ile kar\u015f\u0131la\u015ft\u0131m, bu da bana g\u00fcven verdi ve kendimi \u00e7ok daha g\u00fcvende hissettirdi.  <\/p>\n\n\n\n<p>Bize hastane i\u00e7in geleneksel hastane k\u0131yafetleri verildi, buna destek \u00e7oraplar\u0131 ve terlikler de dahildi! Hastane odas\u0131nda bir kasa bulunuyordu ve hastanenin koridorlar\u0131nda g\u00fcvenlik kameralar\u0131 vard\u0131. <\/p>\n\n\n\n<p>Hastane personeli, operasyon odas\u0131ndaki bir han\u0131m ve tabii ki Dr. Kayiran d\u0131\u015f\u0131nda, neredeyse hi\u00e7 \u0130ngilizce konu\u015fmuyordu. Bu nedenle, Google \u00c7evirmen ve DeepL ger\u00e7ekten \u00e7ok faydal\u0131 oldu. Hem otelde hem de hastanede \u00fccretsiz Wi-Fi&#8217;ye ba\u011flan\u0131labiliyor. Dil konusunda bir ihtiya\u00e7 oldu\u011funda, terc\u00fcmanlar ve MedicalTravel her zaman ula\u015f\u0131labilir durumdayd\u0131 ve gerekli deste\u011fi h\u0131zl\u0131ca ald\u0131k.  <\/p>\n\n\n\n<p>K\u0131z\u0131m bir gece hastanede kalmak zorunda kald\u0131, ben ise otele gitmeme izin verildi. Ancak, odas\u0131nda kal\u0131p kalamayaca\u011f\u0131m\u0131 sordum ve bu sorun olmad\u0131. Onunla ayn\u0131 \u015fekilde yemeklerimi ald\u0131m, gece i\u00e7in g\u00f6zlerim i\u00e7in so\u011futulmu\u015f g\u00f6zl\u00fckler verildi ve her tek ki\u015filik odada, iki ad\u0131mda bir tek ki\u015filik yata\u011fa d\u00f6n\u00fc\u015febilen bir kanepe vard\u0131. Bu t\u00fcm hizmet i\u00e7in ek bir \u00fccret \u00f6demek zorunda kalmad\u0131m. Yani ger\u00e7ekten \u00e7ok dostane, yard\u0131mc\u0131 ve nazik bir yakla\u015f\u0131m vard\u0131. Yan\u0131ma mutlaka bir \u015fi\u015fe su alman\u0131z\u0131 tavsiye ederim. Su i\u00e7me istasyonu vard\u0131, oradan kendi ba\u015f\u0131n\u0131za su alabilirsiniz, ancak ameliyat sonras\u0131 \u00e7ok hareketli olamayabilece\u011finiz i\u00e7in, su almak i\u00e7in s\u00fcrekli birilerini \u00e7a\u011f\u0131rman\u0131z gerekebilir. Yard\u0131mc\u0131lar maksimum 30 saniye i\u00e7inde gelirler; biz de bunu e\u011flenceye d\u00f6n\u00fc\u015ft\u00fcrd\u00fck ve saniyeleri sayd\u0131k.       <\/p>\n\n\n\n<p>Pazartesi g\u00fcn\u00fc ameliyat olduk ve Cuma g\u00fcn\u00fc<a href=\"https:\/\/medicaltravel.ch\/wp-content\/uploads\/2025\/09\/Lebenslauf_Prof_Dr_Oguz-Kayiran.pdf\" data-type=\"link\" data-id=\"https:\/\/medicaltravel.ch\/wp-content\/uploads\/2025\/09\/Lebenslauf_Prof_Dr_Oguz-Kayiran.pdf\" target=\"_blank\" rel=\"noreferrer noopener\"> Dr. Kayiran<\/a> ile Ac\u0131badem hastanesinde kontrol muayenesine gittik. Sonu\u00e7tan memnundu ve \u00f6zellikle u\u00e7u\u015fla ilgili olarak \u00f6n\u00fcm\u00fczdeki g\u00fcnlerde nas\u0131l davranmam\u0131z gerekti\u011fini bize a\u00e7\u0131klad\u0131. <\/p>\n\n\n\n<p>\u0130stanbul&#8217;da bir g\u00fcn daha keyif s\u00fcrd\u00fck ve sonra eve d\u00f6nd\u00fck. Mart ay\u0131nda ise tekrar Zug&#8217;a gidip Dr. Kayiran&#8217;\u0131 ziyaret edece\u011fiz. <\/p>\n\n\n\n<p><strong>E\u011fer sorular\u0131n\u0131z varsa, MedicalTravel \u00fczerinden e-posta adresimi talep edebilirsiniz. G\u00f6z kapa\u011f\u0131 ve burun ameliyatlar\u0131yla ilgili sorular\u0131n\u0131z\u0131 ya da belirsizliklerinizi memnuniyetle yan\u0131tlar\u0131m.<\/strong><\/p>\n\n\n\n<p>Nicole M\u00fcller<\/p>\n\n\n\n<div class=\"wp-block-group is-layout-grid wp-container-core-group-is-layout-baef362d wp-block-group-is-layout-grid\">\n<p><a href=\"https:\/\/medicaltravel.at\/home\/agb\/\" data-type=\"page\" data-id=\"2191\" rel=\"nofollow noopener\" target=\"_blank\"><\/a><a href=\"https:\/\/medicaltravel.ch\/tr\/hasta-raporlari\/referanslar-tavsiyeler-tedaviler-degerlendirmeler-turkiye-istanbul\/deneyim-raporu-burun-ameliyati-rinoplasti-istanbul-hasta-yorumu\/\" data-type=\"link\" data-id=\"https:\/\/medicaltravel.ch\/tr\/hasta-raporlari\/referanslar-tavsiyeler-tedaviler-degerlendirmeler-turkiye-istanbul\/deneyim-raporu-burun-ameliyati-rinoplasti-istanbul-hasta-yorumu\/\">\u00d6nceki rapor<\/a><\/p>\n\n\n\n<p class=\"has-text-align-right wp-container-content-5e2576f9\"><a href=\"https:\/\/medicaltravel.at\/home\/impressum\/\" data-type=\"page\" data-id=\"2193\" rel=\"nofollow noopener\" target=\"_blank\"><\/a><a href=\"https:\/\/medicaltravel.at\/home\/berichte-von-patienten\/erfahrungsberichte\/erfahrungsbericht-zahnbehandlung-in-istanbul\/\" data-type=\"page\" data-id=\"981\" rel=\"nofollow noopener\" target=\"_blank\"><\/a><a href=\"https:\/\/medicaltravel.ch\/tr\/hasta-raporlari\/referanslar-tavsiyeler-tedaviler-degerlendirmeler-turkiye-istanbul\/deneyim-raporu-istanbulda-kadinlar-icin-sac-ekimi-hasta-yorumu\/\" data-type=\"link\" data-id=\"https:\/\/medicaltravel.ch\/tr\/hasta-raporlari\/referanslar-tavsiyeler-tedaviler-degerlendirmeler-turkiye-istanbul\/deneyim-raporu-istanbulda-kadinlar-icin-sac-ekimi-hasta-yorumu\/\">Bir sonraki rapor<\/a><\/p>\n<\/div>\n","protected":false},"excerpt":{"rendered":"<p>\u0130stanbul&#8217;da Ocak 2024&#8217;te yapt\u0131rd\u0131\u011f\u0131m g\u00f6z kapa\u011f\u0131 ameliyat\u0131 hakk\u0131ndaki deneyim raporum\/de\u011ferlendirmem. K\u0131z\u0131m\u0131n uzun zamand\u0131r bekledi\u011fi burun ameliyat\u0131 i\u00e7in randevusu vard\u0131 ve bana e\u015flik edip etmeyece\u011fimi sordu. Hi\u00e7 d\u00fc\u015f\u00fcnmeden kabul ettim \u00e7\u00fcnk\u00fc bu, nihayet g\u00f6z kapaklar\u0131m\u0131 d\u00fczeltme \u015fans\u0131m olacakt\u0131. Yani olduk\u00e7a &gt;bir s\u00fcrede bu karar\u0131 verdim. 53 ya\u015f\u0131nday\u0131m ve tabii ki zamanla doku gev\u015femeye ba\u015fl\u0131yor. MedicalTravel&#8217;\u0131 zaten tan\u0131yordum \u00e7\u00fcnk\u00fc 10 y\u0131l \u00f6nce partnerimle birlikte onun g\u00f6z lazeri ameliyat\u0131 i\u00e7in \u0130stanbul&#8217;a gelmi\u015ftik. Hala g\u00f6rme g\u00fcc\u00fcnden \u00e7ok memnun, sonras\u0131nda hi\u00e7bir sorun ya\u015famad\u0131 ve herkese yapt\u0131rmalar\u0131n\u0131 tavsiye ediyor. Yani 10 y\u0131l \u00f6nce her \u015fey kusursuz bir \u015fekilde gitmi\u015fti. O zamanlar Avrupa yakas\u0131nda kalm\u0131\u015ft\u0131k, bu sefer ise Asya yakas\u0131nda olduk. B\u00fcy\u00fck bir uzmanl\u0131k ve organizasyon yetene\u011fiyle, ayn\u0131 g\u00fcn k\u0131z\u0131mla birlikte ameliyat olma \u015fans\u0131m oldu. Ama her \u015feyin ba\u015f\u0131ndan ba\u015flayal\u0131m. \u0130leti\u015fim (WhatsApp ve e-posta \u00fczerinden) ve \u0130svi\u00e7re&#8217;deki organizasyon, havaalan\u0131 transferi, otel ve hastane hizmetleri her \u015fey \u00e7ok sorunsuz ve h\u0131zl\u0131 bir \u015fekilde ilerledi. T\u00fcm \u015fof\u00f6rler gerekti\u011finde zaman\u0131nda geldi. \u0130stanbul&#8217;da b\u00fcy\u00fck trafik yo\u011funlu\u011fu nedeniyle bazen gecikmeler ya\u015fanabilece\u011fi zaten biliniyor ve transfer s\u00fcrelerine bu da dahil edilmi\u015fti. Bu y\u00fczden SwissMedical, kliniklere yak\u0131n olan otelleri \u00f6neriyor. Ameliyat sonras\u0131 \u015fof\u00f6r\u00fcm\u00fcze ayr\u0131ca te\u015fekk\u00fcr etmek istiyorum; hastaneye giderken oldu\u011fundan daha dikkatli ve \u00f6zenli bir \u015fekilde s\u00fcr\u00fc\u015f yapt\u0131, bunun i\u00e7in te\u015fekk\u00fcrler! Seyahatten \u00f6nce, bana &#8220;MedicalTravelpass&#8221; adl\u0131 g\u00fczel bir dosya verildi. Bu dosyada, seyahatle ilgili t\u00fcm \u00f6nemli bilgiler, i\u015flemin detaylar\u0131 ve \u0130stanbul hakk\u0131nda baz\u0131 ipu\u00e7lar\u0131 yer al\u0131yordu. Livinton Hotel&#8217;de 1 hafta kald\u0131k. Ba\u015flang\u0131\u00e7ta pek formda olmayaca\u011f\u0131m\u0131z\u0131 bildi\u011fimiz i\u00e7in bir suit odada kalmaya karar verdik. Bu \u00e7ok iyi bir fikirdi, \u00e7\u00fcnk\u00fc odada bir yatakl\u0131 kanepe vard\u0131, b\u00f6ylece rahat\u00e7a uyuyabiliyorduk. Otel fena de\u011fildi, restoran\u0131ndaki yemekler taze ve lezzetliydi. Ayr\u0131ca, &#8220;ameliyat olmu\u015f&#8221; biri olarak orada yaln\u0131z de\u011fildik, bu da bize rahatl\u0131k verdi. Ameliyat g\u00fcn\u00fc Ac\u0131badem Kozyata\u011f\u0131 \u0130stanbul (Asya yakas\u0131) hastanesinde, bizi t\u00fcm g\u00fcn boyunca yan\u0131m\u0131zda olan bir terc\u00fcman kar\u015f\u0131lad\u0131. Terc\u00fcman, check-in&#8217;den (her zaman pasaportu yan\u0131n\u0131zda bulundurman\u0131z gerekiyor!), kan al\u0131m\u0131na, oda teslimine ve hatta ameliyat salonunun kap\u0131s\u0131na kadar bize e\u015flik etti. Ger\u00e7ekten b\u00fcy\u00fck bir evrak i\u015fi vard\u0131, ancak bu belgeler, komplikasyonlar\u0131 \u00f6nlemek i\u00e7in \u00e7ok \u00f6nemliydi. Detayl\u0131 ve kapsaml\u0131 bir anket ve hasta bilgisi ile kar\u015f\u0131la\u015ft\u0131m, bu da bana g\u00fcven verdi ve kendimi \u00e7ok daha g\u00fcvende hissettirdi. Bize hastane i\u00e7in geleneksel hastane k\u0131yafetleri verildi, buna destek \u00e7oraplar\u0131 ve terlikler de dahildi! Hastane odas\u0131nda bir kasa bulunuyordu ve hastanenin koridorlar\u0131nda g\u00fcvenlik kameralar\u0131 vard\u0131. Hastane personeli, operasyon odas\u0131ndaki bir han\u0131m ve tabii ki Dr. Kayiran d\u0131\u015f\u0131nda, neredeyse hi\u00e7 \u0130ngilizce konu\u015fmuyordu. Bu nedenle, Google \u00c7evirmen ve DeepL ger\u00e7ekten \u00e7ok faydal\u0131 oldu. Hem otelde hem de hastanede \u00fccretsiz Wi-Fi&#8217;ye ba\u011flan\u0131labiliyor. Dil konusunda bir ihtiya\u00e7 oldu\u011funda, terc\u00fcmanlar ve MedicalTravel her zaman ula\u015f\u0131labilir durumdayd\u0131 ve gerekli deste\u011fi h\u0131zl\u0131ca ald\u0131k. K\u0131z\u0131m bir gece hastanede kalmak zorunda kald\u0131, ben ise otele gitmeme izin verildi. Ancak, odas\u0131nda kal\u0131p kalamayaca\u011f\u0131m\u0131 sordum ve bu sorun olmad\u0131. Onunla ayn\u0131 \u015fekilde yemeklerimi ald\u0131m, gece i\u00e7in g\u00f6zlerim i\u00e7in so\u011futulmu\u015f g\u00f6zl\u00fckler verildi ve her tek ki\u015filik odada, iki ad\u0131mda bir tek ki\u015filik yata\u011fa d\u00f6n\u00fc\u015febilen bir kanepe vard\u0131. Bu t\u00fcm hizmet i\u00e7in ek bir \u00fccret \u00f6demek zorunda kalmad\u0131m. Yani ger\u00e7ekten \u00e7ok dostane, yard\u0131mc\u0131 ve nazik bir yakla\u015f\u0131m vard\u0131. Yan\u0131ma mutlaka bir \u015fi\u015fe su alman\u0131z\u0131 tavsiye ederim. Su i\u00e7me istasyonu vard\u0131, oradan kendi ba\u015f\u0131n\u0131za su alabilirsiniz, ancak ameliyat sonras\u0131 \u00e7ok hareketli olamayabilece\u011finiz i\u00e7in, su almak i\u00e7in s\u00fcrekli birilerini \u00e7a\u011f\u0131rman\u0131z gerekebilir. Yard\u0131mc\u0131lar maksimum 30 saniye i\u00e7inde gelirler; biz de bunu e\u011flenceye d\u00f6n\u00fc\u015ft\u00fcrd\u00fck ve saniyeleri sayd\u0131k. Pazartesi g\u00fcn\u00fc ameliyat olduk ve Cuma g\u00fcn\u00fc Dr. Kayiran ile Ac\u0131badem hastanesinde kontrol muayenesine gittik. Sonu\u00e7tan memnundu ve \u00f6zellikle u\u00e7u\u015fla ilgili olarak \u00f6n\u00fcm\u00fczdeki g\u00fcnlerde nas\u0131l davranmam\u0131z gerekti\u011fini bize a\u00e7\u0131klad\u0131. \u0130stanbul&#8217;da bir g\u00fcn daha keyif s\u00fcrd\u00fck ve sonra eve d\u00f6nd\u00fck. Mart ay\u0131nda ise tekrar Zug&#8217;a gidip Dr. Kayiran&#8217;\u0131 ziyaret edece\u011fiz. E\u011fer sorular\u0131n\u0131z varsa, MedicalTravel \u00fczerinden e-posta adresimi talep edebilirsiniz. G\u00f6z kapa\u011f\u0131 ve burun ameliyatlar\u0131yla ilgili sorular\u0131n\u0131z\u0131 ya da belirsizliklerinizi memnuniyetle yan\u0131tlar\u0131m. Nicole M\u00fcller \u00d6nceki rapor Bir sonraki rapor<\/p>\n","protected":false},"author":4,"featured_media":0,"parent":4587,"menu_order":0,"comment_status":"closed","ping_status":"closed","template":"","meta":{"_joinchat":[],"footnotes":""},"class_list":["post-4633","page","type-page","status-publish","hentry"],"acf":[],"_links":{"self":[{"href":"https:\/\/medicaltravel.ch\/tr\/wp-json\/wp\/v2\/pages\/4633","targetHints":{"allow":["GET"]}}],"collection":[{"href":"https:\/\/medicaltravel.ch\/tr\/wp-json\/wp\/v2\/pages"}],"about":[{"href":"https:\/\/medicaltravel.ch\/tr\/wp-json\/wp\/v2\/types\/page"}],"author":[{"embeddable":true,"href":"https:\/\/medicaltravel.ch\/tr\/wp-json\/wp\/v2\/users\/4"}],"replies":[{"embeddable":true,"href":"https:\/\/medicaltravel.ch\/tr\/wp-json\/wp\/v2\/comments?post=4633"}],"version-history":[{"count":3,"href":"https:\/\/medicaltravel.ch\/tr\/wp-json\/wp\/v2\/pages\/4633\/revisions"}],"predecessor-version":[{"id":6321,"href":"https:\/\/medicaltravel.ch\/tr\/wp-json\/wp\/v2\/pages\/4633\/revisions\/6321"}],"up":[{"embeddable":true,"href":"https:\/\/medicaltravel.ch\/tr\/wp-json\/wp\/v2\/pages\/4587"}],"wp:attachment":[{"href":"https:\/\/medicaltravel.ch\/tr\/wp-json\/wp\/v2\/media?parent=4633"}],"curies":[{"name":"wp","href":"https:\/\/api.w.org\/{rel}","templated":true}]}}