{"id":4635,"date":"2025-09-23T16:50:28","date_gmt":"2025-09-23T15:50:28","guid":{"rendered":"https:\/\/medicaltravel.ch\/hasta-raporlari\/erfahrungsberichte-empfehlungen-behandlungen-beurteilung-tuerkei-istanbul\/deneyim-raporu-istanbulda-meme-bueyuetme-tuerkiye\/"},"modified":"2026-01-12T17:53:13","modified_gmt":"2026-01-12T16:53:13","slug":"deneyim-raporu-istanbulda-meme-bueyuetme-tuerkiye","status":"publish","type":"page","link":"https:\/\/medicaltravel.ch\/tr\/hasta-raporlari\/referanslar-tavsiyeler-tedaviler-degerlendirmeler-turkiye-istanbul\/deneyim-raporu-istanbulda-meme-bueyuetme-tuerkiye\/","title":{"rendered":"DENEY\u0130M RAPORU: \u0130STANBUL&#8217;DA MEME B\u00dcY\u00dcTME, T\u00fcrkiye"},"content":{"rendered":"\n<p><strong>DENEY\u0130M RAPORU: \u0130STANBUL, T\u00fcrkiye&#8217;DE MEME B\u00dcY\u00dcTME \u2013 3 A\u011fustos 2020 Pazartesi tarihli rapor<\/strong><\/p>\n\n\n\n<p>20 Temmuz 2020 tarihinde \u0130stanbul Kad\u0131k\u00f6y&#8217;de ger\u00e7ekle\u015ftirdi\u011fim meme dikle\u015ftirme ve g\u00f6\u011f\u00fcs kas\u0131 \u00fcst\u00fc meme b\u00fcy\u00fctme ameliyat\u0131na dair deneyim raporum.<\/p>\n\n\n\n<p>\u0130ki y\u0131ld\u0131r g\u00f6\u011f\u00fcslerimi b\u00fcy\u00fctmeyi d\u00fc\u015f\u00fcn\u00fcyordum. Fitness sayesinde v\u00fccudum \u00e7ok de\u011fi\u015fti ve maalesef g\u00f6\u011f\u00fcslerim de b\u00fcy\u00fck \u00f6l\u00e7\u00fcde hacim kaybetti. Arkada\u015f\u0131m, Medical Travel&#8217;\u0131 \u00f6nerdi \u00e7\u00fcnk\u00fc k\u0131z karde\u015fi de orada g\u00f6\u011f\u00fcs esteti\u011fi yapt\u0131rm\u0131\u015f ve \u00e7ok memnun kalm\u0131\u015ft\u0131. Cesaretimi toplad\u0131m ve 9 Haziran&#8217;da <a href=\"https:\/\/medicaltravel.ch\/tr\/\" data-type=\"page\" data-id=\"6\">MedicalTravel&#8217;dan <\/a>Herr Kara ve ameliyat\u0131 yapacak olan Assoc. Prof. Dr. Kayiran ile FaceTime \u00fczerinden bir dan\u0131\u015fmanl\u0131k randevusu ayarlad\u0131m. Olumlu ve dost\u00e7a bir izlenim ald\u0131ktan sonra tedaviye karar verdim ve Temmuz 2020&#8217;nin sonunda ameliyat i\u00e7in h\u0131zl\u0131ca bir randevu ayarland\u0131.     <\/p>\n\n\n\n<p>19 Temmuz&#8217;da o an gelmi\u015fti, en iyi arkada\u015f\u0131mla birlikte \u0130stanbul&#8217;a seyahat ettim. \u00c7ok heyecanl\u0131yd\u0131m ve b\u00fcy\u00fck bir beklentiyle doluydum, ancak biraz da pandemi durumu nedeniyle endi\u015feliydim. Belki zamanlama \u00e7ok ideal de\u011fildi, ama ben olduk\u00e7a iyimser bir insan\u0131m ve her \u015feyin yolunda gidece\u011finden emindim.  <\/p>\n\n\n\n<p><a href=\"https:\/\/medicaltravel.ch\/tr\/neden-tuerkiye\/tuerkiyenin-sehirleri\/istanbul-bir-sehir-olarak\/\" data-type=\"page\" data-id=\"20\">\u0130stanbul&#8217;a <\/a>indi\u011fimizde, bizi s\u0131cak bir \u015fekilde kar\u015f\u0131lad\u0131lar ve transfer hizmetiyle direkt hastaneye g\u00f6t\u00fcr\u00fcld\u00fck. Orada kan tahlili ve COVID-19 testi yap\u0131ld\u0131. Ard\u0131ndan otele g\u00f6t\u00fcr\u00fcld\u00fck, burada da \u00e7ok dost\u00e7a bir \u015fekilde kar\u015f\u0131land\u0131k.  <\/p>\n\n\n\n<p>Ertesi g\u00fcn, 20 Temmuz&#8217;da, zaman\u0131nda al\u0131nd\u0131m ve<a href=\"https:\/\/medicaltravel.ch\/tr\/kozmetik-cerrahi\/hastaneler\/istanbuldaki-guezellik-klinigi\/\" data-type=\"page\" data-id=\"78\"> Florence Nightingale Hastanesi&#8217;ne g\u00f6t\u00fcr\u00fcld\u00fcm<\/a>. Orada terc\u00fcman beni bekliyordu. Odaya y\u00f6nlendirildim ve oda ger\u00e7ekten g\u00fczel, temiz bir otel odas\u0131 gibiydi. Ameliyat \u00f6ncesinde <a href=\"https:\/\/www.medicaltravel.ch\/wp-content\/uploads\/sites\/18\/2019\/07\/Lebenslauf_Assoc_Prof_Dr_Oguz-Kayiran.pdf\">Assoc. Prof. Dr. Kayiran<\/a> ile bir g\u00f6r\u00fc\u015fme yaparak t\u00fcm s\u00fcreci ayr\u0131nt\u0131l\u0131 bir \u015fekilde a\u00e7\u0131klad\u0131. Ard\u0131ndan i\u015fler h\u0131zl\u0131ca ilerledi, hem\u015fireler geldi ve haz\u0131rl\u0131klar\u0131 yapt\u0131. O an, sinirden patlayacak gibi oldum, ancak hala sakinle\u015ftirici almad\u0131\u011f\u0131m halde, son derece huzurluydum ve g\u00f6\u011f\u00fcs ameliyat\u0131m\u0131 d\u00f6rt g\u00f6zle bekliyordum. Sonra, beni <a href=\"https:\/\/www.medicaltravel.ch\/schoenheitsoperation\/behandlungsspektrum\/brustvergroesserung-istanbul-turkei\/\">ameliyat odas\u0131na<\/a> ald\u0131lar, hat\u0131rlad\u0131\u011f\u0131m tek \u015fey, orada yatarken anestezi uzman\u0131n\u0131n narkozu vermesi oldu. Bir s\u00fcre sonra, hala biraz sersemlemi\u015f bir \u015fekilde ama hi\u00e7 ac\u0131 hissetmeden odamda uyand\u0131m. Odamda doktor ve terc\u00fcman\u0131m beni bekliyordu. Bana her \u015feyin harika ge\u00e7ti\u011fini ve doktorun sonu\u00e7tan \u00e7ok memnun oldu\u011funu s\u00f6ylediler.        <\/p>\n\n\n\n<p>Hastanede bir gece g\u00f6zetim alt\u0131nda kald\u0131m, ertesi g\u00fcn hastaneyi terk edebildim. Geceyi hi\u00e7bir sorun ya\u015famadan ge\u00e7irdim ve genel olarak kendimi yeterince iyi hissederek geri kalan zaman\u0131 arkada\u015f\u0131m ile otelde ge\u00e7irebilece\u011fimi d\u00fc\u015f\u00fcnd\u00fcm. <\/p>\n\n\n\n<p>Ameliyat\u0131m\u0131n ard\u0131ndan iki g\u00fcn sonra, her iki drenaj t\u00fcp\u00fc ve toplama kab\u0131 \u00e7\u0131kar\u0131ld\u0131. Biraz ac\u0131 verdi ama sonras\u0131nda \u00e7ok daha iyi hissettim. G\u00fcnden g\u00fcne kendimi daha iyi hissetmeye ba\u015flad\u0131m, \u00fc\u00e7\u00fcnc\u00fc g\u00fcn\u00fcn sonunda a\u011fr\u0131 kesicileri b\u0131rak\u0131p sadece antibiyotik almaya ba\u015flad\u0131m. A\u011fr\u0131lar dayan\u0131labilir seviyedeydi, sanki \u00e7ok yo\u011fun bir kas a\u011fr\u0131s\u0131 gibiydi. Ancak yataktan kalkmak \u00e7ok zor ve ac\u0131 vericiydi; ilk \u00fc\u00e7 g\u00fcn boyunca yata\u011f\u0131mda kendi ba\u015f\u0131ma kalkamad\u0131m, bu y\u00fczden arkada\u015f\u0131m\u0131n yard\u0131m\u0131 olmadan yapamazd\u0131m. Yan\u0131mda oldu\u011fu i\u00e7in \u00e7ok minnettard\u0131m! Otel personeli de olduk\u00e7a \u00f6zenliydi, bana \u00e7ok iyi bakt\u0131lar ve her t\u00fcrl\u00fc iste\u011fimi yerine getirdiler.     <\/p>\n\n\n\n<p>\u0130stanbul&#8217;da hava \u00e7ok s\u0131cak oldu\u011fu i\u00e7in g\u00fcn\u00fcn \u00e7o\u011funu otelde ge\u00e7irdim, ancak ak\u015famlar\u0131 d\u0131\u015far\u0131 \u00e7\u0131k\u0131p \u015fehri ke\u015ffettim.<\/p>\n\n\n\n<p>25 Temmuz\u2019da tekrar \u0130svi\u00e7re\u2019ye d\u00f6nd\u00fck, rahat bir u\u00e7u\u015f ge\u00e7irdim ve hi\u00e7 a\u011fr\u0131 hissetmedim. Sonu\u00e7tan son derece memnun kald\u0131m ve herkese tavsiye ederim! <\/p>\n\n\n\n<p>Rica ederim! Yard\u0131mc\u0131 olabildiysem ne mutlu bana. Herhangi bir sorunuz olursa, her zaman buraday\u0131m! \ud83d\ude0a<\/p>\n\n\n\n<p>Sayg\u0131lar\u0131mla,<br>Ursina Decurtins<\/p>\n\n\n\n<div class=\"wp-block-group is-layout-grid wp-container-core-group-is-layout-baef362d wp-block-group-is-layout-grid\">\n<p><a href=\"https:\/\/medicaltravel.at\/home\/agb\/\" data-type=\"page\" data-id=\"2191\" rel=\"nofollow noopener\" target=\"_blank\"><\/a><a href=\"https:\/\/medicaltravel.ch\/tr\/hasta-raporlari\/referanslar-tavsiyeler-tedaviler-degerlendirmeler-turkiye-istanbul\/hasta-raporu-istanbul-tuerkiyede-meme-ameliyati\/\" data-type=\"link\" data-id=\"https:\/\/medicaltravel.ch\/tr\/hasta-raporlari\/referanslar-tavsiyeler-tedaviler-degerlendirmeler-turkiye-istanbul\/hasta-raporu-istanbul-tuerkiyede-meme-ameliyati\/\">\u00d6nceki rapor<\/a><\/p>\n\n\n\n<p class=\"has-text-align-right wp-container-content-5e2576f9\"><a href=\"https:\/\/medicaltravel.at\/home\/impressum\/\" data-type=\"page\" data-id=\"2193\" rel=\"nofollow noopener\" target=\"_blank\"><\/a><a href=\"https:\/\/medicaltravel.at\/home\/berichte-von-patienten\/erfahrungsberichte\/erfahrungsbericht-zahnbehandlung-in-istanbul\/\" data-type=\"page\" data-id=\"981\" rel=\"nofollow noopener\" target=\"_blank\"><\/a><a href=\"https:\/\/medicaltravel.ch\/tr\/hasta-raporlari\/referanslar-tavsiyeler-tedaviler-degerlendirmeler-turkiye-istanbul\/istanbulda-dis-implantlari-hakkinda-hasta-raporu\/\" data-type=\"link\" data-id=\"https:\/\/medicaltravel.ch\/tr\/hasta-raporlari\/referanslar-tavsiyeler-tedaviler-degerlendirmeler-turkiye-istanbul\/istanbulda-dis-implantlari-hakkinda-hasta-raporu\/\">Bir sonraki rapor<\/a><\/p>\n<\/div>\n","protected":false},"excerpt":{"rendered":"<p>DENEY\u0130M RAPORU: \u0130STANBUL, T\u00fcrkiye&#8217;DE MEME B\u00dcY\u00dcTME \u2013 3 A\u011fustos 2020 Pazartesi tarihli rapor 20 Temmuz 2020 tarihinde \u0130stanbul Kad\u0131k\u00f6y&#8217;de ger\u00e7ekle\u015ftirdi\u011fim meme dikle\u015ftirme ve g\u00f6\u011f\u00fcs kas\u0131 \u00fcst\u00fc meme b\u00fcy\u00fctme ameliyat\u0131na dair deneyim raporum. \u0130ki y\u0131ld\u0131r g\u00f6\u011f\u00fcslerimi b\u00fcy\u00fctmeyi d\u00fc\u015f\u00fcn\u00fcyordum. Fitness sayesinde v\u00fccudum \u00e7ok de\u011fi\u015fti ve maalesef g\u00f6\u011f\u00fcslerim de b\u00fcy\u00fck \u00f6l\u00e7\u00fcde hacim kaybetti. Arkada\u015f\u0131m, Medical Travel&#8217;\u0131 \u00f6nerdi \u00e7\u00fcnk\u00fc k\u0131z karde\u015fi de orada g\u00f6\u011f\u00fcs esteti\u011fi yapt\u0131rm\u0131\u015f ve \u00e7ok memnun kalm\u0131\u015ft\u0131. Cesaretimi toplad\u0131m ve 9 Haziran&#8217;da MedicalTravel&#8217;dan Herr Kara ve ameliyat\u0131 yapacak olan Assoc. Prof. Dr. Kayiran ile FaceTime \u00fczerinden bir dan\u0131\u015fmanl\u0131k randevusu ayarlad\u0131m. Olumlu ve dost\u00e7a bir izlenim ald\u0131ktan sonra tedaviye karar verdim ve Temmuz 2020&#8217;nin sonunda ameliyat i\u00e7in h\u0131zl\u0131ca bir randevu ayarland\u0131. 19 Temmuz&#8217;da o an gelmi\u015fti, en iyi arkada\u015f\u0131mla birlikte \u0130stanbul&#8217;a seyahat ettim. \u00c7ok heyecanl\u0131yd\u0131m ve b\u00fcy\u00fck bir beklentiyle doluydum, ancak biraz da pandemi durumu nedeniyle endi\u015feliydim. Belki zamanlama \u00e7ok ideal de\u011fildi, ama ben olduk\u00e7a iyimser bir insan\u0131m ve her \u015feyin yolunda gidece\u011finden emindim. \u0130stanbul&#8217;a indi\u011fimizde, bizi s\u0131cak bir \u015fekilde kar\u015f\u0131lad\u0131lar ve transfer hizmetiyle direkt hastaneye g\u00f6t\u00fcr\u00fcld\u00fck. Orada kan tahlili ve COVID-19 testi yap\u0131ld\u0131. Ard\u0131ndan otele g\u00f6t\u00fcr\u00fcld\u00fck, burada da \u00e7ok dost\u00e7a bir \u015fekilde kar\u015f\u0131land\u0131k. Ertesi g\u00fcn, 20 Temmuz&#8217;da, zaman\u0131nda al\u0131nd\u0131m ve Florence Nightingale Hastanesi&#8217;ne g\u00f6t\u00fcr\u00fcld\u00fcm. Orada terc\u00fcman beni bekliyordu. Odaya y\u00f6nlendirildim ve oda ger\u00e7ekten g\u00fczel, temiz bir otel odas\u0131 gibiydi. Ameliyat \u00f6ncesinde Assoc. Prof. Dr. Kayiran ile bir g\u00f6r\u00fc\u015fme yaparak t\u00fcm s\u00fcreci ayr\u0131nt\u0131l\u0131 bir \u015fekilde a\u00e7\u0131klad\u0131. Ard\u0131ndan i\u015fler h\u0131zl\u0131ca ilerledi, hem\u015fireler geldi ve haz\u0131rl\u0131klar\u0131 yapt\u0131. O an, sinirden patlayacak gibi oldum, ancak hala sakinle\u015ftirici almad\u0131\u011f\u0131m halde, son derece huzurluydum ve g\u00f6\u011f\u00fcs ameliyat\u0131m\u0131 d\u00f6rt g\u00f6zle bekliyordum. Sonra, beni ameliyat odas\u0131na ald\u0131lar, hat\u0131rlad\u0131\u011f\u0131m tek \u015fey, orada yatarken anestezi uzman\u0131n\u0131n narkozu vermesi oldu. Bir s\u00fcre sonra, hala biraz sersemlemi\u015f bir \u015fekilde ama hi\u00e7 ac\u0131 hissetmeden odamda uyand\u0131m. Odamda doktor ve terc\u00fcman\u0131m beni bekliyordu. Bana her \u015feyin harika ge\u00e7ti\u011fini ve doktorun sonu\u00e7tan \u00e7ok memnun oldu\u011funu s\u00f6ylediler. Hastanede bir gece g\u00f6zetim alt\u0131nda kald\u0131m, ertesi g\u00fcn hastaneyi terk edebildim. Geceyi hi\u00e7bir sorun ya\u015famadan ge\u00e7irdim ve genel olarak kendimi yeterince iyi hissederek geri kalan zaman\u0131 arkada\u015f\u0131m ile otelde ge\u00e7irebilece\u011fimi d\u00fc\u015f\u00fcnd\u00fcm. Ameliyat\u0131m\u0131n ard\u0131ndan iki g\u00fcn sonra, her iki drenaj t\u00fcp\u00fc ve toplama kab\u0131 \u00e7\u0131kar\u0131ld\u0131. Biraz ac\u0131 verdi ama sonras\u0131nda \u00e7ok daha iyi hissettim. G\u00fcnden g\u00fcne kendimi daha iyi hissetmeye ba\u015flad\u0131m, \u00fc\u00e7\u00fcnc\u00fc g\u00fcn\u00fcn sonunda a\u011fr\u0131 kesicileri b\u0131rak\u0131p sadece antibiyotik almaya ba\u015flad\u0131m. A\u011fr\u0131lar dayan\u0131labilir seviyedeydi, sanki \u00e7ok yo\u011fun bir kas a\u011fr\u0131s\u0131 gibiydi. Ancak yataktan kalkmak \u00e7ok zor ve ac\u0131 vericiydi; ilk \u00fc\u00e7 g\u00fcn boyunca yata\u011f\u0131mda kendi ba\u015f\u0131ma kalkamad\u0131m, bu y\u00fczden arkada\u015f\u0131m\u0131n yard\u0131m\u0131 olmadan yapamazd\u0131m. Yan\u0131mda oldu\u011fu i\u00e7in \u00e7ok minnettard\u0131m! Otel personeli de olduk\u00e7a \u00f6zenliydi, bana \u00e7ok iyi bakt\u0131lar ve her t\u00fcrl\u00fc iste\u011fimi yerine getirdiler. \u0130stanbul&#8217;da hava \u00e7ok s\u0131cak oldu\u011fu i\u00e7in g\u00fcn\u00fcn \u00e7o\u011funu otelde ge\u00e7irdim, ancak ak\u015famlar\u0131 d\u0131\u015far\u0131 \u00e7\u0131k\u0131p \u015fehri ke\u015ffettim. 25 Temmuz\u2019da tekrar \u0130svi\u00e7re\u2019ye d\u00f6nd\u00fck, rahat bir u\u00e7u\u015f ge\u00e7irdim ve hi\u00e7 a\u011fr\u0131 hissetmedim. Sonu\u00e7tan son derece memnun kald\u0131m ve herkese tavsiye ederim! Rica ederim! Yard\u0131mc\u0131 olabildiysem ne mutlu bana. Herhangi bir sorunuz olursa, her zaman buraday\u0131m! \ud83d\ude0a Sayg\u0131lar\u0131mla,Ursina Decurtins \u00d6nceki rapor Bir sonraki rapor<\/p>\n","protected":false},"author":4,"featured_media":0,"parent":4587,"menu_order":0,"comment_status":"closed","ping_status":"closed","template":"","meta":{"_joinchat":[],"footnotes":""},"class_list":["post-4635","page","type-page","status-publish","hentry"],"acf":[],"_links":{"self":[{"href":"https:\/\/medicaltravel.ch\/tr\/wp-json\/wp\/v2\/pages\/4635","targetHints":{"allow":["GET"]}}],"collection":[{"href":"https:\/\/medicaltravel.ch\/tr\/wp-json\/wp\/v2\/pages"}],"about":[{"href":"https:\/\/medicaltravel.ch\/tr\/wp-json\/wp\/v2\/types\/page"}],"author":[{"embeddable":true,"href":"https:\/\/medicaltravel.ch\/tr\/wp-json\/wp\/v2\/users\/4"}],"replies":[{"embeddable":true,"href":"https:\/\/medicaltravel.ch\/tr\/wp-json\/wp\/v2\/comments?post=4635"}],"version-history":[{"count":0,"href":"https:\/\/medicaltravel.ch\/tr\/wp-json\/wp\/v2\/pages\/4635\/revisions"}],"up":[{"embeddable":true,"href":"https:\/\/medicaltravel.ch\/tr\/wp-json\/wp\/v2\/pages\/4587"}],"wp:attachment":[{"href":"https:\/\/medicaltravel.ch\/tr\/wp-json\/wp\/v2\/media?parent=4635"}],"curies":[{"name":"wp","href":"https:\/\/api.w.org\/{rel}","templated":true}]}}