{"id":4638,"date":"2025-09-23T17:25:42","date_gmt":"2025-09-23T16:25:42","guid":{"rendered":"https:\/\/medicaltravel.ch\/hasta-raporlari\/erfahrungsberichte-empfehlungen-behandlungen-beurteilung-tuerkei-istanbul\/deneyim-raporu-istanbul-tuerkiyede-goez-kapagi-kaldirma\/"},"modified":"2026-01-12T19:07:09","modified_gmt":"2026-01-12T18:07:09","slug":"deneyim-raporu-istanbul-tuerkiyede-goez-kapagi-kaldirma","status":"publish","type":"page","link":"https:\/\/medicaltravel.ch\/tr\/hasta-raporlari\/referanslar-tavsiyeler-tedaviler-degerlendirmeler-turkiye-istanbul\/deneyim-raporu-istanbul-tuerkiyede-goez-kapagi-kaldirma\/","title":{"rendered":"Deneyim raporu: \u0130stanbul, T\u00fcrkiye&#8217;de g\u00f6z kapa\u011f\u0131 kald\u0131rma"},"content":{"rendered":"\n<p>\u0130stanbul&#8217;da Nisan 2017&#8217;de ger\u00e7ekle\u015ftirilen g\u00f6z kapa\u011f\u0131 kald\u0131rma ameliyat\u0131na ili\u015fkin deneyim raporu \u2013 23 May\u0131s 2017 Sal\u0131 tarihli rapor.<\/p>\n\n\n\n<figure class=\"wp-block-image size-full\"><img decoding=\"async\" width=\"120\" height=\"90\" src=\"https:\/\/medicaltravel.ch\/wp-content\/uploads\/2025\/09\/123-1.jpg\" alt=\"\" class=\"wp-image-748\"\/><\/figure>\n\n\n\n<p>Birka\u00e7 y\u0131ld\u0131r g\u00f6z alt\u0131 torbalar\u0131m ve biraz &#8220;b\u00fcy\u00fck&#8221; olan \u00fcst g\u00f6z kapaklar\u0131m beni rahats\u0131z ediyor.<\/p>\n\n\n\n<p>Tayyar bir deneyimle, k\u0131z\u0131m\u0131n ge\u00e7en y\u0131l \u0130stanbul&#8217;da kar\u0131n germe operasyonu yapt\u0131r\u0131p sonu\u00e7tan son derece memnun olmas\u0131 beni de ayn\u0131 ad\u0131m\u0131 atmaya itti. MedicalTravel&#8217;in bu s\u00fcreci d\u00fczenlemesi ve y\u00f6nlendirmesi sayesinde ben de bu operasyonu \u0130stanbul&#8217;da yapt\u0131rmaya karar verdim.<\/p>\n\n\n\n<p>Bu ger\u00e7ekten harika bir karard\u0131. Havaliman\u0131nda beni s\u0131cak ve nazik bir \u015fekilde kar\u015f\u0131lad\u0131lar, ard\u0131ndan otele rahat\u00e7a transfer edildim. <\/p>\n\n\n\n<p>Hastanede, uzman bir \u00f6n muayene ve \u00e7ok anlay\u0131\u015fl\u0131 bir bak\u0131m ald\u0131m. Almanca konu\u015fan bir rehber sayesinde t\u00fcm g\u00f6r\u00fc\u015fmeler sorunsuz bir \u015fekilde ger\u00e7ekle\u015fti.<\/p>\n\n\n\n<p>T\u00fcm operasyon ve hastane s\u00fcreci son derece olumlu bir deneyim oldu. Yetkin ve deneyimli cerrah, beni tamamen tatmin edecek \u015fekilde operasyona ald\u0131. Hi\u00e7bir a\u011fr\u0131, komplikasyon olmad\u0131, her \u015fey m\u00fckemmeldi. <\/p>\n\n\n\n<p>T\u00fcm \u00e7evrem art\u0131k harika sonu\u00e7 i\u00e7in beni k\u0131skan\u0131yor. Kendimden emin bir \u015fekilde, herkese T\u00fcrkiye&#8217;de uygun fiyatl\u0131 bir operasyon yapmaya cesaret etmelerini s\u00f6yl\u00fcyorum ve MedicalTravel&#8217;\u0131 g\u00f6n\u00fcl rahatl\u0131\u011f\u0131yla tavsiye ediyorum. <\/p>\n\n\n\n<p>Olivia Isliker<br>Z\u00fcrih, 20 May\u0131s 2017<\/p>\n\n\n\n<div class=\"wp-block-group is-layout-grid wp-container-core-group-is-layout-baef362d wp-block-group-is-layout-grid\">\n<p><a href=\"https:\/\/medicaltravel.at\/home\/agb\/\" data-type=\"page\" data-id=\"2191\" rel=\"nofollow noopener\" target=\"_blank\"><\/a><a href=\"https:\/\/medicaltravel.ch\/tr\/hasta-raporlari\/referanslar-tavsiyeler-tedaviler-degerlendirmeler-turkiye-istanbul\/istanbuldaki-kaplama-tedavim\/\" data-type=\"link\" data-id=\"https:\/\/medicaltravel.ch\/tr\/hasta-raporlari\/referanslar-tavsiyeler-tedaviler-degerlendirmeler-turkiye-istanbul\/istanbuldaki-kaplama-tedavim\/\">\u00d6nceki rapor<\/a><\/p>\n\n\n\n<p class=\"has-text-align-right wp-container-content-5e2576f9\"><a href=\"https:\/\/medicaltravel.at\/home\/impressum\/\" data-type=\"page\" data-id=\"2193\" rel=\"nofollow noopener\" target=\"_blank\"><\/a><a href=\"https:\/\/medicaltravel.at\/home\/berichte-von-patienten\/erfahrungsberichte\/erfahrungsbericht-zahnbehandlung-in-istanbul\/\" data-type=\"page\" data-id=\"981\" rel=\"nofollow noopener\" target=\"_blank\"><\/a><a href=\"https:\/\/medicaltravel.ch\/tr\/hasta-raporlari\/referanslar-tavsiyeler-tedaviler-degerlendirmeler-turkiye-istanbul\/iki-kitadaki-sehirde-gecirdigim-meme-ameliyatim\/\" data-type=\"link\" data-id=\"https:\/\/medicaltravel.ch\/tr\/hasta-raporlari\/referanslar-tavsiyeler-tedaviler-degerlendirmeler-turkiye-istanbul\/iki-kitadaki-sehirde-gecirdigim-meme-ameliyatim\/\">Bir sonraki rapor<\/a><\/p>\n<\/div>\n","protected":false},"excerpt":{"rendered":"<p>\u0130stanbul&#8217;da Nisan 2017&#8217;de ger\u00e7ekle\u015ftirilen g\u00f6z kapa\u011f\u0131 kald\u0131rma ameliyat\u0131na ili\u015fkin deneyim raporu \u2013 23 May\u0131s 2017 Sal\u0131 tarihli rapor. Birka\u00e7 y\u0131ld\u0131r g\u00f6z alt\u0131 torbalar\u0131m ve biraz &#8220;b\u00fcy\u00fck&#8221; olan \u00fcst g\u00f6z kapaklar\u0131m beni rahats\u0131z ediyor. Tayyar bir deneyimle, k\u0131z\u0131m\u0131n ge\u00e7en y\u0131l \u0130stanbul&#8217;da kar\u0131n germe operasyonu yapt\u0131r\u0131p sonu\u00e7tan son derece memnun olmas\u0131 beni de ayn\u0131 ad\u0131m\u0131 atmaya itti. MedicalTravel&#8217;in bu s\u00fcreci d\u00fczenlemesi ve y\u00f6nlendirmesi sayesinde ben de bu operasyonu \u0130stanbul&#8217;da yapt\u0131rmaya karar verdim. Bu ger\u00e7ekten harika bir karard\u0131. Havaliman\u0131nda beni s\u0131cak ve nazik bir \u015fekilde kar\u015f\u0131lad\u0131lar, ard\u0131ndan otele rahat\u00e7a transfer edildim. Hastanede, uzman bir \u00f6n muayene ve \u00e7ok anlay\u0131\u015fl\u0131 bir bak\u0131m ald\u0131m. Almanca konu\u015fan bir rehber sayesinde t\u00fcm g\u00f6r\u00fc\u015fmeler sorunsuz bir \u015fekilde ger\u00e7ekle\u015fti. T\u00fcm operasyon ve hastane s\u00fcreci son derece olumlu bir deneyim oldu. Yetkin ve deneyimli cerrah, beni tamamen tatmin edecek \u015fekilde operasyona ald\u0131. Hi\u00e7bir a\u011fr\u0131, komplikasyon olmad\u0131, her \u015fey m\u00fckemmeldi. T\u00fcm \u00e7evrem art\u0131k harika sonu\u00e7 i\u00e7in beni k\u0131skan\u0131yor. Kendimden emin bir \u015fekilde, herkese T\u00fcrkiye&#8217;de uygun fiyatl\u0131 bir operasyon yapmaya cesaret etmelerini s\u00f6yl\u00fcyorum ve MedicalTravel&#8217;\u0131 g\u00f6n\u00fcl rahatl\u0131\u011f\u0131yla tavsiye ediyorum. Olivia IslikerZ\u00fcrih, 20 May\u0131s 2017 \u00d6nceki rapor Bir sonraki rapor<\/p>\n","protected":false},"author":4,"featured_media":0,"parent":4587,"menu_order":0,"comment_status":"closed","ping_status":"closed","template":"","meta":{"_joinchat":[],"footnotes":""},"class_list":["post-4638","page","type-page","status-publish","hentry"],"acf":[],"_links":{"self":[{"href":"https:\/\/medicaltravel.ch\/tr\/wp-json\/wp\/v2\/pages\/4638","targetHints":{"allow":["GET"]}}],"collection":[{"href":"https:\/\/medicaltravel.ch\/tr\/wp-json\/wp\/v2\/pages"}],"about":[{"href":"https:\/\/medicaltravel.ch\/tr\/wp-json\/wp\/v2\/types\/page"}],"author":[{"embeddable":true,"href":"https:\/\/medicaltravel.ch\/tr\/wp-json\/wp\/v2\/users\/4"}],"replies":[{"embeddable":true,"href":"https:\/\/medicaltravel.ch\/tr\/wp-json\/wp\/v2\/comments?post=4638"}],"version-history":[{"count":0,"href":"https:\/\/medicaltravel.ch\/tr\/wp-json\/wp\/v2\/pages\/4638\/revisions"}],"up":[{"embeddable":true,"href":"https:\/\/medicaltravel.ch\/tr\/wp-json\/wp\/v2\/pages\/4587"}],"wp:attachment":[{"href":"https:\/\/medicaltravel.ch\/tr\/wp-json\/wp\/v2\/media?parent=4638"}],"curies":[{"name":"wp","href":"https:\/\/api.w.org\/{rel}","templated":true}]}}