{"id":4640,"date":"2025-09-23T17:10:41","date_gmt":"2025-09-23T16:10:41","guid":{"rendered":"https:\/\/medicaltravel.ch\/hasta-raporlari\/erfahrungsberichte-empfehlungen-behandlungen-beurteilung-tuerkei-istanbul\/deneyim-raporu-istanbulda-meme-bueyuetme-5-subat-2019-sali-tarihli-rapor\/"},"modified":"2026-01-12T18:54:02","modified_gmt":"2026-01-12T17:54:02","slug":"deneyim-raporu-istanbulda-meme-bueyuetme-5-subat-2019-sali-tarihli-rapor","status":"publish","type":"page","link":"https:\/\/medicaltravel.ch\/tr\/hasta-raporlari\/referanslar-tavsiyeler-tedaviler-degerlendirmeler-turkiye-istanbul\/deneyim-raporu-istanbulda-meme-bueyuetme-5-subat-2019-sali-tarihli-rapor\/","title":{"rendered":"DENEY\u0130M RAPORU: \u0130STANBUL&#8217;DA MEME B\u00dcY\u00dcTME \u2013 5 \u015eubat 2019 Sal\u0131 tarihli rapor"},"content":{"rendered":"\n<p>DENEY\u0130M RAPORU: \u0130STANBUL&#8217;DA MEME B\u00dcY\u00dcTME \u2013 5 \u015eubat 2019 Sal\u0131 tarihli rapor<\/p>\n\n\n\n<p>14 Ocak 2019 tarihinde \u0130stanbul&#8217;da ge\u00e7irdi\u011fim deneyim raporum: g\u00f6\u011f\u00fcs kas\u0131 alt\u0131na meme b\u00fcy\u00fctme ameliyat\u0131.<\/p>\n\n\n\n<p>Her zaman g\u00f6\u011f\u00fcslerimi b\u00fcy\u00fctmek istemi\u015ftim. Bir i\u015f arkada\u015f\u0131m, tan\u0131d\u0131\u011f\u0131 birinin de burada g\u00f6\u011f\u00fcs esteti\u011fi yapt\u0131r\u0131p \u00e7ok memnun kald\u0131\u011f\u0131n\u0131 s\u00f6yledi ve MedicalTravel&#8217;\u0131 tavsiye etti. 23 Eyl\u00fcl&#8217;de Dr. Burak Ersoy ile bir dan\u0131\u015fmanl\u0131k randevum vard\u0131. Olumlu izlenimden dolay\u0131, tedaviyi Ocak ba\u015f\u0131nda yapmaya karar verdim.   <\/p>\n\n\n\n<p>Bir hafta \u00f6nce seyahate \u00e7\u0131kmadan \u00f6nce, Bay Kara, Dr. Burak Ersoy&#8217;un \u00f6zel sebeplerden dolay\u0131 ameliyat tarihini yapamayaca\u011f\u0131n\u0131 bana bildirdi. Hemen bir alternatif bulunarak, Dr. \u015e\u00fckr\u00fc Yazar&#8217;\u0131n tedaviyi yapaca\u011f\u0131 s\u00f6ylendi. Biraz \u015fa\u015f\u0131rd\u0131m, ama cerrah hakk\u0131nda internette ara\u015ft\u0131rma yap\u0131nca sadece olumlu yorumlar okudum. B\u00f6ylece, g\u00f6\u011f\u00fcs b\u00fcy\u00fctme i\u015flemini onunla yapmaya karar verdim.   <\/p>\n\n\n\n<p>13 Ocak&#8217;ta annem ve karde\u015fimle birlikte T\u00fcrk Hava Yollar\u0131 ile \u0130stanbul&#8217;a u\u00e7tum. U\u00e7u\u015fumuz olduk\u00e7a keyifli ge\u00e7ti ve havaalan\u0131nda \u00e7ok s\u0131cak bir \u015fekilde kar\u015f\u0131land\u0131k. Havaalan\u0131nda hemen kar\u015f\u0131land\u0131k ve Levent Hotel&#8217;e g\u00f6t\u00fcr\u00fcld\u00fck.<\/p>\n\n\n\n<p>14 Ocak&#8217;ta otelden saat 07:10&#8217;de al\u0131nmam\u0131z gerekiyordu, ancak \u015fof\u00f6r bir saat gecikti.<\/p>\n\n\n\n<p>Ac\u0131badem Hastanesi&#8217;ne vard\u0131\u011f\u0131m\u0131zda, bir terc\u00fcman taraf\u0131ndan kar\u015f\u0131land\u0131k. Beni g\u00fczel ve geni\u015f bir odaya g\u00f6t\u00fcrd\u00fcler ve hemen kan al\u0131m\u0131 ba\u015flad\u0131. Sonras\u0131nda her \u015fey \u00e7ok h\u0131zl\u0131 ilerledi, operasyon \u00f6ncesinde cerrahla bir g\u00f6r\u00fc\u015fme yapt\u0131m. <\/p>\n\n\n\n<p>\u00c7ok heyecanl\u0131yd\u0131m, operasyondan \u00f6nce bir sakinle\u015ftirici ila\u00e7 ald\u0131m. Yakla\u015f\u0131k olarak saat 11:00&#8217;de i\u015flem ba\u015flad\u0131. Anestezi h\u0131zl\u0131 bir \u015fekilde etkisini g\u00f6sterdi. 3 saat sonra \u00e7ok \u015fiddetli a\u011fr\u0131larla uyand\u0131m. Hastanede ge\u00e7irdi\u011fim geceyi iyi atlatt\u0131m, annem benimle odada kald\u0131. Hem\u015fire \u00e7ok tatl\u0131yd\u0131, her saat ba\u015f\u0131 tansiyonumu ve ate\u015fimi \u00f6l\u00e7meye geldi, verilen hizmetten ger\u00e7ekten \u00e7ok memnun kald\u0131m. Ertesi ak\u015fam hastaneden taburcu oldum. Otel hastaneye yakla\u015f\u0131k 10 dakika mesafedeydi. \u0130lk \u00fc\u00e7 g\u00fcn hafif a\u011fr\u0131lar\u0131m vard\u0131, bu a\u011fr\u0131 \u00e7ok g\u00fc\u00e7l\u00fc bir kas a\u011fr\u0131s\u0131na benziyordu, ta ki cerrah yan\u0131mdaki iki drenaj t\u00fcp\u00fcn\u00fc \u00e7\u0131kartana kadar. \u00c7\u0131karmak biraz ac\u0131l\u0131yd\u0131, t\u00fcpler yakla\u015f\u0131k 10 cm derinlikteydi. Ondan sonra her ge\u00e7en g\u00fcn daha iyi oldum. Hastaneden ald\u0131\u011f\u0131m ila\u00e7lar\u0131 d\u00fczenli olarak kulland\u0131m. Muayeneden sonra hemen Taksim&#8217;e gidip sa\u00e7\u0131m\u0131 y\u0131katmak i\u00e7in bir kuaf\u00f6re gittik, \u00e7\u00fcnk\u00fc kendim y\u0131kamakta zorlan\u0131yordum.           <\/p>\n\n\n\n<p>18 Ocak&#8217;ta \u0130stanbul&#8217;daki son kontrol\u00fcm vard\u0131. Taksiyi alarak Ni\u015fanta\u015f\u0131&#8217;na, Dr. \u015e\u00fckr\u00fc Yazar&#8217;\u0131n muayenehanesine gittik. Bana g\u00f6\u011f\u00fcs alt\u0131ndaki izler i\u00e7in silikon krem \u00f6nerdi ve hangi egzersizlerin iyi olaca\u011f\u0131 konusunda bana rehberlik etti.  <\/p>\n\n\n\n<p>Cumartesi \u00f6\u011fleden sonra tekrar \u0130svi\u00e7re&#8217;ye d\u00f6nd\u00fck. Kendimi \u00e7ok iyi hissediyordum ve hi\u00e7 a\u011fr\u0131m yoktu. Pazartesi g\u00fcn\u00fc ise tekrar i\u015fe ba\u015flad\u0131m.  <\/p>\n\n\n\n<p>Bir sonraki kontrol\u00fcm \u0130svi\u00e7re&#8217;de 24 \u015eubat&#8217;ta olacak. Sonu\u00e7tan \u00e7ok memnunum ve her zaman orada yapt\u0131rmay\u0131 tercih ederim. Harika bak\u0131m i\u00e7in \u00e7ok te\u015fekk\u00fcr ederim. <\/p>\n\n\n\n<p>Sayg\u0131lar\u0131mla, A. Sari<\/p>\n\n\n\n<div class=\"wp-block-group is-layout-grid wp-container-core-group-is-layout-baef362d wp-block-group-is-layout-grid\">\n<p><a href=\"https:\/\/medicaltravel.at\/home\/agb\/\" data-type=\"page\" data-id=\"2191\" rel=\"nofollow noopener\" target=\"_blank\"><\/a><a href=\"https:\/\/medicaltravel.ch\/tr\/hasta-raporlari\/referanslar-tavsiyeler-tedaviler-degerlendirmeler-turkiye-istanbul\/istanbulda-sac-ekimi-deneyim-raporu-15-subat-2019-cuma-tarihli-rapor\/\" data-type=\"link\" data-id=\"https:\/\/medicaltravel.ch\/tr\/hasta-raporlari\/referanslar-tavsiyeler-tedaviler-degerlendirmeler-turkiye-istanbul\/istanbulda-sac-ekimi-deneyim-raporu-15-subat-2019-cuma-tarihli-rapor\/\">\u00d6nceki rapor<\/a><\/p>\n\n\n\n<p class=\"has-text-align-right wp-container-content-5e2576f9\"><a href=\"https:\/\/medicaltravel.at\/home\/impressum\/\" data-type=\"page\" data-id=\"2193\" rel=\"nofollow noopener\" target=\"_blank\"><\/a><a href=\"https:\/\/medicaltravel.at\/home\/berichte-von-patienten\/erfahrungsberichte\/erfahrungsbericht-zahnbehandlung-in-istanbul\/\" data-type=\"page\" data-id=\"981\" rel=\"nofollow noopener\" target=\"_blank\"><\/a><a href=\"https:\/\/medicaltravel.ch\/tr\/hasta-raporlari\/referanslar-tavsiyeler-tedaviler-degerlendirmeler-turkiye-istanbul\/istanbulda-gecirdigim-burun-ameliyatim-hasta-raporu-13-kasim-2018-sali-tarihli-rapor\/\" data-type=\"link\" data-id=\"https:\/\/medicaltravel.ch\/tr\/hasta-raporlari\/referanslar-tavsiyeler-tedaviler-degerlendirmeler-turkiye-istanbul\/istanbulda-gecirdigim-burun-ameliyatim-hasta-raporu-13-kasim-2018-sali-tarihli-rapor\/\">Bir sonraki rapor<\/a><\/p>\n<\/div>\n","protected":false},"excerpt":{"rendered":"<p>DENEY\u0130M RAPORU: \u0130STANBUL&#8217;DA MEME B\u00dcY\u00dcTME \u2013 5 \u015eubat 2019 Sal\u0131 tarihli rapor 14 Ocak 2019 tarihinde \u0130stanbul&#8217;da ge\u00e7irdi\u011fim deneyim raporum: g\u00f6\u011f\u00fcs kas\u0131 alt\u0131na meme b\u00fcy\u00fctme ameliyat\u0131. Her zaman g\u00f6\u011f\u00fcslerimi b\u00fcy\u00fctmek istemi\u015ftim. Bir i\u015f arkada\u015f\u0131m, tan\u0131d\u0131\u011f\u0131 birinin de burada g\u00f6\u011f\u00fcs esteti\u011fi yapt\u0131r\u0131p \u00e7ok memnun kald\u0131\u011f\u0131n\u0131 s\u00f6yledi ve MedicalTravel&#8217;\u0131 tavsiye etti. 23 Eyl\u00fcl&#8217;de Dr. Burak Ersoy ile bir dan\u0131\u015fmanl\u0131k randevum vard\u0131. Olumlu izlenimden dolay\u0131, tedaviyi Ocak ba\u015f\u0131nda yapmaya karar verdim. Bir hafta \u00f6nce seyahate \u00e7\u0131kmadan \u00f6nce, Bay Kara, Dr. Burak Ersoy&#8217;un \u00f6zel sebeplerden dolay\u0131 ameliyat tarihini yapamayaca\u011f\u0131n\u0131 bana bildirdi. Hemen bir alternatif bulunarak, Dr. \u015e\u00fckr\u00fc Yazar&#8217;\u0131n tedaviyi yapaca\u011f\u0131 s\u00f6ylendi. Biraz \u015fa\u015f\u0131rd\u0131m, ama cerrah hakk\u0131nda internette ara\u015ft\u0131rma yap\u0131nca sadece olumlu yorumlar okudum. B\u00f6ylece, g\u00f6\u011f\u00fcs b\u00fcy\u00fctme i\u015flemini onunla yapmaya karar verdim. 13 Ocak&#8217;ta annem ve karde\u015fimle birlikte T\u00fcrk Hava Yollar\u0131 ile \u0130stanbul&#8217;a u\u00e7tum. U\u00e7u\u015fumuz olduk\u00e7a keyifli ge\u00e7ti ve havaalan\u0131nda \u00e7ok s\u0131cak bir \u015fekilde kar\u015f\u0131land\u0131k. Havaalan\u0131nda hemen kar\u015f\u0131land\u0131k ve Levent Hotel&#8217;e g\u00f6t\u00fcr\u00fcld\u00fck. 14 Ocak&#8217;ta otelden saat 07:10&#8217;de al\u0131nmam\u0131z gerekiyordu, ancak \u015fof\u00f6r bir saat gecikti. Ac\u0131badem Hastanesi&#8217;ne vard\u0131\u011f\u0131m\u0131zda, bir terc\u00fcman taraf\u0131ndan kar\u015f\u0131land\u0131k. Beni g\u00fczel ve geni\u015f bir odaya g\u00f6t\u00fcrd\u00fcler ve hemen kan al\u0131m\u0131 ba\u015flad\u0131. Sonras\u0131nda her \u015fey \u00e7ok h\u0131zl\u0131 ilerledi, operasyon \u00f6ncesinde cerrahla bir g\u00f6r\u00fc\u015fme yapt\u0131m. \u00c7ok heyecanl\u0131yd\u0131m, operasyondan \u00f6nce bir sakinle\u015ftirici ila\u00e7 ald\u0131m. Yakla\u015f\u0131k olarak saat 11:00&#8217;de i\u015flem ba\u015flad\u0131. Anestezi h\u0131zl\u0131 bir \u015fekilde etkisini g\u00f6sterdi. 3 saat sonra \u00e7ok \u015fiddetli a\u011fr\u0131larla uyand\u0131m. Hastanede ge\u00e7irdi\u011fim geceyi iyi atlatt\u0131m, annem benimle odada kald\u0131. Hem\u015fire \u00e7ok tatl\u0131yd\u0131, her saat ba\u015f\u0131 tansiyonumu ve ate\u015fimi \u00f6l\u00e7meye geldi, verilen hizmetten ger\u00e7ekten \u00e7ok memnun kald\u0131m. Ertesi ak\u015fam hastaneden taburcu oldum. Otel hastaneye yakla\u015f\u0131k 10 dakika mesafedeydi. \u0130lk \u00fc\u00e7 g\u00fcn hafif a\u011fr\u0131lar\u0131m vard\u0131, bu a\u011fr\u0131 \u00e7ok g\u00fc\u00e7l\u00fc bir kas a\u011fr\u0131s\u0131na benziyordu, ta ki cerrah yan\u0131mdaki iki drenaj t\u00fcp\u00fcn\u00fc \u00e7\u0131kartana kadar. \u00c7\u0131karmak biraz ac\u0131l\u0131yd\u0131, t\u00fcpler yakla\u015f\u0131k 10 cm derinlikteydi. Ondan sonra her ge\u00e7en g\u00fcn daha iyi oldum. Hastaneden ald\u0131\u011f\u0131m ila\u00e7lar\u0131 d\u00fczenli olarak kulland\u0131m. Muayeneden sonra hemen Taksim&#8217;e gidip sa\u00e7\u0131m\u0131 y\u0131katmak i\u00e7in bir kuaf\u00f6re gittik, \u00e7\u00fcnk\u00fc kendim y\u0131kamakta zorlan\u0131yordum. 18 Ocak&#8217;ta \u0130stanbul&#8217;daki son kontrol\u00fcm vard\u0131. Taksiyi alarak Ni\u015fanta\u015f\u0131&#8217;na, Dr. \u015e\u00fckr\u00fc Yazar&#8217;\u0131n muayenehanesine gittik. Bana g\u00f6\u011f\u00fcs alt\u0131ndaki izler i\u00e7in silikon krem \u00f6nerdi ve hangi egzersizlerin iyi olaca\u011f\u0131 konusunda bana rehberlik etti. Cumartesi \u00f6\u011fleden sonra tekrar \u0130svi\u00e7re&#8217;ye d\u00f6nd\u00fck. Kendimi \u00e7ok iyi hissediyordum ve hi\u00e7 a\u011fr\u0131m yoktu. Pazartesi g\u00fcn\u00fc ise tekrar i\u015fe ba\u015flad\u0131m. Bir sonraki kontrol\u00fcm \u0130svi\u00e7re&#8217;de 24 \u015eubat&#8217;ta olacak. Sonu\u00e7tan \u00e7ok memnunum ve her zaman orada yapt\u0131rmay\u0131 tercih ederim. Harika bak\u0131m i\u00e7in \u00e7ok te\u015fekk\u00fcr ederim. Sayg\u0131lar\u0131mla, A. Sari \u00d6nceki rapor Bir sonraki rapor<\/p>\n","protected":false},"author":4,"featured_media":0,"parent":4587,"menu_order":0,"comment_status":"closed","ping_status":"closed","template":"","meta":{"_joinchat":[],"footnotes":""},"class_list":["post-4640","page","type-page","status-publish","hentry"],"acf":[],"_links":{"self":[{"href":"https:\/\/medicaltravel.ch\/tr\/wp-json\/wp\/v2\/pages\/4640","targetHints":{"allow":["GET"]}}],"collection":[{"href":"https:\/\/medicaltravel.ch\/tr\/wp-json\/wp\/v2\/pages"}],"about":[{"href":"https:\/\/medicaltravel.ch\/tr\/wp-json\/wp\/v2\/types\/page"}],"author":[{"embeddable":true,"href":"https:\/\/medicaltravel.ch\/tr\/wp-json\/wp\/v2\/users\/4"}],"replies":[{"embeddable":true,"href":"https:\/\/medicaltravel.ch\/tr\/wp-json\/wp\/v2\/comments?post=4640"}],"version-history":[{"count":2,"href":"https:\/\/medicaltravel.ch\/tr\/wp-json\/wp\/v2\/pages\/4640\/revisions"}],"predecessor-version":[{"id":6373,"href":"https:\/\/medicaltravel.ch\/tr\/wp-json\/wp\/v2\/pages\/4640\/revisions\/6373"}],"up":[{"embeddable":true,"href":"https:\/\/medicaltravel.ch\/tr\/wp-json\/wp\/v2\/pages\/4587"}],"wp:attachment":[{"href":"https:\/\/medicaltravel.ch\/tr\/wp-json\/wp\/v2\/media?parent=4640"}],"curies":[{"name":"wp","href":"https:\/\/api.w.org\/{rel}","templated":true}]}}