{"id":4642,"date":"2025-09-23T15:40:38","date_gmt":"2025-09-23T14:40:38","guid":{"rendered":"https:\/\/medicaltravel.ch\/hasta-raporlari\/erfahrungsberichte-empfehlungen-behandlungen-beurteilung-tuerkei-istanbul\/istanbulda-meme-kuecueltme-liposuctioni-hakkinda-hasta-yorumu\/"},"modified":"2026-01-12T16:59:15","modified_gmt":"2026-01-12T15:59:15","slug":"istanbulda-meme-kuecueltme-liposuctioni-hakkinda-hasta-yorumu","status":"publish","type":"page","link":"https:\/\/medicaltravel.ch\/tr\/hasta-raporlari\/referanslar-tavsiyeler-tedaviler-degerlendirmeler-turkiye-istanbul\/istanbulda-meme-kuecueltme-liposuctioni-hakkinda-hasta-yorumu\/","title":{"rendered":"\u0130stanbul&#8217;da meme k\u00fc\u00e7\u00fcltme liposuction&#8217;\u0131 hakk\u0131nda hasta yorumu"},"content":{"rendered":"\n<p id=\"breadcrumbs\">\u0130stanbul Hasta De\u011ferlendirmesi<\/p>\n\n\n\n<p><strong>Deneyim raporu: T\u00fcrkiye&#8217;de meme k\u00fc\u00e7\u00fcltme ve liposuction<\/strong><\/p>\n\n\n\n<p>Y\u0131llard\u0131r g\u00f6\u011f\u00fcslerimin b\u00fcy\u00fckl\u00fc\u011f\u00fc nedeniyle sorunlar ya\u015f\u0131yordum. S\u0131rt a\u011fr\u0131lar\u0131 ve psikolojik etkilerin yan\u0131 s\u0131ra, bana uygun k\u0131yafetler bulmakta da s\u00fcrekli zorluk \u00e7ekiyordum. S\u00fcrekli do\u011fru beden s\u00fctyen ve bikini almak da adeta bir i\u015fkence haline gelmi\u015fti. Yakla\u015f\u0131k 2 y\u0131l \u00f6nce bir tiroit hastal\u0131\u011f\u0131 te\u015fhisi konuldu ve bu y\u00fczden yakla\u015f\u0131k 10 kilo ald\u0131m. Bu durum, v\u00fccudumda kendimi \u00e7ok rahats\u0131z hissetmeme neden oldu. Spor ve sa\u011fl\u0131kl\u0131 beslenme de bana yard\u0131mc\u0131 olamad\u0131.     <\/p>\n\n\n\n<p>Bu yaz, cerrahi bir m\u00fcdahale olas\u0131l\u0131\u011f\u0131 hakk\u0131nda bilgi almaya ba\u015flad\u0131m. H\u0131zl\u0131ca fark ettim ki, bu t\u00fcr bir operasyonu \u0130svi\u00e7re&#8217;de yapt\u0131rmam finansal olarak m\u00fcmk\u00fcn de\u011fildi. Bunun \u00fczerine alternatif bir yol aramaya ba\u015flad\u0131m. Bu s\u00fcre\u00e7te, T\u00fcrkiye&#8217;de operasyonlar planlayan ve ger\u00e7ekle\u015ftiren bir\u00e7ok sa\u011flay\u0131c\u0131yla kar\u015f\u0131la\u015ft\u0131m. Bir\u00e7o\u011fu Almanya&#8217;dayd\u0131. Di\u011ferleri ise \u00e7ok uygun fiyatlar sunduklar\u0131 halde g\u00fcvenilirlikleri \u015f\u00fcpheliydi. Derinlemesine internet ara\u015ft\u0131rmamda, Bern&#8217;de bir ofisi bulunan MedicalTravel ile kar\u015f\u0131la\u015ft\u0131m.      <\/p>\n\n\n\n<p>\u00dccretsiz bir dan\u0131\u015fmanl\u0131k randevusu almak i\u00e7in Zug&#8217;daki cerrah ile ileti\u015fime ge\u00e7ebildim. Bu g\u00f6r\u00fc\u015fmede, <a href=\"https:\/\/medicaltravel.ch\/tr\/kozmetik-cerrahi\/tedavi-yelpazesi\/meme-ameliyati-meme-diklestirme-meme-kucultme\/\" data-type=\"page\" data-id=\"88\">g\u00f6\u011f\u00fcs k\u00fc\u00e7\u00fcltme<\/a> se\u00e7eneklerini konu\u015ftuk. T\u00fcm sorular\u0131m\u0131 sordum ve i\u015flem s\u00fcreci hakk\u0131nda detayl\u0131 bilgi ald\u0131m. G\u00f6r\u00fc\u015fmeden sonra, bu sa\u011flay\u0131c\u0131 ile m\u00fcdahaleyi yapt\u0131rmaya karar\u0131m kesinle\u015fti.   <\/p>\n\n\n\n<p>Fiyat hakk\u0131nda bir teklif ald\u0131m, bu teklif, u\u00e7u\u015f, otel ve transfer dahil olmas\u0131na ra\u011fmen, \u0130svi\u00e7re&#8217;deki tedavinin yar\u0131s\u0131ndan bile daha ucuzdu. B\u00f6ylece paketi rezervasyon yapt\u0131m. Seyahatten 2 hafta \u00f6nce, kar\u0131n ve yan taraflardan <a href=\"https:\/\/medicaltravel.ch\/tr\/kozmetik-cerrahi\/tedavi-yelpazesi\/liposuction-turkiye-istanbul-antalya-izmir\/\" data-type=\"page\" data-id=\"92\">liposuction <\/a>yap\u0131lma olas\u0131l\u0131\u011f\u0131n\u0131 sordum. Bu durum cerrahla g\u00f6r\u00fc\u015f\u00fcld\u00fc ve ikinci bir i\u015flem olarak kaydedildi.   <\/p>\n\n\n\n<p>T\u00fcrkiye&#8217;ye vard\u0131\u011f\u0131m\u0131zda, havaalan\u0131nda bir \u015fof\u00f6r taraf\u0131ndan kar\u015f\u0131land\u0131k ve otelimize g\u00f6t\u00fcr\u00fcld\u00fck. Otel, \u0130stanbul&#8217;un Asya yakas\u0131nda yer al\u0131yordu. Buras\u0131 \u00e7ok daha az turistik oldu\u011fu i\u00e7in \u015fehirde \u00e7ok otantik bir deneyim ya\u015fama f\u0131rsat\u0131m\u0131z oldu. \u0130nsanlar pek fazla \u0130ngilizce konu\u015fmasalar da, olduk\u00e7a yard\u0131mseverlerdi.   <\/p>\n\n\n\n<p>Tedavi g\u00fcn\u00fc tekrar bir \u015fof\u00f6r taraf\u0131ndan al\u0131nd\u0131k ve yak\u0131ndaki hastaneye g\u00f6t\u00fcr\u00fcld\u00fck. Orada, idari i\u015flemler ve \u00f6n muayeneler konusunda bize yard\u0131mc\u0131 olan bir Alman terc\u00fcman\u0131 taraf\u0131ndan kar\u015f\u0131land\u0131k. K\u0131sa bir s\u00fcre sonra beni ameliyathaneye ald\u0131lar ve yakla\u015f\u0131k 5 saat sonra uyand\u0131m. <a href=\"https:\/\/medicaltravel.ch\/tr\/kozmetik-cerrahi\/hastaneler\/istanbuldaki-guezellik-klinigi\/\" data-type=\"page\" data-id=\"78\">Hastanedeki <\/a>personel son derece yard\u0131mc\u0131 ve nazikti. Partnerime de benim yan\u0131mda bir yatak yap\u0131ld\u0131 ve ona yemek verildi. \u0130lk gece, her 30 dakikada bir bir hem\u015fire gelip beni kontrol etti, birka\u00e7 ad\u0131m atmam i\u00e7in yard\u0131mc\u0131 oldu veya ba\u015fka \u015fekilde destek sa\u011flad\u0131.     <\/p>\n\n\n\n<p>Ertesi g\u00fcn otelime d\u00f6nd\u00fcm, burada sonraki 3 g\u00fcn \u00e7o\u011funlukla dinlendim. Ard\u0131ndan <a href=\"https:\/\/medicaltravel.ch\/wp-content\/uploads\/2025\/09\/Lebenslauf_Prof_Dr_Oguz-Kayiran.pdf\" data-type=\"link\" data-id=\"https:\/\/medicaltravel.ch\/wp-content\/uploads\/2025\/09\/Lebenslauf_Prof_Dr_Oguz-Kayiran.pdf\">cerrahla <\/a>bir kontrol randevum vard\u0131. Yaras\u0131ma bakt\u0131 ve birka\u00e7 g\u00fcn sonra d\u00f6n\u00fc\u015f u\u00e7u\u015fum i\u00e7in onay verdi.  <\/p>\n\n\n\n<p>10 g\u00fcn sonra, biraz yard\u0131mla evde bantlar\u0131 \u00e7\u0131kard\u0131m. Baz\u0131 yaralar hala biraz a\u00e7\u0131kt\u0131, ancak iyi bir yara bak\u0131m\u0131 sayesinde sonraki haftalarda iyile\u015fti. Liposuction sonras\u0131 a\u011fr\u0131lar ve uyu\u015fukluk bir s\u00fcre devam etti, ancak her ge\u00e7en g\u00fcn biraz daha azald\u0131.  <\/p>\n\n\n\n<p>Sonu\u00e7tan son derece memnunum. Eski \u00f6zg\u00fcrl\u00fc\u011f\u00fcm\u00fcn \u00e7o\u011funu geri kazand\u0131m ve v\u00fccudumda yeniden rahat hissediyorum. T\u00fcrkiye&#8217;deki tedaviyi her zaman tekrar tercih ederim. MedicalTravel&#8217;\u0131n deste\u011fiyle kendimi \u00e7ok iyi desteklenmi\u015f hissettim ve \u0130svi\u00e7re&#8217;de bir sonraki dan\u0131\u015fmanl\u0131k randevusuna da gidebildim. <\/p>\n\n\n\n<p>Melanie Sreng<\/p>\n\n\n\n<div class=\"wp-block-group is-layout-grid wp-container-core-group-is-layout-baef362d wp-block-group-is-layout-grid\">\n<p><a href=\"https:\/\/medicaltravel.at\/home\/agb\/\" data-type=\"page\" data-id=\"2191\" rel=\"nofollow noopener\" target=\"_blank\"><\/a><a href=\"https:\/\/medicaltravel.ch\/tr\/hasta-raporlari\/referanslar-tavsiyeler-tedaviler-degerlendirmeler-turkiye-istanbul\/hasta-incelemesi-tuerkiye-hasta-raporu-bodylift-istanbul\/\" data-type=\"link\" data-id=\"https:\/\/medicaltravel.ch\/tr\/hasta-raporlari\/referanslar-tavsiyeler-tedaviler-degerlendirmeler-turkiye-istanbul\/hasta-incelemesi-tuerkiye-hasta-raporu-bodylift-istanbul\/\">\u00d6nceki rapor<\/a><\/p>\n\n\n\n<p class=\"has-text-align-right wp-container-content-5e2576f9\"><a href=\"https:\/\/medicaltravel.at\/home\/impressum\/\" data-type=\"page\" data-id=\"2193\" rel=\"nofollow noopener\" target=\"_blank\"><\/a><a href=\"https:\/\/medicaltravel.at\/home\/berichte-von-patienten\/erfahrungsberichte\/erfahrungsbericht-zahnbehandlung-in-istanbul\/\" data-type=\"page\" data-id=\"981\" rel=\"nofollow noopener\" target=\"_blank\"><\/a><a href=\"https:\/\/medicaltravel.ch\/tr\/hasta-raporlari\/referanslar-tavsiyeler-tedaviler-degerlendirmeler-turkiye-istanbul\/deneyim-raporu-burun-ameliyati-rinoplasti-istanbul-hasta-yorumu\/\" data-type=\"link\" data-id=\"https:\/\/medicaltravel.ch\/tr\/hasta-raporlari\/referanslar-tavsiyeler-tedaviler-degerlendirmeler-turkiye-istanbul\/deneyim-raporu-burun-ameliyati-rinoplasti-istanbul-hasta-yorumu\/\">Bir sonraki rapor<\/a><\/p>\n<\/div>\n","protected":false},"excerpt":{"rendered":"<p>\u0130stanbul Hasta De\u011ferlendirmesi Deneyim raporu: T\u00fcrkiye&#8217;de meme k\u00fc\u00e7\u00fcltme ve liposuction Y\u0131llard\u0131r g\u00f6\u011f\u00fcslerimin b\u00fcy\u00fckl\u00fc\u011f\u00fc nedeniyle sorunlar ya\u015f\u0131yordum. S\u0131rt a\u011fr\u0131lar\u0131 ve psikolojik etkilerin yan\u0131 s\u0131ra, bana uygun k\u0131yafetler bulmakta da s\u00fcrekli zorluk \u00e7ekiyordum. S\u00fcrekli do\u011fru beden s\u00fctyen ve bikini almak da adeta bir i\u015fkence haline gelmi\u015fti. Yakla\u015f\u0131k 2 y\u0131l \u00f6nce bir tiroit hastal\u0131\u011f\u0131 te\u015fhisi konuldu ve bu y\u00fczden yakla\u015f\u0131k 10 kilo ald\u0131m. Bu durum, v\u00fccudumda kendimi \u00e7ok rahats\u0131z hissetmeme neden oldu. Spor ve sa\u011fl\u0131kl\u0131 beslenme de bana yard\u0131mc\u0131 olamad\u0131. Bu yaz, cerrahi bir m\u00fcdahale olas\u0131l\u0131\u011f\u0131 hakk\u0131nda bilgi almaya ba\u015flad\u0131m. H\u0131zl\u0131ca fark ettim ki, bu t\u00fcr bir operasyonu \u0130svi\u00e7re&#8217;de yapt\u0131rmam finansal olarak m\u00fcmk\u00fcn de\u011fildi. Bunun \u00fczerine alternatif bir yol aramaya ba\u015flad\u0131m. Bu s\u00fcre\u00e7te, T\u00fcrkiye&#8217;de operasyonlar planlayan ve ger\u00e7ekle\u015ftiren bir\u00e7ok sa\u011flay\u0131c\u0131yla kar\u015f\u0131la\u015ft\u0131m. Bir\u00e7o\u011fu Almanya&#8217;dayd\u0131. Di\u011ferleri ise \u00e7ok uygun fiyatlar sunduklar\u0131 halde g\u00fcvenilirlikleri \u015f\u00fcpheliydi. Derinlemesine internet ara\u015ft\u0131rmamda, Bern&#8217;de bir ofisi bulunan MedicalTravel ile kar\u015f\u0131la\u015ft\u0131m. \u00dccretsiz bir dan\u0131\u015fmanl\u0131k randevusu almak i\u00e7in Zug&#8217;daki cerrah ile ileti\u015fime ge\u00e7ebildim. Bu g\u00f6r\u00fc\u015fmede, g\u00f6\u011f\u00fcs k\u00fc\u00e7\u00fcltme se\u00e7eneklerini konu\u015ftuk. T\u00fcm sorular\u0131m\u0131 sordum ve i\u015flem s\u00fcreci hakk\u0131nda detayl\u0131 bilgi ald\u0131m. G\u00f6r\u00fc\u015fmeden sonra, bu sa\u011flay\u0131c\u0131 ile m\u00fcdahaleyi yapt\u0131rmaya karar\u0131m kesinle\u015fti. Fiyat hakk\u0131nda bir teklif ald\u0131m, bu teklif, u\u00e7u\u015f, otel ve transfer dahil olmas\u0131na ra\u011fmen, \u0130svi\u00e7re&#8217;deki tedavinin yar\u0131s\u0131ndan bile daha ucuzdu. B\u00f6ylece paketi rezervasyon yapt\u0131m. Seyahatten 2 hafta \u00f6nce, kar\u0131n ve yan taraflardan liposuction yap\u0131lma olas\u0131l\u0131\u011f\u0131n\u0131 sordum. Bu durum cerrahla g\u00f6r\u00fc\u015f\u00fcld\u00fc ve ikinci bir i\u015flem olarak kaydedildi. T\u00fcrkiye&#8217;ye vard\u0131\u011f\u0131m\u0131zda, havaalan\u0131nda bir \u015fof\u00f6r taraf\u0131ndan kar\u015f\u0131land\u0131k ve otelimize g\u00f6t\u00fcr\u00fcld\u00fck. Otel, \u0130stanbul&#8217;un Asya yakas\u0131nda yer al\u0131yordu. Buras\u0131 \u00e7ok daha az turistik oldu\u011fu i\u00e7in \u015fehirde \u00e7ok otantik bir deneyim ya\u015fama f\u0131rsat\u0131m\u0131z oldu. \u0130nsanlar pek fazla \u0130ngilizce konu\u015fmasalar da, olduk\u00e7a yard\u0131mseverlerdi. Tedavi g\u00fcn\u00fc tekrar bir \u015fof\u00f6r taraf\u0131ndan al\u0131nd\u0131k ve yak\u0131ndaki hastaneye g\u00f6t\u00fcr\u00fcld\u00fck. Orada, idari i\u015flemler ve \u00f6n muayeneler konusunda bize yard\u0131mc\u0131 olan bir Alman terc\u00fcman\u0131 taraf\u0131ndan kar\u015f\u0131land\u0131k. K\u0131sa bir s\u00fcre sonra beni ameliyathaneye ald\u0131lar ve yakla\u015f\u0131k 5 saat sonra uyand\u0131m. Hastanedeki personel son derece yard\u0131mc\u0131 ve nazikti. Partnerime de benim yan\u0131mda bir yatak yap\u0131ld\u0131 ve ona yemek verildi. \u0130lk gece, her 30 dakikada bir bir hem\u015fire gelip beni kontrol etti, birka\u00e7 ad\u0131m atmam i\u00e7in yard\u0131mc\u0131 oldu veya ba\u015fka \u015fekilde destek sa\u011flad\u0131. Ertesi g\u00fcn otelime d\u00f6nd\u00fcm, burada sonraki 3 g\u00fcn \u00e7o\u011funlukla dinlendim. Ard\u0131ndan cerrahla bir kontrol randevum vard\u0131. Yaras\u0131ma bakt\u0131 ve birka\u00e7 g\u00fcn sonra d\u00f6n\u00fc\u015f u\u00e7u\u015fum i\u00e7in onay verdi. 10 g\u00fcn sonra, biraz yard\u0131mla evde bantlar\u0131 \u00e7\u0131kard\u0131m. Baz\u0131 yaralar hala biraz a\u00e7\u0131kt\u0131, ancak iyi bir yara bak\u0131m\u0131 sayesinde sonraki haftalarda iyile\u015fti. Liposuction sonras\u0131 a\u011fr\u0131lar ve uyu\u015fukluk bir s\u00fcre devam etti, ancak her ge\u00e7en g\u00fcn biraz daha azald\u0131. Sonu\u00e7tan son derece memnunum. Eski \u00f6zg\u00fcrl\u00fc\u011f\u00fcm\u00fcn \u00e7o\u011funu geri kazand\u0131m ve v\u00fccudumda yeniden rahat hissediyorum. T\u00fcrkiye&#8217;deki tedaviyi her zaman tekrar tercih ederim. MedicalTravel&#8217;\u0131n deste\u011fiyle kendimi \u00e7ok iyi desteklenmi\u015f hissettim ve \u0130svi\u00e7re&#8217;de bir sonraki dan\u0131\u015fmanl\u0131k randevusuna da gidebildim. Melanie Sreng \u00d6nceki rapor Bir sonraki rapor<\/p>\n","protected":false},"author":4,"featured_media":0,"parent":4587,"menu_order":0,"comment_status":"closed","ping_status":"closed","template":"","meta":{"_joinchat":[],"footnotes":""},"class_list":["post-4642","page","type-page","status-publish","hentry"],"acf":[],"_links":{"self":[{"href":"https:\/\/medicaltravel.ch\/tr\/wp-json\/wp\/v2\/pages\/4642","targetHints":{"allow":["GET"]}}],"collection":[{"href":"https:\/\/medicaltravel.ch\/tr\/wp-json\/wp\/v2\/pages"}],"about":[{"href":"https:\/\/medicaltravel.ch\/tr\/wp-json\/wp\/v2\/types\/page"}],"author":[{"embeddable":true,"href":"https:\/\/medicaltravel.ch\/tr\/wp-json\/wp\/v2\/users\/4"}],"replies":[{"embeddable":true,"href":"https:\/\/medicaltravel.ch\/tr\/wp-json\/wp\/v2\/comments?post=4642"}],"version-history":[{"count":0,"href":"https:\/\/medicaltravel.ch\/tr\/wp-json\/wp\/v2\/pages\/4642\/revisions"}],"up":[{"embeddable":true,"href":"https:\/\/medicaltravel.ch\/tr\/wp-json\/wp\/v2\/pages\/4587"}],"wp:attachment":[{"href":"https:\/\/medicaltravel.ch\/tr\/wp-json\/wp\/v2\/media?parent=4642"}],"curies":[{"name":"wp","href":"https:\/\/api.w.org\/{rel}","templated":true}]}}